{"id":11626,"date":"2024-06-06T11:14:41","date_gmt":"2024-06-06T10:14:41","guid":{"rendered":"https:\/\/canaryvip.com\/?post_type=product&#038;p=11626"},"modified":"2026-04-03T15:11:29","modified_gmt":"2026-04-03T14:11:29","slug":"natural-pools-masca-los-gigantes-tour","status":"publish","type":"product","link":"https:\/\/canaryvip.com\/nb\/shop\/natural-pools-masca-los-gigantes-tour\/","title":{"rendered":"Tur til de naturlige bassengene, Masca og Los Gigantes + piknik"},"content":{"rendered":"<h2>\ud83c\udf0a Om Masca, naturlige bassenger og Los Gigantes-turen<\/h2>\n<p>Oppdag en av de mest komplette <strong>Guidede turer p\u00e5 Tenerife<\/strong> med denne uforglemmelige opplevelsen som kombinerer natur, lokal kultur og fantastisk utsikt. P\u00e5 CanaryVIP tilbyr vi deg muligheten til \u00e5 utforske \u00f8yas skjulte perler p\u00e5 denne <strong>guidet Masca-tur<\/strong>, med dramatiske klipper, tradisjonelle landsbyer og den ber\u00f8mte <strong>naturlige bassenger Tenerife<\/strong> er kjent for.<\/p>\n<p>Denne turen er designet for reisende som \u00f8nsker \u00e5 se en annen side av Tenerife i en liten gruppe, med en mer personlig og avslappet atmosf\u00e6re.<\/p>\n<h3>H\u00f8ydepunkter p\u00e5 turen: Masca, naturlige bassenger og Los Gigantes<\/h3>\n<ul>\n<li>\ud83c\udf04 <strong>Panoramisk utsiktspunkt:<\/strong> Nyt den fantastiske utsikten over Masca-dalen, et av de mest imponerende landskapene p\u00e5 Tenerife.<\/li>\n<li>\ud83c\udfd8\ufe0f <strong>Masca Village:<\/strong> Bruk rundt 1 time p\u00e5 \u00e5 utforske denne sjarmerende fjellandsbyen. G\u00e5 gjennom de trange gatene, oppdag lokale produkter og nyt den unike atmosf\u00e6ren.<\/li>\n<li>\ud83c\udfd4\ufe0f <strong>Los Gigantes-klippene:<\/strong> Bes\u00f8k de ber\u00f8mte klippene som rager opp til 600 meter over havet, et av de mest ikoniske landemerkene p\u00e5 \u00f8ya.<\/li>\n<li>\ud83c\udfca <strong>Naturlige vulkanske bassenger og piknik:<\/strong> Forfrisk deg i naturlige vulkanske bassenger ved sj\u00f8en, og nyt en avslappende piknik i vakre kystomgivelser.<\/li>\n<\/ul>\n<h3>Hva er inkludert i opplevelsen din?<\/h3>\n<ul>\n<li>\ud83e\uddd1\u200d\ud83c\udfeb Lokal ekspertguide med inng\u00e5ende kjennskap til omr\u00e5det.<\/li>\n<li>\ud83d\udee0\ufe0f Alt n\u00f8dvendig utstyr for aktiviteten.<\/li>\n<li>\ud83d\udee1\ufe0f Aktivitetsforsikring for din trygghet.<\/li>\n<li>\ud83d\ude90 Transport fra\/til m\u00f8testedet i en komfortabel 9-seters varebil.<\/li>\n<li>\ud83d\udcf8 Bilder og videoer av opplevelsen din, slik at du kan ta med deg uforglemmelige minner hjem.<\/li>\n<\/ul>\n<h3>Viktige detaljer om turen<\/h3>\n<ul>\n<li>\ud83d\udd52 <strong>Starttidspunkt:<\/strong> Vinter kl. 15.00 | Sommer kl. 16.00.<\/li>\n<li>\u23f3 <strong>Varighet:<\/strong> Omtrent 5 timer.<\/li>\n<li>\ud83d\udc65 <strong>Opplevelse i sm\u00e5 grupper:<\/strong> Begrenset antall plasser tilgjengelig for en mer personlig omvisning.<\/li>\n<li>\ud83d\udccd <strong>Transport:<\/strong> Reis i en komfortabel 9-seters varebil.<\/li>\n<li>\ud83e\udde5 <strong>Hva du b\u00f8r ta med:<\/strong> Komfortable kl\u00e6r, badet\u00f8y og et h\u00e5ndkle til de naturlige bassengene.<\/li>\n<\/ul>\n<h3>Viktig informasjon og retningslinjer<\/h3>\n<ul>\n<li>\ud83d\udd04 <strong>Avbestillingsregler:<\/strong> Gratis avbestilling er tilgjengelig hvis du ber om det minst 72 timer i forveien for bestillinger p\u00e5 opptil 2 personer. For bestillinger p\u00e5 3 til 7 personer kreves det minst 5 dagers varsel. For grupper p\u00e5 mer enn 7 personer m\u00e5 avbestillinger gj\u00f8res minst 10 dager i forveien. P\u00e5 grunn av begrenset tilgjengelighet og liten gruppest\u00f8rrelse kan sen avbestilling eller uteblivelse medf\u00f8re full pris. Vi anbefaler alltid \u00e5 bekrefte planene dine tidlig.<\/li>\n<li>\ud83d\udd52 <strong>Punktlighet:<\/strong> Vennligst kom i god tid til m\u00f8testedet for \u00e5 sikre en smidig start for gruppen.<\/li>\n<li>\u26a0\ufe0f <strong>Begrenset tilgjengelighet:<\/strong> Denne opplevelsen foreg\u00e5r i sm\u00e5 grupper, s\u00e5 antall plasser er sv\u00e6rt begrenset og blir fort utsolgt.<\/li>\n<\/ul>\n<h4>St\u00f8tte p\u00e5 turneen<\/h4>\n<ul>\n<li>\u2714\ufe0f Hos CanaryVIP velger vi n\u00f8ye ut erfaringer for \u00e5 sikre kvalitet og sikkerhet.<\/li>\n<li>\ud83d\udde3\ufe0f Under turen kan du alltid snakke direkte med guiden din hvis du trenger hjelp.<\/li>\n<li>\ud83d\udcde Teamet v\u00e5rt er tilgjengelig f\u00f8r og etter bestillingen din hvis du trenger hjelp eller har sp\u00f8rsm\u00e5l.<\/li>\n<\/ul>\n<h3>\ud83c\udf0a\ud83c\udfd4\ufe0f Bestill din Masca &amp; Natural Pools-tur i dag<\/h3>\n<p>Hvis du er p\u00e5 utkikk etter en av de beste <strong>Guidede turer p\u00e5 Tenerife<\/strong>, Denne opplevelsen kombinerer alt: fjell, hav, kultur og avslapning. Fra den unike sjarmen i landsbyen Masca til det forfriskende <strong>naturlige bassenger Tenerife<\/strong> tilbyr, er hvert \u00f8yeblikk designet for \u00e5 v\u00e6re minneverdig.<\/p>\n<p>Hos CanaryVIP gj\u00f8r vi bestillingen enkel og p\u00e5litelig, slik at du kan fokusere p\u00e5 \u00e5 nyte reisen din. Enten du bes\u00f8ker Tenerife for f\u00f8rste gang eller kommer tilbake for \u00e5 utforske mer, er dette <strong>guidet Masca-tur<\/strong> er en opplevelse du bare m\u00e5 f\u00e5 med deg.<\/p>\n<p>Sikre deg plass n\u00e5, og oppdag Tenerife p\u00e5 en ny m\u00e5te.<\/p>","protected":false},"excerpt":{"rendered":"<p><strong>\ud83d\udd0d Detaljer om turen:<\/strong><br \/>\n\u2705 Sikker betaling.<br \/>\n\ud83c\udf04 Utforsk Masca Village.<br \/>\n\ud83d\udca6 Oppdag naturlige bassenger.<br \/>\n\ud83c\udfd4\ufe0f Bes\u00f8k Los Gigantes Cliff.<br \/>\n\ud83e\udd6a Piknik inkludert.<br \/>\n\ud83d\udcc5 Hver dag.<br \/>\n\u23f0 Varighet Ca. 5 timer.<br \/>\n\ud83d\ude8c VAN opptil 9 personer.<br \/>\n\ud83d\ude90 Henting og levering p\u00e5 hotellet.<br \/>\n\ud83d\udd04 72 timers gratis avbestilling.<br \/>\n\ud83e\udd11 Garantert beste pris.<br \/>\n\ud83c\udf81 Grupperabatter er tilgjengelige.<br \/>\n\ud83c\udf1f Bestill n\u00e5 og spar penger!<\/p>","protected":false},"featured_media":16977,"comment_status":"open","ping_status":"closed","template":"","meta":{"_acf_changed":false},"product_brand":[],"product_cat":[52],"product_tag":[],"class_list":{"0":"post-11626","1":"product","2":"type-product","3":"status-publish","4":"has-post-thumbnail","6":"product_cat-bus-tours","7":"wcpa_has_options","9":"first","10":"instock","11":"sale","12":"virtual","13":"purchasable","14":"product-type-simple"},"acf":[],"wcpa_form_fields":{"wcpaData":{"product":{"product_price":85,"price_html":"From&nbsp;<del aria-hidden=\"true\"><span class=\"woocommerce-Price-amount amount\"><bdi>90,00&nbsp;<span class=\"woocommerce-Price-currencySymbol\">&euro;<\/span><\/bdi><\/span><\/del> <span class=\"screen-reader-text\">Opprinnelig pris var: 90,00&nbsp;&euro;.<\/span><ins aria-hidden=\"true\"><span class=\"woocommerce-Price-amount amount\"><bdi>85,00&nbsp;<span class=\"woocommerce-Price-currencySymbol\">&euro;<\/span><\/bdi><\/span><\/ins><span class=\"screen-reader-text\">N\u00e5v\u00e6rende pris er: 85,00&nbsp;&euro;.<\/span>","original_product_price":90,"price_including_tax":85,"price_excluding_tax":85,"product_id":{"parent":11626,"variation":false},"is_variable":false,"stock_status":"instock","stock_quantity":null,"parent_sku":"CV11626","product_attributes":[],"custom_fields":[],"is_taxable":false,"product_name":"Natural Pools, Masca & Los Gigantes Tour + Picnic","hasImage":false},"fields":{"sec_169cd3c7b1d53f":{"extra":{"key":"sec_169cd3c7b1d53f","section_id":"sec_169cd3c7b1d53f","name":"South Tenerife","status":1,"cl_rule":"show","enableCl":false,"relations":[{"operator":false,"rules":[{"operator":"AND","rules":{"cl_field":"radio-group_665df45fcbc30b","cl_relation":"is","cl_val":"Siam Park Regular Tickets"}}]}],"toggle":true,"title_tag":"h4","show_title":false,"showPrice":"default","form_id":16980,"form_rules":{"exclude_from_discount":true,"fee_label":"Fee","disp_hide_options_price":true,"disp_show_section_price":false,"disp_show_field_price":true,"layout_option":"standard","pric_use_as_fee":false,"process_fee_as":"woo_fee"},"layout_option":"standard"},"fields":[[{"label":"\ud83d\udcc5 Date","active":true,"required":true,"elementId":"date_869cd3c7b1d560","picker_type":"custom","picker_mode":"single","placeholder":"","description":"","tooltip":"","name":"date_869cd3c7b1d560","label_position":"default","desc_position":"default","enablePrice":false,"className":"","enableCl":false,"relations":[{"operator":"and","rules":[{"operator":"AND","rules":{"cl_field":"radio-group_665df45fcbc30b","cl_relation":"is","cl_val":"3 Hour Trip"}}]}],"date_pic_inline":true,"date_pic_inline_hide":true,"min_date":{"type":"days","val":"2"},"max_date":{"type":"days","val":"180"},"date_pic_conf":{"disabledWeeks":[],"enabledDates":[]},"price":"","cl_rule":"show","col":6,"type":"date","error":false,"enableDesign":false,"LabelColor":"","value":"2024-07-04","isWeightTemplate":false,"isTemplate":false,"min_quantity":"1","quantity_decimal":false,"quantity_step":"1","quantity_label":"Quantity","repeater_field_label":"{field_label}","repeater_bind":"","gt_translate_keys":["label","placeholder","description","value","tooltip","repeater_field_label","quantity_label"],"price_dependency":false,"cl_dependency":false}],[{"elementId":"separator_569cd3c7b1d57a","separatorType":"blank","className":"","height":"10","enableCl":false,"relations":false,"cl_rule":"show","col":6,"type":"separator","gt_translate_keys":[],"price_dependency":false,"cl_dependency":false,"value":""}],[{"active":true,"col":6,"relations":false,"cl_rule":"show","enableCl":false,"price":"","enablePrice":false,"className":"","label_position":"default","desc_position":"default","type":"content","required":false,"elementId":"content_369cd3c7b1d585","label":"People","name":"content_369cd3c7b1d585","contentType":"plain","value":"","error":false,"show_in_checkout":true,"inline":false,"gt_translate_keys":["label","value"],"price_dependency":false,"cl_dependency":false}],[{"active":true,"col":6,"relations":[{"operator":false,"rules":[{"operator":"AND","rules":{"cl_field":"","cl_relation":"","cl_val":""}}]}],"cl_rule":"show","enableCl":true,"price":"85","enablePrice":true,"className":"","label_position":"default","desc_position":"default","type":"radio-group","required":false,"elementId":"radio-group_969cd3c7b1d590","label":"","name":"radio-group_969cd3c7b1d590","values":[{"label":"\ud83d\udc64 People (85\u20ac)","value":"Adult","selected":true,"tempId":"aco_32","tooltip":"+12 Years","description":"","gt_translate_keys":["label","tooltip","description"]}],"layOut":"","error":false,"checkUi":"button","priceOptions":"fixed_for_all","pricingType":"fixed","enable_quantity":true,"quantity_label":"","min_quantity":"0","options_tooltip":true,"options_description":true,"isWeightTemplate":false,"isTemplate":false,"quantity_decimal":false,"quantity_step":"1","repeater_field_label":"{field_label}","repeater_bind":"","gt_translate_keys":["label","repeater_field_label","quantity_label"],"price_dependency":false,"cl_dependency":false,"value":""}],[{"active":true,"col":6,"relations":false,"cl_rule":"show","enableCl":false,"price":"","enablePrice":false,"className":"","label_position":"default","desc_position":"default","type":"separator","required":false,"elementId":"separator_269cd3c7b1d5af","label":"Separator Field","height":"7","separatorType":"blank","error":false,"gt_translate_keys":["label"],"price_dependency":false,"cl_dependency":false,"value":""}],[{"active":true,"col":6,"relations":false,"cl_rule":"show","enableCl":false,"price":"","enablePrice":false,"className":"","label_position":"default","desc_position":"default","type":"text","subtype":"text","required":false,"elementId":"text_369cd3c7b1d5b8","label":"\ud83d\ude8c Pickup Location","name":"text_369cd3c7b1d5b8","value":"","description":"Pick-up service in South Tenerife. Simply provide your address or hotel name.","error":false,"isWeightTemplate":false,"isTemplate":false,"min_quantity":"1","quantity_decimal":false,"quantity_step":"1","quantity_label":"Quantity","repeater_field_label":"{field_label}","repeater_bind":"","gt_translate_keys":["label","description","value","repeater_field_label","quantity_label"],"price_dependency":false,"cl_dependency":false}]]}},"config":{"price_override":"always","enable_recaptcha":false,"bind_quantity":false,"quantity_bind_formula":false,"disp_summ_show_option_price":true,"disp_summ_show_product_price":false,"disp_summ_show_total_price":true,"disp_summ_show_fee":true,"disp_summ_show_discount":true,"summary_title":"","options_total_label":"Options Price","total_label":"Total Amount","options_product_label":"Product Price","fee_label":"Fee","discount_label":"Discount","has_price":true,"has_quantity_formula":false},"mc_unit":1,"tax_rate":1,"tax_rate_real":1,"discount":{"percentage":0,"fixed":0},"design":{"conf":{"LabelPosition":"above","DescPosition":"above","UploadField":"custom_1","QuantityFieldStyle":"custom_1"},"css":{"LeftLabelWidth":"120px"}},"formulas":[],"lookuptables":[],"clones":false,"cartKey":false}},"_links":{"self":[{"href":"https:\/\/canaryvip.com\/nb\/wp-json\/wp\/v2\/product\/11626","targetHints":{"allow":["GET"]}}],"collection":[{"href":"https:\/\/canaryvip.com\/nb\/wp-json\/wp\/v2\/product"}],"about":[{"href":"https:\/\/canaryvip.com\/nb\/wp-json\/wp\/v2\/types\/product"}],"replies":[{"embeddable":true,"href":"https:\/\/canaryvip.com\/nb\/wp-json\/wp\/v2\/comments?post=11626"}],"wp:featuredmedia":[{"embeddable":true,"href":"https:\/\/canaryvip.com\/nb\/wp-json\/wp\/v2\/media\/16977"}],"wp:attachment":[{"href":"https:\/\/canaryvip.com\/nb\/wp-json\/wp\/v2\/media?parent=11626"}],"wp:term":[{"taxonomy":"product_brand","embeddable":true,"href":"https:\/\/canaryvip.com\/nb\/wp-json\/wp\/v2\/product_brand?post=11626"},{"taxonomy":"product_cat","embeddable":true,"href":"https:\/\/canaryvip.com\/nb\/wp-json\/wp\/v2\/product_cat?post=11626"},{"taxonomy":"product_tag","embeddable":true,"href":"https:\/\/canaryvip.com\/nb\/wp-json\/wp\/v2\/product_tag?post=11626"}],"curies":[{"name":"wp","href":"https:\/\/api.w.org\/{rel}","templated":true}]}}