{"id":11531,"date":"2024-05-21T11:43:07","date_gmt":"2024-05-21T10:43:07","guid":{"rendered":"https:\/\/canaryvip.com\/?post_type=product&#038;p=11531"},"modified":"2025-06-29T00:06:38","modified_gmt":"2025-06-28T23:06:38","slug":"history-music-tenerife","status":"publish","type":"product","link":"https:\/\/canaryvip.com\/nb\/shop\/history-music-tenerife\/","title":{"rendered":"Historie, Musikkens utvikling:<br\/>Tenerife Night Show"},"content":{"rendered":"<h2>\ud83c\udfb6 Oppdag historien og musikkens utvikling p\u00e5 Tenerife<\/h2>\n<p>Bli med p\u00e5 en uforglemmelig musikalsk reise p\u00e5 \"History: The Evolution of Music Show\" p\u00e5 Tenerife, som stolt presenteres av Auditorio Pir\u00e1mide de Arona. Dette spektakul\u00e6re arrangementet, som er tilgjengelig gjennom CanaryVIP, viser de mest ikoniske \u00f8yeblikkene i musikkhistorien, med et mangfoldig ensemble best\u00e5ende av 30 talentfulle artister fra 15 forskjellige land.<\/p>\n<p>Opplev en fengslende kveld med levende musikk, levende dans og fantastiske koreografier som hyller musikalske legender fra Mozart til Michael Jackson. Denne to timer lange forestillingen, med en 15 minutters pause, lover en kveld fylt med rytmer og lyder som har formet v\u00e5r verden.<\/p>\n<h3>\ud83c\udf1f En reise gjennom musikalske epoker<\/h3>\n<p><strong>Musikkens utvikling:<\/strong> Denne forestillingen tar deg med p\u00e5 en fascinerende reise gjennom tiden, og feirer verkene til Beethoven, Caruso, Elvis, Beatles, Queen, ABBA, Pink Floyd og mange flere. Fra middelalderen til dagens hits - hver eneste epoke vekkes til live med fantastisk audiovisuelt materiale og blendende kostymer.<\/p>\n<p><strong>Dynamisk ytelse:<\/strong> Showet kombinerer levende musikk, dans, teater og akrobatikk, og skaper en dynamisk og engasjerende opplevelse som passer for alle aldre. De fantastiske forestillingene og live-tolkningene av kjente soundtracks og Broadway-hits sikrer en minneverdig kveld for alle som kommer.<\/p>\n<h3>\ud83d\udccd Sted og tidsplan<\/h3>\n<p><strong>Beliggenhet:<\/strong> Showet arrangeres p\u00e5 det elegante <a href=\"https:\/\/www.google.com\/maps\/place\/Pir%C3%A1mide+de+Arona\/@28.05472,-16.7337319,17z\/data=!3m1!4b1!4m6!3m5!1s0xc6a977926d44d3d:0x16c097dc6a370b29!8m2!3d28.05472!4d-16.731157!16s%2Fg%2F1vyxknvw?entry=tts&amp;g_ep=EgoyMDI0MDUxOC4wKgBIAVAD\" target=\"_blank\" rel=\"noopener\">Auditorio Pir\u00e1mide de Arona<\/a>ligger i Playa de las Am\u00e9ricas p\u00e5 Tenerife. Det er rikelig med underjordisk parkering ved Oasis kj\u00f8pesenter, rett foran lokalet.<\/p>\n<p><strong>Tidsplan:<\/strong> Forestillingen spilles hver l\u00f8rdag, med d\u00f8rene \u00e5pne kl. 20.00 og forestillingen starter kl. 21.00. Det er ingen tildeling av plasser, s\u00e5 det er f\u00f8rstemann til m\u00f8lla som gjelder.<\/p>\n<h3>\ud83c\udf9f\ufe0f Billettalternativer og priser<\/h3>\n<p>Hos CanaryVIP tilbyr vi billetter til \"History: The Evolution of Music Show\" med beste prisgaranti. Billettene koster \u20ac49 per person. Grupperabatter gir en rimeligere opplevelse, noe som gj\u00f8r det perfekt for familier, venner og spesielle anledninger. Bestill n\u00e5 for \u00e5 sikre deg en uforglemmelig kveld.<\/p>\n<h3>\ud83d\udcc5 Fleksible reservasjons- og avbestillingsregler<\/h3>\n<p><strong>Gratis avbestillinger:<\/strong> Avbestill inntil 24 timer f\u00f8r forestillingen for \u00e5 f\u00e5 full refusjon. Hvis du ikke avbestiller eller ikke m\u00f8ter opp, har du ikke rett til refusjon.<\/p>\n<p><strong>Private show:<\/strong> Vi tilbyr ogs\u00e5 muligheten til \u00e5 bestille private forestillinger for firmaturer og spesielle arrangementer. <a href=\"https:\/\/canaryvip.com\/nb\/contact\/\">Kontakt oss<\/a> for mer informasjon om hvordan du organiserer et personlig arrangement.<\/p>\n<h3>\ud83d\udc57 Kleskode og tilleggsinformasjon<\/h3>\n<p><strong>Kleskode:<\/strong> Vi anbefaler at du kler deg smart og uformelt for \u00e5 utfylle de elegante omgivelsene. Jeans og en fin t-skjorte er akseptabelt, men sportskl\u00e6r og shorts frar\u00e5des for \u00e5 opprettholde showets sofistikerte atmosf\u00e6re.<\/p>\n<p><strong>Vis inngangen:<\/strong> For enkel tilgang til \"History: The Evolution of Music Show\", vennligst bruk den angitte inngangen p\u00e5 venstre side av hotellets hovedinngang. Denne inngangen er spesielt reservert for utstillingsdeltakere, noe som sikrer en smidig og problemfri inngang til utstillingslokalet.<\/p>\n<h3>\ud83c\udfad Bli med p\u00e5 en uforglemmelig kveld<\/h3>\n<p>Opplev magien i \"History: The Evolution of Music Show\" med CanaryVIP. La oss ta deg med p\u00e5 en reise gjennom musikkens rike historie, med liveopptredener som vil fortrylle og inspirere.<\/p>\n<p>Sikre deg billetter n\u00e5 til en kveld med eleganse, underholdning og kulturell fordypning i hjertet av Tenerife.<\/p>\n<p>Bestill billetter til dette must-see kveldsshowet p\u00e5 Tenerife i dag! \ud83c\udf1f\ud83c\udfb6<\/p>","protected":false},"excerpt":{"rendered":"<p><strong>\ud83d\udd0d \"History\" Music Show:<\/strong><br \/>\n\u2705 Sikker betaling.<br \/>\n\ud83c\udfa4 Musikkshow.<br \/>\n\ud83c\udfb6 +30 talentfulle kunstnere.<br \/>\n\ud83d\udcc6 Hver l\u00f8rdag.<br \/>\n\u23f0 D\u00f8ren \u00e5pnes kl. 20.00.<br \/>\n\ud83d\udd58 Forestillingen starter kl. 21:00.<br \/>\n\u23f3 Varighet \u2248 2:15.15<br \/>\n\ud83c\udf0d English Host.<br \/>\n\ud83d\ude80 Ny utstilling p\u00e5 Tenerife!<br \/>\n\ud83e\udd11 Garantert beste pris.<br \/>\n\ud83d\udc6a Rabatter for grupper.<br \/>\n\ud83d\udd01 Gratis avbestilling opptil 24 timer.<br \/>\n\ud83d\udccd Sted p\u00e5 <a href=\"https:\/\/www.google.com\/maps\/place\/Pir%C3%A1mide+de+Arona\/@28.05472,-16.7337319,17z\/data=!3m1!4b1!4m6!3m5!1s0xc6a977926d44d3d:0x16c097dc6a370b29!8m2!3d28.05472!4d-16.731157!16s%2Fg%2F1vyxknvw?entry=tts&amp;g_ep=EgoyMDI0MDUxOC4wKgBIAVAD\">Pir\u00e1mide de Arona.<\/a><\/p>","protected":false},"featured_media":11532,"comment_status":"open","ping_status":"closed","template":"","meta":{"_acf_changed":false},"product_brand":[],"product_cat":[59],"product_tag":[],"class_list":{"0":"post-11531","1":"product","2":"type-product","3":"status-publish","4":"has-post-thumbnail","6":"product_cat-evening-shows","7":"wcpa_has_options","9":"first","10":"instock","11":"virtual","12":"purchasable","13":"product-type-simple"},"acf":[],"wcpa_form_fields":{"wcpaData":{"product":{"product_price":49,"price_html":"From&nbsp;<span class=\"woocommerce-Price-amount amount\"><bdi>49,00&nbsp;<span class=\"woocommerce-Price-currencySymbol\">&euro;<\/span><\/bdi><\/span>","original_product_price":49,"price_including_tax":49,"price_excluding_tax":49,"product_id":{"parent":11531,"variation":false},"is_variable":false,"stock_status":"instock","stock_quantity":null,"parent_sku":"CV11531","product_attributes":[],"custom_fields":[],"is_taxable":false,"product_name":"History, The Evolution of Music:<br\/>Tenerife Night Show","hasImage":false},"fields":{"sec_10664c7e1fdf7bf":{"extra":{"key":"sec_10664c7e1fdf7bf","section_id":"sec_10664c7e1fdf7bf","name":"Tickets","status":1,"cl_rule":"show","enableCl":false,"relations":[{"operator":false,"rules":[{"operator":"AND","rules":{"cl_field":"radio-group_5664c7e1fdf7be","cl_relation":"is","cl_val":"Gold Entrance"}}]}],"toggle":true,"title_tag":"h4","show_title":false,"showPrice":"default","form_id":11537,"form_rules":{"exclude_from_discount":true,"fee_label":"Fee","disp_hide_options_price":true,"disp_show_section_price":false,"disp_show_field_price":true,"layout_option":"standard","pric_use_as_fee":false,"process_fee_as":"woo_fee"},"layout_option":"standard"},"fields":[[{"label":"\ud83d\udcc5 Date","active":true,"required":true,"elementId":"date_7664c7e1fdf7ad","picker_type":"custom","picker_mode":"single","placeholder":"","description":"","tooltip":"","name":"date_7664c7e1fdf7ad","label_position":"default","desc_position":"default","enablePrice":false,"className":"","enableCl":false,"relations":[{"operator":"and","rules":[{"operator":"AND","rules":{"cl_field":"radio-group_5664c7e1fdf7be","cl_relation":"is_not_empty","cl_val":"3 Hour Trip"}}]}],"date_pic_inline":true,"date_pic_inline_hide":true,"min_date":{"type":"days","val":"0"},"max_date":{"type":"days","val":"365"},"date_pic_conf":{"disabledWeeks":[0,1,2,3,4,5],"disabledDates":["2025-09-20","2025-09-29","2025-10-04","2025-11-13 to 2025-12-13","2026-09-26","2026-10-10","2026-10-17"]},"price":"","cl_rule":"show","col":6,"type":"date","error":false,"enableDesign":false,"LabelColor":"","date_conf_custom":{"minDate":"let d = new Date();\nif (d.getHours() >= 21) {\n  d.setDate(d.getDate() + 1);\n} else {\n  d.setDate(d.getDate() + 0);\n}\nreturn d;"},"isWeightTemplate":false,"isTemplate":false,"min_quantity":"1","quantity_decimal":false,"quantity_step":"1","quantity_label":"Quantity","repeater_field_label":"{field_label}","repeater_bind":"","gt_translate_keys":["label","placeholder","description","tooltip","repeater_field_label","quantity_label"],"price_dependency":false,"cl_dependency":false,"value":""}],[{"active":true,"col":6,"relations":false,"cl_rule":"show","enableCl":false,"price":"","enablePrice":false,"className":"","label_position":"default","desc_position":"default","type":"separator","required":false,"elementId":"separator_7664c7e1fdf7cc","label":"Separator Field","height":"8","separatorType":"blank","error":false,"gt_translate_keys":["label"],"price_dependency":false,"cl_dependency":false,"value":""}],[{"active":true,"col":6,"relations":false,"cl_rule":"show","enableCl":false,"price":"","enablePrice":false,"className":"","label_position":"default","desc_position":"default","type":"content","required":false,"elementId":"content_1664c7e1fdf7d8","label":"People","name":"content_1664c7e1fdf7d8","contentType":"plain","value":"","error":false,"show_in_checkout":true,"inline":false,"gt_translate_keys":["label","value"],"price_dependency":false,"cl_dependency":false}],[{"active":true,"col":6,"relations":[{"operator":false,"rules":[{"operator":"AND","rules":{"cl_field":"","cl_relation":"","cl_val":""}}]}],"cl_rule":"show","enableCl":true,"price":"49","enablePrice":true,"className":"","label_position":"default","desc_position":"default","type":"radio-group","required":false,"elementId":"radio-group_9664c7e1fdf7e3","label":"","name":"radio-group_9664c7e1fdf7e3","values":[{"label":"\ud83d\udc64 Adult (49\u20ac)","value":"Adult (49\u20ac)","selected":true,"tempId":"aco_32","tooltip":"+16 Years","description":"","gt_translate_keys":["label","tooltip","description"]}],"layOut":"","error":false,"checkUi":"button","priceOptions":"fixed_for_all","pricingType":"fixed","enable_quantity":true,"quantity_label":"","min_quantity":"0","options_tooltip":true,"options_description":true,"gt_translate_keys":["label","quantity_label"],"price_dependency":false,"cl_dependency":false,"value":""}],[{"label":"","active":true,"required":false,"elementId":"radio-group_3664c7e1fdf7ef","name":"radio-group_3664c7e1fdf7ef","label_position":"default","desc_position":"default","enablePrice":true,"className":"","enableCl":true,"relations":[{"operator":false,"rules":[{"operator":"AND","rules":{"cl_field":"","cl_relation":"","cl_val":""}}]}],"enable_quantity":true,"quantity_label":"","min_quantity":"0","checkUi":"button","layOut":"","options_tooltip":true,"options_description":true,"values":[{"label":"\ud83d\udc66 Child (25\u20ac)","value":"Child","selected":true,"tempId":"aco_32","tooltip":"5-15 Years","description":"","gt_translate_keys":["label","tooltip","description"]}],"priceOptions":"fixed_for_all","pricingType":"fixed","price":"25","cl_rule":"show","col":6,"type":"radio-group","error":false,"gt_translate_keys":["label","quantity_label"],"price_dependency":false,"cl_dependency":false,"value":""}],[{"label":"","active":true,"required":false,"elementId":"radio-group-9164063374","name":"radio-group-9164063374","label_position":"default","desc_position":"default","enablePrice":true,"className":"","enableCl":true,"relations":[{"operator":false,"rules":[{"operator":"AND","rules":{"cl_field":"","cl_relation":"","cl_val":""}}]}],"enable_quantity":true,"quantity_label":"","min_quantity":"0","checkUi":"button","layOut":"","options_tooltip":true,"options_description":true,"values":[{"label":"\ud83d\udc76 Toddler (Free)","value":"Toddler","selected":true,"tempId":"aco_32","tooltip":"0-4 Years","description":"","gt_translate_keys":["label","tooltip","description"]}],"priceOptions":"fixed_for_all","pricingType":"fixed","price":"0","cl_rule":"show","col":6,"type":"radio-group","error":false,"gt_translate_keys":["label","quantity_label"],"price_dependency":false,"cl_dependency":false,"value":""}]]}},"config":{"price_override":"always","enable_recaptcha":false,"bind_quantity":false,"quantity_bind_formula":false,"disp_summ_show_option_price":true,"disp_summ_show_product_price":false,"disp_summ_show_total_price":true,"disp_summ_show_fee":true,"disp_summ_show_discount":true,"summary_title":"","options_total_label":"Options Price","total_label":"Total Amount","options_product_label":"Product Price","fee_label":"Fee","discount_label":"Discount","has_price":true,"has_quantity_formula":false},"mc_unit":1,"tax_rate":1,"tax_rate_real":1,"discount":{"percentage":0,"fixed":0},"design":{"conf":{"LabelPosition":"above","DescPosition":"above","UploadField":"custom_1","QuantityFieldStyle":"custom_1"},"css":{"LeftLabelWidth":"120px"}},"formulas":[],"lookuptables":[],"clones":false,"cartKey":false}},"_links":{"self":[{"href":"https:\/\/canaryvip.com\/nb\/wp-json\/wp\/v2\/product\/11531","targetHints":{"allow":["GET"]}}],"collection":[{"href":"https:\/\/canaryvip.com\/nb\/wp-json\/wp\/v2\/product"}],"about":[{"href":"https:\/\/canaryvip.com\/nb\/wp-json\/wp\/v2\/types\/product"}],"replies":[{"embeddable":true,"href":"https:\/\/canaryvip.com\/nb\/wp-json\/wp\/v2\/comments?post=11531"}],"wp:featuredmedia":[{"embeddable":true,"href":"https:\/\/canaryvip.com\/nb\/wp-json\/wp\/v2\/media\/11532"}],"wp:attachment":[{"href":"https:\/\/canaryvip.com\/nb\/wp-json\/wp\/v2\/media?parent=11531"}],"wp:term":[{"taxonomy":"product_brand","embeddable":true,"href":"https:\/\/canaryvip.com\/nb\/wp-json\/wp\/v2\/product_brand?post=11531"},{"taxonomy":"product_cat","embeddable":true,"href":"https:\/\/canaryvip.com\/nb\/wp-json\/wp\/v2\/product_cat?post=11531"},{"taxonomy":"product_tag","embeddable":true,"href":"https:\/\/canaryvip.com\/nb\/wp-json\/wp\/v2\/product_tag?post=11531"}],"curies":[{"name":"wp","href":"https:\/\/api.w.org\/{rel}","templated":true}]}}