{"id":11493,"date":"2024-05-14T14:46:09","date_gmt":"2024-05-14T13:46:09","guid":{"rendered":"https:\/\/canaryvip.com\/?post_type=product&#038;p=11493"},"modified":"2025-08-09T14:10:34","modified_gmt":"2025-08-09T13:10:34","slug":"scuba-diving-open-water-course-tenerife","status":"publish","type":"product","link":"https:\/\/canaryvip.com\/nb\/shop\/scuba-diving-open-water-course-tenerife\/","title":{"rendered":"PADI Scuba Diving: Kurs i \u00e5pent vann p\u00e5 Tenerife"},"content":{"rendered":"<h2><strong>\ud83e\udd3f PADI Open Water dykkerkurs p\u00e5 Tenerife<\/strong><\/h2>\n<p>Oppdag den ultimate dykkeropplevelsen med v\u00e5rt PADI Scuba Diving Open Water-kurs p\u00e5 Tenerife. Ta dykkersertifikat og utforsk underverkene i Tenerifes undervannsverden. Kursene v\u00e5re er utformet for \u00e5 forberede deg p\u00e5 dykking under alle forhold, noe som gj\u00f8r Tenerife til det perfekte stedet \u00e5 starte dykkereisen din.<\/p>\n<h3><strong>\u23f1\ufe0f PADI Open Water Diving Course: Ingen erfaring n\u00f8dvendig!<\/strong><\/h3>\n<ul>\n<li><strong>Sertifisering:<\/strong> Ta PADI Open Water-sertifikatet ditt p\u00e5 Tenerife, slik at du kan dykke hvor som helst i verden, ogs\u00e5 i andre land.<\/li>\n<li><strong>Beliggenhet:<\/strong> Kursene v\u00e5re gjennomf\u00f8res p\u00e5 en profesjonell dykkerskole i Los Cristianos.<\/li>\n<li><strong>Varighet:<\/strong> Kurset strekker seg over 2-3 dager, inkludert 4 dykk og omfattende teoriundervisning.<\/li>\n<\/ul>\n<h3><strong>\ud83c\udf0a Omfattende dykkertimer p\u00e5 Tenerife<\/strong><\/h3>\n<ul>\n<li><strong>Oppl\u00e6ring:<\/strong> L\u00e6r \u00e5 dykke med en h\u00f8yt utdannet PADI-instrukt\u00f8r, og dykk opp til en maksimal dybde p\u00e5 18 meter. Opplev undervannsverdenen som aldri f\u00f8r, og l\u00e6r deg mer om havstr\u00f8mmer, livet i havet og lover under vann.<\/li>\n<li><strong>Kurs for barn:<\/strong> Unge dykkere i alderen 10-14 \u00e5r kan ogs\u00e5 ta Junior PADI Open Water-sertifikat, med dykk ned til 12 meter.<\/li>\n<li>Fullt utstyr inkludert.<\/li>\n<\/ul>\n<h3><strong>\ud83d\udc22 Dykkeforhold p\u00e5 Tenerife<\/strong><\/h3>\n<ul>\n<li><strong>Vanntemperatur:<\/strong> Du kan nyte behagelige dykkeforhold \u00e5ret rundt, med temperaturer fra 18-25 \u00b0C (64-77 \u00b0F).<\/li>\n<li><strong>Synlighet:<\/strong> Opplev klar sikt under vann fra 15-30 meter, ideelt for \u00e5 f\u00e5 \u00f8ye p\u00e5 et mangfoldig marint liv som rokker, skilpadder, blekkspruter og mye mer.<\/li>\n<li><strong>Praktisk beliggenhet:<\/strong> Dykkerskolen ligger i Los Cristianos, med lett tilgang til de beste dykkerstedene og valgfri henteservice s\u00f8r p\u00e5 Tenerife.<\/li>\n<\/ul>\n<h3><strong>\u2705 Hva er inkludert i PADI-kurset ditt p\u00e5 Tenerife?<\/strong><\/h3>\n<ul>\n<li>Valgfri hente- og bringetjeneste.<\/li>\n<li>Guidede dykketimer ledet av erfarne instrukt\u00f8rer.<\/li>\n<li>Skap for personlige eiendeler.<\/li>\n<li>20-45 minutters dykketid per \u00f8kt.<\/li>\n<li>Flerspr\u00e5klige guider for tydelige instruksjoner.<\/li>\n<\/ul>\n<h3><strong>\u2696\ufe0f Bestillings- og avbestillingsregler for dykking p\u00e5 Tenerife<\/strong><\/h3>\n<ul>\n<li><strong>Fleksible avbestillinger:<\/strong> Avbestill inntil 48 timer f\u00f8r dykket for full refusjon. Vi forst\u00e5r at planer kan endres.<\/li>\n<li><strong>V\u00e6ravhengig:<\/strong> I tilfelle d\u00e5rlig v\u00e6r kan du ombooke eller f\u00e5 full refusjon. Vi informerer deg minst en time i forveien.<\/li>\n<li><strong>Medisinske krav:<\/strong> Et medisinsk skjema m\u00e5 fylles ut f\u00f8r dykking for \u00e5 sikre at du er i stand til \u00e5 dykke.<\/li>\n<\/ul>\n<h3><strong>\ud83c\udf92 Forberedelser til dykkeeventyret ditt<\/strong><\/h3>\n<ul>\n<li><strong>Hva du b\u00f8r ta med:<\/strong> Badedrakt, flip-flops, h\u00e5ndkle og CanaryVIP-billetten din (enten utskrevet eller p\u00e5 telefonen).<\/li>\n<li><strong>Helse og sikkerhet:<\/strong> Dykking anbefales ikke for gravide over 5 m\u00e5neder. Deltakerne m\u00e5 v\u00e6re komfortable i vann og kunne sv\u00f8mme.<\/li>\n<li><strong>Utstyr:<\/strong> Alt n\u00f8dvendig dykkerutstyr er tilgjengelig. Hvis du tar med personlig utstyr, kan det \u00f8ke komforten.<\/li>\n<\/ul>\n<h3>\u2753 <strong>Vanlige sp\u00f8rsm\u00e5l: Svar p\u00e5 dine sp\u00f8rsm\u00e5l om dykking<\/strong><\/h3>\n<ul>\n<li><strong>M\u00e5 jeg ha dykkererfaring fra f\u00f8r?<\/strong> Nei, kursene v\u00e5re er utviklet for nybegynnere. Bare v\u00e6r klar for et spennende undervannseventyr.<\/li>\n<li><strong>Hva skal jeg ha p\u00e5 meg?<\/strong> Vi stiller med alt n\u00f8dvendig sikkerhets- og dykkerutstyr.<\/li>\n<li><strong>Finnes det aldersbegrensninger?<\/strong> Passer for barn fra 10 \u00e5r og oppover. Barn mellom 10 og 14 \u00e5r kan melde seg p\u00e5 Junior Open Water-kurset.<\/li>\n<li><strong>Hva om jeg ikke ser skilpadder eller rokker?<\/strong> Selv om det er vanlig \u00e5 se dem, kan vi ikke garantere at de blir sett, ettersom det avhenger av naturen.<\/li>\n<\/ul>\n<h3><strong>\ud83d\udcc5 Kursdetaljer<\/strong><\/h3>\n<ul>\n<li><strong>Varighet:<\/strong> Kurset varer i 2-3 dager, med 4 dykk og teoriundervisning.<\/li>\n<li><strong>Minimumsalder:<\/strong> 10 \u00e5r. Juniordykkere (10-14 \u00e5r) er sertifisert til \u00e5 dykke ned til 12 meter.<\/li>\n<li><strong>Sertifisering:<\/strong> N\u00e5r du har fullf\u00f8rt kurset, f\u00e5r du et PADI Open Water Diver-sertifikat som gj\u00f8r deg i stand til \u00e5 dykke p\u00e5 opptil 18 meters dyp hvor som helst i verden, alltid sammen med en partner.<\/li>\n<li><strong>Kursstruktur:<\/strong>\n<ul>\n<li><strong>Teori:<\/strong> L\u00e6r om utstyr, sikkerhet og undervannsnavigasjon, som kan gjennomf\u00f8res p\u00e5 nettet f\u00f8r kurset starter.<\/li>\n<li><strong>Praktiske \u00f8velser:<\/strong> Bli trygg p\u00e5 utstyret ditt gjennom \u00f8velser under vann og p\u00e5 overflaten.<\/li>\n<li><strong>Dykk:<\/strong> Gjennomf\u00f8r 4 dykk - 2 opp til 12 meter og 2 opp til 18 meter, og praktiser ferdighetene du har l\u00e6rt i teori og praksis.<\/li>\n<\/ul>\n<\/li>\n<li><strong>Utstyr:<\/strong> Alt n\u00f8dvendig utstyr er inkludert i kursprisen.<\/li>\n<li><strong>Sertifisering for juniorer:<\/strong> Barn i alderen 10-14 \u00e5r f\u00e5r et Junior Open Water Diver-sertifikat, som tillater dykk ned til 12 meters dyp.<\/li>\n<\/ul>\n<h4><strong>\ud83c\udf1e Klar til \u00e5 kaste deg ut i det?<\/strong><\/h4>\n<p>Legg ut p\u00e5 en uforglemmelig PADI <a href=\"https:\/\/canaryvip.com\/nb\/shop\/scuba-diving-tenerife\/\">Dykking<\/a> Kurs i \u00e5pent vann p\u00e5 Tenerife. Enten du dykker fra Los Cristianos, observerer skilpadder eller utforsker det pulserende livet i havet, lover eventyret ditt med CanaryVIP spenning og varige minner.<\/p>\n<p>Bestill plass i dag og dykk ned i havets underverker med CanaryVIP! \ud83e\udd3f\ud83d\udc22\ud83c\udf0a<\/p>","protected":false},"excerpt":{"rendered":"<p><strong>\ud83d\udd0d PADI-kurs p\u00e5 Tenerife:<\/strong><br \/>\n\u2705 Sikker betaling.<br \/>\n\ud83c\udfab F\u00e5 PADI-sertifikat.<br \/>\n\ud83d\udc20 Observasjoner av marint liv.<br \/>\n\ud83d\ude80 2-3 dager Kursets varighet.<br \/>\n\ud83e\udd3f Utstyr som leveres.<br \/>\n\ud83d\udd59 Avreise om morgenen.<br \/>\n\ud83d\udcc5 Tilgjengelig hver dag.<br \/>\n\ud83d\ude0e Ingen dykkeerfaring n\u00f8dvendig.<br \/>\n\ud83c\udfca\ud83c\udffc Grunnleggende sv\u00f8mming p\u00e5krevd.<br \/>\n\ud83e\udd11 Garantert beste pris.<br \/>\n\ud83d\ude8d Valgfri skytteltransport.<br \/>\n\ud83d\udc6a Grupperabatter.<br \/>\n\ud83d\udd01 48 Avbestillingsregler.<br \/>\n\ud83c\udf0d Engelsk- og spanskspr\u00e5klige guider.<br \/>\n\ud83c\udf1f Bestill tidlig og spar penger.<br \/>\n\ud83d\udccd Avgang fra\u00a0<a href=\"https:\/\/maps.app.goo.gl\/g9c9rZaJv7igjr3t8\">Los Cristianos<\/a>.<\/p>","protected":false},"featured_media":11503,"comment_status":"open","ping_status":"closed","template":"","meta":{"_acf_changed":false},"product_brand":[],"product_cat":[53],"product_tag":[],"class_list":{"0":"post-11493","1":"product","2":"type-product","3":"status-publish","4":"has-post-thumbnail","6":"product_cat-water-sports","7":"wcpa_has_options","9":"first","10":"instock","11":"virtual","12":"purchasable","13":"product-type-simple"},"acf":[],"wcpa_form_fields":{"wcpaData":{"product":{"product_price":370,"price_html":"From&nbsp;<span class=\"woocommerce-Price-amount amount\"><bdi>370,00&nbsp;<span class=\"woocommerce-Price-currencySymbol\">&euro;<\/span><\/bdi><\/span>","original_product_price":370,"price_including_tax":370,"price_excluding_tax":370,"product_id":{"parent":11493,"variation":false},"is_variable":false,"stock_status":"instock","stock_quantity":null,"parent_sku":"CV11493","product_attributes":[],"custom_fields":[],"is_taxable":false,"product_name":"PADI Scuba Diving: Open Water Course Tenerife","hasImage":false},"fields":{"sec_46644afc54864b":{"extra":{"key":"sec_46644afc54864b","section_id":"sec_46644afc54864b","name":"Default","status":1,"cl_rule":"show","enableCl":false,"relations":[],"toggle":true,"title_tag":"h3","show_title":false,"showPrice":"default","form_id":11507,"form_rules":{"exclude_from_discount":true,"fee_label":"Fee","disp_hide_options_price":true,"disp_show_section_price":false,"disp_show_field_price":true,"layout_option":"standard","pric_use_as_fee":false,"process_fee_as":"woo_fee"},"layout_option":"standard"},"fields":[[{"label":"\ud83d\udcc5 Date","active":true,"required":true,"elementId":"date_96644afc54866b","picker_type":"custom","picker_mode":"single","placeholder":"","description":"","tooltip":"","name":"date_96644afc54866b","label_position":"default","desc_position":"default","enablePrice":false,"className":"","enableCl":false,"relations":[{"operator":"and","rules":[{"operator":"AND","rules":{"cl_field":"radio-group_4664295c2b9c39","cl_relation":"is","cl_val":"3 Hour Trip"}}]}],"date_pic_inline":true,"date_pic_inline_hide":true,"min_date":{"type":"days","val":"1"},"max_date":{"type":"days","val":"365"},"date_pic_conf":{"disabledWeeks":[]},"price":"","cl_rule":"show","col":6,"type":"date","error":false,"enableDesign":false,"LabelColor":"","gt_translate_keys":["label","placeholder","description","tooltip"],"price_dependency":false,"cl_dependency":false,"value":""}],[{"active":true,"col":6,"relations":false,"cl_rule":"show","enableCl":false,"price":"","enablePrice":false,"className":"","label_position":"default","desc_position":"default","type":"separator","required":false,"elementId":"separator_76644afc54867a","label":"Separator Field","height":"2","separatorType":"blank","error":false,"gt_translate_keys":["label"],"price_dependency":false,"cl_dependency":false,"value":""}]]},"sec_06644afc54875a":{"extra":{"key":"sec_06644afc54875a","section_id":"sec_06644afc54875a","name":"Dive with a License","status":1,"cl_rule":"show","enableCl":false,"relations":[{"operator":false,"rules":[{"operator":"AND","rules":{"cl_field":"radio-group_26644afc548687","cl_relation":"is","cl_val":"Dive with a License"}}]}],"toggle":true,"title_tag":"h4","show_title":false,"showPrice":"default","form_id":11507,"form_rules":{"exclude_from_discount":true,"fee_label":"Fee","disp_hide_options_price":true,"disp_show_section_price":false,"disp_show_field_price":true,"layout_option":"standard","pric_use_as_fee":false,"process_fee_as":"woo_fee"},"layout_option":"standard"},"fields":[[{"contentType":"rich","active":true,"label":"","elementId":"content_46644afc54876d","value":"<p>\ud83c\udf9f\ufe0f <strong>Reservation<\/strong>: Pay only a deposit now to reserve; the rest is due on the day of the activity upon arrival.<\/p>","inline":true,"show_in_checkout":true,"name":"content_46644afc54876d","enablePrice":false,"className":"","subtype":"div","enableCl":false,"relations":false,"price":"","cl_rule":"show","col":6,"type":"content","gt_translate_keys":["label","value"],"price_dependency":false,"cl_dependency":false}],[{"active":true,"col":6,"relations":false,"cl_rule":"show","enableCl":false,"price":"","enablePrice":true,"className":"","label_position":"default","desc_position":"default","type":"select","required":false,"elementId":"select_96644afc548776","label":"\ud83e\udeaa PADI Open Water Course","name":"select_96644afc548776","values":[{"label":"1 Person (370\u20ac)","value":"1","selected":false,"tempId":"aco_6352","price":"370","gt_translate_keys":["label"]},{"label":"2 People (740\u20ac)","value":"2","selected":false,"tempId":"aco_6353","price":"740","gt_translate_keys":["label"]},{"label":"3 People (1.110\u20ac)","value":"3","selected":false,"tempId":"aco_6354","price":"1110","gt_translate_keys":["label"]},{"label":"4 People (1.480\u20ac)","value":"4","selected":false,"tempId":"aco_922","price":"1480","gt_translate_keys":["label"]}],"dropdown_type":"basic","error":false,"priceOptions":"different_for_all","pricingType":"fixed","placeholder":"Select Amount of People","is_show_price":true,"gt_translate_keys":["label","placeholder"],"price_dependency":["content_106644afc548789","content_46644afc548793","content_76644afc54879c"],"cl_dependency":false,"value":""}],[{"elementId":"separator_106644afc548780","separatorType":"fill","separatorColor":"#66a6b6","className":"","height":"6","enableCl":false,"relations":false,"cl_rule":"show","col":6,"type":"separator","gt_translate_keys":[],"price_dependency":false,"cl_dependency":false,"value":""}],[{"contentType":"plain","active":true,"label":"Deposit Now","elementId":"content_106644afc548789","value":"","inline":true,"show_in_checkout":true,"name":"content_106644afc548789","enablePrice":true,"className":"","fee_label":"","subtype":"div","enableCl":false,"relations":false,"scrollBar":false,"enableDesign":true,"LabelColor":"","LabelSize":"14px","pricingType":"custom","isTemplate":false,"price":"{field.select_96644afc548776.price}*0.1581081","use_as_fee":false,"is_show_price":false,"cl_rule":"show","col":6,"type":"content","error":false,"formulaId":"fmla_1715641843927697789","gt_translate_keys":["label","value"],"price_dependency":false,"cl_dependency":false}],[{"contentType":"plain","active":true,"label":"Payment at Arrival","elementId":"content_46644afc548793","value":"","inline":true,"show_in_checkout":true,"name":"content_46644afc548793","enablePrice":true,"className":"","fee_label":"","subtype":"div","enableCl":false,"relations":[{"operator":false,"rules":[{"operator":"AND","rules":{"cl_field":"content_86644afc5486bd","cl_relation":"is_not_empty","cl_val":""}}]}],"scrollBar":false,"enableDesign":true,"LabelColor":"","LabelSize":"14px","pricingType":"custom","isTemplate":false,"price":"{field.select_96644afc548776.price}*0.8418919","use_as_fee":false,"is_show_price":true,"cl_rule":"disable","col":6,"type":"content","error":false,"formulaId":"fmla_1715642020961697970","gt_translate_keys":["label","value"],"price_dependency":false,"cl_dependency":false}],[{"contentType":"plain","active":true,"label":"Total Amount","elementId":"content_76644afc54879c","value":"","inline":true,"show_in_checkout":true,"name":"content_76644afc54879c","enablePrice":true,"className":"","fee_label":"","subtype":"div","enableCl":false,"relations":[{"operator":false,"rules":[{"operator":"AND","rules":{"cl_field":"content_86644afc5486bd","cl_relation":"is_not_empty","cl_val":""}}]}],"scrollBar":false,"enableDesign":true,"LabelColor":"","LabelSize":"14px","pricingType":"custom","isTemplate":false,"price":"{field.select_96644afc548776.price}","use_as_fee":false,"is_show_price":true,"cl_rule":"disable","col":6,"type":"content","error":false,"gt_translate_keys":["label","value"],"price_dependency":false,"cl_dependency":false}]]},"sec_16644afc54879d":{"extra":{"key":"sec_16644afc54879d","section_id":"sec_16644afc54879d","name":"Pickup Location","status":1,"cl_rule":"show","enableCl":false,"relations":[],"toggle":true,"title_tag":"h4","show_title":false,"showPrice":"default","form_id":11507,"form_rules":{"exclude_from_discount":true,"fee_label":"Fee","disp_hide_options_price":true,"disp_show_section_price":false,"disp_show_field_price":true,"layout_option":"standard","pric_use_as_fee":false,"process_fee_as":"woo_fee"},"layout_option":"standard"},"fields":[[{"active":true,"col":6,"relations":[{"operator":false,"rules":[{"operator":"AND","rules":{"cl_field":"radio-group_4664295c2b9c39","cl_relation":"is","cl_val":"3 Hour Trip"}}]}],"cl_rule":"show","enableCl":false,"price":"","enablePrice":false,"className":"","label_position":"default","desc_position":"default","type":"select","required":true,"elementId":"select_106644afc5487a6","label":"\u23f0 Departure Time","name":"select_106644afc5487a6","values":[{"label":"9:00 AM","value":"9:00","selected":true,"tempId":"aco_1450","gt_translate_keys":["label"]}],"dropdown_type":"basic","error":false,"placeholder":"","gt_translate_keys":["label","placeholder"],"price_dependency":false,"cl_dependency":false,"value":""}],[{"active":true,"col":6,"relations":false,"cl_rule":"show","enableCl":false,"price":"","enablePrice":false,"className":"","label_position":"default","desc_position":"default","type":"separator","required":false,"elementId":"separator_46644afc5487b0","label":"Separator Field","height":"1","separatorType":"blank","error":false,"gt_translate_keys":["label"],"price_dependency":false,"cl_dependency":false,"value":""}],[{"active":true,"col":6,"relations":[{"operator":false,"rules":[{"operator":false,"rules":{"cl_field":"radio-group_4664295c2b9c39","cl_relation":"is_not","cl_val":"4.5 Hour Trip from North Tenerife"}}]}],"cl_rule":"show","enableCl":false,"price":"","enablePrice":false,"className":"","label_position":"default","desc_position":"default","type":"text","subtype":"text","required":false,"elementId":"text_66644afc5487b9","label":"\ud83d\ude8c Pickup Location","name":"text_66644afc5487b9","value":"","error":false,"description":"Pick-up service in Tenerife South available for an extra 2\u20ac per person, to be paid on arrival. Please provide your address or hotel name to book the shuttle service; if not needed, leave it blank. | For Callao Salvaje and Palm-Mar, the extra cost is 4\u20ac per person | El M\u00e9dano: 15\u20ac per car | Golf del Sur: 10\u20ac per car.","repeater":false,"repeater_field_label":"{field_label}","repeater_bind":"","gt_translate_keys":["label","description","value","repeater_field_label"],"price_dependency":false,"cl_dependency":false}]]}},"config":{"price_override":"always","enable_recaptcha":false,"bind_quantity":false,"quantity_bind_formula":false,"disp_summ_show_option_price":true,"disp_summ_show_product_price":false,"disp_summ_show_total_price":false,"disp_summ_show_fee":true,"disp_summ_show_discount":true,"summary_title":"","options_total_label":"Options Price","total_label":"Deposit Amount","options_product_label":"Product Price","fee_label":"Fee","discount_label":"Discount","has_price":true,"has_quantity_formula":false},"mc_unit":1,"tax_rate":1,"tax_rate_real":1,"discount":{"percentage":0,"fixed":0},"design":{"conf":{"LabelPosition":"above","DescPosition":"above","UploadField":"custom_1","QuantityFieldStyle":"custom_1"},"css":{"LeftLabelWidth":"120px"}},"formulas":{"fmla_1715641843927697789":"(({field.select_5483136313.value}>=3)?(24):(({field.select_5483136313.value}>=2)?(38):(({field.select_5483136313.value}>=1)?(52):(0))))","fmla_1715642020961697970":"(({field.select_5483136313.value}>=3)?(56):(({field.select_5483136313.value}>=2)?(112):(({field.select_5483136313.value}>=1)?(168):(0))))"},"lookuptables":[],"clones":false,"cartKey":false}},"_links":{"self":[{"href":"https:\/\/canaryvip.com\/nb\/wp-json\/wp\/v2\/product\/11493","targetHints":{"allow":["GET"]}}],"collection":[{"href":"https:\/\/canaryvip.com\/nb\/wp-json\/wp\/v2\/product"}],"about":[{"href":"https:\/\/canaryvip.com\/nb\/wp-json\/wp\/v2\/types\/product"}],"replies":[{"embeddable":true,"href":"https:\/\/canaryvip.com\/nb\/wp-json\/wp\/v2\/comments?post=11493"}],"wp:featuredmedia":[{"embeddable":true,"href":"https:\/\/canaryvip.com\/nb\/wp-json\/wp\/v2\/media\/11503"}],"wp:attachment":[{"href":"https:\/\/canaryvip.com\/nb\/wp-json\/wp\/v2\/media?parent=11493"}],"wp:term":[{"taxonomy":"product_brand","embeddable":true,"href":"https:\/\/canaryvip.com\/nb\/wp-json\/wp\/v2\/product_brand?post=11493"},{"taxonomy":"product_cat","embeddable":true,"href":"https:\/\/canaryvip.com\/nb\/wp-json\/wp\/v2\/product_cat?post=11493"},{"taxonomy":"product_tag","embeddable":true,"href":"https:\/\/canaryvip.com\/nb\/wp-json\/wp\/v2\/product_tag?post=11493"}],"curies":[{"name":"wp","href":"https:\/\/api.w.org\/{rel}","templated":true}]}}