{"id":11456,"date":"2024-05-12T23:05:18","date_gmt":"2024-05-12T22:05:18","guid":{"rendered":"https:\/\/canaryvip.com\/?post_type=product&#038;p=11456"},"modified":"2026-03-05T17:06:36","modified_gmt":"2026-03-05T17:06:36","slug":"party-boat-tenerife","status":"publish","type":"product","link":"https:\/\/canaryvip.com\/nb\/shop\/party-boat-tenerife\/","title":{"rendered":"Utopia Boat Party Tenerife"},"content":{"rendered":"<h2>\ud83c\udf89 Partyb\u00e5t Tenerife med CanaryVIP<\/h2>\n<p><strong>Opplev uforglemmelig moro med CanaryVIP:<\/strong> Dykk ned i et ekstraordin\u00e6rt eventyr med v\u00e5re billetter til Party Boat Tenerife. Denne spennende reisen starter i Puerto Col\u00f3n, og byr p\u00e5 livlig musikk, fantastisk solskinn og et kosmopolitisk publikum.<\/p>\n<p><strong>CanaryVIP<\/strong> CanaryVIP tilbyr billetter til de mest spennende b\u00e5tfestene p\u00e5 Tenerife, og lover en unik og uforglemmelig opplevelse med en blanding av en spennende f\u00f8rfest, en energisk b\u00e5ttur og en spennende etterfest.<\/p>\n<p><strong>Den ultimate festopplevelsen:<\/strong>\u00a0: Bli med p\u00e5 en feiring uten sidestykke. En bemerkelsesverdig blanding av house, RnB, hiphop, DnB, EDM og reggaeton, alt drevet av et f\u00f8rsteklasses lydsystem. Profesjonelle DJ-er og MC-er s\u00f8rger for underholdning non-stop, noe som gj\u00f8r dette til den ultimate partyb\u00e5topplevelsen p\u00e5 Tenerife.<\/p>\n<h3>\ud83c\udf9f\ufe0f Billettalternativer<\/h3>\n<p>Alle billetter inkluderer adgang til en legendarisk 3-timers b\u00e5tfest med House, RnB, Hip Hop, DnB, EDM og Reggaeton-musikk fra de beste DJ-ene og MC-ene, et massivt Utopia-lydsystem p\u00e5 15 000 watt og gratis profesjonelle bilder p\u00e5 nettet. Velg mellom f\u00f8lgende billettalternativer:<\/p>\n<ul>\n<li><strong>Grunnleggende billett:<\/strong> Inkluderer fire drinker fra et utvalg av lokal sprit (rom, whisky, gin, vodka, kokoslik\u00f8r, amaretto), Victoria M\u00e1laga-\u00f8l eller brus (cola, appelsin, sitron, sprite).<\/li>\n<li><strong>Standard \u00e5pen bar-billett:<\/strong> Inkluderer en ubegrenset 3-timers \u00e5pen bar med lokalt \u00f8l, brennevin og miksere.<\/li>\n<li><strong>Premium Drinks Ticket:<\/strong> Inkluderer ubegrenset med premiumsprit som Absolut Vodka, Bacardi, Havana, Beefeater Gin (vanlig og rosa), Disaronno, Malibu, Jim Beam, Ballantine's whisky, i tillegg til Red Bull og premiumblandere.<\/li>\n<li><strong>VIP-billett:<\/strong> Inkluderer alle Premium-fordelene, pluss prioritert ombordstigning og eksklusiv tilgang til et privat VIP-omr\u00e5de og en egen bar om bord.<\/li>\n<\/ul>\n<h3>\u2728 Partyb\u00e5t Tenerife Detaljer<\/h3>\n<p><strong>Omfattende festpakke:<\/strong> Reisen begynner med en livlig forfest p\u00e5 <a href=\"https:\/\/maps.app.goo.gl\/Vt7HqjMeKHLczpy69\" target=\"_blank\" rel=\"noopener\">Black Pearl bar,<\/a> hvor du kan nyte en gratis drink og m\u00f8te andre festdeltakere. Hovedbegivenheten er en <strong>3-timers cruise<\/strong> om bord p\u00e5 <strong>Utopia partyb\u00e5t,<\/strong>\u00a0med \u00e5pen bar og dynamisk musikkscene, etterfulgt av en etterfest p\u00e5 Black Pearl bar med eksklusive tilbud.<\/p>\n<p><strong>Inkluderende for alle:<\/strong> Denne aktiviteten henvender seg til alle festentusiaster, og s\u00f8rger for en balansert blanding av moro, musikk og sosial interaksjon. Det er det beste valget for dem som \u00f8nsker en livlig og minneverdig <a href=\"https:\/\/canaryvip.com\/nb\/tenerife\/boat-excursions\/\">b\u00e5tturopplevelse.<\/a><\/p>\n<h3>\ud83c\udf0a Hva du kan forvente deg p\u00e5 ditt b\u00e5tparty p\u00e5 Tenerife<\/h3>\n<ul>\n<li><strong>Spennende musikk og underholdning:<\/strong>\u00a0: Dans til rytmer av house, RnB, hip hop, DnB, EDM og Reggaeton p\u00e5 denne fullt utstyrte partyb\u00e5ten p\u00e5 Tenerife.<\/li>\n<li><strong>\u00c5pen bar:<\/strong>\u00a0: Nyt en 3-timers \u00e5pen bar med et utvalg av \u00f8l, lokal sprit og miksere under turen med partyb\u00e5ten p\u00e5 Tenerife.<\/li>\n<li><strong>Komfort og fasiliteter:<\/strong>\u00a0: Slapp av med komfortable sitteplasser, rene fasiliteter og en livlig atmosf\u00e6re.<\/li>\n<li><strong>Naturskj\u00f8nnhet: <\/strong>: F\u00e5 fantastisk utsikt over Tenerifes kystlinje mens du fester p\u00e5 b\u00f8lgene.<\/li>\n<li><strong>Sikkerhet f\u00f8rst: <\/strong>: Mannskapet prioriterer sikkerheten din med klare retningslinjer og flerspr\u00e5klig st\u00f8tte.<\/li>\n<\/ul>\n<h3>\ud83d\udee5\ufe0f Forberedelser til ditt partyb\u00e5teventyr p\u00e5 Tenerife<\/h3>\n<p>S\u00f8rg for en problemfri opplevelse ved \u00e5 ta med deg badet\u00f8y, solkrem og <strong>CanaryVIP<\/strong> billett, enten digitalt eller p\u00e5 papir. Vi anbefaler at du spiser et m\u00e5ltid p\u00e5 forh\u00e5nd og unng\u00e5r alkohol for \u00e5 redusere risikoen for sj\u00f8syke. Vurder \u00e5 ta en reisesyketablett f\u00f8r avreise for \u00e5 f\u00e5 en behagelig reise.<\/p>\n<h3>\ud83d\udea4 Partyb\u00e5t Tenerife: Din ultimate feiring<\/h3>\n<p>Velg CanaryVIP for din <strong>Partyb\u00e5t Tenerife<\/strong> billetter, og tilbyr usl\u00e5elig verdi og eksepsjonell service.<br \/>\nBli med p\u00e5 den beste b\u00e5tfestopplevelsen:<\/p>\n<ul>\n<li><strong>Garantert de beste prisene:<\/strong> Nyt konkurransedyktige priser for en uforglemmelig opplevelse med partyb\u00e5t p\u00e5 Tenerife.<\/li>\n<li><strong>Grupperabatter:<\/strong> Spar mer med v\u00e5re spesialpriser for grupper p\u00e5 partyb\u00e5ten v\u00e5r p\u00e5 Tenerife.<\/li>\n<li><strong>Forh\u00e5ndsreservasjoner:<\/strong> Sikre deg plass tidlig for \u00e5 unng\u00e5 \u00e5 g\u00e5 glipp av denne eksklusive partyb\u00e5ten p\u00e5 Tenerife!<\/li>\n<li><strong>Fleksible avbestillingsregler:<\/strong> Dra nytte av v\u00e5re kundevennlige avbestillingsvilk\u00e5r.<\/li>\n<li><strong>Betrodd operat\u00f8r:<\/strong> Som en ledende billettleverand\u00f8r p\u00e5 Kanari\u00f8yene, <strong>CanaryVIP<\/strong> er det foretrukne valget for festb\u00e5tentusiaster p\u00e5 Tenerife.<\/li>\n<\/ul>\n<h3>\ud83d\ude99 M\u00f8tested og parkering<\/h3>\n<p><strong>Bli med oss til Puerto Col\u00f3n:<\/strong> M\u00f8t oss p\u00e5 Black Pearl Bar for ditt partyb\u00e5teventyr p\u00e5 Tenerife. M\u00f8t opp minst 15 minutter f\u00f8r avgang for \u00e5 sikre en smidig ombordstigning. Det er rikelig med parkeringsplasser ved havnen, noe som gj\u00f8r det praktisk for de som skal med p\u00e5 partyb\u00e5ten v\u00e5r p\u00e5 Tenerife.<\/p>\n<h3>\ud83c\udf1f CanaryVIPs vilk\u00e5r og betingelser<\/h3>\n<p>Med v\u00e5re omfattende forsikringer kan du f\u00f8le deg trygg p\u00e5 eventyret ditt. Her er det du trenger \u00e5 vite:<\/p>\n<ul>\n<li><strong>Beredskapsplaner for v\u00e6r og vind:<\/strong> I tilfelle farlige v\u00e6rforhold vil det bli gitt mulighet for ombooking eller full refusjon.<\/li>\n<li><strong>Fleksible avbestillingsregler:<\/strong>\n<ul>\n<li>Gratis avbestilling eller ombooking opptil 7 dager i forveien for individuelle bestillinger.<\/li>\n<li>For grupper p\u00e5 mer enn 10 personer, gratis avbestilling inntil 12 dager f\u00f8r arrangementet.<\/li>\n<li>For grupper over 20 personer, gratis avbestilling inntil 16 dager f\u00f8r arrangementet.<\/li>\n<li>Du m\u00e5 <a href=\"https:\/\/canaryvip.com\/nb\/contact\/\">kontakt oss<\/a> for avbestillingsforesp\u00f8rsler.<\/li>\n<\/ul>\n<\/li>\n<li><strong>Uteblivelse og sen ankomst:<\/strong> Det gis ikke refusjon ved uteblivelse eller sen ankomst. S\u00f8rg for \u00e5 komme i tide, da b\u00e5tfesten vanligvis er fullbooket.<\/li>\n<li><strong>Oppf\u00f8rsel om bord:<\/strong> Det forventes at gjestene opprettholder et morsomt og trygt milj\u00f8. D\u00e5rlig oppf\u00f8rsel kan f\u00f8re til at du blir fjernet fra b\u00e5ten uten refusjon.<\/li>\n<li><strong>Sj\u00f8syke og endringer i reiseruten:<\/strong> Hvis sj\u00f8syke oppst\u00e5r og reiseruten m\u00e5 endres, gis det ingen refusjon.<\/li>\n<li><strong>Klager:<\/strong> Eventuelle problemer b\u00f8r tas opp med b\u00e5tpersonalet p\u00e5 arrangementsdagen, ettersom CanaryVIPs personale ikke er til stede p\u00e5 b\u00e5ten.<\/li>\n<\/ul>\n<p>Bestill n\u00e5 og bli med p\u00e5 en uforglemmelig fest p\u00e5 b\u00f8lgene p\u00e5 Tenerife!<\/p>","protected":false},"excerpt":{"rendered":"<p><strong>\ud83d\udd0d B\u00e5tfest p\u00e5 Tenerife:<\/strong><br \/>\n\u2705 Sikker betaling.<br \/>\n\ud83d\ude80 3 timers partyb\u00e5ttur.<br \/>\n\ud83c\udf7b 3t OPEN BAR Inkludert.<br \/>\n\ud83d\udcc6 L\u00f8rdager kl. 12.30.<br \/>\n\ud83c\udfb6 DJ-er og musikk.<br \/>\n\ud83d\udeab KUN +18 \u00e5r.<br \/>\n\ud83e\udd11 Garantert beste pris.<br \/>\n\ud83c\udf1f Bestill n\u00e5 og spar penger!<br \/>\n\ud83d\udccd Avgang fra\u00a0<a href=\"https:\/\/www.google.com\/maps\/place\/Puerto+Col%C3%B3n\/@28.0783432,-16.7368735,18.52z\/data=!4m6!3m5!1s0xc6a9743509c9ebf:0xd62345524f768247!8m2!3d28.0789928!4d-16.7359737!16s%2Fg%2F11c6cqryw_?entry=tts\">Puerto Colon<\/a>.<\/p>","protected":false},"featured_media":11461,"comment_status":"open","ping_status":"closed","template":"","meta":{"_acf_changed":false},"product_brand":[],"product_cat":[46],"product_tag":[],"class_list":{"0":"post-11456","1":"product","2":"type-product","3":"status-publish","4":"has-post-thumbnail","6":"product_cat-boat-excursions","7":"wcpa_has_options","9":"first","10":"instock","11":"sale","12":"virtual","13":"purchasable","14":"product-type-simple"},"acf":[],"wcpa_form_fields":{"wcpaData":{"product":{"product_price":70,"price_html":"From&nbsp;<del aria-hidden=\"true\"><span class=\"woocommerce-Price-amount amount\"><bdi>75,00&nbsp;<span class=\"woocommerce-Price-currencySymbol\">&euro;<\/span><\/bdi><\/span><\/del> <span class=\"screen-reader-text\">Opprinnelig pris var: 75,00&nbsp;&euro;.<\/span><ins aria-hidden=\"true\"><span class=\"woocommerce-Price-amount amount\"><bdi>70,00&nbsp;<span class=\"woocommerce-Price-currencySymbol\">&euro;<\/span><\/bdi><\/span><\/ins><span class=\"screen-reader-text\">N\u00e5v\u00e6rende pris er: 70,00&nbsp;&euro;.<\/span>","original_product_price":75,"price_including_tax":70,"price_excluding_tax":70,"product_id":{"parent":11456,"variation":false},"is_variable":false,"stock_status":"instock","stock_quantity":null,"parent_sku":"CV11456","product_attributes":[],"custom_fields":[],"is_taxable":false,"product_name":"Utopia Boat Party Tenerife","hasImage":false},"fields":{"sec_06641441f5ff23":{"extra":{"key":"sec_06641441f5ff23","section_id":"sec_06641441f5ff23","name":"Default","status":1,"cl_rule":"show","enableCl":false,"relations":[],"toggle":true,"title_tag":"h3","show_title":false,"showPrice":"default","form_id":11462,"form_rules":{"exclude_from_discount":true,"fee_label":"Fee","disp_hide_options_price":true,"disp_show_section_price":false,"disp_show_field_price":true,"layout_option":"standard","pric_use_as_fee":false,"process_fee_as":"woo_fee"},"layout_option":"standard"},"fields":[[{"active":true,"col":6,"relations":false,"cl_rule":"show","enableCl":false,"price":"","enablePrice":false,"className":"oferta-especial","label_position":"default","desc_position":"default","type":"content","required":false,"elementId":"content_1421636141","label":"","name":"content_1421636141","contentType":"rich","value":"<p><strong>\ud83d\udd25 Utopia Boat Party Limited Time Offer!<br>\n<\/strong>Exclusive 5% discount automatically applied at checkout.<\/p>","error":false,"isTemplate":false,"gt_translate_keys":["label","value"],"price_dependency":false,"cl_dependency":false}],[{"label":"\ud83d\udcc5 Date","active":true,"required":true,"elementId":"date_66641441f5ff41","picker_type":"custom","picker_mode":"single","placeholder":"","description":"","tooltip":"","name":"date_66641441f5ff41","label_position":"default","desc_position":"default","enablePrice":false,"className":"","enableCl":false,"relations":[{"operator":"and","rules":[{"operator":"AND","rules":{"cl_field":"radio-group_56641441f5ff51","cl_relation":"is_not_empty","cl_val":"3 Hour Trip"}}]}],"date_pic_inline":true,"date_pic_inline_hide":true,"min_date":{"type":"days","val":"1"},"max_date":"","date_pic_conf":{"disabledWeeks":[1,2,3,4,5,0],"disabledDates":["2024-05-19","2024-05-26","2025-04-06","2025-04-13","2025-04-16","2025-04-20","2025-04-27","2025-09-01 to 2025-09-30"]},"price":"","cl_rule":"show","col":6,"type":"date","error":false,"enableDesign":false,"LabelColor":"","isWeightTemplate":false,"isTemplate":false,"min_quantity":"1","quantity_decimal":false,"quantity_step":"1","quantity_label":"Quantity","repeater_field_label":"{field_label}","repeater_bind":"","gt_translate_keys":["label","placeholder","description","tooltip","repeater_field_label","quantity_label"],"price_dependency":false,"cl_dependency":false,"value":""}],[{"active":true,"col":6,"relations":[{"operator":false,"rules":[{"operator":"AND","rules":{"cl_field":"","cl_relation":"","cl_val":""}}]}],"cl_rule":"show","enableCl":true,"price":"70","enablePrice":true,"className":"","label_position":"default","desc_position":"below","type":"radio-group","required":false,"elementId":"radio-group_86641441f5ff75","label":"","name":"radio-group_86641441f5ff75","values":[{"label":"\ud83d\udfe2 Basic Ticket (70\u20ac)","value":"Basic Ticket","selected":true,"tempId":"aco_32","tooltip":"","description":"","gt_translate_keys":["label","tooltip","description"]}],"layOut":"","error":false,"checkUi":"button","priceOptions":"fixed_for_all","pricingType":"fixed","enable_quantity":true,"quantity_label":"","min_quantity":"0","options_tooltip":true,"options_description":true,"description":"Ideal for budget-friendly fun. Includes a drinks package with 4 beverages at a discounted price.","enableDesign":false,"gt_translate_keys":["label","description","quantity_label"],"price_dependency":false,"cl_dependency":false,"value":""}],[{"active":true,"col":6,"relations":false,"cl_rule":"show","enableCl":false,"price":"","enablePrice":false,"className":"","label_position":"default","desc_position":"default","type":"separator","required":false,"elementId":"separator_1097273251","label":"Separator Field","height":"3","separatorType":"fill","error":false,"separatorColor":"#4a90e2","gt_translate_keys":["label"],"price_dependency":false,"cl_dependency":false,"value":""}],[{"label":"","active":true,"required":false,"elementId":"radio-group-0169646210","description":"Open bar with unlimited beer, local spirits, and mixers. Perfect for music and drink lovers.","name":"radio-group-0169646210","label_position":"default","desc_position":"below","enablePrice":true,"className":"","enableCl":true,"relations":[{"operator":false,"rules":[{"operator":"AND","rules":{"cl_field":"","cl_relation":"","cl_val":""}}]}],"enableDesign":false,"enable_quantity":true,"quantity_label":"","min_quantity":"0","checkUi":"button","layOut":"","options_tooltip":true,"options_description":true,"values":[{"label":"\ud83c\udf9f\ufe0f Standard Ticket (90\u20ac)","value":"Standard Ticket","selected":true,"tempId":"aco_32","tooltip":"","description":"","gt_translate_keys":["label","tooltip","description"]}],"priceOptions":"fixed_for_all","pricingType":"fixed","price":"90","cl_rule":"show","col":6,"type":"radio-group","error":false,"gt_translate_keys":["label","description","quantity_label"],"price_dependency":false,"cl_dependency":false,"value":""}],[{"elementId":"separator-0973524418","separatorType":"fill","separatorColor":"#4a90e2","className":"","height":"3","enableCl":false,"relations":false,"cl_rule":"show","col":6,"type":"separator","gt_translate_keys":[],"price_dependency":false,"cl_dependency":false,"value":""}],[{"label":"","active":true,"required":false,"elementId":"radio-group_56641441f5ffa1","name":"radio-group_56641441f5ffa1","label_position":"default","desc_position":"below","enablePrice":true,"className":"","enableCl":false,"relations":[{"operator":false,"rules":[{"operator":"AND","rules":{"cl_field":"","cl_relation":"","cl_val":""}}]}],"enable_quantity":true,"quantity_label":"","min_quantity":"0","checkUi":"button","layOut":"","options_tooltip":true,"values":[{"label":"\u2b50\ufe0f Premium Ticket (110\u20ac)","value":"Premium Ticket (95\u20ac)","selected":true,"tempId":"aco_32","tooltip":"","description":"","gt_translate_keys":["label","tooltip","description"]}],"priceOptions":"fixed_for_all","pricingType":"fixed","price":"110","cl_rule":"show","col":6,"type":"radio-group","error":false,"description":"Upgrade your experience with premium spirits like Absolut, Bacardi, Havana, and more, plus Red Bull and premium mixers.","options_description":true,"gt_translate_keys":["label","description","quantity_label"],"price_dependency":false,"cl_dependency":false,"value":""}],[{"elementId":"separator-0973774727","separatorType":"fill","separatorColor":"#4a90e2","className":"","height":"3","enableCl":false,"relations":false,"cl_rule":"show","col":6,"type":"separator","gt_translate_keys":[],"price_dependency":false,"cl_dependency":false,"value":""}],[{"label":"","active":true,"required":false,"elementId":"radio-group-1821003227","description":"The ultimate luxury experience. Access the VIP area with open bar featuring premium spirits, Red Bull, and exclusive vibes.","name":"radio-group-1821003227","label_position":"default","desc_position":"below","enablePrice":true,"className":"","enableCl":false,"relations":[{"operator":false,"rules":[{"operator":"AND","rules":{"cl_field":"","cl_relation":"","cl_val":""}}]}],"enable_quantity":true,"quantity_label":"","min_quantity":"0","checkUi":"button","layOut":"","options_tooltip":true,"options_description":true,"values":[{"label":"\ud83d\udc8e VIP Ticket (130\u20ac)","value":"VIP Ticket","selected":true,"tempId":"aco_32","tooltip":"","description":"","gt_translate_keys":["label","tooltip","description"]}],"priceOptions":"fixed_for_all","pricingType":"fixed","price":"130","cl_rule":"show","col":6,"type":"radio-group","error":false,"gt_translate_keys":["label","description","quantity_label"],"price_dependency":false,"cl_dependency":false,"value":""}],[{"elementId":"separator-0974175336","separatorType":"fill","separatorColor":"#4a90e2","className":"","height":"3","enableCl":false,"relations":false,"cl_rule":"show","col":6,"type":"separator","gt_translate_keys":[],"price_dependency":false,"cl_dependency":false,"value":""}]]}},"config":{"price_override":"always","enable_recaptcha":false,"bind_quantity":false,"quantity_bind_formula":false,"disp_summ_show_option_price":true,"disp_summ_show_product_price":false,"disp_summ_show_total_price":true,"disp_summ_show_fee":true,"disp_summ_show_discount":true,"summary_title":"","options_total_label":"Options Price","total_label":"Total Amount","options_product_label":"Product Price","fee_label":"Fee","discount_label":"Discount","has_price":true,"has_quantity_formula":false},"mc_unit":1,"tax_rate":1,"tax_rate_real":1,"discount":{"percentage":0,"fixed":0},"design":{"conf":{"LabelPosition":"above","DescPosition":"above","UploadField":"custom_1","QuantityFieldStyle":"custom_1"},"css":{"LeftLabelWidth":"120px"}},"formulas":[],"lookuptables":[],"clones":false,"cartKey":false}},"_links":{"self":[{"href":"https:\/\/canaryvip.com\/nb\/wp-json\/wp\/v2\/product\/11456","targetHints":{"allow":["GET"]}}],"collection":[{"href":"https:\/\/canaryvip.com\/nb\/wp-json\/wp\/v2\/product"}],"about":[{"href":"https:\/\/canaryvip.com\/nb\/wp-json\/wp\/v2\/types\/product"}],"replies":[{"embeddable":true,"href":"https:\/\/canaryvip.com\/nb\/wp-json\/wp\/v2\/comments?post=11456"}],"wp:featuredmedia":[{"embeddable":true,"href":"https:\/\/canaryvip.com\/nb\/wp-json\/wp\/v2\/media\/11461"}],"wp:attachment":[{"href":"https:\/\/canaryvip.com\/nb\/wp-json\/wp\/v2\/media?parent=11456"}],"wp:term":[{"taxonomy":"product_brand","embeddable":true,"href":"https:\/\/canaryvip.com\/nb\/wp-json\/wp\/v2\/product_brand?post=11456"},{"taxonomy":"product_cat","embeddable":true,"href":"https:\/\/canaryvip.com\/nb\/wp-json\/wp\/v2\/product_cat?post=11456"},{"taxonomy":"product_tag","embeddable":true,"href":"https:\/\/canaryvip.com\/nb\/wp-json\/wp\/v2\/product_tag?post=11456"}],"curies":[{"name":"wp","href":"https:\/\/api.w.org\/{rel}","templated":true}]}}