{"id":11438,"date":"2024-05-11T22:23:40","date_gmt":"2024-05-11T21:23:40","guid":{"rendered":"https:\/\/canaryvip.com\/?post_type=product&#038;p=11438"},"modified":"2025-11-04T12:52:18","modified_gmt":"2025-11-04T12:52:18","slug":"ole-flamenco-show-tenerife","status":"publish","type":"product","link":"https:\/\/canaryvip.com\/nb\/shop\/ole-flamenco-show-tenerife\/","title":{"rendered":"OL\u00c9 Flamenco Show Tenerife"},"content":{"rendered":"<h2>\ud83c\udfad Oppdag det beste flamenco-showet p\u00e5 Tenerife<\/h2>\n<p>Fordyp deg i Spanias pulserende \u00e5nd p\u00e5 Ol\u00e9 Flamenco Show Tenerife, en av Spanias fremste flamencoforestillinger. <a href=\"https:\/\/canaryvip.com\/nb\/tenerife\/evening-shows\/\">show p\u00e5 Tenerife.<\/a> Opplev en fengslende kveld med lidenskapelig musikk, elektrifiserende dans og rike kulturelle uttrykk under kyndig ledelse av den anerkjente Fran Chafino.<\/p>\n<p>Denne 90 minutter lange forestillingen lover en uforglemmelig kveld, der tradisjonelle flamencostiler blandes med moderne stil, alt sammen med GF Victoria Hotel som luksuri\u00f8st bakteppe.<\/p>\n<p>Fra det rytmiske fotarbeidet til den sjelfulle gitaren og den uttrykksfulle vokalen er alle elementene i showet designet for \u00e5 fortrylle og inspirere, noe som gj\u00f8r det til et must for b\u00e5de lokalbefolkningen og bes\u00f8kende som \u00f8nsker en autentisk spansk opplevelse.<\/p>\n<h3>\ud83c\udf7d\ufe0f Luksuslokale p\u00e5 GF Victoria Hotel<\/h3>\n<p><strong>Beliggenhet:<\/strong> Den elegante <a href=\"https:\/\/www.google.com\/maps\/place\/GF+Victoria\/@28.0917871,-16.7412967,17z\/data=!3m1!4b1!4m9!3m8!1s0xc6a974d01c4268f:0x3c0e40669a61bb47!5m2!4m1!1i2!8m2!3d28.0917871!4d-16.7387218!16s%2Fg%2F11bvv59vv2?entry=ttu\" target=\"_new\" rel=\"noreferrer noopener\">GF Victoria Hotel<\/a> i Costa Adeje er vertskap for dette fortryllende arrangementet, og tilbyr en sofistikert atmosf\u00e6re for et minneverdig flamencoshow p\u00e5 Tenerife.<\/p>\n<p><strong>Tidsplan:<\/strong> Forestillingen begynner kl. 21.00, og d\u00f8rene \u00e5pner kl. 20.15. Det er 15 minutters pause, og hele forestillingen avsluttes kl. 22.30.<\/p>\n<h3>\ud83c\udf9f\ufe0f Velg din perfekte kveld<\/h3>\n<p><strong>Gullbilletter:<\/strong> For 49 euro per person kan du f\u00e5 adgang til forestillingen. Disse sitteplassene gir en flott utsikt over scenen og en livlig opplevelse for 140 gjester.<\/p>\n<p><strong>Platinabilletter:<\/strong> For 59 euro per person inkluderer dette alternativet inngang, et glass vin og snacks. Platinum-sonen, som ligger n\u00e6rmere scenen, tilbyr en intim setting for 80 gjester.<\/p>\n<h3>\ud83c\udf1f Opplev autentisk flamenco<\/h3>\n<p><strong>M\u00f8t Fran Chafino:<\/strong> Showets stjerne, Fran Chafino, er ber\u00f8mt for sitt ekstraordin\u00e6re talent og vekker autentisk flamenco til live, og s\u00f8rger for at alle gjestene blir trollbundet av forestillingen.<\/p>\n<p><strong>Et rikt utvalg av handlinger:<\/strong> Fra buler\u00edas til alegr\u00edas - showet byr p\u00e5 en dynamisk blanding av sang, gitar og dans, og publikum blir fengslet med hver eneste unike opptreden.<\/p>\n<p><strong>Interaktiv atmosf\u00e6re:<\/strong> Selv om publikum ikke deltar i dansen, skaper ut\u00f8vernes engasjement en intim og energisk opplevelse.<\/p>\n<h3><a href=\"https:\/\/canaryvip.com\/nb\/contact\/?swcfpc=1\">\ud83d\udd70\ufe0f<\/a> Viktig informasjon<\/h3>\n<p><strong>Kleskode:<\/strong> Vi anbefaler at du kler deg smart og uformelt for \u00e5 utfylle de elegante omgivelsene. Jeans og en fin t-skjorte er akseptabelt, men sportskl\u00e6r og shorts frar\u00e5des for \u00e5 opprettholde showets sofistikerte atmosf\u00e6re.<\/p>\n<p><strong>Informasjon om parkering:<\/strong> Det er rikelig med parkeringsplasser ved kj\u00f8pesenteret Plaza del Duque, en kort spasertur fra lokalet.<\/p>\n<p><strong>Vis inngangen:<\/strong> G\u00e5 inn gjennom den angitte inngangen p\u00e5 venstre side av hotellets hovedinngang for enkel tilgang til Las Olas Showroom.<\/p>\n<h3>\u2696\ufe0f Fleksible reservasjons- og avbestillingsregler<\/h3>\n<p><strong>Fordeler ved forh\u00e5ndsbestilling:<\/strong> Sikre deg de beste prisene og forenkle planleggingen ved \u00e5 bestille tidlig.<\/p>\n<p><strong>Gratis avbestillinger:<\/strong> Avbestill inntil 48 timer f\u00f8r forestillingen for full refusjon.<\/p>\n<p><strong>Gruppebestillinger:<\/strong> For grupper p\u00e5 mer enn seks personer kan du avbestille opp til fire dager i forveien uten kostnad. Avbestillinger som gj\u00f8res 2-4 dager f\u00f8r arrangementet, refunderes med 50%.<\/p>\n<p><strong>Regler for uteblivelse:<\/strong> Ingen refusjon ved uteblivelse eller avbestilling innen 48 timer f\u00f8r arrangementet.<\/p>\n<h3>\ud83c\udf89 Private flamenco-arrangementer<\/h3>\n<p><strong>Eksklusive feiringer:<\/strong> CanaryVIP kan organisere private flamencoshow skreddersydd for bursdager, firmaarrangementer og spesielle sammenkomster, noe som sikrer en personlig og minneverdig anledning. <a href=\"https:\/\/canaryvip.com\/nb\/contact\/?swcfpc=1\">Kontakt oss for mer informasjon.<\/a><\/p>\n<h3>\ud83c\udfb6 Oppdag flamencoens historie og lidenskap<\/h3>\n<p><strong>En reise gjennom flamencoens rike arv:<\/strong> Ol\u00e9 Flamenco Show Tenerife underholder ikke bare, men byr ogs\u00e5 p\u00e5 et dypdykk i flamencoens historie og lidenskap. Flamenco har sin opprinnelse i den andalusiske regionen i Spania, og er en dynamisk kunstform som kombinerer sang (cante), gitarspill (toque) og dans (baile). Denne \u00e5rhundregamle tradisjonen er kjent for sin emosjonelle intensitet og uttrykksfulle historiefortelling, som gjenspeiler Spanias kulturelle tapet.<\/p>\n<p><strong>Fran Chafinos kunstneriske visjon:<\/strong> Under Fran Chafinos mesterlige ledelse vekker Ol\u00e9 Flamenco Show Tenerife denne rike arven til live med en moderne vri. Frans koreografi er en blanding av tradisjonelle teknikker og moderne elementer, noe som skaper en unik forestilling som hedrer flamencoens r\u00f8tter samtidig som den fengsler det moderne publikummet.<\/p>\n<p><strong>Ulike flamencostiler:<\/strong> Forestillingen byr p\u00e5 en rekke ulike flamencostiler, som de fartsfylte buler\u00edas og de glade alegr\u00edas, hver med sin egen distinkte rytme og stemning. Dette mangfoldet sikrer en levende og engasjerende opplevelse som viser hele spekteret av flamencoens f\u00f8lelsesmessige og musikalske spennvidde.<\/p>\n<h3>\ud83c\udf1f Bli med p\u00e5 en uforglemmelig kveld<\/h3>\n<p>Opplev magien i flamencoshowet p\u00e5 Tenerife med CanaryVIP. Fordyp deg i en fascinerende blanding av lidenskapelig musikk, levende dans og rik spansk kultur p\u00e5 det luksuri\u00f8se GF Victoria Hotel.<\/p>\n<p>Dette fengslende showet, regissert av den anerkjente Fran Chafino, lover en uforglemmelig kveld fylt med autentisk flamenco og moderne stil. Sikre deg billetter n\u00e5 til en kveld med eleganse og underholdning, og la deg fortrylle av de rytmiske rytmene og de uttrykksfulle opptredenene. Ikke g\u00e5 glipp av denne unike kulturopplevelsen i hjertet av Tenerife.<\/p>\n<p>Bestill billetter til Flamenco Show Tenerife i dag! \ud83c\udf0c\ud83d\udc83<\/p>","protected":false},"excerpt":{"rendered":"<p><strong>\ud83d\udd0d Flamenco-show p\u00e5 Tenerife:<\/strong><br \/>\n\u2705 Sikker betaling.<br \/>\n\ud83d\udc83 Autentisk flamencoforestilling.<br \/>\n\ud83d\udd59 Hver torsdag kl. 20.15.<br \/>\n\u23f3 Varighet \u2248 2 timer<br \/>\n\ud83d\ude80 Veldig popul\u00e6r!<br \/>\n\ud83e\udd11 Garantert beste pris.<br \/>\n\ud83d\udc6a Rabatter for gruppebestillinger.<br \/>\n\ud83d\udd01 Gratis avbestilling i opptil 48 timer.<br \/>\n\ud83c\udf1f Bestill tidlig, det blir fort fullt!<br \/>\n\ud83d\udccd Sted p\u00e5\u00a0<a href=\"https:\/\/maps.app.goo.gl\/boB3JcWYHb8AiGY58\">Hotel GF Victoria<\/a>.<\/p>","protected":false},"featured_media":11440,"comment_status":"open","ping_status":"closed","template":"","meta":{"_acf_changed":false},"product_brand":[],"product_cat":[59],"product_tag":[],"class_list":{"0":"post-11438","1":"product","2":"type-product","3":"status-publish","4":"has-post-thumbnail","6":"product_cat-evening-shows","7":"wcpa_has_options","9":"first","10":"instock","11":"virtual","12":"purchasable","13":"product-type-simple"},"acf":[],"wcpa_form_fields":{"wcpaData":{"product":{"product_price":51,"price_html":"From&nbsp;<span class=\"woocommerce-Price-amount amount\"><bdi>51,00&nbsp;<span class=\"woocommerce-Price-currencySymbol\">&euro;<\/span><\/bdi><\/span>","original_product_price":51,"price_including_tax":51,"price_excluding_tax":51,"product_id":{"parent":11438,"variation":false},"is_variable":false,"stock_status":"instock","stock_quantity":null,"parent_sku":"CV11438","product_attributes":[],"custom_fields":[],"is_taxable":false,"product_name":"OL\u00c9 Flamenco Show Tenerife","hasImage":false},"fields":{"sec_5663fdb09e5296":{"extra":{"key":"sec_5663fdb09e5296","section_id":"sec_5663fdb09e5296","name":"Default","status":1,"cl_rule":"show","enableCl":false,"relations":[],"toggle":true,"title_tag":"h3","show_title":false,"showPrice":"default","form_id":11439,"form_rules":{"exclude_from_discount":true,"fee_label":"Fee","disp_hide_options_price":true,"disp_show_section_price":false,"disp_show_field_price":true,"layout_option":"standard","pric_use_as_fee":false,"process_fee_as":"woo_fee"},"layout_option":"standard"},"fields":[[{"label":"\ud83d\udcc5 Date","active":true,"required":true,"elementId":"date_2663fdb09e52b5","picker_type":"custom","picker_mode":"single","placeholder":"","description":"","tooltip":"","name":"date_2663fdb09e52b5","label_position":"default","desc_position":"default","enablePrice":false,"className":"","enableCl":false,"relations":[{"operator":"and","rules":[{"operator":"AND","rules":{"cl_field":"radio-group_4663fdb09e52c5","cl_relation":"is_not_empty","cl_val":"3 Hour Trip"}}]}],"date_pic_inline":true,"date_pic_inline_hide":true,"min_date":{"type":"days","val":"1"},"max_date":{"type":"days","val":"180"},"date_pic_conf":{"disabledWeeks":[0,1,3,5,6,2],"disabledDates":["2025-02-06","2025-06-27 to 2025-07-01","2026-01-01 to 2026-01-14","2026-03-12","2026-03-19"]},"price":"","cl_rule":"show","col":6,"type":"date","error":false,"enableDesign":false,"LabelColor":"","isWeightTemplate":false,"isTemplate":false,"min_quantity":"1","quantity_decimal":false,"quantity_step":"1","quantity_label":"Quantity","repeater_field_label":"{field_label}","repeater_bind":"","gt_translate_keys":["label","placeholder","description","tooltip","repeater_field_label","quantity_label"],"price_dependency":false,"cl_dependency":["radio-group_4663fdb09e52c5"],"value":""}],[{"active":true,"col":6,"relations":[{"operator":false,"rules":[{"operator":"AND","rules":{"cl_field":"","cl_relation":"","cl_val":""}}]}],"cl_rule":"show","enableCl":false,"price":"","enablePrice":false,"className":"","label_position":"default","desc_position":"default","type":"radio-group","required":true,"elementId":"radio-group_4663fdb09e52c5","label":"\ud83c\udf1f Type of Ticket","name":"radio-group_4663fdb09e52c5","values":[{"label":"Gold Entrance (51\u20ac)","value":"Gold Entrance","selected":false,"tempId":"aco_28","description":"Enjoy the live show.","options_cl":false,"relations":[{"operator":false,"rules":[{"operator":"AND","rules":{"cl_field":"","cl_relation":"","cl_val":""}}]}],"cl_rule":"show","gt_translate_keys":["label","description"]},{"label":"Platinum Entrance (61\u20ac)","value":"Platinum Entrance","selected":false,"tempId":"aco_29","description":"Enjoy the live show, wine, snacks and better seating.","options_cl":true,"relations":[{"operator":false,"rules":[{"operator":"AND","rules":{"cl_field":"date_2663fdb09e52b5","cl_relation":"is","cl_val":"2026-04-16"}}]}],"cl_rule":"hide","gt_translate_keys":["label","description"]}],"layOut":"","error":false,"checkUi":"toggle","enableDesign":false,"scrollBar":false,"description":"","other":false,"options_description":true,"show_selected_option":false,"isWeightTemplate":false,"isTemplate":false,"min_quantity":"1","quantity_decimal":false,"quantity_step":"1","quantity_label":"Quantity","repeater_field_label":"{field_label}","repeater_bind":"","gt_translate_keys":["label","description","repeater_field_label","quantity_label"],"price_dependency":false,"cl_dependency":[false,false],"value":""}]]},"sec_1663fdb09e52c7":{"extra":{"key":"sec_1663fdb09e52c7","section_id":"sec_1663fdb09e52c7","name":"Gold","status":1,"cl_rule":"show","enableCl":true,"relations":[{"operator":false,"rules":[{"operator":"AND","rules":{"cl_field":"radio-group_4663fdb09e52c5","cl_relation":"is","cl_val":"Gold Entrance"}}]}],"toggle":true,"title_tag":"h4","show_title":false,"showPrice":"default","form_id":11439,"form_rules":{"exclude_from_discount":true,"fee_label":"Fee","disp_hide_options_price":true,"disp_show_section_price":false,"disp_show_field_price":true,"layout_option":"standard","pric_use_as_fee":false,"process_fee_as":"woo_fee"},"layout_option":"standard"},"fields":[[{"active":true,"col":6,"relations":false,"cl_rule":"show","enableCl":false,"price":"","enablePrice":false,"className":"","label_position":"default","desc_position":"default","type":"separator","required":false,"elementId":"separator_6663fdb09e52d3","label":"Separator Field","height":"8","separatorType":"blank","error":false,"gt_translate_keys":["label"],"price_dependency":false,"cl_dependency":false,"value":""}],[{"active":true,"col":6,"relations":false,"cl_rule":"show","enableCl":false,"price":"","enablePrice":false,"className":"","label_position":"default","desc_position":"default","type":"content","required":false,"elementId":"content_6663fdb09e5310","label":"People","name":"content_6663fdb09e5310","contentType":"plain","value":"","error":false,"show_in_checkout":true,"inline":false,"gt_translate_keys":["label","value"],"price_dependency":false,"cl_dependency":false}],[{"active":true,"col":6,"relations":[{"operator":false,"rules":[{"operator":"AND","rules":{"cl_field":"","cl_relation":"","cl_val":""}}]}],"cl_rule":"show","enableCl":false,"price":"51","enablePrice":true,"className":"","label_position":"default","desc_position":"default","type":"radio-group","required":false,"elementId":"radio-group_0663fdb09e531c","label":"","name":"radio-group_0663fdb09e531c","values":[{"label":"\ud83d\udc64 Adult (51\u20ac)","value":"Adult","selected":true,"tempId":"aco_32","tooltip":"+13 Years","description":"","gt_translate_keys":["label","tooltip","description"]}],"layOut":"","error":false,"checkUi":"button","priceOptions":"fixed_for_all","pricingType":"fixed","enable_quantity":true,"quantity_label":"","min_quantity":"0","options_tooltip":true,"options_description":true,"isWeightTemplate":false,"isTemplate":false,"quantity_decimal":false,"quantity_step":"1","repeater_field_label":"{field_label}","repeater_bind":"","gt_translate_keys":["label","repeater_field_label","quantity_label"],"price_dependency":false,"cl_dependency":false,"value":""}],[{"label":"","active":true,"required":false,"elementId":"radio-group-0980466659","name":"radio-group-0980466659","label_position":"default","desc_position":"default","enablePrice":true,"className":"","enableCl":false,"relations":[{"operator":false,"rules":[{"operator":"AND","rules":{"cl_field":"","cl_relation":"","cl_val":""}}]}],"enable_quantity":true,"quantity_label":"","min_quantity":"0","checkUi":"button","layOut":"","options_tooltip":true,"options_description":true,"values":[{"label":"\ud83d\udc66 Child (25,50\u20ac)","value":"Child","selected":true,"tempId":"aco_32","tooltip":"3-12 Years","description":"","gt_translate_keys":["label","tooltip","description"]}],"priceOptions":"fixed_for_all","pricingType":"fixed","price":"25,50","cl_rule":"show","col":6,"type":"radio-group","error":false,"isWeightTemplate":false,"isTemplate":false,"quantity_decimal":false,"quantity_step":"1","repeater_field_label":"{field_label}","repeater_bind":"","gt_translate_keys":["label","repeater_field_label","quantity_label"],"price_dependency":false,"cl_dependency":false,"value":""}]]},"sec_2663fdb09e531d":{"extra":{"key":"sec_2663fdb09e531d","section_id":"sec_2663fdb09e531d","name":"Platinum","status":1,"cl_rule":"show","enableCl":true,"relations":[{"operator":false,"rules":[{"operator":"AND","rules":{"cl_field":"radio-group_4663fdb09e52c5","cl_relation":"is","cl_val":"Platinum Entrance"}}]}],"toggle":true,"title_tag":"h4","show_title":false,"showPrice":"default","form_id":11439,"form_rules":{"exclude_from_discount":true,"fee_label":"Fee","disp_hide_options_price":true,"disp_show_section_price":false,"disp_show_field_price":true,"layout_option":"standard","pric_use_as_fee":false,"process_fee_as":"woo_fee"},"layout_option":"standard"},"fields":[[{"elementId":"separator_6663fdb09e5327","separatorType":"blank","className":"","height":"8","enableCl":false,"relations":false,"cl_rule":"show","col":6,"type":"separator","error":false,"gt_translate_keys":[],"price_dependency":false,"cl_dependency":false,"value":""}],[{"contentType":"plain","active":true,"label":"People","elementId":"content_0663fdb09e5331","value":"","inline":false,"show_in_checkout":true,"name":"content_0663fdb09e5331","enablePrice":false,"className":"","enableCl":false,"relations":false,"price":"","cl_rule":"show","col":6,"type":"content","gt_translate_keys":["label","value"],"price_dependency":false,"cl_dependency":false}],[{"label":"","active":true,"required":false,"elementId":"radio-group_9663fdb09e533c","name":"radio-group_9663fdb09e533c","label_position":"default","desc_position":"default","enablePrice":true,"className":"","enableCl":false,"relations":[{"operator":false,"rules":[{"operator":"AND","rules":{"cl_field":"","cl_relation":"","cl_val":""}}]}],"enable_quantity":true,"quantity_label":"","min_quantity":"0","checkUi":"button","layOut":"","options_tooltip":true,"values":[{"label":"\ud83d\udc64 Adult (61\u20ac)","value":"Adult","selected":true,"tempId":"aco_32","tooltip":"+13 Years","gt_translate_keys":["label","tooltip"]}],"priceOptions":"fixed_for_all","pricingType":"fixed","price":"61","cl_rule":"show","col":6,"type":"radio-group","error":false,"isWeightTemplate":false,"isTemplate":false,"quantity_decimal":false,"quantity_step":"1","repeater_field_label":"{field_label}","repeater_bind":"","gt_translate_keys":["label","repeater_field_label","quantity_label"],"price_dependency":false,"cl_dependency":false,"value":""}],[{"label":"","active":true,"required":false,"elementId":"radio-group-1037099900","name":"radio-group-1037099900","label_position":"default","desc_position":"default","enablePrice":true,"className":"","enableCl":false,"relations":[{"operator":false,"rules":[{"operator":"AND","rules":{"cl_field":"","cl_relation":"","cl_val":""}}]}],"enable_quantity":true,"quantity_label":"","min_quantity":"0","checkUi":"button","layOut":"","options_tooltip":true,"options_description":true,"values":[{"label":"\ud83d\udc66 Child (30,50\u20ac)","value":"Child","selected":true,"tempId":"aco_32","tooltip":"3-12 Years","description":"","gt_translate_keys":["label","tooltip","description"]}],"priceOptions":"fixed_for_all","pricingType":"fixed","price":"30,50","cl_rule":"show","col":6,"type":"radio-group","error":false,"isWeightTemplate":false,"isTemplate":false,"quantity_decimal":false,"quantity_step":"1","repeater_field_label":"{field_label}","repeater_bind":"","gt_translate_keys":["label","repeater_field_label","quantity_label"],"price_dependency":false,"cl_dependency":false,"value":""}]]}},"config":{"price_override":"always","enable_recaptcha":false,"bind_quantity":false,"quantity_bind_formula":false,"disp_summ_show_option_price":true,"disp_summ_show_product_price":false,"disp_summ_show_total_price":true,"disp_summ_show_fee":true,"disp_summ_show_discount":true,"summary_title":"","options_total_label":"Options Price","total_label":"Total Amount","options_product_label":"Product Price","fee_label":"Fee","discount_label":"Discount","has_price":true,"has_quantity_formula":false},"mc_unit":1,"tax_rate":1,"tax_rate_real":1,"discount":{"percentage":0,"fixed":0},"design":{"conf":{"LabelPosition":"above","DescPosition":"above","UploadField":"custom_1","QuantityFieldStyle":"custom_1"},"css":{"LeftLabelWidth":"120px"}},"formulas":[],"lookuptables":[],"clones":false,"cartKey":false}},"_links":{"self":[{"href":"https:\/\/canaryvip.com\/nb\/wp-json\/wp\/v2\/product\/11438","targetHints":{"allow":["GET"]}}],"collection":[{"href":"https:\/\/canaryvip.com\/nb\/wp-json\/wp\/v2\/product"}],"about":[{"href":"https:\/\/canaryvip.com\/nb\/wp-json\/wp\/v2\/types\/product"}],"replies":[{"embeddable":true,"href":"https:\/\/canaryvip.com\/nb\/wp-json\/wp\/v2\/comments?post=11438"}],"wp:featuredmedia":[{"embeddable":true,"href":"https:\/\/canaryvip.com\/nb\/wp-json\/wp\/v2\/media\/11440"}],"wp:attachment":[{"href":"https:\/\/canaryvip.com\/nb\/wp-json\/wp\/v2\/media?parent=11438"}],"wp:term":[{"taxonomy":"product_brand","embeddable":true,"href":"https:\/\/canaryvip.com\/nb\/wp-json\/wp\/v2\/product_brand?post=11438"},{"taxonomy":"product_cat","embeddable":true,"href":"https:\/\/canaryvip.com\/nb\/wp-json\/wp\/v2\/product_cat?post=11438"},{"taxonomy":"product_tag","embeddable":true,"href":"https:\/\/canaryvip.com\/nb\/wp-json\/wp\/v2\/product_tag?post=11438"}],"curies":[{"name":"wp","href":"https:\/\/api.w.org\/{rel}","templated":true}]}}