{"id":11308,"date":"2024-04-16T23:45:59","date_gmt":"2024-04-16T22:45:59","guid":{"rendered":"https:\/\/canaryvip.com\/?post_type=product&#038;p=11308"},"modified":"2025-08-09T12:39:52","modified_gmt":"2025-08-09T11:39:52","slug":"banana-boat-tenerife","status":"publish","type":"product","link":"https:\/\/canaryvip.com\/nb\/shop\/banana-boat-tenerife\/","title":{"rendered":"Bananb\u00e5t Tenerife"},"content":{"rendered":"<h2><strong>\ud83c\udf4c Banana Boat Tenerife - ville b\u00f8lger og latter<\/strong><\/h2>\n<p>Gj\u00f8r deg klar for en skvett moro med v\u00e5r <strong>Bananb\u00e5t Tenerife<\/strong> turer! Disse turene er ideelle for familier og grupper, og kombinerer fart, sprut og latter for en minneverdig dag p\u00e5 vannet. V\u00e5re <strong>Utflukter med bananb\u00e5t<\/strong> er en tidl\u00f8s m\u00e5te \u00e5 oppleve spenningen ved havet i Costa Adeje.<\/p>\n<h3><strong>\ud83c\udf0a Start eventyret ditt i Puerto Col\u00f3n<\/strong><\/h3>\n<ul>\n<li><strong>Spennende lansering:<\/strong> Din reise med bananb\u00e5t begynner p\u00e5 <a href=\"https:\/\/maps.app.goo.gl\/bkqEhAxsobcjz9wG9\" target=\"_blank\" rel=\"noopener\">Puerto Col\u00f3n,<\/a> hvor v\u00e5re entusiastiske guider \u00f8nsker deg velkommen og gir deg en rask sikkerhetsgjennomgang f\u00f8r du hopper p\u00e5 den ikoniske gule fl\u00e5ten.<\/li>\n<li><strong>En spennende tur:<\/strong> Klatre om bord i den oppbl\u00e5sbare bananen og hold deg godt fast mens speedb\u00e5ten drar deg langs b\u00f8lgene. Forbered deg p\u00e5 fall og ujevnheter mens du ler og skriker av fryd sammen med venner og familie!<\/li>\n<\/ul>\n<h3><strong>\u2728 Hva gj\u00f8r bananb\u00e5tturene v\u00e5re spesielle?<\/strong><\/h3>\n<ul>\n<li><strong>Tilgjengelig moro:<\/strong> Bare 15 \u20ac per person sikrer deg en plass p\u00e5 denne popul\u00e6re vannsporten, som ogs\u00e5 er perfekt for grupper. Det er en rimelig og spennende utflukt for alle!<\/li>\n<li><strong>Konsekvent ros:<\/strong> Vi er stolte av gleden og latteren turene v\u00e5re gir, noe som gjenspeiles i de str\u00e5lende anmeldelsene fra rytterne v\u00e5re. Din moro er v\u00e5r prioritet!<\/li>\n<li><strong>Fleksible reservasjoner:<\/strong> Endrede planer? Du kan avbestille opp til 24 timer i forveien og f\u00e5 full refusjon - v\u00e5r forpliktelse til \u00e5 im\u00f8tekomme dine feriebehov.<\/li>\n<\/ul>\n<h3><strong>\ud83d\ude80 Ta en tur med bananb\u00e5t p\u00e5 Tenerife<\/strong><\/h3>\n<ul>\n<li><strong>Gruppedynamikk:<\/strong> Opplev spenningen sammen med opptil 12 ryttere. Den kollektive spenningen og de felles reaksjonene skaper et uforglemmelig eventyr.<\/li>\n<li><strong>Safe and Sound:<\/strong> V\u00e5rt oppl\u00e6rte mannskap s\u00f8rger for en trygg tur fra start til slutt, og styrer b\u00e5ten med kyndig omsorg for \u00e5 maksimere din forn\u00f8yelse og sikkerhet.<\/li>\n<\/ul>\n<h3><strong>\ud83c\udf1f Mer enn bare bananb\u00e5ter<\/strong><\/h3>\n<ul>\n<li>Utvid vannsportsopplevelsene dine med alternativer som <a href=\"https:\/\/canaryvip.com\/nb\/shop\/jetski-tenerife\/\">vannscooter Tenerife<\/a>, <a href=\"https:\/\/canaryvip.com\/nb\/shop\/parasailing-tenerife\/\">Parasailing Tenerife<\/a>og til og med <a href=\"https:\/\/canaryvip.com\/nb\/tenerife\/boat-excursions\/\">hvalsafari og hvalsafari<\/a>, alle fra samme pulserende beliggenhet i Puerto Col\u00f3n.<\/li>\n<\/ul>\n<h3>\ud83d\udcc5 <strong>Bestill bananb\u00e5ttur p\u00e5 Tenerife i dag<\/strong><\/h3>\n<p>Enten du er ute etter spenning eller en morsom gruppeaktivitet, tilbyr bananb\u00e5tturene v\u00e5re den perfekte blandingen av begge deler. Sikre deg plass i dag, og forbered deg p\u00e5 en spennende opplevelse p\u00e5 vannet.<\/p>\n<h3>\u2705 <strong>Hva er inkludert i bananb\u00e5tturen?<\/strong><\/h3>\n<ul>\n<li>Full sikkerhetsinstruksjon og redningsvester til alle ryttere.<\/li>\n<li>En spennende tur p\u00e5 ti minutter.<\/li>\n<li>Fotografier av eventyret ditt kan kj\u00f8pes for \u00e5 forevige de morsomme \u00f8yeblikkene.<\/li>\n<\/ul>\n<h3><strong>\u2696\ufe0f P\u00e5litelig booking og enkel avbestilling<\/strong><\/h3>\n<ul>\n<li><strong>Enkel bestilling:<\/strong> Bestill enkelt og greit, og vit at du kan avbestille opptil 24 timer i forveien med full refusjon hvis planene dine endres.<\/li>\n<li><strong>Alle er invitert:<\/strong> Passer for spenningss\u00f8kende i alderen 10 til 65 \u00e5r. V\u00e5re attraksjoner er designet for \u00e5 v\u00e6re inkluderende og morsomme for alle.<\/li>\n<\/ul>\n<h3><strong>\ud83c\udf92 Forberedelser til turen<\/strong><\/h3>\n<ul>\n<li><strong>Bruk riktig utstyr:<\/strong> Kom i badet\u00f8y og v\u00e6r klar til \u00e5 bli v\u00e5t! Ikke glem \u00e5 ta med et h\u00e5ndkle og solkrem for \u00e5 beskytte deg mot solen.<\/li>\n<li><strong>Hold verdisaker trygge:<\/strong> Sett fra deg sko og sklisikre gjenstander i v\u00e5re sikre oppbevaringsbokser ved brygga. Ta med et vanntett kamera hvis du \u00f8nsker \u00e5 ta personlige bilder.<\/li>\n<li><strong>Helse og sikkerhet:<\/strong> V\u00e5r aktivitet er ikke egnet for gravide, men er fantastisk for nesten alle andre! S\u00f8rg for at du er klar for en fysisk tur.<\/li>\n<\/ul>\n<h3>\u2753 <strong>Ofte stilte sp\u00f8rsm\u00e5l<\/strong><\/h3>\n<ul>\n<li><strong>Kan hvem som helst delta i en bananb\u00e5ttur?<\/strong> Ja! Bananb\u00e5tturene v\u00e5re er perfekte for alle mellom 10 og 65 \u00e5r. Ingen tidligere sv\u00f8mmeferdigheter er n\u00f8dvendig, ettersom alle deltakerne vil bli utstyrt med redningsvester.<\/li>\n<li><strong>Hva kan jeg forvente meg under turen?<\/strong> Forvent \u00e5 bli sprayet, sprutet p\u00e5 og ledd av (i godt hum\u00f8r)! Alt handler om \u00e5 ha det g\u00f8y og oppleve spenningen ved havet.<\/li>\n<\/ul>\n<h4><strong>\ud83c\udf1e Klar til \u00e5 sykle?<\/strong><\/h4>\n<p>Dykk ned i moroa med bananb\u00e5tturene v\u00e5re p\u00e5 <strong>CanaryVIP.<\/strong> Bestill n\u00e5, og gj\u00f8r deg klar til \u00e5 lage b\u00f8lger i Tenerifes vakre hav!<\/p>","protected":false},"excerpt":{"rendered":"<p>\ud83d\udd0d <strong>Banana Boat Tenerife:<br \/>\n<\/strong>\u2705 Sikker betaling.<br \/>\n\ud83d\udc65 Opptil 12 ryttere per tur.<br \/>\n\ud83d\ude80 Turer varer i 10 minutter.<br \/>\n\ud83c\udfde\ufe0f Kj\u00f8rer i h\u00f8y hastighet.<br \/>\n\ud83d\udd59 Gjennom hele dagen.<br \/>\n\ud83d\udcc5 Tilgjengelig hver dag.<br \/>\n\ud83e\udd11 Garantert beste pris.<br \/>\n\ud83d\udc6a Rabatter for grupper.<br \/>\n\ud83d\udd01 24 timers avbestillingsregler.<br \/>\n\ud83c\udf0d St\u00f8tte for flere spr\u00e5k.<br \/>\n\ud83c\udf1f Bestill p\u00e5 forh\u00e5nd for \u00e5 spare penger.<br \/>\n\ud83d\udccd Avgang fra <a href=\"https:\/\/maps.app.goo.gl\/bkqEhAxsobcjz9wG9\">Puerto Col\u00f3n<\/a>.<\/p>","protected":false},"featured_media":11311,"comment_status":"open","ping_status":"closed","template":"","meta":{"_acf_changed":false},"product_brand":[],"product_cat":[53],"product_tag":[],"class_list":{"0":"post-11308","1":"product","2":"type-product","3":"status-publish","4":"has-post-thumbnail","6":"product_cat-water-sports","7":"wcpa_has_options","9":"first","10":"instock","11":"virtual","12":"purchasable","13":"product-type-simple"},"acf":[],"wcpa_form_fields":{"wcpaData":{"product":{"product_price":18,"price_html":"From&nbsp;<span class=\"woocommerce-Price-amount amount\"><bdi>18,00&nbsp;<span class=\"woocommerce-Price-currencySymbol\">&euro;<\/span><\/bdi><\/span>","original_product_price":18,"price_including_tax":18,"price_excluding_tax":18,"product_id":{"parent":11308,"variation":false},"is_variable":false,"stock_status":"instock","stock_quantity":null,"parent_sku":"CV11308","product_attributes":[],"custom_fields":[],"is_taxable":false,"product_name":"Banana Boat Tenerife","hasImage":false},"fields":{"sec_7661f1665d94fb":{"extra":{"key":"sec_7661f1665d94fb","section_id":"sec_7661f1665d94fb","name":"Default","status":1,"cl_rule":"show","enableCl":false,"relations":[],"toggle":true,"title_tag":"h3","show_title":false,"showPrice":"default","form_id":11314,"form_rules":{"exclude_from_discount":true,"fee_label":"Fee","disp_hide_options_price":true,"disp_show_section_price":false,"disp_show_field_price":true,"layout_option":"standard","pric_use_as_fee":false,"process_fee_as":"woo_fee"},"layout_option":"standard"},"fields":[[{"label":"\ud83d\udcc5 Date","active":true,"required":true,"elementId":"date_3661f1665d951b","picker_type":"custom","picker_mode":"single","placeholder":"","description":"","tooltip":"","name":"date_3661f1665d951b","label_position":"default","desc_position":"default","enablePrice":false,"className":"","enableCl":false,"relations":[{"operator":"and","rules":[{"operator":"AND","rules":{"cl_field":"radio-group_5661bc90f5e8f5","cl_relation":"is_not_empty","cl_val":"3 Hour Trip"}}]}],"date_pic_inline":true,"date_pic_inline_hide":true,"min_date":{"type":"days","val":"1"},"max_date":{"type":"days","val":"365"},"date_pic_conf":{"disabledWeeks":[]},"price":"","cl_rule":"show","col":6,"type":"date","error":false,"enableDesign":false,"LabelColor":"","gt_translate_keys":["label","placeholder","description","tooltip"],"price_dependency":false,"cl_dependency":false,"value":""}],[{"active":true,"col":6,"relations":false,"cl_rule":"show","enableCl":false,"price":"","enablePrice":false,"className":"","label_position":"default","desc_position":"default","type":"select","required":true,"elementId":"select_3477053266","label":"\u23f0 Departure Time","name":"select_3477053266","values":[{"label":"Whichever Time is Best","value":"Whichever Time is Best","selected":false,"tempId":"aco_312","gt_translate_keys":["label"]},{"label":"10:30","value":"10:30","selected":false,"tempId":"aco_313","gt_translate_keys":["label"]},{"label":"11:30","value":"11:30","selected":false,"tempId":"aco_314","gt_translate_keys":["label"]},{"label":"12:30 ","value":"12:30","selected":false,"tempId":"aco_711","gt_translate_keys":["label"]},{"label":"13:30","value":"13:30","selected":false,"tempId":"aco_721","gt_translate_keys":["label"]},{"label":"14:30","value":"14:30","selected":false,"tempId":"aco_983","gt_translate_keys":["label"]},{"label":"15:30","value":"15:30","selected":false,"tempId":"aco_993","gt_translate_keys":["label"]},{"label":"16:30","value":"16:30","selected":false,"tempId":"aco_1183","gt_translate_keys":["label"]}],"dropdown_type":"basic","error":false,"multiple":false,"placeholder":"None","gt_translate_keys":["label","placeholder"],"price_dependency":false,"cl_dependency":false,"value":""}],[{"active":true,"col":6,"relations":[{"operator":false,"rules":[{"operator":"AND","rules":{"cl_field":"","cl_relation":"","cl_val":""}}]}],"cl_rule":"show","enableCl":true,"price":"18","enablePrice":true,"className":"","label_position":"default","desc_position":"default","type":"radio-group","required":false,"elementId":"radio-group_0661f1665d9537","label":"","name":"radio-group_0661f1665d9537","values":[{"label":"\ud83d\udc64 People (18\u20ac)","value":"People","selected":true,"tempId":"aco_32","tooltip":"","description":"","gt_translate_keys":["label","tooltip","description"]}],"layOut":"","error":false,"checkUi":"button","priceOptions":"fixed_for_all","pricingType":"fixed","enable_quantity":true,"quantity_label":"","min_quantity":"0","options_tooltip":true,"options_description":true,"is_show_price":true,"gt_translate_keys":["label","quantity_label"],"price_dependency":["content_2802764779","content-8155931385","content-8167489432"],"cl_dependency":false,"value":""}],[{"active":true,"col":6,"relations":false,"cl_rule":"show","enableCl":false,"price":"","enablePrice":false,"className":"","label_position":"default","desc_position":"default","type":"separator","required":false,"elementId":"separator_2804989181","label":"Separator Field","height":"6","separatorType":"fill","error":false,"separatorColor":"#66a5b6","gt_translate_keys":["label"],"price_dependency":false,"cl_dependency":false,"value":""}],[{"active":true,"col":6,"relations":false,"cl_rule":"show","enableCl":false,"price":"{field.radio-group_0661f1665d9537.price}*0.30","enablePrice":true,"className":"","label_position":"default","desc_position":"default","type":"content","required":false,"elementId":"content_2802764779","label":"Deposit Now","name":"content_2802764779","contentType":"plain","value":"","error":false,"subtype":"div","inline":true,"show_in_checkout":true,"pricingType":"custom","isTemplate":false,"gt_translate_keys":["label","value"],"price_dependency":false,"cl_dependency":false}],[{"contentType":"plain","active":true,"label":"Payment at Arrival","elementId":"content-8155931385","value":"","inline":true,"show_in_checkout":true,"name":"content-8155931385","enablePrice":true,"className":"","subtype":"div","enableCl":false,"relations":false,"pricingType":"custom","isTemplate":false,"price":"{field.radio-group_0661f1665d9537.price}*0.70","is_show_price":true,"cl_rule":"show","col":6,"type":"content","error":false,"gt_translate_keys":["label","value"],"price_dependency":false,"cl_dependency":false}],[{"contentType":"plain","active":true,"label":"Total Price","elementId":"content-8167489432","value":"","inline":true,"show_in_checkout":true,"name":"content-8167489432","enablePrice":true,"className":"","subtype":"div","enableCl":false,"relations":false,"pricingType":"custom","isTemplate":false,"price":"{field.radio-group_0661f1665d9537.price}","is_show_price":true,"cl_rule":"show","col":6,"type":"content","error":false,"gt_translate_keys":["label","value"],"price_dependency":false,"cl_dependency":false}]]}},"config":{"price_override":"always","enable_recaptcha":false,"bind_quantity":false,"quantity_bind_formula":false,"disp_summ_show_option_price":true,"disp_summ_show_product_price":false,"disp_summ_show_total_price":true,"disp_summ_show_fee":true,"disp_summ_show_discount":true,"summary_title":"","options_total_label":"Options Price","total_label":"Total Amount","options_product_label":"Product Price","fee_label":"Fee","discount_label":"Discount","has_price":true,"has_quantity_formula":false},"mc_unit":1,"tax_rate":1,"tax_rate_real":1,"discount":{"percentage":0,"fixed":0},"design":{"conf":{"LabelPosition":"above","DescPosition":"above","UploadField":"custom_1","QuantityFieldStyle":"custom_1"},"css":{"LeftLabelWidth":"120px"}},"formulas":[],"lookuptables":[],"clones":false,"cartKey":false}},"_links":{"self":[{"href":"https:\/\/canaryvip.com\/nb\/wp-json\/wp\/v2\/product\/11308","targetHints":{"allow":["GET"]}}],"collection":[{"href":"https:\/\/canaryvip.com\/nb\/wp-json\/wp\/v2\/product"}],"about":[{"href":"https:\/\/canaryvip.com\/nb\/wp-json\/wp\/v2\/types\/product"}],"replies":[{"embeddable":true,"href":"https:\/\/canaryvip.com\/nb\/wp-json\/wp\/v2\/comments?post=11308"}],"wp:featuredmedia":[{"embeddable":true,"href":"https:\/\/canaryvip.com\/nb\/wp-json\/wp\/v2\/media\/11311"}],"wp:attachment":[{"href":"https:\/\/canaryvip.com\/nb\/wp-json\/wp\/v2\/media?parent=11308"}],"wp:term":[{"taxonomy":"product_brand","embeddable":true,"href":"https:\/\/canaryvip.com\/nb\/wp-json\/wp\/v2\/product_brand?post=11308"},{"taxonomy":"product_cat","embeddable":true,"href":"https:\/\/canaryvip.com\/nb\/wp-json\/wp\/v2\/product_cat?post=11308"},{"taxonomy":"product_tag","embeddable":true,"href":"https:\/\/canaryvip.com\/nb\/wp-json\/wp\/v2\/product_tag?post=11308"}],"curies":[{"name":"wp","href":"https:\/\/api.w.org\/{rel}","templated":true}]}}