{"id":11303,"date":"2024-04-16T23:11:21","date_gmt":"2024-04-16T22:11:21","guid":{"rendered":"https:\/\/canaryvip.com\/?post_type=product&#038;p=11303"},"modified":"2025-08-09T12:40:39","modified_gmt":"2025-08-09T11:40:39","slug":"flyfish-tenerife","status":"publish","type":"product","link":"https:\/\/canaryvip.com\/nb\/shop\/flyfish-tenerife\/","title":{"rendered":"Fluefiske p\u00e5 Tenerife"},"content":{"rendered":"<h2><strong>\ud83c\udf0a FlyFish Tenerife - ri p\u00e5 havets b\u00f8lger<\/strong><\/h2>\n<p>Gj\u00f8r deg klar for en adrenalinpumpende opplevelse med v\u00e5r <strong>Fluefiske p\u00e5 Tenerife<\/strong> eventyr! F\u00f8l suset av \u00e5 fly over havet mens du klamrer deg fast til v\u00e5r spesialdesignede oppbl\u00e5sbare fl\u00e5te. V\u00e5r <strong>FlyFish-utflukter<\/strong> Lov en uforglemmelig dag med vannsport i h\u00f8y hastighet i de vakre omgivelsene p\u00e5 Costa Adeje.<\/p>\n<h3><strong>\ud83d\udea4 Start ditt fluefiskeeventyr<\/strong><\/h3>\n<ul>\n<li><strong>Eventyret begynner:<\/strong> Reisen din starter direkte p\u00e5 <a href=\"https:\/\/maps.app.goo.gl\/bkqEhAxsobcjz9wG9\" target=\"_blank\" rel=\"noopener\">Puerto Col\u00f3n,<\/a>\u00a0det offisielle avgangspunktet for ditt FlyFish-eventyr. Ved ankomst blir du introdusert til den spennende verdenen av FlyFish, f\u00e5r en omfattende sikkerhetsgjennomgang og blir klargjort for den spennende turen som venter deg.<\/li>\n<li><strong>The FlyFish Experience:<\/strong> Spenn deg fast og hold deg godt fast mens motorb\u00e5ten suser deg over b\u00f8lgene. Nyt sj\u00f8vannets plask og vinden i ansiktet p\u00e5 denne spennende turen.<\/li>\n<\/ul>\n<p>&nbsp;<\/p>\n<h3><strong>\u2728 Hvorfor velge CanaryVIP for din fluefiskeopplevelse?<\/strong><\/h3>\n<ul>\n<li><strong>Konkurransedyktige priser:<\/strong> Hopp om bord for s\u00e5 lite som 45 \u20ac per person, med fantastiske gruppe- og tilskuerpriser tilgjengelig. Kvalitet og spenning til en uovertruffen pris!<\/li>\n<li><strong>Lovord fra kundene:<\/strong> Vi er kjent for v\u00e5r eksepsjonelle service, og vi er stolte av de utmerkede anmeldelsene fra gjestene v\u00e5re. Din gode opplevelse er v\u00e5rt m\u00e5l!<\/li>\n<li><strong>Fleksibilitet ved bestilling:<\/strong> Endrede planer? Ingen grunn til bekymring - avbestill inntil 24 timer f\u00f8r avreise og f\u00e5 full refusjon med v\u00e5re fleksible avbestillingsregler.<\/li>\n<\/ul>\n<h3><strong>\ud83d\ude80 Fly h\u00f8yt med FlyFish Tenerife<\/strong><\/h3>\n<ul>\n<li><strong>Spennende kj\u00f8returer:<\/strong> FlyFish tar deg med p\u00e5 en vill tur over Playa de Las Am\u00e9ricas, der du svever og dykker med b\u00f8lgene i omtrent 10 spennende minutter.<\/li>\n<li><strong>Ekspertveiledning:<\/strong> V\u00e5re dyktige instrukt\u00f8rer s\u00f8rger for en trygg og minneverdig opplevelse, og veileder deg fra start til slutt.<\/li>\n<\/ul>\n<h3><strong>\ud83c\udf1f Mer enn bare fluefisk<\/strong><\/h3>\n<ul>\n<li>Leter du etter mer? Vi tilbyr et bredt utvalg av <a href=\"https:\/\/canaryvip.com\/nb\/tenerife\/water-sports\/\">vannaktiviteter p\u00e5 Tenerife,<\/a>\u00a0fra <a href=\"https:\/\/canaryvip.com\/nb\/shop\/jetski-tenerife\/\">vannscooterkj\u00f8ring<\/a> til parasailing, slik at det alltid er noe nytt \u00e5 pr\u00f8ve.<\/li>\n<li>V\u00e5re opplevelser er ikke begrenset til Tenerife - sjekk ut tilbudene v\u00e5re p\u00e5 Gran Canaria for enda mer vannglede!<\/li>\n<\/ul>\n<h3>\ud83d\udcc5 <strong>Bestill din FlyFish-opplevelse i dag<\/strong><\/h3>\n<p>Ikke g\u00e5 glipp av dette unike eventyret. Perfekt for adrenalins\u00f8kende og spenningsentusiaster som er ute etter \u00e5 gj\u00f8re et plask. Bestill FlyFish-turen n\u00e5, og gi Tenerife-ferien en ekstra dose spenning.<\/p>\n<h3>\u2705 <strong>Hva er inkludert i FlyFish-turen din?<\/strong><\/h3>\n<ul>\n<li>Alt sikkerhetsutstyr og en fullstendig briefing f\u00f8r avreise.<\/li>\n<li>En 10-minutters FlyFish-tur som lover \u00e5 f\u00e5 adrenalinet til \u00e5 stige.<\/li>\n<li>Profesjonell veiledning og fotomuligheter for \u00e5 forevige dine v\u00e5gale bedrifter (bilder kan kj\u00f8pes).<\/li>\n<\/ul>\n<h3><strong>\u2696\ufe0f P\u00e5litelige bestillings- og avbestillingsalternativer<\/strong><\/h3>\n<ul>\n<li><strong>Enkel bestilling:<\/strong> Reserver din plass enkelt og trygt, vel vitende om at du kan avbestille opp til 24 timer i forveien og f\u00e5 full refusjon.<\/li>\n<li><strong>Inkluderende opplevelse:<\/strong> Vi \u00f8nsker alle velkommen, fra spenningss\u00f8kende soloreisende til grupper p\u00e5 jakt etter en spennende utflukt. Gi oss beskjed om dine preferanser, s\u00e5 skreddersyr vi turen for deg.<\/li>\n<\/ul>\n<h3><strong>\ud83c\udf92 Gj\u00f8r deg klar for fluefiskeeventyret ditt<\/strong><\/h3>\n<ul>\n<li><strong>Forbered deg p\u00e5 \u00e5 bli v\u00e5t:<\/strong> Ta p\u00e5 deg badet\u00f8y, ta med et h\u00e5ndkle og bruk solkrem. Det kommer til \u00e5 bli en sprutende tur!<\/li>\n<li><strong>Det viktigste med kameraet:<\/strong> Ta med et vanntett kamera eller en telefon med et beskyttende etui for \u00e5 forevige FlyFish-\u00f8yeblikkene dine. Hold hendene fri til \u00e5 vinke og holde godt fast!<\/li>\n<li><strong>Tilgjengelighet:<\/strong> Denne aktiviteten passer for alle i alderen 10 til 65 \u00e5r. V\u00e6r oppmerksom p\u00e5 at det ikke er egnet for gravide eller de som ikke er komfortable i vann.<\/li>\n<\/ul>\n<h3>\u2753 <strong>Ofte stilte sp\u00f8rsm\u00e5l<\/strong><\/h3>\n<ul>\n<li><strong>Hvem kan delta i FlyFish Tenerife?<\/strong> Eventyrere i alderen 10 til 65 \u00e5r er velkomne! Grunnleggende sv\u00f8mmeferdigheter er p\u00e5krevd av sikkerhetshensyn.<\/li>\n<li><strong>Hvor trygt er FlyFish?<\/strong> Sikkerhet er v\u00e5r prioritet. Alle deltakerne er utstyrt med redningsvester, og v\u00e5rt erfarne team er der for \u00e5 s\u00f8rge for en trygg og hyggelig opplevelse.<\/li>\n<\/ul>\n<h4><strong>\ud83c\udf1e Klar til \u00e5 gj\u00f8re et sprut?<\/strong><\/h4>\n<p>Opplev spenningen ved fluefiske p\u00e5 Tenerife med <strong>CanaryVIP.<\/strong> Bestill eventyret ditt i dag, og forbered deg p\u00e5 en uforglemmelig tur i h\u00f8y hastighet over havoverflaten!<\/p>","protected":false},"excerpt":{"rendered":"<p>\ud83d\udd0d <strong>FlyFish Tenerife:<\/strong><br \/>\n\u2705 Sikker betaling.<br \/>\n\ud83d\udc65 Opptil 3 ryttere per tur.<br \/>\n\ud83d\ude80 Turen varer i omtrent 10 minutter.<br \/>\n\ud83c\udfde\ufe0f Vann i h\u00f8y hastighet.<br \/>\n\ud83d\udd59 Tilgjengelig hele dagen.<br \/>\n\ud83d\udcc5 Rides tilgjengelig hver dag.<br \/>\n\ud83e\udd11 Garantert beste pris.<br \/>\n\ud83d\udc6a Rabatter for grupper.<br \/>\n\ud83d\udd01 24 timers avbestillingsregler.<br \/>\n\ud83c\udf0d St\u00f8tte for flere spr\u00e5k.<br \/>\n\ud83c\udf1f Bestill p\u00e5 forh\u00e5nd for \u00e5 spare penger.<br \/>\n\ud83d\udccd Avgang fra <a href=\"https:\/\/maps.app.goo.gl\/bkqEhAxsobcjz9wG9\">Puerto Col\u00f3n.<\/a><\/p>","protected":false},"featured_media":11317,"comment_status":"open","ping_status":"closed","template":"","meta":{"_acf_changed":false},"product_brand":[],"product_cat":[53],"product_tag":[],"class_list":{"0":"post-11303","1":"product","2":"type-product","3":"status-publish","4":"has-post-thumbnail","6":"product_cat-water-sports","7":"wcpa_has_options","9":"first","10":"instock","11":"virtual","12":"purchasable","13":"product-type-simple"},"acf":[],"wcpa_form_fields":{"wcpaData":{"product":{"product_price":18,"price_html":"From&nbsp;<span class=\"woocommerce-Price-amount amount\"><bdi>18,00&nbsp;<span class=\"woocommerce-Price-currencySymbol\">&euro;<\/span><\/bdi><\/span>","original_product_price":18,"price_including_tax":18,"price_excluding_tax":18,"product_id":{"parent":11303,"variation":false},"is_variable":false,"stock_status":"instock","stock_quantity":null,"parent_sku":"CV11303","product_attributes":[],"custom_fields":[],"is_taxable":false,"product_name":"FlyFish Tenerife","hasImage":false},"fields":{"sec_7661f1665d94fb":{"extra":{"key":"sec_7661f1665d94fb","section_id":"sec_7661f1665d94fb","name":"Default","status":1,"cl_rule":"show","enableCl":false,"relations":[],"toggle":true,"title_tag":"h3","show_title":false,"showPrice":"default","form_id":11314,"form_rules":{"exclude_from_discount":true,"fee_label":"Fee","disp_hide_options_price":true,"disp_show_section_price":false,"disp_show_field_price":true,"layout_option":"standard","pric_use_as_fee":false,"process_fee_as":"woo_fee"},"layout_option":"standard"},"fields":[[{"label":"\ud83d\udcc5 Date","active":true,"required":true,"elementId":"date_3661f1665d951b","picker_type":"custom","picker_mode":"single","placeholder":"","description":"","tooltip":"","name":"date_3661f1665d951b","label_position":"default","desc_position":"default","enablePrice":false,"className":"","enableCl":false,"relations":[{"operator":"and","rules":[{"operator":"AND","rules":{"cl_field":"radio-group_5661bc90f5e8f5","cl_relation":"is_not_empty","cl_val":"3 Hour Trip"}}]}],"date_pic_inline":true,"date_pic_inline_hide":true,"min_date":{"type":"days","val":"1"},"max_date":{"type":"days","val":"365"},"date_pic_conf":{"disabledWeeks":[]},"price":"","cl_rule":"show","col":6,"type":"date","error":false,"enableDesign":false,"LabelColor":"","gt_translate_keys":["label","placeholder","description","tooltip"],"price_dependency":false,"cl_dependency":false,"value":""}],[{"active":true,"col":6,"relations":false,"cl_rule":"show","enableCl":false,"price":"","enablePrice":false,"className":"","label_position":"default","desc_position":"default","type":"select","required":true,"elementId":"select_3477053266","label":"\u23f0 Departure Time","name":"select_3477053266","values":[{"label":"Whichever Time is Best","value":"Whichever Time is Best","selected":false,"tempId":"aco_312","gt_translate_keys":["label"]},{"label":"10:30","value":"10:30","selected":false,"tempId":"aco_313","gt_translate_keys":["label"]},{"label":"11:30","value":"11:30","selected":false,"tempId":"aco_314","gt_translate_keys":["label"]},{"label":"12:30 ","value":"12:30","selected":false,"tempId":"aco_711","gt_translate_keys":["label"]},{"label":"13:30","value":"13:30","selected":false,"tempId":"aco_721","gt_translate_keys":["label"]},{"label":"14:30","value":"14:30","selected":false,"tempId":"aco_983","gt_translate_keys":["label"]},{"label":"15:30","value":"15:30","selected":false,"tempId":"aco_993","gt_translate_keys":["label"]},{"label":"16:30","value":"16:30","selected":false,"tempId":"aco_1183","gt_translate_keys":["label"]}],"dropdown_type":"basic","error":false,"multiple":false,"placeholder":"None","gt_translate_keys":["label","placeholder"],"price_dependency":false,"cl_dependency":false,"value":""}],[{"active":true,"col":6,"relations":[{"operator":false,"rules":[{"operator":"AND","rules":{"cl_field":"","cl_relation":"","cl_val":""}}]}],"cl_rule":"show","enableCl":true,"price":"18","enablePrice":true,"className":"","label_position":"default","desc_position":"default","type":"radio-group","required":false,"elementId":"radio-group_0661f1665d9537","label":"","name":"radio-group_0661f1665d9537","values":[{"label":"\ud83d\udc64 People (18\u20ac)","value":"People","selected":true,"tempId":"aco_32","tooltip":"","description":"","gt_translate_keys":["label","tooltip","description"]}],"layOut":"","error":false,"checkUi":"button","priceOptions":"fixed_for_all","pricingType":"fixed","enable_quantity":true,"quantity_label":"","min_quantity":"0","options_tooltip":true,"options_description":true,"is_show_price":true,"gt_translate_keys":["label","quantity_label"],"price_dependency":["content_2802764779","content-8155931385","content-8167489432"],"cl_dependency":false,"value":""}],[{"active":true,"col":6,"relations":false,"cl_rule":"show","enableCl":false,"price":"","enablePrice":false,"className":"","label_position":"default","desc_position":"default","type":"separator","required":false,"elementId":"separator_2804989181","label":"Separator Field","height":"6","separatorType":"fill","error":false,"separatorColor":"#66a5b6","gt_translate_keys":["label"],"price_dependency":false,"cl_dependency":false,"value":""}],[{"active":true,"col":6,"relations":false,"cl_rule":"show","enableCl":false,"price":"{field.radio-group_0661f1665d9537.price}*0.30","enablePrice":true,"className":"","label_position":"default","desc_position":"default","type":"content","required":false,"elementId":"content_2802764779","label":"Deposit Now","name":"content_2802764779","contentType":"plain","value":"","error":false,"subtype":"div","inline":true,"show_in_checkout":true,"pricingType":"custom","isTemplate":false,"gt_translate_keys":["label","value"],"price_dependency":false,"cl_dependency":false}],[{"contentType":"plain","active":true,"label":"Payment at Arrival","elementId":"content-8155931385","value":"","inline":true,"show_in_checkout":true,"name":"content-8155931385","enablePrice":true,"className":"","subtype":"div","enableCl":false,"relations":false,"pricingType":"custom","isTemplate":false,"price":"{field.radio-group_0661f1665d9537.price}*0.70","is_show_price":true,"cl_rule":"show","col":6,"type":"content","error":false,"gt_translate_keys":["label","value"],"price_dependency":false,"cl_dependency":false}],[{"contentType":"plain","active":true,"label":"Total Price","elementId":"content-8167489432","value":"","inline":true,"show_in_checkout":true,"name":"content-8167489432","enablePrice":true,"className":"","subtype":"div","enableCl":false,"relations":false,"pricingType":"custom","isTemplate":false,"price":"{field.radio-group_0661f1665d9537.price}","is_show_price":true,"cl_rule":"show","col":6,"type":"content","error":false,"gt_translate_keys":["label","value"],"price_dependency":false,"cl_dependency":false}]]}},"config":{"price_override":"always","enable_recaptcha":false,"bind_quantity":false,"quantity_bind_formula":false,"disp_summ_show_option_price":true,"disp_summ_show_product_price":false,"disp_summ_show_total_price":true,"disp_summ_show_fee":true,"disp_summ_show_discount":true,"summary_title":"","options_total_label":"Options Price","total_label":"Total Amount","options_product_label":"Product Price","fee_label":"Fee","discount_label":"Discount","has_price":true,"has_quantity_formula":false},"mc_unit":1,"tax_rate":1,"tax_rate_real":1,"discount":{"percentage":0,"fixed":0},"design":{"conf":{"LabelPosition":"above","DescPosition":"above","UploadField":"custom_1","QuantityFieldStyle":"custom_1"},"css":{"LeftLabelWidth":"120px"}},"formulas":[],"lookuptables":[],"clones":false,"cartKey":false}},"_links":{"self":[{"href":"https:\/\/canaryvip.com\/nb\/wp-json\/wp\/v2\/product\/11303","targetHints":{"allow":["GET"]}}],"collection":[{"href":"https:\/\/canaryvip.com\/nb\/wp-json\/wp\/v2\/product"}],"about":[{"href":"https:\/\/canaryvip.com\/nb\/wp-json\/wp\/v2\/types\/product"}],"replies":[{"embeddable":true,"href":"https:\/\/canaryvip.com\/nb\/wp-json\/wp\/v2\/comments?post=11303"}],"wp:featuredmedia":[{"embeddable":true,"href":"https:\/\/canaryvip.com\/nb\/wp-json\/wp\/v2\/media\/11317"}],"wp:attachment":[{"href":"https:\/\/canaryvip.com\/nb\/wp-json\/wp\/v2\/media?parent=11303"}],"wp:term":[{"taxonomy":"product_brand","embeddable":true,"href":"https:\/\/canaryvip.com\/nb\/wp-json\/wp\/v2\/product_brand?post=11303"},{"taxonomy":"product_cat","embeddable":true,"href":"https:\/\/canaryvip.com\/nb\/wp-json\/wp\/v2\/product_cat?post=11303"},{"taxonomy":"product_tag","embeddable":true,"href":"https:\/\/canaryvip.com\/nb\/wp-json\/wp\/v2\/product_tag?post=11303"}],"curies":[{"name":"wp","href":"https:\/\/api.w.org\/{rel}","templated":true}]}}