{"id":11043,"date":"2024-04-11T00:15:30","date_gmt":"2024-04-10T23:15:30","guid":{"rendered":"https:\/\/canaryvip.com\/?post_type=product&#038;p=11043"},"modified":"2025-08-09T12:45:04","modified_gmt":"2025-08-09T11:45:04","slug":"jeep-teide-masca-guided-tour","status":"publish","type":"product","link":"https:\/\/canaryvip.com\/nb\/shop\/jeep-teide-masca-guided-tour\/","title":{"rendered":"Teide og Masca Jeep Safari Tenerife"},"content":{"rendered":"<h2>\ud83c\udf1f Oppdag <strong>Teide og Masca med v\u00e5r guidede tur i jeep<\/strong> \ud83d\ude99<\/h2>\n<p>Legg ut p\u00e5 en fengslende reise med CanaryVIP n\u00e5r vi tar deg med p\u00e5 en eksklusiv utforskning av Tenerifes mest storsl\u00e5tte landskap og sjarmerende landsbyer gjennom v\u00e5r guidede jeeptur til Teide og Masca. Dette eventyret er perfekt for familier, enkeltpersoner eller sm\u00e5 grupper, og sikrer en intim og uforglemmelig opplevelse for opptil 8 personer per jeep.<\/p>\n<p>Dykk dypere inn i hjertet av Tenerife, og opplev den fantastiske naturen og den rike kulturarven fra v\u00e5re robuste, terrengg\u00e5ende 4\u00d74-jeeper, guidet av v\u00e5re erfarne og flerspr\u00e5klige sj\u00e5f\u00f8rer.<\/p>\n<h3><strong>H\u00f8ydepunkter fra det utvidede eventyret: Teide og Masca<\/strong><\/h3>\n<ul>\n<li>\ud83c\udf0b <strong>Pico Viejo<\/strong>: Opplev den imponerende skj\u00f8nnheten til Pico Viejo. Denne ikoniske vulkanen er kjent for sitt sl\u00e5ende flerfargede krater som strekker seg 800 meter i diameter, og byr p\u00e5 en enest\u00e5ende utsikt og en levende fremvisning av naturens kunstnerskap.<\/li>\n<li>\ud83c\udfdc\ufe0f <strong>Roques de Garc\u00eda<\/strong>: Beundre Roques de Garc\u00eda, ruvende fjellformasjoner som punkterer himmelen over Teide nasjonalpark. Disse s\u00e6regne strukturene, som er dannet av lag av ulike materialer, er blant turens mest unike attraksjoner.<\/li>\n<li>\ud83c\udf04 <strong>Aripe og Chirche<\/strong>: Vandre gjennom de sjarmerende gatene i Aripe og Chirche, sjarmerende sm\u00e5byer med original arkitektur fra 1700- og 1800-tallet. Opplev det autentiske livet p\u00e5 landsbygda p\u00e5 Tenerife, omgitt av natur og ro.<\/li>\n<li>\ud83c\udfde\ufe0f <strong>Teide nasjonalpark<\/strong>: Utforsk Teide nasjonalpark, som st\u00e5r p\u00e5 UNESCOs verdensarvliste, et naturlig eventyrland dominert av det majestetiske Teide-fjellet. De mange fargene, dyrelivet og det surrealistiske landskapet gj\u00f8r parken til midtpunktet for utflukten v\u00e5r.<\/li>\n<li>\ud83c\udf32 <strong>Vilaflor<\/strong>: Bes\u00f8k Vilaflor, som ligger blant furutr\u00e6r n\u00e6r toppen av vulkanen. Her kan du oppleve hvor fredelig det er \u00e5 bo s\u00e5 h\u00f8yt oppe, nyte den rene luften og den fantastiske utsikten over nasjonalparken.<\/li>\n<li>\ud83c\udfde\ufe0f <strong>Masca<\/strong>: La deg fortrylle av Masca, en av Tenerifes mest pittoreske landsbyer, som er selve symbolet p\u00e5 kanarisk naturarkitektur. Turen v\u00e5r gir deg en f\u00f8rsteh\u00e5ndsopplevelse av dette sjarmerende stedet.<\/li>\n<\/ul>\n<h3><strong>Forbedrede turdetaljer:<\/strong><\/h3>\n<ul>\n<li>\ud83d\ude99 <strong>Kj\u00f8ret\u00f8y og transport:<\/strong> Kj\u00f8r gjennom ulendt terreng i v\u00e5re firehjulsdrevne jeeper, noe som sikrer et komfortabelt og spennende eventyr. For turer som involverer reiser mellom \u00f8yene, er fergetransfer inkludert, noe som gir en s\u00f8ml\u00f8s opplevelse.<\/li>\n<li>\ud83d\udc65 <strong>Garanti for sm\u00e5 grupper:<\/strong> Nyt et mer personlig tilpasset eventyr i sm\u00e5 grupper, med maksimalt 8 passasjerer per jeep, inkludert sj\u00e5f\u00f8ren, som en del av en konvoi.<\/li>\n<li>\ud83d\udd12 <strong>Privat alternativ tilgjengelig:<\/strong> For en eksklusiv opplevelse kan du velge en VIP- eller privattur, slik at du selv kan velge hvem som skal v\u00e6re med p\u00e5 reisen.<\/li>\n<li>\ud83d\udd01 <strong>Inkluderende transport:<\/strong> Vi tilbyr praktiske hente- og bringetjenester fra overnattingsstedet ditt eller et sted i n\u00e6rheten, slik at du f\u00e5r en problemfri opplevelse fra start til slutt.<\/li>\n<\/ul>\n<h3><strong>Omfattende informasjon om turen:<\/strong><\/h3>\n<ul>\n<li>\ud83d\udd58 <strong>Varighet og tidspunkt:<\/strong> Turen varer i ca. 7 timer, fra kl. 09.00 til 16.00, slik at du kan fordype deg helt i Tenerifes skj\u00f8nnhet.<\/li>\n<li>\ud83d\uddd3\ufe0f <strong>Tilgjengelige dager:<\/strong> Legg ut p\u00e5 dette eventyret mandag til l\u00f8rdag, med fleksible alternativer som passer timeplanen din.<\/li>\n<li>\ud83c\udf0d <strong>Spr\u00e5k som tilbys:<\/strong> Omvisningene v\u00e5re gjennomf\u00f8res p\u00e5 flere spr\u00e5k, inkludert spansk, engelsk, tysk, fransk, italiensk, nederlandsk og polsk, og henvender seg til et globalt publikum.<\/li>\n<\/ul>\n<h3><strong>Oppdaterte retningslinjer for bestilling og avbestilling:<\/strong><\/h3>\n<ul>\n<li>\ud83d\udd04 <strong>Fleksible avbestillinger:<\/strong> Vi forst\u00e5r at planer kan endre seg, og derfor tilbyr vi muligheten til \u00e5 avbestille eller flytte turen opp til 24 timer i forveien, slik at du kan f\u00f8le deg trygg.<\/li>\n<li>\u26c5 <strong>V\u00e6rgaranti:<\/strong> Skulle ugunstige v\u00e6rforhold gj\u00f8re det n\u00f8dvendig \u00e5 avlyse en tur, har du muligheten til \u00e5 ombooke eller f\u00e5 full refusjon, noe som sikrer en bekymringsfri bestillingsopplevelse.<\/li>\n<li>\ud83d\udce9 <strong>Enkel kontakt:<\/strong> For eventuelle foresp\u00f8rsler eller justeringer, bare <a href=\"https:\/\/canaryvip.com\/nb\/contact\/\">ta kontakt med oss<\/a>Vi s\u00f8rger for at behovene dine blir oppfylt.<\/li>\n<\/ul>\n<h4><strong>Reserver ditt jeep-eventyr p\u00e5 Tenerife n\u00e5!<\/strong><\/h4>\n<p>Ikke g\u00e5 glipp av denne enest\u00e5ende muligheten til \u00e5 utforske Tenerifes prakt med CanaryVIP. Fra den vulkanske majesteten p\u00e5 <a href=\"https:\/\/canaryvip.com\/nb\/discover-the-teide-the-ultimate-guide-iconic-volcano\/\">Teide nasjonalpark<\/a> til Mascas historiske tiltrekningskraft og videre, kan du legge ut p\u00e5 en reise fylt av skj\u00f8nnhet, eventyr og historier som venter p\u00e5 \u00e5 bli oppdaget.<\/p>","protected":false},"excerpt":{"rendered":"<p><strong>\ud83d\udd0d Turens h\u00f8ydepunkter:<\/strong><br \/>\n\u2705 Sikker betaling.<br \/>\n\ud83d\uddfb Bes\u00f8k Teide nasjonalpark.<br \/>\n\ud83d\udee4\ufe0f Bes\u00f8k landsbyen Masca.<br \/>\n\u23f0 Varighet Ca. 7 timer.<br \/>\n\ud83d\udcc5 Mandag til l\u00f8rdag.<br \/>\n\ud83d\ude8c Henting og levering p\u00e5 hotellet.<br \/>\n\ud83d\udd04 24 timers gratis avbestilling.<br \/>\n\ud83e\udd11 Garantert beste pris.<br \/>\n\ud83c\udf81 Grupperabatter er tilgjengelige.<br \/>\n\ud83c\udf0d St\u00f8tte p\u00e5 flere spr\u00e5k.<br \/>\n\ud83c\udf1f Bestill n\u00e5 og spar penger!<\/p>","protected":false},"featured_media":11145,"comment_status":"open","ping_status":"closed","template":"","meta":{"_acf_changed":false},"product_brand":[],"product_cat":[67],"product_tag":[],"class_list":{"0":"post-11043","1":"product","2":"type-product","3":"status-publish","4":"has-post-thumbnail","6":"product_cat-jeep-tours","7":"wcpa_has_options","9":"first","10":"instock","11":"virtual","12":"purchasable","13":"product-type-simple"},"acf":[],"wcpa_form_fields":{"wcpaData":{"product":{"product_price":66,"price_html":"From&nbsp;<span class=\"woocommerce-Price-amount amount\"><bdi>66,00&nbsp;<span class=\"woocommerce-Price-currencySymbol\">&euro;<\/span><\/bdi><\/span>","original_product_price":66,"price_including_tax":66,"price_excluding_tax":66,"product_id":{"parent":11043,"variation":false},"is_variable":false,"stock_status":"instock","stock_quantity":null,"parent_sku":"CV11043","product_attributes":[],"custom_fields":[],"is_taxable":false,"product_name":"Teide & Masca Jeep Safari Tenerife","hasImage":false},"fields":{"sec_2661916538e0c2":{"extra":{"key":"sec_2661916538e0c2","section_id":"sec_2661916538e0c2","name":"Tickets","status":1,"cl_rule":"show","enableCl":false,"relations":[{"operator":false,"rules":[{"operator":"AND","rules":{"cl_field":"radio-group_665df45fcbc30b","cl_relation":"is","cl_val":"Siam Park Regular Tickets"}}]}],"toggle":true,"title_tag":"h4","show_title":false,"showPrice":"default","form_id":11191,"form_rules":{"exclude_from_discount":true,"fee_label":"Fee","disp_hide_options_price":true,"disp_show_section_price":false,"disp_show_field_price":true,"layout_option":"standard","pric_use_as_fee":false,"process_fee_as":"woo_fee"},"layout_option":"standard"},"fields":[[{"active":true,"col":6,"relations":false,"cl_rule":"show","enableCl":false,"price":"","enablePrice":false,"className":"","label_position":"default","desc_position":"default","type":"select","required":true,"elementId":"select_9661916538e0e4","label":"\ud83c\udf0e Language","name":"select_9661916538e0e4","values":[{"label":"English","value":"English","selected":false,"tempId":"aco_1213","gt_translate_keys":["label"]},{"label":"Dutch","value":"Dutch","selected":false,"tempId":"aco_693","gt_translate_keys":["label"]},{"label":"German","value":"German","selected":false,"tempId":"aco_1567","gt_translate_keys":["label"]},{"label":"French","value":"French","selected":false,"tempId":"aco_1215","gt_translate_keys":["label"]},{"label":"Polish","value":"Polish","selected":false,"tempId":"aco_1212","gt_translate_keys":["label"]},{"label":"Italian","value":"Italian","selected":false,"tempId":"aco_611","gt_translate_keys":["label"]},{"label":"Spanish","value":"Spanish","selected":false,"tempId":"aco_1214","gt_translate_keys":["label"]}],"dropdown_type":"basic","error":false,"placeholder":"Select Language","gt_translate_keys":["label","placeholder"],"price_dependency":false,"cl_dependency":["date_8661916538e0f2","date_8661916538e0f2","date_8661916538e0f2","date_8661916538e0f2","date_6661916538e0fc","date_1661916538e106","date_8661916538e10f","radio-group_10661916538e130","radio-group-3329476112","radio-group_2661916538e13c","radio-group-3332331927","radio-group_6661916538e147"],"value":""}],[{"label":"\ud83d\udcc5 Date","active":true,"required":true,"elementId":"date_8661916538e0f2","picker_type":"custom","picker_mode":"single","placeholder":"","description":"","tooltip":"","name":"date_8661916538e0f2","label_position":"default","desc_position":"default","enablePrice":false,"className":"","enableCl":true,"relations":[{"operator":"and","rules":[{"operator":"or","rules":{"cl_field":"select_9661916538e0e4","cl_relation":"is","cl_val":"Dutch"}},{"operator":"or","rules":{"cl_field":"select_9661916538e0e4","cl_relation":"is","cl_val":"German"}},{"operator":"or","rules":{"cl_field":"select_9661916538e0e4","cl_relation":"is","cl_val":"French"}},{"operator":"AND","rules":{"cl_field":"select_9661916538e0e4","cl_relation":"is","cl_val":"English"}}]}],"date_pic_inline":true,"date_pic_inline_hide":true,"min_date":{"type":"days","val":"4"},"max_date":{"type":"days","val":"80"},"date_pic_conf":{"disabledWeeks":[0],"disabledDates":["2025-04-11"]},"price":"","cl_rule":"show","col":6,"type":"date","error":false,"enableDesign":false,"LabelColor":"","isWeightTemplate":false,"isTemplate":false,"min_quantity":"1","quantity_decimal":false,"quantity_step":"1","quantity_label":"Quantity","repeater_field_label":"{field_label}","repeater_bind":"","gt_translate_keys":["label","placeholder","description","tooltip","repeater_field_label","quantity_label"],"price_dependency":false,"cl_dependency":false,"value":""}],[{"label":"\ud83d\udcc5 Date","active":true,"required":true,"elementId":"date_6661916538e0fc","picker_type":"custom","picker_mode":"single","placeholder":"","description":"","tooltip":"","name":"date_6661916538e0fc","label_position":"default","desc_position":"default","enablePrice":false,"className":"","enableCl":true,"relations":[{"operator":"and","rules":[{"operator":false,"rules":{"cl_field":"select_9661916538e0e4","cl_relation":"is","cl_val":"Spanish"}}]}],"enableDesign":false,"LabelColor":"","date_pic_inline":true,"date_pic_inline_hide":true,"min_date":{"type":"days","val":"4"},"max_date":{"type":"days","val":"365"},"date_pic_conf":{"disabledWeeks":[0,1,3,5,6]},"price":"","cl_rule":"show","col":6,"type":"date","error":false,"isWeightTemplate":false,"isTemplate":false,"min_quantity":"1","quantity_decimal":false,"quantity_step":"1","quantity_label":"Quantity","repeater_field_label":"{field_label}","repeater_bind":"","gt_translate_keys":["label","placeholder","description","tooltip","repeater_field_label","quantity_label"],"price_dependency":false,"cl_dependency":false,"value":""}],[{"label":"\ud83d\udcc5 Date","active":true,"required":true,"elementId":"date_1661916538e106","picker_type":"custom","picker_mode":"single","placeholder":"","description":"","tooltip":"","name":"date_1661916538e106","label_position":"default","desc_position":"default","enablePrice":false,"className":"","enableCl":true,"relations":[{"operator":"and","rules":[{"operator":false,"rules":{"cl_field":"select_9661916538e0e4","cl_relation":"is","cl_val":"Polish"}}]}],"enableDesign":false,"LabelColor":"","date_pic_inline":true,"date_pic_inline_hide":true,"min_date":{"type":"days","val":"4"},"max_date":{"type":"days","val":"365"},"date_pic_conf":{"disabledWeeks":[0,1,3,4,5,6]},"price":"","cl_rule":"show","col":6,"type":"date","error":false,"isWeightTemplate":false,"isTemplate":false,"min_quantity":"1","quantity_decimal":false,"quantity_step":"1","quantity_label":"Quantity","repeater_field_label":"{field_label}","repeater_bind":"","gt_translate_keys":["label","placeholder","description","tooltip","repeater_field_label","quantity_label"],"price_dependency":false,"cl_dependency":false,"value":""}],[{"label":"\ud83d\udcc5 Date","active":true,"required":true,"elementId":"date_8661916538e10f","picker_type":"custom","picker_mode":"single","placeholder":"","description":"","tooltip":"","name":"date_8661916538e10f","label_position":"default","desc_position":"default","enablePrice":false,"className":"","enableCl":true,"relations":[{"operator":"and","rules":[{"operator":false,"rules":{"cl_field":"select_9661916538e0e4","cl_relation":"is","cl_val":"Italian"}}]}],"enableDesign":false,"LabelColor":"","date_pic_inline":true,"date_pic_inline_hide":true,"min_date":{"type":"days","val":"4"},"max_date":{"type":"days","val":"365"},"date_pic_conf":{"disabledWeeks":[0,1,2,5,4]},"price":"","cl_rule":"show","col":6,"type":"date","error":false,"isWeightTemplate":false,"isTemplate":false,"min_quantity":"1","quantity_decimal":false,"quantity_step":"1","quantity_label":"Quantity","repeater_field_label":"{field_label}","repeater_bind":"","gt_translate_keys":["label","placeholder","description","tooltip","repeater_field_label","quantity_label"],"price_dependency":false,"cl_dependency":false,"value":""}],[{"elementId":"separator_7661916538e11a","separatorType":"blank","className":"","height":"10","enableCl":false,"relations":false,"cl_rule":"show","col":6,"type":"separator","gt_translate_keys":[],"price_dependency":false,"cl_dependency":false,"value":""}],[{"active":true,"col":6,"relations":[{"operator":false,"rules":[{"operator":"AND","rules":{"cl_field":"select_9661916538e0e4","cl_relation":"is_not","cl_val":"Polish"}}]}],"cl_rule":"show","enableCl":true,"price":"66","enablePrice":true,"className":"","label_position":"default","desc_position":"default","type":"radio-group","required":false,"elementId":"radio-group_10661916538e130","label":"","name":"radio-group_10661916538e130","values":[{"label":"\ud83d\udc64 Adult (66\u20ac)","value":"Adult","selected":true,"tempId":"aco_32","tooltip":"+12 Years","description":"","gt_translate_keys":["label","tooltip","description"]}],"layOut":"","error":false,"checkUi":"button","priceOptions":"fixed_for_all","pricingType":"fixed","enable_quantity":true,"quantity_label":"","min_quantity":"0","options_tooltip":true,"options_description":true,"gt_translate_keys":["label","quantity_label"],"price_dependency":false,"cl_dependency":false,"value":""}],[{"label":"","active":true,"required":false,"elementId":"radio-group-3329476112","name":"radio-group-3329476112","label_position":"default","desc_position":"default","enablePrice":true,"className":"","enableCl":true,"relations":[{"operator":false,"rules":[{"operator":"AND","rules":{"cl_field":"select_9661916538e0e4","cl_relation":"is","cl_val":"Polish"}}]}],"enable_quantity":true,"quantity_label":"","min_quantity":"0","checkUi":"button","layOut":"","options_tooltip":true,"options_description":true,"values":[{"label":"\ud83d\udc64 Adult (70\u20ac)","value":"Adult","selected":true,"tempId":"aco_32","tooltip":"+12 Years","description":"","gt_translate_keys":["label","tooltip","description"]}],"priceOptions":"fixed_for_all","pricingType":"fixed","price":"70","cl_rule":"show","col":6,"type":"radio-group","error":false,"gt_translate_keys":["label","quantity_label"],"price_dependency":false,"cl_dependency":false,"value":""}],[{"label":"","active":true,"required":false,"elementId":"radio-group_2661916538e13c","name":"radio-group_2661916538e13c","label_position":"default","desc_position":"default","enablePrice":true,"className":"","enableCl":true,"relations":[{"operator":false,"rules":[{"operator":"AND","rules":{"cl_field":"select_9661916538e0e4","cl_relation":"is_not","cl_val":"Polish"}}]}],"enable_quantity":true,"quantity_label":"","min_quantity":"0","checkUi":"button","layOut":"","values":[{"label":"\ud83d\udc66 Child (52\u20ac)","value":"Child","selected":true,"tempId":"aco_32","tooltip":"3-11 Years","description":"","gt_translate_keys":["label","tooltip","description"]}],"priceOptions":"fixed_for_all","pricingType":"fixed","price":"52","cl_rule":"show","col":6,"type":"radio-group","error":false,"options_tooltip":true,"options_description":true,"gt_translate_keys":["label","quantity_label"],"price_dependency":false,"cl_dependency":false,"value":""}],[{"label":"","active":true,"required":false,"elementId":"radio-group-3332331927","name":"radio-group-3332331927","label_position":"default","desc_position":"default","enablePrice":true,"className":"","enableCl":true,"relations":[{"operator":false,"rules":[{"operator":"AND","rules":{"cl_field":"select_9661916538e0e4","cl_relation":"is","cl_val":"Polish"}}]}],"enable_quantity":true,"quantity_label":"","min_quantity":"0","checkUi":"button","layOut":"","options_tooltip":true,"options_description":true,"values":[{"label":"\ud83d\udc66 Child (55\u20ac)","value":"Child","selected":true,"tempId":"aco_32","tooltip":"3-11 Years","description":"","gt_translate_keys":["label","tooltip","description"]}],"priceOptions":"fixed_for_all","pricingType":"fixed","price":"55","cl_rule":"show","col":6,"type":"radio-group","error":false,"gt_translate_keys":["label","quantity_label"],"price_dependency":false,"cl_dependency":false,"value":""}],[{"label":"","active":true,"required":false,"elementId":"radio-group_6661916538e147","name":"radio-group_6661916538e147","label_position":"default","desc_position":"default","enablePrice":true,"className":"","enableCl":true,"relations":[{"operator":false,"rules":[{"operator":"AND","rules":{"cl_field":"select_9661916538e0e4","cl_relation":"is_not_empty","cl_val":""}}]}],"enable_quantity":true,"quantity_label":"","min_quantity":"0","checkUi":"button","layOut":"","options_tooltip":true,"options_description":true,"values":[{"label":"\ud83d\udc76 Toddler (Free)","value":"Toddler","selected":true,"tempId":"aco_32","tooltip":"0-2 Years","description":"","gt_translate_keys":["label","tooltip","description"]}],"priceOptions":"fixed_for_all","pricingType":"fixed","price":"0","cl_rule":"show","col":6,"type":"radio-group","error":false,"gt_translate_keys":["label","quantity_label"],"price_dependency":false,"cl_dependency":false,"value":""}],[{"active":true,"col":6,"relations":false,"cl_rule":"show","enableCl":false,"price":"","enablePrice":false,"className":"","label_position":"default","desc_position":"default","type":"separator","required":false,"elementId":"separator_6661916538e151","label":"Separator Field","height":"7","separatorType":"blank","error":false,"gt_translate_keys":["label"],"price_dependency":false,"cl_dependency":false,"value":""}],[{"active":true,"col":6,"relations":false,"cl_rule":"show","enableCl":false,"price":"","enablePrice":false,"className":"","label_position":"default","desc_position":"default","type":"text","subtype":"text","required":false,"elementId":"text_4661916538e15b","label":"\ud83d\ude8c Pickup Location","name":"text_4661916538e15b","value":"","description":"Free pick-up service in Tenerife South. Simply provide your address or hotel name.","error":false,"gt_translate_keys":["label","description","value"],"price_dependency":false,"cl_dependency":false}]]}},"config":{"price_override":"always","enable_recaptcha":false,"bind_quantity":false,"quantity_bind_formula":false,"disp_summ_show_option_price":true,"disp_summ_show_product_price":false,"disp_summ_show_total_price":true,"disp_summ_show_fee":true,"disp_summ_show_discount":true,"summary_title":"","options_total_label":"Options Price","total_label":"Total Amount","options_product_label":"Product Price","fee_label":"Fee","discount_label":"Discount","has_price":true,"has_quantity_formula":false},"mc_unit":1,"tax_rate":1,"tax_rate_real":1,"discount":{"percentage":0,"fixed":0},"design":{"conf":{"LabelPosition":"above","DescPosition":"above","UploadField":"custom_1","QuantityFieldStyle":"custom_1"},"css":{"LeftLabelWidth":"120px"}},"formulas":[],"lookuptables":[],"clones":false,"cartKey":false}},"_links":{"self":[{"href":"https:\/\/canaryvip.com\/nb\/wp-json\/wp\/v2\/product\/11043","targetHints":{"allow":["GET"]}}],"collection":[{"href":"https:\/\/canaryvip.com\/nb\/wp-json\/wp\/v2\/product"}],"about":[{"href":"https:\/\/canaryvip.com\/nb\/wp-json\/wp\/v2\/types\/product"}],"replies":[{"embeddable":true,"href":"https:\/\/canaryvip.com\/nb\/wp-json\/wp\/v2\/comments?post=11043"}],"wp:featuredmedia":[{"embeddable":true,"href":"https:\/\/canaryvip.com\/nb\/wp-json\/wp\/v2\/media\/11145"}],"wp:attachment":[{"href":"https:\/\/canaryvip.com\/nb\/wp-json\/wp\/v2\/media?parent=11043"}],"wp:term":[{"taxonomy":"product_brand","embeddable":true,"href":"https:\/\/canaryvip.com\/nb\/wp-json\/wp\/v2\/product_brand?post=11043"},{"taxonomy":"product_cat","embeddable":true,"href":"https:\/\/canaryvip.com\/nb\/wp-json\/wp\/v2\/product_cat?post=11043"},{"taxonomy":"product_tag","embeddable":true,"href":"https:\/\/canaryvip.com\/nb\/wp-json\/wp\/v2\/product_tag?post=11043"}],"curies":[{"name":"wp","href":"https:\/\/api.w.org\/{rel}","templated":true}]}}