{"id":10904,"date":"2024-04-08T11:19:03","date_gmt":"2024-04-08T10:19:03","guid":{"rendered":"https:\/\/canaryvip.com\/?post_type=product&#038;p=10904"},"modified":"2025-06-28T21:05:29","modified_gmt":"2025-06-28T20:05:29","slug":"rent-boat-saxdor-200-with-license","status":"publish","type":"product","link":"https:\/\/canaryvip.com\/nb\/shop\/rent-boat-saxdor-200-with-license\/","title":{"rendered":"Lei b\u00e5t Saxdor 200 med lisens Tenerife"},"content":{"rendered":"<h2>\ud83d\udea4 Lei Saxdor 200 med lisens p\u00e5 CanaryVIP<\/h2>\n<p><strong>Ta roret p\u00e5 ditt nautiske eventyr med CanaryVIP:<\/strong> Ta kommandoen over din egen dag til sj\u00f8s med Saxdor 200, en elegant \u00e5pen b\u00e5t som kombinerer moderne design med muligheten til \u00e5 seile hele dagen.<\/p>\n<p>Dette skipet er f\u00f8dt i 2023 og har en elegant lengde p\u00e5 6 meter, og er perfekt for deg som \u00f8nsker \u00e5 navigere i Tenerifes farvann med stil og letthet.<br \/>\nSetter seil fra den pittoreske <a href=\"https:\/\/maps.app.goo.gl\/F7XZ1rpbWXBTYFND9\" target=\"_blank\" rel=\"noopener\">Los Gigantes,<\/a> den <strong>Saxdor 200 med lisens<\/strong>\u00a0gir deg en eksklusiv mulighet til \u00e5 oppdage skjulte bukter, slikke sol p\u00e5 dekk eller nyte en lunsj om bord i Atlanterhavets asurbl\u00e5 omfavnelse.<\/p>\n<p><strong>Et fart\u00f8y med eleganse og ytelse:<\/strong>\u00a0Saxdor 200 er konstruert for \u00e5 v\u00e6re perfekt, med en motor p\u00e5 115 hk som glir gjennom vannet med presisjon. Med plass til 6 passasjerer og en drivstofftank som er klar for eventyr, er denne b\u00e5ten din inngangsport til skattene p\u00e5 Tenerife S\u00f8r.<\/p>\n<h3>\ud83d\udea4 Saxdor 200 Tenerife: Din dag, p\u00e5 din m\u00e5te<\/h3>\n<ul>\n<li><strong>Sofistikert design:<\/strong> Nyt luksusen ved \u00e5 styre en 2023 Saxdor 200, kjent for sitt stilige utseende og komfortable sitteplasser.<\/li>\n<li><strong>Uforglemmelig utsikt:<\/strong> Naviger mot de ber\u00f8mte klippene Masca og Los Gigantes, der det marine livet trives i sitt naturlige habitat.<\/li>\n<li><strong>Tilbaketrukket sv\u00f8mmetur:<\/strong> Ankre opp i rolige bukter, perfekt for bading, snorkling eller bare soling.<\/li>\n<li><strong>Forn\u00f8yelser om bord:<\/strong> Leien inkluderer friheten til \u00e5 nyte m\u00e5ltider p\u00e5 vannet, noe som gj\u00f8r opplevelsen enda bedre med kulinariske herligheter.<\/li>\n<li><strong>S\u00f8ml\u00f8s seiling:<\/strong> Med sin kraftige motor og brukervennlige h\u00e5ndtering s\u00f8rger Saxdor 200 for en smidig reise over b\u00f8lgene.<\/li>\n<\/ul>\n<h3>\u2728 Detaljer om Saxdor 200-utleien din<\/h3>\n<p><strong>En opplevelse skreddersydd for deg:<\/strong> Enten du \u00f8nsker en intim dagstur for to eller en livlig utflukt med venner, er v\u00e5r Saxdor 200, som har plass til opptil 6 gjester, utstyrt for alle anledninger. Hver leieperiode kommer med omfattende veiledning, slik at du f\u00e5r en b\u00e5de trygg og hyggelig tid til sj\u00f8s.<\/p>\n<p><strong>En utleiemulighet som passer for alle:<\/strong> Saxdor 200 med lisens er perfekt for familier, grupper eller solo-eventyrere, og byr p\u00e5 en enest\u00e5ende blanding av luksus og eventyr, supplert med Tenerifes fantastiske kystkulisse.<\/p>\n<h3>\ud83d\udea4 Forberedelser til Saxdor 200-reisen<\/h3>\n<p>Utstyr deg for en eksepsjonell dag p\u00e5 vannet med det du trenger, som badet\u00f8y og solkrem. Vi s\u00f8rger for alt n\u00f8dvendig navigasjonsutstyr, slik at du kan fokusere p\u00e5 utforskningen og gleden ved \u00e5 seile.<\/p>\n<p>S\u00f8rg for at kameraet ditt er tilgjengelig for \u00e5 fange skj\u00f8nnheten ved Tenerifes kyster og det marine livet som danser under b\u00f8lgene. Med CanaryVIP er hvert \u00f8yeblikk om bord p\u00e5 Saxdor 200 designet for \u00e5 bli minneverdig.<\/p>\n<h3>\ud83d\ude99 Ombordstigningssted og parkering<\/h3>\n<p><strong>Sett av fra <a href=\"https:\/\/maps.app.goo.gl\/F7XZ1rpbWXBTYFND9\" target=\"_blank\" rel=\"noopener\">Los Gigantes<\/a>:<\/strong> Det nautiske eventyret starter p\u00e5 <strong>Puerto de Los Gigantes.<\/strong> Den praktiske parkeringen ved havnen s\u00f8rger for en stressfri start p\u00e5 utflukten. Vi anbefaler at du kommer litt tidlig for \u00e5 sikre en smidig avreise.<\/p>\n<h3>\ud83d\udea4 Ogs\u00e5 tilgjengelig: Lei Compass 160e uten lisens<\/h3>\n<p>For de som foretrekker en mer fristilt seilopplevelse, tilbyr vi ogs\u00e5<strong> <a href=\"https:\/\/canaryvip.com\/nb\/shop\/rent-boat-compass-160e-without-license\/\">Compass 160e,<\/a><\/strong> tilgjengelig for leie av b\u00e5t uten sertifikat. Dette alternativet er perfekt for eventyrere som \u00f8nsker \u00e5 styre sin egen kurs rundt i det vakre vannet p\u00e5 Tenerife.<\/p>\n<p>Med avgang fra samme praktiske sted i Puerto de Los Gigantes kan du oppdage friheten p\u00e5 sj\u00f8en uten \u00e5 trenge b\u00e5tf\u00f8rerbevis. Enten du \u00f8nsker \u00e5 utforske bortgjemte viker eller bare nyte det \u00e5pne vannet i ditt eget tempo, er Compass 160e et p\u00e5litelig og stilig valg.<\/p>\n<h3>\ud83c\udf1f CanaryVIPs forpliktelse overfor deg<\/h3>\n<p>Hos CanaryVIP er vi sv\u00e6rt opptatt av at du skal v\u00e6re forn\u00f8yd. Vi har fleksible avbestillingsregler, slik at du kan f\u00f8le deg trygg n\u00e5r du leier en Saxdor 200. Vi er opptatt av \u00e5 tilby en opplevelse utenom det vanlige, med fokus p\u00e5 sikkerhet og en lidenskap for \u00e5 dele Tenerifes fantastiske hav.<\/p>\n<p>Begi deg ut p\u00e5 en oppdagelsesreise med <strong>Saxdor 200 med lisens,<\/strong>\u00a0navigere gjennom Tenerifes majestetiske farvann og oppdage skjulte perler langs kysten av Tenerife. <strong>Los Gigantes.<\/strong><\/p>\n<p>Bestill n\u00e5 et eksklusivt sj\u00f8fartseventyr som kombinerer frihet, luksus og Kanari\u00f8yenes naturlige skj\u00f8nnhet.<\/p>","protected":false},"excerpt":{"rendered":"<p><strong>\ud83d\udd0d No Worries Charter:<\/strong><br \/>\n\u2705 Sikker betaling.<br \/>\n\ud83e\udeaa B\u00e5tlisens er n\u00f8dvendig.<br \/>\n\ud83d\udee5\ufe0f 6 m lang b\u00e5t.<br \/>\n\u23f3 Daglig leie av 3-8 timer.<br \/>\n\ud83d\udd59 Tilpassede avgangstider.<br \/>\n\ud83d\udc65 Opp til 6 gjester.<br \/>\n\ud83e\udd3f Snorkelutstyr er tilgjengelig.<br \/>\n\ud83e\udd11 Garantert beste pris.<br \/>\n\ud83d\udc6a Rabatter aktivert.<br \/>\n\ud83d\udd01 Opptil 4 dagers avbestilling.<br \/>\n\ud83c\udf0d Flerspr\u00e5klig besetning.<br \/>\n\ud83c\udf1f Bestill tidlig og spar!<br \/>\n\ud83d\udccd Avgang fra\u00a0<a href=\"https:\/\/maps.app.goo.gl\/F7XZ1rpbWXBTYFND9\">Los Gigantes<\/a>.<\/p>","protected":false},"featured_media":11029,"comment_status":"open","ping_status":"closed","template":"","meta":{"_acf_changed":false},"product_brand":[],"product_cat":[130],"product_tag":[],"class_list":{"0":"post-10904","1":"product","2":"type-product","3":"status-publish","4":"has-post-thumbnail","6":"product_cat-self-drive-boat-hire","7":"wcpa_has_options","9":"first","10":"instock","11":"virtual","12":"purchasable","13":"product-type-simple"},"acf":[],"wcpa_form_fields":{"wcpaData":{"product":{"product_price":300,"price_html":"From&nbsp;<span class=\"woocommerce-Price-amount amount\"><bdi>300,00&nbsp;<span class=\"woocommerce-Price-currencySymbol\">&euro;<\/span><\/bdi><\/span>","original_product_price":300,"price_including_tax":300,"price_excluding_tax":300,"product_id":{"parent":10904,"variation":false},"is_variable":false,"stock_status":"instock","stock_quantity":null,"parent_sku":"CV10904","product_attributes":[],"custom_fields":[],"is_taxable":false,"product_name":"Rent Boat Saxdor 200 with License Tenerife","hasImage":false},"fields":{"sec_4668282996d361":{"extra":{"key":"sec_4668282996d361","section_id":"sec_4668282996d361","name":"Contact us","status":1,"cl_rule":"show","enableCl":false,"relations":[],"toggle":true,"title_tag":"h3","show_title":false,"showPrice":"default","form_id":12153,"form_rules":{"exclude_from_discount":true,"fee_label":"Fee","disp_hide_options_price":true,"disp_show_section_price":false,"disp_show_field_price":true,"layout_option":"standard","pric_use_as_fee":false,"process_fee_as":"woo_fee"},"layout_option":"standard"},"fields":[[{"active":true,"col":6,"relations":false,"cl_rule":"show","enableCl":false,"price":"","enablePrice":false,"className":"","label_position":"default","desc_position":"default","type":"content","required":false,"elementId":"content_8291538701","label":"","name":"content_8291538701","contentType":"rich","value":"<p><a href=\"https:\/\/api.whatsapp.com\/send\/?phone=34629670312&amp;text&amp;type=phone_number&amp;app_absent=0\" target=\"_blank\"><strong>Contact us on WhatsApp<\/strong><\/a><strong> to get a personalized price for this activity\/excursion\/rental.<\/strong><\/p>","error":false,"subtype":"div","gt_translate_keys":["label","value"],"price_dependency":false,"cl_dependency":false}]]}},"config":{"price_override":"","enable_recaptcha":false,"bind_quantity":false,"quantity_bind_formula":false,"disp_summ_show_option_price":true,"disp_summ_show_product_price":true,"disp_summ_show_total_price":true,"disp_summ_show_fee":true,"disp_summ_show_discount":true,"summary_title":"","options_total_label":"Options Price","total_label":"Total","options_product_label":"Product Price","fee_label":"Fee","discount_label":"Discount","has_price":true,"has_quantity_formula":false},"mc_unit":1,"tax_rate":1,"tax_rate_real":1,"discount":{"percentage":0,"fixed":0},"design":{"conf":{"LabelPosition":"above","DescPosition":"above","UploadField":"custom_1","QuantityFieldStyle":"custom_1"},"css":{"LeftLabelWidth":"120px"}},"formulas":[],"lookuptables":[],"clones":false,"cartKey":false}},"_links":{"self":[{"href":"https:\/\/canaryvip.com\/nb\/wp-json\/wp\/v2\/product\/10904","targetHints":{"allow":["GET"]}}],"collection":[{"href":"https:\/\/canaryvip.com\/nb\/wp-json\/wp\/v2\/product"}],"about":[{"href":"https:\/\/canaryvip.com\/nb\/wp-json\/wp\/v2\/types\/product"}],"replies":[{"embeddable":true,"href":"https:\/\/canaryvip.com\/nb\/wp-json\/wp\/v2\/comments?post=10904"}],"wp:featuredmedia":[{"embeddable":true,"href":"https:\/\/canaryvip.com\/nb\/wp-json\/wp\/v2\/media\/11029"}],"wp:attachment":[{"href":"https:\/\/canaryvip.com\/nb\/wp-json\/wp\/v2\/media?parent=10904"}],"wp:term":[{"taxonomy":"product_brand","embeddable":true,"href":"https:\/\/canaryvip.com\/nb\/wp-json\/wp\/v2\/product_brand?post=10904"},{"taxonomy":"product_cat","embeddable":true,"href":"https:\/\/canaryvip.com\/nb\/wp-json\/wp\/v2\/product_cat?post=10904"},{"taxonomy":"product_tag","embeddable":true,"href":"https:\/\/canaryvip.com\/nb\/wp-json\/wp\/v2\/product_tag?post=10904"}],"curies":[{"name":"wp","href":"https:\/\/api.w.org\/{rel}","templated":true}]}}