{"id":10465,"date":"2024-03-22T00:31:19","date_gmt":"2024-03-22T00:31:19","guid":{"rendered":"https:\/\/canaryvip.com\/?post_type=product&#038;p=10465"},"modified":"2025-08-09T12:48:53","modified_gmt":"2025-08-09T11:48:53","slug":"kayaking-tenerife","status":"publish","type":"product","link":"https:\/\/canaryvip.com\/nb\/shop\/kayaking-tenerife\/","title":{"rendered":"Kajakkpadling med skilpadder p\u00e5 Tenerife"},"content":{"rendered":"<h2><strong>\ud83d\udea3 Kajakkpadling p\u00e5 Tenerife - Padle gjennom paradiset<\/strong><\/h2>\n<p>Oppdag skj\u00f8nnheten i Tenerifes fredfylte farvann med v\u00e5r enest\u00e5ende <strong>Kajakkeventyr.<\/strong>\u00a0. Kjenn gleden ved \u00e5 skj\u00e6re gjennom havet, der spenningen ved aktiv sport blander seg med naturens beroligende omfavnelse. Med v\u00e5re <strong>kajakkpadling p\u00e5 Tenerife<\/strong> turer, vitne <a href=\"https:\/\/canaryvip.com\/nb\/tenerife\/boat-excursions\/\"><strong>Delfinobservasjoner<\/strong><\/a> og <strong>Snorkling med skilpadder<\/strong> p\u00e5 en respektfull, ikke-p\u00e5trengende m\u00e5te, og tilbyr et ideelt tilfluktssted for naturelskere.<\/p>\n<h3><strong>\u23f1\ufe0f Havutforskning med kajakkpadling p\u00e5 Tenerife<\/strong><\/h3>\n<ul>\n<li><strong>Eventyr:<\/strong> Start din <strong>kajakkpadling p\u00e5 Tenerife<\/strong> fra kysten av Los Cristianos, og ta fatt p\u00e5 en blanding av vannsport og det \u00e5pne havets tiltrekningskraft. Turene v\u00e5re byr p\u00e5 energisk padling og personlige m\u00f8ter med Tenerifes pulserende marine liv.<\/li>\n<li><strong>Funksjoner:<\/strong> Selv om observasjonene av dyreliv kan variere, er vi opptatt av \u00e5 tilby en ekstraordin\u00e6r opplevelse. <strong>kajakkpadling p\u00e5 Tenerife<\/strong> opplevelsen forblir konstant.<\/li>\n<li><strong>Ekstra fordeler:<\/strong> I tillegg til den spennende kajakkpadlingen kan du ta sjansen p\u00e5 \u00e5 snorkle i Palm Mars krystallklare vann, som er et fristed for havskilpadder og en mengde marine arter. Dette beriker opplevelsen din og gj\u00f8r det lettere \u00e5 komme tett p\u00e5 havets undere.<\/li>\n<\/ul>\n<h3><strong>\ud83c\udf0a M\u00f8te med det marine livet under kajakkpadling p\u00e5 Tenerife<\/strong><\/h3>\n<ul>\n<li><strong>Erfaring:<\/strong> Padle gjennom Tenerifes rolige farvann p\u00e5 v\u00e5re <strong>kajakkturer<\/strong> for \u00e5 f\u00e5 sjansen til \u00e5 observere delfiner i deres naturlige milj\u00f8. Selv om det ikke er tillatt \u00e5 sv\u00f8mme med delfiner, skaper turene v\u00e5re en f\u00f8lelse av respekt og \u00e6refrykt for disse fantastiske skapningene.<\/li>\n<li><strong>H\u00f8ydepunkter:<\/strong> Snorkling gir deg et dykk inn i undervannsverdenen, med stor sannsynlighet for \u00e5 sv\u00f8mme ved siden av skilpadder og rokker, og viser deg Tenerifes fantastiske og mangfoldige marine liv.<\/li>\n<li><strong>Praktisk:<\/strong> Velg v\u00e5r stressfrie henteservice mot et lite pristillegg, og f\u00e5 en problemfri start p\u00e5 reisen. <strong>kajakkpadling p\u00e5 Tenerife<\/strong> eventyr. Vi prioriterer komforten din og s\u00f8rger for at hver eneste del av reisen blir s\u00f8ml\u00f8s.<\/li>\n<\/ul>\n<h3>\ud83c\udf1f Viktig informasjon for din kajakkopplevelse p\u00e5 Tenerife<\/h3>\n<ul>\n<li><strong>Sikkerhet<\/strong>: Hver <strong>kajakkpadling p\u00e5 Tenerife<\/strong> er preget av v\u00e5rt engasjement for sikkerhet. Vi gjennomf\u00f8rer detaljerte sikkerhetsgjennomganger f\u00f8r hver tur og utstyrer alle deltakerne med n\u00f8dvendig utstyr, inkludert redningsvester og snorkelsett, slik at de f\u00e5r en trygg og hyggelig opplevelse.<\/li>\n<li><strong>Flerspr\u00e5klige guider<\/strong>: V\u00e5re dyktige guider behersker b\u00e5de engelsk og spansk og gir personlige og informative kommentarer under hele reisen. <strong>kajakkpadling p\u00e5 Tenerife<\/strong> utflukt. Dette s\u00f8rger for en innbydende atmosf\u00e6re for internasjonale eventyrere, noe som gj\u00f8r hvert \u00f8yeblikk p\u00e5 turen b\u00e5de engasjerende og l\u00e6rerikt.<\/li>\n<li><strong>Undervisning av eksperter<\/strong>: F\u00f8r du begynner \u00e5 <strong>kajakkpadling p\u00e5 Tenerife<\/strong> Med v\u00e5r erfaring kan du f\u00e5 eksperttips om kajakkteknikk og sikkerhetsrutiner. Uansett om du er nybegynner eller har erfaring fra f\u00f8r, er m\u00e5let med veiledningen v\u00e5r \u00e5 gi deg \u00f8kt selvtillit og glede p\u00e5 vannet.<\/li>\n<\/ul>\n<h3>\ud83d\udcc5 <strong>Sikre kajakkeventyret ditt p\u00e5 Tenerife og bestill n\u00e5<\/strong><\/h3>\n<p>V\u00e5r <strong>Kajakturer p\u00e5 Tenerife<\/strong> er n\u00f8ye gjennomtenkt for \u00e5 gi deg et innblikk i \u00f8yas naturlige underverk, og gir deg en unik opplevelse som knytter deg tett sammen med havet.<br \/>\nVi anbefaler at du er tidlig ute med \u00e5 bestille plass. Velg <strong>CanaryVIP<\/strong> for en smidig reservasjonsprosess, slik at du er sikret en plass i dette vannparadiset.<\/p>\n<h3>\u2705 <strong>Hva er inkludert i kajakkturen p\u00e5 Tenerife?<\/strong><\/h3>\n<ul>\n<li>Valgfri hente- og bringetjeneste mot en nominell avgift, noe som gj\u00f8r opplevelsen din enda mer praktisk.<\/li>\n<li>En guidet tur ledet av erfarne instrukt\u00f8rer som kombinerer kajakkpadling og snorkling.<\/li>\n<li>Ca. 1,5 times kajakkpadling, supplert med en 30-minutters snorkel\u00f8kt for \u00e5 utforske undervannsverdenen.<\/li>\n<li>Skap for trygg oppbevaring av eiendelene dine mens du nyter vannopplevelsene.<\/li>\n<li>En flerspr\u00e5klig guide som sikrer tydelig kommunikasjon og en rik opplevelse.<\/li>\n<\/ul>\n<h3><strong>\u2696\ufe0f Bestillings- og avbestillingsregler for kajakkpadling p\u00e5 Tenerife:<\/strong><\/h3>\n<ul>\n<li><strong>Planlegg i god tid:<\/strong> Bestill tidlig for \u00e5 sikre deg plass, og f\u00e5 spesialrabatt gjennom CanaryVIP. Husk at det er stor ettersp\u00f8rsel etter kajakkopplevelser, spesielt de som byr p\u00e5 m\u00f8ter med dyreliv.<\/li>\n<li><strong>Fleksible avbestillinger:<\/strong> Livet kan v\u00e6re uforutsigbart. Avbestill inntil 24 timer f\u00f8r turen og f\u00e5 full refusjon. Vi forst\u00e5r at du trenger fleksibilitet for \u00e5 f\u00e5 en stressfri opplevelse.<\/li>\n<li><strong>Krav til deltakerne:<\/strong> Passer for personer som er i rimelig god form og komfortable i vann. Ingen tidligere kajakkpadlingserfaring er n\u00f8dvendig, men deltakerne b\u00f8r v\u00e6re sv\u00f8mmedyktige under snorkelturen.<\/li>\n<\/ul>\n<h3><strong>\ud83c\udf92 Forberedelser til kajakkeventyret:<\/strong><\/h3>\n<ul>\n<li><strong>Hva du b\u00f8r ta med:<\/strong> Komfort er avgj\u00f8rende for opplevelsen. Kle deg i badedrakt under en v\u00e5tdrakt p\u00e5 kj\u00f8ligere dager. Flip-flops er ikke \u00e5 anbefale, men solide sko er viktig for reisen. Husk \u00e5 ta med solkrem, hatt til turer p\u00e5 dagtid og et h\u00e5ndkle til etter snorkling.<\/li>\n<li><strong>Fotominner:<\/strong> Selv om vi ikke tilbyr fototjenester, er du velkommen til \u00e5 ta med kamera eller telefon for \u00e5 forevige den fantastiske utsikten. V\u00e6r oppmerksom p\u00e5 at du b\u00e6rer disse gjenstandene p\u00e5 eget ansvar.<\/li>\n<li><strong>Helse og sikkerhet:<\/strong> For \u00e5 garantere sikkerheten og tilfredsstillelsen til alle deltakerne frar\u00e5des aktiviteten for personer som er gravide i mer enn 5 m\u00e5neder. Det er viktig at alle kajakkpadlere har grunnleggende sv\u00f8mmeferdigheter, spesielt for snorkeldelen av turen.<\/li>\n<\/ul>\n<h3>\u2753 <strong>Ofte stilte sp\u00f8rsm\u00e5l: Svar p\u00e5 sp\u00f8rsm\u00e5lene dine om kajakkpadling<\/strong><\/h3>\n<ul>\n<li><strong>M\u00e5 jeg ha erfaring med kajakkpadling fra f\u00f8r?<\/strong> Ikke i det hele tatt, guidene v\u00e5re gir deg de grunnleggende padleteknikkene du trenger. Bare v\u00e6r komfortabel i vannet og klar for en engasjerende dag.<\/li>\n<li><strong>Hva skal jeg ha p\u00e5 meg?<\/strong> I tillegg til badedrakt og solkrem anbefales det \u00e5 bruke v\u00e5tdrakt p\u00e5 kj\u00f8ligere dager. Vi stiller med alt n\u00f8dvendig sikkerhets- og snorkelutstyr.<\/li>\n<li><strong>Finnes det aldersbegrensninger?<\/strong> Kajakkpadlere m\u00e5 v\u00e6re 6 \u00e5r eller eldre. Barn mellom 6 og 11 \u00e5r m\u00e5 v\u00e6re i f\u00f8lge med en voksen.<\/li>\n<li><strong>Kan jeg bytte kajakk?<\/strong> Du kan absolutt velge \u00e5 padle alene, sammen med en partner eller i en gruppe p\u00e5 tre, uten at det p\u00e5virker prisen.<\/li>\n<\/ul>\n<h4><strong>\ud83c\udf1e Klar til \u00e5 omfavne havet?<\/strong><\/h4>\n<p>Dykk ned i en uforglemmelig kajakkopplevelse utenfor kysten av Tenerife. Enten du navigerer i farvannet utenfor Los Cristianos, beundrer <strong>delfiner,<\/strong>\u00a0eller <strong>Snorkling med skilpadder,<\/strong>\u00a0ditt eventyr med <strong>CanaryVIP<\/strong> lover \u00e5 v\u00e6re en blanding av skj\u00f8nnhet, spenning og varige minner.<br \/>\nBestill plass i dag, og gj\u00f8r deg klar til \u00e5 bli forbl\u00f8ffet over havets undere! \ud83d\udea3\u200d\u2640\ufe0f\ud83d\udc2c\ud83d\udc22<\/p>\n<p>Hvis du vil oppleve et eventyr uten sidestykke i Tenerifes uber\u00f8rte farvann, b\u00f8r du bestille kajakkturen din hos oss i dag!<\/p>","protected":false},"excerpt":{"rendered":"<p><strong>\ud83d\udd0d Kajakkpadling p\u00e5 Tenerife:<\/strong><br \/>\n\u2705 Sikker betaling.<br \/>\n\ud83d\udc0b Delfin- og skilpaddeobservasjoner.<br \/>\n\ud83d\ude80 2h Adventures.<br \/>\n\ud83e\udd3f Snorkelutstyr tilbys.<br \/>\n\ud83d\udd59 Flere avgangstider.<br \/>\n\ud83d\udcc5 Tilgjengelig hver dag.<br \/>\n\ud83e\udd11 Garantert beste pris.<br \/>\n\ud83d\ude8d Valgfri skytteltransport.<br \/>\n\ud83d\udc6a Familie- og grupperabatter.<br \/>\n\ud83d\udd01 24 timers avbestillingsregler.<br \/>\n\ud83c\udf0d Engelsk- og spanskspr\u00e5klige guider.<br \/>\n\ud83c\udf1f Bestill tidlig og spar penger.<br \/>\n\ud83d\udccd Avgang fra <a href=\"https:\/\/maps.app.goo.gl\/g9c9rZaJv7igjr3t8\">Los Cristianos<\/a>.<\/p>","protected":false},"featured_media":10794,"comment_status":"open","ping_status":"closed","template":"","meta":{"_acf_changed":false},"product_brand":[],"product_cat":[53],"product_tag":[],"class_list":{"0":"post-10465","1":"product","2":"type-product","3":"status-publish","4":"has-post-thumbnail","6":"product_cat-water-sports","7":"wcpa_has_options","9":"first","10":"instock","11":"sale","12":"virtual","13":"purchasable","14":"product-type-simple"},"acf":[],"wcpa_form_fields":{"wcpaData":{"product":{"product_price":35,"price_html":"From&nbsp;<del aria-hidden=\"true\"><span class=\"woocommerce-Price-amount amount\"><bdi>45,00&nbsp;<span class=\"woocommerce-Price-currencySymbol\">&euro;<\/span><\/bdi><\/span><\/del> <span class=\"screen-reader-text\">Opprinnelig pris var: 45,00&nbsp;&euro;.<\/span><ins aria-hidden=\"true\"><span class=\"woocommerce-Price-amount amount\"><bdi>35,00&nbsp;<span class=\"woocommerce-Price-currencySymbol\">&euro;<\/span><\/bdi><\/span><\/ins><span class=\"screen-reader-text\">N\u00e5v\u00e6rende pris er: 35,00&nbsp;&euro;.<\/span>","original_product_price":45,"price_including_tax":35,"price_excluding_tax":35,"product_id":{"parent":10465,"variation":false},"is_variable":false,"stock_status":"instock","stock_quantity":null,"parent_sku":"CV10465","product_attributes":[],"custom_fields":[],"is_taxable":false,"product_name":"Kayaking with Turtles Tenerife","hasImage":false},"fields":{"sec_1066337d57eb5e3":{"extra":{"key":"sec_1066337d57eb5e3","section_id":"sec_1066337d57eb5e3","name":"Default","status":1,"cl_rule":"show","enableCl":false,"relations":[],"toggle":true,"title_tag":"h3","show_title":false,"showPrice":"default","form_id":11372,"form_rules":{"exclude_from_discount":true,"fee_label":"Fee","disp_hide_options_price":true,"disp_show_section_price":false,"disp_show_field_price":true,"layout_option":"standard","pric_use_as_fee":false,"process_fee_as":"woo_fee"},"layout_option":"standard"},"fields":[[{"label":"\ud83d\udcc5 Date","active":true,"required":true,"elementId":"date_666337d57eb607","picker_type":"custom","picker_mode":"single","placeholder":"","description":"","tooltip":"","name":"date_666337d57eb607","label_position":"default","desc_position":"default","enablePrice":false,"className":"","enableCl":false,"relations":[{"operator":"and","rules":[{"operator":"AND","rules":{"cl_field":"radio-group_5661bc90f5e8f5","cl_relation":"is_not_empty","cl_val":"3 Hour Trip"}}]}],"date_pic_inline":true,"date_pic_inline_hide":true,"min_date":{"type":"days","val":"0"},"max_date":{"type":"days","val":"365"},"date_pic_conf":{"disabledWeeks":[]},"price":"","cl_rule":"show","col":6,"type":"date","error":false,"enableDesign":false,"LabelColor":"","gt_translate_keys":["label","placeholder","description","tooltip"],"price_dependency":false,"cl_dependency":false,"value":""}],[{"active":true,"col":6,"relations":false,"cl_rule":"show","enableCl":false,"price":"","enablePrice":false,"className":"","label_position":"default","desc_position":"default","type":"select","required":true,"elementId":"select_566337d57eb62f","label":"\u23f0 Departure Time","name":"select_566337d57eb62f","values":[{"label":"Whichever Time is Best","value":"Whichever Time is Best","selected":false,"tempId":"aco_312","gt_translate_keys":["label"]},{"label":"10:00","value":"10:00","selected":false,"tempId":"aco_313","gt_translate_keys":["label"]},{"label":"12:30 (12:30 PM)","value":"12:30","selected":false,"tempId":"aco_314","gt_translate_keys":["label"]},{"label":"14:00 (2:00 PM)","value":"14:00","selected":false,"tempId":"aco_711","gt_translate_keys":["label"]}],"dropdown_type":"basic","error":false,"multiple":false,"placeholder":"None","gt_translate_keys":["label","placeholder"],"price_dependency":false,"cl_dependency":false,"value":""}],[{"active":true,"col":6,"relations":false,"cl_rule":"show","enableCl":false,"price":"","enablePrice":false,"className":"","label_position":"default","desc_position":"default","type":"content","required":false,"elementId":"content_1042762875","label":"","name":"content_1042762875","contentType":"rich","value":"<p>\ud83c\udf9f\ufe0f <strong>Reservation<\/strong>: Pay only a deposit now to reserve; the rest is due on the day of the activity upon arrival.<\/p>","show_in_checkout":true,"error":false,"gt_translate_keys":["label","value"],"price_dependency":false,"cl_dependency":false}],[{"active":true,"col":6,"relations":[{"operator":false,"rules":[{"operator":"AND","rules":{"cl_field":"","cl_relation":"","cl_val":""}}]}],"cl_rule":"show","enableCl":true,"price":"35","enablePrice":true,"className":"","label_position":"default","desc_position":"default","type":"radio-group","required":false,"elementId":"radio-group_166337d57eb617","label":"","name":"radio-group_166337d57eb617","values":[{"label":"\ud83d\udc64 Adult (35\u20ac)","value":"Adult","selected":true,"tempId":"aco_32","tooltip":"+11 Years","description":"","gt_translate_keys":["label","tooltip","description"]}],"layOut":"","error":false,"checkUi":"button","priceOptions":"fixed_for_all","pricingType":"fixed","enable_quantity":true,"quantity_label":"","min_quantity":"0","options_tooltip":true,"options_description":true,"is_show_price":true,"gt_translate_keys":["label","quantity_label"],"price_dependency":false,"cl_dependency":false,"value":""}],[{"label":"","active":true,"required":false,"elementId":"radio-group_166337d57eb624","name":"radio-group_166337d57eb624","label_position":"default","desc_position":"default","enablePrice":true,"className":"","enableCl":true,"relations":[{"operator":false,"rules":[{"operator":"AND","rules":{"cl_field":"","cl_relation":"","cl_val":""}}]}],"enable_quantity":true,"quantity_label":"","min_quantity":"0","checkUi":"button","layOut":"","options_tooltip":true,"options_description":true,"values":[{"label":"\ud83d\udc66 Child (20\u20ac)","value":"Child","selected":true,"tempId":"aco_32","tooltip":"6-10 Years","description":"","gt_translate_keys":["label","tooltip","description"]}],"priceOptions":"fixed_for_all","pricingType":"fixed","price":"20","cl_rule":"show","col":6,"type":"radio-group","error":false,"is_show_price":true,"gt_translate_keys":["label","quantity_label"],"price_dependency":false,"cl_dependency":false,"value":""}],[{"active":true,"col":6,"relations":false,"cl_rule":"show","enableCl":false,"price":"","enablePrice":false,"className":"","label_position":"default","desc_position":"default","type":"separator","required":false,"elementId":"separator_9019492152","label":"Separator Field","height":"6","separatorType":"fill","error":false,"separatorColor":"#66a6b6","gt_translate_keys":["label"],"price_dependency":false,"cl_dependency":false,"value":""}],[{"active":true,"col":6,"relations":false,"cl_rule":"show","enableCl":false,"price":"({field.radio-group_166337d57eb617.quantity}*10)+({field.radio-group_166337d57eb624.quantity}*7.50)","enablePrice":true,"className":"","label_position":"default","desc_position":"default","type":"content","required":false,"elementId":"content_8712621725","label":"Deposit Now","name":"content_8712621725","contentType":"plain","value":"","error":false,"pricingType":"custom","isTemplate":false,"is_show_price":false,"show_in_checkout":true,"enableDesign":true,"LabelSize":"14px","inline":true,"gt_translate_keys":["label","value"],"price_dependency":["content-8850121983"],"cl_dependency":false}],[{"contentType":"plain","active":true,"label":"Payment at Arrival","elementId":"content-8797651822","value":"","name":"content-8797651822","enablePrice":true,"className":"","enableCl":false,"relations":false,"price":"({field.radio-group_166337d57eb617.quantity}*25)+({field.radio-group_166337d57eb624.quantity}*12.50)","cl_rule":"show","col":6,"type":"content","error":false,"is_show_price":true,"pricingType":"custom","isTemplate":false,"show_in_checkout":true,"enableDesign":true,"LabelSize":"14px","inline":true,"gt_translate_keys":["label","value"],"price_dependency":["content-8850121983"],"cl_dependency":false}],[{"contentType":"plain","active":true,"label":"Total Amount","elementId":"content-8850121983","value":"","name":"content-8850121983","enablePrice":true,"className":"","enableCl":false,"relations":false,"price":"{field.content_8712621725.price}+{field.content-8797651822.price}","cl_rule":"show","col":6,"type":"content","error":false,"is_show_price":true,"pricingType":"custom","isTemplate":false,"show_in_checkout":true,"enableDesign":true,"LabelSize":"14px","inline":true,"gt_translate_keys":["label","value"],"price_dependency":false,"cl_dependency":false}]]},"sec_he1t7j115":{"extra":{"key":"sec_he1t7j115","section_id":"sec_he1t7j115","name":"Pickup","status":1,"cl_rule":"show","enableCl":false,"relations":[],"toggle":true,"title_tag":"h4","show_title":false,"showPrice":"default","form_id":11372,"form_rules":{"exclude_from_discount":true,"fee_label":"Fee","disp_hide_options_price":true,"disp_show_section_price":false,"disp_show_field_price":true,"layout_option":"standard","pric_use_as_fee":false,"process_fee_as":"woo_fee"},"layout_option":"standard"},"fields":[[{"active":true,"col":6,"relations":false,"cl_rule":"show","enableCl":false,"price":"","enablePrice":false,"className":"","label_position":"default","desc_position":"default","type":"text","subtype":"text","required":false,"elementId":"text_0736264724","label":"\ud83d\ude8c Pickup Location","name":"text_0736264724","value":"","error":false,"description":"Pick-up service in Tenerife South available for an extra 2\u20ac per person, to be paid on arrival. Please provide your address or hotel name to book the shuttle service; if not needed, leave it blank. | For Callao Salvaje and Palm-Mar, the extra cost is 4\u20ac per person | El M\u00e9dano: 15\u20ac per car | Golf del Sur: 10\u20ac per car.","gt_translate_keys":["label","description","value"],"price_dependency":false,"cl_dependency":false}]]}},"config":{"price_override":"always","enable_recaptcha":false,"bind_quantity":false,"quantity_bind_formula":false,"disp_summ_show_option_price":true,"disp_summ_show_product_price":false,"disp_summ_show_total_price":false,"disp_summ_show_fee":true,"disp_summ_show_discount":true,"summary_title":"","options_total_label":"Options Price","total_label":"Total Amount","options_product_label":"Product Price","fee_label":"Fee","discount_label":"Discount","has_price":true,"has_quantity_formula":false},"mc_unit":1,"tax_rate":1,"tax_rate_real":1,"discount":{"percentage":0,"fixed":0},"design":{"conf":{"LabelPosition":"above","DescPosition":"above","UploadField":"custom_1","QuantityFieldStyle":"custom_1"},"css":{"LeftLabelWidth":"120px"}},"formulas":[],"lookuptables":[],"clones":false,"cartKey":false}},"_links":{"self":[{"href":"https:\/\/canaryvip.com\/nb\/wp-json\/wp\/v2\/product\/10465","targetHints":{"allow":["GET"]}}],"collection":[{"href":"https:\/\/canaryvip.com\/nb\/wp-json\/wp\/v2\/product"}],"about":[{"href":"https:\/\/canaryvip.com\/nb\/wp-json\/wp\/v2\/types\/product"}],"replies":[{"embeddable":true,"href":"https:\/\/canaryvip.com\/nb\/wp-json\/wp\/v2\/comments?post=10465"}],"wp:featuredmedia":[{"embeddable":true,"href":"https:\/\/canaryvip.com\/nb\/wp-json\/wp\/v2\/media\/10794"}],"wp:attachment":[{"href":"https:\/\/canaryvip.com\/nb\/wp-json\/wp\/v2\/media?parent=10465"}],"wp:term":[{"taxonomy":"product_brand","embeddable":true,"href":"https:\/\/canaryvip.com\/nb\/wp-json\/wp\/v2\/product_brand?post=10465"},{"taxonomy":"product_cat","embeddable":true,"href":"https:\/\/canaryvip.com\/nb\/wp-json\/wp\/v2\/product_cat?post=10465"},{"taxonomy":"product_tag","embeddable":true,"href":"https:\/\/canaryvip.com\/nb\/wp-json\/wp\/v2\/product_tag?post=10465"}],"curies":[{"name":"wp","href":"https:\/\/api.w.org\/{rel}","templated":true}]}}