{"id":10186,"date":"2024-03-28T05:27:33","date_gmt":"2024-03-28T05:27:33","guid":{"rendered":"https:\/\/canaryvip.com\/?post_type=product&#038;p=10186"},"modified":"2025-06-28T23:11:45","modified_gmt":"2025-06-28T22:11:45","slug":"rent-a-car-tenerife","status":"publish","type":"product","link":"https:\/\/canaryvip.com\/nb\/shop\/rent-a-car-tenerife\/","title":{"rendered":"Lei en bil p\u00e5 Tenerife"},"content":{"rendered":"<h2>\ud83d\ude99 Oppdag Tenerife med v\u00e5r f\u00f8rsteklasses bilutleietjeneste<\/h2>\n<p>Opplev den ultimate friheten til \u00e5 utforske Tenerifes fantastiske landskap i ditt eget tempo. V\u00e5r <strong>Lei en bil p\u00e5 Tenerife<\/strong> tjeneste p\u00e5 <strong>CanaryVIP<\/strong> tilbyr enest\u00e5ende bekvemmelighet og fleksibilitet for reisen din p\u00e5 \u00f8ya. Fra \u00e5 slikke sol p\u00e5 uber\u00f8rte strender til \u00e5 vandre gjennom den majestetiske <a href=\"https:\/\/canaryvip.com\/nb\/discover-the-teide-the-ultimate-guide-iconic-volcano\/\">Teide nasjonalpark,<\/a>\u00a0og oppdage \u00f8yas skjulte perler, er v\u00e5r mangfoldige fl\u00e5te din billett til et uforglemmelig eventyr.<\/p>\n<h3>\u2b50\ufe0f Hvorfor velge Rent a Car Tenerife?<\/h3>\n<p>\u00c5 velge \u00e5 <strong>leie en bil p\u00e5 Tenerife<\/strong> med CanaryVIP betyr \u00e5 gi deg selv frihet i gave. Du er ikke lenger bundet av begrensningene ved offentlig transport eller de rigide tidsskjemaene for organiserte turer, og du har friheten til \u00e5 utforske denne fantastiske \u00f8ya i ditt eget tempo og i henhold til dine egne interesser.<\/p>\n<ul>\n<li><strong>Fleksibilitet:<\/strong> V\u00e5r <strong>bilutleie p\u00e5 Tenerife<\/strong> gir deg kontrollen til \u00e5 utforme reiseruten din. Fra soloppgang til solnedgang bestemmer du selv hva du vil se og n\u00e5r.<\/li>\n<li><strong>Variety:<\/strong> Bilparken v\u00e5r er mangfoldig, og dekker alle preferanser og behov. Enten du er ute etter en kompakt bil for byutflukter eller en romslig SUV for eventyr i ulendt terreng i <strong>Tenerife S\u00f8r,<\/strong>\u00a0vi har det du trenger.<\/li>\n<li><strong>Konkurransedyktige priser:<\/strong> Vi streber etter \u00e5 v\u00e6re rimelige uten \u00e5 ofre kvalitet. V\u00e5re <strong>leiebil<\/strong> alternativene p\u00e5 Tenerife er priset for \u00e5 gi deg best mulig valuta for pengene, slik at du kan utforske \u00f8ya p\u00e5 en budsjettvennlig m\u00e5te.<\/li>\n<li><strong>Praktisk:<\/strong> Hent leiebilen din fra viktige steder som <strong><a href=\"https:\/\/maps.app.goo.gl\/YAWX2KPn75tN8YMUA\" target=\"_blank\" rel=\"noopener\">Tenerife S\u00f8r lufthavn<\/a>.<\/strong>\u00a0Fra det \u00f8yeblikket du lander, begynner eventyret ditt p\u00e5 Tenerife uten forsinkelse.<\/li>\n<\/ul>\n<h4>\ud83c\udf0d Utforsk Tenerife som aldri f\u00f8r<\/h4>\n<p>Det er ikke bare de ber\u00f8mte strendene og turiststedene som gj\u00f8r Tenerife s\u00e5 forlokkende, men ogs\u00e5 de mindre kjente stedene. Med <strong>bilutleie Tenerife,<\/strong>\u00a0er du godt rustet til \u00e5 utforske \u00f8yas rike historie, levende kultur og fantastiske natur. Kj\u00f8r gjennom sjarmerende landsbyer, bes\u00f8k lokale markeder, og finn din egen bit av paradis p\u00e5 bortgjemte strender.<\/p>\n<h4>\ud83d\udd0d Oppdag mer med leiebil p\u00e5 Tenerife<\/h4>\n<p>Hver eneste sving p\u00e5 Tenerife byr p\u00e5 nye oppdagelser, og med <strong>CanaryVIPs leiebil p\u00e5 Tenerife,<\/strong>\u00a0er du fri til \u00e5 jakte p\u00e5 hver eneste solnedgang, bestige hvert eneste fjell og nyte hver eneste utsikt. G\u00e5 utover guideb\u00f8kene, og gj\u00f8r reisen din til en antologi av personlige opplevelser og uforglemmelige minner.<\/p>\n<h4>\u2705 Booking gjort enkelt<\/h4>\n<p>V\u00e5r bestillingsprosess er enkel og brukervennlig. Velg \u00f8nsket kj\u00f8ret\u00f8y, velg leieperiode og legg til eventuelle ekstrautstyr du m\u00e5tte trenge, alt med bare noen f\u00e5 klikk. V\u00e5rt m\u00e5l er \u00e5 gj\u00f8re din <strong>bilutleie p\u00e5 Tenerife<\/strong> opplevelsen s\u00e5 smidig og problemfri som mulig.<\/p>\n<h4>\ud83d\udee1\ufe0f Sikkerhet og komfort<\/h4>\n<p>Din sikkerhet og komfort er av st\u00f8rste viktighet. Hvert eneste kj\u00f8ret\u00f8y i bilparken v\u00e5r er omhyggelig vedlikeholdt for \u00e5 oppfylle de h\u00f8yeste standarder for sikkerhet og ytelse. N\u00e5r du velger <strong>leiebil i Tenerife S\u00f8r,<\/strong>\u00a0kan du v\u00e6re trygg p\u00e5 at komforten og velv\u00e6ret ditt blir ivaretatt.<\/p>\n<h4>\ud83c\udf31 B\u00e6rekraftige reiser<\/h4>\n<p>Vi er opptatt av milj\u00f8vennlige reiseinitiativer. V\u00e5rt utvalg av kj\u00f8ret\u00f8y inkluderer alternativer som er sk\u00e5nsomme mot milj\u00f8et, slik at du kan utforske Tenerifes naturlige skj\u00f8nnhet og samtidig minimere karbonavtrykket ditt.<\/p>\n<h4>\ud83d\udd11 L\u00e5s opp det beste av Tenerife<\/h4>\n<p>Tenerife er en \u00f8y full av eventyr og skj\u00f8nnhet, fra de solfylte kystlinjene til Teides mystiske h\u00f8yder. Med v\u00e5r <strong>tjenester for bilutleie,<\/strong>\u00a0hvert hj\u00f8rne av denne fortryllende \u00f8ya er innen rekkevidde. <strong>Lei en bil p\u00e5 Tenerife<\/strong> og legger ut p\u00e5 en reise av oppdagelser og undring.<\/p>\n<h3>\ud83d\udcd6 Slik bestiller du leiebil<\/h3>\n<p>\u00c5 f\u00e5 din <strong>leie en bil p\u00e5 Tenerife<\/strong> er bare noen f\u00e5 klikk unna. V\u00e5rt intuitive online bookingsystem er designet for \u00e5 gj\u00f8re det enkelt for deg, slik at du kan velge bil, angi leieperiode og administrere bookingen din p\u00e5 en enkel m\u00e5te. Bekreftelsen kommer raskt, slik at du er klar til \u00e5 utforske s\u00e5 snart du ankommer.<\/p>\n<h4>\ud83d\ude80 Eventyret ditt venter<\/h4>\n<p>Eventyr p\u00e5 Tenerife handler ikke bare om reisem\u00e5lene, men ogs\u00e5 om reisene mellom dem. Hver rute du tar med din <strong>leiebil p\u00e5 Tenerife<\/strong> avsl\u00f8rer noe nytt - en skjult bukt, et fantastisk utsiktspunkt eller et lokalt spisested som byr p\u00e5 smaker du aldri har smakt f\u00f8r. Med CanaryVIP blir \u00f8yas best bevarte hemmeligheter tilgjengelige, og turen din blir til en skattejakt p\u00e5 opplevelser.<\/p>\n<h4>\u23f3 F\u00e5 hvert \u00f8yeblikk til \u00e5 telle<\/h4>\n<p>N\u00e5r du <strong>leie en bil p\u00e5 Tenerife,<\/strong>\u00a0sparer du ikke bare tid - du f\u00e5r hvert \u00f8yeblikk av ferien til \u00e5 telle. Kj\u00f8r opp til de fantastiske klippene i Los Gigantes for \u00e5 se solnedgangen, eller finn roen p\u00e5 de rolige stiene i Anaga Rural Park. Du kan bruke tiden din p\u00e5 Tenerife som du vil, uten \u00e5 v\u00e6re bundet av planlagte utflukter og offentlig transport.<\/p>\n<h4>\ud83e\uddf3 Skreddersydd til dine behov<\/h4>\n<p>Vi forst\u00e5r at alle reisende har unike behov, og derfor <strong>bilutleie Tenerife<\/strong> tilbyr et bredt utvalg av alternativer som passer alle preferanser og krav. Fra luksuri\u00f8se kabrioleter som lar deg kjenne havbrisen, til familievennlige minibusser utstyrt for komfort, <strong>CanaryVIP<\/strong> sikrer at kj\u00f8ret\u00f8yet ditt passer til reisen du ser for deg.<\/p>\n<h3>\ud83c\udf1f En forpliktelse til fortreffelighet<\/h3>\n<p>P\u00e5 <strong>CanaryVIP<\/strong>er fortreffelighet kjernen i alt vi gj\u00f8r. Vi streber etter \u00e5 overg\u00e5 forventningene dine, fra kvaliteten p\u00e5 kj\u00f8ret\u00f8yene v\u00e5re til kundeservicen v\u00e5r. Teamet v\u00e5rt st\u00e5r alltid klart til \u00e5 gi deg anbefalinger, hjelpe deg med ruter eller gi deg all den st\u00f8tten du trenger i l\u00f8pet av din <strong>bilutleie p\u00e5 Tenerife<\/strong> erfaring. Vi er ikke bare en tjeneste; vi er din reisepartner p\u00e5 Tenerife.<\/p>\n<h4>\ud83d\udddd\ufe0f Grip muligheten<\/h4>\n<p>Tenerifes skj\u00f8nnhet venter ikke p\u00e5 noen, og med CanaryVIP har det aldri v\u00e6rt enklere \u00e5 gripe muligheten til \u00e5 utforske dette \u00f8yparadiset. Ikke la sjansen til \u00e5 skape ditt eget eventyr g\u00e5 deg hus forbi. <strong>Lei en bil p\u00e5 Tenerife<\/strong> i dag og ta kontroll over ferien din, og lag en reise som er like unik som deg.<\/p>\n<h4>\u2764\ufe0f Bestill din dr\u00f8mmekj\u00f8ring i dag<\/h4>\n<p>Er du klar til \u00e5 utforske Tenerife p\u00e5 dine egne premisser?<\/p>\n<p>Bes\u00f8k <strong>CanaryVIP<\/strong> n\u00e5 for \u00e5 bestille din perfekte leiebil. Med bare noen f\u00e5 klikk er du p\u00e5 vei til en uforglemmelig reise fylt med oppdagelser, frihet og den rene gleden ved \u00e5 utforske.<\/p>\n<p>Eventyret ditt venter med CanaryVIPs Rent a Car Tenerife-tjeneste - bestill n\u00e5, og opplev magien p\u00e5 Tenerife.<\/p>","protected":false},"excerpt":{"rendered":"<p><strong>\ud83d\udd0d Lei en bil p\u00e5 Tenerife:<\/strong><br \/>\n\u2705 Sikker betaling.<br \/>\n\ud83d\ude99 Flere bilalternativer.<br \/>\n\ud83d\ude80 Fra 1 til 30 dager.<br \/>\n\u2705 Forsikring inkludert.<br \/>\n\ud83c\udfc1 Ubegrenset antall kilometer.<br \/>\n\ud83d\udc64 +25 \u00e5r kan kj\u00f8re.<br \/>\n\ud83e\udd11 Garantert beste pris.<br \/>\n\ud83d\ude8d Gratis levering til hotellet ditt.<br \/>\n\u2708\ufe0f Levering og henting p\u00e5 flyplassen.<br \/>\n\ud83d\udc6a Rabatter aktivert.<br \/>\n\ud83c\udf1f Bestill n\u00e5 og spar penger!<\/p>","protected":false},"featured_media":10916,"comment_status":"open","ping_status":"closed","template":"","meta":{"_acf_changed":false},"product_brand":[],"product_cat":[83],"product_tag":[],"class_list":{"0":"post-10186","1":"product","2":"type-product","3":"status-publish","4":"has-post-thumbnail","6":"product_cat-rentals","7":"wcpa_has_options","9":"first","10":"instock","11":"virtual","12":"purchasable","13":"product-type-simple"},"acf":[],"wcpa_form_fields":{"wcpaData":{"product":{"product_price":50,"price_html":"From&nbsp;<span class=\"woocommerce-Price-amount amount\"><bdi>50,00&nbsp;<span class=\"woocommerce-Price-currencySymbol\">&euro;<\/span><\/bdi><\/span>","original_product_price":50,"price_including_tax":50,"price_excluding_tax":50,"product_id":{"parent":10186,"variation":false},"is_variable":false,"stock_status":"instock","stock_quantity":null,"parent_sku":"CV10186","product_attributes":[],"custom_fields":[],"is_taxable":false,"product_name":"Rent a Car Tenerife","hasImage":false},"fields":{"sec_4668282996d361":{"extra":{"key":"sec_4668282996d361","section_id":"sec_4668282996d361","name":"Contact us","status":1,"cl_rule":"show","enableCl":false,"relations":[],"toggle":true,"title_tag":"h3","show_title":false,"showPrice":"default","form_id":12153,"form_rules":{"exclude_from_discount":true,"fee_label":"Fee","disp_hide_options_price":true,"disp_show_section_price":false,"disp_show_field_price":true,"layout_option":"standard","pric_use_as_fee":false,"process_fee_as":"woo_fee"},"layout_option":"standard"},"fields":[[{"active":true,"col":6,"relations":false,"cl_rule":"show","enableCl":false,"price":"","enablePrice":false,"className":"","label_position":"default","desc_position":"default","type":"content","required":false,"elementId":"content_8291538701","label":"","name":"content_8291538701","contentType":"rich","value":"<p><a href=\"https:\/\/api.whatsapp.com\/send\/?phone=34629670312&amp;text&amp;type=phone_number&amp;app_absent=0\" target=\"_blank\"><strong>Contact us on WhatsApp<\/strong><\/a><strong> to get a personalized price for this activity\/excursion\/rental.<\/strong><\/p>","error":false,"subtype":"div","gt_translate_keys":["label","value"],"price_dependency":false,"cl_dependency":false}]]},"sec_16644ac1d03e64":{"extra":{"key":"sec_16644ac1d03e64","section_id":"sec_16644ac1d03e64","name":"Default","status":1,"cl_rule":"show","enableCl":false,"relations":[],"toggle":true,"title_tag":"h3","show_title":false,"showPrice":"default","form_id":11506,"form_rules":{"exclude_from_discount":true,"fee_label":"Fee","disp_hide_options_price":true,"disp_show_section_price":false,"disp_show_field_price":true,"layout_option":"standard","pric_use_as_fee":false,"process_fee_as":"woo_fee"},"layout_option":"standard"},"fields":[]}},"config":{"price_override":"","enable_recaptcha":false,"bind_quantity":false,"quantity_bind_formula":false,"disp_summ_show_option_price":true,"disp_summ_show_product_price":true,"disp_summ_show_total_price":true,"disp_summ_show_fee":true,"disp_summ_show_discount":true,"summary_title":"","options_total_label":"Options Price","total_label":"Total","options_product_label":"Product Price","fee_label":"Fee","discount_label":"Discount","has_price":true,"has_quantity_formula":false},"mc_unit":1,"tax_rate":1,"tax_rate_real":1,"discount":{"percentage":0,"fixed":0},"design":{"conf":{"LabelPosition":"above","DescPosition":"above","UploadField":"custom_1","QuantityFieldStyle":"custom_1"},"css":{"LeftLabelWidth":"120px"}},"formulas":[],"lookuptables":[],"clones":false,"cartKey":false}},"_links":{"self":[{"href":"https:\/\/canaryvip.com\/nb\/wp-json\/wp\/v2\/product\/10186","targetHints":{"allow":["GET"]}}],"collection":[{"href":"https:\/\/canaryvip.com\/nb\/wp-json\/wp\/v2\/product"}],"about":[{"href":"https:\/\/canaryvip.com\/nb\/wp-json\/wp\/v2\/types\/product"}],"replies":[{"embeddable":true,"href":"https:\/\/canaryvip.com\/nb\/wp-json\/wp\/v2\/comments?post=10186"}],"wp:featuredmedia":[{"embeddable":true,"href":"https:\/\/canaryvip.com\/nb\/wp-json\/wp\/v2\/media\/10916"}],"wp:attachment":[{"href":"https:\/\/canaryvip.com\/nb\/wp-json\/wp\/v2\/media?parent=10186"}],"wp:term":[{"taxonomy":"product_brand","embeddable":true,"href":"https:\/\/canaryvip.com\/nb\/wp-json\/wp\/v2\/product_brand?post=10186"},{"taxonomy":"product_cat","embeddable":true,"href":"https:\/\/canaryvip.com\/nb\/wp-json\/wp\/v2\/product_cat?post=10186"},{"taxonomy":"product_tag","embeddable":true,"href":"https:\/\/canaryvip.com\/nb\/wp-json\/wp\/v2\/product_tag?post=10186"}],"curies":[{"name":"wp","href":"https:\/\/api.w.org\/{rel}","templated":true}]}}