{"id":10109,"date":"2024-02-25T19:09:18","date_gmt":"2024-02-25T19:09:18","guid":{"rendered":"https:\/\/canaryvip.com\/?post_type=product&#038;p=10109"},"modified":"2025-11-25T16:28:10","modified_gmt":"2025-11-25T16:28:10","slug":"gulliver-private-yacht-charter-tenerife","status":"publish","type":"product","link":"https:\/\/canaryvip.com\/nb\/shop\/gulliver-private-yacht-charter-tenerife\/","title":{"rendered":"Gulliver: Yachtutleie Tenerife"},"content":{"rendered":"<h2><strong>\ud83d\udee5\ufe0f Gulliver Yacht = uforglemmelige \u00f8yeblikk<\/strong><\/h2>\n<p>Ta steget inn i en verden av maritime opplevelser med Gulliver Yacht, Tenerifes fremste familievennlige yacht, designet for \u00e5 tilby en s\u00f8ml\u00f8s blanding av spenning, fritid og minneverdige opplevelser. Denne 20 meter lange juvelen legger til rette for et sj\u00f8eventyr uten sidestykke, perfekt for familier og grupper som er p\u00e5 jakt etter et eksklusivt stykke havparadis.<\/p>\n<h3>\u2b50\ufe0f <strong>Grensel\u00f8s glede og komfort om bord<\/strong><\/h3>\n<p><span style=\"text-decoration: underline;\"><strong>Oppdag Gullivers eksepsjonelle egenskaper:<\/strong><\/span><\/p>\n<ul>\n<li>En romslig terrasse som er designet for maksimal familiehygge.<\/li>\n<li>Innbydende solsenger som gj\u00f8r det komfortabelt \u00e5 nyte solen.<\/li>\n<li>Forfriskende vannleker, inkludert en oppbl\u00e5sbar sklie, padlebrett og undervannsscootere for alle aldre.<\/li>\n<li>Overd\u00e5dige spisesteder som tilfredsstiller ulike diettbehov, inkludert glutenfrie alternativer.<\/li>\n<li>Ubegrenset med forfriskninger: brus, vin, \u00f8l, sangria og cava for \u00e5 gj\u00f8re sj\u00f8turen enda bedre.<\/li>\n<\/ul>\n<h4>\ud83d\udea4 <strong>Legg ut p\u00e5 en oppdagelsesreise<\/strong><\/h4>\n<p>Eventyret ditt begynner p\u00e5 <a href=\"https:\/\/www.google.com\/maps\/place\/Puerto+Col%C3%B3n\/@28.078002,-16.7394902,17z\/data=!3m2!4b1!5s0xc6a97433884bdf9:0x76d293b7b99db23a!4m6!3m5!1s0xc6a9743509c9ebf:0xd62345524f768247!8m2!3d28.078002!4d-16.7369153!16s%2Fg%2F11c6cqryw_?entry=ttu\" target=\"_blank\" rel=\"noopener\">Puerto Col\u00f3n<\/a>I hjertet av Costa Adejes pulserende marine liv venter Gulliver p\u00e5 \u00e5 ta deg med p\u00e5 en intim seilas begrenset til 12 gjester. Dette sikrer en personlig og eksklusiv opplevelse, enten du seiler i noen timer eller legger ut p\u00e5 en st\u00f8rre oppdagelsesferd.<\/p>\n<h4>\ud83c\udf0a <strong>Ta del i enest\u00e5ende sj\u00f8fartsaktiviteter<\/strong><\/h4>\n<p>I det \u00f8yeblikket du g\u00e5r om bord p\u00e5 Gulliver, kaller eventyret. Tenerifes fascinerende farvann blir din lekeplass og byr p\u00e5 ubegrensede muligheter for moro og oppdagelser. Dykk ned i havets forfriskende omfavnelse, ri p\u00e5 b\u00f8lgene p\u00e5 et padlebrett eller utforsk undervannsverdenen med v\u00e5rt toppmoderne snorkelutstyr. Hver aktivitet er skreddersydd for \u00e5 gj\u00f8re sj\u00f8eventyret ditt uforglemmelig, og inviterer deg til \u00e5 skape minner for livet.<\/p>\n<h4>\ud83d\udc2c <strong>Forh\u00f8yet eleganse til en eksepsjonell pris<\/strong><\/h4>\n<p>CanaryVIP hever <a href=\"https:\/\/canaryvip.com\/nb\/tenerife\/boat-hire-tenerife\/?swcfpc=1\">yachtcharter<\/a> med Gulliver, som kombinerer overd\u00e5dig luksus med usl\u00e5elig verdi. Oppdag et eventyr der overkommelig pris m\u00f8ter raffinement, komplett med konkurransedyktige priser som omfatter alle bekvemmeligheter og tjenester som er n\u00f8dvendige for en bemerkelsesverdig sj\u00f8reise.<\/p>\n<h3>\ud83d\udd52 <strong>Velg ditt eventyr: Fra dagsturer til lengre opphold<\/strong><\/h3>\n<ul>\n<li><b>3,5 timers charter: <\/b>Leter du etter en morsom og enkel m\u00e5te \u00e5 nyte havet p\u00e5? Denne 3,5-timers private charterturen er perfekt for familier eller grupper som \u00f8nsker en avslappet introduksjon til Tenerifes fantastiske kystlinje. Sv\u00f8m, snorkl og nyt havbrisen mens du f\u00e5r mest mulig ut av vannsklien om bord - en favoritt blant b\u00e5de barn og voksne!<\/li>\n<li><b>5-timers charter: <\/b><span style=\"font-weight: 400;\">Trenger du mer tid til \u00e5 utforske? Med et 5-timers charter f\u00e5r du den perfekte balansen mellom eventyr og avslapning. Dere kan cruise langs kysten, ankre opp ved skjulte bukter og nyte bading, snorkling og soling. Vannrutsjebanen er selvf\u00f8lgelig alltid klar for litt ekstra moro p\u00e5 vannet. Ideelt for deg som vil ta ting i ditt eget tempo.<\/span><\/li>\n<li><b>7-timers chartertur til Los Gigantes: <\/b><span style=\"font-weight: 400;\">For en uforglemmelig dag til sj\u00f8s tar v\u00e5r 7-timers chartertur deg hele veien til de dramatiske klippene ved Los Gigantes - et av Tenerifes mest ikoniske naturvidundere. Underveis f\u00e5r du god tid til \u00e5 sv\u00f8mme, snorkle og nyte hver eneste krok av denne fantastiske reisen. Vannrutsjebanen om bord gir turen en leken vri, noe som gj\u00f8r den til en hit for grupper, familier eller par som \u00f8nsker \u00e5 oppleve Tenerife fra et helt nytt perspektiv.<\/span><\/li>\n<\/ul>\n<h3>\u2705 <strong>Alt du trenger for en perfekt dag p\u00e5 sj\u00f8en<\/strong><\/h3>\n<ul>\n<li>Gratis gourmetmat og ubegrenset med drikke for alle aldre.<\/li>\n<li>En erfaren, flerspr\u00e5klig besetning som er klar til \u00e5 im\u00f8tekomme alle dine behov, inkludert en dedikert servit\u00f8r og kaptein.<\/li>\n<li>Fullt snorkelutstyr for undervannseventyr.<\/li>\n<li>VIP-behandling med komfortable sitteplasser og god plass til alle gjester.<\/li>\n<\/ul>\n<h3>\ud83d\udccd <strong>Ombordstigning fra Puerto Col\u00f3n: Din inngangsport til eventyr<\/strong><\/h3>\n<p>Puerto Col\u00f3n ligger ved gate 3 i det travle hjertet av Costa Adeje, og er det perfekte utgangspunktet for din Gulliver Yacht-opplevelse. Ankom bare 15 minutter f\u00f8r planlagt avgang for \u00e5 sikre en smidig start p\u00e5 eventyret, og det er enkelt \u00e5 parkere ved havnen.<\/p>\n<h4>\ud83d\udcdc <strong>Enkel bestilling og klare retningslinjer gir trygghet<\/strong><\/h4>\n<p>Det \u00e5 legge ut p\u00e5 et Gulliver Yacht-eventyr skal v\u00e6re s\u00e5 s\u00f8ml\u00f8st som mulig, fra du bestiller til du g\u00e5r om bord. CanaryVIP prioriterer komforten og sikkerheten din, og s\u00f8rger for at alle aspekter av reisen er dekket med klarhet og omsorg.<\/p>\n<ul>\n<li><strong>V\u00e6rgaranti<\/strong>: Vi overv\u00e5ker havet for \u00e5 sikre jevn seilas. I tilfelle ugunstige forhold kan du velge mellom ombooking eller full refusjon, slik at din sikkerhet og tilfredshet kommer i f\u00f8rste rekke.<\/li>\n<li><strong>Fleksibel avbestilling<\/strong>: Planer endres, og det forst\u00e5r vi. Avbestill opp til 5 dager f\u00f8r reisen for full refusjon. Avbestilling mindre enn 5 dager f\u00f8r avreise, eller ved manglende oppm\u00f8te, kan dessverre ikke refunderes. V\u00e6r oppmerksom p\u00e5 at betalingsbehandlingsgebyrer, tilsvarende 3% av den totale betalingen, ikke refunderes i alle tilfeller.<\/li>\n<li><strong>Billetter med enkel tilgang<\/strong>: Ha boardingkortet ditt tilgjengelig p\u00e5 telefonen eller skriv det ut for enkelhets skyld. V\u00e5re digitale billetter s\u00f8rger for at du er klar til \u00e5 sette seil uten problemer.<\/li>\n<li><strong>Omfattende omsorg<\/strong>: Hvis du f\u00f8ler deg uvel eller bestemmer deg for \u00e5 avslutte reisen f\u00f8r tiden, er teamet v\u00e5rt her for \u00e5 hjelpe deg, selv om vi ikke kan gi refusjon i slike tilfeller.<\/li>\n<li><strong>Fleksibilitet i betalingen<\/strong>: Velg den betalingsm\u00e5ten som passer for deg.<\/li>\n<\/ul>\n<p><strong>\ud83c\udf0a\ud83c\udf1f\ud83d\udee5\ufe0f Bestill din Gulliver Yacht-opplevelse med CanaryVIP i dag og \u00e5pne d\u00f8ren til uforglemmelige \u00f8yeblikk til sj\u00f8s.<\/strong><\/p>","protected":false},"excerpt":{"rendered":"<p><strong>\ud83d\udd0d Gulliver Charter:<\/strong><br \/>\n\u2705 Sikker betaling.<br \/>\n\ud83d\udd10 Private turer er tilgjengelige.<br \/>\n<span>\ud83d\udc65 Delte turer tilgjengelig.<\/span><br \/>\n\ud83d\udee5\ufe0f 20m Yacht Comfort.<br \/>\n\u23f3 Daglige turer p\u00e5 3-9 timer.<br \/>\n\ud83d\udd59 Tilpassede avgangstider.<br \/>\n\ud83c\udf74 M\u00e5ltider og drikkevarer inkludert.<br \/>\n\ud83d\udc65 Opptil 12 gjester.<br \/>\n\ud83e\udd29 Morsomme gummib\u00e5ter.<br \/>\n\ud83d\udef6 Kajakker inkludert.<br \/>\n\ud83d\udeb2 Sea Water Bikes.<br \/>\n\ud83d\udedd Ultimativ vannsklie.<br \/>\n\ud83c\udfc4\u200d\u2640\ufe0f Padlebrett inkludert.<br \/>\n\ud83e\udd3f Snorkelutstyr er tilgjengelig.<br \/>\n\ud83d\udd0a Spill av musikken din.<br \/>\n\ud83e\udd11 Garantert beste pris.<br \/>\n\ud83d\udc6a Rabatter aktivert.<br \/>\n\ud83d\udd01 Opptil 5 dagers avbestilling.<br \/>\n\ud83c\udf0d Flerspr\u00e5klig besetning.<br \/>\n\ud83c\udf1f Bestill tidlig og spar!<br \/>\n\ud83d\udccd Avgang fra\u00a0<a href=\"https:\/\/maps.app.goo.gl\/ocJuu7A8R1JWjPbS9\">Puerto Colon<\/a>.<\/p>","protected":false},"featured_media":10114,"comment_status":"open","ping_status":"closed","template":"","meta":{"_acf_changed":false},"product_brand":[],"product_cat":[47],"product_tag":[],"class_list":{"0":"post-10109","1":"product","2":"type-product","3":"status-publish","4":"has-post-thumbnail","6":"product_cat-boat-hire-tenerife","7":"wcpa_has_options","9":"first","10":"instock","11":"sale","12":"virtual","13":"purchasable","14":"product-type-simple"},"acf":[],"wcpa_form_fields":{"wcpaData":{"product":{"product_price":895,"price_html":"From&nbsp;<del aria-hidden=\"true\"><span class=\"woocommerce-Price-amount amount\"><bdi>950,00&nbsp;<span class=\"woocommerce-Price-currencySymbol\">&euro;<\/span><\/bdi><\/span><\/del> <span class=\"screen-reader-text\">Opprinnelig pris var: 950,00&nbsp;&euro;.<\/span><ins aria-hidden=\"true\"><span class=\"woocommerce-Price-amount amount\"><bdi>895,00&nbsp;<span class=\"woocommerce-Price-currencySymbol\">&euro;<\/span><\/bdi><\/span><\/ins><span class=\"screen-reader-text\">N\u00e5v\u00e6rende pris er: 895,00&nbsp;&euro;.<\/span>","original_product_price":950,"price_including_tax":895,"price_excluding_tax":895,"product_id":{"parent":10109,"variation":false},"is_variable":false,"stock_status":"instock","stock_quantity":null,"parent_sku":"CV10109","product_attributes":[],"custom_fields":[],"is_taxable":false,"product_name":"Gulliver: Yacht Hire Tenerife","hasImage":false},"fields":{"sec_96638f078b8951":{"extra":{"key":"sec_96638f078b8951","section_id":"sec_96638f078b8951","name":"Default","status":1,"cl_rule":"show","enableCl":false,"relations":[],"toggle":true,"title_tag":"h3","show_title":false,"showPrice":"default","form_id":11398,"form_rules":{"exclude_from_discount":true,"fee_label":"Fee","disp_hide_options_price":true,"disp_show_section_price":false,"disp_show_field_price":true,"layout_option":"standard","pric_use_as_fee":false,"process_fee_as":"woo_fee"},"layout_option":"standard"},"fields":[[{"label":"\ud83d\udcc5 Date","active":true,"required":true,"elementId":"date_106638f078b8973","picker_type":"custom","picker_mode":"single","placeholder":"","description":"","tooltip":"","name":"date_106638f078b8973","label_position":"default","desc_position":"default","enablePrice":false,"className":"","enableCl":false,"relations":[{"operator":"and","rules":[{"operator":"AND","rules":{"cl_field":"radio-group_565c78ffa81208","cl_relation":"is","cl_val":"3 Hour Trip"}}]}],"date_pic_inline":true,"date_pic_inline_hide":true,"min_date":{"type":"days","val":"1"},"max_date":{"type":"days","val":"365"},"date_pic_conf":{"disabledWeeks":[],"disabledDates":["2024-06-30","2024-07-25","2024-11-28 to 2024-12-04","2025-03-29"]},"price":"","cl_rule":"show","col":6,"type":"date","error":false,"enableDesign":false,"LabelColor":"","gt_translate_keys":["label","placeholder","description","tooltip"],"price_dependency":false,"cl_dependency":false,"value":""}],[{"elementId":"separator_66638f078b898d","separatorType":"blank","className":"","height":"3","enableCl":false,"relations":false,"cl_rule":"show","col":6,"type":"separator","error":false,"gt_translate_keys":[],"price_dependency":false,"cl_dependency":false,"value":""}],[{"active":true,"col":6,"relations":false,"cl_rule":"show","enableCl":false,"price":"","enablePrice":true,"className":"","label_position":"default","desc_position":"default","type":"select","required":true,"elementId":"select_96638f078b8998","label":"\u23f3 Trip Duration","name":"select_96638f078b8998","values":[{"label":"3.5 Hours (895\u20ac)","value":"3","selected":false,"tempId":"aco_556","price":"895","gt_translate_keys":["label"]},{"label":"5 Hours (1.200\u20ac)","value":"5","selected":false,"tempId":"aco_141","price":"1200","gt_translate_keys":["label"]},{"label":"7 Hours (1.750\u20ac)","value":"7","selected":false,"tempId":"aco_151","price":"1750","gt_translate_keys":["label"]}],"dropdown_type":"basic","error":false,"placeholder":"Select Trip Duration","priceOptions":"different_for_all","pricingType":"fixed","is_show_price":false,"gt_translate_keys":["label","placeholder"],"price_dependency":false,"cl_dependency":false,"value":""}],[{"active":true,"col":6,"relations":false,"cl_rule":"show","enableCl":false,"price":"","enablePrice":true,"className":"","label_position":"default","desc_position":"default","type":"select","required":false,"elementId":"select_0041641856","label":"\ud83d\udca6 Add jet-skis?","name":"select_0041641856","values":[{"label":"2 JetSkis for 1 Hour (500\u20ac)","value":"2 x JetSki for 1 Hour","selected":false,"tempId":"aco_2502","price":"500","gt_translate_keys":["label"]},{"label":"1 JetSki for 2 Hours (500\u20ac)","value":"1 x JetSki for 2 Hours","selected":false,"tempId":"aco_2503","price":"500","gt_translate_keys":["label"]},{"label":"2 JetSkis for 2 Hours (800\u20ac)","value":"2 x JetSki for 2 Hours","selected":false,"tempId":"aco_2927","price":"800","gt_translate_keys":["label"]}],"dropdown_type":"basic","error":false,"description":"Private JetSki tour from the boat with a JetSki instructor.","placeholder":"None","priceOptions":"different_for_all","pricingType":"fixed","is_show_price":false,"isWeightTemplate":false,"isTemplate":false,"min_quantity":"1","quantity_decimal":false,"quantity_step":"1","quantity_label":"Quantity","repeater_field_label":"{field_label}","repeater_bind":"","gt_translate_keys":["label","placeholder","description","repeater_field_label","quantity_label"],"price_dependency":false,"cl_dependency":false,"value":""}],[{"elementId":"separator_16638f078b89f1","separatorType":"blank","className":"","height":"1","enableCl":false,"relations":false,"cl_rule":"show","col":6,"type":"separator","error":false,"gt_translate_keys":[],"price_dependency":false,"cl_dependency":false,"value":""}],[{"active":true,"col":6,"relations":[{"operator":false,"rules":[{"operator":"AND","rules":{"cl_field":"radio-group_565c78ffa81208","cl_relation":"is","cl_val":"3 Hour Trip"}}]}],"cl_rule":"show","enableCl":false,"price":"","enablePrice":false,"className":"","label_position":"default","desc_position":"default","type":"select","required":false,"elementId":"select_76638f078b89d4","label":"\u23f0 Departure Time","name":"select_76638f078b89d4","values":[{"label":"10:00","value":"10:00","selected":false,"tempId":"aco_1472","gt_translate_keys":["label"]},{"label":"14:00 (2:00 PM)","value":"14:00","selected":false,"tempId":"aco_1728","gt_translate_keys":["label"]},{"label":"17:30 (5:30 PM)","value":"17:30","selected":false,"tempId":"aco_28","gt_translate_keys":["label"]}],"dropdown_type":"basic","error":false,"placeholder":"Whichever Time is Best","gt_translate_keys":["label","placeholder"],"price_dependency":false,"cl_dependency":false,"value":""}],[{"elementId":"separator-2954713577","separatorType":"blank","className":"","height":"1","enableCl":false,"relations":false,"cl_rule":"show","col":6,"type":"separator","gt_translate_keys":[],"price_dependency":false,"cl_dependency":false,"value":""}],[{"label":"\u2705 Number of People","active":true,"required":true,"elementId":"select_76638f078b89e7","dropdown_type":"basic","placeholder":"Select Number of People","name":"select_76638f078b89e7","label_position":"default","desc_position":"default","enablePrice":true,"className":"","enableCl":false,"relations":[{"operator":false,"rules":[{"operator":"AND","rules":{"cl_field":"radio-group_565c78ffa81208","cl_relation":"is","cl_val":"3 Hour Trip"}}]}],"values":[{"label":"1 person","value":"1","selected":false,"tempId":"aco_1471","gt_translate_keys":["label"]},{"label":"2 people","value":"2","selected":false,"tempId":"aco_1472","gt_translate_keys":["label"]},{"label":"3 people (+10\u20ac)","value":"3","selected":false,"tempId":"aco_1500","price":"10","gt_translate_keys":["label"]},{"label":"4 people (+20\u20ac)","value":"4","selected":false,"tempId":"aco_1510","price":"20","gt_translate_keys":["label"]},{"label":"5 people (+30\u20ac)","value":"5","selected":false,"tempId":"aco_1520","price":"30","gt_translate_keys":["label"]},{"label":"6 people (+40\u20ac)","value":"6","selected":false,"tempId":"aco_1728","price":"40","gt_translate_keys":["label"]},{"label":"7 people (+50\u20ac)","value":"7","selected":false,"tempId":"aco_1738","price":"50","gt_translate_keys":["label"]},{"label":"8 people (+60\u20ac)","value":"8","selected":false,"tempId":"aco_1748","price":"60","gt_translate_keys":["label"]},{"label":"9 people (+70\u20ac)","value":"9","selected":false,"tempId":"aco_1912","price":"70","gt_translate_keys":["label"]},{"label":"10 people (+80\u20ac)","value":"10","selected":false,"tempId":"aco_1922","price":"80","gt_translate_keys":["label"]},{"label":"11 People (+90\u20ac)","value":"11","selected":false,"tempId":"aco_19","price":"90","gt_translate_keys":["label"]},{"label":"12 People (+100\u20ac)","value":"12","selected":false,"tempId":"aco_29","price":"100","gt_translate_keys":["label"]}],"price":"","cl_rule":"show","col":6,"type":"select","error":false,"priceOptions":"different_for_all","pricingType":"fixed","gt_translate_keys":["label","placeholder"],"price_dependency":false,"cl_dependency":false,"value":""}],[{"elementId":"separator_26638f078b89de","separatorType":"blank","className":"","height":"1","enableCl":false,"relations":false,"cl_rule":"show","col":6,"type":"separator","gt_translate_keys":[],"price_dependency":false,"cl_dependency":false,"value":""}]]}},"config":{"price_override":"always","enable_recaptcha":false,"bind_quantity":false,"quantity_bind_formula":false,"disp_summ_show_option_price":true,"disp_summ_show_product_price":false,"disp_summ_show_total_price":true,"disp_summ_show_fee":true,"disp_summ_show_discount":true,"summary_title":"","options_total_label":"Options Price","total_label":"Total Amount","options_product_label":"Product Price","fee_label":"Fee","discount_label":"Discount","has_price":true,"has_quantity_formula":false},"mc_unit":1,"tax_rate":1,"tax_rate_real":1,"discount":{"percentage":0,"fixed":0},"design":{"conf":{"LabelPosition":"above","DescPosition":"above","UploadField":"custom_1","QuantityFieldStyle":"custom_1"},"css":{"LeftLabelWidth":"120px"}},"formulas":{"fmla_1708360988969136756":"(({field.select_56638eb5b235ae.value}>=3)?(1200):(({field.select_56638eb5b235ae.value}>=2)?(850):(({field.select_56638eb5b235ae.value}>=1)?(540):(0))))","fmla_1708364241278155361":"(({field.select_5841412719.value}>=8)?({field.select_5841412719.price}):(({field.select_5841412719.value}>=5)?({field.select_5841412719.price}):(({field.select_5841412719.value}>=3)?({field.select_5841412719.price}):(0))))"},"lookuptables":[],"clones":false,"cartKey":false}},"_links":{"self":[{"href":"https:\/\/canaryvip.com\/nb\/wp-json\/wp\/v2\/product\/10109","targetHints":{"allow":["GET"]}}],"collection":[{"href":"https:\/\/canaryvip.com\/nb\/wp-json\/wp\/v2\/product"}],"about":[{"href":"https:\/\/canaryvip.com\/nb\/wp-json\/wp\/v2\/types\/product"}],"replies":[{"embeddable":true,"href":"https:\/\/canaryvip.com\/nb\/wp-json\/wp\/v2\/comments?post=10109"}],"wp:featuredmedia":[{"embeddable":true,"href":"https:\/\/canaryvip.com\/nb\/wp-json\/wp\/v2\/media\/10114"}],"wp:attachment":[{"href":"https:\/\/canaryvip.com\/nb\/wp-json\/wp\/v2\/media?parent=10109"}],"wp:term":[{"taxonomy":"product_brand","embeddable":true,"href":"https:\/\/canaryvip.com\/nb\/wp-json\/wp\/v2\/product_brand?post=10109"},{"taxonomy":"product_cat","embeddable":true,"href":"https:\/\/canaryvip.com\/nb\/wp-json\/wp\/v2\/product_cat?post=10109"},{"taxonomy":"product_tag","embeddable":true,"href":"https:\/\/canaryvip.com\/nb\/wp-json\/wp\/v2\/product_tag?post=10109"}],"curies":[{"name":"wp","href":"https:\/\/api.w.org\/{rel}","templated":true}]}}