{"id":9195,"date":"2024-01-28T19:23:23","date_gmt":"2024-01-28T19:23:23","guid":{"rendered":"https:\/\/canaryvip.com\/?page_id=9195"},"modified":"2026-03-04T18:17:48","modified_gmt":"2026-03-04T18:17:48","slug":"collaborate-with-canaryvip","status":"publish","type":"page","link":"https:\/\/canaryvip.com\/nb\/collaborate-with-canaryvip\/","title":{"rendered":"Samarbeid med CanaryVIP: Tilby dine opplevelser til internasjonale reisende"},"content":{"rendered":"<p>Bli partner med CanaryVIP og vis frem aktivitetene dine til reisende fra hele verden. Etter hvert som plattformen v\u00e5r fortsetter \u00e5 vokse p\u00e5 Tenerife, Gran Canaria, Fuerteventura, Lanzarote, La Palma og El Hierro, s\u00f8ker vi aktivt etter samarbeid med profesjonelle aktivitetsleverand\u00f8rer og turoperat\u00f8rer.<\/p>\n<p>M\u00e5let v\u00e5rt er enkelt: \u00e5 koble lokale opplevelser av h\u00f8y kvalitet med internasjonale bes\u00f8kende som \u00f8nsker \u00e5 oppdage det beste Kanari\u00f8yene har \u00e5 by p\u00e5.<\/p>\n<h2>Tur- og aktivitetsarrang\u00f8rer<\/h2>\n<p>Hvis du driver med utflukter, b\u00e5tturer, utend\u00f8rsopplevelser, vannsport, guidede opplevelser eller andre unike aktiviteter p\u00e5 Kanari\u00f8yene, kan CanaryVIP hjelpe deg med \u00e5 n\u00e5 ut til et bredere publikum.<\/p>\n<p>Gjennom plattformen v\u00e5r kan aktiviteten din bli synlig blant internasjonale reisende som aktivt s\u00f8ker etter ting \u00e5 gj\u00f8re under oppholdet p\u00e5 Kanari\u00f8yene.<\/p>\n<p>Ved \u00e5 samarbeide med CanaryVIP kan aktiviteten din dra nytte av:<\/p>\n<p>- \u00d8kt eksponering overfor internasjonale bes\u00f8kende<br \/>\n- Ytterligere bestillinger via v\u00e5r nettbaserte plattform<br \/>\n- Markedsf\u00f8ring gjennom v\u00e5re digitale markedsf\u00f8ringskanaler<br \/>\n- En enkel og transparent samarbeidsmodell<\/p>\n<p>Vi samarbeider med n\u00f8ye utvalgte partnere som s\u00f8rger for profesjonelle, trygge og minneverdige opplevelser for de bes\u00f8kende.<\/p>\n<h2>Krav til samarbeid<\/h2>\n<p>For \u00e5 sikre at kundene v\u00e5re f\u00e5r den beste opplevelsen, samarbeider vi med operat\u00f8rer som oppfyller profesjonelle og juridiske standarder. Dette inneb\u00e6rer blant annet at de har de n\u00f8dvendige lisensene og forsikringene, og at de overholder lokale forskrifter der det er aktuelt.<\/p>\n<p>Vi setter pris p\u00e5 samarbeidspartnere som er p\u00e5litelige, kommuniserer tydelig og holder et h\u00f8yt serviceniv\u00e5 for gjestene.<\/p>\n<h2>Aktiviteter vi ser etter<\/h2>\n<p>Vi er interessert i \u00e5 samarbeide med et bredt spekter av aktivitetsleverand\u00f8rer over hele Kanari\u00f8yene, inkludert:<\/p>\n<p>- B\u00e5tturer og private yachtcharter<br \/>\n- Utflukter med hval- og delfinsafari<br \/>\n- Jetski og vannsportaktiviteter<br \/>\n- Opplevelser med firehjuling og buggy<br \/>\n- Fotturer og turer i naturen<br \/>\n- Kulturelle og guidede opplevelser<br \/>\n- Dykking, snorkling og andre aktiviteter p\u00e5 havet<\/p>\n<p>Hvis du kan tilby en unik opplevelse som bes\u00f8kende p\u00e5 Kanari\u00f8yene vil ha glede av, vil vi gjerne h\u00f8re fra deg.<\/p>\n<h2>F\u00e5 flere bestillinger med CanaryVIP<\/h2>\n<p>V\u00e5r oppgave er \u00e5 st\u00f8tte lokale operat\u00f8rer og samtidig gj\u00f8re det enklere for reisende \u00e5 oppdage og bestille autentiske opplevelser p\u00e5 Kanari\u00f8yene.<\/p>\n<p>Hvis du \u00f8nsker at dine utflukter eller tjenester skal bli omtalt p\u00e5 CanaryVIP, kan du kontakte teamet v\u00e5rt og fortelle oss mer om aktiviteten din.<\/p>\n<p><strong>Er du interessert i \u00e5 jobbe sammen? Ta kontakt med oss i dag, s\u00e5 kan vi finne ut hvordan vi kan vokse sammen.<\/strong><\/p>","protected":false},"excerpt":{"rendered":"<p>Become a partner of CanaryVIP and showcase your activities to travelers from around the world. As our platform continues to grow across Tenerife, Gran Canaria, Fuerteventura, Lanzarote, La Palma, and El Hierro, we are actively looking to collaborate with professional activity providers and tour operators. Our goal is simple: connect high-quality local experiences with international&#8230;<\/p>","protected":false},"author":1,"featured_media":0,"parent":0,"menu_order":0,"comment_status":"closed","ping_status":"closed","template":"","meta":{"_acf_changed":false,"footnotes":""},"class_list":["post-9195","page","type-page","status-publish","hentry"],"acf":[],"_links":{"self":[{"href":"https:\/\/canaryvip.com\/nb\/wp-json\/wp\/v2\/pages\/9195","targetHints":{"allow":["GET"]}}],"collection":[{"href":"https:\/\/canaryvip.com\/nb\/wp-json\/wp\/v2\/pages"}],"about":[{"href":"https:\/\/canaryvip.com\/nb\/wp-json\/wp\/v2\/types\/page"}],"author":[{"embeddable":true,"href":"https:\/\/canaryvip.com\/nb\/wp-json\/wp\/v2\/users\/1"}],"replies":[{"embeddable":true,"href":"https:\/\/canaryvip.com\/nb\/wp-json\/wp\/v2\/comments?post=9195"}],"version-history":[{"count":8,"href":"https:\/\/canaryvip.com\/nb\/wp-json\/wp\/v2\/pages\/9195\/revisions"}],"predecessor-version":[{"id":16786,"href":"https:\/\/canaryvip.com\/nb\/wp-json\/wp\/v2\/pages\/9195\/revisions\/16786"}],"wp:attachment":[{"href":"https:\/\/canaryvip.com\/nb\/wp-json\/wp\/v2\/media?parent=9195"}],"curies":[{"name":"wp","href":"https:\/\/api.w.org\/{rel}","templated":true}]}}