{"id":9191,"date":"2024-01-28T19:00:41","date_gmt":"2024-01-28T19:00:41","guid":{"rendered":"https:\/\/canaryvip.com\/?page_id=9191"},"modified":"2026-03-07T10:38:22","modified_gmt":"2026-03-07T10:38:22","slug":"privacy-policy","status":"publish","type":"page","link":"https:\/\/canaryvip.com\/nb\/privacy-policy\/","title":{"rendered":"Retningslinjer for personvern"},"content":{"rendered":"<section class=\"l-section wpb_row us_custom_4af741be height_auto\"><div class=\"l-section-h i-cf\"><div class=\"g-cols vc_row via_flex valign_top type_default stacking_default\"><div class=\"vc_col-sm-12 wpb_column vc_column_container\"><div class=\"vc_column-inner us_custom_5cd26a65\"><div class=\"wpb_wrapper\"><div class=\"wpb_text_column\"><div class=\"wpb_wrapper\"><h2>1. Innledning<\/h2>\n<p>Velkommen til CanaryVIP.com. Beskyttelse av dine personopplysninger og ditt personvern er grunnleggende prioriteringer for oss. Denne personvernerkl\u00e6ringen beskriver hvilke kategorier av personopplysninger vi samler inn, hvilke form\u00e5l vi bruker dem til, hvordan vi deler og lagrer dem, og hvilke sikkerhetstiltak vi bruker for \u00e5 holde dem trygge. Alle behandlingsaktiviteter utf\u00f8res i samsvar med gjeldende personvernlovgivning, inkludert personvernforordningen (GDPR).<\/p>\n<h2>2. Behandlingsansvarlig<\/h2>\n<p>I henhold til GDPR er det enheten som er ansvarlig for behandlingen av personopplysningene dine:<\/p>\n<p><img decoding=\"async\" class=\"alignnone wp-image-15255\" src=\"https:\/\/canaryvip.com\/wp-content\/uploads\/2025\/07\/canaryvipcompany.png\" alt=\"CanaryVIP\" width=\"400\" height=\"145\" srcset=\"https:\/\/canaryvip.com\/wp-content\/uploads\/2025\/07\/canaryvipcompany.png 772w, https:\/\/canaryvip.com\/wp-content\/uploads\/2025\/07\/canaryvipcompany-300x109.png 300w, https:\/\/canaryvip.com\/wp-content\/uploads\/2025\/07\/canaryvipcompany-18x7.png 18w, https:\/\/canaryvip.com\/wp-content\/uploads\/2025\/07\/canaryvipcompany-600x218.png 600w\" sizes=\"(max-width: 400px) 100vw, 400px\" title=\"\"><\/p>\n<h2>3. Rettslig grunnlag for behandling<\/h2>\n<p>I samsvar med artikkel 6 i personvernforordningen har CanaryVIP f\u00f8lgende rettslige grunnlag for \u00e5 behandle personopplysninger:<\/p>\n<h3>3.1 Oppfyllelse av en kontrakt (art. 6.1.b)<\/h3>\n<p>Vi behandler personopplysninger n\u00e5r det er n\u00f8dvendig for \u00e5 oppfylle en avtale med deg eller for \u00e5 iverksette tiltak p\u00e5 din anmodning f\u00f8r vi inng\u00e5r en avtale. Dette dekker:<\/p>\n<ul>\n<li>Behandle bestillinger og administrere reservasjoner.<\/li>\n<li>yte kundest\u00f8tte i forbindelse med bestilte tjenester.<\/li>\n<li>H\u00e5ndtering av avbestillinger, refusjoner og endringer i reiseruten.<\/li>\n<\/ul>\n<h3>3.2 Samtykke (art. 6.1.a)<\/h3>\n<p>Der loven krever det, innhenter vi ditt uttrykkelige samtykke f\u00f8r vi behandler personopplysninger. Dette gjelder spesielt for:<\/p>\n<ul>\n<li>Sende e-poster, nyhetsbrev eller markedsf\u00f8ringskommunikasjon.<\/li>\n<li>Innsamling av tilleggsinformasjon gjennom valgfrie skjemaer p\u00e5 nettstedet v\u00e5rt.<\/li>\n<\/ul>\n<p>Du kan n\u00e5r som helst trekke tilbake samtykket ditt uten at det p\u00e5virker lovligheten av behandlingen som ble utf\u00f8rt f\u00f8r tilbaketrekkingen.<\/p>\n<h3>3.3 Juridisk forpliktelse (art. 6.1.c)<\/h3>\n<p>Vi kan behandle personopplysninger for \u00e5 overholde juridiske forpliktelser som er bindende for CanaryVIP, inkludert:<\/p>\n<ul>\n<li>Skatte- og finansbestemmelser knyttet til fakturering og transaksjoner.<\/li>\n<li>Lovgivning om forbrukerbeskyttelse.<\/li>\n<li>Svare p\u00e5 lovlige foresp\u00f8rsler fra offentlige myndigheter eller rettsh\u00e5ndhevende organer.<\/li>\n<\/ul>\n<h3>3.4 Berettiget interesse (art. 6.1.f)<\/h3>\n<p>Vi kan behandle opplysninger p\u00e5 grunnlag av v\u00e5re legitime forretningsinteresser, forutsatt at disse interessene ikke overstyres av dine rettigheter og friheter. Eksempler p\u00e5 dette er<\/p>\n<ul>\n<li>Forbedre tjenestene v\u00e5re ved hjelp av tilbakemeldinger fra kunder og analyser.<\/li>\n<li>Forebygging av svindel og cybersikkerhet.<\/li>\n<li>Besvare generelle henvendelser og kundeserviceforesp\u00f8rsler.<\/li>\n<\/ul>\n<p>Du har n\u00e5r som helst rett til \u00e5 protestere mot behandling basert p\u00e5 berettiget interesse. For \u00e5 ut\u00f8ve denne retten kan du kontakte oss p\u00e5 <strong><a href=\"mailto:info@canaryvip.com\">info@canaryvip.com<\/a><\/strong>.<\/p>\n<hr \/>\n<h2>4. Informasjon vi samler inn og hvordan vi bruker den<\/h2>\n<h3>4.1 Kategorier av personopplysninger<\/h3>\n<p>Vi kan samle inn og behandle f\u00f8lgende typer personopplysninger:<\/p>\n<ul>\n<li><strong>Identitetsdata:<\/strong> Navn, etternavn, f\u00f8dselsdato.<\/li>\n<li><strong>Kontaktopplysninger:<\/strong> E-postadresse, telefonnummer.<\/li>\n<li><strong>Bestillingsdata:<\/strong> Informasjon om utflukter, reservasjonsinformasjon og tilh\u00f8rende betalinger.<\/li>\n<li><strong>Kommunikasjonsdata:<\/strong> E-poster, meldinger og registreringer av interaksjoner med kundeservice.<\/li>\n<li><strong>Transaksjonsdata:<\/strong> Betalingsinformasjon behandles sikkert gjennom tredjeparts betalingsleverand\u00f8rer.<\/li>\n<\/ul>\n<h3>4.2 Form\u00e5lene med behandlingen<\/h3>\n<p>Vi bruker personopplysningene vi samler inn til f\u00f8lgende form\u00e5l:<\/p>\n<ul>\n<li>Behandle og administrere bestillinger og reservasjoner.<\/li>\n<li>Gi kundest\u00f8tte f\u00f8r, under og etter utflukter.<\/li>\n<li>Sende tjenesterelatert kommunikasjon (bekreftelser, p\u00e5minnelser, oppdateringer).<\/li>\n<li>Oppfyllelse av juridiske og regulatoriske forpliktelser.<\/li>\n<\/ul>\n<hr \/>\n<h2>5. Deling og oppbevaring av data<\/h2>\n<h3>5.1 N\u00e5r vi deler data<\/h3>\n<p>Vi deler personopplysninger bare n\u00e5r det er strengt n\u00f8dvendig, og alltid i samsvar med GDPR. Mottakere kan inkludere:<\/p>\n<ul>\n<li><strong>Betalingsbehandlere:<\/strong> For \u00e5 behandle transaksjoner p\u00e5 en sikker m\u00e5te. (f.eks. Stripe, PayPal).<\/li>\n<li><strong>Regulerende myndigheter:<\/strong> N\u00e5r utlevering er lovp\u00e5lagt.<\/li>\n<li><strong>Tjenesteleverand\u00f8rer:<\/strong> For forebygging av svindel, sikkerhet og driftsst\u00f8tte.<\/li>\n<\/ul>\n<p>For informasjon om data som deles gjennom informasjonskapsler og sporingsteknologier, se v\u00e5r <strong><a href=\"https:\/\/canaryvip.com\/nb\/cookie-policy\/\" target=\"_blank\" rel=\"noopener\">Retningslinjer for informasjonskapsler<\/a><\/strong>.<\/p>\n<h3>5.2 Internasjonale dataoverf\u00f8ringer<\/h3>\n<p>For \u00e5 kunne levere tjenestene v\u00e5re kan CanaryVIP dele personopplysninger med tredjepartsleverand\u00f8rer som befinner seg utenfor Det europeiske \u00f8konomiske samarbeidsomr\u00e5det (E\u00d8S). N\u00e5r dette skjer, s\u00f8rger vi for \u00e5 overholde artikkel 44 til 50 i personvernforordningen gjennom egnede rettslige garantier:<\/p>\n<ul>\n<li>Enkelte leverand\u00f8rer, inkludert <strong>Google, Meta (Facebook og Instagram) og TikTok<\/strong>, er basert i USA og deltar i den amerikanske <strong>Rammeverk for personvern mellom EU og USA (DPF)<\/strong>.<\/li>\n<li>For leverand\u00f8rer som ikke dekkes av DPF, for eksempel <strong>Stripe og PayPal<\/strong>, er vi avhengige av <strong>Standard kontraktsklausuler (SCC)<\/strong> godkjent av Europakommisjonen for \u00e5 garantere et tilstrekkelig niv\u00e5 av databeskyttelse.<\/li>\n<\/ul>\n<p>Hvis du har sp\u00f8rsm\u00e5l om internasjonale dataoverf\u00f8ringer, kan du kontakte oss p\u00e5 <strong><a href=\"mailto:info@canaryvip.com\">info@canaryvip.com<\/a><\/strong>.<\/p>\n<h3>5.3 Hvor lenge vi oppbevarer opplysningene dine<\/h3>\n<ul>\n<li>Personopplysninger lagres bare s\u00e5 lenge det er n\u00f8dvendig for \u00e5 oppfylle de form\u00e5lene som er beskrevet i disse retningslinjene.<\/li>\n<li>Bookingjournaler oppbevares i minst <strong>5 \u00e5r<\/strong> for \u00e5 overholde juridiske og skattemessige forpliktelser.<\/li>\n<li>Du kan n\u00e5r som helst be om at opplysningene dine slettes, med forbehold om eventuelle lovp\u00e5lagte krav til oppbevaring.<\/li>\n<\/ul>\n<hr \/>\n<h2>6. Datasikkerhet<\/h2>\n<p>Vi bruker tekniske og organisatoriske tiltak for \u00e5 beskytte personopplysninger mot uautorisert tilgang, tap, endring eller utlevering. Disse tiltakene inkluderer:<\/p>\n<ul>\n<li><strong>SSL\/TLS-kryptering:<\/strong> Alle data som overf\u00f8res via nettstedet v\u00e5rt, krypteres under transport.<\/li>\n<li><strong>Cloudflare-beskyttelse:<\/strong> Vi bruker Cloudflares sikkerhetstjenester, inkludert DDoS-reduksjon, brannmur for webapplikasjoner og botfiltrering.<\/li>\n<li><strong>Tilgangskontroll:<\/strong> Bare autorisert personell med et legitimt behov kan f\u00e5 tilgang til sensitive data.<\/li>\n<li><strong>Dataminimering:<\/strong> Vi samler inn og lagrer bare de personopplysningene som er strengt n\u00f8dvendige.<\/li>\n<\/ul>\n<hr \/>\n<h2>7. Dine rettigheter i henhold til GDPR<\/h2>\n<p>Personvernforordningen gir deg f\u00f8lgende rettigheter n\u00e5r det gjelder personopplysningene dine:<\/p>\n<ul>\n<li><strong>Rett til innsyn:<\/strong> Du kan be om en bekreftelse p\u00e5 om vi behandler opplysningene dine og f\u00e5 en kopi av dem.<\/li>\n<li><strong>Rett til korrigering:<\/strong> Du kan be om korrigering av eventuelle un\u00f8yaktige eller ufullstendige opplysninger vi har om deg.<\/li>\n<li><strong>Rett til sletting:<\/strong> Du kan be oss om \u00e5 slette personopplysningene dine, med forbehold om gjeldende lovp\u00e5lagte oppbevaringsforpliktelser.<\/li>\n<li><strong>Rett til begrensning:<\/strong> Du kan be om at vi begrenser hvordan vi behandler opplysningene dine under visse omstendigheter.<\/li>\n<li><strong>Rett til \u00e5 protestere:<\/strong> Du kan protestere mot behandling som utf\u00f8res p\u00e5 grunnlag av berettiget interesse.<\/li>\n<li><strong>Rett til dataportabilitet:<\/strong> Du kan be om en kopi av opplysningene dine i et strukturert, vanlig brukt og maskinlesbart format.<\/li>\n<\/ul>\n<p>For \u00e5 ut\u00f8ve noen av disse rettighetene, kontakt oss p\u00e5 <strong><a href=\"mailto:info@canaryvip.com\">info@canaryvip.com<\/a><\/strong>.<\/p>\n<hr \/>\n<h2>8. Endringer i disse retningslinjene<\/h2>\n<p>Ved \u00e5 bruke tjenestene v\u00e5re samtykker du til innsamling og bruk av personopplysningene dine som beskrevet i denne erkl\u00e6ringen.<\/p>\n<p>CanaryVIP forbeholder seg retten til \u00e5 oppdatere denne personvernerkl\u00e6ringen n\u00e5r som helst. Eventuelle endringer vil bli publisert p\u00e5 denne siden. Vi oppfordrer deg til \u00e5 gjennomg\u00e5 disse retningslinjene med jevne mellomrom for \u00e5 holde deg informert.<\/p>\n<p><strong>Denne personvernerkl\u00e6ringen omfatter ikke bruk av informasjonskapsler eller sporingsteknologi. Vennligst se v\u00e5r <a href=\"https:\/\/canaryvip.com\/nb\/cookie-policy\/\" target=\"_blank\" rel=\"noopener\">Retningslinjer for informasjonskapsler<\/a> for mer informasjon om disse temaene.<\/strong><\/p>\n<hr \/>\n<h2>9. Kontakt<\/h2>\n<p>Hvis du har sp\u00f8rsm\u00e5l om denne personvernerkl\u00e6ringen eller om hvordan vi h\u00e5ndterer personopplysningene dine, kan du kontakte oss p\u00e5<\/p>\n<p>\ud83d\udce7 <strong>E-post:<\/strong> <a href=\"mailto:info@canaryvip.com\">info@canaryvip.com<\/a><br \/>\n\ud83c\udf0d <strong>Nettsted:<\/strong> <a href=\"https:\/\/canaryvip.com\/nb\/\" target=\"_blank\" rel=\"noopener\">www.canaryvip.com<\/a><\/p>\n<\/div><\/div><\/div><\/div><\/div><\/div><\/div><\/section>","protected":false},"excerpt":{"rendered":"1. Introduction Welcome to CanaryVIP.com. The protection of your personal data and your privacy are fundamental priorities for us. This Privacy Policy describes the categories of personal information we collect, the purposes for which we use it, how we share and store it, and the security measures we apply to keep it safe. All processing...","protected":false},"author":1,"featured_media":0,"parent":0,"menu_order":0,"comment_status":"closed","ping_status":"closed","template":"","meta":{"_acf_changed":false,"footnotes":""},"class_list":["post-9191","page","type-page","status-publish","hentry"],"acf":[],"_links":{"self":[{"href":"https:\/\/canaryvip.com\/nb\/wp-json\/wp\/v2\/pages\/9191","targetHints":{"allow":["GET"]}}],"collection":[{"href":"https:\/\/canaryvip.com\/nb\/wp-json\/wp\/v2\/pages"}],"about":[{"href":"https:\/\/canaryvip.com\/nb\/wp-json\/wp\/v2\/types\/page"}],"author":[{"embeddable":true,"href":"https:\/\/canaryvip.com\/nb\/wp-json\/wp\/v2\/users\/1"}],"replies":[{"embeddable":true,"href":"https:\/\/canaryvip.com\/nb\/wp-json\/wp\/v2\/comments?post=9191"}],"version-history":[{"count":18,"href":"https:\/\/canaryvip.com\/nb\/wp-json\/wp\/v2\/pages\/9191\/revisions"}],"predecessor-version":[{"id":16863,"href":"https:\/\/canaryvip.com\/nb\/wp-json\/wp\/v2\/pages\/9191\/revisions\/16863"}],"wp:attachment":[{"href":"https:\/\/canaryvip.com\/nb\/wp-json\/wp\/v2\/media?parent=9191"}],"curies":[{"name":"wp","href":"https:\/\/api.w.org\/{rel}","templated":true}]}}