{"id":13824,"date":"2025-02-24T13:59:27","date_gmt":"2025-02-24T13:59:27","guid":{"rendered":"https:\/\/canaryvip.com\/?page_id=13824"},"modified":"2025-02-24T15:06:00","modified_gmt":"2025-02-24T15:06:00","slug":"about-us","status":"publish","type":"page","link":"https:\/\/canaryvip.com\/nb\/about-us\/","title":{"rendered":"Om oss"},"content":{"rendered":"<section class=\"l-section wpb_row height_medium width_custom\" style=\"--site-content-width:700px;\"><div class=\"l-section-h i-cf\"><div class=\"g-cols vc_row via_flex valign_top type_default stacking_default\"><div class=\"vc_col-sm-12 wpb_column vc_column_container\"><div class=\"vc_column-inner\"><div class=\"wpb_wrapper\"><h1 class=\"w-text\"><span class=\"w-text-h\"><span class=\"w-text-value\">Om oss - CanaryVIP<\/span><\/span><\/h1><h2 class=\"w-text us_custom_fe162ea1\"><span class=\"w-text-h\"><span class=\"w-text-value\">Hvem vi er<\/span><\/span><\/h2><div class=\"wpb_text_column\"><div class=\"wpb_wrapper\"><p>CanaryVIP er en ledende nettplattform som tilbyr de beste aktivitetene og utfluktene p\u00e5 Kanari\u00f8yene. Som en del av Tu Nido Tenerife, et av de beste eiendomsmeglerne p\u00e5 Tenerife med over 20 \u00e5rs erfaring innen eiendom og eiendomsbygging, har vi tilbudt uforglemmelige opplevelser p\u00e5 Kanari\u00f8yene siden 2010.<\/p>\n<\/div><\/div><\/div><\/div><\/div><div class=\"vc_col-sm-12 wpb_column vc_column_container\"><div class=\"vc_column-inner\"><div class=\"wpb_wrapper\"><h2 class=\"w-text us_custom_9d8033b1\"><span class=\"w-text-h\"><span class=\"w-text-value\">V\u00e5r reise<\/span><\/span><\/h2><div class=\"wpb_text_column\"><div class=\"wpb_wrapper\"><p data-pm-slice=\"1 1 &#091;&#093;\"><span>Selskapet v\u00e5rt har drevet med bygg- og anleggsvirksomhet p\u00e5 Tenerife siden 2003, og har bygget opp et sterkt fundament i eiendomsbransjen. I 2010 utvidet vi tjenestene v\u00e5re under navnet Tu Nido Tenerife, med kontor i Playa Fa\u00f1ab\u00e9. Etter hvert som virksomheten vokste, flyttet vi til Plaza Fa\u00f1ab\u00e9, og senere utvidet vi med et nytt kontor i Vista Sur. I dag ligger v\u00e5rt nye hovedkontor i Madro\u00f1al de Fa\u00f1ab\u00e9, der b\u00e5de Tu Nido Tenerife og CanaryVIP holder til, og vi fortsetter \u00e5 tilby kundene v\u00e5re tjenester p\u00e5 toppniv\u00e5.<\/span><\/p>\n<\/div><\/div><\/div><\/div><\/div><div class=\"vc_col-sm-12 wpb_column vc_column_container\"><div class=\"vc_column-inner\"><div class=\"wpb_wrapper\"><div class=\"w-image us_custom_af6a9b6a align_none\"><div class=\"w-image-h\"><img decoding=\"async\" width=\"1024\" height=\"683\" src=\"https:\/\/canaryvip.com\/wp-content\/uploads\/2025\/02\/TuNido-Office_Web-1.webp\" class=\"attachment-large size-large\" alt=\"Kontor\" loading=\"lazy\" srcset=\"https:\/\/canaryvip.com\/wp-content\/uploads\/2025\/02\/TuNido-Office_Web-1.webp 1024w, https:\/\/canaryvip.com\/wp-content\/uploads\/2025\/02\/TuNido-Office_Web-1-300x200.webp 300w, https:\/\/canaryvip.com\/wp-content\/uploads\/2025\/02\/TuNido-Office_Web-1-18x12.webp 18w, https:\/\/canaryvip.com\/wp-content\/uploads\/2025\/02\/TuNido-Office_Web-1-600x400.webp 600w\" sizes=\"auto, (max-width: 1024px) 100vw, 1024px\" title=\"\"><\/div><\/div><h2 class=\"w-text us_custom_9d8033b1\"><span class=\"w-text-h\"><span class=\"w-text-value\">F\u00f8dselen av CanaryVIP<\/span><\/span><\/h2><div class=\"wpb_text_column\"><div class=\"wpb_wrapper\"><p data-pm-slice=\"1 1 &#091;&#093;\"><span>I 2024 tok vi den strategiske beslutningen om \u00e5 skille ut aktivitets- og utfluktsvirksomheten v\u00e5r fra Tu Nido Tenerife, og skapte CanaryVIP som en frittst\u00e5ende merkevare utelukkende dedikert til turistopplevelser p\u00e5 Kanari\u00f8yene. Selv om Tu Nido Tenerife fortsatt er et veletablert navn i <a href=\"https:\/\/www.tunidotenerife.com\/en\/inmobiliaria-tenerife\/\" target=\"_blank\" rel=\"noopener\">fast eiendom Tenerife<\/a> sektor, <strong>CanaryVIP<\/strong> har raskt vokst til \u00e5 bli en ledende merkevare p\u00e5 nettet, noe som gj\u00f8r det enklere enn noensinne for bes\u00f8kende \u00e5 bestille utrolige aktiviteter, turer og opplevelser p\u00e5 \u00f8yene.<\/span><\/p>\n<\/div><\/div><div class=\"w-html us_custom_af6a9b6a\"><iframe src=\"https:\/\/www.google.com\/maps\/embed?pb=!1m18!1m12!1m3!1d5215.387122659485!2d-16.72642792321668!3d28.09472697596261!2m3!1f0!2f0!3f0!3m2!1i1024!2i768!4f13.1!3m3!1m2!1s0xc6a996288a2335b%3A0x6e5358268b00a79!2sCanaryVIP%20-%20Tours%20and%20Excursions!5e1!3m2!1sen!2ses!4v1740406697434!5m2!1sen!2ses\" width=\"700\" height=\"300\" style=\"border:0;\" allowfullscreen=\"\" loading=\"lazy\" referrerpolicy=\"no-referrer-when-downgrade\"><\/iframe><\/div><\/div><\/div><\/div><div class=\"vc_col-sm-12 wpb_column vc_column_container\"><div class=\"vc_column-inner\"><div class=\"wpb_wrapper\"><h2 class=\"w-text us_custom_9d8033b1\"><span class=\"w-text-h\"><span class=\"w-text-value\">V\u00e5rt oppdrag<\/span><\/span><\/h2><div class=\"wpb_text_column\"><div class=\"wpb_wrapper\"><p data-pm-slice=\"1 1 &#091;&#093;\"><span>Hos CanaryVIP brenner vi for \u00e5 levere unike opplevelser av h\u00f8y kvalitet som viser frem det beste av Kanari\u00f8yene. Enten du er ute etter b\u00e5tturer, vannsport, vandreopplevelser eller eksklusive private utflukter, s\u00f8rger vi for en uforglemmelig reise skreddersydd etter dine behov.<\/span><\/p>\n<\/div><\/div><div class=\"w-separator size_medium\"><\/div><\/div><\/div><\/div><\/div><\/div><\/section>","protected":false},"excerpt":{"rendered":"Om oss - CanaryVIPHvem vi erCanaryVIP er en ledende nettbasert plattform dedikert til \u00e5 tilby de beste aktivitetene og utfluktene p\u00e5 Kanari\u00f8yene. Som en del av Tu Nido Tenerife, et av de beste eiendomsmeglerne p\u00e5 Tenerife med over 20 \u00e5rs erfaring innen eiendomsmegling og eiendomsbygging, har vi tilbudt uforglemmelige...","protected":false},"author":1,"featured_media":0,"parent":0,"menu_order":0,"comment_status":"closed","ping_status":"closed","template":"","meta":{"_acf_changed":false,"footnotes":""},"class_list":["post-13824","page","type-page","status-publish","hentry"],"acf":[],"_links":{"self":[{"href":"https:\/\/canaryvip.com\/nb\/wp-json\/wp\/v2\/pages\/13824","targetHints":{"allow":["GET"]}}],"collection":[{"href":"https:\/\/canaryvip.com\/nb\/wp-json\/wp\/v2\/pages"}],"about":[{"href":"https:\/\/canaryvip.com\/nb\/wp-json\/wp\/v2\/types\/page"}],"author":[{"embeddable":true,"href":"https:\/\/canaryvip.com\/nb\/wp-json\/wp\/v2\/users\/1"}],"replies":[{"embeddable":true,"href":"https:\/\/canaryvip.com\/nb\/wp-json\/wp\/v2\/comments?post=13824"}],"version-history":[{"count":5,"href":"https:\/\/canaryvip.com\/nb\/wp-json\/wp\/v2\/pages\/13824\/revisions"}],"predecessor-version":[{"id":13832,"href":"https:\/\/canaryvip.com\/nb\/wp-json\/wp\/v2\/pages\/13824\/revisions\/13832"}],"wp:attachment":[{"href":"https:\/\/canaryvip.com\/nb\/wp-json\/wp\/v2\/media?parent=13824"}],"curies":[{"name":"wp","href":"https:\/\/api.w.org\/{rel}","templated":true}]}}