{"id":9938,"date":"2024-02-19T15:00:26","date_gmt":"2024-02-19T15:00:26","guid":{"rendered":"https:\/\/canaryvip.com\/?post_type=product&#038;p=9938"},"modified":"2025-08-13T23:29:03","modified_gmt":"2025-08-13T22:29:03","slug":"no-worries-private-yacht-charter-tenerife","status":"publish","type":"product","link":"https:\/\/canaryvip.com\/lt\/shop\/no-worries-private-yacht-charter-tenerife\/","title":{"rendered":"No Worries Yacht Charter Tenerif\u0117"},"content":{"rendered":"<h2><strong>\ud83c\udf0a Atraskite joki\u0173 r\u016bpes\u010di\u0173 Jacht\u0173 chartija Tenerif\u0117je<\/strong><\/h2>\n<p>\u017dingsnis laive <strong>Joki\u0173 r\u016bpes\u010di\u0173,<\/strong> eleganti\u0161kas <strong>Antares 42 jachta,<\/strong>\u00a0, ir leiskit\u0117s \u012f \u012fsp\u016bding\u0105 kelion\u0119 palei nuostabias Tenerif\u0117s pakrantes. \u0160i laivo nuoma Tenerif\u0117je, skirta suteikti intymi\u0105 ir individuali\u0105 u\u017esakom\u0173j\u0173 skryd\u017ei\u0173 patirt\u012f, yra j\u016bs\u0173 asmenin\u0117 prabangos, komforto ir \u012fsp\u016bd\u017ei\u0173 ie\u0161kan\u010di\u0173 nuotyki\u0173 oaz\u0117.<\/p>\n<p>Pasim\u0117gaukite daugybe auk\u0161\u010diausios klas\u0117s patogum\u0173 ir \u012fdomios veiklos, tod\u0117l kiekviena akimirka laive bus sukurta taip, kad pranokt\u0173 j\u016bs\u0173 l\u016bkes\u010dius patirti nepaprast\u0105 j\u016br\u0173 nuotyk\u012f.<\/p>\n<h3>\u2b50\ufe0f <strong>Auk\u0161\u010diausios klas\u0117s komfortas ir i\u0161skirtinis privatumas<\/strong><\/h3>\n<p><span style=\"text-decoration: underline;\"><strong>I\u0161skirtiniai patogumai, d\u0117l kuri\u0173 \u0161i val\u010di\u0173 nuoma Tenerif\u0117je yra unikali:<\/strong><\/span><\/p>\n<ul>\n<li>Prabangus priekinis valtis pagalv\u0117l\u0117s ir erdvus Fly Bridge, puikiai tinka poilsiui ir saul\u0117s vonioms.<\/li>\n<li>\u0160iuolaiki\u0161ki vonios kambariai su du\u0161ais.<\/li>\n<li>\u012evair\u016bs auk\u0161\u010diausios klas\u0117s patogumai, skirti pa\u012fvairinti j\u016bs\u0173 laik\u0105 laive.<\/li>\n<\/ul>\n<h3>\ud83d\udd52 <strong>Lanks\u010dios u\u017esakom\u0173j\u0173 reis\u0173 parinktys, atitinkan\u010dios kiekvien\u0105 nor\u0105<\/strong><\/h3>\n<ul>\n<li><strong>2 valand\u0173 trukm\u0117s pa\u017eintinis turas<\/strong>: Trumpas, bet nepamir\u0161tamas \u017evilgsnis \u012f Tenerif\u0117s j\u016bros gro\u017e\u012f, kuriame telpa iki 10 keleivi\u0173. \u012e \u0161i\u0105 ekskursij\u0105 \u012fskai\u010diuoti visi g\u0117rimai, baget\u0117s, tapos, \u0161vie\u017ei vaisiai, nardymo \u012franga, irklent\u0117s ir specialus padav\u0117jas.<\/li>\n<li><strong>3 val. trukm\u0117s \"Signature Voyage\" kelion\u0117<\/strong>: Pasinerkite \u012f Tenerif\u0117s pakran\u010di\u0173 gro\u017e\u012f su \u0161ia trij\u0173 valand\u0173 ekskursija, \u012f kuri\u0105 taip pat \u012feina visi g\u0117rimai, baget\u0117s, tapos, \u0161vie\u017ei vaisiai, nardymo \u012franga, irklent\u0117s ir specialus padav\u0117jas.<\/li>\n<li><strong>4 valand\u0173 trukm\u0117s kelion\u0117<\/strong>: \u0160ioje u\u017esakomojoje programoje, kurioje si\u016bloma daugiau laiko praleisti ant vandens, yra visi trumpesni\u0173 kelioni\u0173 patogumai, taip pat plaukiojantis papl\u016bdimio klubas, kad b\u016bt\u0173 galima geriau atsipalaiduoti ir m\u0117gautis. Suteikiami visi g\u0117rimai, baget\u0117s, tapos, \u0161vie\u017ei vaisiai, nardymo \u012franga ir irklent\u0117s, taip pat padav\u0117jas, kuris pasir\u016bpins j\u016bs\u0173 poreikiais.<\/li>\n<li><strong>6 valand\u0173 trukm\u0117s \"Premium\" tyrin\u0117jimas<\/strong>: \u0160i pailginta kelion\u0117 suteikia galimyb\u0119 giliau patyrin\u0117ti kerin\u010dias salos pakrantes, suteikia plaukiojant\u012f papl\u016bdimio klub\u0105 ir papildomus meniu, pavyzd\u017eiui, Kanar\u0173 kept\u0105 vi\u0161tien\u0105 su bulv\u0117mis ir salotomis arba paelja, taip pat visus g\u0117rimus, bagetes, tapas, nardymo \u012frang\u0105 ir irklentes. J\u016bs\u0173 \u012fsp\u016bd\u017eiams pagerinti \u012fskai\u010diuotas specialus padav\u0117jas.<\/li>\n<li><strong>8 valand\u0173 trukm\u0117s nuotykis<\/strong>: Tai i\u0161samiausias u\u017esakom\u0173j\u0173 reis\u0173 variantas, skirtas iki 10 keleivi\u0173, su tokiais pat prabangiais patogumais kaip ir \u0161e\u0161i\u0173 valand\u0173 ekskursijoje, \u012fskaitant plaukiojant\u012f papl\u016bdimio klub\u0105, \u012fvair\u0173 maist\u0105 ir vis\u0105 b\u016btiniausi\u0105 \u012frang\u0105 prabangiai ir tyrin\u0117jim\u0173 kupinai dienai.<\/li>\n<li>Kad j\u016bs\u0173 kelion\u0117 atitikt\u0173 j\u016bs\u0173 pageidavimus, galite rinktis pasirinktinius variantus ir alternatyvius meniu, \u012fskaitant su\u0161i, \u017euvies patiekalus, vegetari\u0161kus valgiara\u0161\u010dius ir i\u0161skirtin\u012f \u0161ampan\u0105 bei stipriuosius g\u0117rimus.<\/li>\n<\/ul>\n<h4>\ud83d\udea4 <strong>Individualiai pritaikyti buriavimo nuotykiai su m\u016bs\u0173 ekspert\u0173 \u012fgula<\/strong><\/h4>\n<p>M\u016bs\u0173 patyrusi ir daugiakalb\u0117 \u012fgula stengiasi suteikti j\u016bs\u0173 skoniui pritaikyt\u0105 plaukimo patirt\u012f, ved\u017eiodama jus po kvap\u0105 gniau\u017eian\u010dius Kanar\u0173 sal\u0173 vaizdus, kad kelion\u0117 b\u016bt\u0173 labai asmeni\u0161ka.<\/p>\n<h4>\ud83c\udf0a <strong>Pa\u017eangi navigacin\u0117 \u012franga skland\u017eiam buriavimui<\/strong><\/h4>\n<p><strong>Joki\u0173 r\u016bpes\u010di\u0173<\/strong> jame \u012fdiegtos moderniausios navigacin\u0117s technologijos, u\u017etikrinan\u010dios skland\u017ei\u0105 ir rami\u0105 kelion\u0119 po \u017eydruosius Tenerif\u0117s vandenis, tod\u0117l kelion\u0117 bus ir \u012fsp\u016bdinga, ir rami.<\/p>\n<h3>\u2705 <strong>I\u0161skirtin\u0117s \"No Worries\" funkcijos<\/strong><\/h3>\n<ul>\n<li>Visi\u0161ka prabanga \"viskas \u012fskai\u010diuota\": nuo neribot\u0173 auk\u0161\u010diausios kokyb\u0117s g\u0117rim\u0173 iki gurmani\u0161k\u0173 patiekal\u0173 ir \u012fvairios veiklos, pavyzd\u017eiui, plaukiojimo irklent\u0117mis ir nardymo su vamzdeliu, kiekviena detal\u0117 kruop\u0161\u010diai sutvarkyta j\u016bs\u0173 malonumui.<\/li>\n<li>Papra\u0161ius galima pritaikyti speciali\u0105 diet\u0105 ir pasi\u016blyti individualiai pritaikyt\u0105 valgymo patirt\u012f.<\/li>\n<li>Lengvai pasiekiama susitikim\u0173 vieta <a href=\"https:\/\/www.google.com\/maps\/place\/Puerto+Col%C3%B3n\/@28.0780067,-16.7394902,17z\/data=!3m2!4b1!5s0xc6a97433884bdf9:0x76d293b7b99db23a!4m6!3m5!1s0xc6a9743509c9ebf:0xd62345524f768247!8m2!3d28.078002!4d-16.7369153!16s%2Fg%2F11c6cqryw_?entry=tts&amp;g_ep=EgoyMDI0MDUwNS4wKgBIAVAD\" target=\"_blank\" rel=\"noopener\">Puerto Col\u00f3n,<\/a> Kosta Adech\u0117je, kur yra paprastos automobili\u0173 stov\u0117jimo aik\u0161tel\u0117s galimyb\u0117s.<\/li>\n<\/ul>\n<h4>\ud83d\udd53 <strong>Nesud\u0117tingas u\u017esakymo procesas ir \u012fdarbinimas<\/strong><\/h4>\n<ul>\n<li>U\u017esisakykite kelion\u0119 i\u0161 anksto, kad u\u017esitikrintum\u0117te pageidaujam\u0105 dat\u0105 ir patirti neprilygstam\u0105 prabang\u0105.<\/li>\n<li>Atvykimas likus 15 minu\u010di\u0173 iki i\u0161vykimo garantuoja skland\u017ei\u0105 prabangios kelion\u0117s prad\u017ei\u0105.<\/li>\n<\/ul>\n<h4>\ud83d\udcdc <strong>Visapusi\u0161kas u\u017esakymo ir at\u0161aukimo lankstumas<\/strong><\/h4>\n<ul>\n<li><strong>Patikimas nenumatyt\u0173 atvej\u0173 planas:<\/strong> Pasirinkite kit\u0105 dat\u0105 arba atgaukite vis\u0105 sumok\u0117t\u0105 sum\u0105, jei s\u0105lygos n\u0117ra palankios plaukti.<\/li>\n<li><strong>Lanks\u010dios at\u0161aukimo s\u0105lygos:<\/strong> Iki trumpesni\u0173 kelioni\u0173 likus ne daugiau kaip 4 dienoms, o ilgesni\u0173 - ne daugiau kaip 6 dienoms, galite at\u0161aukti kelion\u0119 be joki\u0173 baud\u0173.<\/li>\n<li>Prane\u0161kite mums apie bet kokius mitybos apribojimus likus 48 valandoms iki u\u017esakomosios kelion\u0117s, kad gal\u0117tume pritaikyti j\u016bs\u0173 kulinarin\u0119 patirt\u012f.<\/li>\n<\/ul>\n<p>Leiskit\u0117s \u012f nepaprast\u0105 prabangos, privatumo ir nuotyki\u0173 kelion\u0119 su priva\u010dia jachta \"No Worries\".<\/p>\n<p><a href=\"https:\/\/canaryvip.com\/lt\/tenerife\/boat-hire-tenerife\/\">Val\u010di\u0173 nuoma Tenerif\u0117je<\/a> \u0161iandien ir susipa\u017einkite su geriausiu b\u016bdu pa\u017einti didingus Tenerif\u0117s vandenis. \ud83c\udf1f\ud83d\udee5\ufe0f\ud83c\udf0a<\/p>","protected":false},"excerpt":{"rendered":"<p><strong>\ud83d\udd0d No Worries Valtis:<\/strong><br \/>\n\u2705 Saugus mok\u0117jimas.<br \/>\n\ud83d\udee5\ufe0f 13.5m Yacht Comfort.<br \/>\n\u23f3 Kasdien\u0117s 2-12 val. trukm\u0117s ekskursijos.<br \/>\n\ud83d\udd59 Pritaikomas i\u0161vykimo laikas.<br \/>\n\ud83c\udf74 Maitinimas ir g\u0117rimai \u012fskai\u010diuoti.<br \/>\n\ud83d\udc65 Iki 10 sve\u010di\u0173.<br \/>\n\ud83d\udedd Vandens kalnelis +6H ekskursijoms.<br \/>\n\ud83c\udfc4\u200d\u2640\ufe0f \u012etrauktos irklent\u0117s.<br \/>\n\ud83e\udd3f Snorkeliavimo \u012franga suteikiama.<br \/>\n\ud83d\udd0a Groti muzik\u0105.<br \/>\n\ud83e\udd11 Garantuojama geriausia kaina.<br \/>\n\ud83d\udc6a Suaktyvintos nuolaidos.<br \/>\n\ud83d\udd01 At\u0161aukimas iki 4 dien\u0173.<br \/>\n\ud83c\udf0d Daugiakalb\u0117 \u012fgula.<br \/>\n\ud83c\udf1f U\u017esisakykite anks\u010diau ir sutaupykite!<br \/>\n\ud83d\udccd I\u0161vykimas i\u0161\u00a0<a href=\"https:\/\/maps.app.goo.gl\/ocJuu7A8R1JWjPbS9\">Puerto Kolonas<\/a>.<\/p>","protected":false},"featured_media":13629,"comment_status":"open","ping_status":"closed","template":"","meta":{"_acf_changed":false},"product_brand":[],"product_cat":[47],"product_tag":[],"class_list":{"0":"post-9938","1":"product","2":"type-product","3":"status-publish","4":"has-post-thumbnail","6":"product_cat-boat-hire-tenerife","7":"wcpa_has_options","9":"first","10":"instock","11":"sale","12":"virtual","13":"purchasable","14":"product-type-simple"},"acf":[],"wcpa_form_fields":{"wcpaData":{"product":{"product_price":745,"price_html":"From&nbsp;<del aria-hidden=\"true\"><span class=\"woocommerce-Price-amount amount\"><bdi>800,00&nbsp;<span class=\"woocommerce-Price-currencySymbol\">&euro;<\/span><\/bdi><\/span><\/del> <span class=\"screen-reader-text\">Pradin\u0117 kaina buvo: 800,00&nbsp;&euro;.<\/span><ins aria-hidden=\"true\"><span class=\"woocommerce-Price-amount amount\"><bdi>745,00&nbsp;<span class=\"woocommerce-Price-currencySymbol\">&euro;<\/span><\/bdi><\/span><\/ins><span class=\"screen-reader-text\">Dabartin\u0117 kaina yra: 745,00&nbsp;&euro;.<\/span>","original_product_price":800,"price_including_tax":745,"price_excluding_tax":745,"product_id":{"parent":9938,"variation":false},"is_variable":false,"stock_status":"instock","stock_quantity":null,"parent_sku":"CV9938","product_attributes":[],"custom_fields":[],"is_taxable":false,"product_name":"No Worries Yacht Charter Tenerife","hasImage":false},"fields":{"sec_7663b89a2e2f8f":{"extra":{"key":"sec_7663b89a2e2f8f","section_id":"sec_7663b89a2e2f8f","name":"Default","status":1,"cl_rule":"show","enableCl":false,"relations":[],"toggle":true,"title_tag":"h3","show_title":false,"showPrice":"default","form_id":11415,"form_rules":{"exclude_from_discount":true,"fee_label":"Fee","disp_hide_options_price":true,"disp_show_section_price":false,"disp_show_field_price":true,"layout_option":"standard","pric_use_as_fee":false,"process_fee_as":"woo_fee"},"layout_option":"standard"},"fields":[[{"label":"\ud83d\udcc5 Date","active":true,"required":true,"elementId":"date_9663b89a2e2faf","picker_type":"custom","picker_mode":"single","placeholder":"","description":"","tooltip":"","name":"date_9663b89a2e2faf","label_position":"default","desc_position":"default","enablePrice":false,"className":"","enableCl":false,"relations":[{"operator":"and","rules":[{"operator":"AND","rules":{"cl_field":"radio-group_565c78ffa81208","cl_relation":"is","cl_val":"3 Hour Trip"}}]}],"date_pic_inline":true,"date_pic_inline_hide":true,"min_date":{"type":"days","val":"2"},"max_date":{"type":"days","val":"365"},"date_pic_conf":{"disabledWeeks":[],"disabledDates":["2025-08-25","2025-08-28 to 2025-08-29"]},"price":"","cl_rule":"show","col":6,"type":"date","error":false,"enableDesign":false,"LabelColor":"","isWeightTemplate":false,"isTemplate":false,"min_quantity":"1","quantity_decimal":false,"quantity_step":"1","quantity_label":"Quantity","repeater_field_label":"{field_label}","repeater_bind":"","gt_translate_keys":["label","placeholder","description","tooltip","repeater_field_label","quantity_label"],"price_dependency":false,"cl_dependency":false,"value":""}],[{"contentType":"rich","active":true,"label":"","elementId":"content_4663b89a2e2fbd","value":"<p>\ud83c\udf9f\ufe0f <strong>Reservation<\/strong>: Pay only a deposit now to reserve; the rest is due on the day of the activity upon arrival.<\/p>","inline":false,"name":"content_4663b89a2e2fbd","enablePrice":false,"className":"","subtype":"p","enableCl":false,"relations":false,"price":"","cl_rule":"show","col":6,"type":"content","error":false,"pricingType":"custom","isTemplate":false,"is_show_price":true,"show_in_checkout":true,"gt_translate_keys":["label","value"],"price_dependency":false,"cl_dependency":false}],[{"elementId":"separator_2663b89a2e2fc9","separatorType":"blank","className":"","height":"3","enableCl":false,"relations":false,"cl_rule":"show","col":6,"type":"separator","error":false,"gt_translate_keys":[],"price_dependency":false,"cl_dependency":false,"value":""}],[{"active":true,"col":6,"relations":false,"cl_rule":"show","enableCl":false,"price":"","enablePrice":true,"className":"","label_position":"default","desc_position":"default","type":"select","required":true,"elementId":"select_2663b89a2e2fd3","label":"\u23f3 Trip Duration","name":"select_2663b89a2e2fd3","values":[{"label":"2 Hours (745\u20ac)","value":"2","selected":false,"tempId":"aco_212","price":"745","gt_translate_keys":["label"]},{"label":"3 Hours (825\u20ac)","value":"3","selected":false,"tempId":"aco_556","price":"825","gt_translate_keys":["label"]},{"label":"4 Hours (1.065\u20ac)","value":"4","selected":false,"tempId":"aco_640","price":"1065","gt_translate_keys":["label"]},{"label":"5 Hours (1.330\u20ac","value":"5","selected":false,"tempId":"aco_100","price":"1330","gt_translate_keys":["label"]},{"label":"6 Hours (1.595\u20ac)","value":"6","selected":false,"tempId":"aco_660","price":"1595","gt_translate_keys":["label"]},{"label":"8 Hours (1.995\u20ac)","value":"8","selected":false,"tempId":"aco_19","price":"1995","gt_translate_keys":["label"]}],"dropdown_type":"basic","error":false,"placeholder":"Select Trip Duration","priceOptions":"different_for_all","pricingType":"fixed","is_show_price":true,"isWeightTemplate":false,"isTemplate":false,"min_quantity":"1","quantity_decimal":false,"quantity_step":"1","quantity_label":"Quantity","repeater_field_label":"{field_label}","repeater_bind":"","gt_translate_keys":["label","placeholder","repeater_field_label","quantity_label"],"price_dependency":["content_3663b89a2e2ff1","content_7663b89a2e2ffb"],"cl_dependency":false,"value":""}],[{"label":"\u2705 Number of People","active":true,"required":true,"elementId":"select_10663b89a2e2fdd","dropdown_type":"basic","placeholder":"Select Number of People","name":"select_10663b89a2e2fdd","label_position":"default","desc_position":"default","enablePrice":false,"className":"","enableCl":false,"relations":[{"operator":false,"rules":[{"operator":"AND","rules":{"cl_field":"radio-group_565c78ffa81208","cl_relation":"is","cl_val":"3 Hour Trip"}}]}],"values":[{"label":"1 person","value":"1","selected":false,"tempId":"aco_1471","price":"0","gt_translate_keys":["label"]},{"label":"2 people","value":"2","selected":false,"tempId":"aco_1472","price":"0","gt_translate_keys":["label"]},{"label":"3 people","value":"3","selected":false,"tempId":"aco_1500","price":"0","gt_translate_keys":["label"]},{"label":"4 people","value":"4","selected":false,"tempId":"aco_1510","price":"0","gt_translate_keys":["label"]},{"label":"5 people","value":"5","selected":false,"tempId":"aco_1520","price":"0","gt_translate_keys":["label"]},{"label":"6 people","value":"6","selected":false,"tempId":"aco_1728","price":"0","gt_translate_keys":["label"]},{"label":"7 people","value":"7","selected":false,"tempId":"aco_1738","price":"20","gt_translate_keys":["label"]},{"label":"8 people","value":"8","selected":false,"tempId":"aco_1748","price":"40","gt_translate_keys":["label"]},{"label":"9 people","value":"9","selected":false,"tempId":"aco_1912","price":"60","gt_translate_keys":["label"]},{"label":"10 people","value":"10","selected":false,"tempId":"aco_1922","price":"80","gt_translate_keys":["label"]}],"price":"","cl_rule":"show","col":6,"type":"select","error":false,"priceOptions":"different_for_all","pricingType":"fixed","is_show_price":true,"isWeightTemplate":false,"isTemplate":false,"min_quantity":"1","quantity_decimal":false,"quantity_step":"1","quantity_label":"Quantity","repeater_field_label":"{field_label}","repeater_bind":"","gt_translate_keys":["label","placeholder","repeater_field_label","quantity_label"],"price_dependency":false,"cl_dependency":false,"value":""}],[{"active":true,"col":6,"relations":false,"cl_rule":"show","enableCl":false,"price":"","enablePrice":true,"className":"","label_position":"default","desc_position":"default","type":"select","required":false,"elementId":"select_8764721131","label":"\ud83d\udca6 Add jet-skis?","name":"select_8764721131","values":[{"label":"1 JetSki for 1 Hour (250\u20ac)","value":"1JetSki 1H","selected":false,"tempId":"aco_167","price":"250","gt_translate_keys":["label"]},{"label":"2 JetSkis for 1 Hour (500\u20ac)","value":"2JetSkis 1H","selected":false,"tempId":"aco_168","price":"500","gt_translate_keys":["label"]}],"isWeightTemplate":false,"error":false,"isTemplate":false,"min_quantity":"1","quantity_decimal":false,"quantity_step":"1","quantity_label":"Quantity","repeater_field_label":"{field_label}","repeater_bind":"","dropdown_type":"basic","description":"Private JetSki tour from the boat with a JetSki instructor.","placeholder":"None","priceOptions":"different_for_all","pricingType":"fixed","is_show_price":true,"gt_translate_keys":["label","placeholder","description","repeater_field_label","quantity_label"],"price_dependency":["content_3663b89a2e2ff1"],"cl_dependency":false,"value":""}],[{"elementId":"separator_6663b89a2e2fe7","separatorType":"fill","className":"","height":"6","enableCl":false,"relations":false,"cl_rule":"show","col":6,"type":"separator","error":false,"separatorColor":"#66a6b6","gt_translate_keys":[],"price_dependency":false,"cl_dependency":false,"value":""}],[{"active":true,"col":6,"relations":false,"cl_rule":"show","enableCl":false,"price":"(({field.select_2663b89a2e2fd3.price})*0.20)+({field.select_8764721131.price})","enablePrice":true,"className":"","label_position":"default","desc_position":"default","type":"content","required":false,"elementId":"content_3663b89a2e2ff1","label":"Deposit Payment","name":"content_3663b89a2e2ff1","contentType":"plain","value":"","error":false,"pricingType":"custom","isTemplate":false,"is_show_price":false,"enableDesign":true,"scrollBar":false,"use_as_fee":false,"fee_label":"Payment Now","inline":true,"show_in_checkout":true,"subtype":"div","formulaId":"fmla_1708364241278155361","LabelSize":"14px","gt_translate_keys":["label","value"],"price_dependency":["content_3663b89a2e3004"],"cl_dependency":false}],[{"contentType":"plain","active":true,"label":"Payment at Arrival","elementId":"content_7663b89a2e2ffb","value":"","inline":true,"show_in_checkout":true,"name":"content_7663b89a2e2ffb","enablePrice":true,"className":"","fee_label":"Payment at Arrival","subtype":"div","enableCl":false,"relations":false,"scrollBar":false,"enableDesign":true,"pricingType":"custom","isTemplate":false,"price":"({field.select_2663b89a2e2fd3.price})*0.80","use_as_fee":false,"is_show_price":true,"cl_rule":"show","col":6,"type":"content","error":false,"formulaId":"fmla_1708360988969136756","LabelSize":"14px","gt_translate_keys":["label","value"],"price_dependency":["content_3663b89a2e3004"],"cl_dependency":false}],[{"contentType":"plain","active":true,"label":"Total Price","elementId":"content_3663b89a2e3004","value":"","inline":true,"show_in_checkout":true,"name":"content_3663b89a2e3004","enablePrice":true,"className":"","fee_label":"Payment at Arrival","subtype":"div","enableCl":false,"relations":false,"scrollBar":false,"enableDesign":true,"LabelSize":"14px","pricingType":"custom","isTemplate":false,"price":"({field.content_3663b89a2e2ff1.price}) + ({field.content_7663b89a2e2ffb.price})","formulaId":"fmla_1708360988969136756","use_as_fee":false,"is_show_price":true,"cl_rule":"show","col":6,"type":"content","error":false,"gt_translate_keys":["label","value"],"price_dependency":false,"cl_dependency":false}],[{"elementId":"separator_10663b89a2e300e","separatorType":"blank","className":"","height":"3","enableCl":false,"relations":false,"cl_rule":"show","col":6,"type":"separator","error":false,"gt_translate_keys":[],"price_dependency":false,"cl_dependency":false,"value":""}],[{"active":true,"col":6,"relations":[{"operator":false,"rules":[{"operator":"AND","rules":{"cl_field":"radio-group_565c78ffa81208","cl_relation":"is","cl_val":"3 Hour Trip"}}]}],"cl_rule":"show","enableCl":false,"price":"","enablePrice":false,"className":"","label_position":"default","desc_position":"default","type":"select","required":false,"elementId":"select_2663b89a2e3017","label":"\u23f0 Departure","name":"select_2663b89a2e3017","values":[{"label":"09:00","value":"09:00","selected":false,"tempId":"aco_1471","gt_translate_keys":["label"]},{"label":"10:00","value":"10:00","selected":false,"tempId":"aco_1472","gt_translate_keys":["label"]},{"label":"11:00","value":"11:00","selected":false,"tempId":"aco_1500","gt_translate_keys":["label"]},{"label":"12:00","value":"12:00","selected":false,"tempId":"aco_1510","gt_translate_keys":["label"]},{"label":"13:00 (1:00 PM)","value":"13:00","selected":false,"tempId":"aco_1520","gt_translate_keys":["label"]},{"label":"14:00 (2:00 PM)","value":"14:00","selected":false,"tempId":"aco_1728","gt_translate_keys":["label"]},{"label":"15:00 (3:00 PM)","value":"15:00","selected":false,"tempId":"aco_1738","gt_translate_keys":["label"]},{"label":"16:30 (4:30 PM)","value":"16:30","selected":false,"tempId":"aco_100","gt_translate_keys":["label"]}],"dropdown_type":"basic","error":false,"placeholder":"Whichever Time is Best","isWeightTemplate":false,"isTemplate":false,"min_quantity":"1","quantity_decimal":false,"quantity_step":"1","quantity_label":"Quantity","repeater_field_label":"{field_label}","repeater_bind":"","gt_translate_keys":["label","placeholder","repeater_field_label","quantity_label"],"price_dependency":false,"cl_dependency":false,"value":""}],[{"elementId":"separator_8663b89a2e3021","separatorType":"blank","className":"","height":"1","enableCl":false,"relations":false,"cl_rule":"show","col":6,"type":"separator","error":false,"gt_translate_keys":[],"price_dependency":false,"cl_dependency":false,"value":""}]]}},"config":{"price_override":"always","enable_recaptcha":false,"bind_quantity":false,"quantity_bind_formula":false,"disp_summ_show_option_price":true,"disp_summ_show_product_price":false,"disp_summ_show_total_price":false,"disp_summ_show_fee":true,"disp_summ_show_discount":true,"summary_title":"","options_total_label":"Options Price","total_label":"Deposit Amount","options_product_label":"Product Price","fee_label":"Fee","discount_label":"Discount","has_price":true,"has_quantity_formula":false},"mc_unit":1,"tax_rate":1,"tax_rate_real":1,"discount":{"percentage":0,"fixed":0},"design":{"conf":{"LabelPosition":"above","DescPosition":"above","UploadField":"custom_1","QuantityFieldStyle":"custom_1"},"css":{"LeftLabelWidth":"120px"}},"formulas":{"fmla_1708360988969136756":"(({field.select_2663a0ecdc488f.value}>=5)?(640):(({field.select_2663a0ecdc488f.value}>=4)?(520):(({field.select_2663a0ecdc488f.value}>=3)?(440):(0))))","fmla_1708364241278155361":"(({field.select_5841412719.value}>=8)?({field.select_5841412719.price}):(({field.select_5841412719.value}>=5)?({field.select_5841412719.price}):(({field.select_5841412719.value}>=3)?({field.select_5841412719.price}):(0))))"},"lookuptables":[],"clones":false,"cartKey":false}},"_links":{"self":[{"href":"https:\/\/canaryvip.com\/lt\/wp-json\/wp\/v2\/product\/9938","targetHints":{"allow":["GET"]}}],"collection":[{"href":"https:\/\/canaryvip.com\/lt\/wp-json\/wp\/v2\/product"}],"about":[{"href":"https:\/\/canaryvip.com\/lt\/wp-json\/wp\/v2\/types\/product"}],"replies":[{"embeddable":true,"href":"https:\/\/canaryvip.com\/lt\/wp-json\/wp\/v2\/comments?post=9938"}],"wp:featuredmedia":[{"embeddable":true,"href":"https:\/\/canaryvip.com\/lt\/wp-json\/wp\/v2\/media\/13629"}],"wp:attachment":[{"href":"https:\/\/canaryvip.com\/lt\/wp-json\/wp\/v2\/media?parent=9938"}],"wp:term":[{"taxonomy":"product_brand","embeddable":true,"href":"https:\/\/canaryvip.com\/lt\/wp-json\/wp\/v2\/product_brand?post=9938"},{"taxonomy":"product_cat","embeddable":true,"href":"https:\/\/canaryvip.com\/lt\/wp-json\/wp\/v2\/product_cat?post=9938"},{"taxonomy":"product_tag","embeddable":true,"href":"https:\/\/canaryvip.com\/lt\/wp-json\/wp\/v2\/product_tag?post=9938"}],"curies":[{"name":"wp","href":"https:\/\/api.w.org\/{rel}","templated":true}]}}