{"id":9834,"date":"2024-02-15T22:11:39","date_gmt":"2024-02-15T22:11:39","guid":{"rendered":"https:\/\/canaryvip.com\/?post_type=product&#038;p=9834"},"modified":"2025-08-09T12:53:55","modified_gmt":"2025-08-09T11:53:55","slug":"forestal-park-tenerife","status":"publish","type":"product","link":"https:\/\/canaryvip.com\/lt\/shop\/forestal-park-tenerife\/","title":{"rendered":"Mi\u0161ko parkas Tenerif\u0117je"},"content":{"rendered":"<h2><strong>\ud83c\udf32 Mi\u0161ko parkas Tenerif\u0117je: Pasinerkite \u012f gamtos \u017eaidim\u0173 aik\u0161tel\u0119!<\/strong><\/h2>\n<p>Leiskit\u0117s \u012f nepakartojam\u0105 nuotyk\u012f <strong>Mi\u0161ko parkas Tenerif\u0117je,<\/strong> kur azartas gamtoje dvelkia \u0161imtame\u010di\u0173 pu\u0161yn\u0173 gro\u017eiu. Patirkite jaudul\u012f plaukdami did\u017eiausiu Kanar\u0173 salose lynu ir nuotyki\u0173 parku. Daugiau nei 90 unikali\u0173 auk\u0161tikalni\u0173 i\u0161\u0161\u016bki\u0173, \u012fskaitant kaban\u010dius tiltus, tinklus, lianas ir kvap\u0105 gniau\u017eian\u010dias zip linijas, j\u016bs\u0173 nuotyki\u0173 dvasia pakils \u012f naujas auk\u0161tumas.<\/p>\n<h3><strong>\ud83c\udfa2 Kod\u0117l verta rinktis m\u016bs\u0173 nuotykius?<\/strong><\/h3>\n<ul>\n<li><strong>Garantuota pramoga:<\/strong> U\u017esisakykite viet\u0105 i\u0161 anksto ir i\u0161vengsite nusivylimo d\u0117l pilno parko.<\/li>\n<li><strong>I\u0161skirtin\u0117s nuolaidos:<\/strong> M\u0117gaukit\u0117s i\u0161skirtin\u0117mis nuolaidomis u\u017esisakydami kit\u0105 nuotyk\u012f su mumis!<\/li>\n<li><strong>Lankst\u016bs planai:<\/strong> Kei\u010diasi planai? M\u016bs\u0173 \u0161velni at\u0161aukimo politika jums pad\u0117s.<\/li>\n<li><strong>Vidiniai patarimai:<\/strong> Pasinaudokite m\u016bs\u0173 patirtimi i\u0161 pirm\u0173 l\u016bp\u0173 ir rekomendacijomis d\u0117l geriausi\u0173 nuotyki\u0173.<\/li>\n<\/ul>\n<h3><strong>\ud83d\udc65 Komandos formavimas ir grupiniai nuotykiai<\/strong><\/h3>\n<p>\u012evairiuose komandos formavimo nuotykiuose stiprinkite draugyst\u0119 ir u\u017emegzkite ilgalaikius ry\u0161ius bet kurioje grup\u0117je. <strong>Mi\u0161ko parkas Tenerif\u0117je<\/strong> suteikia i\u0161skirtin\u012f fon\u0105, puikiai tinkant\u012f komandinei dvasiai stiprinti. <strong>\u012fmoni\u0173 grup\u0117s,<\/strong>\u00a0\u0161v\u0119sti ypatingas akimirkas su <strong>draugai,<\/strong>\u00a0pa\u017eymint tokius svarbius \u012fvykius kaip <strong>gimtadieniai,<\/strong>\u00a0arba atve\u017eti <strong>dideli \u0161eimos susib\u016brimai<\/strong> ar\u010diau vienas kito.<\/p>\n<p>ar\u010diau vienas kito. M\u016bs\u0173 kruop\u0161\u010diai parengti i\u0161\u0161\u016bkiai ne tik suteikia pramog\u0105, bet ir skatina komandin\u012f darb\u0105, bendravim\u0105, bendr\u0105 pergal\u0117s ir vienyb\u0117s jausm\u0105 visose grup\u0117se. Nesvarbu, ar norite sustiprinti \u012fmoni\u0173 komandas, sukurti nepamir\u0161tamus gimtadienio prisiminimus, suvienyti draugus nuotykiams, ar suburti gausias \u0161eimas linksmybi\u0173 dienai, m\u016bs\u0173 parkas u\u017etikrina \u012ftraukian\u010di\u0105, \u012fdomi\u0105 ir \u012fsimintin\u0105 patirt\u012f visiems.<\/p>\n<h3><strong>\ud83d\udee0\ufe0f Pasiruo\u0161imas nuotykiui<\/strong><\/h3>\n<ul>\n<li><strong>U\u017esisakykite i\u0161 anksto:<\/strong> U\u017esisakydami bilietus i\u0161 anksto, garantuokite savo \u012f\u0117jim\u0105.<\/li>\n<li><strong>Atvykimo patarimai<\/strong>: Sve\u010diams, apsistojusiems pietin\u0117je Tenerif\u0117s dalyje, patariame i\u0161 anksto kruop\u0161\u010diai suplanuoti apsilankym\u0105, nes kelion\u0117 automobiliu u\u017etrunka ma\u017eiausiai 1 valand\u0105. Pra\u0161ome atsi\u017evelgti \u012f galim\u0105 v\u0117lavim\u0105 d\u0117l vietini\u0173 dviratinink\u0173 ir kaln\u0173 keli\u0173 s\u0105lyg\u0173, kad u\u017etikrintum\u0117te skland\u0173 ir savalaik\u012f atvykim\u0105.<\/li>\n<li><strong>Suknel\u0117 \u012f de\u0161in\u0119:<\/strong> D\u0117v\u0117kite aktyvi\u0105 dien\u0105 lauke tinkamus drabu\u017eius.<\/li>\n<li><strong>Prie\u0161 apsilankym\u0105:<\/strong> Registruokit\u0117s likus 30 minu\u010di\u0173 iki u\u017esakymo, kad susipa\u017eintum\u0117te su parko patogumais.<\/li>\n<\/ul>\n<h3><strong>\ud83c\udf33 Nuotykiai laukia kiekviename kampe<\/strong><\/h3>\n<ul>\n<li><strong>\u012evair\u016bs i\u0161\u0161\u016bkiai:<\/strong> M\u016bs\u0173 parkas pritaikytas vis\u0173 lygi\u0173 nuotyki\u0173 ie\u0161kotojams - nuo rami\u0173 pasivaik\u0161\u010diojim\u0173 iki ekstremali\u0173 poj\u016b\u010di\u0173.<\/li>\n<li><strong>Nuolatinis saugumas:<\/strong> M\u016bs\u0173 profesional\u0173 komanda u\u017etikrina, kad vis\u0105 laik\u0105 b\u016btum\u0117te saugiai prisijung\u0119, ir jums nereik\u0117t\u0173 nerimauti.<\/li>\n<li><strong>Daugiau informacijos:<\/strong> Atraskite daugyb\u0119 nuotyki\u0173, kuriuos Tenerif\u0117 gali pasi\u016blyti u\u017e med\u017ei\u0173 vir\u0161\u016bni\u0173.<\/li>\n<\/ul>\n<h3><strong>\ud83c\udfde\ufe0f M\u016bs\u0173 lauko parko ypatyb\u0117s<\/strong><\/h3>\n<ul>\n<li><strong>I\u0161skirtin\u0117 gamta:<\/strong> Pasinerkite \u012f sodri\u0105 Tenerif\u0117s mi\u0161k\u0173 biologin\u0119 \u012fvairov\u0119.<\/li>\n<li><strong>Veikla visiems:<\/strong> M\u0117gaukit\u0117s \u012fvairiais i\u0161\u0161\u016bkiais med\u017ei\u0173 vir\u0161\u016bn\u0117se, tinkamais bet kokio am\u017eiaus ir \u012fg\u016bd\u017ei\u0173 lygio \u017emon\u0117ms.<\/li>\n<li><strong>Ekspert\u0173 rekomendacijos:<\/strong> M\u016bs\u0173 kvalifikuoti instruktoriai u\u017etikrina smag\u0173 ir saug\u0173 nuotyk\u012f visiems.<\/li>\n<li><strong>Ekologi\u0161kai s\u0105moningas:<\/strong> M\u016bs\u0173 \u012fsipareigojimas siekti tvarumo rei\u0161kia m\u0117gautis gamta nedarant jai \u017ealos.<\/li>\n<li><strong>Patogumai:<\/strong> Pasipildykite degal\u0173 m\u016bs\u0173 kavin\u0117je ir naudokit\u0117s \u0161variomis patalpomis patogiai praleisti dien\u0105.<\/li>\n<\/ul>\n<h3><strong>\ud83d\udcc5 Suplanuokite savo apsilankym\u0105<\/strong><\/h3>\n<ul>\n<li><strong>Nuotyki\u0173 valandos:<\/strong> Dirba kasdien nuo 10:00 iki 18:00 val. B\u016btinai atvykite iki 16:30 val., kad paskutinis \u012f\u0117jimas b\u016bt\u0173 atidarytas.<\/li>\n<li><strong>Lengvas u\u017esakymas internetu:<\/strong> I\u0161venkite eili\u0173 u\u017esisakydami bilietus internetu. Pasitikrinkite, ar n\u0117ra speciali\u0173 kain\u0173 ir nuolaid\u0173!<\/li>\n<\/ul>\n<h3><strong>\ud83d\udee1\ufe0f U\u017esakymo ramyb\u0117<\/strong><\/h3>\n<ul>\n<li><strong>Momentinis patvirtinimas:<\/strong> Gaukite patvirtinimo el. lai\u0161k\u0105 su u\u017esakymo duomenimis ir unikaliu nuorodos numeriu.<\/li>\n<li><strong>Special\u016bs pasi\u016blymai:<\/strong> Visiems u\u017esakymams taikoma speciali nuolaida kitam j\u016bs\u0173 nuotykiui ir nuolaidos grup\u0117ms.<\/li>\n<li><strong>\u012esipareigojimas u\u017etikrinti saug\u0105:<\/strong> Kad apsilankymas b\u016bt\u0173 smagus ir saugus, b\u016btina laikytis m\u016bs\u0173 saugos rekomendacij\u0173.<\/li>\n<li><strong>Protingas at\u0161aukimas:<\/strong> Lanksti at\u0161aukimo politika, leid\u017eianti nemokamai keisti u\u017esakym\u0105 likus ne daugiau kaip 48 valandoms iki u\u017esakymo. U\u017e at\u0161aukim\u0105 per 48 val. taikomas 50% mokestis, o pinig\u0173 negr\u0105\u017einama.<\/li>\n<\/ul>\n<h4><strong>\ud83c\udf04 Pasiruo\u0161\u0119 patirti did\u017eiausi\u0105 nuotyk\u012f gamtoje?<\/strong><\/h4>\n<p>Leiskit\u0117s \u012f kelion\u0119 med\u017ei\u0173 vir\u0161\u016bn\u0117mis ir atraskite Tenerif\u0117s gamtos gro\u017e\u012f i\u0161 vir\u0161aus. U\u017esisakykite savo nuotyk\u012f dabar ir leiskit\u0117s \u012f \u012fsp\u016bd\u017ei\u0173 ir atradim\u0173 pasaul\u012f! \ud83c\udf32\ud83c\udfde\ufe0f<\/p>","protected":false},"excerpt":{"rendered":"<p>\ud83d\udd0d <strong>Mi\u0161ko parkas Tenerif\u0117je<\/strong>:<br \/>\n\u2705 Saugus mok\u0117jimas.<br \/>\n\ud83c\udf32 Did\u017eiausias Zip Line ir nuotyki\u0173 parkas.<br \/>\n\ud83d\udc64 U\u017esi\u0117mimai \u012fvairaus am\u017eiaus vaikams.<br \/>\n\ud83d\udd56 Dirbame nuo 10:00 iki 18:00 val.<br \/>\n\ud83d\udcc5 Penktadien\u012f, \u0161e\u0161tadien\u012f ir sekmadien\u012f.<br \/>\n\ud83d\ude97 Lankytojams skirta automobili\u0173 stov\u0117jimo aik\u0161tel\u0117.<br \/>\n\ud83e\udd7e Suteikiama saugos \u012franga.<br \/>\n\ud83e\udd11 Garantuojama geriausia kaina.<br \/>\n\ud83d\udc68\u200d\ud83d\udc69\u200d\ud83d\udc67\u200d\ud83d\udc66 Grup\u0117ms ir \u0161eimoms taikomos nuolaidos.<br \/>\n\ud83c\udf10 Daugiakalbis personalas.<br \/>\n\ud83c\udf32 Rekomenduojamas i\u0161ankstinis u\u017esakymas.<br \/>\n\ud83d\udccd \u012esik\u016br\u0119s <a href=\"https:\/\/maps.app.goo.gl\/JbRxgrnnevPucnau9\">La Esperanza, Tenerif\u0117<\/a>.<\/p>","protected":false},"featured_media":9837,"comment_status":"open","ping_status":"closed","template":"","meta":{"_acf_changed":false},"product_brand":[],"product_cat":[82],"product_tag":[],"class_list":{"0":"post-9834","1":"product","2":"type-product","3":"status-publish","4":"has-post-thumbnail","6":"product_cat-fun-activities","7":"wcpa_has_options","9":"first","10":"instock","11":"virtual","12":"purchasable","13":"product-type-simple"},"acf":[],"wcpa_form_fields":{"wcpaData":{"product":{"product_price":26,"price_html":"From&nbsp;<span class=\"woocommerce-Price-amount amount\"><bdi>26,00&nbsp;<span class=\"woocommerce-Price-currencySymbol\">&euro;<\/span><\/bdi><\/span>","original_product_price":26,"price_including_tax":26,"price_excluding_tax":26,"product_id":{"parent":9834,"variation":false},"is_variable":false,"stock_status":"instock","stock_quantity":null,"parent_sku":"CV9834","product_attributes":[],"custom_fields":[],"is_taxable":false,"product_name":"Forestal Park Tenerife","hasImage":false},"fields":{"sec_465e50fd642ff4":{"extra":{"key":"sec_465e50fd642ff4","section_id":"sec_465e50fd642ff4","name":"Default","status":1,"cl_rule":"show","enableCl":false,"relations":[],"toggle":true,"title_tag":"h3","show_title":false,"showPrice":"default","form_id":10220,"form_rules":{"exclude_from_discount":true,"fee_label":"Fee","disp_hide_options_price":true,"disp_show_section_price":false,"disp_show_field_price":true,"layout_option":"standard","pric_use_as_fee":false,"process_fee_as":"woo_fee"},"layout_option":"standard"},"fields":[[{"label":"\ud83d\udcc5 Date","active":true,"required":true,"elementId":"date_365e50fd643030","picker_type":"custom","picker_mode":"single","placeholder":"","description":"","tooltip":"","name":"date_365e50fd643030","label_position":"default","desc_position":"default","enablePrice":false,"className":"","enableCl":false,"relations":[{"operator":"and","rules":[{"operator":"AND","rules":{"cl_field":"radio-group_365e50fd643015","cl_relation":"is","cl_val":"3 Hour Trip"}}]}],"date_pic_inline":true,"date_pic_inline_hide":true,"min_date":{"type":"days","val":"2"},"max_date":{"type":"days","val":"365"},"date_pic_conf":{"disabledWeeks":[1,2,3,4]},"price":"","cl_rule":"show","col":6,"type":"date","error":false,"enableDesign":false,"LabelColor":"","gt_translate_keys":["label","placeholder","description","tooltip"],"price_dependency":false,"cl_dependency":false,"value":""}],[{"active":true,"col":6,"relations":[{"operator":false,"rules":[{"operator":"AND","rules":{"cl_field":"","cl_relation":"","cl_val":""}}]}],"cl_rule":"show","enableCl":false,"price":"","enablePrice":false,"className":"","label_position":"default","desc_position":"default","type":"radio-group","required":true,"elementId":"radio-group_365e50fd643015","label":"\ud83c\udf1f Type of Ticket","name":"radio-group_365e50fd643015","values":[{"label":"Regular Tickets (26\u20ac)","value":"Regular Tickets","selected":false,"tempId":"aco_28","description":"Regular Admission Tickets.","gt_translate_keys":["label","description"]},{"label":"Resident Tickets (22\u20ac)","value":"Resident Tickets","selected":false,"tempId":"aco_30","description":"Regular Tickets for Canary Island Residents. You must present a valid document as proof of residency.","gt_translate_keys":["label","description"]}],"layOut":"","error":false,"checkUi":"toggle","enableDesign":false,"scrollBar":false,"description":"","other":false,"options_description":true,"show_selected_option":false,"gt_translate_keys":["label","description"],"price_dependency":false,"cl_dependency":[false,false],"value":""}]]},"sec_665e50fd643017":{"extra":{"key":"sec_665e50fd643017","section_id":"sec_665e50fd643017","name":"Regular Tickets","status":1,"cl_rule":"show","enableCl":true,"relations":[{"operator":false,"rules":[{"operator":"AND","rules":{"cl_field":"radio-group_365e50fd643015","cl_relation":"is","cl_val":"Regular Tickets"}}]}],"toggle":true,"title_tag":"h4","show_title":false,"showPrice":"default","form_id":10220,"form_rules":{"exclude_from_discount":true,"fee_label":"Fee","disp_hide_options_price":true,"disp_show_section_price":false,"disp_show_field_price":true,"layout_option":"standard","pric_use_as_fee":false,"process_fee_as":"woo_fee"},"layout_option":"standard"},"fields":[[{"elementId":"separator_1065e50fd64303b","separatorType":"blank","className":"","height":"10","enableCl":false,"relations":false,"cl_rule":"show","col":6,"type":"separator","gt_translate_keys":[],"price_dependency":false,"cl_dependency":false,"value":""}],[{"active":true,"col":6,"relations":false,"cl_rule":"show","enableCl":false,"price":"","enablePrice":false,"className":"","label_position":"default","desc_position":"default","type":"content","required":false,"elementId":"content_565e50fd643045","label":"People","name":"content_565e50fd643045","contentType":"plain","value":"","error":false,"show_in_checkout":true,"inline":false,"gt_translate_keys":["label","value"],"price_dependency":false,"cl_dependency":false}],[{"active":true,"col":6,"relations":[{"operator":false,"rules":[{"operator":"AND","rules":{"cl_field":"","cl_relation":"","cl_val":""}}]}],"cl_rule":"show","enableCl":true,"price":"26","enablePrice":true,"className":"","label_position":"default","desc_position":"default","type":"radio-group","required":false,"elementId":"radio-group_565e50fd643051","label":"","name":"radio-group_565e50fd643051","values":[{"label":"\ud83d\udc64 Adult (26\u20ac)","value":"Adult (26<\u20ac)","selected":true,"tempId":"aco_32","tooltip":"+13 Years","description":"","gt_translate_keys":["label","tooltip","description"]}],"layOut":"","error":false,"checkUi":"button","priceOptions":"fixed_for_all","pricingType":"fixed","enable_quantity":true,"quantity_label":"","min_quantity":"0","options_tooltip":true,"options_description":true,"gt_translate_keys":["label","quantity_label"],"price_dependency":false,"cl_dependency":false,"value":""}],[{"label":"","active":true,"required":false,"elementId":"radio-group_965e50fd64305c","name":"radio-group_965e50fd64305c","label_position":"default","desc_position":"default","enablePrice":true,"className":"","enableCl":false,"relations":false,"enable_quantity":true,"quantity_label":"","min_quantity":"0","checkUi":"button","layOut":"","values":[{"label":"\ud83d\udc66 Child (21\u20ac)","value":"Child (21\u20ac)","selected":true,"tempId":"aco_32","tooltip":"5-12 Years","description":"","gt_translate_keys":["label","tooltip","description"]}],"priceOptions":"fixed_for_all","pricingType":"fixed","price":"21","cl_rule":"show","col":6,"type":"radio-group","error":false,"options_tooltip":true,"options_description":true,"gt_translate_keys":["label","quantity_label"],"price_dependency":false,"cl_dependency":false,"value":""}]]},"sec_965e50fd6430a4":{"extra":{"key":"sec_965e50fd6430a4","section_id":"sec_965e50fd6430a4","name":"Resident Tickets","status":1,"cl_rule":"show","enableCl":true,"relations":[{"operator":false,"rules":[{"operator":"AND","rules":{"cl_field":"radio-group_365e50fd643015","cl_relation":"is","cl_val":"Resident Tickets"}}]}],"toggle":true,"title_tag":"h4","show_title":false,"showPrice":"default","form_id":10220,"form_rules":{"exclude_from_discount":true,"fee_label":"Fee","disp_hide_options_price":true,"disp_show_section_price":false,"disp_show_field_price":true,"layout_option":"standard","pric_use_as_fee":false,"process_fee_as":"woo_fee"},"layout_option":"standard"},"fields":[[{"elementId":"separator_465e50fd6430c1","separatorType":"blank","className":"","height":"10","enableCl":false,"relations":false,"cl_rule":"show","col":6,"type":"separator","gt_translate_keys":[],"price_dependency":false,"cl_dependency":false,"value":""}],[{"contentType":"plain","active":true,"label":"People","elementId":"content_865e50fd6430cb","value":"","inline":false,"show_in_checkout":true,"name":"content_865e50fd6430cb","enablePrice":false,"className":"","enableCl":false,"relations":false,"price":"","cl_rule":"show","col":6,"type":"content","gt_translate_keys":["label","value"],"price_dependency":false,"cl_dependency":false}],[{"label":"","active":true,"required":false,"elementId":"radio-group_665e50fd6430d6","name":"radio-group_665e50fd6430d6","label_position":"default","desc_position":"default","enablePrice":true,"className":"","enableCl":true,"relations":[{"operator":false,"rules":[{"operator":"AND","rules":{"cl_field":"","cl_relation":"","cl_val":""}}]}],"enable_quantity":true,"quantity_label":"","min_quantity":"0","checkUi":"button","layOut":"","options_tooltip":true,"values":[{"label":"\ud83d\udc64 Adult (22\u20ac)","value":"Adult (22\u20ac)","selected":true,"tempId":"aco_32","tooltip":"+13 Years","gt_translate_keys":["label","tooltip"]}],"priceOptions":"fixed_for_all","pricingType":"fixed","price":"22","cl_rule":"show","col":6,"type":"radio-group","error":false,"gt_translate_keys":["label","quantity_label"],"price_dependency":false,"cl_dependency":false,"value":""}],[{"label":"","active":true,"required":false,"elementId":"radio-group_465e50fd6430e0","name":"radio-group_465e50fd6430e0","label_position":"default","desc_position":"default","enablePrice":true,"className":"","enableCl":false,"relations":false,"enable_quantity":true,"quantity_label":"","min_quantity":"0","checkUi":"button","layOut":"","options_tooltip":true,"values":[{"label":"\ud83d\udc66 Child (15\u20ac)","value":"Children (15\u20ac)","selected":true,"tempId":"aco_32","tooltip":"5-12 Years","gt_translate_keys":["label","tooltip"]}],"priceOptions":"fixed_for_all","pricingType":"fixed","price":"15","cl_rule":"show","col":6,"type":"radio-group","error":false,"gt_translate_keys":["label","quantity_label"],"price_dependency":false,"cl_dependency":false,"value":""}]]}},"config":{"price_override":"always","enable_recaptcha":false,"bind_quantity":false,"quantity_bind_formula":false,"disp_summ_show_option_price":true,"disp_summ_show_product_price":false,"disp_summ_show_total_price":true,"disp_summ_show_fee":true,"disp_summ_show_discount":true,"summary_title":"","options_total_label":"Options Price","total_label":"Total Amount","options_product_label":"Product Price","fee_label":"Fee","discount_label":"Discount","has_price":true,"has_quantity_formula":false},"mc_unit":1,"tax_rate":1,"tax_rate_real":1,"discount":{"percentage":0,"fixed":0},"design":{"conf":{"LabelPosition":"above","DescPosition":"above","UploadField":"custom_1","QuantityFieldStyle":"custom_1"},"css":{"LeftLabelWidth":"120px"}},"formulas":[],"lookuptables":[],"clones":false,"cartKey":false}},"_links":{"self":[{"href":"https:\/\/canaryvip.com\/lt\/wp-json\/wp\/v2\/product\/9834","targetHints":{"allow":["GET"]}}],"collection":[{"href":"https:\/\/canaryvip.com\/lt\/wp-json\/wp\/v2\/product"}],"about":[{"href":"https:\/\/canaryvip.com\/lt\/wp-json\/wp\/v2\/types\/product"}],"replies":[{"embeddable":true,"href":"https:\/\/canaryvip.com\/lt\/wp-json\/wp\/v2\/comments?post=9834"}],"wp:featuredmedia":[{"embeddable":true,"href":"https:\/\/canaryvip.com\/lt\/wp-json\/wp\/v2\/media\/9837"}],"wp:attachment":[{"href":"https:\/\/canaryvip.com\/lt\/wp-json\/wp\/v2\/media?parent=9834"}],"wp:term":[{"taxonomy":"product_brand","embeddable":true,"href":"https:\/\/canaryvip.com\/lt\/wp-json\/wp\/v2\/product_brand?post=9834"},{"taxonomy":"product_cat","embeddable":true,"href":"https:\/\/canaryvip.com\/lt\/wp-json\/wp\/v2\/product_cat?post=9834"},{"taxonomy":"product_tag","embeddable":true,"href":"https:\/\/canaryvip.com\/lt\/wp-json\/wp\/v2\/product_tag?post=9834"}],"curies":[{"name":"wp","href":"https:\/\/api.w.org\/{rel}","templated":true}]}}