{"id":9783,"date":"2024-02-14T19:30:57","date_gmt":"2024-02-14T19:30:57","guid":{"rendered":"https:\/\/canaryvip.com\/?post_type=product&#038;p=9783"},"modified":"2025-08-09T12:54:45","modified_gmt":"2025-08-09T11:54:45","slug":"book-medieval-show-tenerife","status":"publish","type":"product","link":"https:\/\/canaryvip.com\/lt\/shop\/book-medieval-show-tenerife\/","title":{"rendered":"Viduram\u017ei\u0173 vakarien\u0117s \u0161ou Tenerif\u0117je"},"content":{"rendered":"<h2>\ud83d\udee1\ufe0f Tenerif\u0117s viduram\u017ei\u0173 spektaklis<\/h2>\n<p><strong>Kelion\u0117 laiku su riteriais, \u0161vent\u0117mis ir i\u0161kilm\u0117mis.<\/strong><\/p>\n<p>Gr\u012f\u017ekite \u012f praeit\u012f ir pasinerkite \u012f viduram\u017ei\u0173 didyb\u0119 dalyvaudami \"Viduram\u017ei\u0173 nakties Tenerif\u0117je\" programoje. \u0160is renginys, vykstantis didingoje San Miguelio pilyje, - tai istorijos, \u012fsp\u016bd\u017ei\u0173 ir kulinarini\u0173 malonum\u0173 sintez\u0117, idealiai tinkanti ie\u0161kantiems nepaprast\u0173 nuotyki\u0173.<\/p>\n<p>Prisijunkite prie m\u016bs\u0173 ir persikelkite \u012f riteri\u0173, juokdari\u0173 ir riteri\u0173 epoch\u0105, si\u016blydami tiek vietiniams gyventojams, tiek turistams \u017eaving\u0105 patirt\u012f.<\/p>\n<h3><strong>\ud83c\udff0 Nakties planas<\/strong><\/h3>\n<ul>\n<li><strong>Tvarkara\u0161tis:<\/strong> Durys atidaromos 18:30 val., \u0161ou prasideda 19:00 val. ir baigiasi 21:30 val. Vakaro metu \u017eadama daugyb\u0117 jaudinan\u010di\u0173 viduram\u017ei\u0173 pasirodym\u0173, \u012fskaitant riteri\u0173, kalavijuo\u010di\u0173 ir \u012fsp\u016bding\u0173 \u017eirg\u0173 pasirodymus, kurie sve\u010dius su\u017eav\u0117s nuo prad\u017eios iki pabaigos.<\/li>\n<li><strong>Vieta:<\/strong> Vos u\u017e 20 minu\u010di\u0173 kelio nuo Kosta Adech\u0117s ir Playa de las Am\u00e9ricas \u012fsik\u016brusi San Miguelio pilis yra viduram\u017ei\u0173 spindesio \u0161vyturys, kuris atvykus jus pasitiks su riteri\u0173 \u0161arvais.<\/li>\n<li><strong>Virtuv\u0117:<\/strong> Pasim\u0117gaukite prabangiu trij\u0173 patiekal\u0173 viduram\u017ei\u0173 banketu, apgalvotai parengtu taip, kad patikt\u0173 gomuriui, prie kurio si\u016blomas vynas, vanduo ir gaivieji g\u0117rimai, u\u017etikrinantys karali\u0161k\u0105j\u0105 patirt\u012f.<\/li>\n<\/ul>\n<h3><strong>\ud83c\udfab Pritaikykite savo viduram\u017ei\u0173 patirt\u012f<\/strong><\/h3>\n<ul>\n<li><strong>VIP prieiga:<\/strong> Pagerinkite savo vakar\u0105 su VIP patirtimi, \u012fskaitant pirmumo teis\u0119 \u012feiti \u012f rengin\u012f, sveikinimo taur\u0119 kavos ir auk\u0161\u010diausios klas\u0117s s\u0117dim\u0105sias vietas, u\u017etikrinan\u010dias nepakartojam\u0105 \u0161vent\u0117s vaizd\u0105.<\/li>\n<li><strong>Grupiniai nuotykiai:<\/strong> Grup\u0117ms taikomos nuolaidos, tod\u0117l \u0161is vie\u0161butis puikiai tinka \u0161vent\u0117ms ar \u012fmoni\u0173 renginiams. <a href=\"https:\/\/canaryvip.com\/lt\/contact\/\">Susisiekite su m\u016bs\u0173 komanda<\/a> asmenini\u0173 susitarim\u0173.<\/li>\n<\/ul>\n<h3><strong>\ud83d\udde1\ufe0f \u012fsitraukite \u012f jaudul\u012f<\/strong><\/h3>\n<ul>\n<li>Arenoje, kurioje dalyvauja a\u0161tuoni riteriai ir j\u0173 \u017eirgai, vyksta viduram\u017ei\u0173 dr\u0105sos spektaklis, kuriame kiekvienas sve\u010dias gali steb\u0117ti veiksm\u0105 i\u0161 pirmos eil\u0117s. Vakaro metu vyksta interaktyvios pramogos, leid\u017eian\u010dios sirgti u\u017e savo riter\u012f ir pasijusti istorin\u0117s dramos dalimi.<\/li>\n<\/ul>\n<h3><strong>\ud83c\udf89 Priimkite savo rengin\u012f pilyje<\/strong><\/h3>\n<ul>\n<li>San Miguelio pilis yra ne tik Viduram\u017ei\u0173 nakties rengini\u0173 vieta, bet ir vieta, kurioje galima atlikti priva\u010dius u\u017esakymus. Nesvarbu, ar planuojate gimtadien\u012f, vestuves, ar \u012fmon\u0117s susirinkim\u0105, pilis yra unikalus fonas, kuris \u017eada padaryti j\u016bs\u0173 rengin\u012f \u012fsimintin\u0105.<\/li>\n<\/ul>\n<h3><strong>\ud83c\udf72 Am\u017ei\u0173 pokylis:<\/strong><\/h3>\n<p>Pasim\u0117gaukite vis\u0173 skoni\u0173 patiekalais, \u012fskaitant vegetari\u0161kus ir vaikams skirtus patiekalus. \u0160vent\u0117 prasideda kremin\u0117s dar\u017eovi\u0173 sriubos patiekalu, po to - \u0161velnia vi\u0161tienos fil\u0117 gryb\u0173 pada\u017ee, o baigiama nuostabiu \u0161okoladiniu pada\u017eu apliet\u0173 led\u0173 pyragu.<\/p>\n<h3><strong>\u2696\ufe0f u\u017esakymo ir at\u0161aukimo taisykl\u0117s:<\/strong><\/h3>\n<ul>\n<li><strong>I\u0161ankstin\u0117 rezervacija:<\/strong> U\u017etikrinkite savo viet\u0105 i\u0161 anksto, kad pasinaudotum\u0117te geriausiomis kainomis ir supaprastintum\u0117te planavim\u0105. \"CanaryVIP\" garantuoja geriausi\u0105 kain\u0105 u\u017e nepamir\u0161tam\u0105 nakt\u012f.<\/li>\n<li><strong>Lankstus at\u0161aukimas:<\/strong> M\u0117gaukit\u0117s ramybe ir nemokamu at\u0161aukimu likus ne daugiau kaip 24 valandoms iki numatyto apsilankymo. Toks lankstumas u\u017etikrina, kad savo planus gal\u0117site pritaikyti pagal poreik\u012f be joki\u0173 nuobaud\u0173.<\/li>\n<\/ul>\n<h3><strong>\ud83d\ude97 Kelion\u0117 \u012f pil\u012f:<\/strong><\/h3>\n<ul>\n<li><strong>Atvykimas:<\/strong> \u012esik\u016br\u0119s <a href=\"https:\/\/maps.app.goo.gl\/RrDijRjT4TvLiJkT6\" target=\"_blank\" rel=\"noopener\">San Migelis,<\/a>\u00a0pilyje yra daug nemokam\u0173 automobili\u0173 stov\u0117jimo aik\u0161teli\u0173. Tiems, kurie naudojasi vie\u0161uoju transportu arba pasirinktine pa\u0117mimo paslauga, i\u0161sami informacija bus pateikta u\u017esakymo metu.<\/li>\n<\/ul>\n<h4><strong>\ud83c\udf0c Laukia viduram\u017ei\u0173 magijos vakaras<\/strong><\/h4>\n<p>Tegul Viduram\u017ei\u0173 naktis San Miguelio pilyje tampa svarbiausiu j\u016bs\u0173 apsilankymo Tenerif\u0117je akcentu. U\u017esisakykite savo nuotyk\u012f jau \u0161iandien ir patekite \u012f pasaul\u012f, kuriame atgyja istorija, kuriame netr\u016bksta jaudinan\u010di\u0173 pramog\u0173, puiki\u0173 patiekal\u0173 ir viduram\u017ei\u0173 svetingumo \u0161ilumos. \ud83c\udff0\ud83c\udf56<\/p>","protected":false},"excerpt":{"rendered":"<p><strong>\ud83d\udd0d Viduram\u017ei\u0173 \u0161ou svarbiausi \u012fvykiai:<\/strong><br \/>\n\u2705 Saugus mok\u0117jimas.<br \/>\n\ud83d\udd25 Nuostabus ir linksmas reginys.<br \/>\n\ud83d\udcc5 antradieniais, ketvirtadieniais ir \u0161e\u0161tadieniais.<br \/>\n\u23f0 Rodyti: 19:00 - 21:30.<br \/>\n\ud83c\udf5b \u012eskai\u010diuota vakarien\u0117.<br \/>\n\ud83c\udf77 \u012eskai\u010diuotas vynas, sultys ir vanduo.<br \/>\n\ud83c\udf0d Angl\u0173 kalbos \u0161eimininkas.<br \/>\n\ud83d\ude8c Neprivalomas mar\u0161rutinis autobusas.<br \/>\n\ud83e\udd11 Garantuojama geriausia kaina.<br \/>\n\ud83d\udc6a Nuolaidos grupiniams u\u017esakymams.<br \/>\n\ud83d\udd01 Nemokamas at\u0161aukimas iki 24 val.<br \/>\n\ud83c\udf1f U\u017esisakykite anksti, greitai u\u017esipildo!<br \/>\n\ud83d\udccd Vieta <a href=\"https:\/\/maps.app.goo.gl\/RrDijRjT4TvLiJkT6\">San Miguelio pilis<\/a>.<\/p>","protected":false},"featured_media":9786,"comment_status":"open","ping_status":"closed","template":"","meta":{"_acf_changed":false},"product_brand":[],"product_cat":[59],"product_tag":[],"class_list":{"0":"post-9783","1":"product","2":"type-product","3":"status-publish","4":"has-post-thumbnail","6":"product_cat-evening-shows","7":"wcpa_has_options","9":"first","10":"instock","11":"virtual","12":"purchasable","13":"product-type-simple"},"acf":[],"wcpa_form_fields":{"wcpaData":{"product":{"product_price":49.5,"price_html":"From&nbsp;<span class=\"woocommerce-Price-amount amount\"><bdi>49,50&nbsp;<span class=\"woocommerce-Price-currencySymbol\">&euro;<\/span><\/bdi><\/span>","original_product_price":49.5,"price_including_tax":49.5,"price_excluding_tax":49.5,"product_id":{"parent":9783,"variation":false},"is_variable":false,"stock_status":"instock","stock_quantity":null,"parent_sku":"CV9783","product_attributes":[],"custom_fields":[],"is_taxable":false,"product_name":"Book Medieval Dinner Show Tenerife","hasImage":false},"fields":{"sec_2661b048086dd5":{"extra":{"key":"sec_2661b048086dd5","section_id":"sec_2661b048086dd5","name":"Default","status":1,"cl_rule":"show","enableCl":false,"relations":[],"toggle":true,"title_tag":"h3","show_title":false,"showPrice":"default","form_id":11248,"form_rules":{"exclude_from_discount":true,"fee_label":"Fee","disp_hide_options_price":true,"disp_show_section_price":false,"disp_show_field_price":true,"layout_option":"standard","pric_use_as_fee":false,"process_fee_as":"woo_fee"},"layout_option":"standard"},"fields":[[{"label":"\ud83d\udcc5 Date","active":true,"required":true,"elementId":"date_6661b048086df5","picker_type":"custom","picker_mode":"single","placeholder":"","description":"","tooltip":"","name":"date_6661b048086df5","label_position":"default","desc_position":"default","enablePrice":false,"className":"","enableCl":false,"relations":[{"operator":"and","rules":[{"operator":"AND","rules":{"cl_field":"radio-group_0661b048086e04","cl_relation":"is_not_empty","cl_val":"3 Hour Trip"}}]}],"date_pic_inline":true,"date_pic_inline_hide":true,"min_date":{"type":"days","val":"1"},"max_date":{"type":"days","val":"365"},"date_pic_conf":{"disabledWeeks":[0,1,3,5]},"price":"","cl_rule":"show","col":6,"type":"date","error":false,"enableDesign":false,"LabelColor":"","gt_translate_keys":["label","placeholder","description","tooltip"],"price_dependency":false,"cl_dependency":false,"value":""}],[{"active":true,"col":6,"relations":[{"operator":false,"rules":[{"operator":"AND","rules":{"cl_field":"","cl_relation":"","cl_val":""}}]}],"cl_rule":"show","enableCl":false,"price":"","enablePrice":false,"className":"","label_position":"default","desc_position":"default","type":"radio-group","required":true,"elementId":"radio-group_0661b048086e04","label":"\ud83c\udf1f Type of Ticket","name":"radio-group_0661b048086e04","values":[{"label":"Regular Entrance (49,50\u20ac)","value":"Regular Entrance","selected":false,"tempId":"aco_28","description":"Enjoy the live show, dinner and unlimited drinks.","gt_translate_keys":["label","description"]},{"label":"VIP Entrance (59,50\u20ac)","value":"VIP Entrance","selected":false,"tempId":"aco_29","description":"Enjoy the live show, dinner, and unlimited drinks. Upgrade to VIP for priority entry, a welcome glass of cava, and premium seating for the best views.","gt_translate_keys":["label","description"]}],"layOut":"","error":false,"checkUi":"toggle","enableDesign":false,"scrollBar":false,"description":"","other":false,"options_description":true,"show_selected_option":false,"gt_translate_keys":["label","description"],"price_dependency":false,"cl_dependency":[false,false,false],"value":""}]]},"sec_10661b048086e05":{"extra":{"key":"sec_10661b048086e05","section_id":"sec_10661b048086e05","name":"Regular","status":1,"cl_rule":"show","enableCl":true,"relations":[{"operator":false,"rules":[{"operator":"AND","rules":{"cl_field":"radio-group_0661b048086e04","cl_relation":"is","cl_val":"Regular Entrance"}}]}],"toggle":true,"title_tag":"h4","show_title":false,"showPrice":"default","form_id":11248,"form_rules":{"exclude_from_discount":true,"fee_label":"Fee","disp_hide_options_price":true,"disp_show_section_price":false,"disp_show_field_price":true,"layout_option":"standard","pric_use_as_fee":false,"process_fee_as":"woo_fee"},"layout_option":"standard"},"fields":[[{"elementId":"separator_6661b048086e1c","separatorType":"blank","className":"","height":"5","enableCl":false,"relations":false,"cl_rule":"show","col":6,"type":"separator","error":false,"gt_translate_keys":[],"price_dependency":false,"cl_dependency":false,"value":""}],[{"active":true,"col":6,"relations":false,"cl_rule":"show","enableCl":false,"price":"","enablePrice":false,"className":"","label_position":"default","desc_position":"default","type":"content","required":false,"elementId":"content_4661b048086e26","label":"People","name":"content_4661b048086e26","contentType":"plain","value":"","error":false,"show_in_checkout":true,"inline":false,"gt_translate_keys":["label","value"],"price_dependency":false,"cl_dependency":false}],[{"active":true,"col":6,"relations":[{"operator":false,"rules":[{"operator":"AND","rules":{"cl_field":"","cl_relation":"","cl_val":""}}]}],"cl_rule":"show","enableCl":true,"price":"49,50","enablePrice":true,"className":"","label_position":"default","desc_position":"default","type":"radio-group","required":false,"elementId":"radio-group_5661b048086e31","label":"","name":"radio-group_5661b048086e31","values":[{"label":"\ud83d\udc64 Adult (49,50\u20ac)","value":"Adult","selected":true,"tempId":"aco_32","tooltip":"+14 Years","description":"","gt_translate_keys":["label","tooltip","description"]}],"layOut":"","error":false,"checkUi":"button","priceOptions":"fixed_for_all","pricingType":"fixed","enable_quantity":true,"quantity_label":"","min_quantity":"0","options_tooltip":true,"options_description":true,"gt_translate_keys":["label","quantity_label"],"price_dependency":false,"cl_dependency":false,"value":""}],[{"label":"","active":true,"required":false,"elementId":"radio-group_9661b048086e3b","name":"radio-group_9661b048086e3b","label_position":"default","desc_position":"default","enablePrice":true,"className":"","enableCl":true,"relations":[{"operator":false,"rules":[{"operator":"AND","rules":{"cl_field":"","cl_relation":"","cl_val":""}}]}],"enable_quantity":true,"quantity_label":"","min_quantity":"0","checkUi":"button","layOut":"","options_tooltip":true,"options_description":true,"values":[{"label":"\ud83d\udc66 Child (29\u20ac)","value":"Child","selected":true,"tempId":"aco_32","tooltip":"2-13 Years","description":"","gt_translate_keys":["label","tooltip","description"]}],"priceOptions":"fixed_for_all","pricingType":"fixed","price":"29","cl_rule":"show","col":6,"type":"radio-group","error":false,"gt_translate_keys":["label","quantity_label"],"price_dependency":false,"cl_dependency":false,"value":""}]]},"sec_6661b048086e3c":{"extra":{"key":"sec_6661b048086e3c","section_id":"sec_6661b048086e3c","name":"VIP","status":1,"cl_rule":"show","enableCl":true,"relations":[{"operator":false,"rules":[{"operator":"AND","rules":{"cl_field":"radio-group_0661b048086e04","cl_relation":"is","cl_val":"VIP Entrance"}}]}],"toggle":true,"title_tag":"h4","show_title":false,"showPrice":"default","form_id":11248,"form_rules":{"exclude_from_discount":true,"fee_label":"Fee","disp_hide_options_price":true,"disp_show_section_price":false,"disp_show_field_price":true,"layout_option":"standard","pric_use_as_fee":false,"process_fee_as":"woo_fee"},"layout_option":"standard"},"fields":[[{"elementId":"separator_3661b048086e46","separatorType":"blank","className":"","height":"5","enableCl":false,"relations":false,"cl_rule":"show","col":6,"type":"separator","error":false,"gt_translate_keys":[],"price_dependency":false,"cl_dependency":false,"value":""}],[{"contentType":"plain","active":true,"label":"People","elementId":"content_3661b048086e4f","value":"","inline":false,"show_in_checkout":true,"name":"content_3661b048086e4f","enablePrice":false,"className":"","enableCl":false,"relations":false,"price":"","cl_rule":"show","col":6,"type":"content","error":false,"gt_translate_keys":["label","value"],"price_dependency":false,"cl_dependency":false}],[{"label":"","active":true,"required":false,"elementId":"radio-group_4661b048086e5a","name":"radio-group_4661b048086e5a","label_position":"default","desc_position":"default","enablePrice":true,"className":"","enableCl":false,"relations":[{"operator":false,"rules":[{"operator":"AND","rules":{"cl_field":"","cl_relation":"","cl_val":""}}]}],"enable_quantity":true,"quantity_label":"","min_quantity":"0","checkUi":"button","layOut":"","options_tooltip":true,"values":[{"label":"\ud83d\udc64 Adult (59,50\u20ac)","value":"Adult","selected":true,"tempId":"aco_32","tooltip":"+14 Years","gt_translate_keys":["label","tooltip"]}],"priceOptions":"fixed_for_all","pricingType":"fixed","price":"59,50","cl_rule":"show","col":6,"type":"radio-group","error":false,"gt_translate_keys":["label","quantity_label"],"price_dependency":false,"cl_dependency":false,"value":""}],[{"label":"","active":true,"required":false,"elementId":"radio-group_2661b048086e64","name":"radio-group_2661b048086e64","label_position":"default","desc_position":"default","enablePrice":true,"className":"","enableCl":true,"relations":[{"operator":false,"rules":[{"operator":"AND","rules":{"cl_field":"","cl_relation":"","cl_val":""}}]}],"enable_quantity":true,"quantity_label":"","min_quantity":"0","checkUi":"button","layOut":"","options_tooltip":true,"options_description":true,"values":[{"label":"\ud83d\udc66 Child (35\u20ac)","value":"Child","selected":true,"tempId":"aco_32","tooltip":"2-13 Years","description":"","gt_translate_keys":["label","tooltip","description"]}],"priceOptions":"fixed_for_all","pricingType":"fixed","price":"35","cl_rule":"show","col":6,"type":"radio-group","error":false,"gt_translate_keys":["label","quantity_label"],"price_dependency":false,"cl_dependency":false,"value":""}]]},"sec_8661b048086e65":{"extra":{"key":"sec_8661b048086e65","section_id":"sec_8661b048086e65","name":"Shuttle Service?","status":1,"cl_rule":"show","enableCl":true,"relations":[{"operator":false,"rules":[{"operator":"AND","rules":{"cl_field":"radio-group_0661b048086e04","cl_relation":"is_not_empty","cl_val":""}}]}],"toggle":true,"title_tag":"h4","show_title":false,"showPrice":"default","form_id":11248,"form_rules":{"exclude_from_discount":true,"fee_label":"Fee","disp_hide_options_price":true,"disp_show_section_price":false,"disp_show_field_price":true,"layout_option":"standard","pric_use_as_fee":false,"process_fee_as":"woo_fee"},"layout_option":"standard"},"fields":[[{"active":true,"col":6,"relations":false,"cl_rule":"show","enableCl":false,"price":"({field.radio-group_5661b048086e31.quantity}*15)+({field.radio-group_9661b048086e3b.quantity}*10)+({field.radio-group_4661b048086e5a.quantity}*15)+({field.radio-group_2661b048086e64.quantity}*10)","enablePrice":true,"className":"","label_position":"default","desc_position":"below","type":"checkbox","required":false,"elementId":"checkbox_9661b048086e6e","label":"Bus Transfer? (15\u20ac)","name":"checkbox_9661b048086e6e","value":"","check_value":"Yes","checkUi":"toggle","error":false,"description":"Pick-up from your hotel in south Tenerife available for an extra \u20ac15\/adult and \u20ac10\/child.","pricingType":"custom","isTemplate":false,"gt_translate_keys":["label","description","value","check_value"],"price_dependency":false,"cl_dependency":["text_0974037831"]}],[{"active":true,"col":6,"relations":[{"operator":false,"rules":[{"operator":"AND","rules":{"cl_field":"checkbox_9661b048086e6e","cl_relation":"is","cl_val":true}}]}],"cl_rule":"show","enableCl":true,"price":"","enablePrice":false,"className":"","label_position":"default","desc_position":"default","type":"text","subtype":"text","required":false,"elementId":"text_0974037831","label":"\ud83d\ude8c Pickup Location","name":"text_0974037831","value":"","error":false,"description":"Pick-up service in South Tenerife. Simply provide your address or hotel name.","gt_translate_keys":["label","description","value"],"price_dependency":false,"cl_dependency":false}]]}},"config":{"price_override":"always","enable_recaptcha":false,"bind_quantity":false,"quantity_bind_formula":false,"disp_summ_show_option_price":true,"disp_summ_show_product_price":false,"disp_summ_show_total_price":true,"disp_summ_show_fee":true,"disp_summ_show_discount":true,"summary_title":"","options_total_label":"Options Price","total_label":"Total Amount","options_product_label":"Product Price","fee_label":"Fee","discount_label":"Discount","has_price":true,"has_quantity_formula":false},"mc_unit":1,"tax_rate":1,"tax_rate_real":1,"discount":{"percentage":0,"fixed":0},"design":{"conf":{"LabelPosition":"above","DescPosition":"above","UploadField":"custom_1","QuantityFieldStyle":"custom_1"},"css":{"LeftLabelWidth":"120px"}},"formulas":[],"lookuptables":[],"clones":false,"cartKey":false}},"_links":{"self":[{"href":"https:\/\/canaryvip.com\/lt\/wp-json\/wp\/v2\/product\/9783","targetHints":{"allow":["GET"]}}],"collection":[{"href":"https:\/\/canaryvip.com\/lt\/wp-json\/wp\/v2\/product"}],"about":[{"href":"https:\/\/canaryvip.com\/lt\/wp-json\/wp\/v2\/types\/product"}],"replies":[{"embeddable":true,"href":"https:\/\/canaryvip.com\/lt\/wp-json\/wp\/v2\/comments?post=9783"}],"wp:featuredmedia":[{"embeddable":true,"href":"https:\/\/canaryvip.com\/lt\/wp-json\/wp\/v2\/media\/9786"}],"wp:attachment":[{"href":"https:\/\/canaryvip.com\/lt\/wp-json\/wp\/v2\/media?parent=9783"}],"wp:term":[{"taxonomy":"product_brand","embeddable":true,"href":"https:\/\/canaryvip.com\/lt\/wp-json\/wp\/v2\/product_brand?post=9783"},{"taxonomy":"product_cat","embeddable":true,"href":"https:\/\/canaryvip.com\/lt\/wp-json\/wp\/v2\/product_cat?post=9783"},{"taxonomy":"product_tag","embeddable":true,"href":"https:\/\/canaryvip.com\/lt\/wp-json\/wp\/v2\/product_tag?post=9783"}],"curies":[{"name":"wp","href":"https:\/\/api.w.org\/{rel}","templated":true}]}}