{"id":9654,"date":"2024-02-11T16:27:15","date_gmt":"2024-02-11T16:27:15","guid":{"rendered":"https:\/\/canaryvip.com\/?post_type=product&#038;p=9654"},"modified":"2026-03-26T13:04:23","modified_gmt":"2026-03-26T13:04:23","slug":"book-scandal-dinner-show","status":"publish","type":"product","link":"https:\/\/canaryvip.com\/lt\/shop\/book-scandal-dinner-show\/","title":{"rendered":"Scandal Vakarien\u0117 Tenerif\u0117je"},"content":{"rendered":"<h2><strong>\ud83c\udfad Scandal Burleskos vakarien\u0117s \u0161ou<\/strong><\/h2>\n<p>Prabangos, humoro ir u\u017eburian\u010di\u0173 pasirodym\u0173 vakaras si\u016blomas <strong>Scandal Burleskos vakarien\u0117s \u0161ou.<\/strong> \u0160iame renginyje, skirtame tiems, kurie nori praleisti vakar\u0105 turiningai, burleskos \u017eavesys derinamas su \u012ftraukian\u010dia komedija, magija ir muzikiniais numeriais. <strong>CanaryVIP<\/strong> kvie\u010dia tiek vietinius gyventojus, tiek lankytojus patirti \u012fsimintin\u0173 \u012fsp\u016bd\u017ei\u0173.<\/p>\n<h3><strong>\ud83c\udf7d\ufe0f Prabang\u016bs piet\u016bs \"GF Victoria 5*\" restorane<\/strong><\/h3>\n<ul>\n<li><strong>Vieta:<\/strong> Presti\u017einis <a href=\"https:\/\/www.google.com\/maps\/place\/GF+Victoria\/@28.0917871,-16.7412967,17z\/data=!3m1!4b1!4m9!3m8!1s0xc6a974d01c4268f:0x3c0e40669a61bb47!5m2!4m1!1i2!8m2!3d28.0917871!4d-16.7387218!16s%2Fg%2F11bvv59vv2?entry=tts&amp;g_ep=EgoyMDI0MDUwOC4wKgBIAVAD\" target=\"_blank\" rel=\"noopener\">GF Viktorija<\/a> 5* vie\u0161butis Kosta Adech\u0117je yra renginio vieta, kurioje puikiai dera patogumas ir didyb\u0117, kad vakaras b\u016bt\u0173 nepamir\u0161tamas.<\/li>\n<li><strong>Virtuv\u0117:<\/strong> Sve\u010diai gali m\u0117gautis prabangiais 5 patiekal\u0173 patiekalais, kurie kruop\u0161\u010diai paruo\u0161ti i\u0161 geriausi\u0173 ingredient\u0173 ir patiekti su profesionalia elegancija. Kiekvienas patiekalas \u017eada su\u017eav\u0117ti skonio receptorius kulinariniais malonumais.<\/li>\n<\/ul>\n<h3><strong>\ud83d\udd70\ufe0f Vakaro planas<\/strong><\/h3>\n<ul>\n<li><strong>Tvarkara\u0161tis:<\/strong> Vakaras prasideda 20:00 val., pasirodymai prasideda 20:30 val. ir trunka ma\u017edaug 3 valandas. Po pasirodymo sve\u010diai kvie\u010diami \u012f vie\u0161bu\u010dio \"Skybar\" bar\u0105, kur gal\u0117s atsipalaiduoti ir pasim\u0117gauti kokteiliais nuostabiame fone.<\/li>\n<li><strong>Apranga:<\/strong> Sve\u010diai kvie\u010diami \u012f vakar\u0105 pasipuo\u0161ti stilingais vakariniais drabu\u017eiais, atspindin\u010diais rafinuot\u0105 renginio atmosfer\u0105. \u0160is susitikimas skirtas sve\u010diams nuo 16 met\u0173, kad b\u016bt\u0173 u\u017etikrinta brandi ir eleganti\u0161ka patirtis.<\/li>\n<\/ul>\n<h3><strong>\ud83c\udf9f\ufe0f Pasirinkite tobul\u0105 vakar\u0105<\/strong><\/h3>\n<ul>\n<li><strong>\"Golden Pass\":<\/strong> Pasinerkite \u012f \u0161ou su gurmani\u0161ku degustaciniu meniu ir neribotais g\u0117rimais, kad vakaras b\u016bt\u0173 i\u0161ties i\u0161taigingas.<\/li>\n<li><strong>Platinin\u0117 patirtis:<\/strong> Jei norite dar daugiau prabangos, \"Platinum Experience\" apima visas \"Golden Pass\" privilegijas ir privatum\u0105 prie atskiro staliuko, tod\u0117l vakaras tampa dar ypatingesnis.<\/li>\n<\/ul>\n<h3><strong>\ud83d\udccd J\u016bs\u0173 vieta spektaklyje<\/strong><\/h3>\n<ul>\n<li>Sal\u0117 apgalvotai suplanuota taip, kad kiekvienas sve\u010dias gal\u0117t\u0173 gerai matyti scen\u0105, tod\u0117l kiekvienas pasirodymas bus \u012fdomus i\u0161 bet kurio kampo.<\/li>\n<\/ul>\n<h3><strong>\ud83c\udf89 Pagal u\u017esakym\u0105 rengiamos \u0161vent\u0117s<\/strong><\/h3>\n<ul>\n<li>Galima pa\u017eym\u0117ti ypatingas progas - nuo gimtadieni\u0173 iki \u012fmoni\u0173 susib\u016brim\u0173, kuriuose gali dalyvauti nuo 30 iki 150 \u017emoni\u0173 grup\u0117s. Rengini\u0173 komanda pasirengusi puikiai pritaikyti vakarus.<\/li>\n<\/ul>\n<h3><strong>\ud83c\udf1f Burleskos \u0161ou esm\u0117:<\/strong><\/h3>\n<ul>\n<li><strong>Interaktyvios pramogos:<\/strong> Atlik\u0117jai tiesiogiai bendrauja su \u017ei\u016brovais, kurdami intymi\u0105 ir gyv\u0105 atmosfer\u0105, kuri \u017eavi ir d\u017eiugina.<\/li>\n<li><strong>Turtinga akt\u0173 \u012fvairov\u0117:<\/strong> Kiekvienas pasirodymas - nuo klasikin\u0117s burleskos iki \u0161iuolaikini\u0173 interpretacij\u0173 - suteikia \u012fvairialyp\u0119 ir jaudinan\u010di\u0105 patirt\u012f.<\/li>\n<\/ul>\n<h3><strong>\ud83c\udf72 Meniu kiekvienam skoniui:<\/strong><\/h3>\n<p>Meniu pasirinkimas \u012fvairus, pritaikytas visiems skoniams, \u012fskaitant vegetari\u0161kus ir vegani\u0161kus patiekalus pagal pageidavim\u0105. I\u0161skirtiniai pasi\u016blymai:<\/p>\n<ul>\n<li>Tra\u0161k\u016bs skan\u0117stai su raita, r\u016bkyt\u0173 kukur\u016bz\u0173 kremu su trupu\u010diu kalendros ir sultinga Iberijos kiaulienos kul\u0161ele.<\/li>\n<li>Subtiliai paruo\u0161ti paccheri makaronai su sodria gryb\u0173 ragu, pagardinta marinavimo prieskoniais.<\/li>\n<li>\u0160velniai i\u0161kepta juoda kiaul\u0117 su satajaus pada\u017eu ir i\u0161radingai pateiktas netikras rizotas.<\/li>\n<li>Deserto finale - raudon\u0173j\u0173 uog\u0173 ir baltojo \u0161okolado macarons.<\/li>\n<\/ul>\n<h3><strong>\u2696\ufe0f rezervavimo ir at\u0161aukimo taisykl\u0117s:<\/strong><\/h3>\n<ul>\n<li><strong>U\u017esisakykite i\u0161 anksto, kad gautum\u0117te naudos:<\/strong> U\u017esisakydami i\u0161 anksto, gal\u0117site u\u017etikrinti geriausius \u012fkainius ir supaprastinti planavimo proces\u0105.<\/li>\n<li><strong>Lankstus at\u0161aukimas:<\/strong> Nemokamai at\u0161aukti u\u017esakym\u0105 galima likus 48 valandoms iki numatyto pasirodymo laiko, tod\u0117l galima lanks\u010diai keisti planus.<\/li>\n<li><strong>Supaprastinti grup\u0117s u\u017esakymai:<\/strong> Didesn\u0117ms nei 6 asmen\u0173 \u0161vent\u0117ms taikoma paprasta at\u0161aukimo politika, kai iki renginio lieka ne daugiau kaip 4 dienos. At\u0161aukus u\u017esakym\u0105 likus 2-4 dienoms iki renginio, gali b\u016bti gr\u0105\u017einti 50% pinigai.<\/li>\n<\/ul>\n<h3><strong>\ud83c\udf92 Pasiruo\u0161imas nak\u010diai:<\/strong><\/h3>\n<ul>\n<li><strong>Aprangos kodas:<\/strong> Sve\u010diams rekomenduojama d\u0117v\u0117ti geriausius vakarinius drabu\u017eius, kurie der\u0117t\u0173 prie eleganti\u0161kos renginio aplinkos. Nors d\u017einsai ir gra\u017e\u016bs mar\u0161kin\u0117liai yra priimtini, ta\u010diau, siekiant i\u0161laikyti prabangi\u0105 atmosfer\u0105, patariama nevilk\u0117ti sportin\u0117s aprangos ir vyri\u0161k\u0173 \u0161ort\u0173.<\/li>\n<li><strong>Informacija apie automobili\u0173 stov\u0117jimo aik\u0161tel\u0119:<\/strong> Patogioje automobili\u0173 stov\u0117jimo aik\u0161tel\u0117je, esan\u010dioje netoli prekybos centro \"Plaza del Duque\", kuri yra u\u017e keli\u0173 minu\u010di\u0173 kelio p\u0117s\u010diomis nuo vie\u0161bu\u010dio, visiems sve\u010diams bus patogu atvykti.<\/li>\n<\/ul>\n<h4><strong>\ud83c\udf1f Laukia nepamir\u0161tamas vakaras<\/strong><\/h4>\n<p>Scandal Burleska <a href=\"https:\/\/canaryvip.com\/lt\/tenerife\/evening-shows\/\">Vakarien\u0117s \u0161ou<\/a> \u017eada tapti svarbiausiu j\u016bs\u0173 apsilankymo Tenerif\u0117je akcentu su <strong>CanaryVIP.<\/strong>\u00a0U\u017esisakykite bilietus jau dabar, kad gal\u0117tum\u0117te m\u0117gautis neprilygstamu pramog\u0173, valgi\u0173 ir vaizding\u0173 vaizd\u0173 deriniu. \ud83c\udf0c\ud83c\udf78<\/p>","protected":false},"excerpt":{"rendered":"<p><strong>\ud83d\udd0d Scandal Rodyti svarbiausius momentus:<\/strong><br \/>\n\u2705 Saugus mok\u0117jimas.<br \/>\n\ud83d\udc83 Burleskos stiliaus \u0161ou.<br \/>\n\ud83d\udd59 Kiekvien\u0105 \u0161e\u0161tadien\u012f 20:30 val.<br \/>\n\ud83c\udf5b \u012eskai\u010diuota vakarien\u0117.<br \/>\n\ud83c\udf77 \u012eskai\u010diuotas vynas ir gaivieji g\u0117rimai.<br \/>\n\ud83c\udf0d Angl\u0173 ir ispan\u0173 kalbomis Ved\u0117jas.<br \/>\n\u2705 +16 Tik suaugusiesiems.<br \/>\n\ud83d\ude80 Labai populiarus!<br \/>\n\ud83e\udd11 Garantuojama geriausia kaina.<br \/>\n\ud83d\udc6a Nuolaidos grupiniams u\u017esakymams.<br \/>\n\ud83d\udd01 Nemokamas at\u0161aukimas iki 48 val.<br \/>\n\ud83c\udf1f U\u017esisakykite anksti, greitai u\u017esipildo!<br \/>\n\ud83d\udccd Vieta <a href=\"https:\/\/maps.app.goo.gl\/boB3JcWYHb8AiGY58\">Vie\u0161butis GF Victoria<\/a>.<\/p>","protected":false},"featured_media":9659,"comment_status":"open","ping_status":"closed","template":"","meta":{"_acf_changed":false},"product_brand":[],"product_cat":[59],"product_tag":[],"class_list":{"0":"post-9654","1":"product","2":"type-product","3":"status-publish","4":"has-post-thumbnail","6":"product_cat-evening-shows","7":"wcpa_has_options","9":"first","10":"instock","11":"virtual","12":"purchasable","13":"product-type-simple"},"acf":[],"wcpa_form_fields":{"wcpaData":{"product":{"product_price":94,"price_html":"From&nbsp;<span class=\"woocommerce-Price-amount amount\"><bdi>94,00&nbsp;<span class=\"woocommerce-Price-currencySymbol\">&euro;<\/span><\/bdi><\/span>","original_product_price":94,"price_including_tax":94,"price_excluding_tax":94,"product_id":{"parent":9654,"variation":false},"is_variable":false,"stock_status":"instock","stock_quantity":null,"parent_sku":"CV9654","product_attributes":[],"custom_fields":[],"is_taxable":false,"product_name":"Scandal Dinner Show Tenerife","hasImage":false},"fields":{"sec_165e506ca90d2c":{"extra":{"key":"sec_165e506ca90d2c","section_id":"sec_165e506ca90d2c","name":"Default","status":1,"cl_rule":"show","enableCl":false,"relations":[],"toggle":true,"title_tag":"h3","show_title":false,"showPrice":"default","form_id":10217,"form_rules":{"exclude_from_discount":true,"fee_label":"Fee","disp_hide_options_price":true,"disp_show_section_price":false,"disp_show_field_price":true,"layout_option":"standard","pric_use_as_fee":false,"process_fee_as":"woo_fee"},"layout_option":"standard"},"fields":[[{"label":"\ud83d\udcc5 Date","active":true,"required":true,"elementId":"date_265e506ca90d6a","picker_type":"custom","picker_mode":"single","placeholder":"","description":"","tooltip":"","name":"date_265e506ca90d6a","label_position":"default","desc_position":"default","enablePrice":false,"className":"","enableCl":false,"relations":[{"operator":"and","rules":[{"operator":"AND","rules":{"cl_field":"radio-group_765e506ca90d4e","cl_relation":"is_not_empty","cl_val":"3 Hour Trip"}}]}],"date_pic_inline":true,"date_pic_inline_hide":true,"min_date":{"type":"days","val":"1"},"max_date":{"type":"days","val":"180"},"date_pic_conf":{"disabledWeeks":[0,1,2,3,4,5],"disabledDates":["2024-05-25","2024-08-10","2024-11-02","2024-12-14","2024-12-27 to 2024-12-28","2026-04-17"]},"price":"","cl_rule":"show","col":6,"type":"date","error":false,"enableDesign":false,"LabelColor":"","date_conf_custom":{"minDate":"let d = new Date();\nif (d.getHours() >= 18) {\n  d.setDate(d.getDate() + 3);\n} else if (d.getHours() >= 12) {\n  d.setDate(d.getDate() + 1);\n} else {\nd.setDate(d.getDate());\n}\nreturn d;"},"isWeightTemplate":false,"isTemplate":false,"min_quantity":"1","quantity_decimal":false,"quantity_step":"1","quantity_label":"Quantity","repeater_field_label":"{field_label}","repeater_bind":"","gt_translate_keys":["label","placeholder","description","tooltip","repeater_field_label","quantity_label"],"price_dependency":false,"cl_dependency":["radio-group_765e506ca90d4e","radio-group_765e506ca90d4e"],"value":""}],[{"active":true,"col":6,"relations":[{"operator":false,"rules":[{"operator":"AND","rules":{"cl_field":"","cl_relation":"","cl_val":""}}]}],"cl_rule":"show","enableCl":false,"price":"","enablePrice":false,"className":"","label_position":"default","desc_position":"default","type":"radio-group","required":true,"elementId":"radio-group_765e506ca90d4e","label":"\ud83c\udf1f Type of Ticket","name":"radio-group_765e506ca90d4e","values":[{"label":"Gold Entrance (94\u20ac)","value":"Gold Entrance","selected":false,"tempId":"aco_28","description":"Enjoy the live show, tasting menu, and unlimited drinks.","gt_translate_keys":["label","description"]},{"label":"Platinum Entrance (114\u20ac)","value":"Platinum Entrance","selected":false,"tempId":"aco_29","description":"Enjoy the live show, tasting menu, unlimited drinks, and a private table.","options_cl":true,"relations":[{"operator":false,"rules":[{"operator":"or","rules":{"cl_field":"date_265e506ca90d6a","cl_relation":"is","cl_val":"2026-04-02"}},{"operator":false,"rules":{"cl_field":"date_265e506ca90d6a","cl_relation":"is","cl_val":"2026-03-26"}}]}],"cl_rule":"hide","gt_translate_keys":["label","description"]}],"layOut":"","error":false,"checkUi":"toggle","enableDesign":false,"scrollBar":false,"description":"","other":false,"options_description":true,"show_selected_option":false,"isWeightTemplate":false,"isTemplate":false,"min_quantity":"1","quantity_decimal":false,"quantity_step":"1","quantity_label":"Quantity","repeater_field_label":"{field_label}","repeater_bind":"","gt_translate_keys":["label","description","repeater_field_label","quantity_label"],"price_dependency":false,"cl_dependency":[false,false],"value":""}]]},"sec_965e506ca90d50":{"extra":{"key":"sec_965e506ca90d50","section_id":"sec_965e506ca90d50","name":"Gold","status":1,"cl_rule":"show","enableCl":true,"relations":[{"operator":false,"rules":[{"operator":"AND","rules":{"cl_field":"radio-group_765e506ca90d4e","cl_relation":"is","cl_val":"Gold Entrance"}}]}],"toggle":true,"title_tag":"h4","show_title":false,"showPrice":"default","form_id":10217,"form_rules":{"exclude_from_discount":true,"fee_label":"Fee","disp_hide_options_price":true,"disp_show_section_price":false,"disp_show_field_price":true,"layout_option":"standard","pric_use_as_fee":false,"process_fee_as":"woo_fee"},"layout_option":"standard"},"fields":[[{"elementId":"separator_765e506ca90d74","separatorType":"blank","className":"","height":"10","enableCl":false,"relations":false,"cl_rule":"show","col":6,"type":"separator","gt_translate_keys":[],"price_dependency":false,"cl_dependency":false,"value":""}],[{"active":true,"col":6,"relations":false,"cl_rule":"show","enableCl":false,"price":"","enablePrice":false,"className":"","label_position":"default","desc_position":"default","type":"content","required":false,"elementId":"content_365e506ca90d7f","label":"People","name":"content_365e506ca90d7f","contentType":"plain","value":"","error":false,"show_in_checkout":true,"inline":false,"gt_translate_keys":["label","value"],"price_dependency":false,"cl_dependency":false}],[{"active":true,"col":6,"relations":[{"operator":false,"rules":[{"operator":"AND","rules":{"cl_field":"","cl_relation":"","cl_val":""}}]}],"cl_rule":"show","enableCl":true,"price":"94","enablePrice":true,"className":"","label_position":"default","desc_position":"default","type":"radio-group","required":false,"elementId":"radio-group_265e506ca90d8a","label":"","name":"radio-group_265e506ca90d8a","values":[{"label":"\ud83d\udc64 Adult (94\u20ac)","value":"Adult","selected":true,"tempId":"aco_32","tooltip":"+16 Years","description":"","gt_translate_keys":["label","tooltip","description"]}],"layOut":"","error":false,"checkUi":"button","priceOptions":"fixed_for_all","pricingType":"fixed","enable_quantity":true,"quantity_label":"","min_quantity":"0","options_tooltip":true,"options_description":true,"gt_translate_keys":["label","quantity_label"],"price_dependency":false,"cl_dependency":false,"value":""}]]},"sec_365e506ca90da0":{"extra":{"key":"sec_365e506ca90da0","section_id":"sec_365e506ca90da0","name":"Platinum","status":1,"cl_rule":"show","enableCl":true,"relations":[{"operator":false,"rules":[{"operator":"AND","rules":{"cl_field":"radio-group_765e506ca90d4e","cl_relation":"is","cl_val":"Platinum Entrance"}}]}],"toggle":true,"title_tag":"h4","show_title":false,"showPrice":"default","form_id":10217,"form_rules":{"exclude_from_discount":true,"fee_label":"Fee","disp_hide_options_price":true,"disp_show_section_price":false,"disp_show_field_price":true,"layout_option":"standard","pric_use_as_fee":false,"process_fee_as":"woo_fee"},"layout_option":"standard"},"fields":[[{"elementId":"separator_565e506ca90daa","separatorType":"blank","className":"","height":"8","enableCl":false,"relations":false,"cl_rule":"show","col":6,"type":"separator","error":false,"gt_translate_keys":[],"price_dependency":false,"cl_dependency":false,"value":""}],[{"contentType":"plain","active":true,"label":"People","elementId":"content_365e506ca90dc6","value":"","inline":false,"show_in_checkout":true,"name":"content_365e506ca90dc6","enablePrice":false,"className":"","enableCl":false,"relations":false,"price":"","cl_rule":"show","col":6,"type":"content","gt_translate_keys":["label","value"],"price_dependency":false,"cl_dependency":false}],[{"label":"","active":true,"required":false,"elementId":"radio-group_365e506ca90dd1","name":"radio-group_365e506ca90dd1","label_position":"default","desc_position":"default","enablePrice":true,"className":"","enableCl":false,"relations":[{"operator":false,"rules":[{"operator":"AND","rules":{"cl_field":"","cl_relation":"","cl_val":""}}]}],"enable_quantity":true,"quantity_label":"","min_quantity":"0","checkUi":"button","layOut":"","options_tooltip":true,"values":[{"label":"\ud83d\udc64 Adult (114\u20ac)","value":"Adult","selected":true,"tempId":"aco_32","tooltip":"+16 Years","gt_translate_keys":["label","tooltip"]}],"priceOptions":"fixed_for_all","pricingType":"fixed","price":"114","cl_rule":"show","col":6,"type":"radio-group","error":false,"isWeightTemplate":false,"isTemplate":false,"quantity_decimal":false,"quantity_step":"1","repeater_field_label":"{field_label}","repeater_bind":"","gt_translate_keys":["label","repeater_field_label","quantity_label"],"price_dependency":false,"cl_dependency":false,"value":""}]]}},"config":{"price_override":"always","enable_recaptcha":false,"bind_quantity":false,"quantity_bind_formula":false,"disp_summ_show_option_price":true,"disp_summ_show_product_price":false,"disp_summ_show_total_price":true,"disp_summ_show_fee":true,"disp_summ_show_discount":true,"summary_title":"","options_total_label":"Options Price","total_label":"Total Amount","options_product_label":"Product Price","fee_label":"Fee","discount_label":"Discount","has_price":true,"has_quantity_formula":false},"mc_unit":1,"tax_rate":1,"tax_rate_real":1,"discount":{"percentage":0,"fixed":0},"design":{"conf":{"LabelPosition":"above","DescPosition":"above","UploadField":"custom_1","QuantityFieldStyle":"custom_1"},"css":{"LeftLabelWidth":"120px"}},"formulas":[],"lookuptables":[],"clones":false,"cartKey":false}},"_links":{"self":[{"href":"https:\/\/canaryvip.com\/lt\/wp-json\/wp\/v2\/product\/9654","targetHints":{"allow":["GET"]}}],"collection":[{"href":"https:\/\/canaryvip.com\/lt\/wp-json\/wp\/v2\/product"}],"about":[{"href":"https:\/\/canaryvip.com\/lt\/wp-json\/wp\/v2\/types\/product"}],"replies":[{"embeddable":true,"href":"https:\/\/canaryvip.com\/lt\/wp-json\/wp\/v2\/comments?post=9654"}],"wp:featuredmedia":[{"embeddable":true,"href":"https:\/\/canaryvip.com\/lt\/wp-json\/wp\/v2\/media\/9659"}],"wp:attachment":[{"href":"https:\/\/canaryvip.com\/lt\/wp-json\/wp\/v2\/media?parent=9654"}],"wp:term":[{"taxonomy":"product_brand","embeddable":true,"href":"https:\/\/canaryvip.com\/lt\/wp-json\/wp\/v2\/product_brand?post=9654"},{"taxonomy":"product_cat","embeddable":true,"href":"https:\/\/canaryvip.com\/lt\/wp-json\/wp\/v2\/product_cat?post=9654"},{"taxonomy":"product_tag","embeddable":true,"href":"https:\/\/canaryvip.com\/lt\/wp-json\/wp\/v2\/product_tag?post=9654"}],"curies":[{"name":"wp","href":"https:\/\/api.w.org\/{rel}","templated":true}]}}