{"id":9623,"date":"2024-02-11T01:34:38","date_gmt":"2024-02-11T01:34:38","guid":{"rendered":"https:\/\/canaryvip.com\/?post_type=product&#038;p=9623"},"modified":"2025-08-09T12:57:36","modified_gmt":"2025-08-09T11:57:36","slug":"tenerife-island-guided-bus-tour","status":"publish","type":"product","link":"https:\/\/canaryvip.com\/lt\/shop\/tenerife-island-guided-bus-tour\/","title":{"rendered":"Ekskursija po Tenerif\u0117s sal\u0105: Kelion\u0117 autobusu su gidu"},"content":{"rendered":"<h2>\ud83d\ude8c <strong>Ekskursija autobusu po Tenerif\u0117s sal\u0105 su gidu<\/strong><\/h2>\n<p>Atraskite Tenerif\u0117s \u0161ird\u012f su <strong>CanaryVIP<\/strong> \u012f \u012fsp\u016bding\u0105 visos dienos ekskursij\u0105 autobusu po vis\u0105 sal\u0105. Nuo baim\u0119 kelian\u010dios <a href=\"https:\/\/www.google.com\/maps\/place\/Acantilados+de+Los+Gigantes,+Santa+Cruz+de+Tenerife\/@28.244027,-16.8456497,15z\/data=!3m1!4b1!4m6!3m5!1s0xc6a8c153fdc6811:0xa0340f674cf6610!8m2!3d28.2408828!4d-16.8377834!16s%2Fm%2F026dqlb?entry=ttu\" target=\"_blank\" rel=\"noopener\">Los Gigantes uolos<\/a> \u012f istorines gatves <a href=\"https:\/\/www.google.com\/maps\/place\/La+Orotava,+Santa+Cruz+de+Tenerife\/@28.3929248,-16.5287568,15z\/data=!3m1!4b1!4m6!3m5!1s0xc402aae32ddf575:0x27206a076b427988!8m2!3d28.3892926!4d-16.525264!16zL20vMDdrcmx5?entry=ttu\" target=\"_blank\" rel=\"noopener\">La Orotava<\/a>, \u0161i kelion\u0117 \u017eada turting\u0105 Tenerif\u0117s kra\u0161tovaizd\u017eio \u012fvairov\u0117s ir kult\u016bros vertybi\u0173 gobelen\u0105.<\/p>\n<h3><strong>Svarbiausi kelion\u0117s akcentai: Vis\u0105 sal\u0105 apimantis tyrin\u0117jimas<\/strong><\/h3>\n<ul>\n<li>\ud83c\udf04 <strong>Los Gigantes uolos<\/strong>: Nuotykius prad\u0117kite nuo apsilankymo kvap\u0105 gniau\u017eian\u010diose Los Gigantes uolose, kur atsiveria gamtos didyb\u0117.<\/li>\n<li>\ud83d\udc40 <strong>Mirador de Garachico<\/strong>: Toliau keliaukite \u012f Mirador de Garachico, nuo kurio atsiveria nuostab\u016bs vaizdai, atspindintys Tenerif\u0117s \u0161iaurin\u0117s pakrant\u0117s gro\u017e\u012f.<\/li>\n<li>\ud83c\udf33 <strong>Icod de los Vinos<\/strong>: Ap\u017ei\u016br\u0117kite Icod de los Vinos ir pasigro\u017e\u0117kite T\u016bkstantme\u010dio drakono med\u017eiu - gamtos paminklu, turin\u010diu savo istorij\u0105.<\/li>\n<li>\ud83c\udfd8\ufe0f <strong>La Orotava<\/strong>: Pasinerkite \u012f La Orotavos \u017eaves\u012f ir aplankykite gars\u0173j\u012f Casa de los Balcones - Kanar\u0173 architekt\u016bros ir tradicij\u0173 simbol\u012f.<\/li>\n<li>\ud83d\udecd\ufe0f <strong>Puerto de la Cruz<\/strong>: M\u0117gaukit\u0117s laisvu laiku Puerto de la Cruz mieste, kur gal\u0117site apsipirkti, ap\u017ei\u016br\u0117ti lankytinas vietas ir papietauti (maistas \u012f ekskursij\u0105 ne\u012ftrauktas).<\/li>\n<li>\ud83d\ude4f <strong>Candelaria<\/strong>: Paskutin\u012f kart\u0105 sustokite Kandelarijoje ir pagerbkite Kanar\u0173 sal\u0173 glob\u0117j\u0105, taip u\u017ebaigdami tyrin\u0117jim\u0173 ir atradim\u0173 dien\u0105.<\/li>\n<\/ul>\n<h3><strong>J\u016bs\u0173 kelion\u0117 su CanaryVIP apima:<\/strong><\/h3>\n<ul>\n<li>\ud83d\ude8c A <strong>patogi ir vaizdinga kelion\u0117 autobusu<\/strong> visoje Tenerif\u0117je, kad kelion\u0117 b\u016bt\u0173 tokia pat maloni, kaip ir pa\u010dios kelion\u0117s vietos.<\/li>\n<li>\ud83c\udfe8 <strong>Patogi pa\u0117mimo ir i\u0161ve\u017eimo paslauga<\/strong> savo vie\u0161butyje, kad kelion\u0117 nuo prad\u017eios iki pabaigos b\u016bt\u0173 be streso.<\/li>\n<li>\ud83d\udde3\ufe0f <strong>\u012edomios daugiakalbi\u0173 gid\u0173 rekomendacijos<\/strong>, praturtindami savo patirt\u012f \u012fdomiomis \u012f\u017evalgomis apie kiekvien\u0105 vietov\u0119.<\/li>\n<li>\ud83d\udd52 An <strong>apytiksl\u0117 8 valand\u0173 kelion\u0117<\/strong>sukurtas taip, kad kuo geriau pa\u017eintum\u0117te nuostabius Tenerif\u0117s kra\u0161tovaizd\u017eius ir kult\u016bros paveld\u0105.<\/li>\n<li>\ud83d\udcf8 Nesuskai\u010diuojama <strong>fotografavimo galimyb\u0117s<\/strong> per \u012fvairias vietoves, kad prisiminimai i\u0161likt\u0173 visam gyvenimui.<\/li>\n<li>\ud83d\udcb0 CanaryVIP pa\u017eadas <strong>geriausia kaina<\/strong>, be to, j\u016bs\u0173 patogumui taikoma lanksti at\u0161aukimo politika.<\/li>\n<\/ul>\n<h3><strong>Pagrindin\u0117 informacija apie ekskursij\u0105:<\/strong><\/h3>\n<ul>\n<li>\ud83c\udf9f\ufe0f Tur\u0117kite skaitmenin\u012f arba spausdint\u0105 CanaryVIP biliet\u0105, kad kelion\u0117 vykt\u0173 skland\u017eiai.<\/li>\n<li>\ud83e\udde5 Apsirenkite patogiai ir apsirenkite sluoksniais, nes saloje vyrauja skirtingas klimatas.<\/li>\n<li>\ud83c\udf7d\ufe0f Puerto de la Kruze padarykite piet\u0173 pertrauk\u0105, nes \u010dia rasite daugyb\u0119 restoran\u0173. (Piet\u016bs \u012f kain\u0105 ne\u012fskai\u010diuoti)<\/li>\n<li>\ud83d\udccc Pasi\u0117mimo laikas ir vieta bus patvirtinti po u\u017esakymo. \u012esitikinkite, kad j\u016bs\u0173 apgyvendinimo duomenys yra tiksl\u016bs, kad kelion\u0117 vykt\u0173 skland\u017eiai.<\/li>\n<\/ul>\n<h3><strong>At\u0161aukimo politika:<\/strong><\/h3>\n<ul>\n<li>\ud83d\udd04 <strong>Individualiai pritaikomas at\u0161aukimas:<\/strong> M\u016bs\u0173 taisykl\u0117s atsi\u017evelgia \u012f nenusp\u0117jam\u0105 gyvenim\u0105 ir leid\u017eia at\u0161aukti kelion\u0119 likus ne daugiau kaip 24 valandoms iki numatytos ekskursijos ir gr\u0105\u017einti vis\u0105 sumok\u0117t\u0105 sum\u0105. Toks lankstumas u\u017etikrina, kad prireikus gal\u0117site keisti kelion\u0117s mar\u0161rut\u0105 be joki\u0173 r\u016bpes\u010di\u0173.<\/li>\n<li>\ud83d\udd52 <strong>Grup\u0117s at\u0161aukimo parinktys:<\/strong> Keliaujantiems grup\u0117mis si\u016blome pritaikytas at\u0161aukimo s\u0105lygas. Nedidel\u0117s 5-7 asmen\u0173 grup\u0117s gali at\u0161aukti kelion\u0119 be joki\u0173 mokes\u010di\u0173 likus 48 valandoms iki kelion\u0117s. Vidutinio dyd\u017eio grup\u0117ms (8-14 asmen\u0173) galima at\u0161aukti kelion\u0119 likus 4 dienoms iki ekskursijos ir atgauti vis\u0105 sumok\u0117t\u0105 sum\u0105, o didesni\u0173 grupi\u0173 (15 asmen\u0173 ir daugiau) pra\u0161ome at\u0161aukti kelion\u0119 likus ne ma\u017eiau kaip 6 dienoms iki ekskursijos, kad b\u016bt\u0173 i\u0161vengta bet koki\u0173 at\u0161aukimo mokes\u010di\u0173. \u0160ios gair\u0117s nustatytos siekiant palengvinti planavim\u0105 \u012fvairaus dyd\u017eio grup\u0117ms.<\/li>\n<li>\ud83d\udca1 <strong>Nesud\u0117tinga at\u0161aukimo proced\u016bra:<\/strong> At\u0161aukti ekskursij\u0105, nesvarbu, ar keliaujate savaranki\u0161kai, ar su grupe, nesud\u0117tinga. Tiesiog susisiekite su mumis per m\u016bs\u0173 svetain\u0119, el. pa\u0161tu arba paskambinkite. U\u017etikriname greit\u0105 pinig\u0173 gr\u0105\u017einimo proces\u0105, tod\u0117l kelion\u0117s at\u0161aukimas bus sklandus ir nesukels r\u016bpes\u010di\u0173.<\/li>\n<li>\ud83d\udd0d <strong>U\u017esakymo patikrinimas:<\/strong> Pravartu dar gerokai prie\u0161 kelion\u0117s dat\u0105 dar kart\u0105 patikrinti u\u017esakymo informacij\u0105. Taip gal\u0117site atlikti bet kokius b\u016btinus pakeitimus arba at\u0161aukti u\u017esakym\u0105 nurodytais terminais ir i\u0161vengti bet koki\u0173 galim\u0173 mokes\u010di\u0173.<\/li>\n<\/ul>\n<h4><strong>Pagalba ir atsakomyb\u0117 kelion\u0117s metu:<\/strong><\/h4>\n<ul>\n<li>\u2714\ufe0f CanaryVIP siekia u\u017etikrinti \u012fsimintin\u0105 ir vientis\u0105 kelion\u0117s patirt\u012f nuo u\u017esakymo iki pa\u017einimo.<\/li>\n<li>\ud83d\udde3\ufe0f <strong>Tiesioginis bendravimas:<\/strong> M\u016bs\u0173 gidai yra pasireng\u0119 pad\u0117ti jums i\u0161kilus bet kokiems klausimams ar i\u0161kilus bet kokiems poreikiams kelion\u0117s metu.<\/li>\n<li>\ud83d\udcb0 <strong>Skaidri gr\u0105\u017einimo politika:<\/strong> Esame \u012fsipareigoj\u0119 laikytis principo, kad pirmiausia r\u016bpinam\u0117s klientais, greitai ir s\u0105\u017einingai sprend\u017eiame bet kokias problemas.<\/li>\n<\/ul>\n<h4><strong>\ud83d\ude8c\ud83c\udf04\ud83c\udfdb\ufe0f U\u017esisakykite savo salos nuotykius dabar!<\/strong><\/h4>\n<p>Pasinaudokite \u0161ia unikalia galimybe kartu su CanaryVIP pa\u017einti Tenerif\u0117s gro\u017e\u012f ir turting\u0105 kult\u016br\u0105. Rezervuokite viet\u0105 Tenerif\u0117s saloje <a href=\"https:\/\/canaryvip.com\/lt\/tenerife\/guided-tours\/bus-tours\/\">Ekskursija autobusu su gidu<\/a> \u0161iandien ir leiskit\u0117s \u012f nepamir\u0161tam\u0105 kelion\u0119 po \u017eymiausius salos objektus ir pasl\u0117ptus brangakmenius.<\/p>\n<p>J\u016bs\u0173 laukia nuotykiai!<\/p>","protected":false},"excerpt":{"rendered":"<p><strong>\ud83d\udd0d Ekskursija po Tenerif\u0117s sal\u0105:<\/strong><br \/>\n\u2705 Saugus mok\u0117jimas.<br \/>\n\u26f0\ufe0f Aplankykite Los Gigantes uol\u0105.<br \/>\n\ud83d\udc09 Tyrin\u0117kite Icodo drakono med\u012f.<br \/>\n\ud83d\udca6 Atraskite Garachico.<br \/>\n\ud83d\udee4\ufe0f Apsilankykite La Orotavoje.<br \/>\n\ud83d\udecd\ufe0f M\u0117gaukit\u0117s Puerto de la Cruz.<br \/>\n\u26ea\ufe0f Apsilankykite Kandelarijoje.<br \/>\n\ud83d\udcc5 antradieniais ir \u0161e\u0161tadieniais.<br \/>\n\u23f0 Trukm\u0117 Apie 8 val.<br \/>\n\ud83d\ude8c Pasitikimas vie\u0161butyje ir i\u0161laipinimas.<br \/>\n\ud83d\udd04 24 val. nemokamas at\u0161aukimas.<br \/>\n\ud83e\udd11 Garantuojama geriausia kaina.<br \/>\n\ud83c\udf81 Galimos grupin\u0117s nuolaidos.<br \/>\n\ud83c\udf0d Vadovas j\u016bs\u0173 kalba.<br \/>\n\ud83c\udf1f Rezervuokite dabar ir sutaupykite!<\/p>","protected":false},"featured_media":9624,"comment_status":"open","ping_status":"closed","template":"","meta":{"_acf_changed":false},"product_brand":[],"product_cat":[68,52],"product_tag":[],"class_list":{"0":"post-9623","1":"product","2":"type-product","3":"status-publish","4":"has-post-thumbnail","6":"product_cat-guided-tours","7":"product_cat-bus-tours","8":"wcpa_has_options","10":"first","11":"instock","12":"virtual","13":"purchasable","14":"product-type-simple"},"acf":[],"wcpa_form_fields":{"wcpaData":{"product":{"product_price":48,"price_html":"From&nbsp;<span class=\"woocommerce-Price-amount amount\"><bdi>48,00&nbsp;<span class=\"woocommerce-Price-currencySymbol\">&euro;<\/span><\/bdi><\/span>","original_product_price":48,"price_including_tax":48,"price_excluding_tax":48,"product_id":{"parent":9623,"variation":false},"is_variable":false,"stock_status":"instock","stock_quantity":null,"parent_sku":"CV9623","product_attributes":[],"custom_fields":[],"is_taxable":false,"product_name":"Tenerife Island Tour: Guided Bus Trip","hasImage":false},"fields":{"sec_265e50550df885":{"extra":{"key":"sec_265e50550df885","section_id":"sec_265e50550df885","name":"South Tenerife","status":1,"cl_rule":"show","enableCl":false,"relations":[{"operator":false,"rules":[{"operator":"AND","rules":{"cl_field":"radio-group_665df45fcbc30b","cl_relation":"is","cl_val":"Siam Park Regular Tickets"}}]}],"toggle":true,"title_tag":"h4","show_title":false,"showPrice":"default","form_id":10216,"form_rules":{"exclude_from_discount":true,"fee_label":"Fee","disp_hide_options_price":true,"disp_show_section_price":false,"disp_show_field_price":true,"layout_option":"standard","pric_use_as_fee":false,"process_fee_as":"woo_fee"},"layout_option":"standard"},"fields":[[{"label":"\ud83d\udcc5 Date","active":true,"required":true,"elementId":"date_365e50550df8bb","picker_type":"custom","picker_mode":"single","placeholder":"","description":"","tooltip":"","name":"date_365e50550df8bb","label_position":"default","desc_position":"default","enablePrice":false,"className":"","enableCl":false,"relations":[{"operator":"and","rules":[{"operator":"AND","rules":{"cl_field":"radio-group_665df45fcbc30b","cl_relation":"is","cl_val":"3 Hour Trip"}}]}],"date_pic_inline":true,"date_pic_inline_hide":true,"min_date":{"type":"days","val":"1"},"max_date":{"type":"days","val":"365"},"date_pic_conf":{"disabledWeeks":[0,1,3,4,5,6]},"price":"","cl_rule":"show","col":6,"type":"date","error":false,"enableDesign":false,"LabelColor":"","gt_translate_keys":["label","placeholder","description","tooltip"],"price_dependency":false,"cl_dependency":false,"value":""}],[{"elementId":"separator_665e50550df8cb","separatorType":"blank","className":"","height":"10","enableCl":false,"relations":false,"cl_rule":"show","col":6,"type":"separator","gt_translate_keys":[],"price_dependency":false,"cl_dependency":false,"value":""}],[{"active":true,"col":6,"relations":false,"cl_rule":"show","enableCl":false,"price":"","enablePrice":false,"className":"","label_position":"default","desc_position":"default","type":"content","required":false,"elementId":"content_565e50550df8e4","label":"People","name":"content_565e50550df8e4","contentType":"plain","value":"","error":false,"show_in_checkout":true,"inline":false,"gt_translate_keys":["label","value"],"price_dependency":false,"cl_dependency":false}],[{"active":true,"col":6,"relations":[{"operator":false,"rules":[{"operator":"AND","rules":{"cl_field":"","cl_relation":"","cl_val":""}}]}],"cl_rule":"show","enableCl":false,"price":"50","enablePrice":true,"className":"","label_position":"default","desc_position":"default","type":"radio-group","required":false,"elementId":"radio-group_665e50550df8f0","label":"","name":"radio-group_665e50550df8f0","values":[{"label":"\ud83d\udc64 Adult (50\u20ac)","value":"Adult","selected":true,"tempId":"aco_32","tooltip":"+12 Years","description":"","gt_translate_keys":["label","tooltip","description"]}],"layOut":"","error":false,"checkUi":"button","priceOptions":"fixed_for_all","pricingType":"fixed","enable_quantity":true,"quantity_label":"","min_quantity":"0","options_tooltip":true,"options_description":true,"isWeightTemplate":false,"isTemplate":false,"quantity_decimal":false,"quantity_step":"1","repeater_field_label":"{field_label}","repeater_bind":"","gt_translate_keys":["label","repeater_field_label","quantity_label"],"price_dependency":false,"cl_dependency":false,"value":""}],[{"label":"","active":true,"required":false,"elementId":"radio-group_665e50550df8fb","name":"radio-group_665e50550df8fb","label_position":"default","desc_position":"default","enablePrice":true,"className":"","enableCl":false,"relations":false,"enable_quantity":true,"quantity_label":"","min_quantity":"0","checkUi":"button","layOut":"","values":[{"label":"\ud83d\udc66 Child (31\u20ac)","value":"Child","selected":true,"tempId":"aco_32","tooltip":"2-11 Years","description":"","gt_translate_keys":["label","tooltip","description"]}],"priceOptions":"fixed_for_all","pricingType":"fixed","price":"31","cl_rule":"show","col":6,"type":"radio-group","error":false,"options_tooltip":true,"options_description":true,"gt_translate_keys":["label","quantity_label"],"price_dependency":false,"cl_dependency":false,"value":""}],[{"active":true,"col":6,"relations":false,"cl_rule":"show","enableCl":false,"price":"","enablePrice":false,"className":"","label_position":"default","desc_position":"default","type":"select","required":false,"elementId":"select_265e50550df905","label":"\ud83c\udf0e Language","name":"select_265e50550df905","values":[{"label":"English","value":"English","selected":false,"tempId":"aco_310","gt_translate_keys":["label"]},{"label":"Spanish","value":"Spanish","selected":false,"tempId":"aco_311","gt_translate_keys":["label"]},{"label":"French","value":"French","selected":false,"tempId":"aco_312","gt_translate_keys":["label"]}],"dropdown_type":"basic","error":false,"gt_translate_keys":["label"],"price_dependency":false,"cl_dependency":false,"value":""}],[{"active":true,"col":6,"relations":false,"cl_rule":"show","enableCl":false,"price":"","enablePrice":false,"className":"","label_position":"default","desc_position":"default","type":"separator","required":false,"elementId":"separator_665e50550df90f","label":"Separator Field","height":"7","separatorType":"blank","error":false,"gt_translate_keys":["label"],"price_dependency":false,"cl_dependency":false,"value":""}],[{"active":true,"col":6,"relations":false,"cl_rule":"show","enableCl":false,"price":"","enablePrice":false,"className":"","label_position":"default","desc_position":"default","type":"text","subtype":"text","required":false,"elementId":"text_565e50550df918","label":"\ud83d\ude8c Pickup Location","name":"text_565e50550df918","value":"","description":"Pick-up service in South Tenerife. Simply provide your address or hotel name.","error":false,"gt_translate_keys":["label","description","value"],"price_dependency":false,"cl_dependency":false}]]}},"config":{"price_override":"always","enable_recaptcha":false,"bind_quantity":false,"quantity_bind_formula":false,"disp_summ_show_option_price":true,"disp_summ_show_product_price":false,"disp_summ_show_total_price":true,"disp_summ_show_fee":true,"disp_summ_show_discount":true,"summary_title":"","options_total_label":"Options Price","total_label":"Total Amount","options_product_label":"Product Price","fee_label":"Fee","discount_label":"Discount","has_price":true,"has_quantity_formula":false},"mc_unit":1,"tax_rate":1,"tax_rate_real":1,"discount":{"percentage":0,"fixed":0},"design":{"conf":{"LabelPosition":"above","DescPosition":"above","UploadField":"custom_1","QuantityFieldStyle":"custom_1"},"css":{"LeftLabelWidth":"120px"}},"formulas":[],"lookuptables":[],"clones":false,"cartKey":false}},"_links":{"self":[{"href":"https:\/\/canaryvip.com\/lt\/wp-json\/wp\/v2\/product\/9623","targetHints":{"allow":["GET"]}}],"collection":[{"href":"https:\/\/canaryvip.com\/lt\/wp-json\/wp\/v2\/product"}],"about":[{"href":"https:\/\/canaryvip.com\/lt\/wp-json\/wp\/v2\/types\/product"}],"replies":[{"embeddable":true,"href":"https:\/\/canaryvip.com\/lt\/wp-json\/wp\/v2\/comments?post=9623"}],"wp:featuredmedia":[{"embeddable":true,"href":"https:\/\/canaryvip.com\/lt\/wp-json\/wp\/v2\/media\/9624"}],"wp:attachment":[{"href":"https:\/\/canaryvip.com\/lt\/wp-json\/wp\/v2\/media?parent=9623"}],"wp:term":[{"taxonomy":"product_brand","embeddable":true,"href":"https:\/\/canaryvip.com\/lt\/wp-json\/wp\/v2\/product_brand?post=9623"},{"taxonomy":"product_cat","embeddable":true,"href":"https:\/\/canaryvip.com\/lt\/wp-json\/wp\/v2\/product_cat?post=9623"},{"taxonomy":"product_tag","embeddable":true,"href":"https:\/\/canaryvip.com\/lt\/wp-json\/wp\/v2\/product_tag?post=9623"}],"curies":[{"name":"wp","href":"https:\/\/api.w.org\/{rel}","templated":true}]}}