{"id":9493,"date":"2024-02-05T22:56:26","date_gmt":"2024-02-05T22:56:26","guid":{"rendered":"https:\/\/canaryvip.com\/?post_type=product&#038;p=9493"},"modified":"2025-08-09T12:59:18","modified_gmt":"2025-08-09T11:59:18","slug":"jungle-park-tickets","status":"publish","type":"product","link":"https:\/\/canaryvip.com\/lt\/shop\/jungle-park-tickets\/","title":{"rendered":"Pirkti D\u017eiungli\u0173 parko bilietus"},"content":{"rendered":"<h2>\ud83e\udd85 <strong>D\u017eiungli\u0173 parkas Tenerif\u0117je: Safario nuotykiai ir laukin\u0117s gamtos prieglobstis<\/strong><\/h2>\n<p><strong>\u23f0 Tyrin\u0117kite kiekvien\u0105 dien\u0105:<\/strong> Nuotyki\u0173 laukiama nuo 10 iki 17.30 val., vis\u0105 dien\u0105 tyrin\u0117jant ir atrandant.<\/p>\n<p>\ud83d\udccd <strong>J\u016bs\u0173 laukia safaris:<\/strong> Atraskite laukin\u0119 Tenerif\u0117s pus\u0119 Chajofos d\u017eiungli\u0173 parke - \u012fsp\u016bdingoje vietoje, kur zoologijos sodas ir botanikos sodas susilieja su did\u017eiuliu d\u017eiungli\u0173 kra\u0161tovaizd\u017eiu. Apsilankym\u0105 planuokite pagal <a href=\"https:\/\/maps.app.goo.gl\/K7g47iUPFiKyfYdU9\" target=\"_blank\" rel=\"noopener\">parko paie\u0161ka \"Google Maps<\/a>.<\/p>\n<p>\ud83c\udf92 <strong>Nuotyki\u0173 pagrindai:<\/strong> Dienai d\u017eiungl\u0117se rinkit\u0117s krem\u0105 nuo saul\u0117s, patogius batus ir nepamir\u0161kite fotoaparato, kad gal\u0117tum\u0117te fotografuoti egzoti\u0161kus gyv\u016bnus ir ve\u0161li\u0105 gamt\u0105.<\/p>\n<p>\ud83d\udca7 <strong>Atsigaivinkite ir papildykite degalais:<\/strong> Parko viduje rasite \u012fvairi\u0173 galimybi\u0173 atsigerti vandens ir pavalgyti, kad visiems b\u016bt\u0173 patogu ir malonu praleisti dien\u0105.<\/p>\n<p>\ud83c\udfab <strong>Greita prieiga:<\/strong> I\u0161venkite laukimo su i\u0161 anksto \u012fsigytais CanaryVIP bilietais, kurie suteikia galimyb\u0119 grei\u010diau patekti \u012f parod\u0105 tiems, kurie atvyko pasiruo\u0161\u0119, palyginti su lankytojais, perkan\u010diais bilietus atvykus.<\/p>\n<p>\ud83d\ude8c <strong>Perve\u017eimas \u012f d\u017eiungles:<\/strong> I\u0161 piet\u0173 Tenerif\u0117s va\u017eiuoja nemokamas autobusas, kuris tiesiogiai ir patogiai ve\u017ea \u012f \"Jungle Park\".<\/p>\n<p>\ud83c\udf1f <strong>CanaryVIP ekskliuzyvai:<\/strong> U\u017esisakydami su CanaryVIP ne tik u\u017esitikrinsite \u012f\u0117jim\u0105, bet ir gal\u0117site pasinaudoti specialiomis nuolaidomis, pirmenybe \u012feiti \u012f park\u0105 ir dar daugiau, taip pagerindami savo apsilankym\u0105 D\u017eiungli\u0173 parke.<\/p>\n<ul>\n<li><strong>Momentinis taupymas:<\/strong> U\u017esisak\u0119 pas mus, i\u0161kart atrakinkite i\u0161skirtines nuolaidas.<\/li>\n<li><strong>Daugiau u\u017e ma\u017eiau:<\/strong> Per\u017ei\u016br\u0117kite m\u016bs\u0173 kombinuot\u0173j\u0173 biliet\u0173 pasi\u016blymus, kad sutaupytum\u0117te dar daugiau ir patirt\u0173 dvigubai daugiau malonumo.<\/li>\n<li><strong>Planavimas be r\u016bpes\u010di\u0173:<\/strong> M\u0117gaukit\u0117s ramybe ir galimybe at\u0161aukti vizit\u0105 likus 72 valandoms iki suplanuoto apsilankymo.<\/li>\n<\/ul>\n<p>\ud83d\udc3e <strong>Susipa\u017einkite su m\u016bs\u0173 gyv\u016bn\u0173 \u017evaig\u017ed\u0117mis:<\/strong> D\u017eiungli\u0173 parke gyvena \u012fvair\u016bs laukiniai gyv\u016bnai - nuo \u017eaisming\u0173 orangutan\u0173, gibon\u0173 ir kapucin\u0173 m\u016bs\u0173 primat\u0173 prieglobstyje iki diding\u0173 leopard\u0173 ir jaguar\u0173 m\u016bs\u0173 did\u017ei\u0173j\u0173 ka\u010di\u0173 draustinyje. Nepraleiskite pingvin\u0173, j\u016br\u0173 li\u016bt\u0173, surikat\u0173, me\u0161k\u0117n\u0173 ir \u012fsp\u016bdingos ropli\u0173 kolekcijos, kurioje yra gyvat\u0117s, v\u0117\u017eliai, krokodilai ir kaimanai.<\/p>\n<p>\ud83e\udd9c <strong>Svarbiausi \u012fvykiai:<\/strong> Kasdien 13:30 val. rengiamas j\u016br\u0173 li\u016bt\u0173 pasirodymas - tai linksmybi\u0173 pli\u016bpsnis, o 12:30 val. vykstantis pl\u0117\u0161ri\u0173j\u0173 pauk\u0161\u010di\u0173 pasirodymas parodo ne\u012ftik\u0117tin\u0105 m\u016bs\u0173 plunksnuot\u0173 draug\u0173, \u012fskaitant nuostab\u0173j\u012f balt\u0105j\u012f erel\u012f, vikrum\u0105. \u0160ie pasirodymai yra ne tik pramoginiai, bet ir mokomieji, nes juose galima susipa\u017einti su \u0161i\u0173 nuostabi\u0173 b\u016btybi\u0173 gyvenimu.<\/p>\n<p>\ud83d\udc68\u200d\ud83d\udc69\u200d\ud83d\udc67\u200d\ud83d\udc66 <strong>\u0160eimos nuotykis:<\/strong> D\u017eiungli\u0173 parke si\u016blomi \u012fsp\u016bdingi safariai, ram\u016bs pasivaik\u0161\u010diojimai gamtoje ir interaktyv\u016bs susitikimai su gyv\u016bnais, puikiai tinkantys \u012fvairaus am\u017eiaus lankytojams. Dalyvaukite specialiose ekskursijose po park\u0105, o nor\u0117dami patirti dar daugiau \u012fsp\u016bd\u017ei\u0173, i\u0161bandykite per d\u017eiungles vingiuojan\u010di\u0105 bobsl\u0117jaus tras\u0105.<\/p>\n<h3>\ud83d\ude8c Nemokama pa\u0117mimo paslauga<\/h3>\n<p><strong>Sklandi mar\u0161rutinio autobuso jungtis:<\/strong> Naudokit\u0117s m\u016bs\u0173 nemokamu perve\u017eimu ir keliaukite i\u0161 Piet\u0173 Tenerif\u0117s \u012f D\u017eiungli\u0173 park\u0105 be streso. Pasir\u016bpinkite, kad j\u016bs\u0173 nuotykis prasid\u0117t\u0173 ir baigt\u0173si skland\u017eiai.<\/p>\n<p><strong>Perve\u017eimo tvarkara\u0161tis ir gr\u012f\u017eimai:<\/strong> M\u0117gaukit\u0117s patogiu pa\u0117mimu i\u0161 Kosta Adech\u0117s, Playa de Las Am\u00e9ricas ir Los Kristianoso, kad gal\u0117tum\u0117te lengvai apsilankyti D\u017eiungli\u0173 parke. M\u016bs\u0173 nemokamas kasdienis autobus\u0173 mar\u0161rutas jus lengvai sujungs:<\/p>\n<ul>\n<li><a href=\"https:\/\/canaryvip.com\/lt\/shop\/aqualand-tickets\/\">\"Aqualand\"<\/a> Kosta Adech\u0117: 9:30 val. | 10:45 val.<\/li>\n<li>H. Labranda Suites Costa Adeje: 9:35 | 10:50<\/li>\n<li>Prekybos centras \"The Duke Shops\": 9:35 | 10:55<\/li>\n<li>Vie\u0161butis \"Sunwing Fa\u00f1ab\u00e9\": 9:40 | 11:00<\/li>\n<li>Vie\u0161butis \"Allsun Hibiscos\": 9:45 | 11:05<\/li>\n<li>Calle Llanos De Troya: 9:50 | 11:35<\/li>\n<li>Baras \"Leonardo's\": 9:55 | 11:40<\/li>\n<li>Vie\u0161butis \"Best Tenerife\": 10:00 | 11:45<\/li>\n<li>Pasarelos prekybos centras \"La Pepa\": 10:10 | 11:50<\/li>\n<li>Vie\u0161butis Sol Arona Tenerif\u0117je: 10:15 | 11:55<\/li>\n<\/ul>\n<p><strong>Gr\u012f\u017eimo laikas<\/strong>: 16:30 | 17:30.<\/p>\n<p>Atkreipkite d\u0117mes\u012f, kad viet\u0173 skai\u010dius mar\u0161rutiniame transporte yra ribotas ir jos suteikiamos pagal eili\u0161kum\u0105 be i\u0161ankstinio u\u017esakymo.<\/p>\n<h3>\ud83d\udd25 <strong>U\u017esisakykite dabar ir gaukite i\u0161skirtini\u0173 \"Jungle Park\" pasi\u016blym\u0173<\/strong><\/h3>\n<p>Pasinerkite \u012f laukin\u012f Tenerif\u0117s d\u017eiungli\u0173 parko gro\u017e\u012f su CanaryVIP. U\u017etikrinkite geriausius pasi\u016blymus, m\u0117gaukit\u0117s laisvu patekimu ir kurkite nepamir\u0161tamus prisiminimus ve\u0161lioje \u010cajofos aplinkoje.<\/p>\n<p>Pasinerkite \u012f laukin\u0117s gamtos ir nuotyki\u0173 pasaul\u012f Tenerif\u0117s d\u017eiungli\u0173 parke, kur kiekvienas kelias veda \u012f atradim\u0105, o kiekvienas susitikimas - \u012f istorij\u0105, laukian\u010di\u0105, kol bus papasakota. U\u017esisakykite kelion\u0119 \u0161iandien ir i\u0161laisvinkite savyje tyrin\u0117toj\u0105!<\/p>","protected":false},"excerpt":{"rendered":"<p><strong>\ud83d\udd0d D\u017eiungli\u0173 parko auk\u0161tumos:<\/strong><br \/>\n\u2705 Saugus mok\u0117jimas.<br \/>\n\ud83d\ude80 Greitasis \u012fva\u017eiavimas leidim\u0173 tur\u0117tojams.<br \/>\n\ud83e\udd85 \u012e\u0117jimas \u012f visas parodas.<br \/>\n\ud83d\udd59 Dirbame nuo 10:00 iki 17:30 val.<br \/>\n\ud83e\udd11 Garantuojama geriausia kaina.<br \/>\n\ud83d\ude8d Nemokamas autobusas.<br \/>\n\ud83d\udc6a Nuolaidos grupiniams u\u017esakymams.<br \/>\n\ud83d\udd01 Iki 72h At\u0161aukimas.<br \/>\n\ud83c\udf0d Parama keliomis kalbomis.<br \/>\n\ud83c\udf1f Rezervuokite dabar ir sutaupykite!<br \/>\n\ud83d\udccd Rasti <a href=\"https:\/\/maps.app.goo.gl\/K7g47iUPFiKyfYdU9\">D\u017eiungli\u0173 parkas \u017eem\u0117lapiuose<\/a>.<\/p>","protected":false},"featured_media":9501,"comment_status":"open","ping_status":"closed","template":"","meta":{"_acf_changed":false},"product_brand":[],"product_cat":[54],"product_tag":[],"class_list":{"0":"post-9493","1":"product","2":"type-product","3":"status-publish","4":"has-post-thumbnail","6":"product_cat-theme-parks","7":"wcpa_has_options","9":"first","10":"instock","11":"virtual","12":"purchasable","13":"product-type-simple"},"acf":[],"wcpa_form_fields":{"wcpaData":{"product":{"product_price":35,"price_html":"From&nbsp;<span class=\"woocommerce-Price-amount amount\"><bdi>35,00&nbsp;<span class=\"woocommerce-Price-currencySymbol\">&euro;<\/span><\/bdi><\/span>","original_product_price":35,"price_including_tax":35,"price_excluding_tax":35,"product_id":{"parent":9493,"variation":false},"is_variable":false,"stock_status":"instock","stock_quantity":null,"parent_sku":"CV9493","product_attributes":[],"custom_fields":[],"is_taxable":false,"product_name":"Buy Jungle Park Tickets","hasImage":false},"fields":{"sec_065df48f68f816":{"extra":{"key":"sec_065df48f68f816","section_id":"sec_065df48f68f816","name":"Jungle Park Tickets","status":1,"cl_rule":"show","enableCl":false,"relations":[{"operator":false,"rules":[{"operator":"AND","rules":{"cl_field":"radio-group_665df45fcbc30b","cl_relation":"is","cl_val":"Siam Park Regular Tickets"}}]}],"toggle":true,"title_tag":"h4","show_title":false,"showPrice":"default","form_id":10144,"form_rules":{"exclude_from_discount":true,"fee_label":"Fee","disp_hide_options_price":true,"disp_show_section_price":false,"disp_show_field_price":true,"layout_option":"standard","pric_use_as_fee":false,"process_fee_as":"woo_fee"},"layout_option":"standard"},"fields":[[{"label":"\ud83d\udcc5 Date","active":true,"required":true,"elementId":"date_365df48f68f836","picker_type":"custom","picker_mode":"single","placeholder":"","description":"","tooltip":"","name":"date_365df48f68f836","label_position":"default","desc_position":"default","enablePrice":false,"className":"","enableCl":false,"relations":[{"operator":"and","rules":[{"operator":"AND","rules":{"cl_field":"radio-group_665df45fcbc30b","cl_relation":"is","cl_val":"3 Hour Trip"}}]}],"date_pic_inline":true,"date_pic_inline_hide":true,"min_date":{"type":"days","val":"0"},"max_date":{"type":"days","val":"365"},"date_pic_conf":{"disabledWeeks":[]},"price":"","cl_rule":"show","col":6,"type":"date","error":false,"enableDesign":false,"LabelColor":"","gt_translate_keys":["label","placeholder","description","tooltip"],"price_dependency":false,"cl_dependency":false,"value":""}],[{"elementId":"separator_765df48f68f845","separatorType":"blank","className":"","height":"10","enableCl":false,"relations":false,"cl_rule":"show","col":6,"type":"separator","gt_translate_keys":[],"price_dependency":false,"cl_dependency":false,"value":""}],[{"active":true,"col":6,"relations":false,"cl_rule":"show","enableCl":false,"price":"","enablePrice":false,"className":"","label_position":"default","desc_position":"default","type":"content","required":false,"elementId":"content_265df48f68f851","label":"People","name":"content_265df48f68f851","contentType":"plain","value":"","error":false,"show_in_checkout":true,"inline":false,"gt_translate_keys":["label","value"],"price_dependency":false,"cl_dependency":false}],[{"active":true,"col":6,"relations":[{"operator":false,"rules":[{"operator":"AND","rules":{"cl_field":"","cl_relation":"","cl_val":""}}]}],"cl_rule":"show","enableCl":true,"price":"35","enablePrice":true,"className":"","label_position":"default","desc_position":"default","type":"radio-group","required":false,"elementId":"radio-group_165df48f68f85d","label":"","name":"radio-group_165df48f68f85d","values":[{"label":"\ud83d\udc64 Adult (35\u20ac)","value":"Adult","selected":true,"tempId":"aco_32","tooltip":"+11 Years","description":"","gt_translate_keys":["label","tooltip","description"]}],"layOut":"","error":false,"checkUi":"button","priceOptions":"fixed_for_all","pricingType":"fixed","enable_quantity":true,"quantity_label":"","min_quantity":"0","options_tooltip":true,"options_description":true,"gt_translate_keys":["label","quantity_label"],"price_dependency":false,"cl_dependency":false,"value":""}],[{"label":"","active":true,"required":false,"elementId":"radio-group_265df48f68f868","name":"radio-group_265df48f68f868","label_position":"default","desc_position":"default","enablePrice":true,"className":"","enableCl":false,"relations":false,"enable_quantity":true,"quantity_label":"","min_quantity":"0","checkUi":"button","layOut":"","values":[{"label":"\ud83d\udc66 Child (29\u20ac)","value":"Child","selected":true,"tempId":"aco_32","tooltip":"5-10 Years","description":"","gt_translate_keys":["label","tooltip","description"]}],"priceOptions":"fixed_for_all","pricingType":"fixed","price":"29","cl_rule":"show","col":6,"type":"radio-group","error":false,"options_tooltip":true,"options_description":true,"gt_translate_keys":["label","quantity_label"],"price_dependency":false,"cl_dependency":false,"value":""}],[{"label":"","active":true,"required":false,"elementId":"radio-group_1065df48f68f873","name":"radio-group_1065df48f68f873","label_position":"default","desc_position":"default","enablePrice":true,"className":"","enableCl":false,"relations":false,"enable_quantity":true,"quantity_label":"","min_quantity":"0","checkUi":"button","layOut":"","values":[{"label":"\ud83d\udc76 Toddler (16\u20ac)","value":"Toddler","selected":true,"tempId":"aco_32","tooltip":"3-4 Years","gt_translate_keys":["label","tooltip"]}],"priceOptions":"fixed_for_all","pricingType":"fixed","price":"16","cl_rule":"show","col":6,"type":"radio-group","error":false,"options_tooltip":true,"gt_translate_keys":["label","quantity_label"],"price_dependency":false,"cl_dependency":false,"value":""}]]}},"config":{"price_override":"always","enable_recaptcha":false,"bind_quantity":false,"quantity_bind_formula":false,"disp_summ_show_option_price":true,"disp_summ_show_product_price":false,"disp_summ_show_total_price":true,"disp_summ_show_fee":true,"disp_summ_show_discount":true,"summary_title":"","options_total_label":"Options Price","total_label":"Total Amount","options_product_label":"Product Price","fee_label":"Fee","discount_label":"Discount","has_price":true,"has_quantity_formula":false},"mc_unit":1,"tax_rate":1,"tax_rate_real":1,"discount":{"percentage":0,"fixed":0},"design":{"conf":{"LabelPosition":"above","DescPosition":"above","UploadField":"custom_1","QuantityFieldStyle":"custom_1"},"css":{"LeftLabelWidth":"120px"}},"formulas":[],"lookuptables":[],"clones":false,"cartKey":false}},"_links":{"self":[{"href":"https:\/\/canaryvip.com\/lt\/wp-json\/wp\/v2\/product\/9493","targetHints":{"allow":["GET"]}}],"collection":[{"href":"https:\/\/canaryvip.com\/lt\/wp-json\/wp\/v2\/product"}],"about":[{"href":"https:\/\/canaryvip.com\/lt\/wp-json\/wp\/v2\/types\/product"}],"replies":[{"embeddable":true,"href":"https:\/\/canaryvip.com\/lt\/wp-json\/wp\/v2\/comments?post=9493"}],"wp:featuredmedia":[{"embeddable":true,"href":"https:\/\/canaryvip.com\/lt\/wp-json\/wp\/v2\/media\/9501"}],"wp:attachment":[{"href":"https:\/\/canaryvip.com\/lt\/wp-json\/wp\/v2\/media?parent=9493"}],"wp:term":[{"taxonomy":"product_brand","embeddable":true,"href":"https:\/\/canaryvip.com\/lt\/wp-json\/wp\/v2\/product_brand?post=9493"},{"taxonomy":"product_cat","embeddable":true,"href":"https:\/\/canaryvip.com\/lt\/wp-json\/wp\/v2\/product_cat?post=9493"},{"taxonomy":"product_tag","embeddable":true,"href":"https:\/\/canaryvip.com\/lt\/wp-json\/wp\/v2\/product_tag?post=9493"}],"curies":[{"name":"wp","href":"https:\/\/api.w.org\/{rel}","templated":true}]}}