{"id":9488,"date":"2024-02-05T21:54:37","date_gmt":"2024-02-05T21:54:37","guid":{"rendered":"https:\/\/canaryvip.com\/?post_type=product&#038;p=9488"},"modified":"2025-08-09T13:00:03","modified_gmt":"2025-08-09T12:00:03","slug":"aqualand-tickets","status":"publish","type":"product","link":"https:\/\/canaryvip.com\/lt\/shop\/aqualand-tickets\/","title":{"rendered":"Pirkti \"Aqualand\" bilietus"},"content":{"rendered":"<h2>\ud83c\udf0a <strong>\"Aqualand Costa Adeje\": Pasinerkite \u012f pramogas ir nuotykius!<\/strong><\/h2>\n<ul>\n<li><strong>Dirbame kasdien:<\/strong> Nuo 10 iki 17 val. gal\u0117site pliu\u0161kentis ir \u017eaisti, kad diena b\u016bt\u0173 kupina linksmybi\u0173 ir \u012fsp\u016bd\u017ei\u0173.<\/li>\n<li><strong>Patogioje vietoje:<\/strong> Kosta Adech\u0117s rajone \u012fsik\u016br\u0119s \"Aqualand\" \u017eada lengvai pasiekiam\u0105 pramog\u0105 visiems.<\/li>\n<li><strong>Biliet\u0173 lankstumas:<\/strong> J\u016bs\u0173 laukia nuotykiai, nes bilietai galioja 90 dien\u0173 nuo \u012fsigijimo, tod\u0117l galite laisvai pasirinkti tinkamiausi\u0105 apsilankymo dien\u0105.<\/li>\n<\/ul>\n<p>\ud83d\udccd <strong>Pagrindin\u0117 vieta:<\/strong> \"Aqualand\" \u012fsik\u016br\u0119s \u0161urmuliuojan\u010dioje Kosta Adech\u0117s kurortin\u0117je zonoje, kuri yra pagrindin\u0117 vandens park\u0173 entuziast\u0173 traukos vieta.<br \/>\nD\u0117l kryp\u010di\u0173, be vargo <a href=\"https:\/\/maps.app.goo.gl\/A5TcFcUtHUGD1ykJ7\" target=\"_blank\" rel=\"noopener\">rasti \"Aqualand\" \"Google\" \u017eem\u0117lapiuose<\/a> ir i\u0161 anksto susiplanuokite \u012fsp\u016bding\u0105 dien\u0105.<\/p>\n<p>\ud83c\udf92 <strong>Pasiruo\u0161kite nuotykiams:<\/strong> Nepamir\u0161kite kremo nuo saul\u0117s, maudymosi kostium\u0117li\u0173 ir rank\u0161luos\u010dio, kad gal\u0117tum\u0117te vis\u0105 dien\u0105 m\u0117gautis saul\u0117s voniomis. Galima i\u0161sinuomoti spintel\u0119, kad daiktai b\u016bt\u0173 saug\u016bs.<\/p>\n<p>\ud83d\udca7 <strong>Hidratacijos stotel\u0117:<\/strong> Pasiimkite su savimi vandens, kad saul\u0117je nepritr\u016bkt\u0173 vandens, o parko viduje gal\u0117site pavalgyti ir atsigerti.<\/p>\n<p>\ud83c\udfab <strong>Sklandus \u012f\u0117jimas:<\/strong> Su CanaryVIP bilietais i\u0161vengsite eili\u0173 prie vietoje \u012fsigyjam\u0173 biliet\u0173 ir gal\u0117site grei\u010diau patekti \u012f bilietus. I\u0161 anksto nusipirkti bilietai pad\u0117s lengvai prad\u0117ti \"Aqualand\" nuotykius.<\/p>\n<p>\ud83d\ude8c <strong>Nemokamas \"Aqualand\" perve\u017eimas:<\/strong> Pasinaudokite i\u0161skirtin\u0117mis \"Aqualand\" nemokamomis perve\u017eimo paslaugomis ir lengvai nuvykite i\u0161 \u012fvairi\u0173 piet\u0173 Tenerif\u0117s viet\u0173.<\/p>\n<p>\ud83c\udf1f <strong>I\u0161skirtin\u0117s CanaryVIP privilegijos:<\/strong> U\u017esisakydami \"Aqualand\" bilietus su mumis, m\u0117gaukit\u0117s specialiomis nuolaidomis ir privilegijomis! Tiek suaugusieji, tiek vaikai gali tik\u0117tis nepakartojam\u0173 pramog\u0173 u\u017e konkurencing\u0105 kain\u0105.<\/p>\n<ul>\n<li><strong>Momentin\u0117s nuolaidos:<\/strong> U\u017etikrinkite bilietus per CanaryVIP ir i\u0161 karto sutaupykite.<\/li>\n<li><strong>Pirmenybin\u0117 prieiga:<\/strong> Aplenkite eiles ir pasinerkite tiesiai \u012f veiksm\u0105.<\/li>\n<li><strong>Vert\u0117s pasi\u016blymai:<\/strong> Atkreipkite d\u0117mes\u012f \u012f m\u016bs\u0173 kombinuotus pasi\u016blymus su <a href=\"https:\/\/canaryvip.com\/lt\/shop\/aqualand-jungle-park-2park\/\">\"Aqualand\" ir d\u017eiungli\u0173 parkas<\/a>, taip maksimaliai padidindami savo malonum\u0105 ir taupydami pinigus.<\/li>\n<li><strong>Lankstus at\u0161aukimas:<\/strong> Planai pasikeit\u0117? At\u0161aukite likus ne daugiau kaip 72 valandoms iki apsilankymo ir atgausite vis\u0105 sumok\u0117t\u0105 sum\u0105.<\/li>\n<\/ul>\n<p>\ud83d\udc2c <strong>Delfin\u0173 \u0161ou, kur\u012f b\u016btina pamatyti:<\/strong> Nepraleiskite kasdien 15:30 val. vykstan\u010di\u0173 kerin\u010di\u0173 delfin\u0173 pasirodym\u0173, kurie yra nemokami kartu su \u012f\u0117jimu \u012f park\u0105.<\/p>\n<p>\ud83d\udc6a <strong>\u0160eimai draugi\u0161kos pramogos:<\/strong> \"Aqualand\" si\u016blo puik\u0173 \u012fsp\u016bding\u0173 nusileidimo kalneli\u0173 adrenalino ie\u0161kotojams ir \u0161velni\u0173 \u017eaidim\u0173 zon\u0173 ma\u017eyliams derin\u012f, u\u017etikrinant\u012f \u012fsimintin\u0105 dien\u0105 visai \u0161eimai.<\/p>\n<h2>\ud83d\ude8c I\u0161skirtin\u0117 \"Aqualand\" perve\u017eimo paslauga<\/h2>\n<p><strong>Sklandi perve\u017eimo patirtis:<\/strong> Pagerinkite savo apsilankym\u0105 \"Aqualand\", naudodamiesi m\u016bs\u0173 nemokamu perve\u017eimu, kad \u012f park\u0105 keliautum\u0117te be streso. Pasid\u017eiaukite m\u016bs\u0173 nemokamu autobusu, kuris skland\u017eiai sujungia Los Cristianos, Playa De las Am\u00e9ricas ir Kosta Adeje, kad gal\u0117tum\u0117te be vargo praleisti maloni\u0105 dien\u0105.<\/p>\n<p><span style=\"text-decoration: underline;\"><strong>Nemokamo perve\u017eimo tvarkara\u0161tis:<\/strong><\/span><\/p>\n<ul>\n<li><strong>Mar\u0161rutai:<\/strong> Los Cristianos - Playa De las Am\u00e9ricas - Costa Adeje<\/li>\n<li><strong>Autobus\u0173 stotel\u0117s ir laikai:<\/strong>\n<ul>\n<li>Prekybos centras \"Pasarela\": 9:30 | 10:30 | 11:30<\/li>\n<li>Vie\u0161butis Sol Arona Tenerif\u0117: 9:35 | 10:35 | 11:35<\/li>\n<li>Vie\u0161butis \"Best Tenerife\": 9:40 | 10:40 | 11:40<\/li>\n<li>Baras \"Leonardo's\": 9:45 | 10:45 | 11:45<\/li>\n<li>Llanos de Troya gatv\u0117: 9:50 | 10:50 | 11:50<\/li>\n<li>H. Labranda Suites Costa Adeje: 10:05 | 11:05 | 12:05<\/li>\n<li>Prekybos centras \"The Duke Shops\": 10:05 | 11:05 | 12:05<\/li>\n<li>Vie\u0161butis \"Sunwing Fa\u00f1ab\u00e9\": 10:10 | 11:10 | 12:10<\/li>\n<\/ul>\n<\/li>\n<\/ul>\n<p><strong>Gr\u012f\u017eimo laikas:<\/strong> 16:30 ir 17:15 val.<\/p>\n<p>Atkreipkite d\u0117mes\u012f, kad viet\u0173 skai\u010dius kiekviename mar\u0161rutiniame transporte yra ribotas ir jos u\u017epildomos pagal eili\u0161kum\u0105 be i\u0161ankstinio u\u017esakymo. Pasir\u016bpinkite, kad \"Aqualand\" nuotykiai prasid\u0117t\u0173 ir baigt\u0173si be r\u016bpes\u010di\u0173, anksti atvyk\u0119 \u012f nurodyt\u0105 pa\u0117mimo viet\u0105.<\/p>\n<h3>\ud83d\udd25 <strong>Nepraleiskite progos: I\u0161skirtiniai pasi\u016blymai CanaryVIP.com<\/strong><\/h3>\n<p>Pasiruo\u0161\u0119 \u012fsp\u016bd\u017ei\u0173 dienai Aqualand Kosta Adech\u0117je?<\/p>\n<p>Knyga su <strong>CanaryVIP<\/strong> u\u017e geriausias kainas ir be r\u016bpes\u010di\u0173, su specialiais pasi\u016blymais ir palankia at\u0161aukimo politika. Pasid\u017eiaukite ir sukurkite nepamir\u0161tamus prisiminimus!<\/p>","protected":false},"excerpt":{"rendered":"<p><strong>\ud83d\udd0d Aqualand \u012f\u0117jimo bilietai:<\/strong><br \/>\n\u2705 Saugus mok\u0117jimas.<br \/>\n\ud83d\ude80 Greitasis \u012fva\u017eiavimas leidim\u0173 tur\u0117tojams.<br \/>\n\ud83c\udf0a Galimyb\u0117 naudotis visomis \u012fdomiomis atrakcijomis.<br \/>\n\ud83d\udc2c \u012etrauktas delfin\u0173 \u0161ou.<br \/>\n\ud83d\udd59 Dirbame nuo 10:00 iki 17:00 val.<br \/>\n\ud83e\udd11 Garantuojama geriausia kaina.<br \/>\n\ud83d\ude8d Nemokamas autobusas.<br \/>\n\ud83d\udc6a Nuolaidos grupiniams u\u017esakymams.<br \/>\n\ud83d\udd01 Iki 72h At\u0161aukimas.<br \/>\n\ud83c\udf0d Parama keliomis kalbomis.<br \/>\n\ud83c\udf1f Rezervuokite dabar ir sutaupykite!<br \/>\n\ud83d\udccd Rasti <a href=\"https:\/\/maps.app.goo.gl\/A5TcFcUtHUGD1ykJ7\">Aqualand \u017eem\u0117lapiuose<\/a>.<\/p>","protected":false},"featured_media":9492,"comment_status":"open","ping_status":"closed","template":"","meta":{"_acf_changed":false},"product_brand":[],"product_cat":[54],"product_tag":[],"class_list":{"0":"post-9488","1":"product","2":"type-product","3":"status-publish","4":"has-post-thumbnail","6":"product_cat-theme-parks","7":"wcpa_has_options","9":"first","10":"instock","11":"virtual","12":"purchasable","13":"product-type-simple"},"acf":[],"wcpa_form_fields":{"wcpaData":{"product":{"product_price":36,"price_html":"From&nbsp;<span class=\"woocommerce-Price-amount amount\"><bdi>36,00&nbsp;<span class=\"woocommerce-Price-currencySymbol\">&euro;<\/span><\/bdi><\/span>","original_product_price":36,"price_including_tax":36,"price_excluding_tax":36,"product_id":{"parent":9488,"variation":false},"is_variable":false,"stock_status":"instock","stock_quantity":null,"parent_sku":"CV9488","product_attributes":[],"custom_fields":[],"is_taxable":false,"product_name":"Buy Aqualand Tickets","hasImage":false},"fields":{"sec_665df45fcbc30e":{"extra":{"key":"sec_665df45fcbc30e","section_id":"sec_665df45fcbc30e","name":"Aqualand Tickets","status":1,"cl_rule":"show","enableCl":false,"relations":[{"operator":false,"rules":[{"operator":"AND","rules":{"cl_field":"radio-group_665df45fcbc30b","cl_relation":"is","cl_val":"Siam Park Regular Tickets"}}]}],"toggle":true,"title_tag":"h4","show_title":false,"showPrice":"default","form_id":10143,"form_rules":{"exclude_from_discount":true,"fee_label":"Fee","disp_hide_options_price":true,"disp_show_section_price":false,"disp_show_field_price":true,"layout_option":"standard","pric_use_as_fee":false,"process_fee_as":"woo_fee"},"layout_option":"standard"},"fields":[[{"label":"\ud83d\udcc5 Date","active":true,"required":true,"elementId":"date_365df45fcbc347","picker_type":"custom","picker_mode":"single","placeholder":"","description":"","tooltip":"","name":"date_365df45fcbc347","label_position":"default","desc_position":"default","enablePrice":false,"className":"","enableCl":false,"relations":[{"operator":"and","rules":[{"operator":"AND","rules":{"cl_field":"radio-group_665df45fcbc30b","cl_relation":"is","cl_val":"3 Hour Trip"}}]}],"date_pic_inline":true,"date_pic_inline_hide":true,"min_date":{"type":"days","val":"0"},"max_date":{"type":"days","val":"365"},"date_pic_conf":{"disabledWeeks":[]},"price":"","cl_rule":"show","col":6,"type":"date","error":false,"enableDesign":false,"LabelColor":"","gt_translate_keys":["label","placeholder","description","tooltip"],"price_dependency":false,"cl_dependency":false,"value":""}],[{"elementId":"separator_865df45fcbc360","separatorType":"blank","className":"","height":"10","enableCl":false,"relations":false,"cl_rule":"show","col":6,"type":"separator","gt_translate_keys":[],"price_dependency":false,"cl_dependency":false,"value":""}],[{"active":true,"col":6,"relations":false,"cl_rule":"show","enableCl":false,"price":"","enablePrice":false,"className":"","label_position":"default","desc_position":"default","type":"content","required":false,"elementId":"content_265df45fcbc377","label":"People","name":"content_265df45fcbc377","contentType":"plain","value":"","error":false,"show_in_checkout":true,"inline":false,"gt_translate_keys":["label","value"],"price_dependency":false,"cl_dependency":false}],[{"active":true,"col":6,"relations":[{"operator":false,"rules":[{"operator":"AND","rules":{"cl_field":"","cl_relation":"","cl_val":""}}]}],"cl_rule":"show","enableCl":true,"price":"36","enablePrice":true,"className":"","label_position":"default","desc_position":"default","type":"radio-group","required":false,"elementId":"radio-group_365df45fcbc390","label":"","name":"radio-group_365df45fcbc390","values":[{"label":"\ud83d\udc64 Adult (36\u20ac)","value":"Adult","selected":true,"tempId":"aco_32","tooltip":"+11 Years","description":"","gt_translate_keys":["label","tooltip","description"]}],"layOut":"","error":false,"checkUi":"button","priceOptions":"fixed_for_all","pricingType":"fixed","enable_quantity":true,"quantity_label":"","min_quantity":"0","options_tooltip":true,"options_description":true,"gt_translate_keys":["label","quantity_label"],"price_dependency":false,"cl_dependency":false,"value":""}],[{"label":"","active":true,"required":false,"elementId":"radio-group_565df45fcbc3a8","name":"radio-group_565df45fcbc3a8","label_position":"default","desc_position":"default","enablePrice":true,"className":"","enableCl":false,"relations":false,"enable_quantity":true,"quantity_label":"","min_quantity":"0","checkUi":"button","layOut":"","values":[{"label":"\ud83d\udc66 Child (29\u20ac)","value":"Child","selected":true,"tempId":"aco_32","tooltip":"5-10 Years","description":"","gt_translate_keys":["label","tooltip","description"]}],"priceOptions":"fixed_for_all","pricingType":"fixed","price":"29","cl_rule":"show","col":6,"type":"radio-group","error":false,"options_tooltip":true,"options_description":true,"gt_translate_keys":["label","quantity_label"],"price_dependency":false,"cl_dependency":false,"value":""}],[{"label":"","active":true,"required":false,"elementId":"radio-group_865df45fcbc3bf","name":"radio-group_865df45fcbc3bf","label_position":"default","desc_position":"default","enablePrice":true,"className":"","enableCl":false,"relations":false,"enable_quantity":true,"quantity_label":"","min_quantity":"0","checkUi":"button","layOut":"","values":[{"label":"\ud83d\udc76 Toddler (16\u20ac)","value":"Toddler","selected":true,"tempId":"aco_32","tooltip":"3-4 Years","gt_translate_keys":["label","tooltip"]}],"priceOptions":"fixed_for_all","pricingType":"fixed","price":"16","cl_rule":"show","col":6,"type":"radio-group","error":false,"options_tooltip":true,"gt_translate_keys":["label","quantity_label"],"price_dependency":false,"cl_dependency":false,"value":""}]]}},"config":{"price_override":"always","enable_recaptcha":false,"bind_quantity":false,"quantity_bind_formula":false,"disp_summ_show_option_price":true,"disp_summ_show_product_price":false,"disp_summ_show_total_price":true,"disp_summ_show_fee":true,"disp_summ_show_discount":true,"summary_title":"","options_total_label":"Options Price","total_label":"Total Amount","options_product_label":"Product Price","fee_label":"Fee","discount_label":"Discount","has_price":true,"has_quantity_formula":false},"mc_unit":1,"tax_rate":1,"tax_rate_real":1,"discount":{"percentage":0,"fixed":0},"design":{"conf":{"LabelPosition":"above","DescPosition":"above","UploadField":"custom_1","QuantityFieldStyle":"custom_1"},"css":{"LeftLabelWidth":"120px"}},"formulas":[],"lookuptables":[],"clones":false,"cartKey":false}},"_links":{"self":[{"href":"https:\/\/canaryvip.com\/lt\/wp-json\/wp\/v2\/product\/9488","targetHints":{"allow":["GET"]}}],"collection":[{"href":"https:\/\/canaryvip.com\/lt\/wp-json\/wp\/v2\/product"}],"about":[{"href":"https:\/\/canaryvip.com\/lt\/wp-json\/wp\/v2\/types\/product"}],"replies":[{"embeddable":true,"href":"https:\/\/canaryvip.com\/lt\/wp-json\/wp\/v2\/comments?post=9488"}],"wp:featuredmedia":[{"embeddable":true,"href":"https:\/\/canaryvip.com\/lt\/wp-json\/wp\/v2\/media\/9492"}],"wp:attachment":[{"href":"https:\/\/canaryvip.com\/lt\/wp-json\/wp\/v2\/media?parent=9488"}],"wp:term":[{"taxonomy":"product_brand","embeddable":true,"href":"https:\/\/canaryvip.com\/lt\/wp-json\/wp\/v2\/product_brand?post=9488"},{"taxonomy":"product_cat","embeddable":true,"href":"https:\/\/canaryvip.com\/lt\/wp-json\/wp\/v2\/product_cat?post=9488"},{"taxonomy":"product_tag","embeddable":true,"href":"https:\/\/canaryvip.com\/lt\/wp-json\/wp\/v2\/product_tag?post=9488"}],"curies":[{"name":"wp","href":"https:\/\/api.w.org\/{rel}","templated":true}]}}