{"id":9435,"date":"2024-02-05T14:39:59","date_gmt":"2024-02-05T14:39:59","guid":{"rendered":"https:\/\/canaryvip.com\/?post_type=product&#038;p=9435"},"modified":"2025-08-09T13:00:56","modified_gmt":"2025-08-09T12:00:56","slug":"tenerife-north-guided-bus-tour","status":"publish","type":"product","link":"https:\/\/canaryvip.com\/lt\/shop\/tenerife-north-guided-bus-tour\/","title":{"rendered":"Ekskursija autobusu po \u0160iaur\u0117s Tenerif\u0119"},"content":{"rendered":"<h2>\ud83d\ude8c <strong>Ekskursija autobusu po \u0161iaurin\u0119 Tenerif\u0117s dal\u012f: Santa Krusas + Taganana + La Laguna<\/strong><\/h2>\n<p>Leiskit\u0117s \u012f u\u017eburian\u010di\u0105 kelion\u0119 su <strong>CanaryVIP<\/strong> tyrin\u0117ti \u0161iaurinius Tenerif\u0117s lobius. \u0160i visos dienos ekskursija autobusu su gidu jus nuves i\u0161 gyvybingos sostin\u0117s Santa Kruso \u012f \u017eav\u0173 Tagananos kaimel\u012f ir \u012f UNESCO pasaulio paveldo objekt\u0105 La Lagun\u0105. Pasinerkite \u012f Tenerif\u0117s kult\u016bros, istorijos ir kvap\u0105 gniau\u017eian\u010di\u0173 kra\u0161tovaizd\u017ei\u0173 \u0161ird\u012f.<\/p>\n<h3><strong>Svarbiausi kelion\u0117s akcentai: Tenerif\u0117s lobi\u0173 gobelenas<\/strong><\/h3>\n<ul>\n<li>\ud83c\udfd9\ufe0f <a href=\"https:\/\/www.google.com\/maps\/place\/Santa+Cruz+de+Tenerife\/@28.4670039,-16.2853105,13z\/data=!4m6!3m5!1s0xc41cceccc254171:0x43111473d277e52e!8m2!3d28.4636296!4d-16.2518467!16zL20vMDFyc2pz?entry=ttu\" target=\"_blank\" rel=\"noopener\"><strong>Santa Krusas<\/strong><\/a>: Prad\u0117kite savo nuotykius \u0160iaur\u0117s Tenerif\u0117je ir pasinerkite \u012f istorin\u012f sostin\u0117s senamiest\u012f, pasinerkite \u012f \u017eavingas jo gatveles ir susipa\u017einkite su turtingu kult\u016briniu paveldu, kur\u012f si\u016blo \u0161is triuk\u0161mingas miestas.<\/li>\n<li>\ud83c\udf0a <strong><a href=\"https:\/\/www.google.com\/maps\/place\/Playa+de+Las+Teresitas+(Santa+Cruz+de+Tenerife)\/@28.5080068,-16.1869497,17z\/data=!3m1!4b1!4m6!3m5!1s0xc41ca38d1d9c17f:0x5694f9ae1bd14e6b!8m2!3d28.5097119!4d-16.1847441!16s%2Fm%2F0c416zk?entry=ttu\" target=\"_blank\" rel=\"noopener\">Playa de las Teresitas<\/a>:<\/strong> Keliaukite pro auksin\u012f Las Teresitas sm\u0117l\u012f (be sustojimo), kad pamatytum\u0117te vien\u0105 gra\u017eiausi\u0173 salos papl\u016bdimi\u0173.<\/li>\n<li>\ud83c\udf7d\ufe0f <strong><a href=\"https:\/\/www.google.com\/maps\/place\/Taganana,+Santa+Cruz+de+Tenerife\/@28.5555629,-16.2355488,14z\/data=!3m1!4b1!4m6!3m5!1s0xc41c91b2021132f:0xbc8e645ff453ea87!8m2!3d28.5605853!4d-16.2181647!16s%2Fg%2F121pw4ll?entry=ttu\" target=\"_blank\" rel=\"noopener\">Tagananos kaimas<\/a>:<\/strong> Paragaukite vietin\u0117s virtuv\u0117s patiekal\u0173 \u0161iame keistame Kanar\u0173 kaime, kuriame tradicijos ir dvasia i\u0161lieka nepaliesti. (Maitinimas ne\u012fskai\u010diuotas \u012f kain\u0105)<\/li>\n<li>\ud83c\udf32 <strong><a href=\"https:\/\/www.google.com\/maps\/place\/Monte+de+las+Mercedes\/@28.5383325,-16.3344664,15z\/data=!3m1!4b1!4m6!3m5!1s0xc41ce3f4722ad77:0x4e14fd9dc5ce9ff!8m2!3d28.5383333!4d-16.3241667!16s%2Fg%2F11cn5qs82s?entry=ttu\" target=\"_blank\" rel=\"noopener\">Monte de las Mercedes<\/a>:<\/strong> Keliaukite per \u012fsp\u016bdingus kra\u0161tovaizd\u017eius, kur gamtos gro\u017eis atsiskleid\u017eia pa\u010dioje Tenerif\u0117s \u0161irdyje.<\/li>\n<li>\ud83c\udfdb\ufe0f <strong><a href=\"https:\/\/www.google.com\/maps\/place\/La+Laguna,+Santa+Cruz+de+Tenerife\/@28.4697954,-16.3289548,14z\/data=!3m1!4b1!4m6!3m5!1s0xc41cdeccdcfeaf5:0x54a9fe4642667870!8m2!3d28.4874009!4d-16.3159061!16zL20vMDZ3Znh6?entry=ttu\" target=\"_blank\" rel=\"noopener\">La Laguna<\/a>:<\/strong> Kelion\u0119 u\u017ebaigsite istoriniame ir vaizdingame universitetiniame mieste, \u012ftrauktame \u012f UNESCO pasaulio paveldo s\u0105ra\u0161\u0105 ir gars\u0117jan\u010diame savo unikaliu gro\u017eiu.<\/li>\n<\/ul>\n<h3><strong>J\u016bs\u0173 kelion\u0117 su CanaryVIP apima:<\/strong><\/h3>\n<ul>\n<li>\ud83d\ude8c Vaizdingas ir <strong>patogi kelion\u0117 autobusu,<\/strong>\u00a0, tod\u0117l kelion\u0117 po \u0161iaurinius Tenerif\u0117s kra\u0161tovaizd\u017eius bus maloni.<\/li>\n<li>\ud83c\udfe8 Patogu <strong>pa\u0117mimo ir i\u0161ve\u017eimo paslauga<\/strong> i\u0161 j\u016bs\u0173 vie\u0161bu\u010dio, kad gal\u0117tum\u0117te be vargo keliauti.<\/li>\n<li>\ud83d\udde3\ufe0f \u012e\u017evalgus <strong>daugiakalbi\u0173 gid\u0173 nurodymus,<\/strong>\u00a0, praturtindamas j\u016bs\u0173 kelion\u0119 \u012fdomiomis istorijomis ir faktais.<\/li>\n<li>\ud83d\udd52 An <strong>8 valand\u0173 kelion\u0117<\/strong> daugyb\u0117 galimybi\u0173 tyrin\u0117ti, pavalgyti ir pa\u017einti Tenerif\u0117s esm\u0119.<\/li>\n<li>\ud83d\udcf8 <strong>Puikios akimirkos<\/strong> kiekviename \u017eingsnyje, kad namo parsive\u017etum\u0117te prisiminimus, kurie i\u0161liks visam gyvenimui.<\/li>\n<li>\ud83d\udcb0 CanaryVIP pa\u017eadas <strong>geriausia kaina,<\/strong>\u00a0, taip pat lanks\u010di\u0105 at\u0161aukimo politik\u0105, kad b\u016btum\u0117te ram\u016bs.<\/li>\n<\/ul>\n<h3><strong>Pagrindin\u0117 informacija apie ekskursij\u0105:<\/strong><\/h3>\n<ul>\n<li>\ud83c\udf9f\ufe0f Kad kelion\u0117 vykt\u0173 skland\u017eiai, tur\u0117kite po ranka skaitmenin\u012f arba spausdint\u0105 CanaryVIP biliet\u0105.<\/li>\n<li>\ud83e\udde5 Apsirenkite sluoksniais, nes Tenerif\u0117s kra\u0161tovaizd\u017eio \u012fvairov\u0117 lemia besikei\u010dian\u010dias oro s\u0105lygas.<\/li>\n<li>\ud83c\udf7d\ufe0f M\u0117gaukit\u0117s piet\u0173 pertrauka Tagananoje, kur galite rinktis i\u0161 vietini\u0173 restoran\u0173. (Piet\u016bs \u012f kain\u0105 ne\u012fskai\u010diuoti)<\/li>\n<li>\ud83d\udccc Konkretus pa\u0117mimo laikas, pritaikytas j\u016bs\u0173 vie\u0161bu\u010diui arba pa\u0117mimo vietai, bus patvirtintas po u\u017esakymo. \u012esitikinkite, kad j\u016bs\u0173 apgyvendinimo duomenys yra tiksl\u016bs, kad kelion\u0117s organizavimas b\u016bt\u0173 sklandus.<\/li>\n<\/ul>\n<h3><strong>At\u0161aukimo politika:<\/strong><\/h3>\n<ul>\n<li>\ud83d\udd04 <strong>Lankstus individualus at\u0161aukimas:<\/strong> Supraskite gyvenimo nenusp\u0117jamum\u0105 naudodamiesi paprasta at\u0161aukimo politika. At\u0161aukite u\u017esakym\u0105 likus ne daugiau kaip 24 valandoms iki ekskursijos ir atgaukite vis\u0105 sumok\u0117t\u0105 sum\u0105, tod\u0117l gal\u0117site laisvai koreguoti savo planus.<\/li>\n<li>\ud83d\udd52 <strong>Grup\u0117s at\u0161aukimo lankstumas:<\/strong> Keliaujate su grupe? Mes jums pad\u0117sime. 5-7 asmen\u0173 grup\u0117ms kelion\u0119 galima nemokamai at\u0161aukti likus 48 valandoms iki ekskursijos. 8-14 asmen\u0173 grup\u0117s turi at\u0161aukti kelion\u0119 likus ne ma\u017eiau kaip 4 dienoms iki kelion\u0117s, kad b\u016bt\u0173 gr\u0105\u017einti visi pinigai, o 15 ir daugiau asmen\u0173 grup\u0117s tur\u0117t\u0173 prane\u0161ti prie\u0161 6 dienas iki kelion\u0117s, kad i\u0161vengt\u0173 at\u0161aukimo mokes\u010dio. \u0160ios s\u0105lygos sukurtos siekiant prisitaikyti prie didesni\u0173 grupi\u0173, kad kelion\u0117s planavimas b\u016bt\u0173 sklandesnis visiems dalyviams.<\/li>\n<li>\ud83d\udca1 <strong>Paprastas at\u0161aukimo procesas:<\/strong> Nesvarbu, ar norite at\u0161aukti individualiai, ar kaip grup\u0117, procesas yra paprastas. Susisiekite su mumis m\u016bs\u0173 svetain\u0117je, el. pa\u0161tu arba telefonu. Nedelsdami sutvarkysime j\u016bs\u0173 pinig\u0173 gr\u0105\u017einim\u0105 ir u\u017etikrinsime, kad jums nereik\u0117t\u0173 patirti joki\u0173 r\u016bpes\u010di\u0173.<\/li>\n<li>\ud83d\udd0d <strong>Patikrinkite savo u\u017esakym\u0105:<\/strong> Rekomenduojame i\u0161 anksto per\u017ei\u016br\u0117ti u\u017esakymo informacij\u0105. \u0160is aktyvus \u017eingsnis u\u017etikrina, kad bet kokius pakeitimus ar at\u0161aukimus b\u016bt\u0173 galima atlikti per reikiam\u0105 laik\u0105 ir taip i\u0161vengti nereikaling\u0173 mokes\u010di\u0173.<\/li>\n<\/ul>\n<h4><strong>Pagalba ir atsakomyb\u0117 kelion\u0117s metu:<\/strong><\/h4>\n<ul>\n<li>\u2714\ufe0f CanaryVIP siekia pasi\u016blyti \u012fsimintin\u0105 ir skland\u017ei\u0105 kelion\u0117s patirt\u012f - nuo u\u017esakymo iki pa\u017einimo.<\/li>\n<li>\ud83d\udde3\ufe0f <strong>Tiesioginis bendravimas:<\/strong> Ar turite klausim\u0173 arba poreiki\u0173 kelion\u0117s metu? M\u016bs\u0173 gidai pad\u0117s jums kiekviename \u017eingsnyje.<\/li>\n<li>\ud83d\udcb0 <strong>Ai\u0161ki pinig\u0173 gr\u0105\u017einimo politika:<\/strong> Jei i\u0161kilt\u0173 koki\u0173 nors problem\u0173, esame \u012fsipareigoj\u0119 jas i\u0161spr\u0119sti laikydamiesi savo politikos, pagal kuri\u0105 svarbiausia - klientas.<\/li>\n<\/ul>\n<h4><strong>\ud83c\udfd9\ufe0f \ud83c\udf7d\ufe0f \ud83c\udfdb\ufe0f U\u017esisakykite savo \u0160iaur\u0117s nuotykius dabar!<\/strong><\/h4>\n<p>Nepraleiskite pro akis \u0161ios unikalios progos susipa\u017einti su \u0161iauriniais Tenerif\u0117s brangakmeniais. U\u017esisakykite savo viet\u0105 Tenerif\u0117s \u0161iaur\u0117je <a href=\"https:\/\/canaryvip.com\/lt\/tenerife\/guided-tours\/bus-tours\/?swcfpc=1\">Ekskursija autobusu su gidu<\/a> su CanaryVIP \u0161iandien ir pasiruo\u0161kite nepamir\u0161tamam kult\u016bros, istorijos ir gamtos gro\u017eio tyrin\u0117jimui. J\u016bs\u0173 laukia nuotykiai Santa Kruze, Tagananoje ir La Lag\u016bnoje!<\/p>","protected":false},"excerpt":{"rendered":"<p><strong>\ud83d\udd0d Tenerif\u0117s \u0161iaurin\u0117s dalies turas:<\/strong><br \/>\n\u2705 Saugus mok\u0117jimas.<br \/>\n\ud83d\ude80 M\u0117gaukit\u0117s ekskursija su gidu.<br \/>\n\ud83c\udfe2 Atraskite Santa Krus\u0105.<br \/>\n\ud83c\udf33 Atraskite Anagos park\u0105 Tagananoje.<br \/>\n\ud83c\udff0 Atraskite La Lagun\u0105.<br \/>\n\ud83d\udcc5 Pirmadieniais ir ketvirtadieniais.<br \/>\n\ud83d\udd59 8h nuotykis.<br \/>\n\u23f0 Prasideda apie 8:00 val.<br \/>\n\ud83e\udd11 Garantuojama geriausia kaina.<br \/>\n\ud83d\ude8d Pasi\u0117mimas i\u0161 vie\u0161bu\u010dio ir i\u0161ve\u017eimas.<br \/>\n\ud83d\udc6a Nuolaidos grupiniams u\u017esakymams.<br \/>\n\ud83d\udd01 Nemokamas at\u0161aukimas iki 24 val.<br \/>\n\ud83c\udf0d Vadovas j\u016bs\u0173 kalba.<br \/>\n\ud83c\udf1f Rezervuokite dabar ir sutaupykite!<\/p>","protected":false},"featured_media":9439,"comment_status":"open","ping_status":"closed","template":"","meta":{"_acf_changed":false},"product_brand":[],"product_cat":[52,68],"product_tag":[],"class_list":{"0":"post-9435","1":"product","2":"type-product","3":"status-publish","4":"has-post-thumbnail","6":"product_cat-bus-tours","7":"product_cat-guided-tours","8":"wcpa_has_options","10":"first","11":"instock","12":"virtual","13":"purchasable","14":"product-type-simple"},"acf":[],"wcpa_form_fields":{"wcpaData":{"product":{"product_price":46,"price_html":"From&nbsp;<span class=\"woocommerce-Price-amount amount\"><bdi>46,00&nbsp;<span class=\"woocommerce-Price-currencySymbol\">&euro;<\/span><\/bdi><\/span>","original_product_price":46,"price_including_tax":46,"price_excluding_tax":46,"product_id":{"parent":9435,"variation":false},"is_variable":false,"stock_status":"instock","stock_quantity":null,"parent_sku":"CV9435","product_attributes":[],"custom_fields":[],"is_taxable":false,"product_name":"North Tenerife Guided Bus Tour","hasImage":false},"fields":{"sec_hf2n2q14254":{"extra":{"key":"sec_hf2n2q14254","section_id":"sec_hf2n2q14254","name":"\ud83d\ude8c Pick-up Location","status":1,"cl_rule":"show","enableCl":false,"relations":[],"toggle":true,"title_tag":"h4","show_title":false,"showPrice":"default","form_id":10215,"form_rules":{"exclude_from_discount":true,"fee_label":"Fee","disp_hide_options_price":true,"disp_show_section_price":false,"disp_show_field_price":true,"layout_option":"standard","pric_use_as_fee":false,"process_fee_as":"woo_fee"},"layout_option":"standard"},"fields":[[{"active":true,"col":6,"relations":false,"cl_rule":"show","enableCl":false,"price":"","enablePrice":false,"className":"","label_position":"default","desc_position":"default","type":"radio-group","required":false,"elementId":"radio_9884051252","label":"\ud83d\ude8c Pick-up Location","name":"radio_9884051252","values":[{"label":"Pickup from South Tenerife (48\u20ac)","value":"Pickup from South Tenerife","selected":false,"tempId":"aco_343","description":"Available Mondays and Thursdays.","gt_translate_keys":["label","description"]},{"label":"Pickup from Puerto de la Cruz (48\u20ac)","value":"Pickup from North Tenerife","selected":false,"tempId":"aco_344","description":"Available Daily.","gt_translate_keys":["label","description"]}],"layOut":"","error":false,"checkUi":"toggle","description":"\u00bfAre you staying in South Tenerife or Puerto de la Cruz?","options_description":true,"isWeightTemplate":false,"isTemplate":false,"min_quantity":"1","quantity_decimal":false,"quantity_step":"1","quantity_label":"Quantity","repeater_field_label":"{field_label}","repeater_bind":"","gt_translate_keys":["label","description","repeater_field_label","quantity_label"],"price_dependency":false,"cl_dependency":[false,false],"value":""}]]},"sec_265e4c5e6ca654":{"extra":{"key":"sec_265e4c5e6ca654","section_id":"sec_265e4c5e6ca654","name":"South Tenerife","status":1,"cl_rule":"show","enableCl":true,"relations":[{"operator":false,"rules":[{"operator":"AND","rules":{"cl_field":"radio_9884051252","cl_relation":"is","cl_val":"Pickup from South Tenerife"}}]}],"toggle":true,"title_tag":"h4","show_title":false,"showPrice":"default","form_id":10215,"form_rules":{"exclude_from_discount":true,"fee_label":"Fee","disp_hide_options_price":true,"disp_show_section_price":false,"disp_show_field_price":true,"layout_option":"standard","pric_use_as_fee":false,"process_fee_as":"woo_fee"},"layout_option":"standard"},"fields":[[{"label":"\ud83d\udcc5 Date","active":true,"required":true,"elementId":"date_065e4c5e6ca673","picker_type":"custom","picker_mode":"single","placeholder":"","description":"","tooltip":"","name":"date_065e4c5e6ca673","label_position":"default","desc_position":"default","enablePrice":false,"className":"","enableCl":false,"relations":[{"operator":"and","rules":[{"operator":"AND","rules":{"cl_field":"radio-group_665df45fcbc30b","cl_relation":"is","cl_val":"3 Hour Trip"}}]}],"date_pic_inline":true,"date_pic_inline_hide":true,"min_date":{"type":"days","val":"1"},"max_date":{"type":"days","val":"365"},"date_pic_conf":{"disabledWeeks":[0,2,3,5,6]},"price":"","cl_rule":"show","col":6,"type":"date","error":false,"enableDesign":false,"LabelColor":"","isWeightTemplate":false,"isTemplate":false,"min_quantity":"1","quantity_decimal":false,"quantity_step":"1","quantity_label":"Quantity","repeater_field_label":"{field_label}","repeater_bind":"","gt_translate_keys":["label","placeholder","description","tooltip","repeater_field_label","quantity_label"],"price_dependency":false,"cl_dependency":false,"value":""}],[{"elementId":"separator_965e4c5e6ca683","separatorType":"blank","className":"","height":"10","enableCl":false,"relations":false,"cl_rule":"show","col":6,"type":"separator","gt_translate_keys":[],"price_dependency":false,"cl_dependency":false,"value":""}],[{"active":true,"col":6,"relations":false,"cl_rule":"show","enableCl":false,"price":"","enablePrice":false,"className":"","label_position":"default","desc_position":"default","type":"content","required":false,"elementId":"content_165e4c5e6ca690","label":"People","name":"content_165e4c5e6ca690","contentType":"plain","value":"","error":false,"show_in_checkout":true,"inline":false,"gt_translate_keys":["label","value"],"price_dependency":false,"cl_dependency":false}],[{"active":true,"col":6,"relations":[{"operator":false,"rules":[{"operator":"AND","rules":{"cl_field":"","cl_relation":"","cl_val":""}}]}],"cl_rule":"show","enableCl":true,"price":"48","enablePrice":true,"className":"","label_position":"default","desc_position":"default","type":"radio-group","required":false,"elementId":"radio-group_265e4c5e6ca69d","label":"","name":"radio-group_265e4c5e6ca69d","values":[{"label":"\ud83d\udc64 Adult (48\u20ac)","value":"Adult (48\u20ac)","selected":true,"tempId":"aco_32","tooltip":"+12 Years","description":"","gt_translate_keys":["label","tooltip","description"]}],"layOut":"","error":false,"checkUi":"button","priceOptions":"fixed_for_all","pricingType":"fixed","enable_quantity":true,"quantity_label":"","min_quantity":"0","options_tooltip":true,"options_description":true,"gt_translate_keys":["label","quantity_label"],"price_dependency":false,"cl_dependency":false,"value":""}],[{"label":"","active":true,"required":false,"elementId":"radio-group_965e4c5e6ca6a9","name":"radio-group_965e4c5e6ca6a9","label_position":"default","desc_position":"default","enablePrice":true,"className":"","enableCl":false,"relations":false,"enable_quantity":true,"quantity_label":"","min_quantity":"0","checkUi":"button","layOut":"","values":[{"label":"\ud83d\udc66 Child (30\u20ac)","value":"Child (30\u20ac)","selected":true,"tempId":"aco_32","tooltip":"2-11 Years","description":"","gt_translate_keys":["label","tooltip","description"]}],"priceOptions":"fixed_for_all","pricingType":"fixed","price":"30","cl_rule":"show","col":6,"type":"radio-group","error":false,"options_tooltip":true,"options_description":true,"gt_translate_keys":["label","quantity_label"],"price_dependency":false,"cl_dependency":false,"value":""}],[{"active":true,"col":6,"relations":false,"cl_rule":"show","enableCl":false,"price":"","enablePrice":false,"className":"","label_position":"default","desc_position":"default","type":"select","required":false,"elementId":"select_165e4c5e6ca6b3","label":"\ud83c\udf0e Language","name":"select_165e4c5e6ca6b3","values":[{"label":"English (Mon, Thu)","value":"English","selected":false,"tempId":"aco_596","gt_translate_keys":["label"]},{"label":"Spanish (Mon, Thu)","value":"Spanish","selected":false,"tempId":"aco_597","gt_translate_keys":["label"]},{"label":"German (Thu)","value":"German","selected":false,"tempId":"aco_598","gt_translate_keys":["label"]},{"label":"French (Mon)","value":"French","selected":false,"tempId":"aco_145","gt_translate_keys":["label"]}],"dropdown_type":"basic","error":false,"gt_translate_keys":["label"],"price_dependency":false,"cl_dependency":false,"value":""}],[{"active":true,"col":6,"relations":false,"cl_rule":"show","enableCl":false,"price":"","enablePrice":false,"className":"","label_position":"default","desc_position":"default","type":"separator","required":false,"elementId":"separator_1065e4c5e6ca6be","label":"Separator Field","height":"7","separatorType":"blank","error":false,"gt_translate_keys":["label"],"price_dependency":false,"cl_dependency":false,"value":""}],[{"active":true,"col":6,"relations":false,"cl_rule":"show","enableCl":false,"price":"","enablePrice":false,"className":"","label_position":"default","desc_position":"default","type":"text","subtype":"text","required":false,"elementId":"text_465e4c5e6ca6c8","label":"\ud83d\ude8c Pickup Location","name":"text_465e4c5e6ca6c8","value":"","description":"Pick-up service in South Tenerife. Simply provide your address or hotel name.","error":false,"gt_translate_keys":["label","description","value"],"price_dependency":false,"cl_dependency":false}]]},"sec_hf2o0212l0":{"extra":{"key":"sec_hf2o0212l0","section_id":"sec_hf2o0212l0","name":"North Tenerife","status":1,"cl_rule":"show","enableCl":true,"relations":[{"operator":false,"rules":[{"operator":"AND","rules":{"cl_field":"radio_9884051252","cl_relation":"is","cl_val":"Pickup from North Tenerife"}}]}],"toggle":true,"title_tag":"h4","show_title":false,"showPrice":"default","form_id":10215,"form_rules":{"exclude_from_discount":true,"fee_label":"Fee","disp_hide_options_price":true,"disp_show_section_price":false,"disp_show_field_price":true,"layout_option":"standard","pric_use_as_fee":false,"process_fee_as":"woo_fee"},"layout_option":"standard"},"fields":[[{"label":"\ud83d\udcc5 Date","active":true,"required":true,"elementId":"date-0739311162","picker_type":"custom","picker_mode":"single","placeholder":"","description":"","tooltip":"","name":"date-0739311162","label_position":"default","desc_position":"default","enablePrice":false,"className":"","enableCl":false,"relations":[{"operator":"and","rules":[{"operator":"AND","rules":{"cl_field":"radio-group_665df45fcbc30b","cl_relation":"is","cl_val":"3 Hour Trip"}}]}],"enableDesign":false,"LabelColor":"","date_pic_inline":true,"date_pic_inline_hide":true,"min_date":{"type":"days","val":"2"},"max_date":{"type":"days","val":"365"},"date_pic_conf":{"disabledWeeks":[]},"price":"","cl_rule":"show","col":6,"type":"date","error":false,"gt_translate_keys":["label","placeholder","description","tooltip"],"price_dependency":false,"cl_dependency":false,"value":""}],[{"elementId":"separator-0739321163","separatorType":"blank","className":"","height":"10","enableCl":false,"relations":false,"cl_rule":"show","col":6,"type":"separator","gt_translate_keys":[],"price_dependency":false,"cl_dependency":false,"value":""}],[{"contentType":"plain","active":true,"label":"People","elementId":"content-0739321164","value":"","inline":false,"show_in_checkout":true,"name":"content-0739321164","enablePrice":false,"className":"","enableCl":false,"relations":false,"price":"","cl_rule":"show","col":6,"type":"content","gt_translate_keys":["label","value"],"price_dependency":false,"cl_dependency":false}],[{"label":"","active":true,"required":false,"elementId":"radio-group-0739321165","name":"radio-group-0739321165","label_position":"default","desc_position":"default","enablePrice":true,"className":"","enableCl":true,"relations":[{"operator":false,"rules":[{"operator":"AND","rules":{"cl_field":"","cl_relation":"","cl_val":""}}]}],"enable_quantity":true,"quantity_label":"","min_quantity":"0","checkUi":"button","layOut":"","options_tooltip":true,"options_description":true,"values":[{"label":"\ud83d\udc64 Adult (48\u20ac)","value":"Adult (48\u20ac)","selected":true,"tempId":"aco_32","tooltip":"+12 Years","description":"","gt_translate_keys":["label","tooltip","description"]}],"priceOptions":"fixed_for_all","pricingType":"fixed","price":"48","cl_rule":"show","col":6,"type":"radio-group","gt_translate_keys":["label","quantity_label"],"price_dependency":false,"cl_dependency":false,"value":""}],[{"label":"","active":true,"required":false,"elementId":"radio-group-0739331166","name":"radio-group-0739331166","label_position":"default","desc_position":"default","enablePrice":true,"className":"","enableCl":false,"relations":false,"enable_quantity":true,"quantity_label":"","min_quantity":"0","checkUi":"button","layOut":"","options_tooltip":true,"options_description":true,"values":[{"label":"\ud83d\udc66 Child (24,50\u20ac)","value":"Child","selected":true,"tempId":"aco_32","tooltip":"2-11 Years","description":"","gt_translate_keys":["label","tooltip","description"]}],"priceOptions":"fixed_for_all","pricingType":"fixed","price":"24,50","cl_rule":"show","col":6,"type":"radio-group","error":false,"gt_translate_keys":["label","quantity_label"],"price_dependency":false,"cl_dependency":false,"value":""}],[{"label":"\ud83c\udf0e Language","active":true,"required":false,"elementId":"select-0739351167","dropdown_type":"basic","name":"select-0739351167","label_position":"default","desc_position":"default","enablePrice":false,"className":"","enableCl":false,"relations":false,"values":[{"label":"English","value":"English","selected":false,"tempId":"aco_596","gt_translate_keys":["label"]},{"label":"Spanish","value":"Spanish","selected":false,"tempId":"aco_597","gt_translate_keys":["label"]},{"label":"German","value":"German","selected":false,"tempId":"aco_598","gt_translate_keys":["label"]},{"label":"French","value":"French","selected":false,"tempId":"aco_145","gt_translate_keys":["label"]}],"price":"","cl_rule":"show","col":6,"type":"select","error":false,"gt_translate_keys":["label"],"price_dependency":false,"cl_dependency":false,"value":""}],[{"elementId":"separator-0739351168","separatorType":"blank","className":"","height":"7","enableCl":false,"relations":false,"cl_rule":"show","col":6,"type":"separator","gt_translate_keys":[],"price_dependency":false,"cl_dependency":false,"value":""}],[{"label":"\ud83d\ude8c Pickup Location","active":true,"required":false,"elementId":"text-0739351169","value":"","description":"Pick-up service in North Tenerife. Simply provide your address or hotel name.","name":"text-0739351169","label_position":"default","desc_position":"default","enablePrice":false,"className":"","enableCl":false,"relations":false,"subtype":"text","price":"","cl_rule":"show","col":6,"type":"text","error":false,"gt_translate_keys":["label","description","value"],"price_dependency":false,"cl_dependency":false}]]}},"config":{"price_override":"always","enable_recaptcha":false,"bind_quantity":false,"quantity_bind_formula":false,"disp_summ_show_option_price":true,"disp_summ_show_product_price":false,"disp_summ_show_total_price":true,"disp_summ_show_fee":true,"disp_summ_show_discount":true,"summary_title":"","options_total_label":"Options Price","total_label":"Total Amount","options_product_label":"Product Price","fee_label":"Fee","discount_label":"Discount","has_price":true,"has_quantity_formula":false},"mc_unit":1,"tax_rate":1,"tax_rate_real":1,"discount":{"percentage":0,"fixed":0},"design":{"conf":{"LabelPosition":"above","DescPosition":"above","UploadField":"custom_1","QuantityFieldStyle":"custom_1"},"css":{"LeftLabelWidth":"120px"}},"formulas":[],"lookuptables":[],"clones":false,"cartKey":false}},"_links":{"self":[{"href":"https:\/\/canaryvip.com\/lt\/wp-json\/wp\/v2\/product\/9435","targetHints":{"allow":["GET"]}}],"collection":[{"href":"https:\/\/canaryvip.com\/lt\/wp-json\/wp\/v2\/product"}],"about":[{"href":"https:\/\/canaryvip.com\/lt\/wp-json\/wp\/v2\/types\/product"}],"replies":[{"embeddable":true,"href":"https:\/\/canaryvip.com\/lt\/wp-json\/wp\/v2\/comments?post=9435"}],"wp:featuredmedia":[{"embeddable":true,"href":"https:\/\/canaryvip.com\/lt\/wp-json\/wp\/v2\/media\/9439"}],"wp:attachment":[{"href":"https:\/\/canaryvip.com\/lt\/wp-json\/wp\/v2\/media?parent=9435"}],"wp:term":[{"taxonomy":"product_brand","embeddable":true,"href":"https:\/\/canaryvip.com\/lt\/wp-json\/wp\/v2\/product_brand?post=9435"},{"taxonomy":"product_cat","embeddable":true,"href":"https:\/\/canaryvip.com\/lt\/wp-json\/wp\/v2\/product_cat?post=9435"},{"taxonomy":"product_tag","embeddable":true,"href":"https:\/\/canaryvip.com\/lt\/wp-json\/wp\/v2\/product_tag?post=9435"}],"curies":[{"name":"wp","href":"https:\/\/api.w.org\/{rel}","templated":true}]}}