{"id":9428,"date":"2024-02-05T13:40:56","date_gmt":"2024-02-05T13:40:56","guid":{"rendered":"https:\/\/canaryvip.com\/?post_type=product&#038;p=9428"},"modified":"2025-08-09T13:01:57","modified_gmt":"2025-08-09T12:01:57","slug":"gran-canaria-experience-with-poema-del-mar","status":"publish","type":"product","link":"https:\/\/canaryvip.com\/lt\/shop\/gran-canaria-experience-with-poema-del-mar\/","title":{"rendered":"Ekskursija su gidu i\u0161 Tenerif\u0117s po Gran Kanarij\u0105 su \"Poema del Mar"},"content":{"rendered":"<h2>\ud83d\udc20 <strong>Gran Kanarijos patirtis: Visa diena tyrin\u0117jim\u0173<\/strong><\/h2>\n<ul>\n<li><strong>\ud83c\udfe8 Pasitikimas vie\u0161butyje ir i\u0161laipinimas:<\/strong> Patogiai prad\u0117kite ir u\u017ebaigkite dien\u0105. M\u016bs\u0173 paslauga apima ve\u017eim\u0105 i\u0161 vie\u0161bu\u010dio \u012f kelt\u0105 ir atgal.<\/li>\n<li><strong>\ud83d\udea2 Kelion\u0117 keltu:<\/strong> Keliaukite patogiai su Fred Olsen i\u0161 Santa Krus de Tenerif\u0117s \u012f <a href=\"https:\/\/www.google.com\/maps\/place\/Fred.+Olsen\/@28.0998592,-15.708991,15.51z\/data=!4m15!1m8!3m7!1s0xc408b65894cde91:0x2a021e37bef00582!2sAgaete,+Las+Palmas!3b1!8m2!3d28.1002592!4d-15.6996738!16zL20vMDNtczVu!3m5!1s0xc4095471a4e3083:0x7763d59b2d7b3eaf!8m2!3d28.0994937!4d-15.7121943!16s%2Fg%2F1q5bmfyx3?entry=ttu\" target=\"_blank\" rel=\"noopener\">Agaete<\/a>, patirti j\u016bros gro\u017e\u012f.<\/li>\n<li><strong>\ud83c\udf79 Arehucas Distiliavimo gamyklos atradimas:<\/strong> Atskleiskite i\u0161skirtinio romo gamybos paslaptis, aplankykite vien\u0105 seniausi\u0173 Europos romo r\u016bsi\u0173 ir m\u0117gaukit\u0117s nuostabia degustacija.<\/li>\n<li><strong>\ud83d\udc20 Pasinerkite \u012f Poema del Mar:<\/strong> Pa\u017einkite did\u017eiul\u0119 j\u016bros gyv\u016bnij\u0105 moderniame akvariume su did\u017eiausiu pasaulyje lenktu ap\u017evalgos skydu, \u012fsik\u016brusiame gyvybingame Las Palmase.<\/li>\n<\/ul>\n<p>\ud83d\udccd <strong>Vietos, kurias b\u016btina aplankyti:<\/strong> Keliaukite nuo turtingo Arehuko paveldo iki Poema del Mar vandens stebukl\u0173, kuri\u0173 kiekvienas si\u016blo unikal\u0173 \u017evilgsn\u012f \u012f Gran Kanarijos kult\u016br\u0105 ir gamtos gro\u017e\u012f.<\/p>\n<p>\ud83c\udf92 <strong>Nuotyki\u0173 pagrindai:<\/strong> Pasiimkite nuostabos jausm\u0105, patogius batus ir nepamir\u0161kite fotoaparato, kad gal\u0117tum\u0117te \u012fam\u017einti \u012fsimintinas dienos akimirkas.<\/p>\n<p>\ud83d\udca1 <strong>Kult\u016bros \u012f\u017evalgos:<\/strong> Su\u017einokite \u012fdomi\u0173 \u017eini\u0173 apie romo gamybos men\u0105 ir pasigro\u017e\u0117kite biologine \u012fvairove, esan\u010dia moderniose Poema del Mar ekspozicijose.<\/p>\n<p>\ud83c\udfab <strong>\"Viskas \u012fskai\u010diuota\" nuotykis:<\/strong> \u0160i visos dienos ekskursija apima pa\u0117mim\u0105 i\u0161 vie\u0161bu\u010dio ir i\u0161laipinim\u0105, kelion\u0119 Fredo Olseno keltu, \u012f\u0117jim\u0105 \u012f Poema del Mar ir ekskursij\u0105 p\u0117s\u010diomis po <a href=\"https:\/\/www.google.com\/maps\/place\/Vegueta,+35001+Las+Palmas+de+Gran+Canaria,+Las+Palmas\/@28.0980197,-15.4181459,17z\/data=!3m1!4b1!4m6!3m5!1s0xc40958cfffd3b6f:0x14a4665fe84d3b40!8m2!3d28.0980197!4d-15.415571!16s%2Fg%2F11bzq2sgf3?entry=ttu\" target=\"_blank\" rel=\"noopener\">Veguetos istorinis rajonas<\/a>. <span style=\"text-decoration: underline;\">Atkreipkite d\u0117mes\u012f, kad maitinimas ne\u012fskai\u010diuotas, tod\u0117l galite laisvai valgyti savo nuo\u017ei\u016bra.<\/span><\/p>\n<p>\ud83d\udeb6\u200d\u2642\ufe0f<strong>Istorin\u0117 Vegueta p\u0117s\u010diomis:<\/strong> Dien\u0105 u\u017ebaigsite pasivaik\u0161\u010diojimu su gidu \u017eavingomis Vegueta gatvel\u0117mis, pasinerdami \u012f turting\u0105 Gran Kanarijos senamies\u010dio istorij\u0105 ir nuostabi\u0105 architekt\u016br\u0105.<\/p>\n<p>\ud83d\udd57 <strong>Prad\u017eios ir pabaigos laikas:<\/strong> Vis\u0105 dien\u0105 truksiantis nuotykis prasideda nuo pa\u0117mimo i\u0161 vie\u0161bu\u010dio apie 8.00 val. ryto - plius minus kelios minut\u0117s, priklausomai nuo konkretaus vie\u0161bu\u010dio ar pa\u0117mimo vietos. Diena baigiasi i\u0161vykimu apie 20:30 val., v\u0117lgi, \u0161iek tiek priklausomai nuo vie\u0161bu\u010dio. U\u017etikriname, kad visa diena bus skirta tyrin\u0117jimams ir malonumams, ir pasir\u016bpiname visomis smulkmenomis, kad gal\u0117tum\u0117te pasinerti \u012f kelion\u0119 be joki\u0173 r\u016bpes\u010di\u0173.<\/p>\n<p>\ud83c\udf1f <strong>I\u0161skirtiniai CanaryVIP privalumai:<\/strong> M\u0117gaukit\u0117s turininga atradim\u0173 diena u\u017e konkurencing\u0105 kain\u0105, \u012f kuri\u0105 \u012fskai\u010diuoti visi svarbiausi \u012fsp\u016bd\u017eiai. Pasikliaukite mumis, kad patirtis bus sklandi, nes si\u016blome d\u0117mesing\u0105 pagalb\u0105 nuo prad\u017eios iki pabaigos.<\/p>\n<p><strong>\ud83d\udd17 Pasiruo\u0161\u0119 nuotykiams?<\/strong> Nepraleiskite \u0161ios i\u0161samios <a href=\"https:\/\/canaryvip.com\/lt\/tenerife\/guided-tours\/bus-tours\/?swcfpc=1\">ekskursija autobusu su gidu<\/a> Gran Kanarijoje - nuo istorini\u0173 Arehuko spirito varyklos gelmi\u0173 iki Poema del Mar gamtos gro\u017eio. U\u017esisakykite savo viet\u0105 dabar ir praleiskite dien\u0105, kupin\u0105 tyrin\u0117jim\u0173 ir \u017eavesio!<\/p>","protected":false},"excerpt":{"rendered":"<p><strong>\ud83d\udd0d Gran Kanarijos patirtis:<\/strong><br \/>\n\u2705 Saugus mok\u0117jimas.<br \/>\n\ud83d\udcc5 Kiekvien\u0105 penktadien\u012f.<br \/>\n\ud83d\udef3\ufe0f I\u0161vykimas i\u0161 Tenerif\u0117s.<br \/>\n\ud83d\ude80 M\u0117gaukit\u0117s ekskursija su gidu.<br \/>\n\ud83d\udc20 Atraskite Poema del Mar.<br \/>\n\ud83e\udd43 Patirkite Arehuko spirito varykl\u0105.<br \/>\n\ud83c\udff0 Pa\u017einkite istorin\u012f Veguetos miest\u0105.<br \/>\n\ud83d\udd59 12 val. visos dienos nuotykis.<br \/>\n\ud83e\udd11 Garantuojama geriausia kaina.<br \/>\n\ud83d\ude8c Pasitikimas vie\u0161butyje ir i\u0161laipinimas.<br \/>\n\ud83d\udc6a Nuolaidos grupiniams u\u017esakymams.<br \/>\n\ud83d\udd01 Nemokamas at\u0161aukimas iki 72 val.<br \/>\n\ud83c\udf0d Daugiakalbis palaikymas.<br \/>\n\ud83c\udf1f Rezervuokite dabar ir sutaupykite!<br \/>\n\ud83d\udccd Rasti <a href=\"https:\/\/maps.app.goo.gl\/FMkYHCdfK35bQLag9\">Poema del Mar in \u017dem\u0117lapiai<\/a>!<\/p>","protected":false},"featured_media":9433,"comment_status":"open","ping_status":"closed","template":"","meta":{"_acf_changed":false},"product_brand":[],"product_cat":[68,52],"product_tag":[],"class_list":{"0":"post-9428","1":"product","2":"type-product","3":"status-publish","4":"has-post-thumbnail","6":"product_cat-guided-tours","7":"product_cat-bus-tours","8":"wcpa_has_options","10":"first","11":"instock","12":"virtual","13":"purchasable","14":"product-type-simple"},"acf":[],"wcpa_form_fields":{"wcpaData":{"product":{"product_price":125,"price_html":"From&nbsp;<span class=\"woocommerce-Price-amount amount\"><bdi>125,00&nbsp;<span class=\"woocommerce-Price-currencySymbol\">&euro;<\/span><\/bdi><\/span>","original_product_price":125,"price_including_tax":125,"price_excluding_tax":125,"product_id":{"parent":9428,"variation":false},"is_variable":false,"stock_status":"instock","stock_quantity":null,"parent_sku":"CV9428","product_attributes":[],"custom_fields":[],"is_taxable":false,"product_name":"Gran Canaria Guided Tour with Poema del Mar from Tenerife","hasImage":false},"fields":{"sec_465e4c52d01ea2":{"extra":{"key":"sec_465e4c52d01ea2","section_id":"sec_465e4c52d01ea2","name":"Tickets","status":1,"cl_rule":"show","enableCl":false,"relations":[{"operator":false,"rules":[{"operator":"AND","rules":{"cl_field":"radio-group_665df45fcbc30b","cl_relation":"is","cl_val":"Siam Park Regular Tickets"}}]}],"toggle":true,"title_tag":"h4","show_title":false,"showPrice":"default","form_id":10213,"form_rules":{"exclude_from_discount":true,"fee_label":"Fee","disp_hide_options_price":true,"disp_show_section_price":false,"disp_show_field_price":true,"layout_option":"standard","pric_use_as_fee":false,"process_fee_as":"woo_fee"},"layout_option":"standard"},"fields":[[{"label":"\ud83d\udcc5 Date","active":true,"required":true,"elementId":"date_865e4c52d01ec0","picker_type":"custom","picker_mode":"single","placeholder":"","description":"","tooltip":"","name":"date_865e4c52d01ec0","label_position":"default","desc_position":"default","enablePrice":false,"className":"","enableCl":false,"relations":[{"operator":"and","rules":[{"operator":"AND","rules":{"cl_field":"radio-group_665df45fcbc30b","cl_relation":"is","cl_val":"3 Hour Trip"}}]}],"date_pic_inline":true,"date_pic_inline_hide":true,"min_date":{"type":"days","val":"2"},"max_date":{"type":"days","val":"365"},"date_pic_conf":{"disabledWeeks":[0,1,2,3,4,6]},"price":"","cl_rule":"show","col":6,"type":"date","error":false,"enableDesign":false,"LabelColor":"","gt_translate_keys":["label","placeholder","description","tooltip"],"price_dependency":false,"cl_dependency":false,"value":""}],[{"elementId":"separator_665e4c52d01ece","separatorType":"blank","className":"","height":"10","enableCl":false,"relations":false,"cl_rule":"show","col":6,"type":"separator","gt_translate_keys":[],"price_dependency":false,"cl_dependency":false,"value":""}],[{"active":true,"col":6,"relations":false,"cl_rule":"show","enableCl":false,"price":"","enablePrice":false,"className":"","label_position":"default","desc_position":"default","type":"content","required":false,"elementId":"content_765e4c52d01eda","label":"People","name":"content_765e4c52d01eda","contentType":"plain","value":"","error":false,"show_in_checkout":true,"inline":false,"gt_translate_keys":["label","value"],"price_dependency":false,"cl_dependency":false}],[{"active":true,"col":6,"relations":[{"operator":false,"rules":[{"operator":"AND","rules":{"cl_field":"","cl_relation":"","cl_val":""}}]}],"cl_rule":"show","enableCl":true,"price":"130","enablePrice":true,"className":"","label_position":"default","desc_position":"default","type":"radio-group","required":false,"elementId":"radio-group_065e4c52d01ee6","label":"","name":"radio-group_065e4c52d01ee6","values":[{"label":"\ud83d\udc64 Adult (130\u20ac)","value":"Adult","selected":true,"tempId":"aco_32","tooltip":"+12 Years","description":"","gt_translate_keys":["label","tooltip","description"]}],"layOut":"","error":false,"checkUi":"button","priceOptions":"fixed_for_all","pricingType":"fixed","enable_quantity":true,"quantity_label":"","min_quantity":"0","options_tooltip":true,"options_description":true,"gt_translate_keys":["label","quantity_label"],"price_dependency":false,"cl_dependency":false,"value":""}],[{"label":"","active":true,"required":false,"elementId":"radio-group_665e4c52d01ef1","name":"radio-group_665e4c52d01ef1","label_position":"default","desc_position":"default","enablePrice":true,"className":"","enableCl":false,"relations":false,"enable_quantity":true,"quantity_label":"","min_quantity":"0","checkUi":"button","layOut":"","values":[{"label":"\ud83d\udc66 Child (30\u20ac)","value":"Child","selected":true,"tempId":"aco_32","tooltip":"3-11 Years","description":"","gt_translate_keys":["label","tooltip","description"]}],"priceOptions":"fixed_for_all","pricingType":"fixed","price":"30","cl_rule":"show","col":6,"type":"radio-group","error":false,"options_tooltip":true,"options_description":true,"gt_translate_keys":["label","quantity_label"],"price_dependency":false,"cl_dependency":false,"value":""}],[{"label":"","active":true,"required":false,"elementId":"radio-group_1065e4c52d01efb","name":"radio-group_1065e4c52d01efb","label_position":"default","desc_position":"default","enablePrice":true,"className":"","enableCl":false,"relations":false,"enable_quantity":true,"quantity_label":"","min_quantity":"0","checkUi":"button","layOut":"","options_tooltip":true,"options_description":true,"values":[{"label":"\ud83d\udc76 Toddler (20\u20ac)","value":"Toddler","selected":true,"tempId":"aco_32","tooltip":"0-2 Years","description":"","gt_translate_keys":["label","tooltip","description"]}],"priceOptions":"fixed_for_all","pricingType":"fixed","price":"20","cl_rule":"show","col":6,"type":"radio-group","error":false,"gt_translate_keys":["label","quantity_label"],"price_dependency":false,"cl_dependency":false,"value":""}],[{"active":true,"col":6,"relations":false,"cl_rule":"show","enableCl":false,"price":"","enablePrice":false,"className":"","label_position":"default","desc_position":"default","type":"select","required":false,"elementId":"select_565e4c52d01f05","label":"\ud83c\udf0e Language","name":"select_565e4c52d01f05","values":[{"label":"English","value":"English","selected":false,"tempId":"aco_1213","gt_translate_keys":["label"]},{"label":"German","value":"German","selected":false,"tempId":"aco_302","gt_translate_keys":["label"]},{"label":"Spanish","value":"Spanish","selected":false,"tempId":"aco_312","gt_translate_keys":["label"]}],"dropdown_type":"basic","error":false,"gt_translate_keys":["label"],"price_dependency":false,"cl_dependency":false,"value":""}],[{"active":true,"col":6,"relations":false,"cl_rule":"show","enableCl":false,"price":"","enablePrice":false,"className":"","label_position":"default","desc_position":"default","type":"separator","required":false,"elementId":"separator_865e4c52d01f0f","label":"Separator Field","height":"7","separatorType":"blank","error":false,"gt_translate_keys":["label"],"price_dependency":false,"cl_dependency":false,"value":""}],[{"active":true,"col":6,"relations":false,"cl_rule":"show","enableCl":false,"price":"","enablePrice":false,"className":"","label_position":"default","desc_position":"default","type":"text","subtype":"text","required":false,"elementId":"text_865e4c52d01f18","label":"\ud83d\ude8c Pickup Location","name":"text_865e4c52d01f18","value":"","description":"Free pick-up service in North Tenerife and South Tenerife. Simply provide your address or hotel name.","error":false,"gt_translate_keys":["label","description","value"],"price_dependency":false,"cl_dependency":false}]]}},"config":{"price_override":"always","enable_recaptcha":false,"bind_quantity":false,"quantity_bind_formula":false,"disp_summ_show_option_price":true,"disp_summ_show_product_price":false,"disp_summ_show_total_price":true,"disp_summ_show_fee":true,"disp_summ_show_discount":true,"summary_title":"","options_total_label":"Options Price","total_label":"Total Amount","options_product_label":"Product Price","fee_label":"Fee","discount_label":"Discount","has_price":true,"has_quantity_formula":false},"mc_unit":1,"tax_rate":1,"tax_rate_real":1,"discount":{"percentage":0,"fixed":0},"design":{"conf":{"LabelPosition":"above","DescPosition":"above","UploadField":"custom_1","QuantityFieldStyle":"custom_1"},"css":{"LeftLabelWidth":"120px"}},"formulas":[],"lookuptables":[],"clones":false,"cartKey":false}},"_links":{"self":[{"href":"https:\/\/canaryvip.com\/lt\/wp-json\/wp\/v2\/product\/9428","targetHints":{"allow":["GET"]}}],"collection":[{"href":"https:\/\/canaryvip.com\/lt\/wp-json\/wp\/v2\/product"}],"about":[{"href":"https:\/\/canaryvip.com\/lt\/wp-json\/wp\/v2\/types\/product"}],"replies":[{"embeddable":true,"href":"https:\/\/canaryvip.com\/lt\/wp-json\/wp\/v2\/comments?post=9428"}],"wp:featuredmedia":[{"embeddable":true,"href":"https:\/\/canaryvip.com\/lt\/wp-json\/wp\/v2\/media\/9433"}],"wp:attachment":[{"href":"https:\/\/canaryvip.com\/lt\/wp-json\/wp\/v2\/media?parent=9428"}],"wp:term":[{"taxonomy":"product_brand","embeddable":true,"href":"https:\/\/canaryvip.com\/lt\/wp-json\/wp\/v2\/product_brand?post=9428"},{"taxonomy":"product_cat","embeddable":true,"href":"https:\/\/canaryvip.com\/lt\/wp-json\/wp\/v2\/product_cat?post=9428"},{"taxonomy":"product_tag","embeddable":true,"href":"https:\/\/canaryvip.com\/lt\/wp-json\/wp\/v2\/product_tag?post=9428"}],"curies":[{"name":"wp","href":"https:\/\/api.w.org\/{rel}","templated":true}]}}