{"id":9335,"date":"2024-01-31T17:00:59","date_gmt":"2024-01-31T17:00:59","guid":{"rendered":"https:\/\/canaryvip.com\/?post_type=product&#038;p=9335"},"modified":"2025-08-29T19:29:02","modified_gmt":"2025-08-29T18:29:02","slug":"paragliding-tenerife","status":"publish","type":"product","link":"https:\/\/canaryvip.com\/lt\/shop\/paragliding-tenerife\/","title":{"rendered":"Tandeminis skraidymas parasparniu Tenerif\u0117je"},"content":{"rendered":"<h2>\ud83c\udf24\ufe0f <strong>Tenerif\u0117s parasparni\u0173 skryd\u017eiai \"Sky Adventures<\/strong><\/h2>\n<p class=\"translation-block\">Patirkite <strong>skryd\u017eio parasparniu Tenerif\u0117je magij\u0105<\/strong> su mumis! Prisijunkite prie m\u016bs\u0173 ir leiskit\u0117s \u012f kvap\u0105 gniau\u017eiant\u012f \u0161ok\u012f su v\u0117jais vir\u0161 diding\u0173 Tenerif\u0117s kra\u0161tovaizd\u017ei\u0173.<\/p>\n<p class=\"translation-block\">M\u016bs\u0173 <strong>tandeminiai skryd\u017eiai parasparniais<\/strong> paver\u010dia dang\u0173 dinami\u0161ka \u017eaidim\u0173 aik\u0161tele, kurioje gausu debes\u0173 ir \u0161vytin\u010di\u0173 spalv\u0173, o jus saugiai lydi patyr\u0119 pilotai.<\/p>\n<h3>\ud83e\ude82 <strong>Tandeminis dangus: Duet\u0173 \u0161okis su gravitacija<\/strong><\/h3>\n<p>Leiskit\u0117s \u012f \u012fkvepian\u010di\u0105 kelion\u0119, kurioje nereikia jokios i\u0161ankstin\u0117s patirties - tik dvasios, trok\u0161tan\u010dios tyrin\u0117ti dang\u0173. M\u016bs\u0173 tandeminiai skryd\u017eiai parasparniais u\u017etikrina saugum\u0105, jaudul\u012f ir asmenin\u012f \u017evilgsn\u012f \u012f grak\u0161t\u0173 sklandymo pasaul\u012f.<\/p>\n<h3>\ud83d\udc68\u200d\u2708\ufe0f <strong>M\u016bs\u0173 pilotai: Danguje skraidantys meistrai<\/strong><\/h3>\n<p class=\"translation-block\">M\u016bs\u0173 pilotai ne tik patyr\u0119 - jie yra aistringi j\u016bs\u0173 gidai danguje. Siekdami, kad j\u016bs\u0173 <strong>skryd\u017eiai parasparniais Tenerif\u0117je<\/strong> b\u016bt\u0173 saug\u016bs ir jaudinantys, jie precizi\u0161kai valdo kiekvien\u0105 skryd\u017eio aspekt\u0105 - nuo pakilimo iki nusileidimo.<\/p>\n<h3>\ud83d\udc69\u200d\ud83d\ude80 <strong>Prie\u0161 skryd\u012f: Laukimas auga<\/strong><\/h3>\n<p class=\"translation-block\">Pajuskite jaudul\u012f, kai m\u016bs\u0173 ekspertai jus paruo\u0161 pakilimui. Jie supa\u017eindins su <strong>skryd\u017eio parasparniu Tenerif\u0117je menu,<\/strong> papasakos apie saugos protokolus ir tai, ko tik\u0117tis, ir taip parengs jus jaudinan\u010diai akimirkai, kai pakilsite \u012f dang\u0173.<\/p>\n<h3>\ud83c\udf0b <strong>Gamtos drob\u0117: Tenerif\u0117 i\u0161 vir\u0161aus<\/strong><\/h3>\n<p class=\"translation-block\">I\u0161 auk\u0161tai Tenerif\u0117 atsiveria kaip \u012fsp\u016bdinga panorama. M\u016bs\u0173 skryd\u017eiai kruop\u0161\u010diai parenkami taip, kad i\u0161ry\u0161k\u0117t\u0173 salos <a href=\"https:\/\/canaryvip.com\/lt\/discover-the-teide-the-ultimate-guide-iconic-volcano\/\" target=\"_self\">vulkanin\u0117<\/a> didyb\u0117 ir Atlanto vandenyno platyb\u0117s - skryd\u017eio \u012fsp\u016bd\u017eiai derinami su kvap\u0105 gniau\u017eian\u010diu gamtos gro\u017eiu.<\/p>\n<h3>\ud83d\ude81 <strong>Pasirinkite \"Skyward\" nuotyk\u012f<\/strong><\/h3>\n<ul>\n<li><strong>\ud83d\udfe1 15-25 min. Skrydis:<\/strong> Pakilkite i\u0161 800 metr\u0173 auk\u0161\u010dio ir skl\u0119skite vir\u0161 raguv\u0173, kaln\u0173 ir \u017eaving\u0173 La Kvinta ir Adech\u0117s kaimeli\u0173. Jei leid\u017eia oro s\u0105lygos, nusileiskite La Enramada papl\u016bdimyje La Caleta. Skrydis trunka 15-25 minutes, o visa pramoga - iki 2 valand\u0173.<\/li>\n<li><strong>\ud83d\udd35 20-30 min. Skrydis:<\/strong> I\u0161 1100 metr\u0173 auk\u0161\u010dio atsiveria kvap\u0105 gniau\u017eiantys vaizdai \u012f tarpeklius, kalnus, Fanab\u0119 ir Adech\u0119. Paprastai nusileid\u017eiama La Enramada papl\u016bdimyje La Caletoje, jei leid\u017eia oro s\u0105lygos. Skrydis trunka 20-30 minu\u010di\u0173, o visa pramoga - iki 2 valand\u0173.<\/li>\n<li><strong>\ud83d\udfe3 30-40 min. skrydis:<\/strong> Pradedant nuo 1100 metr\u0173 auk\u0161\u010dio, \u0161is didelio na\u0161umo skrydis i\u0161naudoja \u0161ilumines sroves, kad prat\u0119st\u0173 j\u016bs\u0173 kelion\u0119. Pakilkite vir\u0161 raguv\u0173, kaln\u0173, Fa\u00f1ab\u00e9 ir Adeje. Paprastai nusileid\u017eiama La Enramada papl\u016bdimyje La Caletoje, jei leid\u017eia oro s\u0105lygos. Skrydis trunka 30-40 minu\u010di\u0173, o visa pramoga - iki 2 valand\u0173.<\/li>\n<li><strong>\ud83d\udfe4 40-45 min Skrydis:<\/strong> Pakilkite i\u0161 2200 metr\u0173 auk\u0161\u010dio ir m\u0117gaukit\u0117s auk\u0161tos klas\u0117s skryd\u017eiu, kurio metu vyks trumpa ekskursija \u012f Teid\u0117s nacionalin\u012f park\u0105. Jei leid\u017eia oro s\u0105lygos, pasigro\u017e\u0117kite nuostabiais Teid\u0117s parko teritorijos vaizdais ir nusileiskite Puerto de la Cruz arba Puertito de G\u00fc\u00edmar mieste. Skryd\u017eio trukm\u0117 - 40-45 minut\u0117s, o visa veikla trunka iki 4 valand\u0173.<\/li>\n<\/ul>\n<h3>\ud83c\udfaf <strong>Prisilietimas: I\u0161sami informacija apie nusileidim\u0105<\/strong><\/h3>\n<p class=\"translation-block\">Po jaudinan\u010dio skryd\u017eio grak\u0161\u010diai nusileisite Playa de la Enramada. \u0160is nuostabus papl\u016bdimys - puikus fonas kelion\u0117s pabaigai. Vos u\u017e keli\u0173 \u017eingsni\u0173 nuo nusileidimo vietos yra <a href=\"https:\/\/maps.app.goo.gl\/Cc7D3R2uMtMhyxgq6\" target=\"_blank\" rel=\"noopener\">Coqueluche,<\/a> populiarus papl\u016bdimio baras.<\/p>\n<p>Tai puiki vieta atsipalaiduoti ir pails\u0117ti. Gurk\u0161nokite g\u0117rimus ir bendraukite su vietiniais gyventojais bei kitais lankytojais, m\u0117gaukit\u0117s vaizdingais vaizdais ir raminan\u010diais vandenyno garsais. \u0160i aplinka maloniai u\u017ebaigs j\u016bs\u0173 \u012fdomi\u0105 dien\u0105 Tenerif\u0117je.<\/p>\n<h3>\u2753 <strong>Atsakymai \u012f \"Sky-High Queries\" u\u017eklausas<\/strong><\/h3>\n<ul>\n<li><strong>Saugumo \u0161vyturys:<\/strong> J\u016bs\u0173 gerov\u0117 yra m\u016bs\u0173 svarbiausias prioritetas, nes naudojame auk\u0161\u010diausios klas\u0117s \u012frang\u0105 ir pateikiame ai\u0161kias instrukcijas.<\/li>\n<li class=\"translation-block\"><strong>Kvie\u010diame visus nuotyki\u0173 ie\u0161kotojus:<\/strong> Nesvarbu, ar esate jaunas, ar senas, naujas, ar patyr\u0119s, <strong>skryd\u017eiai parasparniais Tenerif\u0117je<\/strong> yra skirti visiems.<\/li>\n<li><strong>\"Dress for Success\":<\/strong> Idealiai tinka patogi avalyn\u0117 ir daugiasluoksniai drabu\u017eiai. Ir nepamir\u0161kite apsaugos nuo saul\u0117s!<\/li>\n<li><strong>Sklandus va\u017eiavimas:<\/strong> Susir\u016bpinimas d\u0117l oro ligos yra minimalus, ta\u010diau esame visi\u0161kai pasireng\u0119 u\u017etikrinti patog\u0173 skryd\u012f.<\/li>\n<li><strong>Tenerif\u0117s kra\u0161tas:<\/strong> Unikali m\u016bs\u0173 salos geografin\u0117 pad\u0117tis pagerina kiekvien\u0105 skryd\u012f, nes kra\u0161tovaizdis yra \u012fvairus ir vaizdingas.<\/li>\n<\/ul>\n<h3>\ud83d\udcc5 <strong>Vietos u\u017etikrinimas<\/strong><\/h3>\n<p>M\u016bs\u0173 patogi u\u017esakymo sistema sukurta siekiant supaprastinti j\u016bs\u0173 patirt\u012f su <strong>skraidymas parasparniais Tenerif\u0117je.<\/strong><\/p>\n<p>Lengvai planuokite skryd\u017eius naudodamiesi m\u016bs\u0173 intuityvia internetine platforma, kurioje pateikiamos ai\u0161kios, skaidrios kainos be joki\u0173 pasl\u0117pt\u0173 i\u0161laid\u0173. Si\u016blome \u012fvairius paketus, tod\u0117l galite rinktis puikiai j\u016bs\u0173 poreikius ir pageidavimus atitinkant\u012f variant\u0105.<\/p>\n<p>Nesvarbu, ar norite greitai paskraidyti vir\u0161 nuostabi\u0173 kra\u0161tovaizd\u017ei\u0173, ar norite patirti i\u0161sam\u0173 nuotyk\u012f Tenerif\u0117s danguje, ar ka\u017ek\u0105 tarpinio - m\u016bs\u0173 \u012fvair\u016bs pasi\u016blymai tinka vis\u0173 r\u016b\u0161i\u0173 nuotyki\u0173 m\u0117g\u0117jams.<\/p>\n<p>Kiekviename pakete ai\u0161kiai nurodyta, ko tik\u0117tis skryd\u017eio metu, kas \u012fskai\u010diuota \u012f kain\u0105 ir bendra kaina, kad gal\u0117tum\u0117te priimti pagr\u012fst\u0105 sprendim\u0105, atitinkant\u012f j\u016bs\u0173 nuotyki\u0173 lyg\u012f ir biud\u017eet\u0105.<\/p>\n<p class=\"translation-block\">Stengiam\u0117s patenkinti visus j\u016bs\u0173 reikalavimus, kad <strong>skryd\u017eiai parasparniais Tenerif\u0117je<\/strong> b\u016bt\u0173 kuo malonesni ir \u012fsimintinesni.<\/p>\n<h3>\u2705 <strong>Sauga ir reikalavimai<\/strong><\/h3>\n<ul>\n<li><strong>Am\u017eiaus ir svorio apribojimai:<\/strong> Tinka nuo 14 met\u0173 am\u017eiaus ir vyresniems, sveriantiems nuo 40 kg iki 120 kg. Galimos i\u0161imtys.<\/li>\n<li><strong>Sveikatos aspektai:<\/strong> Patariame neskraidyti n\u0117\u0161tumo metu arba esant tam tikroms sveikatos b\u016bkl\u0117ms - pirmiausia pasitarkite su mumis.<\/li>\n<li><strong>\u012eranga ir mokymas:<\/strong> Suteikiama visa reikalinga \u012franga, atitinkanti auk\u0161\u010diausius saugos standartus, taip pat rengiami mokymai prie\u0161 skryd\u012f.<\/li>\n<\/ul>\n<h3>\ud83d\udcdc <strong>\"Skyward\" politika: S\u0105\u017einingos ir lanks\u010dios<\/strong><\/h3>\n<ul>\n<li><strong>Lankstus at\u0161aukimas:<\/strong> Likus 48 valandoms iki skryd\u017eio at\u0161aukimas yra paprastas ir nemokamas.<\/li>\n<li><strong>Tvarkos keitimas ir or\u0173 s\u0105lyg\u0173 keitimas:<\/strong> Lanks\u010diai sudarome tvarkara\u0161\u010dius ir bendradarbiaujame su jumis esant blogoms oro s\u0105lygoms.<\/li>\n<\/ul>\n<h3>\ud83d\udce9 <strong>Susisiekite su mumis d\u0117l bet koki\u0173 paai\u0161kinim\u0173<\/strong><\/h3>\n<p class=\"translation-block\">Turite klausim\u0173? M\u016bs\u0173 draugi\u0161ka komanda pasiruo\u0161usi pad\u0117ti, kad j\u016bs\u0173 <strong>skrydis parasparniu Tenerif\u0117je<\/strong> b\u016bt\u0173 nepamir\u0161tamas. Nedvejodami kreipkit\u0117s ir \u012fsitikinkite, kad esate pasiruo\u0161\u0119 gyvenimo nuotykiui!<\/p>","protected":false},"excerpt":{"rendered":"<p><strong>\ud83d\udd0d Tenerif\u0117 Skraidymas parasparniu:<\/strong><br \/>\n\u2705 Saugus mok\u0117jimas.<br \/>\n\ud83e\ude82 Rinkit\u0117s i\u0161 4 unikali\u0173 skryd\u017ei\u0173.<br \/>\n\ud83d\udcaa Patirties nereikia.<br \/>\n\ud83c\udf93 Ekspert\u0173 instruktori\u0173 patarimai.<br \/>\n\ud83d\udc75 Skirta 8-80 met\u0173 am\u017eiaus vaikams.<br \/>\n\u2696\ufe0f 40-100 kg? J\u016bs dalyvaujate!<br \/>\n\u23f0 Pasirinkite savo laik\u0105.<br \/>\n\ud83d\ude90 Nemokamas pa\u0117mimas ir i\u0161ve\u017eimas.<br \/>\n\ud83d\udd04 48 val. nemokamas at\u0161aukimas.<br \/>\n\ud83e\udd11 Garantuojama geriausia kaina.<br \/>\n\ud83c\udf81 Galimos grupin\u0117s nuolaidos.<br \/>\n\ud83c\udf0d Parama keliomis kalbomis.<br \/>\n\ud83c\udf1f Rezervuokite dabar ir sutaupykite!<\/p>","protected":false},"featured_media":13416,"comment_status":"open","ping_status":"closed","template":"","meta":{"_acf_changed":false},"product_brand":[],"product_cat":[82],"product_tag":[],"class_list":{"0":"post-9335","1":"product","2":"type-product","3":"status-publish","4":"has-post-thumbnail","6":"product_cat-fun-activities","7":"wcpa_has_options","9":"first","10":"instock","11":"sale","12":"virtual","13":"purchasable","14":"product-type-simple"},"acf":[],"wcpa_form_fields":{"wcpaData":{"product":{"product_price":99,"price_html":"From&nbsp;<del aria-hidden=\"true\"><span class=\"woocommerce-Price-amount amount\"><bdi>110,00&nbsp;<span class=\"woocommerce-Price-currencySymbol\">&euro;<\/span><\/bdi><\/span><\/del> <span class=\"screen-reader-text\">Pradin\u0117 kaina buvo: 110,00&nbsp;&euro;.<\/span><ins aria-hidden=\"true\"><span class=\"woocommerce-Price-amount amount\"><bdi>99,00&nbsp;<span class=\"woocommerce-Price-currencySymbol\">&euro;<\/span><\/bdi><\/span><\/ins><span class=\"screen-reader-text\">Dabartin\u0117 kaina yra: 99,00&nbsp;&euro;.<\/span>","original_product_price":110,"price_including_tax":99,"price_excluding_tax":99,"product_id":{"parent":9335,"variation":false},"is_variable":false,"stock_status":"instock","stock_quantity":null,"parent_sku":"CV9335","product_attributes":[],"custom_fields":[],"is_taxable":false,"product_name":"Tandem Paragliding Tenerife","hasImage":false},"fields":{"sec_5662a6f44a9468":{"extra":{"key":"sec_5662a6f44a9468","section_id":"sec_5662a6f44a9468","name":"Default","status":1,"cl_rule":"show","enableCl":false,"relations":[],"toggle":true,"title_tag":"h3","show_title":false,"showPrice":"default","form_id":11362,"form_rules":{"exclude_from_discount":true,"fee_label":"Fee","disp_hide_options_price":true,"disp_show_section_price":false,"disp_show_field_price":true,"layout_option":"standard","pric_use_as_fee":false,"process_fee_as":"woo_fee"},"layout_option":"standard"},"fields":[[{"label":"\ud83d\udcc5 Date","active":true,"required":true,"elementId":"date_3662a6f44a9489","picker_type":"custom","picker_mode":"single","placeholder":"","description":"","tooltip":"","name":"date_3662a6f44a9489","label_position":"default","desc_position":"default","enablePrice":false,"className":"","enableCl":false,"relations":[{"operator":"and","rules":[{"operator":"AND","rules":{"cl_field":"radio-group_3662a6f44a94ae","cl_relation":"is","cl_val":"3 Hour Trip"}}]}],"date_pic_inline":true,"date_pic_inline_hide":true,"min_date":{"type":"days","val":"1"},"max_date":{"type":"days","val":"365"},"date_pic_conf":{"disabledWeeks":[],"disabledDates":["2025-03-10 to 2025-03-12"]},"price":"","cl_rule":"show","col":6,"type":"date","error":false,"enableDesign":false,"LabelColor":"","gt_translate_keys":["label","placeholder","description","tooltip"],"price_dependency":false,"cl_dependency":false,"value":""}],[{"active":true,"col":6,"relations":[{"operator":false,"rules":[{"operator":"AND","rules":{"cl_field":"radio-group_3662a6f44a94ae","cl_relation":"is","cl_val":"3 Hour Trip"}}]}],"cl_rule":"show","enableCl":false,"price":"","enablePrice":false,"className":"","label_position":"default","desc_position":"default","type":"select","required":true,"elementId":"select_5662a6f44a9496","label":"\u23f0 Departure Time","name":"select_5662a6f44a9496","values":[{"label":"Whichever is Best","value":"Whichever is Best","selected":false,"tempId":"aco_1449","gt_translate_keys":["label"]},{"label":"10:00","value":"10:00","selected":false,"tempId":"aco_1450","gt_translate_keys":["label"]},{"label":"12:00 (12:00 PM)","value":"12:00","selected":false,"tempId":"aco_1451","gt_translate_keys":["label"]},{"label":"14:00 (2:00 PM)","value":"14:00","selected":false,"tempId":"aco_1452","gt_translate_keys":["label"]},{"label":"16:00 (4:00 PM)","value":"16:00","selected":false,"tempId":"aco_1453","gt_translate_keys":["label"]}],"dropdown_type":"basic","error":false,"placeholder":"None","gt_translate_keys":["label","placeholder"],"price_dependency":false,"cl_dependency":false,"value":""}],[{"active":true,"col":6,"relations":false,"cl_rule":"show","enableCl":false,"price":"","enablePrice":false,"className":"","label_position":"default","desc_position":"default","type":"content","required":false,"elementId":"content_8512225248","label":"","name":"content_8512225248","contentType":"rich","value":"<p>\ud83c\udf9f\ufe0f <strong>Reservation<\/strong>: Pay only a deposit now to reserve; the rest is due on the day of the activity upon arrival.<\/p>","error":false,"subtype":"p","show_in_checkout":true,"gt_translate_keys":["label","value"],"price_dependency":false,"cl_dependency":false}],[{"active":true,"col":6,"relations":false,"cl_rule":"show","enableCl":false,"price":"","enablePrice":false,"className":"","label_position":"default","desc_position":"default","type":"separator","required":false,"elementId":"separator_7108047471","label":"Separator Field","height":"3","separatorType":"fill","error":false,"separatorColor":"#4a90e2","gt_translate_keys":["label"],"price_dependency":false,"cl_dependency":false,"value":""}],[{"active":true,"col":6,"relations":[{"operator":false,"rules":[{"operator":"AND","rules":{"cl_field":"","cl_relation":"","cl_val":""}}]}],"cl_rule":"show","enableCl":true,"price":"99","enablePrice":true,"className":"","label_position":"default","desc_position":"below","type":"radio-group","required":false,"elementId":"radio-group_8662a6f44a94ce","label":"","name":"radio-group_8662a6f44a94ce","values":[{"label":"\ud83d\udfe1 15-25min Flight (99\u20ac)","value":"15-25min","selected":true,"tempId":"aco_32","tooltip":"","description":"","gt_translate_keys":["label","tooltip","description"]}],"layOut":"","error":false,"checkUi":"button","priceOptions":"fixed_for_all","pricingType":"fixed","enable_quantity":true,"quantity_label":"","min_quantity":"0","options_tooltip":true,"options_description":true,"description":"Taking off from 800 meters, the flight soars over ravines, mountains, and the villages of La Quinta and Adeje. Typically, landing occurs on La Enramada beach in La Caleta, weather permitting. Flight duration is 15-25 minutes, with the full activity lasting up to 2 hours.","is_show_price":true,"gt_translate_keys":["label","description","quantity_label"],"price_dependency":false,"cl_dependency":false,"value":""}],[{"elementId":"separator-0978971229","separatorType":"fill","separatorColor":"#4a90e2","className":"","height":"3","enableCl":false,"relations":false,"cl_rule":"show","col":6,"type":"separator","gt_translate_keys":[],"price_dependency":false,"cl_dependency":false,"value":""}],[{"label":"","active":true,"required":false,"elementId":"radio-group-7841886802","name":"radio-group-7841886802","label_position":"default","desc_position":"below","enablePrice":true,"className":"","enableCl":true,"relations":[{"operator":false,"rules":[{"operator":"AND","rules":{"cl_field":"","cl_relation":"","cl_val":""}}]}],"enable_quantity":true,"quantity_label":"","min_quantity":"0","checkUi":"button","layOut":"","options_tooltip":true,"options_description":true,"values":[{"label":"\ud83d\udd35 20-30min Flight (130\u20ac)","value":"20-30min Flight","selected":true,"tempId":"aco_32","tooltip":"","description":"","gt_translate_keys":["label","tooltip","description"]}],"priceOptions":"fixed_for_all","pricingType":"fixed","price":"130","cl_rule":"show","col":6,"type":"radio-group","error":false,"description":"Taking off from 1100 meters, the Ifonche flight offers spectacular views over ravines, mountains, Fa\u00f1ab\u00e9, and Adeje. Typically, landing occurs on La Enramada beach in La Caleta, weather permitting. Flight duration is 20-30 minutes, with the full activity lasting up to 2 hours.","is_show_price":true,"gt_translate_keys":["label","description","quantity_label"],"price_dependency":false,"cl_dependency":false,"value":""}],[{"elementId":"separator-6996256676","separatorType":"fill","separatorColor":"#4a90e2","className":"","height":"3","enableCl":false,"relations":false,"cl_rule":"show","col":6,"type":"separator","gt_translate_keys":[],"price_dependency":false,"cl_dependency":false,"value":""}],[{"label":"","active":true,"required":false,"elementId":"radio-group-7843050812","name":"radio-group-7843050812","label_position":"default","desc_position":"below","enablePrice":true,"className":"","enableCl":true,"relations":[{"operator":false,"rules":[{"operator":"AND","rules":{"cl_field":"","cl_relation":"","cl_val":""}}]}],"enable_quantity":true,"quantity_label":"","min_quantity":"0","checkUi":"button","layOut":"","options_tooltip":true,"options_description":true,"values":[{"label":"\ud83d\udfe3 30-40min Flight (150\u20ac)","value":"30-40min","selected":true,"tempId":"aco_32","tooltip":"","description":"","gt_translate_keys":["label","tooltip","description"]}],"priceOptions":"fixed_for_all","pricingType":"fixed","price":"150","cl_rule":"show","col":6,"type":"radio-group","error":false,"description":"Taking off from 1100 meters, the high-performance flight uses thermal currents for a longer experience, soaring over ravines, mountains, Fa\u00f1ab\u00e9, and Adeje. Typically, landing occurs on La Enramada beach in La Caleta, weather permitting. Flight duration is 30-40 minutes, with the full activity lasting up to 2 hours.","is_show_price":true,"gt_translate_keys":["label","description","quantity_label"],"price_dependency":false,"cl_dependency":false,"value":""}],[{"elementId":"separator-7119175488","separatorType":"fill","separatorColor":"#4a90e2","className":"","height":"3","enableCl":false,"relations":false,"cl_rule":"show","col":6,"type":"separator","gt_translate_keys":[],"price_dependency":false,"cl_dependency":false,"value":""}],[{"label":"","active":true,"required":false,"elementId":"radio-group-6996466785","description":"Taking off from 2200 meters, this high-performance flight includes a short excursion to Teide National Park. The 40-minute flight, depending on weather conditions, soars over the pre-park area of Teide, with typical landings in Puerto de la Cruz or Puertito de G\u00fc\u00edmar. The full activity requires up to 4 hours to complete.","name":"radio-group-6996466785","label_position":"default","desc_position":"below","enablePrice":true,"className":"","enableCl":true,"relations":[{"operator":false,"rules":[{"operator":"AND","rules":{"cl_field":"","cl_relation":"","cl_val":""}}]}],"enable_quantity":true,"quantity_label":"","min_quantity":"0","checkUi":"button","layOut":"","options_tooltip":true,"options_description":true,"values":[{"label":"\ud83d\udfe4 40-45min Flight (200\u20ac)","value":"40-45min","selected":true,"tempId":"aco_32","tooltip":"","description":"","gt_translate_keys":["label","tooltip","description"]}],"priceOptions":"fixed_for_all","pricingType":"fixed","price":"200","is_show_price":true,"cl_rule":"show","col":6,"type":"radio-group","error":false,"gt_translate_keys":["label","description","quantity_label"],"price_dependency":false,"cl_dependency":false,"value":""}]]},"sec_hm242cwr4":{"extra":{"key":"sec_hm242cwr4","section_id":"sec_hm242cwr4","name":"Deposit Payment","status":1,"cl_rule":"show","enableCl":true,"relations":[],"toggle":true,"title_tag":"h4","show_title":false,"showPrice":"default","form_id":11362,"form_rules":{"exclude_from_discount":true,"fee_label":"Fee","disp_hide_options_price":true,"disp_show_section_price":false,"disp_show_field_price":true,"layout_option":"standard","pric_use_as_fee":false,"process_fee_as":"woo_fee"},"layout_option":"standard"},"fields":[[{"active":true,"col":6,"relations":false,"cl_rule":"show","enableCl":false,"price":"","enablePrice":false,"className":"","label_position":"default","desc_position":"default","type":"separator","required":false,"elementId":"separator_8464859247","label":"Separator Field","height":"3","separatorType":"fill","error":false,"separatorColor":"#66a6b6","gt_translate_keys":["label"],"price_dependency":false,"cl_dependency":false,"value":""}],[{"active":true,"col":6,"relations":false,"cl_rule":"show","enableCl":false,"price":"({field.radio-group_8662a6f44a94ce.quantity}*19)+({field.radio-group-7841886802.quantity}*35)+({field.radio-group-7843050812.quantity}*35)+({field.radio-group-6996466785.quantity}*40)","enablePrice":true,"className":"","label_position":"default","desc_position":"default","type":"content","required":false,"elementId":"content_6844780687","label":"Deposit Payment","name":"content_6844780687","contentType":"plain","value":"","error":false,"pricingType":"custom","isTemplate":false,"show_in_checkout":true,"inline":true,"gt_translate_keys":["label","value"],"price_dependency":false,"cl_dependency":false}],[{"contentType":"plain","active":true,"label":"Payment at Arrival","elementId":"content-8664598746","value":"","show_in_checkout":true,"name":"content-8664598746","enablePrice":true,"className":"","enableCl":false,"relations":false,"pricingType":"custom","isTemplate":false,"price":"({field.radio-group_8662a6f44a94ce.quantity}*80)+({field.radio-group-7841886802.quantity}*95)+({field.radio-group-7843050812.quantity}*115)+({field.radio-group-6996466785.quantity}*160)","is_show_price":true,"cl_rule":"show","col":6,"type":"content","error":false,"inline":true,"gt_translate_keys":["label","value"],"price_dependency":false,"cl_dependency":false}],[{"contentType":"plain","active":true,"label":"Total Price","elementId":"content-9947121015","value":"","show_in_checkout":true,"name":"content-9947121015","enablePrice":true,"className":"","enableCl":false,"relations":false,"pricingType":"custom","isTemplate":false,"price":"({field.radio-group_8662a6f44a94ce.quantity}*99)+({field.radio-group-7841886802.quantity}*130)+({field.radio-group-7843050812.quantity}*150)+({field.radio-group-6996466785.quantity}*200)","is_show_price":true,"cl_rule":"show","col":6,"type":"content","error":false,"inline":true,"gt_translate_keys":["label","value"],"price_dependency":false,"cl_dependency":false}]]},"sec_0662a6f44a9504":{"extra":{"key":"sec_0662a6f44a9504","section_id":"sec_0662a6f44a9504","name":"Pickup Location","status":1,"cl_rule":"show","enableCl":false,"relations":[],"toggle":true,"title_tag":"h4","show_title":false,"showPrice":"default","form_id":11362,"form_rules":{"exclude_from_discount":true,"fee_label":"Fee","disp_hide_options_price":true,"disp_show_section_price":false,"disp_show_field_price":true,"layout_option":"standard","pric_use_as_fee":false,"process_fee_as":"woo_fee"},"layout_option":"standard"},"fields":[[{"active":true,"col":6,"relations":[{"operator":false,"rules":[{"operator":false,"rules":{"cl_field":"radio-group_3662a6f44a94ae","cl_relation":"is_not","cl_val":"4.5 Hour Trip from North Tenerife"}}]}],"cl_rule":"show","enableCl":false,"price":"","enablePrice":false,"className":"","label_position":"default","desc_position":"default","type":"text","subtype":"text","required":false,"elementId":"text_2662a6f44a950c","label":"\ud83d\ude8c Pickup Location","name":"text_2662a6f44a950c","value":"","error":false,"description":"Free pick-up service in Tenerife South. Simply provide your address or hotel name.","repeater":false,"repeater_field_label":"{field_label}","repeater_bind":"","gt_translate_keys":["label","description","value","repeater_field_label"],"price_dependency":false,"cl_dependency":false}]]}},"config":{"price_override":"always","enable_recaptcha":false,"bind_quantity":false,"quantity_bind_formula":false,"disp_summ_show_option_price":true,"disp_summ_show_product_price":false,"disp_summ_show_total_price":false,"disp_summ_show_fee":true,"disp_summ_show_discount":true,"summary_title":"","options_total_label":"Options Price","total_label":"Total Amount","options_product_label":"Product Price","fee_label":"Fee","discount_label":"Discount","has_price":true,"has_quantity_formula":false},"mc_unit":1,"tax_rate":1,"tax_rate_real":1,"discount":{"percentage":0,"fixed":0},"design":{"conf":{"LabelPosition":"above","DescPosition":"above","UploadField":"custom_1","QuantityFieldStyle":"custom_1"},"css":{"LeftLabelWidth":"120px"}},"formulas":[],"lookuptables":[],"clones":false,"cartKey":false}},"_links":{"self":[{"href":"https:\/\/canaryvip.com\/lt\/wp-json\/wp\/v2\/product\/9335","targetHints":{"allow":["GET"]}}],"collection":[{"href":"https:\/\/canaryvip.com\/lt\/wp-json\/wp\/v2\/product"}],"about":[{"href":"https:\/\/canaryvip.com\/lt\/wp-json\/wp\/v2\/types\/product"}],"replies":[{"embeddable":true,"href":"https:\/\/canaryvip.com\/lt\/wp-json\/wp\/v2\/comments?post=9335"}],"wp:featuredmedia":[{"embeddable":true,"href":"https:\/\/canaryvip.com\/lt\/wp-json\/wp\/v2\/media\/13416"}],"wp:attachment":[{"href":"https:\/\/canaryvip.com\/lt\/wp-json\/wp\/v2\/media?parent=9335"}],"wp:term":[{"taxonomy":"product_brand","embeddable":true,"href":"https:\/\/canaryvip.com\/lt\/wp-json\/wp\/v2\/product_brand?post=9335"},{"taxonomy":"product_cat","embeddable":true,"href":"https:\/\/canaryvip.com\/lt\/wp-json\/wp\/v2\/product_cat?post=9335"},{"taxonomy":"product_tag","embeddable":true,"href":"https:\/\/canaryvip.com\/lt\/wp-json\/wp\/v2\/product_tag?post=9335"}],"curies":[{"name":"wp","href":"https:\/\/api.w.org\/{rel}","templated":true}]}}