{"id":8824,"date":"2024-01-15T13:42:01","date_gmt":"2024-01-15T13:42:01","guid":{"rendered":"https:\/\/canaryvip.com\/?post_type=product&#038;p=8824"},"modified":"2025-09-19T12:00:53","modified_gmt":"2025-09-19T11:00:53","slug":"siam-park-vip-villa","status":"publish","type":"product","link":"https:\/\/canaryvip.com\/lt\/shop\/siam-park-vip-villa\/","title":{"rendered":"Siam Park VIP vila"},"content":{"rendered":"<section class=\"l-section wpb_row height_medium\"><div class=\"l-section-h i-cf\"><div class=\"g-cols vc_row via_flex valign_top type_default stacking_default\"><div class=\"vc_col-sm-12 wpb_column vc_column_container\"><div class=\"vc_column-inner\"><div class=\"wpb_wrapper\"><div class=\"wpb_text_column\"><div class=\"wpb_wrapper\"><h2>\ud83c\udf34 <strong>Siamo parko VIP vilos patirtis su CanaryVIP<\/strong><\/h2>\n<p>Sveiki atvyk\u0119 \u012f prabangos vir\u0161\u016bn\u0119 \"Siam Park\" Tenerif\u0117je. Vandens entuziast\u0173 oaz\u0117, <strong>Siamo parkas<\/strong> gars\u0117ja \u012fsp\u016bdingais pasiva\u017ein\u0117jimais ir vaizdingais kra\u0161tovaizd\u017eiais. Nuo adrenalino kupin\u0173 <strong>Galios bok\u0161tas<\/strong> \u012f rami\u0105 <strong>Mai Thai up\u0117,<\/strong>\u00a0mes patenkinsime kiekvieno nuotyki\u0173 ie\u0161kotojo poreikius. Pagerinkite savo apsilankym\u0105 \u0161ioje i\u0161skirtin\u0117je VIP viloje, kurioje susilieja rafinuotumas ir \u012fsp\u016bd\u017eiai.<\/p>\n<h3><strong>\ud83c\udf1f Prabangios VIP vilos patogumai<\/strong><\/h3>\n<ul>\n<li><strong>Tailando \u012fkv\u0117pta elegancija:<\/strong> Tailando elegancija dvelkian\u010dioje VIP viloje galima m\u0117gautis ramiu ir prabangiu poilsiu.<\/li>\n<li><strong>Auk\u0161\u010diausias komfortas:<\/strong> Atsipalaiduokite ekstravaganti\u0161koje aplinkoje su pliu\u0161in\u0117mis sofomis, priva\u010diais du\u0161ais terasose ir saul\u0117s gultais.<\/li>\n<li><strong>Rank\u0161luos\u010diai ir privatus du\u0161as:<\/strong> Suteikiami \u0161vie\u017ei rank\u0161luos\u010diai ir privatus du\u0161as j\u016bs\u0173 patogumui.<\/li>\n<li><strong>Klimato kontrol\u0117:<\/strong> Moderniausi ventiliatoriai u\u017etikrina komforti\u0161k\u0105 atmosfer\u0105.<\/li>\n<li><strong>Saugi verting\u0173 daikt\u0173 saugykla:<\/strong> J\u016bs\u0173 daiktams saugoti \u012frengta saugos d\u0117\u017eut\u0117.<\/li>\n<li><strong>Privati terasa su gultais:<\/strong> M\u0117gaukit\u0117s saul\u0117s voniomis arba poilsiu pav\u0117syje i\u0161skirtin\u0117je terasoje.<\/li>\n<li><strong>Asmenin\u0117 s\u016bkurin\u0117 vonia:<\/strong> Pasinerkite \u012f atsipalaidavim\u0105 su savo priva\u010dia s\u016bkurine vonia - did\u017eiausios prabangos simboliu.<\/li>\n<\/ul>\n<h3><strong>\ud83c\udfa5 Vila Pramogos ir komfortas<\/strong><\/h3>\n<ul>\n<li><strong>TV ir poilsio zona:<\/strong> Patogiame poilsio kambaryje su televizoriumi galite m\u0117gautis m\u0117gstamomis laidomis.<\/li>\n<li><strong>Gerai apr\u016bpintas mini baras:<\/strong> Minibare rasite daugyb\u0119 g\u0117rim\u0173, kurie patenkins bet kok\u012f tro\u0161kul\u012f.<\/li>\n<li><strong>\"Viskas \u012fskai\u010diuota\" maitinimas:<\/strong> Pasim\u0117gaukite \u012fvairiais kulinariniais malonumais m\u016bs\u0173 auk\u0161\u010diausios klas\u0117s restoranuose.<\/li>\n<li><strong>G\u0117rimai ir ledai:<\/strong> Neribota galimyb\u0117 m\u0117gautis gaiviaisiais g\u0117rimais, alumi, vandeniu ir ledais.<\/li>\n<\/ul>\n<h3><strong>\ud83c\udfa2 Pirmenyb\u0117 patekti \u012f atrakcionus su VIP greituoju leidimu:<\/strong><\/h3>\n<ul>\n<li><strong>Visos dienos greitasis leidimas:<\/strong> Aplenkite eiles ir akimirksniu patekite \u012f visus atrakcionus, kad gal\u0117tum\u0117te m\u0117gautis kuo daugiau pramog\u0173.<\/li>\n<\/ul>\n<h3><strong>\ud83c\udf74 \"Viskas \u012fskai\u010diuota\" maitinimas ir neribotas g\u0117rim\u0173 pasirinkimas:<\/strong><\/h3>\n<ul>\n<li><strong>Neribotas kulinarinis pasirinkimas:<\/strong> Pasim\u0117gaukite \"viskas \u012fskai\u010diuota\" valgymo patirtimi su \u012fvairiais pasirinkimais visame parke.<\/li>\n<li><strong>Neribotas g\u0117rim\u0173 kiekis:<\/strong> M\u0117gaukit\u0117s neribota galimybe neribotai naudotis \u012fvairiais nemokamais g\u0117rimais, kad gal\u0117tum\u0117te atsigaivinti viso apsilankymo metu.<\/li>\n<\/ul>\n<h3><strong>\ud83d\udcb0 I\u0161skirtin\u0117 kaina ir vert\u0117<\/strong><\/h3>\n<ul>\n<li><strong>\u012eskai\u010diuota kaina:<\/strong> VIP viloje u\u017e 1215 \u20ac galima apgyvendinti iki 8 sve\u010di\u0173, tod\u0117l tiek ma\u017eoms, tiek didesn\u0117ms grup\u0117ms u\u017etikrinamas privatumas ir i\u0161skirtinumas.<\/li>\n<li><strong>Papildomas sve\u010di\u0173 apgyvendinimas:<\/strong> Viloje gali apsistoti iki 12 sve\u010di\u0173, o u\u017e papildom\u0105 151 \u20ac mokest\u012f u\u017e kiekvien\u0105 asmen\u012f, jei j\u0173 yra daugiau nei a\u0161tuoni.<\/li>\n<\/ul>\n<h3><strong>\ud83d\ude8c Patogus ir nemokamas transportas<\/strong><\/h3>\n<ul>\n<li><strong>Kelion\u0117s be streso:<\/strong> Naudokit\u0117s nemokama Siamo parko autobus\u0173 paslauga, kad gal\u0117tum\u0117te lengvai ir patogiai keliauti.<\/li>\n<li><strong>Daugyb\u0117 pa\u0117mimo viet\u0173:<\/strong> Kelios pa\u0117mimo vietos visoje Tenerif\u0117je, kad gal\u0117tum\u0117te lengvai pasiekti.<\/li>\n<\/ul>\n<h3><strong>\u23f0 Suplanuokite savo galutin\u012f vizit\u0105<\/strong><\/h3>\n<ul>\n<li><strong>Galimyb\u0117 naudotis i\u0161tisus metus:<\/strong> Dirba vasar\u0105 (10-18 val.) ir \u017eiem\u0105 (10-17 val.).<\/li>\n<li><strong>Geriausia vieta:<\/strong> \u012esik\u016br\u0119s dinami\u0161koje Kosta Adech\u0117s pakrant\u0117je, i\u0161 kurios atsiveria nuostab\u016bs vaizdai ir \u012f kuri\u0105 lengva patekti.<\/li>\n<\/ul>\n<h3><b>\u274c At\u0161aukimo s\u0105lygos<\/b><\/h3>\n<ul>\n<li style=\"font-weight: 400;\" aria-level=\"1\"><span style=\"font-weight: 400;\">Sve\u010diai, kurie at\u0161aukia <\/span><b>likus bent m\u0117nesiui iki planuojamos paslaugos.<\/b><span style=\"font-weight: 400;\"> gaus <\/span><b>visi\u0161kas pinig\u0173 gr\u0105\u017einimas<\/b><span style=\"font-weight: 400;\">.<\/span>&nbsp;<\/li>\n<li style=\"font-weight: 400;\" aria-level=\"1\"><span style=\"font-weight: 400;\">Pateikti at\u0161aukimai <\/span><b>nuo vieno m\u0117nesio iki 7 dien\u0173<\/b><span style=\"font-weight: 400;\"> paslaugai taikoma <\/span><b>60% at\u0161aukimo mokestis<\/b><span style=\"font-weight: 400;\">.<\/span>&nbsp;<\/li>\n<li style=\"font-weight: 400;\" aria-level=\"1\"><span style=\"font-weight: 400;\">At\u0161aukimai <\/span><b>per 7 dienas nuo numatytos datos.<\/b><span style=\"font-weight: 400;\"> yra <\/span><b>negr\u0105\u017einamas<\/b><span style=\"font-weight: 400;\">.<\/span><\/li>\n<\/ul>\n<h3><strong>\ud83d\udd14 J\u016bs\u0173 prabangaus CanaryVIP patirtis<\/strong><\/h3>\n<ul>\n<li><strong>\u017denkite \u017eingsn\u012f \u012f prabang\u0105:<\/strong> Pagerinkite savo apsilankym\u0105 Siamo parke apsistoj\u0119 VIP viloje.<\/li>\n<li><strong>Sukurkite \u012fsimintin\u0173 akimirk\u0173:<\/strong> U\u017esisakykite dabar ir patirkite \u012fsp\u016bd\u017ei\u0173, \u012fsp\u016bd\u017ei\u0173 ir nepamir\u0161tam\u0173 prisiminim\u0173 kupin\u0105 kelion\u0119.<\/li>\n<\/ul>\n<p>Nesvarbu, ar \u0161ven\u010diate svarbi\u0105 sukakt\u012f, ar organizuojate ypating\u0105 rengin\u012f. <strong>VIP vila Siam Park Tenerif\u0117je<\/strong> si\u016blo neprilygstam\u0105 prabangos ir i\u0161skirtinumo derin\u012f. Puikiai tinkantis didesn\u0117ms grup\u0117ms, jis sujungia jaudinan\u010dias pramogas ir ram\u0173 poils\u012f.<\/p>\n<p>U\u017esisakykite dabar su CanaryVIP ir patirkite prabang\u0173 ir nepamir\u0161tam\u0105 nuotyk\u012f Siam Park VIP viloje!<\/p>\n<\/div><\/div><\/div><\/div><\/div><\/div><\/div><\/section>","protected":false},"excerpt":{"rendered":"<p><strong>\ud83d\udd0d Siam Park Villa:<\/strong><br \/>\n\u2705 Saugus mok\u0117jimas.<br \/>\n\ud83d\ude80 Visos dienos VIP greitasis bilietas.<br \/>\n\ud83d\udc68\u200d\ud83d\udc69\u200d\ud83d\udc66 Kaina 8 sve\u010diams.<br \/>\n\ud83d\udc65 Tinka iki 12 \u017emoni\u0173.<br \/>\n\ud83d\udca6 Terasa su s\u016bkurine vonia.<br \/>\n\ud83d\udd10 \u012eskai\u010diuota spintel\u0117 ir rank\u0161luos\u010diai.<br \/>\n\ud83c\udf54 Neribotas maistas.<br \/>\n\ud83c\udf7a Neribotas nealkoholini\u0173 g\u0117rim\u0173 ir alaus kiekis.<br \/>\n\ud83e\udd11 Garantuojama geriausia kaina.<br \/>\n\ud83d\ude8d Nemokamas autobusas.<br \/>\n\ud83c\udf0d Parama keliomis kalbomis.<br \/>\n\ud83c\udf1f Rezervuokite dabar ir sutaupykite!<br \/>\n\ud83d\udc32 Atrask <a href=\"https:\/\/canaryvip.com\/lt\/product-category\/tenerife\/theme-parks-tenerife\/siam-park-tickets\/\">visi Siam Park bilietai \u010dia<\/a>!<br \/>\n\ud83d\udccd Rasti <a href=\"https:\/\/maps.app.goo.gl\/UfftQG3CrqW5R81r9\">Siamo parkas \"Google\" \u017eem\u0117lapiuose<\/a>!<\/p>","protected":false},"featured_media":8825,"comment_status":"open","ping_status":"closed","template":"","meta":{"_acf_changed":false},"product_brand":[],"product_cat":[54,55],"product_tag":[],"class_list":{"0":"post-8824","1":"product","2":"type-product","3":"status-publish","4":"has-post-thumbnail","6":"product_cat-theme-parks","7":"product_cat-siam-park-tickets","8":"wcpa_has_options","10":"first","11":"instock","12":"virtual","13":"purchasable","14":"product-type-simple"},"acf":[],"wcpa_form_fields":{"wcpaData":{"product":{"product_price":1320,"price_html":"From&nbsp;<span class=\"woocommerce-Price-amount amount\"><bdi>1.320,00&nbsp;<span class=\"woocommerce-Price-currencySymbol\">&euro;<\/span><\/bdi><\/span>","original_product_price":1320,"price_including_tax":1320,"price_excluding_tax":1320,"product_id":{"parent":8824,"variation":false},"is_variable":false,"stock_status":"instock","stock_quantity":null,"parent_sku":"CV8824","product_attributes":[],"custom_fields":[],"is_taxable":false,"product_name":"Siam Park VIP Villa","hasImage":false},"fields":{"sec_165dcc0a3c8397":{"extra":{"key":"sec_165dcc0a3c8397","section_id":"sec_165dcc0a3c8397","name":"Default","status":1,"cl_rule":"show","enableCl":false,"relations":[],"toggle":true,"title_tag":"h3","show_title":false,"showPrice":"default","form_id":10124,"form_rules":{"exclude_from_discount":true,"fee_label":"Fee","disp_hide_options_price":true,"disp_show_section_price":false,"disp_show_field_price":true,"layout_option":"standard","pric_use_as_fee":false,"process_fee_as":"woo_fee"},"layout_option":"standard"},"fields":[[{"active":true,"col":6,"relations":false,"cl_rule":"show","enableCl":false,"price":"","enablePrice":false,"className":"","label_position":"default","desc_position":"default","type":"date","required":false,"elementId":"date_1065dcc0a3c83b7","name":"date_1065dcc0a3c83b7","label":"\ud83d\udcc5 Date","picker_type":"custom","picker_mode":"single","error":false,"date_pic_inline":true,"date_pic_inline_hide":true,"min_date":{"type":"days","val":"3"},"max_date":{"type":"days_from_min","val":"500"},"date_pic_conf":{"disabledDates":["2025-05-26 to 2025-05-27","2025-06-01 to 2025-06-04","2025-06-12 to 2025-06-17","2025-06-18 to 2025-06-19","2025-06-20","2025-06-21","2025-06-22","2025-06-23","2025-06-24","2025-06-25","2025-06-26 to 2025-06-27","2025-06-28 to 2025-06-29","2025-07-01 to 2025-07-02","2025-07-03","2025-07-04","2025-07-05","2025-07-06","2025-07-07","2025-07-08","2025-07-09","2025-07-10","2025-07-11","2025-07-12","2025-07-13","2025-07-14","2025-07-15","2025-07-16","2025-07-17","2025-07-18 to 2025-07-25","2025-07-26","2025-07-27","2025-07-28","2025-07-29","2025-07-30","2025-07-31","2025-08-01","2025-08-02","2025-08-03","2025-08-04","2025-08-05 to 2025-08-07","2025-08-08","2025-08-09 to 2025-08-10","2025-08-11 to 2025-08-14","2025-08-15 to 2025-08-16","2025-08-17","2025-08-18","2025-08-21","2025-08-22","2025-08-23","2025-08-24 to 2025-08-26","2025-08-27","2025-08-28 to 2025-08-30","2025-08-31","2025-08-19 to 2025-08-20"]},"isWeightTemplate":false,"isTemplate":false,"min_quantity":"1","quantity_decimal":false,"quantity_step":"1","quantity_label":"Quantity","repeater_field_label":"{field_label}","repeater_bind":"","gt_translate_keys":["label","repeater_field_label","quantity_label"],"price_dependency":false,"cl_dependency":false,"value":""}],[{"active":true,"col":6,"relations":false,"cl_rule":"show","enableCl":false,"price":"","enablePrice":true,"className":"","label_position":"default","desc_position":"default","type":"select","required":false,"elementId":"select_1065dcc0a3c83c4","label":"\ud83d\udc64 Group Size","name":"select_1065dcc0a3c83c4","values":[{"label":"1 Person (1.320\u20ac)","value":"1 Person","selected":false,"tempId":"aco_670","price":"1320","gt_translate_keys":["label"]},{"label":"2 People (1.320\u20ac)","value":"2 People","selected":false,"tempId":"aco_671","price":"1320","gt_translate_keys":["label"]},{"label":"3 People (1.320\u20ac)","value":"3 People","selected":false,"tempId":"aco_672","price":"1320","gt_translate_keys":["label"]},{"label":"4 People (1.320\u20ac)","value":"4 People","selected":false,"tempId":"aco_898","price":"1320","gt_translate_keys":["label"]},{"label":"5 People (1.320\u20ac)","value":"5 People","selected":false,"tempId":"aco_908","price":"1320","gt_translate_keys":["label"]},{"label":"6 People (1.320\u20ac)","value":"6 People","selected":false,"tempId":"aco_1062","price":"1320","gt_translate_keys":["label"]},{"label":"7 People (1.320\u20ac)","value":"7 People","selected":false,"tempId":"aco_2967","price":"1320","gt_translate_keys":["label"]},{"label":"8 People (1.320\u20ac)","value":"8 People","selected":false,"tempId":"aco_3049","price":"1320","gt_translate_keys":["label"]},{"label":"\u2500 Beyond 8 people, each extra person costs \u20ac165 \u2500","value":"\u2500 Beyond 8 people, each extra person costs \u20ac165 \u2500","selected":false,"tempId":"aco_1784","price":"1320","gt_translate_keys":["label"]},{"label":"9 People (1.485\u20ac)","value":"9 People","selected":false,"tempId":"aco_3131","price":"1485","gt_translate_keys":["label"]},{"label":"10 People (1.650\u20ac)","value":"10 People","selected":false,"tempId":"aco_3213","price":"1650","gt_translate_keys":["label"]},{"label":"11 People (1.815\u20ac)","value":"11 People","selected":false,"tempId":"aco_3722","price":"1815","gt_translate_keys":["label"]},{"label":"12 People (1.980\u20ac)","value":"12 People","selected":false,"tempId":"aco_3732","price":"1980","gt_translate_keys":["label"]}],"dropdown_type":"basic","error":false,"placeholder":"None","priceOptions":"different_for_all","pricingType":"fixed","gt_translate_keys":["label","placeholder"],"price_dependency":false,"cl_dependency":false,"value":""}]]}},"config":{"price_override":"always","enable_recaptcha":false,"bind_quantity":false,"quantity_bind_formula":false,"disp_summ_show_option_price":false,"disp_summ_show_product_price":false,"disp_summ_show_total_price":true,"disp_summ_show_fee":false,"disp_summ_show_discount":false,"summary_title":"","options_total_label":"Options Price","total_label":"Total","options_product_label":"Product Price","fee_label":"Fee","discount_label":"Discount","has_price":true,"has_quantity_formula":false},"mc_unit":1,"tax_rate":1,"tax_rate_real":1,"discount":{"percentage":0,"fixed":0},"design":{"conf":{"LabelPosition":"above","DescPosition":"above","UploadField":"custom_1","QuantityFieldStyle":"custom_1"},"css":{"LeftLabelWidth":"120px"}},"formulas":[],"lookuptables":[],"clones":false,"cartKey":false}},"_links":{"self":[{"href":"https:\/\/canaryvip.com\/lt\/wp-json\/wp\/v2\/product\/8824","targetHints":{"allow":["GET"]}}],"collection":[{"href":"https:\/\/canaryvip.com\/lt\/wp-json\/wp\/v2\/product"}],"about":[{"href":"https:\/\/canaryvip.com\/lt\/wp-json\/wp\/v2\/types\/product"}],"replies":[{"embeddable":true,"href":"https:\/\/canaryvip.com\/lt\/wp-json\/wp\/v2\/comments?post=8824"}],"wp:featuredmedia":[{"embeddable":true,"href":"https:\/\/canaryvip.com\/lt\/wp-json\/wp\/v2\/media\/8825"}],"wp:attachment":[{"href":"https:\/\/canaryvip.com\/lt\/wp-json\/wp\/v2\/media?parent=8824"}],"wp:term":[{"taxonomy":"product_brand","embeddable":true,"href":"https:\/\/canaryvip.com\/lt\/wp-json\/wp\/v2\/product_brand?post=8824"},{"taxonomy":"product_cat","embeddable":true,"href":"https:\/\/canaryvip.com\/lt\/wp-json\/wp\/v2\/product_cat?post=8824"},{"taxonomy":"product_tag","embeddable":true,"href":"https:\/\/canaryvip.com\/lt\/wp-json\/wp\/v2\/product_tag?post=8824"}],"curies":[{"name":"wp","href":"https:\/\/api.w.org\/{rel}","templated":true}]}}