{"id":8821,"date":"2024-01-15T13:32:07","date_gmt":"2024-01-15T13:32:07","guid":{"rendered":"https:\/\/canaryvip.com\/?post_type=product&#038;p=8821"},"modified":"2025-09-19T12:00:06","modified_gmt":"2025-09-19T11:00:06","slug":"siam-park-vip-house","status":"publish","type":"product","link":"https:\/\/canaryvip.com\/lt\/shop\/siam-park-vip-house\/","title":{"rendered":"\"Siam Park VIP House"},"content":{"rendered":"<section class=\"l-section wpb_row height_medium\"><div class=\"l-section-h i-cf\"><div class=\"g-cols vc_row via_flex valign_top type_default stacking_default\"><div class=\"vc_col-sm-12 wpb_column vc_column_container\"><div class=\"vc_column-inner\"><div class=\"wpb_wrapper\"><div class=\"wpb_text_column\"><div class=\"wpb_wrapper\"><p>\ud83c\udfdd\ufe0f <strong>Siamo parko VIP nam\u0173 patirtis su CanaryVIP<\/strong><\/p>\n<div class=\"min-h-&#091;20px&#093; text-message flex flex-col items-start gap-3 whitespace-pre-wrap break-words &#091;.text-message+&amp;&#093;:mt-5 overflow-x-auto\" data-message-author-role=\"assistant\" data-message-id=\"8a8a1897-a3c1-4569-9988-c0ed1c1bc6da\">\n<div class=\"markdown prose w-full break-words dark:prose-invert light\">\n<p>Sveiki atvyk\u0119 \u012f Siamo park\u0105 - vandens entuziast\u0173 roj\u0173 Tenerif\u0117je. \u012esp\u016bdingais atrakcionais ir vaizdingais kra\u0161tovaizd\u017eiais gars\u0117jantis parkas si\u016blo nepakartojamus nuotykius. Nuo jaudinan\u010di\u0173 <strong>Galios bok\u0161tas<\/strong> \u012f rami\u0105 <strong>Mai Thai up\u0117,<\/strong>\u00a0, kiekvienas a\u0161tri\u0173 poj\u016b\u010di\u0173 ie\u0161kotojas ras sau tinkam\u0105 patirt\u012f. Dabar savo apsilankym\u0105 pa\u012fvairinkite <strong>CanaryVIP i\u0161skirtin\u0117 VIP nam\u0173 patirtis,<\/strong>\u00a0kur prabanga dera su nuotykiais.<\/p>\n<h3>\ud83c\udf1f <strong>\"Premium VIP House\" patogumai<\/strong><\/h3>\n<ul>\n<li><strong>Tailando elegancija<\/strong>: Tailando estetikos \u012fkv\u0117ptas VIP namas yra ramyb\u0117s ir prabangos oaz\u0117.<\/li>\n<li><strong>\"Superior Comfort<\/strong>: Atsipalaiduokite stilingai, naudodamiesi mink\u0161tomis sofomis, priva\u010dia terasa su du\u0161u ir saul\u0117s gultais.<\/li>\n<li><strong>Rank\u0161luos\u010diai ir du\u0161as<\/strong>: J\u016bs\u0173 laukia \u0161vie\u017ei rank\u0161luos\u010diai, o kiekviename namelyje yra atskiras du\u0161as, kad b\u016bt\u0173 patogiau.<\/li>\n<li><strong>Klimato kontrol\u0117<\/strong>: I\u0161laikykite v\u0117s\u0105 su m\u016bs\u0173 moderniausiais ventiliatoriais.<\/li>\n<li><strong>Verting\u0173 daikt\u0173 apsauga<\/strong>: Savo daiktus saugiai laikykite m\u016bs\u0173 \u012frengtoje saugykloje.<\/li>\n<li><strong>Terasa su gultais<\/strong>: M\u0117gaukit\u0117s saule arba pav\u0117siu priva\u010dioje terasoje, kurioje \u012frengti patog\u016bs gultai.<\/li>\n<li><strong>Privati terasa su s\u016bkurine vonia<\/strong>: Pasim\u0117gaukite puikiu atsipalaidavimu i\u0161skirtin\u0117je s\u016bkurin\u0117je vonioje, kuri yra komforto perlas.<\/li>\n<\/ul>\n<h3>\ud83c\udfa5 <strong>Namuose teikiamos pramogos ir poilsis<\/strong><\/h3>\n<ul>\n<li><strong>Televizorius ir poilsio kambarys<\/strong>: Atsipalaiduokite \u017ei\u016br\u0117dami m\u0117gstamas laidas per m\u016bs\u0173 televizori\u0173 ir ils\u0117kit\u0117s ant patogios sofos.<\/li>\n<li><strong>Minibaras<\/strong>: Minibaras su \u012fvairiais g\u0117rimais, kad numal\u0161intum\u0117te tro\u0161kul\u012f.<\/li>\n<li><strong>Paslauga \"viskas \u012fskai\u010diuota<\/strong>: M\u016bs\u0173 restoranuose galite m\u0117gautis \u012fvairiais kulinariniais malonumais.<\/li>\n<li><strong>G\u0117rimai ir ledai<\/strong>: M\u0117gaukit\u0117s neribotu kiekiu gaivi\u0173j\u0173 g\u0117rim\u0173, alaus, vandens ir led\u0173.<\/li>\n<\/ul>\n<h3>\ud83c\udfa2 <strong>I\u0161skirtin\u0117 prieiga su VIP greituoju leidimu<\/strong><\/h3>\n<ul>\n<li><strong>Visos dienos greitasis leidimas<\/strong>: Patirkite tiesiogin\u0119 prieig\u0105 prie vis\u0173 atrakcion\u0173 be laukimo eil\u0117je, taip padidindami savo malonum\u0105.<\/li>\n<\/ul>\n<h3>\ud83c\udf74 <strong>\"Viskas \u012fskai\u010diuota\" maitinimas ir g\u0117rimai<\/strong><\/h3>\n<ul>\n<li><strong>Pla\u010dios kulinarin\u0117s galimyb\u0117s<\/strong>: Parke yra daugyb\u0117 restoran\u0173, kurie patenkins vis\u0173 skoni\u0173 poreikius.<\/li>\n<li><strong>Neribotas g\u0117rim\u0173 kiekis<\/strong>: Atsigaivinkite nemokamais g\u0117rimais.<\/li>\n<\/ul>\n<h3>\ud83d\udcb0 <strong>I\u0161skirtin\u0117 kaina ir vert\u0117<\/strong><\/h3>\n<\/div>\n<\/div>\n<div class=\"min-h-&#091;20px&#093; text-message flex flex-col items-start gap-3 whitespace-pre-wrap break-words &#091;.text-message+&amp;&#093;:mt-5 overflow-x-auto\" data-message-author-role=\"assistant\" data-message-id=\"cc56ef15-39ff-4986-80a9-f3d468fc7369\">\n<div class=\"markdown prose w-full break-words dark:prose-invert light\">\n<ul>\n<li><strong>\u012eskai\u010diuotas tarifas<\/strong>: VIP namo, kuriame gali apsistoti iki 6 sve\u010di\u0173, kaina - 910 \u20ac. \u0160i kaina u\u017etikrina i\u0161skirtinum\u0105 ir privatum\u0105 tiek ma\u017eoms, tiek didesn\u0117ms grup\u0117ms.<\/li>\n<li><strong>Papildomas sve\u010di\u0173 lankstumas<\/strong>: Name gali apsistoti iki 10 sve\u010di\u0173. U\u017e kiekvien\u0105 sve\u010di\u0105, vir\u0161ijant\u012f pirm\u0105j\u012f \u0161e\u0161i\u0173 asmen\u0173 skai\u010di\u0173, imamas papildomas 151 \u20ac mokestis asmeniui.<\/li>\n<\/ul>\n<h3>\ud83d\ude8c <strong>Patogus ir nemokamas transportas<\/strong><\/h3>\n<ul>\n<li><strong>Tranzitas be streso<\/strong>: Pasinaudokite nemokama Siamo parko autobus\u0173 paslauga ir lengvai nuvykite.<\/li>\n<li><strong>Plati apr\u0117ptis<\/strong>: Keletas pa\u0117mimo punkt\u0173 visoje Tenerif\u0117je, kad b\u016bt\u0173 patogu atvykti.<\/li>\n<\/ul>\n<h3>\u23f0 <strong>Suplanuokite savo did\u017eiausi\u0105 patirt\u012f<\/strong><\/h3>\n<ul>\n<li><strong>Galimyb\u0117 naudotis i\u0161tisus metus<\/strong>: Dirba ir vasar\u0105 (10-18 val.), ir \u017eiem\u0105 (10-17 val.).<\/li>\n<li><strong>Geriausia vieta<\/strong>: \u012esik\u016br\u0119s gyvybingoje Kosta Adech\u0117s saloje, i\u0161 kurios atsiveria nuostab\u016bs vaizdai ir kuri\u0105 lengva pasiekti.<\/li>\n<\/ul>\n<h3><b>\u274c At\u0161aukimo politika<\/b><\/h3>\n<ul>\n<li style=\"font-weight: 400;\" aria-level=\"1\"><span style=\"font-weight: 400;\">At\u0161aukimai <\/span><b>likus 30 ar daugiau dien\u0173 iki veiklos prad\u017eios<\/b><span style=\"font-weight: 400;\"> nebus taikomos jokios baudos.<\/span>&nbsp;<\/li>\n<li style=\"font-weight: 400;\" aria-level=\"1\"><span style=\"font-weight: 400;\">At\u0161aukimai <\/span><b>likus nuo 30 iki 7 dien\u0173 iki numatytos datos.<\/b><span style=\"font-weight: 400;\"> bus <\/span><b>60% mokestis<\/b><span style=\"font-weight: 400;\"> u\u017esakymo sumos.<\/span>&nbsp;<\/li>\n<li style=\"font-weight: 400;\" aria-level=\"1\"><span style=\"font-weight: 400;\">At\u0161aukimai <\/span><b>likus ma\u017eiau nei 7 dienoms iki veiklos.<\/b><span style=\"font-weight: 400;\"> bus <\/span><b>100% mokestis<\/b><span style=\"font-weight: 400;\"> u\u017esakymo sumos.<\/span><\/li>\n<\/ul>\n<h4>\ud83d\udd14 <strong>J\u016bs\u0173 prabangus nuotykis su CanaryVIP<\/strong><\/h4>\n<ul>\n<li><strong>\u017dingsnis \u012f prabang\u0105<\/strong>: Pagerinkite savo apsilankym\u0105 Siamo parke ir apsistokite VIP name.<\/li>\n<li><strong>Sukurkite ilgalaikius prisiminimus<\/strong>: U\u017esisakykite kelion\u0119, kupin\u0105 prabangos, \u012fsp\u016bd\u017ei\u0173 ir nepamir\u0161tam\u0173 akimirk\u0173.<\/li>\n<\/ul>\n<\/div>\n<\/div>\n<\/div><\/div><\/div><\/div><\/div><\/div><\/div><\/section>","protected":false},"excerpt":{"rendered":"<p><strong>\ud83d\udd0d Siam Park House:<\/strong><br \/>\n\u2705 Saugus mok\u0117jimas.<br \/>\n\ud83d\ude80 Visos dienos VIP greitasis bilietas.<br \/>\n\ud83d\udc68\u200d\ud83d\udc69\u200d\ud83d\udc66 Kaina 6 sve\u010diams.<br \/>\n\ud83d\udc65 Tinka iki 10 \u017emoni\u0173.<br \/>\n\ud83d\udca6 Privati terasa su s\u016bkurine vonia.<br \/>\n\ud83d\udd10 \u012eskai\u010diuota spintel\u0117 ir rank\u0161luos\u010diai.<br \/>\n\ud83c\udf54 Neribotas maistas.<br \/>\n\ud83c\udf7a Neribotas gaivi\u0173j\u0173 g\u0117rim\u0173 ir alaus kiekis.<br \/>\n\ud83c\udfe0 Daugiau vietos? <a href=\"https:\/\/canaryvip.com\/lt\/shop\/siam-park-vip-villa\/\">Patikrinkite \"Siam Park Villa<\/a>.<br \/>\n\ud83e\udd11 Garantuojama geriausia kaina.<br \/>\n\ud83d\ude8d Nemokamas autobusas.<br \/>\n\ud83c\udf0d Parama keliomis kalbomis.<br \/>\n\ud83c\udf1f Rezervuokite dabar ir sutaupykite!<br \/>\n\ud83d\udc32 Atrask <a href=\"https:\/\/canaryvip.com\/lt\/product-category\/tenerife\/theme-parks-tenerife\/siam-park-tickets\/\">visi Siam Park bilietai \u010dia<\/a>!<br \/>\n\ud83d\udccd Rasti <a href=\"https:\/\/maps.app.goo.gl\/UfftQG3CrqW5R81r9\">Siamo parkas \"Google\" \u017eem\u0117lapiuose<\/a>!<\/p>","protected":false},"featured_media":8827,"comment_status":"open","ping_status":"closed","template":"","meta":{"_acf_changed":false},"product_brand":[],"product_cat":[54,55],"product_tag":[],"class_list":{"0":"post-8821","1":"product","2":"type-product","3":"status-publish","4":"has-post-thumbnail","6":"product_cat-theme-parks","7":"product_cat-siam-park-tickets","8":"wcpa_has_options","10":"first","11":"instock","12":"virtual","13":"purchasable","14":"product-type-simple"},"acf":[],"wcpa_form_fields":{"wcpaData":{"product":{"product_price":990,"price_html":"From&nbsp;<span class=\"woocommerce-Price-amount amount\"><bdi>990,00&nbsp;<span class=\"woocommerce-Price-currencySymbol\">&euro;<\/span><\/bdi><\/span>","original_product_price":990,"price_including_tax":990,"price_excluding_tax":990,"product_id":{"parent":8821,"variation":false},"is_variable":false,"stock_status":"instock","stock_quantity":null,"parent_sku":"CV8821","product_attributes":[],"custom_fields":[],"is_taxable":false,"product_name":"Siam Park VIP House","hasImage":false},"fields":{"sec_865dcbfa9364bf":{"extra":{"key":"sec_865dcbfa9364bf","section_id":"sec_865dcbfa9364bf","name":"Default","status":1,"cl_rule":"show","enableCl":false,"relations":[],"toggle":true,"title_tag":"h3","show_title":false,"showPrice":"default","form_id":10123,"form_rules":{"exclude_from_discount":true,"fee_label":"Fee","disp_hide_options_price":true,"disp_show_section_price":false,"disp_show_field_price":true,"layout_option":"standard","pric_use_as_fee":false,"process_fee_as":"woo_fee"},"layout_option":"standard"},"fields":[[{"active":true,"col":6,"relations":false,"cl_rule":"show","enableCl":false,"price":"","enablePrice":false,"className":"","label_position":"default","desc_position":"default","type":"date","required":false,"elementId":"date_565dcbfa9364dd","name":"date_565dcbfa9364dd","label":"\ud83d\udcc5 Date","picker_type":"custom","picker_mode":"single","error":false,"date_pic_inline":true,"date_pic_inline_hide":true,"min_date":{"type":"days","val":"3"},"max_date":{"type":"days_from_min","val":"500"},"date_pic_conf":{"disabledDates":["2024-06-18 to 2024-06-30","2024-07-01 to 2024-08-15","2024-08-16 to 2024-08-20","2024-08-21","2024-08-22 to 2024-08-23","2024-08-24","2024-08-25 to 2024-08-29","2024-08-30","2025-05-26 to 2025-05-29","2025-06-02","2025-06-20","2025-06-21 to 2025-06-24","2025-06-25","2025-06-26 to 2025-06-27","2025-06-30","2025-07-01","2025-07-03","2025-07-04","2025-07-06","2025-07-07 to 2025-07-08","2025-07-09","2025-07-10 to 2025-07-13","2025-07-14 to 2025-07-15","2025-07-16 to 2025-07-17","2025-07-18","2025-07-19","2025-07-20","2025-07-21","2025-07-22","2025-07-23","2025-07-24","2025-07-25","2025-07-26","2025-07-27","2025-07-28 to 2025-07-31","2025-08-01","2025-08-02","2025-08-03","2025-08-04","2025-08-05","2025-08-06","2025-08-07","2025-08-08 to 2025-08-09","2025-08-10","2025-08-11 to 2025-08-12","2025-08-13","2025-08-14","2025-08-15","2025-08-16 to 2025-08-18","2025-08-19","2025-08-20","2025-08-21","2025-08-22","2025-08-23","2025-08-24","2025-08-25","2025-08-26","2025-08-27","2025-08-28 to 2025-08-31","2026-03-31 to 2026-04-11"]},"isWeightTemplate":false,"isTemplate":false,"min_quantity":"1","quantity_decimal":false,"quantity_step":"1","quantity_label":"Quantity","repeater_field_label":"{field_label}","repeater_bind":"","gt_translate_keys":["label","repeater_field_label","quantity_label"],"price_dependency":false,"cl_dependency":false,"value":""}],[{"active":true,"col":6,"relations":false,"cl_rule":"show","enableCl":false,"price":"","enablePrice":true,"className":"","label_position":"default","desc_position":"default","type":"select","required":false,"elementId":"select_965dcbfa9364eb","label":"\ud83d\udc64 Group Size","name":"select_965dcbfa9364eb","values":[{"label":"1 Person (990\u20ac)","value":"1 Person","selected":false,"tempId":"aco_670","price":"990","gt_translate_keys":["label"]},{"label":"2 People (990\u20ac)","value":"2 People","selected":false,"tempId":"aco_671","price":"990","gt_translate_keys":["label"]},{"label":"3 People (990\u20ac)","value":"3 People","selected":false,"tempId":"aco_672","price":"990","gt_translate_keys":["label"]},{"label":"4 People (990\u20ac)","value":"4 People","selected":false,"tempId":"aco_898","price":"990","gt_translate_keys":["label"]},{"label":"5 People (990\u20ac)","value":"5 People","selected":false,"tempId":"aco_908","price":"990","gt_translate_keys":["label"]},{"label":"6 People (990\u20ac)","value":"6 People","selected":false,"tempId":"aco_1062","price":"990","gt_translate_keys":["label"]},{"label":"\u2500 Beyond 6 people, each extra person costs \u20ac165 \u2500","value":"\u2500 Beyond 6 people, each extra person costs \u20ac165 \u2500","selected":false,"tempId":"aco_1784","price":"990","gt_translate_keys":["label"]},{"label":"7 People (1.155\u20ac)","value":"7 People","selected":false,"tempId":"aco_2967","price":"1155","gt_translate_keys":["label"]},{"label":"8 People (1.320\u20ac)","value":"8 People","selected":false,"tempId":"aco_3049","price":"1320","gt_translate_keys":["label"]},{"label":"9 People (1.485\u20ac)","value":"9 People","selected":false,"tempId":"aco_3131","price":"1485","gt_translate_keys":["label"]},{"label":"10 People (1.650\u20ac)","value":"10 People","selected":false,"tempId":"aco_3213","price":"1650","gt_translate_keys":["label"]}],"dropdown_type":"basic","error":false,"placeholder":"None","priceOptions":"different_for_all","pricingType":"fixed","gt_translate_keys":["label","placeholder"],"price_dependency":false,"cl_dependency":false,"value":""}]]}},"config":{"price_override":"always","enable_recaptcha":false,"bind_quantity":false,"quantity_bind_formula":false,"disp_summ_show_option_price":false,"disp_summ_show_product_price":false,"disp_summ_show_total_price":true,"disp_summ_show_fee":false,"disp_summ_show_discount":false,"summary_title":"","options_total_label":"Options Price","total_label":"Total","options_product_label":"Product Price","fee_label":"Fee","discount_label":"Discount","has_price":true,"has_quantity_formula":false},"mc_unit":1,"tax_rate":1,"tax_rate_real":1,"discount":{"percentage":0,"fixed":0},"design":{"conf":{"LabelPosition":"above","DescPosition":"above","UploadField":"custom_1","QuantityFieldStyle":"custom_1"},"css":{"LeftLabelWidth":"120px"}},"formulas":[],"lookuptables":[],"clones":false,"cartKey":false}},"_links":{"self":[{"href":"https:\/\/canaryvip.com\/lt\/wp-json\/wp\/v2\/product\/8821","targetHints":{"allow":["GET"]}}],"collection":[{"href":"https:\/\/canaryvip.com\/lt\/wp-json\/wp\/v2\/product"}],"about":[{"href":"https:\/\/canaryvip.com\/lt\/wp-json\/wp\/v2\/types\/product"}],"replies":[{"embeddable":true,"href":"https:\/\/canaryvip.com\/lt\/wp-json\/wp\/v2\/comments?post=8821"}],"wp:featuredmedia":[{"embeddable":true,"href":"https:\/\/canaryvip.com\/lt\/wp-json\/wp\/v2\/media\/8827"}],"wp:attachment":[{"href":"https:\/\/canaryvip.com\/lt\/wp-json\/wp\/v2\/media?parent=8821"}],"wp:term":[{"taxonomy":"product_brand","embeddable":true,"href":"https:\/\/canaryvip.com\/lt\/wp-json\/wp\/v2\/product_brand?post=8821"},{"taxonomy":"product_cat","embeddable":true,"href":"https:\/\/canaryvip.com\/lt\/wp-json\/wp\/v2\/product_cat?post=8821"},{"taxonomy":"product_tag","embeddable":true,"href":"https:\/\/canaryvip.com\/lt\/wp-json\/wp\/v2\/product_tag?post=8821"}],"curies":[{"name":"wp","href":"https:\/\/api.w.org\/{rel}","templated":true}]}}