{"id":8817,"date":"2024-01-15T12:16:37","date_gmt":"2024-01-15T12:16:37","guid":{"rendered":"https:\/\/canaryvip.com\/?post_type=product&#038;p=8817"},"modified":"2025-09-19T12:01:26","modified_gmt":"2025-09-19T11:01:26","slug":"siam-park-vip-cabin","status":"publish","type":"product","link":"https:\/\/canaryvip.com\/lt\/shop\/siam-park-vip-cabin\/","title":{"rendered":"Siamo parko VIP kajut\u0117"},"content":{"rendered":"<section class=\"l-section wpb_row height_medium\"><div class=\"l-section-h i-cf\"><div class=\"g-cols vc_row via_flex valign_top type_default stacking_default\"><div class=\"vc_col-sm-12 wpb_column vc_column_container\"><div class=\"vc_column-inner\"><div class=\"wpb_wrapper\"><div class=\"wpb_text_column\"><div class=\"wpb_wrapper\"><h2><strong>\ud83c\udfdd\ufe0f Siamo parko VIP kabanos patirtis su CanaryVIP<\/strong><\/h2>\n<p>Sveiki atvyk\u0119 \u012f Siamo park\u0105 - pagrindin\u0119 Tenerif\u0117s vandens karalyst\u0119, gars\u0117jan\u010di\u0105 \u012fsp\u016bdingais atrakcionais, nuostabiais peiza\u017eais ir did\u017eiausiais vandens nuotykiais. Nuo adrenalino kupin\u0173 <strong>Galios bok\u0161tas<\/strong> \u012f atsipalaidavimo <strong>Mai Thai up\u0117,<\/strong>\u00a0kiekvienas ras k\u0105 nors sau. Pasinerkite \u012f pasaul\u012f, kuriame jaudulys dera su poilsiu, ir padarykite savo apsilankym\u0105 tikrai nepamir\u0161tam\u0105 su <strong>\"VIP Cabana\" patirtis. <\/strong><\/p>\n<p>Su\u017einokite, kod\u0117l Siam Park yra geriausia vieta \u0161eimos linksmyb\u0117ms, poilsiui ir nuotykiams atogr\u0105\u017e\u0173 rojuje. Patirkite geriausias vandens pramogas ir sukurkite prisiminimus, kurie i\u0161liks visam gyvenimui.<\/p>\n<h3><strong>\ud83c\udf1f I\u0161skirtinis Cabana pasirinkimas<\/strong><\/h3>\n<ul>\n<li><strong>Tailando \u012fkv\u0117ptos temos<\/strong>: Pasirinkite \"Cabana Phuket\", \u010ciangmaj\u0173 arba Ratabur\u012f - kiekviename i\u0161 j\u0173 rasite ram\u0173 Tailando \u012fkv\u0117pt\u0105 prieglobst\u012f.<\/li>\n<li><strong>Neprilygstamas komfortas<\/strong>: M\u0117gaukit\u0117s mink\u0161tomis sofomis, du\u0161ais priva\u010dioje terasoje ir gultais, kad gal\u0117tum\u0117te atsipalaiduoti ir m\u0117gautis prabanga.<\/li>\n<li><strong>\u012etraukti rank\u0161luos\u010diai<\/strong>: Nereikia jaudintis d\u0117l rank\u0161luos\u010di\u0173 pakavimo - j\u0173 yra j\u016bs\u0173 patogumui.<\/li>\n<li><strong>Komforto ventiliatorius<\/strong>: I\u0161likite v\u0117s\u016bs su pridedamu ventiliatoriumi.<\/li>\n<li><strong>Apsaugokite savo daiktus<\/strong>: Kad gal\u0117tum\u0117te ramiai naudotis seifu.<\/li>\n<\/ul>\n<h3><strong>\ud83c\udfa5 Pramogos ir komfortas kabinoje<\/strong><\/h3>\n<ul>\n<li><strong>Televizorius ir DVD grotuvas<\/strong>: Kiekvienoje kajut\u0117je yra televizorius ir DVD grotuvas, kad gal\u0117tum\u0117te pramogauti.<\/li>\n<li><strong>Gaivieji g\u0117rimai po ranka<\/strong>: Minibaras su \u012fvairiais g\u0117rimais, kad gal\u0117tum\u0117te patenkinti savo pageidavimus.<\/li>\n<\/ul>\n<h3><strong>\ud83c\udfa2 Pirmenybin\u0117 prieiga su VIP greituoju leidimu<\/strong><\/h3>\n<ul>\n<li><strong>Momentinis traukos \u012fra\u0161as<\/strong>: Su specialiomis VIP sve\u010diams skirtomis apyrank\u0117mis gal\u0117site i\u0161 karto patekti \u012f visus atrakcionus, i\u0161vengti eili\u0173 ir maksimaliai pails\u0117ti.<\/li>\n<\/ul>\n<h3>\ud83c\udf74 <strong>\"Viskas \u012fskai\u010diuota\" maitinimas ir g\u0117rimai<\/strong><\/h3>\n<ul>\n<li><strong>\u012evairios maitinimo parinktys<\/strong>: Parke rasite daugyb\u0119 kulinarini\u0173 patiekal\u0173, pritaikyt\u0173 visiems skoniams.<\/li>\n<li><strong>Neribotas g\u0117rim\u0173 kiekis<\/strong>: M\u0117gaukit\u0117s nemokamais gaiviaisiais g\u0117rimais, alumi, vandeniu ir ledais, kad b\u016btum\u0117te apsir\u016bpin\u0119 vandeniu ir patenkinti.<\/li>\n<\/ul>\n<h3><strong>\ud83d\udcb0 I\u0161skirtin\u0117 kaina ir vert\u0117<\/strong><\/h3>\n<ul>\n<li><strong>Visapusi\u0161kas tarifas<\/strong>: VIP kajut\u0117s kaina - 610 \u20ac, joje gali apsistoti nuo 1 iki 4 sve\u010di\u0173. Nesvarbu, ar tai b\u016bt\u0173 individualus nuotykis, ar keturi\u0173 asmen\u0173 grup\u0117, kaina i\u0161lieka tokia pati, u\u017etikrinant i\u0161skirtinum\u0105 ir privatum\u0105.<\/li>\n<li><strong>Papildomas sve\u010di\u0173 lankstumas<\/strong>: Jei j\u016bs\u0173 grup\u0119 sudaro daugiau nei keturi asmenys, galite prid\u0117ti iki 2 papildom\u0173 sve\u010di\u0173 u\u017e 151 \u20ac u\u017e kiekvien\u0105, tod\u0117l \u0161i\u0105 paslaug\u0105 galima pritaikyti \u012fvairaus dyd\u017eio grup\u0117ms.<\/li>\n<li><strong>Specialios vasaros kainos:<\/strong> U\u017efiksuokite \u0161ias kainas net ir judriais vasaros m\u0117nesiais - liep\u0105 ir rugpj\u016bt\u012f.<\/li>\n<li><strong>Ankstyvo u\u017esakymo privalumas:<\/strong> U\u017esisakydami dabar, i\u0161vengsite kain\u0173 \u0161uoli\u0173 - u\u017esitikrinkite \u0161iandienin\u0119 kain\u0105 b\u016bsimam apsilankymui!<\/li>\n<\/ul>\n<h3><strong>\ud83d\ude8c Patogus ir nemokamas transportas<\/strong><\/h3>\n<ul>\n<li><strong>Kelion\u0117s be streso<\/strong>: Naudokit\u0117s nemokama Siamo parko autobus\u0173 paslauga, kuri si\u016blo reguliar\u0173 ir patog\u0173 susisiekim\u0105.<\/li>\n<li><strong>Plati apr\u0117ptis<\/strong>: Tenerif\u0117je yra kelios pa\u0117mimo vietos, kad b\u016bt\u0173 lengva nuvykti \u012f park\u0105 ir i\u0161 jo i\u0161vykti.<\/li>\n<\/ul>\n<h3><strong>\u23f0 Suplanuokite savo did\u017eiausi\u0105 patirt\u012f<\/strong><\/h3>\n<ul>\n<li><strong>Dirbame visus metus<\/strong>: Vasar\u0105 (10-18 val.), \u017eiem\u0105 (10-17 val.).<\/li>\n<li><strong>Prieinamas ir vaizdingas<\/strong>: \u012esik\u016br\u0119s gyvybingoje Kosta Adech\u0117s vietov\u0117je, i\u0161 kurios atsiveria gra\u017e\u016bs vaizdai ir yra lengvai pasiekiamas.<\/li>\n<\/ul>\n<h3><strong>\ud83d\udd14 J\u016bs\u0173 laukia prabangus nuotykis su CanaryVIP<\/strong><\/h3>\n<ul>\n<li><strong>\u017dingsnis \u012f prabang\u0105<\/strong>: Pagerinkite savo apsilankym\u0105 Siamo parke apsistodami VIP kajut\u0117je.<\/li>\n<li><strong>Sukurkite nepamir\u0161tamus prisiminimus<\/strong>: U\u017esisakykite \u0161iandien ir leiskit\u0117s \u012f prabangos, \u012fsp\u016bd\u017ei\u0173 ir nepamir\u0161tam\u0173 akimirk\u0173 kupin\u0105 kelion\u0119.<\/li>\n<\/ul>\n<h3><b>\u274c At\u0161aukimo s\u0105lygos<\/b><\/h3>\n<ul>\n<li style=\"font-weight: 400;\" aria-level=\"1\"><span style=\"font-weight: 400;\">At\u0161aukti u\u017esakymai <\/span><b>likus vienam m\u0117nesiui ar daugiau iki veiklos datos.<\/b><span style=\"font-weight: 400;\"> nebus imamas mokestis.<\/span>&nbsp;<\/li>\n<li style=\"font-weight: 400;\" aria-level=\"1\"><span style=\"font-weight: 400;\">At\u0161aukti u\u017esakymai <\/span><b>nuo vieno m\u0117nesio iki 7 dien\u0173<\/b><span style=\"font-weight: 400;\"> bus imamas mokestis <\/span><b>60% visos sumos<\/b><span style=\"font-weight: 400;\">.<\/span>&nbsp;<\/li>\n<li style=\"font-weight: 400;\" aria-level=\"1\"><span style=\"font-weight: 400;\">At\u0161aukti u\u017esakymai <\/span><b>ma\u017eiau nei prie\u0161 7 dienas.<\/b><span style=\"font-weight: 400;\"> bus imamas mokestis <\/span><b>vis\u0105 sum\u0105 (100%).<\/b><span style=\"font-weight: 400;\">.<\/span><\/li>\n<\/ul>\n<h3>\ud83c\udf1f Pagerinkite savo nuotykius su CanaryVIP<\/h3>\n<p>U\u017esisakykite VIP kabinos patirt\u012f su CanaryVIP dar \u0161iandien ir u\u017esitikrinkite, kad j\u016bs\u0173 apsilankymas Siam Park bus prabangus ir suteiks nepamir\u0161tam\u0173 akimirk\u0173. M\u0117gaukit\u0117s i\u0161skirtiniais privalumais, pirmenybine prieiga ir i\u0161skirtiniu komfortu, kad kiekviena j\u016bs\u0173 nuotykio akimirka b\u016bt\u0173 i\u0161ties ypatinga.<\/p>\n<p>Nepraleiskite progos susikurti nei\u0161dildom\u0173 \u012fsp\u016bd\u017ei\u0173 geriausioje Tenerif\u0117s vandens karalyst\u0117je. U\u017esisakykite savo VIP kajut\u0119 dabar ir leiskit\u0117s \u012f did\u017eiausi\u0105 poilsio, \u012fsp\u016bd\u017ei\u0173 ir prabangos kelion\u0119!<\/p>\n<\/div><\/div><\/div><\/div><\/div><\/div><\/div><\/section>","protected":false},"excerpt":{"rendered":"<p><strong>\ud83d\udd0d Siam Park Cabana:<\/strong><br \/>\n\u2705 Saugus mok\u0117jimas.<br \/>\n\ud83d\ude80 Visos dienos VIP greitasis bilietas.<br \/>\n\ud83d\udc68\u200d\ud83d\udc69\u200d\ud83d\udc66 Kaina taikoma 4 sve\u010diams.<br \/>\n\ud83d\udc65 Tinka iki 6 \u017emoni\u0173.<br \/>\n\ud83d\udd10 \u012eskai\u010diuota spintel\u0117 ir rank\u0161luos\u010diai.<br \/>\n\ud83c\udf54 Neribotas maistas.<br \/>\n\ud83c\udf7a Neribotas nealkoholini\u0173 g\u0117rim\u0173 ir alaus kiekis.<br \/>\n\ud83c\udfe0 Daugiau vietos? Patikrinkite <a href=\"https:\/\/canaryvip.com\/lt\/shop\/siam-park-vip-house\/\">Siam Park House<\/a>.<br \/>\n\ud83e\udd11 Garantuojama geriausia kaina.<br \/>\n\ud83d\ude8d Nemokamas autobusas.<br \/>\n\ud83c\udf0d Parama keliomis kalbomis.<br \/>\n\ud83c\udf1f Rezervuokite dabar ir sutaupykite!<br \/>\n\ud83d\udc32 Atrask <a href=\"https:\/\/canaryvip.com\/lt\/product-category\/tenerife\/theme-parks-tenerife\/siam-park-tickets\/\">visi Siam Park bilietai \u010dia<\/a>!<br \/>\n\ud83d\udccd Rasti <a href=\"https:\/\/maps.app.goo.gl\/UfftQG3CrqW5R81r9\">Siamo parkas \"Google\" \u017eem\u0117lapiuose<\/a>!<\/p>","protected":false},"featured_media":8819,"comment_status":"open","ping_status":"closed","template":"","meta":{"_acf_changed":false},"product_brand":[],"product_cat":[54,55],"product_tag":[],"class_list":{"0":"post-8817","1":"product","2":"type-product","3":"status-publish","4":"has-post-thumbnail","6":"product_cat-theme-parks","7":"product_cat-siam-park-tickets","8":"wcpa_has_options","10":"first","11":"instock","12":"virtual","13":"purchasable","14":"product-type-simple"},"acf":[],"wcpa_form_fields":{"wcpaData":{"product":{"product_price":660,"price_html":"From&nbsp;<span class=\"woocommerce-Price-amount amount\"><bdi>660,00&nbsp;<span class=\"woocommerce-Price-currencySymbol\">&euro;<\/span><\/bdi><\/span>","original_product_price":660,"price_including_tax":660,"price_excluding_tax":660,"product_id":{"parent":8817,"variation":false},"is_variable":false,"stock_status":"instock","stock_quantity":null,"parent_sku":"CV8817","product_attributes":[],"custom_fields":[],"is_taxable":false,"product_name":"Siam Park VIP Cabin","hasImage":false},"fields":{"sec_765dcbaa6daedc":{"extra":{"key":"sec_765dcbaa6daedc","section_id":"sec_765dcbaa6daedc","name":"Default","status":1,"cl_rule":"show","enableCl":false,"relations":[],"toggle":true,"title_tag":"h3","show_title":false,"showPrice":"default","form_id":10122,"form_rules":{"exclude_from_discount":true,"fee_label":"Fee","disp_hide_options_price":true,"disp_show_section_price":false,"disp_show_field_price":true,"layout_option":"standard","pric_use_as_fee":false,"process_fee_as":"woo_fee"},"layout_option":"standard"},"fields":[[{"active":true,"col":6,"relations":false,"cl_rule":"show","enableCl":false,"price":"","enablePrice":false,"className":"","label_position":"default","desc_position":"default","type":"date","required":false,"elementId":"date_9651671511","name":"date_9651671511","label":"\ud83d\udcc5 Date","picker_type":"custom","picker_mode":"single","error":false,"date_pic_inline":true,"date_pic_inline_hide":true,"min_date":{"type":"days","val":"3"},"max_date":{"type":"days_from_min","val":"700"},"date_pic_conf":{"disabledDates":["2025-07-01 to 2025-08-31","2025-10-01 to 2025-11-01","2026-04-01","2026-04-02 to 2026-04-07","2026-04-08"],"enabledDates":[]},"isWeightTemplate":false,"isTemplate":false,"min_quantity":"1","quantity_decimal":false,"quantity_step":"1","quantity_label":"Quantity","repeater_field_label":"{field_label}","repeater_bind":"","gt_translate_keys":["label","repeater_field_label","quantity_label"],"price_dependency":false,"cl_dependency":false,"value":""}],[{"active":true,"col":6,"relations":false,"cl_rule":"show","enableCl":false,"price":"","enablePrice":true,"className":"","label_position":"default","desc_position":"default","type":"select","required":false,"elementId":"select_5229375457","label":"\ud83d\udc64 Group Size","name":"select_5229375457","values":[{"label":"1 Person (660\u20ac)","value":"1 Person","selected":false,"tempId":"aco_670","price":"660","gt_translate_keys":["label"]},{"label":"2 People (660\u20ac)","value":"2 People","selected":false,"tempId":"aco_671","price":"660","gt_translate_keys":["label"]},{"label":"3 People (660\u20ac)","value":"3 People","selected":false,"tempId":"aco_672","price":"660","gt_translate_keys":["label"]},{"label":"4 People (660\u20ac)","value":"4 People","selected":false,"tempId":"aco_898","price":"660","gt_translate_keys":["label"]},{"label":"\u2500 Beyond 4 people, each extra person costs \u20ac165 \u2500","value":"\u2500 Beyond 4 people, each extra person costs \u20ac165 \u2500","selected":false,"tempId":"aco_1784","price":"660","gt_translate_keys":["label"]},{"label":"5 People (825\u20ac)","value":"5 People","selected":false,"tempId":"aco_908","price":"825","gt_translate_keys":["label"]},{"label":"6 People (990\u20ac)","value":"6 People","selected":false,"tempId":"aco_1062","price":"990","gt_translate_keys":["label"]}],"dropdown_type":"basic","error":false,"placeholder":"None","priceOptions":"different_for_all","pricingType":"fixed","gt_translate_keys":["label","placeholder"],"price_dependency":false,"cl_dependency":false,"value":""}]]}},"config":{"price_override":"always","enable_recaptcha":false,"bind_quantity":false,"quantity_bind_formula":false,"disp_summ_show_option_price":false,"disp_summ_show_product_price":false,"disp_summ_show_total_price":true,"disp_summ_show_fee":false,"disp_summ_show_discount":false,"summary_title":"","options_total_label":"Options Price","total_label":"Total","options_product_label":"Product Price","fee_label":"Fee","discount_label":"Discount","has_price":true,"has_quantity_formula":false},"mc_unit":1,"tax_rate":1,"tax_rate_real":1,"discount":{"percentage":0,"fixed":0},"design":{"conf":{"LabelPosition":"above","DescPosition":"above","UploadField":"custom_1","QuantityFieldStyle":"custom_1"},"css":{"LeftLabelWidth":"120px"}},"formulas":[],"lookuptables":[],"clones":false,"cartKey":false}},"_links":{"self":[{"href":"https:\/\/canaryvip.com\/lt\/wp-json\/wp\/v2\/product\/8817","targetHints":{"allow":["GET"]}}],"collection":[{"href":"https:\/\/canaryvip.com\/lt\/wp-json\/wp\/v2\/product"}],"about":[{"href":"https:\/\/canaryvip.com\/lt\/wp-json\/wp\/v2\/types\/product"}],"replies":[{"embeddable":true,"href":"https:\/\/canaryvip.com\/lt\/wp-json\/wp\/v2\/comments?post=8817"}],"wp:featuredmedia":[{"embeddable":true,"href":"https:\/\/canaryvip.com\/lt\/wp-json\/wp\/v2\/media\/8819"}],"wp:attachment":[{"href":"https:\/\/canaryvip.com\/lt\/wp-json\/wp\/v2\/media?parent=8817"}],"wp:term":[{"taxonomy":"product_brand","embeddable":true,"href":"https:\/\/canaryvip.com\/lt\/wp-json\/wp\/v2\/product_brand?post=8817"},{"taxonomy":"product_cat","embeddable":true,"href":"https:\/\/canaryvip.com\/lt\/wp-json\/wp\/v2\/product_cat?post=8817"},{"taxonomy":"product_tag","embeddable":true,"href":"https:\/\/canaryvip.com\/lt\/wp-json\/wp\/v2\/product_tag?post=8817"}],"curies":[{"name":"wp","href":"https:\/\/api.w.org\/{rel}","templated":true}]}}