{"id":8688,"date":"2024-01-12T17:20:38","date_gmt":"2024-01-12T16:20:38","guid":{"rendered":"https:\/\/canaryvip.com\/?post_type=product&#038;p=8688"},"modified":"2026-03-06T17:11:19","modified_gmt":"2026-03-06T17:11:19","slug":"loro-parque-tickets","status":"publish","type":"product","link":"https:\/\/canaryvip.com\/lt\/shop\/loro-parque-tickets\/","title":{"rendered":"Pirkti Loro Parque bilietus"},"content":{"rendered":"<h2>\ud83c\udf05 Loro Parque bilietai<\/h2>\n<p>\u017denkite \u017eingsn\u012f \u012f kerint\u012f pasaul\u012f <strong>Loro Parque bilietai,<\/strong> \u012fvairios laukin\u0117s gamtos ir gamtos gro\u017eio prieglobstyje Puerto de la Kruso mieste, \u0160iaur\u0117s Tenerif\u0117je. \u0160is garsus parkas si\u016blo unikal\u0173 gamtosaugos, \u0161vietimo ir pramog\u0173 derin\u012f, tod\u0117l j\u012f b\u016btina aplankyti tiek gamtos myl\u0117tojams, tiek nuotyki\u0173 ie\u0161kotojams.<\/p>\n<p>Gro\u017e\u0117kit\u0117s nuostabia gyv\u016bn\u0173 \u012fvairove - nuo diding\u0173 tigr\u0173 iki \u017eaisming\u0173 delfin\u0173 - ir pasinerkite \u012f gra\u017eiai sutvarkytus sodus bei sodri\u0105 tropin\u0119 aplink\u0105. Kiekviename \u017eingsnyje patirkite did\u017eiausius nuotykius ir atradimus, sukurian\u010dius nepamir\u0161tamus prisiminimus \u012fvairaus am\u017eiaus lankytojams.<\/p>\n<p><strong>Pirkti \"Loro Parque\" bilietus<\/strong> per CanaryVIP, kad be vargo patektum\u0117te \u012f \u0161\u012f u\u017eburiant\u012f zoologijos sod\u0105, kuriame gamtos stebuklai laukia, kad jus apstulbint\u0173 ir prad\u017eiugint\u0173. M\u0117gaukit\u0117s skland\u017eia patirtimi ir sutelkite d\u0117mes\u012f \u012f \u012fsp\u016bd\u017eius ir gro\u017e\u012f, kuriuos si\u016blo Loro Parque.<\/p>\n<h3>\ud83c\udfad Gyv\u016bn\u0173 parodos, kurias b\u016btina pamatyti<\/h3>\n<p>Su CanaryVIP bilietu gal\u0117site apsilankyti garsiuose Loro Parque gyv\u016bn\u0173 pasirodymuose:<\/p>\n<ul>\n<li><strong>Ork\u0173 \u0161ou<\/strong>: Tapkite \u0161i\u0173 diding\u0173 b\u016btybi\u0173 galios liudininkais.<\/li>\n<li><strong>Delfin\u0173 \u0161ou<\/strong>: Stebina \u017eaismingi ir protingi delfinai.<\/li>\n<li><strong>J\u016br\u0173 li\u016bt\u0173 \u0161ou<\/strong>: M\u0117gaukit\u0117s \u0161i\u0173 \u017eavi\u0173 gyv\u016bn\u0173 i\u0161daigomis.<\/li>\n<li><strong>Pap\u016bg\u0173 paroda<\/strong>: Pasigro\u017e\u0117kite \u012fvairi\u0173 r\u016b\u0161i\u0173 pap\u016bg\u0173 spalvomis ir \u012fg\u016bd\u017eiais.<\/li>\n<li><strong>Gamtos vizija<\/strong>: 20 minu\u010di\u0173 trukm\u0117s kinematografin\u0117 kelion\u0117 \u012f laukin\u0119 gamt\u0105.<\/li>\n<\/ul>\n<h3>\ud83d\udc3e Pa\u017einkite laukin\u0117s gamtos stebuklus<\/h3>\n<p>Leiskit\u0117s \u012f kvap\u0105 gniau\u017eian\u010di\u0105 kelion\u0119 Tailando \u012fkv\u0117ptoje oaz\u0117je.<\/p>\n<p><span style=\"text-decoration: underline;\">Patirkite baim\u0119:<\/span><\/p>\n<ul>\n<li>susitikimas su didingais jaguarais, li\u016btais ir tigrais<\/li>\n<li>Goril\u0173 stipryb\u0117s ir raudon\u0173j\u0173 pand\u0173 \u017eavesio steb\u0117jimas<\/li>\n<li>\u017davisi \u017eaismingais j\u016br\u0173 li\u016btais<\/li>\n<li>\u017davit\u0117s daugiau nei 400 r\u016b\u0161i\u0173 pap\u016bg\u0173 \u012fvairove<\/li>\n<li>Pasinerkite \u012f vandens stebuklus rykli\u0173 ir med\u016bz\u0173 akvariumuose<\/li>\n<li>Susi\u017eav\u0117jimas pingvin\u0173, delfin\u0173 ir ork\u0173 eksponatais<\/li>\n<\/ul>\n<h4>\ud83d\ude8d Nemokamas perve\u017eimas autobusu i\u0161 Piet\u0173 Tenerif\u0117s<\/h4>\n<p>M\u0117gaukit\u0117s patogiu perve\u017eimu i\u0161 toki\u0173 populiari\u0173 viet\u0173 kaip Kosta Adech\u0117, Playa de las Am\u00e9ricas ir Los Cristianos. Atsis\u0117skite ir d\u017eiaukit\u0117s b\u016bsimu nuotykiu, o mes pasir\u016bpinsime, kad ten nuvyktum\u0117te. M\u016bs\u0173 visi\u0161kai kondicionuojami autobusai u\u017etikrina skland\u017ei\u0105 ir maloni\u0105 kelion\u0119 iki pat Loro Parque.<\/p>\n<h4>\ud83c\udfab Lanks\u010dios biliet\u0173 \u012fsigijimo galimyb\u0117s<\/h4>\n<p>I\u0161 CanaryVIP.com \u012fsigyt\u0105 \"Loro Parque\" biliet\u0105 galite aplankyti bet kuri\u0105 dien\u0105 per 6 m\u0117nesius nuo \u012fsigijimo datos. M\u0117gaukit\u0117s laisve planuoti apsilankym\u0105 jums patogiu metu.<\/p>\n<h4>\ud83d\udc6f Dvigubo bilieto specialusis pasi\u016blymas: Loro Parque + Siam Park<\/h4>\n<p>Maksimaliai i\u0161naudokite savo Tenerif\u0117s nuotykius su m\u016bs\u0173 i\u0161skirtiniu <a href=\"https:\/\/canaryvip.com\/lt\/shop\/twin-ticket-siam-park-and-loro-parque\/\">Dvigubo bilieto pasi\u016blymas<\/a>. I\u0161bandykite Loro Parque ir Siam Park stebuklus su nuolaida. M\u0117gaukit\u0117s jaudinan\u010diais Siam Park vandens atrakcionais ir kerin\u010diu Loro Parque laukin\u0117s gamtos eksponat\u0173 gro\u017eiu - visa tai su vienu patogiu bilietu. Dvi nepamir\u0161tamos patirtys u\u017e vien\u0105 ne\u012ftik\u0117tin\u0105 kain\u0105.<\/p>\n<p>Nepraleiskite \u0161io nepakartojamo pasi\u016blymo - \u012fsigykite Twin Ticket \u0161iandien ir sukurkite prisiminimus, kurie i\u0161liks visam gyvenimui!<\/p>\n<h4>\ud83d\udccdBuvein\u0117<\/h4>\n<p>Loro Parque \u012fsik\u016br\u0119s vaizdingame Puerto de la Cruz regione, \u0160iaur\u0117s Tenerif\u0117je. Pasirinktinai galima naudotis transporto paslaugomis i\u0161 pietin\u0117s arba \u0161iaurin\u0117s Tenerif\u0117s dalies. <a href=\"https:\/\/www.google.com\/maps\/place\/Loro+Parque\/@28.408541,-16.5661227,15z\/data=!4m6!3m5!1s0xc6a7fc6f1bca7a1:0x2d783f66b7a8b668!8m2!3d28.408541!4d-16.5661227!16zL20vMDhmampn?entry=tts\" target=\"_blank\" rel=\"noopener\">Patikrinkite adres\u0105 \"Google Maps<\/a>.<\/p>\n<h4>\ud83c\udf1f Kod\u0117l verta pirkti bilietus CanaryVIP.com?<\/h4>\n<p>Pasinerkite \u012f kerint\u012f Loro Parque pasaul\u012f su CanaryVIP, j\u016bs\u0173 pasirinkimas numeris vienas <strong>pirkti \"Loro Parque\" bilietus.<\/strong>\u00a0Kai nusprend\u017eiate <strong>pirkti Loro Parque bilietus<\/strong> naudodamiesi CanaryVIP galite ne tik lengvai u\u017esisakyti bilietus, bet ir i\u0161vengti ilg\u0173 eili\u0173 prie biliet\u0173 parke.<\/p>\n<p>M\u016bs\u0173 unikal\u016bs pasi\u016blymai yra neprilygstami, nes suteikia puiki\u0105 vert\u0119 ir lankstumo aplankyti \"Loro Parque\" stebuklus pagal savo tvarkara\u0161t\u012f. Nuo gyvybing\u0173 gyv\u016bn\u0173 pasirodym\u0173 iki priart\u0117jimo prie diding\u0173 laukini\u0173 gyv\u016bn\u0173 ar tiesiog nuostabaus gamtos peiza\u017eo, sprendimas <strong>pirkti Loro Parque bilietus i\u0161<\/strong>m CanaryVIP - tai j\u016bs\u0173 bilietas \u012f skland\u0173 ir nepamir\u0161tam\u0105 nuotyk\u012f Tenerif\u0117s laukin\u0117s gamtos rojaus \u0161irdyje.<\/p>\n<p><span style=\"text-decoration: underline;\">U\u017esisakykite \"Loro Parque\" nuotyk\u012f jau \u0161iandien!<\/span><\/p>","protected":false},"excerpt":{"rendered":"<p><strong>\ud83d\udd0d Loro Parque \u012fva\u017eiavimo bilietai:<\/strong><br \/>\n\u2705 Saugus mok\u0117jimas.<br \/>\n\ud83d\ude80 Greitasis \u012fva\u017eiavimas leidim\u0173 tur\u0117tojams.<br \/>\n\ud83d\udd59 Dirbame nuo 09:30 iki 17:30 val.<br \/>\n\ud83d\udc2c Prieiga prie vis\u0173 laid\u0173.<br \/>\n\ud83e\udd11 Garantuojama geriausia kaina.<br \/>\n\ud83d\ude8d Galimos autobus\u0173 paslaugos.<br \/>\n\ud83d\udc6a Nuolaidos grupiniams u\u017esakymams.<br \/>\n\ud83d\udd0d Patikrinti <a href=\"https:\/\/canaryvip.com\/wp-content\/uploads\/2024\/01\/Map_ING_LOROPARQUE.pdf\">Loro Parque \u017eem\u0117lapis<\/a>.<br \/>\n\ud83d\udd01 Iki 72h At\u0161aukimas.<br \/>\n\ud83c\udf0d Parama keliomis kalbomis.<br \/>\n\ud83c\udf1f Rezervuokite dabar ir sutaupykite!<br \/>\n2\ufe0f\u20e3 Patikrinkite pasi\u016blym\u0105 <a href=\"https:\/\/canaryvip.com\/lt\/shop\/buy-twin-ticket-siam-park-and-loro-parque\/\">\"Siam\" + \"Loro Parque<\/a>.<br \/>\n\ud83d\udc32 Atrask <a href=\"https:\/\/canaryvip.com\/lt\/product-category\/tenerife\/theme-parks-tenerife\/loro-parque-tickets\/\">visi Loro Parque Bilietai \u010dia<\/a>!<br \/>\n\ud83d\udccd Rasti <a href=\"https:\/\/maps.app.goo.gl\/Rt8EAYEVgmkqjJry8\">\"Loro Parque\" \"Google\" \u017eem\u0117lapiuose<\/a>!<\/p>","protected":false},"featured_media":8690,"comment_status":"open","ping_status":"closed","template":"","meta":{"_acf_changed":false},"product_brand":[],"product_cat":[54,56],"product_tag":[],"class_list":{"0":"post-8688","1":"product","2":"type-product","3":"status-publish","4":"has-post-thumbnail","6":"product_cat-theme-parks","7":"product_cat-loro-parque-tickets","8":"wcpa_has_options","10":"first","11":"instock","12":"virtual","13":"purchasable","14":"product-type-simple"},"acf":[],"wcpa_form_fields":{"wcpaData":{"product":{"product_price":44,"price_html":"From&nbsp;<span class=\"woocommerce-Price-amount amount\"><bdi>44,00&nbsp;<span class=\"woocommerce-Price-currencySymbol\">&euro;<\/span><\/bdi><\/span>","original_product_price":44,"price_including_tax":44,"price_excluding_tax":44,"product_id":{"parent":8688,"variation":false},"is_variable":false,"stock_status":"instock","stock_quantity":null,"parent_sku":"CV8688","product_attributes":[],"custom_fields":[],"is_taxable":false,"product_name":"Buy Loro Parque Tickets","hasImage":false},"fields":{"sec_965dc8e939dab8":{"extra":{"key":"sec_965dc8e939dab8","section_id":"sec_965dc8e939dab8","name":"Default","status":1,"cl_rule":"show","enableCl":false,"relations":[],"toggle":true,"title_tag":"h3","show_title":false,"showPrice":"default","form_id":10118,"form_rules":{"exclude_from_discount":true,"fee_label":"Fee","disp_hide_options_price":true,"disp_show_section_price":false,"disp_show_field_price":true,"layout_option":"standard","pric_use_as_fee":false,"process_fee_as":"woo_fee"},"layout_option":"standard"},"fields":[[{"active":true,"col":6,"relations":false,"cl_rule":"show","enableCl":false,"price":"","enablePrice":false,"className":"","label_position":"default","desc_position":"default","type":"radio-group","required":false,"elementId":"radio_9896791015","label":"\ud83c\udf1f Type of Ticket","name":"radio_9896791015","values":[{"label":"Regular Tickets (44\u20ac)","value":"Regular Tickets","selected":false,"tempId":"aco_1071","description":"Regular Admission Tickets.","gt_translate_keys":["label","description"]},{"label":" All Inclusive Tickets (132\u20ac)","value":"All Inclusive Tickets","selected":false,"tempId":"aco_1072","description":"VIP admission with all-inclusive access: entry, Loro Parque cap, Loro Explore experience, reserved VIP seating at shows, and unlimited food and drinks at restaurants (excluding Gambian Market, shops, and bazaars).","gt_translate_keys":["label","description"]}],"layOut":"","error":false,"checkUi":"toggle","options_description":true,"gt_translate_keys":["label"],"price_dependency":false,"cl_dependency":[false,false,false],"value":""}]]},"sec_465dc8e939dadd":{"extra":{"key":"sec_465dc8e939dadd","section_id":"sec_465dc8e939dadd","name":"Loro Parque Regular Tickets","status":1,"cl_rule":"show","enableCl":true,"relations":[{"operator":false,"rules":[{"operator":"AND","rules":{"cl_field":"radio_9896791015","cl_relation":"is","cl_val":"Regular Tickets"}}]}],"toggle":true,"title_tag":"h4","show_title":false,"showPrice":"default","form_id":10118,"form_rules":{"exclude_from_discount":true,"fee_label":"Fee","disp_hide_options_price":true,"disp_show_section_price":false,"disp_show_field_price":true,"layout_option":"standard","pric_use_as_fee":false,"process_fee_as":"woo_fee"},"layout_option":"standard"},"fields":[[{"label":"\ud83d\udcc5 Date","active":true,"required":true,"elementId":"date_165dc8e939daea","picker_type":"custom","picker_mode":"single","placeholder":"","description":"","tooltip":"","name":"date_165dc8e939daea","label_position":"default","desc_position":"default","enablePrice":false,"className":"","enableCl":false,"relations":[{"operator":"and","rules":[{"operator":"AND","rules":{"cl_field":"radio-group_765dc8e939dadb","cl_relation":"is","cl_val":"3 Hour Trip"}}]}],"date_pic_inline":true,"date_pic_inline_hide":true,"min_date":{"type":"days","val":"0"},"max_date":{"type":"days","val":"365"},"date_pic_conf":{"disabledWeeks":[]},"price":"","cl_rule":"show","col":6,"type":"date","error":false,"enableDesign":false,"LabelColor":"","gt_translate_keys":["label","placeholder","description","tooltip"],"price_dependency":false,"cl_dependency":false,"value":""}],[{"elementId":"separator-8941951695","separatorType":"blank","className":"","height":"10","enableCl":false,"relations":false,"cl_rule":"show","col":6,"type":"separator","gt_translate_keys":[],"price_dependency":false,"cl_dependency":false,"value":""}],[{"active":true,"col":6,"relations":false,"cl_rule":"show","enableCl":false,"price":"","enablePrice":false,"className":"","label_position":"default","desc_position":"default","type":"content","required":false,"elementId":"content_1065dc8e939db00","label":"People","name":"content_1065dc8e939db00","contentType":"plain","value":"","error":false,"show_in_checkout":true,"inline":false,"gt_translate_keys":["label","value"],"price_dependency":false,"cl_dependency":false}],[{"active":true,"col":6,"relations":[{"operator":false,"rules":[{"operator":"AND","rules":{"cl_field":"","cl_relation":"","cl_val":""}}]}],"cl_rule":"show","enableCl":true,"price":"44","enablePrice":true,"className":"","label_position":"default","desc_position":"default","type":"radio-group","required":false,"elementId":"radio-group_1065dc8e939db0b","label":"","name":"radio-group_1065dc8e939db0b","values":[{"label":"\ud83d\udc64 Adult (44\u20ac)","value":"Adult (42\u20ac)","selected":true,"tempId":"aco_32","tooltip":"+12 Years","description":"","gt_translate_keys":["label","tooltip","description"]}],"layOut":"","error":false,"checkUi":"button","priceOptions":"fixed_for_all","pricingType":"fixed","enable_quantity":true,"quantity_label":"","min_quantity":"0","options_tooltip":true,"options_description":true,"gt_translate_keys":["label","quantity_label"],"price_dependency":false,"cl_dependency":false,"value":""}],[{"label":"","active":true,"required":false,"elementId":"radio-group_465dc8e939db16","name":"radio-group_465dc8e939db16","label_position":"default","desc_position":"default","enablePrice":true,"className":"","enableCl":false,"relations":false,"enable_quantity":true,"quantity_label":"","min_quantity":"0","checkUi":"button","layOut":"","values":[{"label":"\ud83d\udc66 Child (32\u20ac)","value":"Child","selected":true,"tempId":"aco_32","tooltip":"3-11 Years","description":"","gt_translate_keys":["label","tooltip","description"]}],"priceOptions":"fixed_for_all","pricingType":"fixed","price":"32","cl_rule":"show","col":6,"type":"radio-group","error":false,"options_tooltip":true,"options_description":true,"gt_translate_keys":["label","quantity_label"],"price_dependency":false,"cl_dependency":false,"value":""}],[{"label":"","active":true,"required":false,"elementId":"radio-group_165dc8e939db20","name":"radio-group_165dc8e939db20","label_position":"default","desc_position":"default","enablePrice":true,"className":"","enableCl":false,"relations":false,"enable_quantity":true,"quantity_label":"","min_quantity":"0","checkUi":"button","layOut":"","values":[{"label":"\ud83d\udc76 Toddler (Free)","value":"Toddler (Free)","selected":true,"tempId":"aco_32","tooltip":"0-2 Years","gt_translate_keys":["label","tooltip"]}],"priceOptions":"fixed_for_all","pricingType":"fixed","price":"0","cl_rule":"show","col":6,"type":"radio-group","error":false,"options_tooltip":true,"gt_translate_keys":["label","quantity_label"],"price_dependency":false,"cl_dependency":false,"value":""}]]},"sec_h18121qk243":{"extra":{"key":"sec_h18121qk243","section_id":"sec_h18121qk243","name":"Loro Parque All Inclusive","status":1,"cl_rule":"show","enableCl":true,"relations":[{"operator":false,"rules":[{"operator":"AND","rules":{"cl_field":"radio_9896791015","cl_relation":"is","cl_val":"All Inclusive Tickets"}}]}],"toggle":true,"title_tag":"h4","show_title":false,"showPrice":"default","form_id":10118,"form_rules":{"exclude_from_discount":true,"fee_label":"Fee","disp_hide_options_price":true,"disp_show_section_price":false,"disp_show_field_price":true,"layout_option":"standard","pric_use_as_fee":false,"process_fee_as":"woo_fee"},"layout_option":"standard"},"fields":[[{"label":"\ud83d\udcc5 Date","active":true,"required":true,"elementId":"date-2207631932","picker_type":"custom","picker_mode":"single","placeholder":"","description":"","tooltip":"","name":"date-2207631932","label_position":"default","desc_position":"default","enablePrice":false,"className":"","enableCl":false,"relations":[{"operator":"and","rules":[{"operator":"AND","rules":{"cl_field":"radio-group_765dc8e939dadb","cl_relation":"is","cl_val":"3 Hour Trip"}}]}],"enableDesign":false,"LabelColor":"","date_pic_inline":true,"date_pic_inline_hide":true,"min_date":{"type":"days","val":"4"},"max_date":{"type":"days","val":"365"},"date_pic_conf":{"disabledWeeks":[]},"price":"","cl_rule":"show","col":6,"type":"date","error":false,"gt_translate_keys":["label","placeholder","description","tooltip"],"price_dependency":false,"cl_dependency":false,"value":""}],[{"elementId":"separator-2207641933","separatorType":"blank","className":"","height":"10","enableCl":false,"relations":false,"cl_rule":"show","col":6,"type":"separator","gt_translate_keys":[],"price_dependency":false,"cl_dependency":false,"value":""}],[{"contentType":"plain","active":true,"label":"People","elementId":"content-2207641934","value":"","inline":false,"show_in_checkout":true,"name":"content-2207641934","enablePrice":false,"className":"","enableCl":false,"relations":false,"price":"","cl_rule":"show","col":6,"type":"content","gt_translate_keys":["label","value"],"price_dependency":false,"cl_dependency":false}],[{"label":"","active":true,"required":false,"elementId":"radio-group-2207641935","name":"radio-group-2207641935","label_position":"default","desc_position":"default","enablePrice":true,"className":"","enableCl":true,"relations":[{"operator":false,"rules":[{"operator":"AND","rules":{"cl_field":"","cl_relation":"","cl_val":""}}]}],"enable_quantity":true,"quantity_label":"","min_quantity":"0","checkUi":"button","layOut":"","options_tooltip":true,"options_description":true,"values":[{"label":"\ud83d\udc64 Adult or Child (132\u20ac)","value":"Adult","selected":true,"tempId":"aco_32","tooltip":"Equal pricing for adults and children.","description":"","gt_translate_keys":["label","tooltip","description"]}],"priceOptions":"fixed_for_all","pricingType":"fixed","price":"132","cl_rule":"show","col":6,"type":"radio-group","error":false,"gt_translate_keys":["label","quantity_label"],"price_dependency":false,"cl_dependency":false,"value":""}],[{"label":"","active":true,"required":false,"elementId":"radio-group-2207641937","name":"radio-group-2207641937","label_position":"default","desc_position":"default","enablePrice":true,"className":"","enableCl":false,"relations":false,"enable_quantity":true,"quantity_label":"","min_quantity":"0","checkUi":"button","layOut":"","options_tooltip":true,"values":[{"label":"\ud83d\udc76 Toddler (Free)","value":"Toddler (Free)","selected":true,"tempId":"aco_32","tooltip":"0-1 Years","gt_translate_keys":["label","tooltip"]}],"priceOptions":"fixed_for_all","pricingType":"fixed","price":"0","cl_rule":"show","col":6,"type":"radio-group","error":false,"gt_translate_keys":["label","quantity_label"],"price_dependency":false,"cl_dependency":false,"value":""}]]},"sec_1065dc8e939db8c":{"extra":{"key":"sec_1065dc8e939db8c","section_id":"sec_1065dc8e939db8c","name":"Transfer from South Tenerife?","status":1,"cl_rule":"show","enableCl":true,"relations":[{"operator":false,"rules":[{"operator":"AND","rules":{"cl_field":"radio_9896791015","cl_relation":"is_not_empty","cl_val":""}}]}],"toggle":true,"title_tag":"h4","show_title":false,"showPrice":"default","form_id":10118,"form_rules":{"exclude_from_discount":true,"fee_label":"Fee","disp_hide_options_price":true,"disp_show_section_price":false,"disp_show_field_price":true,"layout_option":"standard","pric_use_as_fee":false,"process_fee_as":"woo_fee"},"layout_option":"standard"},"fields":[[{"active":true,"col":6,"relations":false,"cl_rule":"show","enableCl":false,"price":"","enablePrice":false,"className":"","label_position":"default","desc_position":"default","type":"separator","required":false,"elementId":"separator_465dc8e939db96","label":"Separator Field","height":"10","separatorType":"blank","gt_translate_keys":["label"],"price_dependency":false,"cl_dependency":false,"value":""}],[{"active":true,"col":6,"relations":false,"cl_rule":"show","enableCl":false,"price":"","enablePrice":false,"className":"","label_position":"default","desc_position":"default","type":"checkbox-group","required":false,"elementId":"checkbox-group_565dc8e939dba0","label":"","name":"checkbox-group_565dc8e939dba0","values":[{"label":"Transfer from South Tenerife?","value":"Transfer from South Tenerife?","selected":false,"tempId":"aco_4311","description":"Need transport to Loro Parque from South Tenerife? Book our daily pickup from Costa Adeje and Los Cristianos. For Alcal\u00e1, Abama & Los Gigantes: pickup only on Mon, Wed, Thu & Sat. From Golf del Sur: only on Tue & Fri.","gt_translate_keys":["label","description"]}],"options_description":true,"error":false,"layOut":"","checkUi":"toggle","gt_translate_keys":["label"],"price_dependency":false,"cl_dependency":["radio-group_965dc8e939dbaa","radio-group_565dc8e939dbb4","radio-group_065dc8e939dbbe","text_2798566491"],"value":""}],[{"label":"","active":true,"required":false,"elementId":"radio-group_965dc8e939dbaa","name":"radio-group_965dc8e939dbaa","label_position":"default","desc_position":"default","enablePrice":true,"className":"","enableCl":true,"relations":[{"operator":false,"rules":[{"operator":"AND","rules":{"cl_field":"checkbox-group_565dc8e939dba0","cl_relation":"is_not_empty","cl_val":""}}]}],"enable_quantity":true,"quantity_label":"","min_quantity":"0","checkUi":"button","layOut":"","options_tooltip":true,"values":[{"label":"\ud83d\udc64 Adult (21\u20ac)","value":"Adult","selected":true,"tempId":"aco_32","tooltip":"+12 Years","gt_translate_keys":["label","tooltip"]}],"priceOptions":"fixed_for_all","pricingType":"fixed","price":"21","cl_rule":"show","col":6,"type":"radio-group","error":false,"gt_translate_keys":["label","quantity_label"],"price_dependency":false,"cl_dependency":false,"value":""}],[{"label":"","active":true,"required":false,"elementId":"radio-group_565dc8e939dbb4","name":"radio-group_565dc8e939dbb4","label_position":"default","desc_position":"default","enablePrice":true,"className":"","enableCl":true,"relations":[{"operator":false,"rules":[{"operator":"AND","rules":{"cl_field":"checkbox-group_565dc8e939dba0","cl_relation":"is_not_empty","cl_val":""}}]}],"enable_quantity":true,"quantity_label":"","min_quantity":"0","checkUi":"button","layOut":"","options_tooltip":true,"values":[{"label":"\ud83d\udc66 Child (17\u20ac)","value":"Child","selected":true,"tempId":"aco_32","tooltip":"2-11 Years","gt_translate_keys":["label","tooltip"]}],"priceOptions":"fixed_for_all","pricingType":"fixed","price":"17","cl_rule":"show","col":6,"type":"radio-group","error":false,"gt_translate_keys":["label","quantity_label"],"price_dependency":false,"cl_dependency":false,"value":""}],[{"label":"","active":true,"required":false,"elementId":"radio-group_065dc8e939dbbe","name":"radio-group_065dc8e939dbbe","label_position":"default","desc_position":"default","enablePrice":true,"className":"","enableCl":true,"relations":[{"operator":false,"rules":[{"operator":"AND","rules":{"cl_field":"checkbox-group_565dc8e939dba0","cl_relation":"is_not_empty","cl_val":""}}]}],"enable_quantity":true,"quantity_label":"","min_quantity":"0","checkUi":"button","layOut":"","options_tooltip":true,"values":[{"label":"\ud83d\udc76 Infant (Free)","value":"Infant (Free)","selected":true,"tempId":"aco_32","tooltip":"0-1 Years","gt_translate_keys":["label","tooltip"]}],"priceOptions":"fixed_for_all","pricingType":"fixed","price":"0","cl_rule":"show","col":6,"type":"radio-group","error":false,"gt_translate_keys":["label","quantity_label"],"price_dependency":false,"cl_dependency":false,"value":""}],[{"active":true,"col":6,"relations":[{"operator":false,"rules":[{"operator":"AND","rules":{"cl_field":"checkbox-group_565dc8e939dba0","cl_relation":"is_not_empty","cl_val":""}}]}],"cl_rule":"show","enableCl":true,"price":"","enablePrice":false,"className":"","label_position":"default","desc_position":"default","type":"text","subtype":"text","required":false,"elementId":"text_2798566491","label":"\ud83d\ude8c Pickup Location","name":"text_2798566491","value":"","error":false,"description":"Pick-up service in South Tenerife. Simply provide your address or hotel name.","gt_translate_keys":["label","description","value"],"price_dependency":false,"cl_dependency":false}]]}},"config":{"price_override":"if_gt_zero","enable_recaptcha":false,"bind_quantity":false,"quantity_bind_formula":false,"disp_summ_show_option_price":true,"disp_summ_show_product_price":false,"disp_summ_show_total_price":true,"disp_summ_show_fee":true,"disp_summ_show_discount":true,"summary_title":"","options_total_label":"Options Price","total_label":"Total Amount","options_product_label":"Product Price","fee_label":"Fee","discount_label":"Discount","has_price":true,"has_quantity_formula":false},"mc_unit":1,"tax_rate":1,"tax_rate_real":1,"discount":{"percentage":0,"fixed":0},"design":{"conf":{"LabelPosition":"above","DescPosition":"above","UploadField":"custom_1","QuantityFieldStyle":"custom_1"},"css":{"LeftLabelWidth":"120px"}},"formulas":[],"lookuptables":[],"clones":false,"cartKey":false}},"_links":{"self":[{"href":"https:\/\/canaryvip.com\/lt\/wp-json\/wp\/v2\/product\/8688","targetHints":{"allow":["GET"]}}],"collection":[{"href":"https:\/\/canaryvip.com\/lt\/wp-json\/wp\/v2\/product"}],"about":[{"href":"https:\/\/canaryvip.com\/lt\/wp-json\/wp\/v2\/types\/product"}],"replies":[{"embeddable":true,"href":"https:\/\/canaryvip.com\/lt\/wp-json\/wp\/v2\/comments?post=8688"}],"wp:featuredmedia":[{"embeddable":true,"href":"https:\/\/canaryvip.com\/lt\/wp-json\/wp\/v2\/media\/8690"}],"wp:attachment":[{"href":"https:\/\/canaryvip.com\/lt\/wp-json\/wp\/v2\/media?parent=8688"}],"wp:term":[{"taxonomy":"product_brand","embeddable":true,"href":"https:\/\/canaryvip.com\/lt\/wp-json\/wp\/v2\/product_brand?post=8688"},{"taxonomy":"product_cat","embeddable":true,"href":"https:\/\/canaryvip.com\/lt\/wp-json\/wp\/v2\/product_cat?post=8688"},{"taxonomy":"product_tag","embeddable":true,"href":"https:\/\/canaryvip.com\/lt\/wp-json\/wp\/v2\/product_tag?post=8688"}],"curies":[{"name":"wp","href":"https:\/\/api.w.org\/{rel}","templated":true}]}}