{"id":16530,"date":"2026-01-17T17:42:14","date_gmt":"2026-01-17T17:42:14","guid":{"rendered":"https:\/\/canaryvip.com\/?post_type=product&#038;p=16530"},"modified":"2026-02-03T12:44:44","modified_gmt":"2026-02-03T12:44:44","slug":"bubble-room-experience-in-tenerife-with-private-jacuzzi","status":"publish","type":"product","link":"https:\/\/canaryvip.com\/lt\/shop\/bubble-room-experience-in-tenerife-with-private-jacuzzi\/","title":{"rendered":"Patirtis burbul\u0173 kambaryje Tenerif\u0117je su priva\u010dia s\u016bkurine vonia"},"content":{"rendered":"<h2><strong>\u2728 Romanti\u0161ka naktis gamtos ir vandenyno apsuptyje<\/strong><\/h2>\n<p>M\u0117gaukit\u0117s tikrai kitokia vie\u0161nage su \u0161iuo <strong>burbul\u0173 kambario Tenerif\u0117je patirtis<\/strong>, skirtas poroms, norin\u010dioms privatumo, komforto ir ypatingos atmosferos. \u0160i i\u0161skirtin\u0117 patirtis si\u016blo <strong>viena naktis dviem asmenims<\/strong> permatomame burbuliniame komplekte su <strong>privati s\u016bkurin\u0117 vonia<\/strong>, panoraminis vaizdas \u012f vandenyn\u0105 ir visi\u0161kas ry\u0161ys su gamta.<\/p>\n<p>\u0160is ramioje salos vietoje \u012fsik\u016br\u0119s <strong>burbul\u0173 patirtis Tenerif\u0117je<\/strong> puikiai tinka, jei ie\u0161kote ka\u017eko romanti\u0161ko, intymaus ir nepamir\u0161tamo.<\/p>\n<h3><strong>\u2b50 Unikali vie\u0161nag\u0117 Tenerif\u0117je burbul\u0173 kambaryje<\/strong><\/h3>\n<p>\u0160ie burbuliniai apartamentai skirti sve\u010diams, kurie nori daugiau nei \u012fprastos nakvyn\u0117s vie\u0161butyje. Miegojimas po \u017evaig\u017ed\u0117tu dangumi su 180\u00b0 kampu atsiverian\u010diu vaizdu \u012f vandenyn\u0105 ir netoliese esan\u010dias salas paver\u010dia \u0161i\u0105 patirt\u012f i\u0161ties ypatinga.<\/p>\n<ul>\n<li>I\u0161skirtinis burbul\u0173 rinkinys <strong>25 m\u00b2<\/strong>.<\/li>\n<li>Skirta <strong>2 \u017emon\u0117s<\/strong>.<\/li>\n<li><strong>Privati s\u016bkurin\u0117 vonia<\/strong> \u012ftraukti.<\/li>\n<li>Privati lauko balinezieti\u0161ka lova.<\/li>\n<li>Atsiveria panoraminiai vandenyno ir aplinkini\u0173 sal\u0173 vaizdai.<\/li>\n<li>Apvali lova ir intymi atmosfera.<\/li>\n<\/ul>\n<p>Tai idealus pasirinkimas poroms, ie\u0161kan\u010dioms <strong>burbul\u0173 kambarys Tenerif\u0117<\/strong> kuris yra privatus, ramus ir skiriasi nuo bet ko kito saloje.<\/p>\n<h3><strong>\ud83d\udcab Komfortas, privatumas ir apgalvotos detal\u0117s<\/strong><\/h3>\n<p>Kiekviename kambaryje su burbuliukais yra viskas, ko reikia patogiam ir atpalaiduojan\u010diam poilsiui.<\/p>\n<ul>\n<li>Privatus vonios kambarys apartamentuose.<\/li>\n<li>Oro kondicionierius.<\/li>\n<li>Televizija.<\/li>\n<li>Belaidis internetas ir internetas.<\/li>\n<li>Rank\u0161luos\u010diai ir plauk\u0173 d\u017eiovintuvas.<\/li>\n<li>Vonios kambario patogumai.<\/li>\n<li>\u0160aldytuvas kambaryje.<\/li>\n<\/ul>\n<p>Sve\u010diai taip pat gali naudotis bendromis erdv\u0117mis, kurios papildo \u0161i\u0105 patirt\u012f:<\/p>\n<ul>\n<li>Begalinio stiliaus papl\u016bdimio baseinas.<\/li>\n<li>Bendra virtuv\u0117.<\/li>\n<li>\u012eskai\u010diuota privati automobili\u0173 stov\u0117jimo aik\u0161tel\u0117.<\/li>\n<\/ul>\n<h3><strong>\ud83d\udc96 Puikiai tinka romanti\u0161koms i\u0161vykoms<\/strong><\/h3>\n<p>\u0160is <strong>burbul\u0173 patirtis Tenerif\u0117je<\/strong> ypa\u010d populiarus d\u0117l:<\/p>\n<ul>\n<li>Romanti\u0161ki pab\u0117gimai.<\/li>\n<li>Jubiliejai.<\/li>\n<li>Pasi\u016blymai tuoktis.<\/li>\n<li>Specialios \u0161vent\u0117s.<\/li>\n<li>Visi\u0161kas atsijungimas ir atsipalaidavimas.<\/li>\n<\/ul>\n<p>Galima prid\u0117ti papildom\u0173 paslaug\u0173, romanti\u0161k\u0173 dekoracij\u0173 ir papildom\u0173 paslaug\u0173, kad vie\u0161nag\u0117 b\u016bt\u0173 individualizuota ir suteikt\u0173 dar daugiau \u012fsimintin\u0173 \u012fsp\u016bd\u017ei\u0173.<\/p>\n<h3><strong>\ud83d\udd52 Atvykimo ir i\u0161vykimo informacija<\/strong><\/h3>\n<ul>\n<li><strong>Registracija:<\/strong> Nuo 14:00 val.<\/li>\n<li><strong>I\u0161vykimas:<\/strong> Iki 12:00 val.<\/li>\n<\/ul>\n<p>Jei atvykimo dien\u0105 yra laisvas burbulas, galima u\u017esiregistruoti anks\u010diau. Jei taip n\u0117ra, sve\u010diai gali atvykti anks\u010diau ir m\u0117gautis baseinu bei bendrosiomis erdv\u0117mis, kol burbulas bus paruo\u0161tas.<\/p>\n<h3><strong>\ud83d\udccd Vieta<\/strong><\/h3>\n<p>Burbul\u0173 kambariai yra adresu <strong>Alaya Resort Tenerif\u0117<\/strong>, Gu\u00eda de Isora, ramioje ir priva\u010dioje vietov\u0117je, gars\u0117jan\u010dioje gamtos gro\u017eiu ir atsiverian\u010diais vaizdais.<\/p>\n<ul>\n<li>Rami ir nuo\u0161ali vieta.<\/li>\n<li>Panoraminis vaizdas \u012f vandenyn\u0105 ir sal\u0105.<\/li>\n<li>Visi\u0161kai asfaltuotas priva\u017eiavimo kelias su keliais pos\u016bkiais.<\/li>\n<li>Rekomenduojamas automobilis, nes kelion\u0117 \u012f \u0161i\u0105 ypating\u0105 viet\u0105 yra \u017eavesio dalis.<\/li>\n<\/ul>\n<h3><strong>\ud83d\udcdc U\u017esakymo ir at\u0161aukimo taisykl\u0117s<\/strong><\/h3>\n<p>Prie\u0161 u\u017esisakydami \u0161\u012f burbulo kambario Tenerif\u0117je malonum\u0105, atid\u017eiai perskaitykite s\u0105lygas.<\/p>\n<ul>\n<li><strong>Nemokamas at\u0161aukimas likus ne daugiau kaip 14 dien\u0173 iki atvykimo.<\/strong><\/li>\n<li>At\u0161aukus u\u017esakym\u0105 po \u0161io laikotarpio pinigai negr\u0105\u017einami.<\/li>\n<li>Burbul\u0173 kambariuose r\u016bkyti draud\u017eiama.<\/li>\n<li>Gyv\u016bn\u0173 augintini\u0173 laikyti draud\u017eiama.<\/li>\n<\/ul>\n<h3><strong>\ud83c\udf0c Kitoks b\u016bdas patirti Tenerif\u0119<\/strong><\/h3>\n<p>Jei ie\u0161kote romanti\u0161kos nakties, unikalios vie\u0161nag\u0117s ar \u012fsimintinos <strong>burbul\u0173 kambarys Tenerif\u0117<\/strong>, \u0161i patirtis suteikia privatumo, komforto ir stebuklingos aplinkos, kuriai sunku prilygti.<\/p>\n<p>Svetain\u0117je <strong>CanaryVIP<\/strong>, kruop\u0161\u010diai atrenkame ir si\u016blome unikali\u0105 patirt\u012f, pvz. <strong>burbul\u0173 patirtis Tenerif\u0117je<\/strong>, kad b\u016bt\u0173 lengva u\u017esisakyti, pateikdami ai\u0161ki\u0105 informacij\u0105 ir patikimus partnerius.<\/p>\n<p>\u2728 U\u017esisakykite <strong>Burbul\u0173 kambario patirtis Tenerif\u0117je<\/strong> \u0161iandien ir m\u0117gaukit\u0117s nepamir\u0161tama naktimi dviese po \u017evaig\u017ed\u0117mis.<\/p>","protected":false},"excerpt":{"rendered":"<p>\ud83d\udd0d <strong>Patirtis su burbuliukais:<br \/>\n<\/strong>\u2705 Saugus mok\u0117jimas.<br \/>\n\ud83d\udc65 Iki 2 viename burbul\u0173 kambaryje.<br \/>\n\ud83d\ude80 Unikali patirtis Tenerif\u0117je.<br \/>\n\u2764\ufe0f Galimos romanti\u0161kos dekoracijos.<br \/>\n\ud83d\udcc5 Kambariai prieinami kasdien.<br \/>\n\ud83e\udd11 Geriausios kainos garantija.<br \/>\n\ud83d\udc6a Tinka poroms.<br \/>\n\ud83d\udd01 7 dien\u0173 at\u0161aukimo politika.<br \/>\n\ud83c\udf1f U\u017esisakykite anks\u010diau ir sutaupykite!<br \/>\n\ud83d\udccdGyvenamoji vieta pietin\u0117je Tenerif\u0117s dalyje.<\/p>","protected":false},"featured_media":16584,"comment_status":"open","ping_status":"closed","template":"","meta":{"_acf_changed":false},"product_brand":[],"product_cat":[146],"product_tag":[],"class_list":{"0":"post-16530","1":"product","2":"type-product","3":"status-publish","4":"has-post-thumbnail","6":"product_cat-experiences-stays","7":"wcpa_has_options","9":"first","10":"instock","11":"sale","12":"virtual","13":"purchasable","14":"product-type-simple"},"acf":[],"wcpa_form_fields":{"wcpaData":{"product":{"product_price":220,"price_html":"From&nbsp;<del aria-hidden=\"true\"><span class=\"woocommerce-Price-amount amount\"><bdi>300,00&nbsp;<span class=\"woocommerce-Price-currencySymbol\">&euro;<\/span><\/bdi><\/span><\/del> <span class=\"screen-reader-text\">Pradin\u0117 kaina buvo: 300,00&nbsp;&euro;.<\/span><ins aria-hidden=\"true\"><span class=\"woocommerce-Price-amount amount\"><bdi>220,00&nbsp;<span class=\"woocommerce-Price-currencySymbol\">&euro;<\/span><\/bdi><\/span><\/ins><span class=\"screen-reader-text\">Dabartin\u0117 kaina yra: 220,00&nbsp;&euro;.<\/span>","original_product_price":300,"price_including_tax":220,"price_excluding_tax":220,"product_id":{"parent":16530,"variation":false},"is_variable":false,"stock_status":"instock","stock_quantity":null,"parent_sku":"CV16530","product_attributes":[],"custom_fields":[],"is_taxable":false,"product_name":"Bubble Room Experience in Tenerife with Private Jacuzzi","hasImage":false},"fields":{"sec_9696bca7546921":{"extra":{"key":"sec_9696bca7546921","section_id":"sec_9696bca7546921","name":"Default","status":1,"cl_rule":"show","enableCl":false,"relations":[],"toggle":true,"title_tag":"h3","show_title":false,"showPrice":"default","form_id":16576,"form_rules":{"exclude_from_discount":true,"fee_label":"Fee","disp_hide_options_price":true,"disp_show_section_price":false,"disp_show_field_price":true,"layout_option":"standard","pric_use_as_fee":false,"process_fee_as":"woo_fee"},"layout_option":"standard"},"fields":[[{"active":true,"col":6,"relations":false,"cl_rule":"show","enableCl":false,"price":"","enablePrice":true,"className":"","label_position":"default","desc_position":"default","type":"select","required":false,"elementId":"select_2543581118","label":"Number of Nights","name":"select_2543581118","values":[{"label":"1 Night (220\u20ac)","value":"1 night","selected":false,"tempId":"aco_452","price":"220","gt_translate_keys":["label"]},{"label":"2 Nights (430\u20ac)","value":"2 nights","selected":false,"tempId":"aco_453","price":"430","gt_translate_keys":["label"]},{"label":"3 Night (610\u20ac)","value":"3 nights","selected":false,"tempId":"aco_454","price":"610","gt_translate_keys":["label"]},{"label":"4 Nights (800\u20ac)","value":"4 nights","selected":false,"tempId":"aco_797","price":"800","gt_translate_keys":["label"]}],"isWeightTemplate":false,"error":false,"isTemplate":false,"min_quantity":"1","quantity_decimal":false,"quantity_step":"1","quantity_label":"Quantity","repeater_field_label":"{field_label}","repeater_bind":"","dropdown_type":"basic","priceOptions":"different_for_all","pricingType":"fixed","enableDesign":false,"gt_translate_keys":["label","repeater_field_label","quantity_label"],"price_dependency":false,"cl_dependency":false,"value":""}],[{"active":true,"col":6,"relations":false,"cl_rule":"show","enableCl":false,"price":"","enablePrice":false,"className":"","label_position":"default","desc_position":"default","type":"separator","required":false,"elementId":"separator_7826151522","label":"Separator Field","height":"3","separatorType":"blank","error":false,"gt_translate_keys":["label"],"price_dependency":false,"cl_dependency":false,"value":""}],[{"active":true,"col":6,"relations":false,"cl_rule":"show","enableCl":false,"price":"","enablePrice":false,"className":"","label_position":"default","desc_position":"default","type":"content","required":false,"elementId":"content_2250022845","label":"","name":"content_2250022845","contentType":"rich","value":"<p>Offer an unforgettable experience in Tenerife with Bubble Rooms. A unique getaway featuring a private jacuzzi, a heated beach-style pool, spectacular views and a one-of-a-kind stay designed to relax and disconnect.<\/p>\n<p>Once the gift voucher is purchased, the recipient must contact the accommodation directly to select the preferred dates for the stay. The voucher is valid for 6 months from the date of purchase.<\/p>\n<p>The voucher is valid for the standard rate and cannot be used on special dates such as Valentine\u2019s Day, public holidays or other periods with different pricing. If the stay is booked on a date with a higher rate, the corresponding price difference must be paid.<\/p>","isTemplate":false,"error":false,"enableDesign":true,"DescSize":"14","gt_translate_keys":["label","value"],"price_dependency":false,"cl_dependency":false}]]}},"config":{"price_override":"if_gt_zero","enable_recaptcha":false,"bind_quantity":false,"quantity_bind_formula":false,"disp_summ_show_option_price":true,"disp_summ_show_product_price":true,"disp_summ_show_total_price":true,"disp_summ_show_fee":true,"disp_summ_show_discount":true,"summary_title":"","options_total_label":"Options Price","total_label":"Total","options_product_label":"Product Price","fee_label":"Fee","discount_label":"Discount","has_price":true,"has_quantity_formula":false},"mc_unit":1,"tax_rate":1,"tax_rate_real":1,"discount":{"percentage":0,"fixed":0},"design":{"conf":{"LabelPosition":"above","DescPosition":"above","UploadField":"custom_1","QuantityFieldStyle":"custom_1"},"css":{"LeftLabelWidth":"120px"}},"formulas":[],"lookuptables":[],"clones":false,"cartKey":false}},"_links":{"self":[{"href":"https:\/\/canaryvip.com\/lt\/wp-json\/wp\/v2\/product\/16530","targetHints":{"allow":["GET"]}}],"collection":[{"href":"https:\/\/canaryvip.com\/lt\/wp-json\/wp\/v2\/product"}],"about":[{"href":"https:\/\/canaryvip.com\/lt\/wp-json\/wp\/v2\/types\/product"}],"replies":[{"embeddable":true,"href":"https:\/\/canaryvip.com\/lt\/wp-json\/wp\/v2\/comments?post=16530"}],"wp:featuredmedia":[{"embeddable":true,"href":"https:\/\/canaryvip.com\/lt\/wp-json\/wp\/v2\/media\/16584"}],"wp:attachment":[{"href":"https:\/\/canaryvip.com\/lt\/wp-json\/wp\/v2\/media?parent=16530"}],"wp:term":[{"taxonomy":"product_brand","embeddable":true,"href":"https:\/\/canaryvip.com\/lt\/wp-json\/wp\/v2\/product_brand?post=16530"},{"taxonomy":"product_cat","embeddable":true,"href":"https:\/\/canaryvip.com\/lt\/wp-json\/wp\/v2\/product_cat?post=16530"},{"taxonomy":"product_tag","embeddable":true,"href":"https:\/\/canaryvip.com\/lt\/wp-json\/wp\/v2\/product_tag?post=16530"}],"curies":[{"name":"wp","href":"https:\/\/api.w.org\/{rel}","templated":true}]}}