{"id":16199,"date":"2025-12-09T15:19:55","date_gmt":"2025-12-09T15:19:55","guid":{"rendered":"https:\/\/canaryvip.com\/?post_type=product&#038;p=16199"},"modified":"2025-12-09T15:35:17","modified_gmt":"2025-12-09T15:35:17","slug":"fast-boat-tour-from-los-cristianos-to-los-gigantes","status":"publish","type":"product","link":"https:\/\/canaryvip.com\/lt\/shop\/fast-boat-tour-from-los-cristianos-to-los-gigantes\/","title":{"rendered":"Greita kelion\u0117 laivu i\u0161 Los Cristianos \u012f Los Gigantes"},"content":{"rendered":"<h3>\ud83d\udea4 Patirkite unikali\u0105 greit\u0173j\u0173 kateri\u0173 kelion\u0119 i\u0161 Los Cristianos \u012f Los Gigantes<\/h3>\n<p>Prisijunkite prie CanaryVIP ir leiskit\u0117s \u012f jaudinant\u012f nuotyk\u012f palei Tenerif\u0117s pietvakari\u0173 pakrant\u0119 moderniu 32 viet\u0173 greitaeigiu laivu. \u0160is i\u0161skirtinis <strong>kelion\u0117 laivu \u012f Los Gigantes<\/strong> yra vienintelis, kuris i\u0161vyksta tiesiai i\u0161 <strong>Los Cristianos uostas<\/strong>, kuriame susilieja jaudulys, komfortas ir kvap\u0105 gniau\u017eian\u010dios peiza\u017eai 3 valand\u0173 kelion\u0117je, kurios niekada nepamir\u0161ite.<\/p>\n<p>Plaukdami palei pakrant\u0119, b\u016bsite apsupti vulkanini\u0173 kra\u0161tovaizd\u017ei\u0173 ir turkio spalvos vanden\u0173, plaukdami link auk\u0161t\u0173 <strong>Los Gigantes uolos<\/strong> kurios i\u0161kilusios daugiau nei 600 metr\u0173 vir\u0161 Atlanto vandenyno.<\/p>\n<h3>\ud83c\udf0a Patirties akcentai<\/h3>\n<ul>\n<li><strong>Greitas ir patogus laivas<\/strong>: Galingas motorlaivis, sukurtas skland\u017eiai plaukti ir u\u017etikrinti komfort\u0105, su s\u0117dyn\u0117mis iki 32 keleivi\u0173.<\/li>\n<li><strong>\u012esp\u016bdingi vaizdai<\/strong>: M\u0117gaukit\u0117s panoraminiais Tenerif\u0117s laukin\u0117s pakrant\u0117s ir diding\u0173 Los Gigantes uol\u0173 vaizdais.<\/li>\n<li><strong>Plaukimo sustojimas Masca \u012flankoje<\/strong>: Pasim\u0117gaukite gaiviu maudymusi \u0161io \u017eavingo pasl\u0117pto \u012flankos kristaliniame vandenyje.<\/li>\n<li><strong>\u012eskai\u010diuotas lengvas maitinimas<\/strong>: Kad kelion\u0117 b\u016bt\u0173 dar malonesn\u0117, l\u0117ktuve si\u016blomi sumu\u0161tiniai ir buteliuose supilstytas vanduo.<\/li>\n<li><strong>Vietinis gidas<\/strong>: Su\u017einokite istorijas ir \u012fdomybes apie Tenerif\u0117s pietin\u0119 pakrant\u0119 i\u0161 m\u016bs\u0173 draugi\u0161ko, dvikalbio gido.<\/li>\n<\/ul>\n<h3>\ud83d\udee5\ufe0f Greitasis laivas \u012f Los Gigantes<\/h3>\n<ul>\n<li><strong>Trukm\u0117<\/strong>: Ma\u017edaug 3 valandos (\u012f abi puses).<\/li>\n<li><strong>Tvarkara\u0161tis<\/strong>: I\u0161vykimai kiekvien\u0105 pirmadien\u012f, tre\u010diadien\u012f, penktadien\u012f, \u0161e\u0161tadien\u012f ir sekmadien\u012f 10:00 val.<\/li>\n<li><strong>I\u0161vykimo vieta<\/strong>: <a href=\"https:\/\/www.google.com\/maps\/place\/Puerto+de+Los+Cristianos\/\" target=\"_blank\" rel=\"noopener\">Los Cristianos uostas<\/a>. Pra\u0161ome atvykti 15 minu\u010di\u0173 prie\u0161 i\u0161vykim\u0105.<\/li>\n<\/ul>\n<h3>\ud83d\udc2c Masca \u012flankos laiv\u0173 ekskursija: pasl\u0117pta rojaus vieta<\/h3>\n<p>Kaip dalis \u0161io <strong>Masca \u012flankos ekskursija laivu<\/strong>, mes i\u0161mesime inkar\u0105 vienoje i\u0161 gra\u017eiausi\u0173 Tenerif\u0117s \u012flank\u0117li\u0173. Apsupta uol\u0173 ir turkio spalvos vandens, tai puiki vieta maudytis, nardyti su kauke ar tiesiog atsipalaiduoti laive, m\u0117gaudamiesi rami\u0105 Atlanto vandenyno atmosfer\u0105.<\/p>\n<p>Snorkeling \u012franga n\u0117ra \u012fskai\u010diuota, bet j\u0105 galima i\u0161sinuomoti laive u\u017e 15 \u20ac vienam asmeniui.<\/p>\n<h3>\ud83c\udf74 Kas \u012ftraukta<\/h3>\n<ul>\n<li>3 valandos <strong>kelion\u0117 laivu i\u0161 Los Cristianos \u012f Los Gigantes<\/strong>.<\/li>\n<li>Patogios s\u0117dimosios vietos iki 32 keleivi\u0173.<\/li>\n<li>Sumu\u0161tinis ir butelis vandens (pagal pageidavim\u0105 galima u\u017esisakyti vegetari\u0161k\u0105 variant\u0105).<\/li>\n<li>Dvikalbis vietinis gidas (ispan\u0173 ir angl\u0173 kalbos).<\/li>\n<li>Sustokite Masca \u012flankoje, kad gal\u0117tum\u0117te paplaukioti ir nardyti su kauke.<\/li>\n<li>Kelion\u0117s draudimas ir visa saugos \u012franga laive.<\/li>\n<\/ul>\n<h3>\u274c Ne\u012ftraukta<\/h3>\n<ul>\n<li>Snorkeling \u012frangos nuoma (galima \u012fsigyti laive u\u017e 15 \u20ac vienam asmeniui).<\/li>\n<li>Papildomi g\u0117rimai ar u\u017ekand\u017eiai.<\/li>\n<li>Pasi\u0117mimas i\u0161 vie\u0161bu\u010dio ir nuve\u017eimas atgal (pasirenkamas perve\u017eimas u\u017e papildom\u0105 mokest\u012f).<\/li>\n<li>Rank\u0161luos\u010diai ir asmeniniai daiktai.<\/li>\n<\/ul>\n<h3>\ud83d\udcf8 Naudinga informacija<\/h3>\n<ul>\n<li><strong>Talpa<\/strong>: Ribojamas iki 32 keleivi\u0173, kad b\u016bt\u0173 u\u017etikrintas patogus ir individualus aptarnavimas.<\/li>\n<li><strong>Rekomendacijos<\/strong>: Pasiimkite maudymosi kostium\u0105, rank\u0161luost\u012f, akinius nuo saul\u0117s, krem\u0105 nuo saul\u0117s ir fotoaparat\u0105, kad gal\u0117tum\u0117te u\u017efiksuoti nuostabius vaizdus.<\/li>\n<li><strong>Apribojimai<\/strong>: Laive draud\u017eiama r\u016bkyti. Vaikai iki 18 met\u0173 turi b\u016bti lydimi suaugusi\u0173j\u0173.<\/li>\n<\/ul>\n<h3>\ud83d\udcbc Lengvai u\u017esisakykite su CanaryVIP<\/h3>\n<ul>\n<li><strong>Paprastas u\u017esakymas<\/strong>: Rezervuokite vietas internetu ir i\u0161kart u\u017esitikrinkite savo viet\u0105.<\/li>\n<li><strong>Didel\u0117 paklausa<\/strong>: Tai <strong>greitasis laivas \u012f Los Gigantes<\/strong> greitai u\u017esipildo, tod\u0117l rekomenduojame u\u017esisakyti i\u0161 anksto.<\/li>\n<li><strong>Lankst\u016bs mok\u0117jimai<\/strong>: J\u016bs\u0173 patogumui si\u016blome kelet\u0105 saugi\u0173 mok\u0117jimo b\u016bd\u0173.<\/li>\n<\/ul>\n<h3>\ud83d\udd52 At\u0161aukimo politika<\/h3>\n<p>\u017dinome, kad planai gali keistis, tod\u0117l si\u016blome lanks\u010di\u0105 at\u0161aukimo politik\u0105 \u0161iai Tenerif\u0117s kelionei laivu.<\/p>\n<ul>\n<li><strong>Nemokamas at\u0161aukimas iki 48 valand\u0173 prie\u0161 i\u0161vykim\u0105<\/strong>: Jei at\u0161aukiate bent 48 valandas prie\u0161 ekskursijos prad\u017ei\u0105, gausite vis\u0105 gr\u0105\u017einam\u0105 sum\u0105.<\/li>\n<li><strong>Likus ma\u017eiau nei 48 valandoms iki i\u0161vykimo<\/strong>: Deja, u\u017e paskutin\u0117s minut\u0117s at\u0161aukimus gr\u0105\u017einimas negalimas.<\/li>\n<li><strong>Force Majeure<\/strong>: Retais atvejais, kai susidaro blogos oro s\u0105lygos, audringa j\u016bra arba kyla operacin\u0117s problemos, mes pasi\u016blysime nauj\u0105 dat\u0105 arba gr\u0105\u017einsime vis\u0105 sum\u0105.<\/li>\n<\/ul>\n<h3>\ud83c\udf34 Kod\u0117l verta u\u017esisakyti su CanaryVIP?<\/h3>\n<p>CanaryVIP bendradarbiaujame tik su patikimais ir sertifikuotais operatoriais, kad u\u017etikrintume, jog kiekvienas <strong>ekskursija laivu Tenerif\u0117je<\/strong> atitinka m\u016bs\u0173 kokyb\u0117s standartus. Mes esame \u010dia, kad pad\u0117tume jums pasirinkti geriausi\u0105 patirt\u012f j\u016bs\u0173 vie\u0161nagei ir pad\u0117tume jums prie\u0161, per ir po u\u017esakymo.<\/p>\n<p>Nesvarbu, ar ie\u0161kote nuotyki\u0173, kvap\u0105 gniau\u017eian\u010di\u0173 vaizd\u0173, ar tiesiog norite praleisti ram\u0173 ryt\u0105 j\u016broje, tai <strong>kelion\u0117 laivu \u012f Los Gigantes<\/strong> yra vienas i\u0161 \u012fsimintiniausi\u0173 b\u016bd\u0173 pa\u017einti Tenerif\u0117s pietin\u0119 pakrant\u0119.<\/p>\n<p>U\u017esisakykite viet\u0105 jau \u0161iandien ir praleiskite nepamir\u0161tam\u0105 dien\u0105 vandenyne!<\/p>","protected":false},"excerpt":{"rendered":"<p><strong>\ud83d\udd0d FastBoat ekskursija:<br \/>\n<\/strong>\ud83d\udea4 Greitasis laivas \u012f Los Gigantes.<br \/>\n<span>\u2705 Saugus mok\u0117jimas.<\/span><br \/>\n<span>\ud83d\udc65 Galimos bendros ekskursijos.<\/span><br \/>\n<span>\ud83d\udd10 Galimos priva\u010dios ekskursijos.<\/span><br \/>\n<span>\ud83d\udc0b Bangini\u0173 ir delfin\u0173 steb\u0117jimas.<\/span><br \/>\n<span>\ud83d\ude80 3 valand\u0173 ekskursijos.<\/span><br \/>\n<span>\ud83d\udd59 Kasdien 10:00 val.<\/span><br \/>\n<span>\ud83e\uddc3 \u012eskai\u010diuotas sumu\u0161tinis ir vanduo.<br \/>\n<\/span>\ud83d\udd75\ud83c\udffc\u200d\u2642\ufe0f Vietinis ekspertas-gidas.<br \/>\n<span>\ud83d\udc65 Iki 32 \u017emoni\u0173.<\/span><br \/>\n<span>\ud83e\udd3f Snorkelingo \u012frangos nuoma.<\/span><br \/>\n<span>\ud83e\udd11 Garantuojama geriausia kaina.<\/span><br \/>\n<span>\ud83d\udc6a Suaktyvintos nuolaidos.<\/span><br \/>\n<span>\ud83d\udd01 Iki 48 val.<\/span><br \/>\n<span>\ud83c\udf0d Daugiakalbiai gidai.<\/span><br \/>\n<span>\ud83c\udf1f Rezervuokite dabar ir sutaupykite!<\/span><br \/>\n<span>\ud83d\udccd I\u0161vykimas i\u0161 <a href=\"https:\/\/maps.app.goo.gl\/h1kp26zsNCk2tWjZA\">Los Cristianos<\/a>.<\/span><\/p>","protected":false},"featured_media":16353,"comment_status":"open","ping_status":"closed","template":"","meta":{"_acf_changed":false},"product_brand":[],"product_cat":[46],"product_tag":[],"class_list":{"0":"post-16199","1":"product","2":"type-product","3":"status-publish","4":"has-post-thumbnail","6":"product_cat-boat-excursions","7":"wcpa_has_options","9":"first","10":"instock","11":"virtual","12":"purchasable","13":"product-type-simple"},"acf":[],"wcpa_form_fields":{"wcpaData":{"product":{"product_price":39,"price_html":"From&nbsp;<span class=\"woocommerce-Price-amount amount\"><bdi>39,00&nbsp;<span class=\"woocommerce-Price-currencySymbol\">&euro;<\/span><\/bdi><\/span>","original_product_price":39,"price_including_tax":39,"price_excluding_tax":39,"product_id":{"parent":16199,"variation":false},"is_variable":false,"stock_status":"instock","stock_quantity":null,"parent_sku":"CV16199","product_attributes":[],"custom_fields":[],"is_taxable":false,"product_name":"Fast Boat Tour from Los Cristianos to Los Gigantes","hasImage":false},"fields":{"sec_36938408c284bc":{"extra":{"key":"sec_36938408c284bc","section_id":"sec_36938408c284bc","name":"3H Shared Trip","status":1,"cl_rule":"show","enableCl":false,"relations":[{"operator":false,"rules":[{"operator":"AND","rules":{"cl_field":"radio-group_26938408c284ba","cl_relation":"is","cl_val":"3 Hour Trip"}}]}],"toggle":true,"title_tag":"h4","show_title":false,"showPrice":"default","repeater_section_field_label":"{field_label}","repeater_section_label":"{section_name}","repeater_bind":"","form_id":16357,"form_rules":{"exclude_from_discount":true,"fee_label":"Fee","disp_hide_options_price":true,"disp_show_section_price":false,"disp_show_field_price":true,"layout_option":"standard","pric_use_as_fee":false,"process_fee_as":"woo_fee"},"layout_option":"standard"},"fields":[[{"active":true,"col":6,"relations":false,"cl_rule":"show","enableCl":false,"price":"","enablePrice":false,"className":"","label_position":"default","desc_position":"default","type":"content","required":false,"elementId":"content_4254462101","label":"3 Hour Shared Tour","name":"content_4254462101","contentType":"rich","value":"<p>Whale and dolphin sightings. Includes a sandwich and water. Daily at 10:00.<\/p>","isTemplate":false,"error":false,"gt_translate_keys":["label","value"],"price_dependency":false,"cl_dependency":false}],[{"label":"\ud83d\udcc5 Date","active":true,"required":true,"elementId":"date_66938408c284ca","picker_type":"custom","picker_mode":"single","placeholder":"","description":"","tooltip":"","name":"date_66938408c284ca","label_position":"default","desc_position":"default","enablePrice":false,"className":"","enableCl":false,"relations":[{"operator":"and","rules":[{"operator":"AND","rules":{"cl_field":"radio-group_26938408c284ba","cl_relation":"is","cl_val":"3 Hour Trip"}}]}],"enableDesign":false,"LabelColor":"","date_pic_inline":true,"date_pic_inline_hide":true,"min_date":{"type":"days","val":"1"},"max_date":{"type":"days","val":"365"},"date_pic_conf":{"disabledWeeks":[],"disabledDates":[]},"price":"","cl_rule":"show","col":6,"type":"date","error":false,"date_conf_custom":{},"isWeightTemplate":false,"isTemplate":false,"min_quantity":"1","quantity_decimal":false,"quantity_step":"1","quantity_label":"Quantity","repeater_field_label":"{field_label}","repeater_bind":"","gt_translate_keys":["label","placeholder","description","tooltip","repeater_field_label","quantity_label"],"price_dependency":false,"cl_dependency":false,"value":""}],[{"label":"\u23f0 Departure","active":true,"required":true,"elementId":"select_16938408c284d6","dropdown_type":"basic","name":"select_16938408c284d6","label_position":"default","desc_position":"default","enablePrice":false,"className":"","enableCl":false,"relations":[{"operator":false,"rules":[{"operator":"AND","rules":{"cl_field":"date_66938408c284ca","cl_relation":"week_day_is","cl_val":[1]}}]}],"values":[{"label":"10:00","value":"10:00","selected":true,"tempId":"aco_2695","options_cl":false,"relations":[{"operator":false,"rules":[{"operator":"AND","rules":{"cl_field":"date_66938408c284ca","cl_relation":"week_day_is","cl_val":[5]}}]}],"cl_rule":"show","gt_translate_keys":["label"]}],"price":"","cl_rule":"show","col":6,"type":"select","error":false,"placeholder":"","isWeightTemplate":false,"isTemplate":false,"min_quantity":"1","quantity_decimal":false,"quantity_step":"1","quantity_label":"Quantity","repeater_field_label":"{field_label}","repeater_bind":"","gt_translate_keys":["label","placeholder","repeater_field_label","quantity_label"],"price_dependency":false,"cl_dependency":false,"value":""}],[{"active":true,"col":6,"relations":false,"cl_rule":"show","enableCl":false,"price":"","enablePrice":false,"className":"","label_position":"default","desc_position":"default","type":"content","required":false,"elementId":"content_26938408c284f4","label":"People","name":"content_26938408c284f4","contentType":"plain","value":"","error":false,"show_in_checkout":true,"inline":false,"isTemplate":false,"gt_translate_keys":["label","value"],"price_dependency":false,"cl_dependency":false}],[{"active":true,"col":6,"relations":[{"operator":false,"rules":[{"operator":"AND","rules":{"cl_field":"","cl_relation":"","cl_val":""}}]}],"cl_rule":"show","enableCl":false,"price":"39","enablePrice":true,"className":"","label_position":"default","desc_position":"default","type":"radio-group","required":false,"elementId":"radio-group_66938408c28500","label":"","name":"radio-group_66938408c28500","values":[{"label":"\ud83d\udc64 Adult (39\u20ac)","value":"Adult","selected":true,"tempId":"aco_32","tooltip":"+12 Years","description":"","gt_translate_keys":["label","tooltip","description"]}],"layOut":"","error":false,"checkUi":"button","priceOptions":"fixed_for_all","pricingType":"fixed","enable_quantity":true,"quantity_label":"","min_quantity":"0","options_tooltip":true,"options_description":true,"is_show_price":false,"isWeightTemplate":false,"isTemplate":false,"quantity_decimal":false,"quantity_step":"1","repeater_field_label":"{field_label}","repeater_bind":"","gt_translate_keys":["label","repeater_field_label","quantity_label"],"price_dependency":false,"cl_dependency":false,"value":""}],[{"label":"","active":true,"required":false,"elementId":"radio-group_96938408c2850b","name":"radio-group_96938408c2850b","label_position":"default","desc_position":"default","enablePrice":true,"className":"","enableCl":false,"relations":false,"enable_quantity":true,"quantity_label":"","min_quantity":"0","checkUi":"button","layOut":"","values":[{"label":"\ud83d\udc66 Child (21\u20ac)","value":"Child","selected":true,"tempId":"aco_32","tooltip":"3-11 Years","description":"","gt_translate_keys":["label","tooltip","description"]}],"priceOptions":"fixed_for_all","pricingType":"fixed","price":"21","cl_rule":"show","col":6,"type":"radio-group","error":false,"options_tooltip":true,"options_description":true,"is_show_price":false,"isWeightTemplate":false,"isTemplate":false,"quantity_decimal":false,"quantity_step":"1","repeater_field_label":"{field_label}","repeater_bind":"","gt_translate_keys":["label","repeater_field_label","quantity_label"],"price_dependency":false,"cl_dependency":false,"value":""}]]}},"config":{"price_override":"always","enable_recaptcha":false,"bind_quantity":false,"quantity_bind_formula":false,"disp_summ_show_option_price":true,"disp_summ_show_product_price":false,"disp_summ_show_total_price":true,"disp_summ_show_fee":true,"disp_summ_show_discount":true,"summary_title":"","options_total_label":"Options Price","total_label":"Total Amount Now","options_product_label":"Product Price","fee_label":"Fee","discount_label":"Discount","has_price":true,"has_quantity_formula":false},"mc_unit":1,"tax_rate":1,"tax_rate_real":1,"discount":{"percentage":0,"fixed":0},"design":{"conf":{"LabelPosition":"above","DescPosition":"above","UploadField":"custom_1","QuantityFieldStyle":"custom_1"},"css":{"LeftLabelWidth":"120px"}},"formulas":{"fmla_1708364241278155361":"(({field.select_16938408c2853d.value}>=8)?(335.50):(({field.select_16938408c2853d.value}>=6)?(269):(({field.select_16938408c2853d.value}>=5)?(252.50):(({field.select_16938408c2853d.value}>=4)?(282.50):(({field.select_16938408c2853d.value}>=3)?(193.50):(0))))))","fmla_1741607919311571987":"(({field.select_16938408c2853d.value}>=8)?(1334.50):(({field.select_16938408c2853d.value}>=6)?(1071):(({field.select_16938408c2853d.value}>=5)?(977.50):(({field.select_16938408c2853d.value}>=4)?(807.50):(({field.select_16938408c2853d.value}>=3)?(756.50):(0))))))"},"lookuptables":[],"clones":false,"cartKey":false}},"_links":{"self":[{"href":"https:\/\/canaryvip.com\/lt\/wp-json\/wp\/v2\/product\/16199","targetHints":{"allow":["GET"]}}],"collection":[{"href":"https:\/\/canaryvip.com\/lt\/wp-json\/wp\/v2\/product"}],"about":[{"href":"https:\/\/canaryvip.com\/lt\/wp-json\/wp\/v2\/types\/product"}],"replies":[{"embeddable":true,"href":"https:\/\/canaryvip.com\/lt\/wp-json\/wp\/v2\/comments?post=16199"}],"wp:featuredmedia":[{"embeddable":true,"href":"https:\/\/canaryvip.com\/lt\/wp-json\/wp\/v2\/media\/16353"}],"wp:attachment":[{"href":"https:\/\/canaryvip.com\/lt\/wp-json\/wp\/v2\/media?parent=16199"}],"wp:term":[{"taxonomy":"product_brand","embeddable":true,"href":"https:\/\/canaryvip.com\/lt\/wp-json\/wp\/v2\/product_brand?post=16199"},{"taxonomy":"product_cat","embeddable":true,"href":"https:\/\/canaryvip.com\/lt\/wp-json\/wp\/v2\/product_cat?post=16199"},{"taxonomy":"product_tag","embeddable":true,"href":"https:\/\/canaryvip.com\/lt\/wp-json\/wp\/v2\/product_tag?post=16199"}],"curies":[{"name":"wp","href":"https:\/\/api.w.org\/{rel}","templated":true}]}}