{"id":15796,"date":"2025-09-01T21:32:54","date_gmt":"2025-09-01T20:32:54","guid":{"rendered":"https:\/\/canaryvip.com\/?post_type=product&#038;p=15796"},"modified":"2025-12-09T16:40:27","modified_gmt":"2025-12-09T16:40:27","slug":"royal-ocean-private-yacht-tenerife","status":"publish","type":"product","link":"https:\/\/canaryvip.com\/lt\/shop\/royal-ocean-private-yacht-tenerife\/","title":{"rendered":"Royal Ocean Privati jachta Tenerif\u0117"},"content":{"rendered":"<h2><strong>\ud83c\udf0a Royal Ocean priva\u010dios jachtos nuoma Tenerif\u0117je<\/strong><\/h2>\n<p>\u012elipkite \u012f laiv\u0105 <strong>\"Royal Ocean<\/strong>, eleganti\u0161kas <strong>Princess 440 Flybridge jachta<\/strong> 14 metr\u0173 ilgio, ir leidosi \u012f \u012fsp\u016bding\u0105 <a href=\"https:\/\/canaryvip.com\/lt\/tenerife\/boat-hire-tenerife\/\">Yacht Charter Tenerif\u0117je<\/a>. \u0160i auk\u0161\u010diausios klas\u0117s patirtis sujungia elegancij\u0105, komfort\u0105 ir nuotykius, tod\u0117l tai puikus pasirinkimas romanti\u0161kam pab\u0117gimui, \u0161eimos i\u0161vykai ar \u0161ventei su draugais.<\/p>\n<p>Plaukdami palei pietin\u0119 Tenerif\u0117s pakrant\u0119, kuri\u0105 nuo v\u0117j\u0173 saugo didingi kalnai, gal\u0117site m\u0117gautis ramia j\u016bra, beveik i\u0161tisus metus \u0161vie\u010dian\u010dia saule ir geriausiais Kanar\u0173 salose j\u016bros gyv\u016bnijos steb\u0117jimais.<\/p>\n<h3>\u2b50\ufe0f <strong>Neprilygstamas komfortas ir gurmani\u0161ka patirtis<\/strong><\/h3>\n<p><span style=\"text-decoration: underline;\"><strong>Kod\u0117l \u0161i jacht\u0173 nuoma Tenerif\u0117je yra tikrai ypatinga:<\/strong><\/span><\/p>\n<ul>\n<li>Erdvus <strong>Princess 440 Flybridge<\/strong> 14 metr\u0173 ilgio, vidaus salonas, Flybridge ir saul\u0117s voni\u0173 zonos iki 10 sve\u010di\u0173.<\/li>\n<li>Auk\u0161\u010diausios kokyb\u0117s restoran\u0173 patirtis: \u0161efo paruo\u0161ti patiekalai, Kanar\u0173 sal\u0173 patiekalai ir \u0161vie\u017ei skan\u0117stai.<\/li>\n<li>Neribotas g\u0117rim\u0173, \u012fskaitant kav\u0105, kokteilius ir gaiviuosius g\u0117rimus, kiekis.<\/li>\n<li>Prabang\u016bs perve\u017eimai su \"Mercedes\" mikroautobusu, kuriame telpa iki 8 keleivi\u0173.<\/li>\n<\/ul>\n<h3>\ud83d\udd52 <strong>Lanks\u010dios priva\u010dios chartijos parinktys<\/strong><\/h3>\n<p>Pasirinkite geriausiai j\u016bs\u0173 planus atitinkant\u012f mar\u0161rut\u0105 ir trukm\u0119:<\/p>\n<ul>\n<li><strong>3-4 valand\u0173 Los Cristianos mar\u0161rutas<\/strong>: Prie\u0161 keliaudami palei pietin\u0119 pakrant\u0119 steb\u0117kite banginius ir delfinus. \u012esikurkite pasl\u0117ptoje \u012flankoje netoli Los Cristianos arba Geltonojo kalno ir maudykit\u0117s, nardykite ir plaukiokite irklent\u0117mis, o laive gal\u0117site paragauti tap\u0173, \u0161vie\u017ei\u0173 vaisi\u0173 ir g\u0117rim\u0173.<\/li>\n<li><strong>5-6 valand\u0173 Puertito mar\u0161rutas<\/strong>: Prat\u0119skite savo nuotykius ir daugiau laiko praleiskite j\u016broje. Po j\u016bros gyv\u016bnijos steb\u0117jimo pakeliui \u012f Puertito \u012flank\u0105 m\u0117gaukit\u0117s gurmani\u0161kais u\u017ekand\u017eiais su uogiene, s\u016briais ir la\u0161i\u0161a. Prie\u0161 tyrin\u0117dami kit\u0105 nuo\u0161ali\u0105 \u012flank\u0117l\u0119, maudykit\u0117s, nardykite arba atsipalaiduokite.<\/li>\n<li><strong>7-8 valand\u0173 Los Gigantes mar\u0161rutas<\/strong>: Galutinis jacht\u0173 frachtavimo Tenerif\u0117 variantas. Plaukite link st\u016bksan\u010di\u0173 Los Gigantes uol\u0173, \u012fmeskite inkar\u0105 Masca \u012flankoje ir m\u0117gaukit\u0117s nardymu, plaukiojimu irklent\u0117mis bei pilnu piet\u0173 meniu. Pakeliui gro\u017e\u0117kit\u0117s urvais, pasl\u0117ptais papl\u016bdimiais ir kvap\u0105 gniau\u017eian\u010diais Teid\u0117s vaizdais.<\/li>\n<li><strong>Saul\u0117lyd\u017eio privatus kruizas<\/strong>: Romanti\u0161ka vakaro patirtis. Steb\u0117kite saul\u0119, besileid\u017eian\u010di\u0105 vir\u0161 Atlanto vandenyno, m\u0117gaukit\u0117s kava, kokteiliais ir virtuv\u0117s \u0161efo paruo\u0161tomis vai\u0161\u0117mis. Puikiai tinka si\u016blymams, jubiliejams ar tiesiog m\u0117gaujantis stebuklingiausiais Tenerif\u0117s vaizdais.<\/li>\n<\/ul>\n<h4>\ud83d\udc2c <strong>Bangini\u0173 steb\u0117jimas po \"Barco Azul\" v\u0117liava<\/strong><\/h4>\n<p>Svetain\u0117 <strong>\"Royal Ocean<\/strong> i\u0161did\u017eiai plaukia po oficialiu <em>Barco Azul<\/em> licencij\u0105, u\u017etikrinan\u010di\u0105 eti\u0161k\u0105 ir tvar\u0173 bangini\u0173 ir delfin\u0173 steb\u0117jim\u0105. 99% s\u0117km\u0117s rodiklis yra 99%, tod\u0117l tik\u0117tina, kad i\u0161tisus metus sutiksite bandomuosius banginius ir delfinus, o tam tikrais met\u0173 laikais - ir migruojan\u010dias r\u016b\u0161is.<\/p>\n<h3>\u2705 <strong>Svarbiausi j\u016bs\u0173 priva\u010dios jachtos nuomos Tenerif\u0117je ypatumai<\/strong><\/h3>\n<ul>\n<li>Asmeniniai mar\u0161rutai ir lankst\u016bs tvarkara\u0161\u010diai, sudaryti atsi\u017evelgiant \u012f j\u016bs\u0173 pageidavimus.<\/li>\n<li>Auk\u0161\u010diausios klas\u0117s patogumai laive, \u012fskaitant SUP lentas, nardymo \u012frang\u0105 ir erdvias poilsio zonas.<\/li>\n<li>Profesionali \u012fgula, u\u017etikrinanti saugum\u0105, komfort\u0105 ir d\u0117mesing\u0105 aptarnavim\u0105 visos kelion\u0117s metu.<\/li>\n<li>I\u0161 vie\u0161bu\u010dio atsiveria nepamir\u0161tami vaizdai \u012f Teid\u0119, Los Kristianoso uolas, Maskos \u012flank\u0105 ir pietin\u0119 Tenerif\u0117s pakrant\u0119.<\/li>\n<\/ul>\n<h4>\ud83c\udf89 <strong>Puikiai tinka renginiams ir specialioms \u0161vent\u0117ms<\/strong><\/h4>\n<p>\u012estat\u0173 i\u0161davimas <strong>\"Royal Ocean<\/strong> tai ne tik buriavimas, bet ir nepaprastas b\u016bdas \u0161v\u0119sti svarbiausias gyvenimo akimirkas. Nesvarbu, ar tai b\u016bt\u0173 gimtadienis, vestuvi\u0173 pasi\u016blymas, medaus m\u0117nuo, mergvakaris, bernvakaris ar mergvakaris, ar jubiliejus, \u0161i jachtos nuoma Tenerif\u0117je sukuria prisiminimus, kurie i\u0161lieka visam gyvenimui. Sve\u010diai gali m\u0117gautis restorano kokyb\u0117s patiekalais, prabangiais g\u0117rimais ir nuostabiu Atlanto vandenyno fonu.<\/p>\n<p>Pagal susitarim\u0105 \u012f laiv\u0105 galima pasikviesti profesional\u0173 fotograf\u0105, kuris \u012fam\u017eins kiekvien\u0105 akimirk\u0105.<\/p>\n<h4>\ud83d\ude90 <strong>Skland\u016bs perk\u0117limai<\/strong><\/h4>\n<p>Kad b\u016bt\u0173 dar patogiau, \"Royal Ocean\" si\u016blo prabang\u0173 perve\u017eim\u0105 iki 8 asmen\u0173 grup\u0117ms \"Mercedes\" mikroautobusu tiesiai \u012f prieplauk\u0105.<\/p>\n<h4>\ud83d\udcdc <strong>U\u017esakymo ir at\u0161aukimo taisykl\u0117s<\/strong><\/h4>\n<ul>\n<li><strong>Lankstus at\u0161aukimas:<\/strong> Nemokamas at\u0161aukimas likus ne daugiau kaip 4 dienoms iki trump\u0173 (3-4 val.) ekskursij\u0173. Ilgesni\u0173 kelioni\u0173 (5-8 val.) atveju at\u0161aukimas iki 6 dien\u0173 prie\u0161 kelion\u0119 yra nemokamas. U\u017e NEPRIKLAUSOMYB\u0118 pinigai negr\u0105\u017einami.<\/li>\n<li>Prane\u0161kite mums apie mitybos reikalavimus likus ne ma\u017eiau kaip 48 valandoms iki i\u0161vykimo, kad gal\u0117tume parengti specialiai pritaikyt\u0105 meniu.<\/li>\n<\/ul>\n<h4>\ud83d\udd53 <strong>Lengvas \u012flaipinimas<\/strong><\/h4>\n<ul>\n<li>I\u0161vykimas i\u0161 Marina del Sur, Las Galletas.<\/li>\n<li>Kad \u012flaipinimo procesas vykt\u0173 skland\u017eiai, \u012f susitikimo viet\u0105 atvykite likus 15 minu\u010di\u0173 iki i\u0161vykimo.<\/li>\n<\/ul>\n<p>\"CanaryVIP\" padeda lengvai i\u0161sinuomoti laiv\u0105 Tenerif\u0117je ir pasim\u0117gauti i\u0161skirtiniausiais \u012fsp\u016bd\u017eiais saloje. Su \"Royal Ocean\" su\u017einosite, kod\u0117l jacht\u0173 nuoma Tenerif\u0117je yra vienas i\u0161 nepamir\u0161tamiausi\u0173 b\u016bd\u0173 tyrin\u0117ti Atlanto vandenyn\u0105.<\/p>\n<p>\ud83c\udf1f U\u017esisakykite <strong>Royal Ocean Priva\u010di\u0173 jacht\u0173 chartija<\/strong> \u0161iandien ir paverskite savo atostogas Tenerif\u0117je prabangiu nuotykiu j\u016broje.<\/p>","protected":false},"excerpt":{"rendered":"<p><span>\ud83d\udd0d <\/span><strong>Karali\u0161koji vandenyno jachta:<\/strong><br \/>\n<span>\u2705 Saugus mok\u0117jimas.<br \/>\n<\/span>\ud83d\udc65 Bendros ekskursijos.<br \/>\n<span>\ud83d\udd10 Priva\u010dios ekskursijos.<\/span><br \/>\n<span>\ud83d\udee5\ufe0f 14 metr\u0173 jachta.<\/span><br \/>\n<span>\u23f3 Kasdien\u0117s 3-8 val. trukm\u0117s ekskursijos.<\/span><br \/>\n<span>\ud83d\udd59 Pritaikomas i\u0161vykimo laikas.<\/span><br \/>\n<span>\ud83c\udf74 Maitinimas ir g\u0117rimai \u012fskai\u010diuoti.<\/span><br \/>\n<span>\ud83d\udc65 Iki 10 sve\u010di\u0173.<\/span><br \/>\n<span>\ud83c\udfc4\u200d\u2640\ufe0f \u012etraukta irklent\u0117.<\/span><br \/>\n<span>\ud83e\udd3f Snorkeliavimo \u012franga suteikiama.<\/span><br \/>\n<span>\ud83d\udd0a Groti muzik\u0105.<\/span><br \/>\n<span>\ud83d\ude97 Transporto paslauga \u012fskai\u010diuota.<\/span><br \/>\n<span>\ud83e\udd11 Garantuojama geriausia kaina.<\/span><br \/>\n<span>\ud83d\udc6a Suaktyvintos nuolaidos.<\/span><br \/>\n<span>\ud83d\udd01 At\u0161aukimas iki 4 dien\u0173.<\/span><br \/>\n<span>\ud83c\udf0d Daugiakalb\u0117 \u012fgula.<\/span><br \/>\n<span>\ud83c\udf1f U\u017esisakykite anks\u010diau ir sutaupykite!<\/span><br \/>\n<span>\ud83d\udccd I\u0161vykimas i\u0161\u00a0<\/span><a href=\"https:\/\/www.google.com\/maps\/place\/Marina+del+Sur+Tenerife.+Puerto+de+Las+Galletas.\/@28.0069667,-16.6636839,16z\/data=!3m1!4b1!4m6!3m5!1s0xc6aa271048d957b:0x66913daf70f663b3!8m2!3d28.006962!4d-16.661109!16s%2Fg%2F1tfzyr98?entry=tts\">Las Galletas<\/a><span>.<\/span><\/p>","protected":false},"featured_media":15937,"comment_status":"open","ping_status":"closed","template":"","meta":{"_acf_changed":false},"product_brand":[],"product_cat":[47,46],"product_tag":[],"class_list":{"0":"post-15796","1":"product","2":"type-product","3":"status-publish","4":"has-post-thumbnail","6":"product_cat-boat-hire-tenerife","7":"product_cat-boat-excursions","8":"wcpa_has_options","10":"first","11":"instock","12":"virtual","13":"purchasable","14":"product-type-simple"},"acf":[],"wcpa_form_fields":{"wcpaData":{"product":{"product_price":750,"price_html":"From&nbsp;<span class=\"woocommerce-Price-amount amount\"><bdi>750,00&nbsp;<span class=\"woocommerce-Price-currencySymbol\">&euro;<\/span><\/bdi><\/span>","original_product_price":750,"price_including_tax":750,"price_excluding_tax":750,"product_id":{"parent":15796,"variation":false},"is_variable":false,"stock_status":"instock","stock_quantity":null,"parent_sku":"CV15796","product_attributes":[],"custom_fields":[],"is_taxable":false,"product_name":"Royal Ocean Private Yacht Tenerife","hasImage":false},"fields":{"sec_868cd7750f2713":{"extra":{"key":"sec_868cd7750f2713","section_id":"sec_868cd7750f2713","name":"Default","status":1,"cl_rule":"show","enableCl":false,"relations":[],"toggle":true,"title_tag":"h3","show_title":false,"showPrice":"default","form_id":15949,"form_rules":{"exclude_from_discount":true,"fee_label":"Fee","disp_hide_options_price":true,"disp_show_section_price":false,"disp_show_field_price":true,"layout_option":"standard","pric_use_as_fee":false,"process_fee_as":"woo_fee"},"layout_option":"standard"},"fields":[[{"active":true,"col":6,"relations":[{"operator":false,"rules":[{"operator":"AND","rules":{"cl_field":"","cl_relation":"","cl_val":""}}]}],"cl_rule":"show","enableCl":false,"price":"","enablePrice":false,"className":"","label_position":"default","desc_position":"default","type":"radio-group","required":true,"elementId":"radio-group_1068cd7750f2744","label":"\u231b\ufe0f Trip Duration","name":"radio-group_1068cd7750f2744","values":[{"label":"3 Hour Shared Trip (86\u20ac)","value":"3 Hour Trip","selected":false,"tempId":"aco_32","description":"Whale and dolphin sightings. Includes food and drinks. Daily at Different Hours.","gt_translate_keys":["label","description"]},{"label":"Private Charter (From 750\u20ac)","value":"Private Charter (From 670\u20ac)","selected":false,"tempId":"aco_33","description":"Explore Tenerife\u2019s coast on a luxury yacht. Private charters include drinks, tapas, swim stops, whale watching and flexible routes from 3\u20138 hours.","gt_translate_keys":["label","description"]}],"layOut":"","error":false,"checkUi":"toggle","enableDesign":false,"scrollBar":false,"description":"","other":false,"options_description":true,"show_selected_option":false,"isWeightTemplate":false,"isTemplate":false,"min_quantity":"1","quantity_decimal":false,"quantity_step":"1","quantity_label":"Quantity","repeater_field_label":"{field_label}","repeater_bind":"","gt_translate_keys":["label","description","repeater_field_label","quantity_label"],"price_dependency":false,"cl_dependency":[false,false],"value":""}]]},"sec_468cd7750f2746":{"extra":{"key":"sec_468cd7750f2746","section_id":"sec_468cd7750f2746","name":"3H Shared Trip","status":1,"cl_rule":"show","enableCl":true,"relations":[{"operator":false,"rules":[{"operator":"AND","rules":{"cl_field":"radio-group_1068cd7750f2744","cl_relation":"is","cl_val":"3 Hour Trip"}}]}],"toggle":true,"title_tag":"h4","show_title":false,"showPrice":"default","form_id":15949,"form_rules":{"exclude_from_discount":true,"fee_label":"Fee","disp_hide_options_price":true,"disp_show_section_price":false,"disp_show_field_price":true,"layout_option":"standard","pric_use_as_fee":false,"process_fee_as":"woo_fee"},"layout_option":"standard"},"fields":[[{"label":"\ud83d\udcc5 Date","active":true,"required":true,"elementId":"date_268cd7750f2754","picker_type":"custom","picker_mode":"single","placeholder":"","description":"","tooltip":"","name":"date_268cd7750f2754","label_position":"default","desc_position":"default","enablePrice":false,"className":"","enableCl":false,"relations":[{"operator":"and","rules":[{"operator":"AND","rules":{"cl_field":"radio-group_1068cd7750f2744","cl_relation":"is","cl_val":"3 Hour Trip"}}]}],"enableDesign":false,"LabelColor":"","date_pic_inline":true,"date_pic_inline_hide":true,"min_date":{"type":"days","val":"2"},"max_date":{"type":"days","val":"365"},"date_pic_conf":{"disabledWeeks":[],"disabledDates":["2025-09-19","2025-09-21","2025-09-23","2025-09-29","2025-10-07","2025-10-12","2025-10-13","2025-10-19","2025-10-20"]},"price":"","cl_rule":"show","col":6,"type":"date","error":false,"date_conf_custom":{},"isWeightTemplate":false,"isTemplate":false,"min_quantity":"1","quantity_decimal":false,"quantity_step":"1","quantity_label":"Quantity","repeater_field_label":"{field_label}","repeater_bind":"","gt_translate_keys":["label","placeholder","description","tooltip","repeater_field_label","quantity_label"],"price_dependency":false,"cl_dependency":false,"value":""}],[{"label":"\u23f0 Departure","active":true,"required":true,"elementId":"select_1068cd7750f275f","dropdown_type":"basic","name":"select_1068cd7750f275f","label_position":"default","desc_position":"default","enablePrice":false,"className":"","enableCl":false,"relations":[{"operator":false,"rules":[{"operator":"AND","rules":{"cl_field":"date_268cd7750f2754","cl_relation":"week_day_is","cl_val":[1]}}]}],"values":[{"label":"10:00","value":"10:00","selected":false,"tempId":"aco_2695","options_cl":true,"relations":[],"cl_rule":"show","gt_translate_keys":["label"]},{"label":"14:00","value":"14:00","selected":false,"tempId":"aco_2696","options_cl":true,"relations":[],"cl_rule":"show","gt_translate_keys":["label"]}],"price":"","cl_rule":"show","col":6,"type":"select","error":false,"placeholder":"Select Departure Time","isWeightTemplate":false,"isTemplate":false,"min_quantity":"1","quantity_decimal":false,"quantity_step":"1","quantity_label":"Quantity","repeater_field_label":"{field_label}","repeater_bind":"","gt_translate_keys":["label","placeholder","repeater_field_label","quantity_label"],"price_dependency":false,"cl_dependency":false,"value":""}],[{"active":true,"col":6,"relations":false,"cl_rule":"show","enableCl":false,"price":"","enablePrice":false,"className":"","label_position":"default","desc_position":"default","type":"content","required":false,"elementId":"content_268cd7750f277e","label":"People","name":"content_268cd7750f277e","contentType":"plain","value":"","error":false,"show_in_checkout":true,"inline":false,"gt_translate_keys":["label","value"],"price_dependency":false,"cl_dependency":false}],[{"active":true,"col":6,"relations":[{"operator":false,"rules":[{"operator":"AND","rules":{"cl_field":"","cl_relation":"","cl_val":""}}]}],"cl_rule":"show","enableCl":false,"price":"89","enablePrice":true,"className":"","label_position":"default","desc_position":"default","type":"radio-group","required":false,"elementId":"radio-group_868cd7750f2789","label":"","name":"radio-group_868cd7750f2789","values":[{"label":"\ud83d\udc64 Adult (89\u20ac)","value":"Adult","selected":true,"tempId":"aco_32","tooltip":"+12 Years","description":"","gt_translate_keys":["label","tooltip","description"]}],"layOut":"","error":false,"checkUi":"button","priceOptions":"fixed_for_all","pricingType":"fixed","enable_quantity":true,"quantity_label":"","min_quantity":"0","options_tooltip":true,"options_description":true,"is_show_price":false,"isWeightTemplate":false,"isTemplate":false,"quantity_decimal":false,"quantity_step":"1","repeater_field_label":"{field_label}","repeater_bind":"","gt_translate_keys":["label","repeater_field_label","quantity_label"],"price_dependency":false,"cl_dependency":false,"value":""}],[{"label":"","active":true,"required":false,"elementId":"radio-group_568cd7750f2794","name":"radio-group_568cd7750f2794","label_position":"default","desc_position":"default","enablePrice":true,"className":"","enableCl":false,"relations":false,"enable_quantity":true,"quantity_label":"","min_quantity":"0","checkUi":"button","layOut":"","values":[{"label":"\ud83d\udc66 Child (66\u20ac)","value":"Child","selected":true,"tempId":"aco_32","tooltip":"3-11 Years","description":"","gt_translate_keys":["label","tooltip","description"]}],"priceOptions":"fixed_for_all","pricingType":"fixed","price":"66","cl_rule":"show","col":6,"type":"radio-group","error":false,"options_tooltip":true,"options_description":true,"is_show_price":false,"isWeightTemplate":false,"isTemplate":false,"quantity_decimal":false,"quantity_step":"1","repeater_field_label":"{field_label}","repeater_bind":"","gt_translate_keys":["label","repeater_field_label","quantity_label"],"price_dependency":false,"cl_dependency":false,"value":""}]]},"sec_1068cd7750f27a0":{"extra":{"key":"sec_1068cd7750f27a0","section_id":"sec_1068cd7750f27a0","name":"Private Charter","status":1,"cl_rule":"show","enableCl":true,"relations":[{"operator":false,"rules":[{"operator":"AND","rules":{"cl_field":"radio-group_1068cd7750f2744","cl_relation":"is","cl_val":"Private Charter (From 670\u20ac)"}}]}],"toggle":true,"title_tag":"h4","show_title":false,"showPrice":"default","form_id":15949,"form_rules":{"exclude_from_discount":true,"fee_label":"Fee","disp_hide_options_price":true,"disp_show_section_price":false,"disp_show_field_price":true,"layout_option":"standard","pric_use_as_fee":false,"process_fee_as":"woo_fee"},"layout_option":"standard"},"fields":[[{"label":"\ud83d\udcc5 Date","active":true,"required":true,"elementId":"date-4966732090","picker_type":"custom","picker_mode":"single","placeholder":"","description":"","tooltip":"","name":"date-4966732090","label_position":"default","desc_position":"default","enablePrice":false,"className":"","enableCl":false,"relations":[{"operator":"and","rules":[{"operator":"AND","rules":{"cl_field":"radio-group_1068cd7750f2744","cl_relation":"is","cl_val":"3 Hour Trip"}}]}],"repeater_bind":"","repeater_field_label":"{field_label}","enableDesign":false,"LabelColor":"","quantity_label":"Quantity","quantity_step":"1","quantity_decimal":false,"min_quantity":"1","date_pic_inline":true,"date_pic_inline_hide":true,"min_date":{"type":"days","val":"1"},"max_date":{"type":"days","val":"365"},"date_pic_conf":{"disabledWeeks":[],"disabledDates":["2025-09-19","2025-09-21","2025-09-23","2025-09-29","2025-10-07","2025-10-12","2025-10-13","2025-10-19","2025-10-20"]},"date_conf_custom":{},"isTemplate":false,"price":"","isWeightTemplate":false,"cl_rule":"show","col":6,"type":"date","error":false,"gt_translate_keys":["label","placeholder","description","tooltip","repeater_field_label","quantity_label"],"price_dependency":false,"cl_dependency":false,"value":""}],[{"label":"\u23f0 Departure","active":true,"required":true,"elementId":"select_068cd7750f27b3","dropdown_type":"basic","placeholder":"Select Departure Time","name":"select_068cd7750f27b3","label_position":"default","desc_position":"default","enablePrice":false,"className":"","enableCl":false,"relations":[{"operator":false,"rules":[{"operator":"AND","rules":{"cl_field":"date_268cd7750f2754","cl_relation":"week_day_is","cl_val":[1]}}]}],"values":[{"label":"10:00","value":"10:00","selected":false,"tempId":"aco_2696","gt_translate_keys":["label"]},{"label":"14:00","value":"14:00","selected":false,"tempId":"aco_2457","gt_translate_keys":["label"]},{"label":"18:00","value":"18:00","selected":false,"tempId":"aco_91","gt_translate_keys":["label"]}],"price":"","cl_rule":"show","col":6,"type":"select","error":false,"isWeightTemplate":false,"isTemplate":false,"min_quantity":"1","quantity_decimal":false,"quantity_step":"1","quantity_label":"Quantity","repeater_field_label":"{field_label}","repeater_bind":"","gt_translate_keys":["label","placeholder","repeater_field_label","quantity_label"],"price_dependency":false,"cl_dependency":false,"value":""}],[{"label":"\ud83d\udc65 Amount of People","active":true,"required":true,"elementId":"select_1068cd7750f27bc","dropdown_type":"basic","placeholder":"Select Departure Time","name":"select_1068cd7750f27bc","label_position":"default","desc_position":"default","enablePrice":false,"className":"","enableCl":false,"relations":[{"operator":false,"rules":[{"operator":"AND","rules":{"cl_field":"date_268cd7750f2754","cl_relation":"week_day_is","cl_val":[1]}}]}],"values":[{"label":"1 Person","value":"1 Person","selected":false,"tempId":"aco_2695","gt_translate_keys":["label"]},{"label":"2 People","value":"2 People","selected":false,"tempId":"aco_2696","gt_translate_keys":["label"]},{"label":"3 People","value":"3 People","selected":false,"tempId":"aco_3399","gt_translate_keys":["label"]},{"label":"4 People","value":"4 People","selected":false,"tempId":"aco_3409","gt_translate_keys":["label"]},{"label":"5 People","value":"5 People","selected":false,"tempId":"aco_3519","gt_translate_keys":["label"]},{"label":"6 People","value":"6 People","selected":false,"tempId":"aco_3529","gt_translate_keys":["label"]},{"label":"7 People","value":"7 People","selected":false,"tempId":"aco_3557","gt_translate_keys":["label"]},{"label":"8 People","value":"8 People","selected":false,"tempId":"aco_3594","gt_translate_keys":["label"]},{"label":"9 People","value":"9 People","selected":false,"tempId":"aco_3604","gt_translate_keys":["label"]},{"label":"10 People","value":"10 People","selected":false,"tempId":"aco_3722","gt_translate_keys":["label"]}],"price":"","cl_rule":"show","col":6,"type":"select","error":false,"isWeightTemplate":false,"isTemplate":false,"min_quantity":"1","quantity_decimal":false,"quantity_step":"1","quantity_label":"Quantity","repeater_field_label":"{field_label}","repeater_bind":"","gt_translate_keys":["label","placeholder","repeater_field_label","quantity_label"],"price_dependency":false,"cl_dependency":false,"value":""}],[{"active":true,"col":6,"relations":false,"cl_rule":"show","enableCl":false,"price":"","enablePrice":true,"className":"","label_position":"default","desc_position":"default","type":"select","required":false,"elementId":"select_668cd7750f27c5","label":"\u231b\ufe0f Charter Duration (From 750\u20ac)","name":"select_668cd7750f27c5","values":[{"label":"3 Hours (750\u20ac)","value":"3","selected":false,"tempId":"aco_3241","price":"750","gt_translate_keys":["label"]},{"label":"4 Hours (880\u20ac)","value":"4","selected":false,"tempId":"aco_349","price":"880","gt_translate_keys":["label"]},{"label":"5 Hours (1.050\u20ac)","value":"5","selected":false,"tempId":"aco_2139","price":"1050","gt_translate_keys":["label"]},{"label":"6 Hours (1.230\u20ac)","value":"6","selected":false,"tempId":"aco_2149","price":"1230","gt_translate_keys":["label"]},{"label":"7 Hours (1.400\u20ac)","value":"7","selected":false,"tempId":"aco_1706","price":"1400","gt_translate_keys":["label"]},{"label":"8 Hours (1.570\u20ac)","value":"8","selected":false,"tempId":"aco_2393","price":"1570","gt_translate_keys":["label"]}],"dropdown_type":"basic","error":false,"placeholder":"Select Duration Time","priceOptions":"different_for_all","pricingType":"fixed","is_show_price":false,"isWeightTemplate":false,"isTemplate":false,"min_quantity":"1","quantity_decimal":false,"quantity_step":"1","quantity_label":"Quantity","repeater_field_label":"{field_label}","repeater_bind":"","gt_translate_keys":["label","placeholder","repeater_field_label","quantity_label"],"price_dependency":false,"cl_dependency":false,"value":""}],[{"active":true,"col":6,"relations":false,"cl_rule":"show","enableCl":false,"price":"","enablePrice":false,"className":"","label_position":"default","desc_position":"default","type":"separator","required":false,"elementId":"separator_768cd7750f27d0","label":"Separator Field","height":"3","separatorType":"blank","error":false,"gt_translate_keys":["label"],"price_dependency":false,"cl_dependency":false,"value":""}]]}},"config":{"price_override":"always","enable_recaptcha":false,"bind_quantity":false,"quantity_bind_formula":false,"disp_summ_show_option_price":true,"disp_summ_show_product_price":false,"disp_summ_show_total_price":true,"disp_summ_show_fee":true,"disp_summ_show_discount":true,"summary_title":"","options_total_label":"Options Price","total_label":"Total Amount Now","options_product_label":"Product Price","fee_label":"Fee","discount_label":"Discount","has_price":true,"has_quantity_formula":false},"mc_unit":1,"tax_rate":1,"tax_rate_real":1,"discount":{"percentage":0,"fixed":0},"design":{"conf":{"LabelPosition":"above","DescPosition":"above","UploadField":"custom_1","QuantityFieldStyle":"custom_1"},"css":{"LeftLabelWidth":"120px"}},"formulas":{"fmla_1708364241278155361":"(({field.select_668cd7750f27c5.value}>=8)?(335.50):(({field.select_668cd7750f27c5.value}>=6)?(269):(({field.select_668cd7750f27c5.value}>=5)?(252.50):(({field.select_668cd7750f27c5.value}>=4)?(282.50):(({field.select_668cd7750f27c5.value}>=3)?(193.50):(0))))))","fmla_1741607919311571987":"(({field.select_668cd7750f27c5.value}>=8)?(1334.50):(({field.select_668cd7750f27c5.value}>=6)?(1071):(({field.select_668cd7750f27c5.value}>=5)?(977.50):(({field.select_668cd7750f27c5.value}>=4)?(807.50):(({field.select_668cd7750f27c5.value}>=3)?(756.50):(0))))))"},"lookuptables":[],"clones":false,"cartKey":false}},"_links":{"self":[{"href":"https:\/\/canaryvip.com\/lt\/wp-json\/wp\/v2\/product\/15796","targetHints":{"allow":["GET"]}}],"collection":[{"href":"https:\/\/canaryvip.com\/lt\/wp-json\/wp\/v2\/product"}],"about":[{"href":"https:\/\/canaryvip.com\/lt\/wp-json\/wp\/v2\/types\/product"}],"replies":[{"embeddable":true,"href":"https:\/\/canaryvip.com\/lt\/wp-json\/wp\/v2\/comments?post=15796"}],"wp:featuredmedia":[{"embeddable":true,"href":"https:\/\/canaryvip.com\/lt\/wp-json\/wp\/v2\/media\/15937"}],"wp:attachment":[{"href":"https:\/\/canaryvip.com\/lt\/wp-json\/wp\/v2\/media?parent=15796"}],"wp:term":[{"taxonomy":"product_brand","embeddable":true,"href":"https:\/\/canaryvip.com\/lt\/wp-json\/wp\/v2\/product_brand?post=15796"},{"taxonomy":"product_cat","embeddable":true,"href":"https:\/\/canaryvip.com\/lt\/wp-json\/wp\/v2\/product_cat?post=15796"},{"taxonomy":"product_tag","embeddable":true,"href":"https:\/\/canaryvip.com\/lt\/wp-json\/wp\/v2\/product_tag?post=15796"}],"curies":[{"name":"wp","href":"https:\/\/api.w.org\/{rel}","templated":true}]}}