{"id":15386,"date":"2025-08-07T14:09:56","date_gmt":"2025-08-07T13:09:56","guid":{"rendered":"https:\/\/canaryvip.com\/?post_type=product&#038;p=15386"},"modified":"2025-08-09T13:45:20","modified_gmt":"2025-08-09T12:45:20","slug":"crazy-ufo-twister-tenerife","status":"publish","type":"product","link":"https:\/\/canaryvip.com\/lt\/shop\/crazy-ufo-twister-tenerife\/","title":{"rendered":"Beproti\u0161kas NSO ir tvisteris Tenerif\u0117"},"content":{"rendered":"<h2><strong>\ud83d\ude80 Beproti\u0161kas NSO Tenerif\u0117je - greita pramoga ant vandens<\/strong><\/h2>\n<p>Ie\u0161kote laukin\u0117s kelion\u0117s? \u012elipkite \u012f <strong>Beproti\u0161kas NSO Tenerif\u0117<\/strong> ir pasiruo\u0161kite intensyviam grei\u010dio, pursl\u0173 ir gryno adrenalino mi\u0161iniui. Tai vienas i\u0161 labiausiai jaudinan\u010di\u0173 <strong>vandens sportas Tenerif\u0117je<\/strong>, puikiai tinka \u0161eimoms, poroms ar draug\u0173 grup\u0117ms, ie\u0161kan\u010dioms nepamir\u0161tam\u0173 pramog\u0173 Kosta Adech\u0117je.<\/p>\n<h3><strong>\ud83c\udf0a I\u0161vykimas i\u0161 Puerto Kolono<\/strong><\/h3>\n<ul>\n<li><strong>Lengva prieiga:<\/strong> J\u016bs\u0173 nuotykis prasideda nuo <a href=\"https:\/\/maps.app.goo.gl\/bkqEhAxsobcjz9wG9\" target=\"_blank\" rel=\"noopener\">Puerto Col\u00f3n<\/a>vienas populiariausi\u0173 uost\u0173 Tenerif\u0117s pietuose. J\u012f lengva pasiekti ir supa puikios papl\u016bdimio nuotaikos.<\/li>\n<li><strong>Greita informacija:<\/strong> Prie\u0161 pasiva\u017ein\u0117jim\u0105 patyrusi \u012fgula praves saugos instrukta\u017e\u0105, kad \u012fsitikintum\u0117te, jog viskas paruo\u0161ta saugiai ir smagiai kelionei.<\/li>\n<\/ul>\n<h3><strong>\u2728 Kod\u0117l verta rinktis beproti\u0161k\u0105 pasiva\u017ein\u0117jim\u0105 NSO Tenerif\u0117je?<\/strong><\/h3>\n<ul>\n<li><strong>Intensyvus adrenalinas:<\/strong> Tai ne tik \u012fprastas pripu\u010diamas atrakcionas. \"Crazy UFO\" sukasi, slysta ir \u0161okin\u0117ja vir\u0161 bang\u0173 taip, kad juoksit\u0117s ir \u0161auksite vienu metu.<\/li>\n<li><strong>Puikiai tinka visiems:<\/strong> Nereikia b\u016bti profesionalu. Nesvarbu, ar tai j\u016bs\u0173 pirmoji, ar de\u0161imtoji vandens pramoga, \u0161is pasiva\u017ein\u0117jimas yra saugus ir smagus visiems \u012fg\u016bd\u017ei\u0173 lygiams - nuo pradedan\u010di\u0173j\u0173 iki a\u0161tri\u0173 poj\u016b\u010di\u0173 ie\u0161kotoj\u0173.<\/li>\n<li><strong>Nuostab\u016bs vaizdai:<\/strong> Skrisdami per vandenyn\u0105 pasigro\u017e\u0117kite nuostabia Playa de las Am\u00e9ricas pakrante ir putojan\u010diais Atlanto vandenyno vandenimis.<\/li>\n<\/ul>\n<h3><strong>\ud83d\udcb6 Puiki vert\u0117 trumpam, bet intensyviam pasiva\u017ein\u0117jimui<\/strong><\/h3>\n<ul>\n<li><strong>Trukm\u0117:<\/strong> Vis\u0105 15 minu\u010di\u0173 trunkantis veiksmo kupinas pasiva\u017ein\u0117jimas.<\/li>\n<li><strong>\u012eperkama kaina:<\/strong> Smagi ir nebrangi galimyb\u0117 norintiems i\u0161bandyti \u012fdomius <strong>vandens pramogos Tenerif\u0117je<\/strong> nei\u0161leisdami daugyb\u0117s pinig\u0173.<\/li>\n<li><strong>Turimos nuotraukos:<\/strong> Nepamir\u0161kite per\u017ei\u016br\u0117ti \u012fsigyjam\u0173 va\u017eiavimo nuotrauk\u0173 - nor\u0117site tur\u0117ti \u0161i\u0173 laukini\u0173 veid\u0173 \u012frodym\u0173!<\/li>\n<\/ul>\n<h3><strong>\u2696\ufe0f Lankstus u\u017esakymas ir at\u0161aukimas<\/strong><\/h3>\n<ul>\n<li><strong>Lengva u\u017esisakyti:<\/strong> \"CanaryVIP\" u\u017etikrina skland\u0173 ir greit\u0105 \"Crazy UFO\" pasiva\u017ein\u0117jimo u\u017esakym\u0105. Tiesiog pasirinkite dat\u0105 ir u\u017esitikrinkite viet\u0105.<\/li>\n<li><strong>Nemokamas at\u0161aukimas:<\/strong> Planai pasikeit\u0117? Joki\u0173 problem\u0173. Likus 24 valandoms iki u\u017esi\u0117mimo galite at\u0161aukti rezervacij\u0105 ir atgauti vis\u0105 sumok\u0117t\u0105 sum\u0105. Jokio streso, joki\u0173 r\u016bpes\u010di\u0173.<\/li>\n<\/ul>\n<h3><strong>\u2705 Kas \u012feina \u012f \"Crazy UFO Tenerife Ride\"?<\/strong><\/h3>\n<ul>\n<li>Gelb\u0117jimosi liemen\u0117s ir saugos priemon\u0117s visiems dalyviams.<\/li>\n<li>15 minu\u010di\u0173 greito veiksmo ant pripu\u010diamo \"Crazy UFO\".<\/li>\n<li>Profesional\u016bs ir draugi\u0161ki darbuotojai u\u017etikrina saug\u0173 ir smag\u0173 laik\u0105.<\/li>\n<li>Neprivalomos va\u017eiavimo nuotraukos, kad prisiminimai i\u0161likt\u0173 gyvi.<\/li>\n<\/ul>\n<h3><strong>\ud83c\udfaf Kod\u0117l verta u\u017esisakyti su CanaryVIP?<\/strong><\/h3>\n<ul>\n<li>Bendradarbiaujame su geriausiai \u012fvertintomis Tenerif\u0117s vandens sporto \u012fmon\u0117mis, kad gal\u0117tume pasi\u016blyti tik geriausi\u0105 ir saugiausi\u0105 patirt\u012f.<\/li>\n<li>Esame \u012fsik\u016br\u0119 Tenerif\u0117je ir galime jums pad\u0117ti vietiniais patarimais prie\u0161 ir po u\u017esakymo.<\/li>\n<li>\u0160i\u0105 funkcij\u0105 galite derinti su kitomis <strong>vandens pramogos Tenerif\u0117je<\/strong> kaip <a href=\"https:\/\/canaryvip.com\/lt\/shop\/jetski-tenerife\/\">pasiva\u017ein\u0117jimai vandens motociklais<\/a>, <a href=\"https:\/\/canaryvip.com\/lt\/shop\/parasailing-tenerife\/\">skraidymas parasparniu<\/a> arba <a href=\"https:\/\/canaryvip.com\/lt\/tenerife\/boat-excursions\/\">ekskursijos laivu<\/a>-Visi toje pa\u010dioje teritorijoje!<\/li>\n<\/ul>\n<h3><strong>\ud83c\udf92 K\u0105 pasiimti<\/strong><\/h3>\n<ul>\n<li><strong>Maudymosi kostium\u0117liai:<\/strong> J\u016bs su\u0161lapsite! Ateikite apsireng\u0119 vandens drabu\u017eiais ir pasiruo\u0161\u0119 smagiai praleisti laik\u0105.<\/li>\n<li><strong>Apsauga nuo saul\u0117s:<\/strong> Pasiimkite krem\u0105 nuo saul\u0117s, ypa\u010d saul\u0117tomis dienomis.<\/li>\n<li><strong>Palikite verting\u0173 daikt\u0173:<\/strong> Uostamiestyje yra saugomos saugyklos, kuriose galite palikti daiktus kelion\u0117s metu.<\/li>\n<\/ul>\n<h3>\u2753 <strong>Da\u017enai u\u017eduodami klausimai<\/strong><\/h3>\n<ul>\n<li><strong>Ar \"Crazy UFO\" yra saugus?<\/strong> Absoliu\u010diai. Saugumas yra svarbiausias prioritetas. Pasiva\u017ein\u0117jim\u0105 pri\u017ei\u016bri apmokyti specialistai, o visi dalyviai d\u0117vi gelb\u0117jimosi liemenes.<\/li>\n<li><strong>Ar reikia mok\u0117ti plaukti?<\/strong> Plaukimo patirties nereikia. Vis\u0105 laik\u0105 d\u0117v\u0117site gelb\u0117jimosi liemen\u0119.<\/li>\n<li><strong>Koks minimalus am\u017eius?<\/strong> Paprastai gali va\u017eiuoti vaikai nuo 10 met\u0173, ta\u010diau, jei nesate tikri, prie\u0161 u\u017esisakydami bilietus, geriausia pasiteirauti.<\/li>\n<\/ul>\n<h4><strong>\ud83c\udf1e Pasiruo\u0161kite r\u0117kti, juoktis ir pliu\u0161kentis!<\/strong><\/h4>\n<p>Nepraleiskite vieno smagiausi\u0173 <strong>vandens sportas Tenerif\u0117je<\/strong>. U\u017esisakykite <strong>Beproti\u0161kas NSO Tenerif\u0117<\/strong> va\u017eiuokite \u0161iandien su CanaryVIP ir patirkite jaudul\u012f skraidydami vir\u0161 bang\u0173 per vien\u0105 i\u0161 \u012fdomiausi\u0173 vandens pramog\u0173, kurias gali pasi\u016blyti sala.<\/p>","protected":false},"excerpt":{"rendered":"<p>\ud83d\udd0d<strong> Beproti\u0161kas NSO ir tvisteris Tenerif\u0117je:<br \/>\n<\/strong>\u2705 Saugus mok\u0117jimas.<br \/>\n\ud83d\udc65 Iki 8 va\u017eiuojan\u010di\u0173j\u0173 vienam va\u017eiavimui.<br \/>\n\ud83d\ude80 Kelion\u0117s trunka 15 minu\u010di\u0173.<br \/>\n\ud83c\udfde\ufe0f Greitaeigiai pasiva\u017ein\u0117jimai.<br \/>\n\ud83d\udd59 Vis\u0105 dien\u0105.<br \/>\n\ud83d\udcc5 Galima \u012fsigyti kasdien.<br \/>\n\ud83e\udd11 Garantuojama geriausia kaina.<br \/>\n\ud83d\udc6a Nuolaidos grup\u0117ms.<br \/>\n\ud83d\udd01 24 val. at\u0161aukimo politika.<br \/>\n\ud83c\udf0d Daugiakalbis palaikymas.<br \/>\n\ud83c\udf1f Rezervuokite i\u0161 anksto, kad sutaupytum\u0117te.<br \/>\n\ud83d\udccd I\u0161vykimas i\u0161 <a href=\"https:\/\/maps.app.goo.gl\/bkqEhAxsobcjz9wG9\">Puerto Col\u00f3n<\/a>.<\/p>","protected":false},"featured_media":15388,"comment_status":"open","ping_status":"closed","template":"","meta":{"_acf_changed":false},"product_brand":[],"product_cat":[53],"product_tag":[],"class_list":{"0":"post-15386","1":"product","2":"type-product","3":"status-publish","4":"has-post-thumbnail","6":"product_cat-water-sports","7":"wcpa_has_options","9":"first","10":"instock","11":"virtual","12":"purchasable","13":"product-type-simple"},"acf":[],"wcpa_form_fields":{"wcpaData":{"product":{"product_price":18,"price_html":"From&nbsp;<span class=\"woocommerce-Price-amount amount\"><bdi>18,00&nbsp;<span class=\"woocommerce-Price-currencySymbol\">&euro;<\/span><\/bdi><\/span>","original_product_price":18,"price_including_tax":18,"price_excluding_tax":18,"product_id":{"parent":15386,"variation":false},"is_variable":false,"stock_status":"instock","stock_quantity":null,"parent_sku":"CV15386","product_attributes":[],"custom_fields":[],"is_taxable":false,"product_name":"Crazy UFO & Twister Tenerife","hasImage":false},"fields":{"sec_16894ab7dd6246":{"extra":{"key":"sec_16894ab7dd6246","section_id":"sec_16894ab7dd6246","name":"Default","status":1,"cl_rule":"show","enableCl":false,"relations":[],"toggle":true,"title_tag":"h3","show_title":false,"showPrice":"default","form_id":15391,"form_rules":{"exclude_from_discount":true,"fee_label":"Fee","disp_hide_options_price":true,"disp_show_section_price":false,"disp_show_field_price":true,"layout_option":"standard","pric_use_as_fee":false,"process_fee_as":"woo_fee"},"layout_option":"standard"},"fields":[[{"label":"\ud83d\udcc5 Date","active":true,"required":true,"elementId":"date_26894ab7dd6265","picker_type":"custom","picker_mode":"single","placeholder":"","description":"","tooltip":"","name":"date_26894ab7dd6265","label_position":"default","desc_position":"default","enablePrice":false,"className":"","enableCl":false,"relations":[{"operator":"and","rules":[{"operator":"AND","rules":{"cl_field":"radio-group_5661bc90f5e8f5","cl_relation":"is_not_empty","cl_val":"3 Hour Trip"}}]}],"date_pic_inline":true,"date_pic_inline_hide":true,"min_date":{"type":"days","val":"1"},"max_date":{"type":"days","val":"365"},"date_pic_conf":{"disabledWeeks":[]},"price":"","cl_rule":"show","col":6,"type":"date","error":false,"enableDesign":false,"LabelColor":"","isWeightTemplate":false,"isTemplate":false,"min_quantity":"1","quantity_decimal":false,"quantity_step":"1","quantity_label":"Quantity","repeater_field_label":"{field_label}","repeater_bind":"","gt_translate_keys":["label","placeholder","description","tooltip","repeater_field_label","quantity_label"],"price_dependency":false,"cl_dependency":false,"value":""}],[{"active":true,"col":6,"relations":false,"cl_rule":"show","enableCl":false,"price":"","enablePrice":false,"className":"","label_position":"default","desc_position":"default","type":"select","required":true,"elementId":"select_66894ab7dd6273","label":"\u23f0 Departure Time","name":"select_66894ab7dd6273","values":[{"label":"Whichever Time is Best","value":"Whichever Time is Best","selected":false,"tempId":"aco_312","gt_translate_keys":["label"]},{"label":"10:00","value":"10:00","selected":false,"tempId":"aco_313","gt_translate_keys":["label"]},{"label":"11:00","value":"11:00","selected":false,"tempId":"aco_314","gt_translate_keys":["label"]},{"label":"12:00","value":"12:00","selected":false,"tempId":"aco_711","gt_translate_keys":["label"]},{"label":"13:00","value":"13:00","selected":false,"tempId":"aco_721","gt_translate_keys":["label"]},{"label":"14:00","value":"14:00","selected":false,"tempId":"aco_983","gt_translate_keys":["label"]},{"label":"15:00","value":"15:00","selected":false,"tempId":"aco_993","gt_translate_keys":["label"]},{"label":"16:00","value":"16:00","selected":false,"tempId":"aco_1183","gt_translate_keys":["label"]}],"dropdown_type":"basic","error":false,"multiple":false,"placeholder":"None","isWeightTemplate":false,"isTemplate":false,"min_quantity":"1","quantity_decimal":false,"quantity_step":"1","quantity_label":"Quantity","repeater_field_label":"{field_label}","repeater_bind":"","gt_translate_keys":["label","placeholder","repeater_field_label","quantity_label"],"price_dependency":false,"cl_dependency":false,"value":""}],[{"active":true,"col":6,"relations":[{"operator":false,"rules":[{"operator":"AND","rules":{"cl_field":"","cl_relation":"","cl_val":""}}]}],"cl_rule":"show","enableCl":true,"price":"18","enablePrice":true,"className":"","label_position":"default","desc_position":"default","type":"radio-group","required":false,"elementId":"radio-group_76894ab7dd6281","label":"","name":"radio-group_76894ab7dd6281","values":[{"label":"\ud83d\udc64 People (18\u20ac)","value":"People","selected":true,"tempId":"aco_32","tooltip":"","description":"","gt_translate_keys":["label","tooltip","description"]}],"layOut":"","error":false,"checkUi":"button","priceOptions":"fixed_for_all","pricingType":"fixed","enable_quantity":true,"quantity_label":"","min_quantity":"0","options_tooltip":true,"options_description":true,"is_show_price":true,"isWeightTemplate":false,"isTemplate":false,"quantity_decimal":false,"quantity_step":"1","repeater_field_label":"{field_label}","repeater_bind":"","gt_translate_keys":["label","repeater_field_label","quantity_label"],"price_dependency":false,"cl_dependency":false,"value":""}],[{"active":true,"col":6,"relations":false,"cl_rule":"show","enableCl":false,"price":"","enablePrice":false,"className":"","label_position":"default","desc_position":"default","type":"separator","required":false,"elementId":"separator_16894ab7dd628d","label":"Separator Field","height":"6","separatorType":"fill","error":false,"separatorColor":"#66a5b6","gt_translate_keys":["label"],"price_dependency":false,"cl_dependency":false,"value":""}],[{"active":true,"col":6,"relations":false,"cl_rule":"show","enableCl":false,"price":"{field.radio-group_76894ab7dd6281.quantity}*6","enablePrice":true,"className":"","label_position":"default","desc_position":"default","type":"content","required":false,"elementId":"content_66894ab7dd6297","label":"Deposit Now","name":"content_66894ab7dd6297","contentType":"plain","value":"","error":false,"subtype":"div","inline":true,"show_in_checkout":true,"pricingType":"custom","isTemplate":false,"gt_translate_keys":["label","value"],"price_dependency":false,"cl_dependency":false}],[{"contentType":"plain","active":true,"label":"Payment at Arrival","elementId":"content_96894ab7dd62a1","value":"","inline":true,"show_in_checkout":true,"name":"content_96894ab7dd62a1","enablePrice":true,"className":"","subtype":"div","enableCl":false,"relations":false,"pricingType":"custom","isTemplate":false,"price":"{field.radio-group_76894ab7dd6281.quantity}*12","is_show_price":true,"cl_rule":"show","col":6,"type":"content","error":false,"gt_translate_keys":["label","value"],"price_dependency":false,"cl_dependency":false}],[{"contentType":"plain","active":true,"label":"Total Price","elementId":"content_76894ab7dd62ab","value":"","inline":true,"show_in_checkout":true,"name":"content_76894ab7dd62ab","enablePrice":true,"className":"","subtype":"div","enableCl":false,"relations":false,"pricingType":"custom","isTemplate":false,"price":"{field.radio-group_76894ab7dd6281.quantity}*18","is_show_price":true,"cl_rule":"show","col":6,"type":"content","error":false,"gt_translate_keys":["label","value"],"price_dependency":false,"cl_dependency":false}]]}},"config":{"price_override":"always","enable_recaptcha":false,"bind_quantity":false,"quantity_bind_formula":false,"disp_summ_show_option_price":true,"disp_summ_show_product_price":false,"disp_summ_show_total_price":true,"disp_summ_show_fee":true,"disp_summ_show_discount":true,"summary_title":"","options_total_label":"Options Price","total_label":"Total Amount","options_product_label":"Product Price","fee_label":"Fee","discount_label":"Discount","has_price":true,"has_quantity_formula":false},"mc_unit":1,"tax_rate":1,"tax_rate_real":1,"discount":{"percentage":0,"fixed":0},"design":{"conf":{"LabelPosition":"above","DescPosition":"above","UploadField":"custom_1","QuantityFieldStyle":"custom_1"},"css":{"LeftLabelWidth":"120px"}},"formulas":[],"lookuptables":[],"clones":false,"cartKey":false}},"_links":{"self":[{"href":"https:\/\/canaryvip.com\/lt\/wp-json\/wp\/v2\/product\/15386","targetHints":{"allow":["GET"]}}],"collection":[{"href":"https:\/\/canaryvip.com\/lt\/wp-json\/wp\/v2\/product"}],"about":[{"href":"https:\/\/canaryvip.com\/lt\/wp-json\/wp\/v2\/types\/product"}],"replies":[{"embeddable":true,"href":"https:\/\/canaryvip.com\/lt\/wp-json\/wp\/v2\/comments?post=15386"}],"wp:featuredmedia":[{"embeddable":true,"href":"https:\/\/canaryvip.com\/lt\/wp-json\/wp\/v2\/media\/15388"}],"wp:attachment":[{"href":"https:\/\/canaryvip.com\/lt\/wp-json\/wp\/v2\/media?parent=15386"}],"wp:term":[{"taxonomy":"product_brand","embeddable":true,"href":"https:\/\/canaryvip.com\/lt\/wp-json\/wp\/v2\/product_brand?post=15386"},{"taxonomy":"product_cat","embeddable":true,"href":"https:\/\/canaryvip.com\/lt\/wp-json\/wp\/v2\/product_cat?post=15386"},{"taxonomy":"product_tag","embeddable":true,"href":"https:\/\/canaryvip.com\/lt\/wp-json\/wp\/v2\/product_tag?post=15386"}],"curies":[{"name":"wp","href":"https:\/\/api.w.org\/{rel}","templated":true}]}}