{"id":14185,"date":"2025-04-11T10:44:51","date_gmt":"2025-04-11T09:44:51","guid":{"rendered":"https:\/\/canaryvip.com\/?post_type=product&#038;p=14185"},"modified":"2025-08-09T13:53:28","modified_gmt":"2025-08-09T12:53:28","slug":"jetski-circuit-tenerife","status":"publish","type":"product","link":"https:\/\/canaryvip.com\/lt\/shop\/jetski-circuit-tenerife\/","title":{"rendered":"Slidin\u0117jimo trasa JetSki Tenerif\u0117"},"content":{"rendered":"<h2>\ud83d\udea4 20 minu\u010di\u0173 Jetski Circuit Tenerif\u0117<\/h2>\n<p>Ie\u0161kote greitos ir \u012fdomios veiklos, kuri j\u016bs\u0173 atostogas Tenerif\u0117je paverst\u0173 dar labiau nepamir\u0161tamomis? Apsilankykite svetain\u0117je . <strong>Vandens motocikl\u0173 trasa Tenerif\u0117je<\/strong> tai puikus pasirinkimas, jei norite grei\u010dio, j\u016bros ir adrenalino, o ne valand\u0173 valandas praleisti kelion\u0117je. Tai 20 minu\u010di\u0173 trukm\u0117s pramoga, suteikianti jums laisv\u0119 va\u017eiuoti vandens motociklu savo tempu, saugioje ir kontroliuojamoje aplinkoje, vandenyne netoli Playa Fa\u00f1ab\u00e9.<\/p>\n<h3>\ud83c\udf0a Kas yra vandens motocikl\u0173 grandin\u0117?<\/h3>\n<p>Tai n\u0117ra <a href=\"https:\/\/canaryvip.com\/lt\/shop\/jetski-tenerife\/\">JetSki vedama pakrant\u0117s ekskursija<\/a> arba safar\u012f. Vandens motocikl\u0173 trasa yra pa\u017eym\u0117ta pl\u016bdurais j\u016broje, netoli kranto linijos tarp Puerto Col\u00f3n ir Playa Fa\u00f1ab\u00e9. Per 20 minu\u010di\u0173 trukm\u0117s sesij\u0105 \u0161ia trasa va\u017eiuosite tiek kart\u0173, kiek nor\u0117site. Teritorij\u0105 pri\u017ei\u016bri instruktoriai, tod\u0117l gal\u0117site ramiai m\u0117gautis \u012fsp\u016bd\u017eiais.<\/p>\n<p>Tai puikus b\u016bdas i\u0161bandyti vandens motociklus, jei neturite laiko arba norite tik greitai pasim\u0117gauti pramoga. Nesvarbu, ar tai darote vienas, su draugais, ar dviese, tai garantuotas energijos pli\u016bpsnis papl\u016bdimio dien\u0105.<\/p>\n<h3>\ud83d\udccd Kur tai vyksta ir kaip ten patekti<\/h3>\n<p>Veikla vykdoma vandenyne prie pat <a href=\"https:\/\/maps.app.goo.gl\/n9D5BT5K5VsxNcbH7\" target=\"_blank\" rel=\"noopener\"><strong>Puerto Col\u00f3n,<\/strong><\/a> , viena i\u0161 pagrindini\u0173 Kosta Adech\u0117s prieplauk\u0173. \u012e j\u0105 nesunkiai nuvyksite p\u0117s\u010diomis arba taksi, ta\u010diau jei esate papl\u016bdimyje, mes jums tai dar labiau palengvinsime - si\u016blome <strong>nemokamas val\u010di\u0173 pa\u0117mimas<\/strong> paslauga i\u0161 keli\u0173 netoliese esan\u010di\u0173 papl\u016bdimi\u0173:<\/p>\n<ul>\n<li>\ud83c\udfd6\ufe0f Playa de Troya<\/li>\n<li>\ud83c\udfd6\ufe0f Playa Fa\u00f1ab\u00e9<\/li>\n<li>\ud83c\udfd6\ufe0f Playa Torviscas<\/li>\n<li>\ud83c\udfd6\ufe0f Playa del Duque<\/li>\n<li>\u26f5 Pats Puerto Col\u00f3n<\/li>\n<\/ul>\n<p>U\u017esakymo metu tiesiog prane\u0161kite mums pageidaujam\u0105 pasi\u0117mimo papl\u016bdim\u012f, ir vienas i\u0161 komandos nari\u0173 atplauks valtimi ir nuve\u0161 jus \u012f pradin\u012f ta\u0161k\u0105. Tai greita, paprasta ir yra dalis patirties.<\/p>\n<h3>\u2699\ufe0f Kas \u012ftraukta<\/h3>\n<p>\u012e komplekt\u0105 \u012ftraukta viskas, ko reikia smagiam ir saugiam va\u017eiavimui:<\/p>\n<ul>\n<li>\u2705 20 minu\u010di\u0173 plaukimo vandens motociklais pa\u017eym\u0117toje atviro vandens trasoje<\/li>\n<li>\u2705 \u0160iuolaikiniai \"Yamaha\" vandens motociklai, lengvai valdomi ir labai stabil\u016bs<\/li>\n<li>\u2705 Gelb\u0117jimosi liemen\u0117s visiems dalyviams.<\/li>\n<li>\u2705 Saugos instrukta\u017eas ir kvalifikuot\u0173 instruktori\u0173 prie\u017ei\u016bra<\/li>\n<\/ul>\n<p>Ankstesn\u0117s patirties nereikia. Prie\u0161 prad\u0117dami, m\u016bs\u0173 komanda paai\u0161kins, kaip viskas veikia, kad jaustum\u0117t\u0117s pasitikintys savimi ir pasiruo\u0161\u0119 m\u0117gautis patirtimi nuo pat pirmos sekund\u0117s.<\/p>\n<h3>\ud83d\udc65 Kas gali prisijungti?<\/h3>\n<p>\u0160is u\u017esi\u0117mimas tinka beveik visiems, jei tik gerai jau\u010diat\u0117s vandenyje. Tai puikus pasirinkimas \u017emon\u0117ms, ie\u0161kantiems nuotyki\u0173 ir ne\u012fsipareigojantiems visai dienai.<\/p>\n<ul>\n<li>\u2714\ufe0f Vairuotojai turi b\u016bti ne jaunesni nei 16 met\u0173 ir tur\u0117ti ra\u0161ti\u0161k\u0105 t\u0117v\u0173 sutikim\u0105.<\/li>\n<li>\u2714\ufe0f Jaunesni dalyviai gali prisijungti kaip keleiviai su suaugusiaisiais.<\/li>\n<li>\ud83d\udeab Netinka n\u0117\u0161\u010diosioms.<\/li>\n<\/ul>\n<h3>\ud83d\udccb K\u0105 verta \u017einoti prie\u0161 vykstant<\/h3>\n<ul>\n<li>\ud83d\udd52 Pra\u0161ome atvykti likus 30 minu\u010di\u0173 iki u\u017esakyto laiko<\/li>\n<li>\ud83c\udf7d\ufe0f Venkite valgyti sunk\u0173 maist\u0105 prie\u0161 veikl\u0105, kad i\u0161vengtum\u0117te diskomforto.<\/li>\n<li>\ud83d\udc59 Su savimi tur\u0117kite maudymosi kostium\u0117lius, rank\u0161luost\u012f ir krem\u0105 nuo saul\u0117s.<\/li>\n<li>\ud83d\udc63 J\u016bs\u0173 batai ir asmeniniai daiktai bus saugiai laikomi kelion\u0117s metu<\/li>\n<\/ul>\n<h3>\ud83d\udcac Kod\u0117l verta rinktis vandens motocikl\u0173 tras\u0105 Tenerif\u0117je?<\/h3>\n<p>\u0160i patirtis greita, nebrangi ir kupina \u012fsp\u016bd\u017ei\u0173. Ji puikiai tinka, jei norite i\u0161bandyti vandens motocikl\u0173 sport\u0105 ir nepraleisti pus\u0117s dienos ant vandens. \u0160i trasa yra netoli pakrant\u0117s, lengvai pasiekiama ir idealiai tinka pradedantiesiems arba visiems, kurie per atostogas nori \u0161iek tiek veiksmo.<\/p>\n<p>Patirsite tuos pa\u010dius \u012fsp\u016bd\u017eius, kaip ir ilgesn\u0117s kelion\u0117s metu, ta\u010diau per trump\u0105 ir koncentruot\u0105 u\u017esi\u0117mim\u0105, kuris puikiai telpa \u012f j\u016bs\u0173 planus. Nesvarbu, ar esate apsistoj\u0119 netoliese, ar atvykstate vienai dienai, tai vienas geriausi\u0173 greit\u0173 nuotyki\u0173 Kosta Adech\u0117je.<\/p>\n<h3>\u2696\ufe0f at\u0161aukimo taisykl\u0117s<\/h3>\n<p>Suprantame, kad planai gali keistis, ypa\u010d per atostogas. Tod\u0117l si\u016blome lanks\u010di\u0105 \"Jetski Circuit\" at\u0161aukimo politik\u0105:<\/p>\n<ul>\n<li>\u2705 Nemokamas at\u0161aukimas likus ne daugiau kaip 24 valandoms iki numatytos sesijos.<\/li>\n<li>\u2705 Visi\u0161kai gr\u0105\u017einti pinigus, jei u\u017esi\u0117mimas at\u0161aukiamas d\u0117l oro ar saugumo s\u0105lyg\u0173.<\/li>\n<li>\u274c U\u017e at\u0161aukim\u0105 likus ma\u017eiau nei 24 valandoms iki u\u017esi\u0117mimo pinigai negr\u0105\u017einami.<\/li>\n<li>\u274c Pinigai u\u017e neatvykim\u0105 negr\u0105\u017einami bet kokiu atveju.<\/li>\n<\/ul>\n<p>Jei reikia at\u0161aukti arba pakeisti tvarkara\u0161t\u012f, susisiekite su mumis kuo grei\u010diau, kad gal\u0117tume jums pad\u0117ti. Esame \u010dia, kad pad\u0117tume jums ramiai m\u0117gautis patirtimi.<\/p>\n<h3>\ud83c\udf1e U\u017esisakykite vandens motocikl\u0173 tras\u0105 dabar<\/h3>\n<p>Nepraleiskite progos paplaukioti ant bang\u0173 vienoje gra\u017eiausi\u0173 Tenerif\u0117s viet\u0173. Nesvarbu, ar atvyksite vieni, ar su kompanija. <strong>Vandens motocikl\u0173 trasa Tenerif\u0117je<\/strong> tai puikus b\u016bdas pa\u012fvairinti laik\u0105 saloje adrenalinu ir pramogomis.<\/p>\n<p><strong>Rezervuokite savo viet\u0105 \u0161iandien<\/strong> ir pasiruo\u0161kite 20 minu\u010di\u0173 nenutr\u016bkstamo veiksmo Puerto Kolono vandenyse.<\/p>","protected":false},"excerpt":{"rendered":"<p><strong>\ud83d\udd0d JetSki Circuit Tenerif\u0117:<\/strong><br \/>\n<span>\u2705 Saugus mok\u0117jimas.<\/span><br \/>\n<span>\ud83c\udf1f Nepamir\u0161tama patirtis.<\/span><br \/>\n<span>\ud83d\ude80 20 minu\u010di\u0173 trukm\u0117s grandin\u0117.<\/span><br \/>\n<span>\ud83d\udcc6 Galima \u012fsigyti kasdien.<\/span><br \/>\n<span>\ud83d\udd59 Keli laiko r\u0117mai.<\/span><br \/>\n<span>\ud83d\udc66 +7 met\u0173 gali prisijungti.<\/span><br \/>\n<span>\ud83d\udc64 +16 met\u0173 gali va\u017eiuoti.<\/span><br \/>\n<span>\ud83e\udd11 Garantuojama geriausia kaina.<\/span><br \/>\n<span>\ud83d\udc6a Suaktyvintos nuolaidos.<\/span><br \/>\n<span>\ud83d\udd01 Iki 24h At\u0161aukimas.<\/span><br \/>\n<span>\ud83c\udf1f Rezervuokite dabar ir sutaupykite!<\/span><span><br \/>\n\ud83d\udea4 Kelios pa\u0117mimo vietos.<br \/>\n\ud83d\udccd Vieta: Puerto Col\u00f3n.<br \/>\n<\/span><\/p>","protected":false},"featured_media":14189,"comment_status":"open","ping_status":"closed","template":"","meta":{"_acf_changed":false},"product_brand":[],"product_cat":[53],"product_tag":[],"class_list":{"0":"post-14185","1":"product","2":"type-product","3":"status-publish","4":"has-post-thumbnail","6":"product_cat-water-sports","7":"wcpa_has_options","9":"first","10":"instock","11":"virtual","12":"purchasable","13":"product-type-simple"},"acf":[],"wcpa_form_fields":{"wcpaData":{"product":{"product_price":60,"price_html":"From&nbsp;<span class=\"woocommerce-Price-amount amount\"><bdi>60,00&nbsp;<span class=\"woocommerce-Price-currencySymbol\">&euro;<\/span><\/bdi><\/span>","original_product_price":60,"price_including_tax":60,"price_excluding_tax":60,"product_id":{"parent":14185,"variation":false},"is_variable":false,"stock_status":"instock","stock_quantity":null,"parent_sku":"CV14185","product_attributes":[],"custom_fields":[],"is_taxable":false,"product_name":"JetSki Circuit Tenerife","hasImage":false},"fields":{"sec_867f8e4dbaf8ed":{"extra":{"key":"sec_867f8e4dbaf8ed","section_id":"sec_867f8e4dbaf8ed","name":"Default","status":1,"cl_rule":"show","enableCl":false,"relations":[],"toggle":true,"title_tag":"h3","show_title":false,"showPrice":"default","form_id":14187,"form_rules":{"exclude_from_discount":true,"fee_label":"Fee","disp_hide_options_price":true,"disp_show_section_price":false,"disp_show_field_price":true,"layout_option":"standard","pric_use_as_fee":false,"process_fee_as":"woo_fee"},"layout_option":"standard"},"fields":[[{"label":"\ud83d\udcc5 Date","active":true,"required":true,"elementId":"date_1067f8e4dbaf91a","picker_type":"custom","picker_mode":"single","placeholder":"","description":"","tooltip":"","name":"date_1067f8e4dbaf91a","label_position":"default","desc_position":"default","enablePrice":false,"className":"","enableCl":false,"relations":[{"operator":"and","rules":[{"operator":"AND","rules":{"cl_field":"radio-group_667e15d3bd15b0","cl_relation":"is","cl_val":"3 Hour Trip"}}]}],"date_pic_inline":true,"date_pic_inline_hide":true,"min_date":{"type":"days","val":"0"},"max_date":{"type":"days","val":"365"},"date_pic_conf":{"disabledWeeks":[]},"price":"","cl_rule":"show","col":6,"type":"date","error":false,"enableDesign":false,"LabelColor":"","gt_translate_keys":["label","placeholder","description","tooltip"],"price_dependency":false,"cl_dependency":false,"value":""}],[{"active":true,"col":6,"relations":false,"cl_rule":"show","enableCl":false,"price":"","enablePrice":false,"className":"","label_position":"default","desc_position":"default","type":"select","required":false,"elementId":"select_067f8e4dbaf935","label":"\ud83d\udccd Departure Point","name":"select_067f8e4dbaf935","values":[{"label":"Puerto Col\u00f3n","value":"Puerto Col\u00f3n","selected":true,"tempId":"aco_841","gt_translate_keys":["label"]},{"label":"Troya Beach","value":"Troya Beach","selected":false,"tempId":"aco_481","gt_translate_keys":["label"]},{"label":"Fa\u00f1ab\u00e9 Beach","value":"Fa\u00f1ab\u00e9 Beach","selected":false,"tempId":"aco_482","gt_translate_keys":["label"]},{"label":"Torviscas Beach","value":"Torviscas Beach","selected":false,"tempId":"aco_515","gt_translate_keys":["label"]},{"label":"El Duque Beach","value":"El Duque Beach","selected":false,"tempId":"aco_678","gt_translate_keys":["label"]}],"dropdown_type":"basic","error":false,"gt_translate_keys":["label"],"price_dependency":false,"cl_dependency":false,"value":""}],[{"active":true,"col":6,"relations":[{"operator":false,"rules":[{"operator":"AND","rules":{"cl_field":"radio-group_667e15d3bd15b0","cl_relation":"is","cl_val":"3 Hour Trip"}}]}],"cl_rule":"show","enableCl":false,"price":"","enablePrice":false,"className":"","label_position":"default","desc_position":"default","type":"select","required":true,"elementId":"select_067f8e4dbaf94d","label":"\u23f0 Departure Time","name":"select_067f8e4dbaf94d","values":[{"label":"11:00","value":"11:00","selected":false,"tempId":"aco_281","gt_translate_keys":["label"]},{"label":"12:00","value":"12:00","selected":false,"tempId":"aco_381","gt_translate_keys":["label"]},{"label":"13:00","value":"13:00","selected":false,"tempId":"aco_1058","gt_translate_keys":["label"]},{"label":"15:00","value":"15:00","selected":false,"tempId":"aco_444","gt_translate_keys":["label"]},{"label":"16:00","value":"16:00","selected":false,"tempId":"aco_454","gt_translate_keys":["label"]}],"dropdown_type":"basic","error":false,"placeholder":"Select Departure Time","priceOptions":"different_for_all","pricingType":"custom","isTemplate":false,"is_show_price":true,"gt_translate_keys":["label","placeholder"],"price_dependency":false,"cl_dependency":false,"value":""}]]},"sec_767f8e4dbaf94e":{"extra":{"key":"sec_767f8e4dbaf94e","section_id":"sec_767f8e4dbaf94e","name":"20 min Circuit Puerto Col\u00f3n","status":1,"cl_rule":"show","enableCl":false,"relations":[{"operator":false,"rules":[{"operator":"AND","rules":{"cl_field":"radio-group_667e15d3bd15b0","cl_relation":"is","cl_val":"1 Hour Trip"}}]}],"toggle":true,"title_tag":"h4","show_title":false,"showPrice":"default","form_id":14187,"form_rules":{"exclude_from_discount":true,"fee_label":"Fee","disp_hide_options_price":true,"disp_show_section_price":false,"disp_show_field_price":true,"layout_option":"standard","pric_use_as_fee":false,"process_fee_as":"woo_fee"},"layout_option":"standard"},"fields":[[{"contentType":"rich","active":true,"label":"","elementId":"content_667f8e4dbaf968","value":"<p>\ud83c\udf9f\ufe0f <strong>Reservation<\/strong>: Pay only a deposit now to reserve; the rest is due on the day of the activity upon arrival.<\/p>","inline":true,"name":"content_667f8e4dbaf968","enablePrice":false,"className":"","subtype":"div","enableCl":false,"relations":false,"price":"","cl_rule":"show","col":6,"type":"content","error":false,"show_in_checkout":true,"enableDesign":true,"LabelSize":"14px","DescSize":"14px","gt_translate_keys":["label","value"],"price_dependency":false,"cl_dependency":false}],[{"active":true,"col":6,"relations":false,"cl_rule":"show","enableCl":false,"price":"","enablePrice":false,"className":"","label_position":"default","desc_position":"default","type":"content","required":false,"elementId":"content_567f8e4dbaf980","label":"Number of Jet Skis","name":"content_567f8e4dbaf980","contentType":"plain","value":"","error":false,"show_in_checkout":true,"inline":false,"gt_translate_keys":["label","value"],"price_dependency":false,"cl_dependency":false}],[{"active":true,"col":6,"relations":[{"operator":false,"rules":[{"operator":"AND","rules":{"cl_field":"","cl_relation":"","cl_val":""}}]}],"cl_rule":"show","enableCl":false,"price":"60","enablePrice":true,"className":"","label_position":"default","desc_position":"default","type":"radio-group","required":false,"elementId":"radio-group_667f8e4dbaf99e","label":"","name":"radio-group_667f8e4dbaf99e","values":[{"label":"\ud83d\udc64 Single JetSki (60\u20ac)","value":"Single JetSki","selected":true,"tempId":"aco_32","tooltip":"1 Person on the JetSki.","description":"","gt_translate_keys":["label","tooltip","description"]}],"layOut":"","error":false,"checkUi":"button","priceOptions":"fixed_for_all","pricingType":"fixed","enable_quantity":true,"quantity_label":"","min_quantity":"0","options_tooltip":true,"options_description":true,"is_show_price":true,"gt_translate_keys":["label","quantity_label"],"price_dependency":["content_467f8e4dbaf9f8","content_067f8e4dbafa11","content_467f8e4dbafa29"],"cl_dependency":false,"value":""}],[{"label":"","active":true,"required":false,"elementId":"radio-group_367f8e4dbaf9bb","name":"radio-group_367f8e4dbaf9bb","label_position":"default","desc_position":"default","enablePrice":true,"className":"","enableCl":false,"relations":false,"enable_quantity":true,"quantity_label":"","min_quantity":"0","checkUi":"button","layOut":"","values":[{"label":"\ud83d\udc65 Double JetSki (70\u20ac)","value":"Double JetSki","selected":true,"tempId":"aco_32","tooltip":"2 People on the same JetSki.","description":"","gt_translate_keys":["label","tooltip","description"]}],"priceOptions":"fixed_for_all","pricingType":"fixed","price":"70","cl_rule":"show","col":6,"type":"radio-group","error":false,"options_tooltip":true,"options_description":true,"is_show_price":true,"quantity_decimal":false,"quantity_step":"1","gt_translate_keys":["label","quantity_label"],"price_dependency":["content_467f8e4dbaf9f8","content_067f8e4dbafa11","content_467f8e4dbafa29"],"cl_dependency":false,"value":""}],[{"elementId":"separator_367f8e4dbaf9d6","separatorType":"fill","separatorColor":"#66a6b6","className":"","height":"3","enableCl":false,"relations":false,"cl_rule":"show","col":6,"type":"separator","gt_translate_keys":[],"price_dependency":false,"cl_dependency":false,"value":""}],[{"active":true,"col":6,"relations":false,"cl_rule":"show","enableCl":false,"price":"({field.radio-group_667f8e4dbaf99e.price}*0.30) + ({field.radio-group_367f8e4dbaf9bb.price}*0.30)","enablePrice":true,"className":"","label_position":"default","desc_position":"default","type":"content","required":false,"elementId":"content_467f8e4dbaf9f8","label":"Deposit Now","name":"content_467f8e4dbaf9f8","contentType":"plain","value":"","error":false,"pricingType":"custom","isTemplate":false,"is_show_price":false,"enableDesign":true,"scrollBar":false,"use_as_fee":false,"fee_label":"","inline":true,"show_in_checkout":true,"subtype":"div","LabelSize":"14px","LabelColor":"","gt_translate_keys":["label","value"],"price_dependency":false,"cl_dependency":false}],[{"contentType":"plain","active":true,"label":"Payment at Arrival","elementId":"content_067f8e4dbafa11","value":"","inline":true,"show_in_checkout":true,"name":"content_067f8e4dbafa11","enablePrice":true,"className":"","fee_label":"","subtype":"div","enableCl":false,"relations":[{"operator":false,"rules":[{"operator":"AND","rules":{"cl_field":"content_467f8e4dbaf9f8","cl_relation":"is_not_empty","cl_val":""}}]}],"scrollBar":false,"enableDesign":true,"pricingType":"custom","isTemplate":false,"price":"({field.radio-group_667f8e4dbaf99e.price}*0.70) + ({field.radio-group_367f8e4dbaf9bb.price}*0.70)","use_as_fee":false,"is_show_price":true,"cl_rule":"disable","col":6,"type":"content","error":false,"LabelSize":"14px","LabelColor":"","gt_translate_keys":["label","value"],"price_dependency":false,"cl_dependency":false}],[{"contentType":"plain","active":true,"label":"Total Amount","elementId":"content_467f8e4dbafa29","value":"","inline":true,"show_in_checkout":true,"name":"content_467f8e4dbafa29","enablePrice":true,"className":"","fee_label":"","subtype":"div","enableCl":false,"relations":[{"operator":false,"rules":[{"operator":"AND","rules":{"cl_field":"content_467f8e4dbaf9f8","cl_relation":"is_not_empty","cl_val":""}}]}],"scrollBar":false,"enableDesign":true,"LabelColor":"","LabelSize":"14px","pricingType":"custom","isTemplate":false,"price":"({field.radio-group_667f8e4dbaf99e.price}) + ({field.radio-group_367f8e4dbaf9bb.price})","use_as_fee":false,"is_show_price":true,"cl_rule":"disable","col":6,"type":"content","error":false,"gt_translate_keys":["label","value"],"price_dependency":false,"cl_dependency":false}]]},"sec_367f8e4dbafa2b":{"extra":{"key":"sec_367f8e4dbafa2b","section_id":"sec_367f8e4dbafa2b","name":"Pickup Location","status":1,"cl_rule":"show","enableCl":true,"relations":[{"operator":false,"rules":[{"operator":"AND","rules":{"cl_field":"radio-group_667e15d3bd15b0","cl_relation":"is_not","cl_val":"2.5 Hour Trip"}}]}],"toggle":true,"title_tag":"h4","show_title":false,"showPrice":"default","form_id":14187,"form_rules":{"exclude_from_discount":true,"fee_label":"Fee","disp_hide_options_price":true,"disp_show_section_price":false,"disp_show_field_price":true,"layout_option":"standard","pric_use_as_fee":false,"process_fee_as":"woo_fee"},"layout_option":"standard"},"fields":[[{"active":true,"col":6,"relations":false,"cl_rule":"show","enableCl":false,"price":"","enablePrice":false,"className":"","label_position":"default","desc_position":"default","type":"separator","required":false,"elementId":"separator_367f8e4dbafa53","label":"Separator Field","height":"1","separatorType":"blank","error":false,"gt_translate_keys":["label"],"price_dependency":false,"cl_dependency":false,"value":""}],[{"active":true,"col":6,"relations":[{"operator":false,"rules":[{"operator":false,"rules":{"cl_field":"radio-group_667e15d3bd15b0","cl_relation":"is_not","cl_val":"4.5 Hour Trip from North Tenerife"}}]}],"cl_rule":"show","enableCl":false,"price":"","enablePrice":false,"className":"","label_position":"default","desc_position":"default","type":"text","subtype":"text","required":false,"elementId":"text_867f8e4dbafa67","label":"\ud83d\ude8c Pickup Location","name":"text_867f8e4dbafa67","value":"","error":false,"description":"Pick-up service in some locations. Simply provide your address or hotel name. (+2\u20ac\/person paid at pickup to the driver)","repeater":false,"repeater_field_label":"{field_label}","repeater_bind":"","gt_translate_keys":["label","description","value","repeater_field_label"],"price_dependency":false,"cl_dependency":false}]]}},"config":{"price_override":"always","enable_recaptcha":false,"bind_quantity":false,"quantity_bind_formula":false,"disp_summ_show_option_price":true,"disp_summ_show_product_price":false,"disp_summ_show_total_price":false,"disp_summ_show_fee":true,"disp_summ_show_discount":true,"summary_title":"","options_total_label":"Options Price","total_label":"Deposit Amount","options_product_label":"Product Price","fee_label":"Fee","discount_label":"Discount","has_price":true,"has_quantity_formula":false},"mc_unit":1,"tax_rate":1,"tax_rate_real":1,"discount":{"percentage":0,"fixed":0},"design":{"conf":{"LabelPosition":"above","DescPosition":"above","UploadField":"custom_1","QuantityFieldStyle":"custom_1"},"css":{"LeftLabelWidth":"120px"}},"formulas":[],"lookuptables":[],"clones":false,"cartKey":false}},"_links":{"self":[{"href":"https:\/\/canaryvip.com\/lt\/wp-json\/wp\/v2\/product\/14185","targetHints":{"allow":["GET"]}}],"collection":[{"href":"https:\/\/canaryvip.com\/lt\/wp-json\/wp\/v2\/product"}],"about":[{"href":"https:\/\/canaryvip.com\/lt\/wp-json\/wp\/v2\/types\/product"}],"replies":[{"embeddable":true,"href":"https:\/\/canaryvip.com\/lt\/wp-json\/wp\/v2\/comments?post=14185"}],"wp:featuredmedia":[{"embeddable":true,"href":"https:\/\/canaryvip.com\/lt\/wp-json\/wp\/v2\/media\/14189"}],"wp:attachment":[{"href":"https:\/\/canaryvip.com\/lt\/wp-json\/wp\/v2\/media?parent=14185"}],"wp:term":[{"taxonomy":"product_brand","embeddable":true,"href":"https:\/\/canaryvip.com\/lt\/wp-json\/wp\/v2\/product_brand?post=14185"},{"taxonomy":"product_cat","embeddable":true,"href":"https:\/\/canaryvip.com\/lt\/wp-json\/wp\/v2\/product_cat?post=14185"},{"taxonomy":"product_tag","embeddable":true,"href":"https:\/\/canaryvip.com\/lt\/wp-json\/wp\/v2\/product_tag?post=14185"}],"curies":[{"name":"wp","href":"https:\/\/api.w.org\/{rel}","templated":true}]}}