{"id":14051,"date":"2025-03-24T11:55:25","date_gmt":"2025-03-24T11:55:25","guid":{"rendered":"https:\/\/canaryvip.com\/?post_type=product&#038;p=14051"},"modified":"2025-08-09T13:55:58","modified_gmt":"2025-08-09T12:55:58","slug":"jetski-gran-canaria-tour","status":"publish","type":"product","link":"https:\/\/canaryvip.com\/lt\/shop\/jetski-gran-canaria-tour\/","title":{"rendered":"JetSki Gran Kanarijos turas"},"content":{"rendered":"<h2>\ud83c\udf0a JetSki Gran Kanarijos safario turas<\/h2>\n<p>Pasiruo\u0161kite nepakartojamam vandenyno nuotykiui su m\u016bs\u0173 jaudinan\u010diu <strong>Jetski Gran Kanarija<\/strong> patirtis. \u0160i 1 valandos ekskursija su gidu i\u0161vyksta i\u0161 <a href=\"https:\/\/maps.app.goo.gl\/wvmuLbrgqyykEXRA9\" target=\"_blank\" rel=\"noopener\">Playa de Mog\u00e1n<\/a> arba <a href=\"https:\/\/maps.app.goo.gl\/qQX9BVijLLwy2Ldn9\" target=\"_blank\" rel=\"noopener\">Playa de Taurito<\/a> ir keliauja palei \u012fsp\u016bdingiausius pakran\u010di\u0173 kra\u0161tovaizd\u017eius salos pietuose. Nereikia jokios i\u0161ankstin\u0117s patirties - tiesiog atsine\u0161kite savo energij\u0105, o likusiu pasir\u016bpinsime mes!<\/p>\n<h3>\u23f1\ufe0f 1 valandos trukm\u0117s vandens motocikl\u0173 safaris: Greitis, gamta ir nepamir\u0161tami vaizdai<\/h3>\n<ul>\n<li><strong>Vaizdingas mar\u0161rutas:<\/strong> Va\u017eiuokite savo vandens motociklu palei auk\u0161tas ugnikalni\u0173 uolas ir tyrin\u0117kite nat\u016bralius j\u016bros urvus, pavyzd\u017eiui, Tasartico (jei leid\u017eia j\u016bros s\u0105lygos), iki pat Tasarte papl\u016bdimio.<\/li>\n<li><strong>J\u016br\u0173 gyv\u016bnijos steb\u0117jimas:<\/strong> \u0160iame mar\u0161rute da\u017enai galima pamatyti v\u0117\u017eli\u0173, skraidan\u010di\u0173 \u017euv\u0173 ir net delfin\u0173 - tai daugiau nei tik \u012fsp\u016bd\u017ei\u0173 kupinas pasiva\u017ein\u0117jimas.<\/li>\n<li><strong>Pramogos ir saugumas visiems:<\/strong> Licencijos ar patirties nereikia. Vairuotojas turi b\u016bti vyresnis nei 16 met\u0173, kad gal\u0117t\u0173 va\u017eiuoti savaranki\u0161kai. 16-17 met\u0173 vairuotojai turi tur\u0117ti t\u0117v\u0173 pasira\u0161yt\u0105 sutikim\u0105 ir galiojant\u012f asmens tapatyb\u0117s dokument\u0105.<\/li>\n<\/ul>\n<h3>\ud83d\udcf8 Nuotrauk\u0173 prisiminimai, kuriuos i\u0161saugosite visam laikui<\/h3>\n<p>Kelion\u0117s metu gidas darys nuotraukas. Jei norite, po ekskursijos gal\u0117site jas \u012fsigyti - tai puikus b\u016bdas \u012fam\u017einti savo <strong>vandens motocikl\u0173 safaris Gran Kanarijoje<\/strong>.<\/p>\n<h3>\u2705 Kas \u012fskai\u010diuota \u012f vandens motocikl\u0173 Gran Kanarijos patirt\u012f<\/h3>\n<ul>\n<li>1 val. <strong>vandens motocikl\u0173 safaris Gran Kanarijoje<\/strong> su profesionaliu gidu<\/li>\n<li>Lengvas saugos instrukta\u017eas ir vandens motociklo naudojimo instrukcijos<\/li>\n<li>Auk\u0161\u010diausios kokyb\u0117s vandens motociklai ir gelb\u0117jimosi liemen\u0117s<\/li>\n<li>\u012etrauktas visas draudimas<\/li>\n<li>Nemokamas naudojimasis spintel\u0117mis asmeniniams daiktams laikyti<\/li>\n<li>Papildoma profesionali fotografavimo paslauga (galima \u012fsigyti po u\u017esi\u0117mimo)<\/li>\n<\/ul>\n<h3>\ud83c\udf26\ufe0f Svarbu: oro s\u0105lygos<\/h3>\n<p>Veikla priklauso nuo j\u016bros ir oro s\u0105lyg\u0173. Esant audringai j\u016brai ar blogam orui, ekskursija gali b\u016bti perkelta d\u0117l j\u016bs\u0173 saugumo.<\/p>\n<h3>\u2696\ufe0f at\u0161aukimo taisykl\u0117s<\/h3>\n<p>Planai kei\u010diasi - mes tai suprantame. Tod\u0117l si\u016blome s\u0105\u017eining\u0105 ir skaidri\u0105 at\u0161aukimo politik\u0105:<\/p>\n<ul>\n<li><strong>Daugiau nei prie\u0161 48 valandas:<\/strong> Visi\u0161kas sumok\u0117tos sumos gr\u0105\u017einimas.<\/li>\n<li><strong>Likus 24-48 valandoms iki veiklos:<\/strong> 30% at\u0161aukimo mokestis.<\/li>\n<li><strong>Ma\u017eiau nei 24 valandos arba neatvykimas:<\/strong> Pinigai nebus gr\u0105\u017einami.<\/li>\n<\/ul>\n<p>Rekomenduojame i\u0161 anksto atlikti rezervacij\u0105 ir kuo grei\u010diau prane\u0161ti mums, jei reikia atlikti rezervacijos pakeitimus.<\/p>\n<h3>\ud83e\uddf3 K\u0105 pasiimti ir \u017einoti prie\u0161 vykstant<\/h3>\n<ul>\n<li><strong>Pasiimkite su savimi:<\/strong> B\u016btina tur\u0117ti maudymosi kostiumus, rank\u0161luost\u012f ir krem\u0105 nuo saul\u0117s. Vandeniui atsparus fotoaparatas puikiai tinka, jei norite fotografuoti patys!<\/li>\n<li><strong>Komforto parinktys:<\/strong> Jei norite papildomai apsisaugoti, galite \u012fsigyti hidrokostiumus, o jei norite va\u017eiuoti su maudymosi kostium\u0117liais, dr\u0105siai va\u017eiuokite su jais.<\/li>\n<li><strong>Avalyn\u0117:<\/strong> Saugiai laikysime j\u016bs\u0173 batus, kol b\u016bsite vandenyje.<\/li>\n<\/ul>\n<h3>\ud83c\udf1f Kod\u0117l verta u\u017esisakyti su CanaryVIP?<\/h3>\n<p>Svetain\u0117je <strong>CanaryVIP,<\/strong>\u00a0dirbame su patikimiausiais ir labiausiai patyrusiais Kanar\u0173 sal\u0173 vietos partneriais, kad gal\u0117tume jums suteikti saugi\u0105 ir kokybi\u0161k\u0105 patirt\u012f. \u0160is <strong>Jetski Gran Kanarija<\/strong> Ekskursij\u0105 organizuoja sertifikuotas vietinis paslaug\u0173 teik\u0117jas, kruop\u0161\u010diai atrinktas siekiant u\u017etikrinti, kad j\u016bs\u0173 nuotykis b\u016bt\u0173 kuo naudingesnis.<\/p>\n<h3>\u26f5 Ie\u0161kote i\u0161skirtinesn\u0117s j\u016bros patirties?<\/h3>\n<p>Norite, kad j\u016bs\u0173 diena vandenyne b\u016bt\u0173 dar auk\u0161tesnio lygio? Patikrinkite m\u016bs\u0173 <a href=\"https:\/\/canaryvip.com\/lt\/gran-canaria\/boat-hire-gran-canaria\/\" target=\"_blank\" rel=\"noopener\"><strong>priva\u010di\u0173 laiv\u0173 nuoma Gran Kanarijoje<\/strong><\/a> ir <strong>jacht\u0173 nuoma<\/strong> galimyb\u0117s - idealiai tinka poroms, \u0161eimoms ir grup\u0117ms, norin\u010dioms asmeni\u0161kesnio ir prabangesnio poilsio.<\/p>\n<ul>\n<li><strong>Privati val\u010di\u0173 nuoma:<\/strong> Su nuosava valtimi ir kapitonu tyrin\u0117kite pasl\u0117ptus papl\u016bdimius ir maudykit\u0117s kri\u0161tolo skaidrumo vandenyse.<\/li>\n<li><strong>Prabangi\u0173 jacht\u0173 nuoma:<\/strong> M\u0117gaukit\u0117s auk\u0161\u010diausios kokyb\u0117s paslaugomis laive, g\u0117rimais, u\u017ekand\u017eiais ir stilingu poilsiu.<\/li>\n<li><strong>Special\u016bs renginiai:<\/strong> \u0160v\u0119skite gimtadienius, pasi\u016blymus arba tiesiog m\u0117gaukit\u0117s nepakartojama diena j\u016broje su mylimais \u017emon\u0117mis.<\/li>\n<\/ul>\n<p>Nepriklausomai nuo j\u016bs\u0173 nuotaikos, <strong>CanaryVIP<\/strong> turi puiki\u0105 valt\u012f j\u016bs\u0173 nepamir\u0161tam\u0105 dien\u0105 Atlanto vandenyne.<\/p>\n<h3>\ud83c\udf1e Pasiruo\u0161\u0119 va\u017eiuoti?<\/h3>\n<p>Nepraleiskite progos patirti \u012fsp\u016bd\u017ei\u0173 <strong>vandens motocikl\u0173 safaris Gran Kanarijoje<\/strong> ir atraskite pakrant\u0119 i\u0161 visi\u0161kai naujos perspektyvos. <strong>U\u017esisakykite dabar su <a href=\"https:\/\/canaryvip.com\/lt\/\" target=\"_blank\" rel=\"noopener\">CanaryVIP<\/a><\/strong> ir padarykite savo laik\u0105 Gran Kanarijoje nepamir\u0161tam\u0105. \ud83c\udf0a\ud83d\udca8<\/p>","protected":false},"excerpt":{"rendered":"<p><strong>\ud83d\udd0d JetSki Gran Kanarija:<\/strong><br \/>\n\u2705 Saugus mok\u0117jimas.<br \/>\n\ud83c\udf1f Nepamir\u0161tama patirtis.<br \/>\n\ud83d\ude80 1 valandos ekskursijos.<br \/>\n\ud83d\udcc6 Kasdien\u0117s ekskursijos.<br \/>\n\ud83d\udd59 Keli laiko r\u0117mai.<br \/>\n\ud83d\udc66 +7 met\u0173 gali prisijungti.<br \/>\n\ud83d\udc64 +16 met\u0173 gali va\u017eiuoti.<br \/>\n\ud83e\udd11 Garantuojama geriausia kaina.<br \/>\n\ud83d\ude8d Galimos perve\u017eimo paslaugos.<br \/>\n\ud83d\udc6a Suaktyvintos nuolaidos.<br \/>\n\ud83d\udd01 Iki 48 val.<br \/>\n\ud83c\udf0d Daugiakalbiai gidai.<br \/>\n\ud83c\udf1f Rezervuokite dabar ir sutaupykite!<br \/>\n\ud83d\udccd I\u0161 Mog\u00e1n &amp; Taurito.<\/p>","protected":false},"featured_media":14054,"comment_status":"open","ping_status":"closed","template":"","meta":{"_acf_changed":false},"product_brand":[],"product_cat":[135],"product_tag":[],"class_list":{"0":"post-14051","1":"product","2":"type-product","3":"status-publish","4":"has-post-thumbnail","6":"product_cat-watersports","7":"wcpa_has_options","9":"first","10":"instock","11":"virtual","12":"purchasable","13":"product-type-simple"},"acf":[],"wcpa_form_fields":{"wcpaData":{"product":{"product_price":130,"price_html":"From&nbsp;<span class=\"woocommerce-Price-amount amount\"><bdi>130,00&nbsp;<span class=\"woocommerce-Price-currencySymbol\">&euro;<\/span><\/bdi><\/span>","original_product_price":130,"price_including_tax":130,"price_excluding_tax":130,"product_id":{"parent":14051,"variation":false},"is_variable":false,"stock_status":"instock","stock_quantity":null,"parent_sku":"CV14051","product_attributes":[],"custom_fields":[],"is_taxable":false,"product_name":"JetSki Gran Canaria Tour","hasImage":false},"fields":{"sec_1067e15d3bd1502":{"extra":{"key":"sec_1067e15d3bd1502","section_id":"sec_1067e15d3bd1502","name":"Default","status":1,"cl_rule":"show","enableCl":false,"relations":[],"toggle":true,"title_tag":"h3","show_title":false,"showPrice":"default","form_id":14059,"form_rules":{"exclude_from_discount":true,"fee_label":"Fee","disp_hide_options_price":true,"disp_show_section_price":false,"disp_show_field_price":true,"layout_option":"standard","pric_use_as_fee":false,"process_fee_as":"woo_fee"},"layout_option":"standard"},"fields":[[{"label":"\ud83d\udcc5 Date","active":true,"required":true,"elementId":"date_267e15d3bd1546","picker_type":"custom","picker_mode":"single","placeholder":"","description":"","tooltip":"","name":"date_267e15d3bd1546","label_position":"default","desc_position":"default","enablePrice":false,"className":"","enableCl":false,"relations":[{"operator":"and","rules":[{"operator":"AND","rules":{"cl_field":"radio-group_667e15d3bd15b0","cl_relation":"is","cl_val":"3 Hour Trip"}}]}],"date_pic_inline":true,"date_pic_inline_hide":true,"min_date":{"type":"days","val":"0"},"max_date":{"type":"days","val":"365"},"date_pic_conf":{"disabledWeeks":[]},"price":"","cl_rule":"show","col":6,"type":"date","error":false,"enableDesign":false,"LabelColor":"","gt_translate_keys":["label","placeholder","description","tooltip"],"price_dependency":false,"cl_dependency":false,"value":""}],[{"active":true,"col":6,"relations":false,"cl_rule":"show","enableCl":false,"price":"","enablePrice":false,"className":"","label_position":"default","desc_position":"default","type":"select","required":false,"elementId":"select_167e15d3bd155d","label":"\ud83d\udccd Departure Point","name":"select_167e15d3bd155d","values":[{"label":"Mog\u00e1n Beach","value":"Mogan","selected":false,"tempId":"aco_481","gt_translate_keys":["label"]},{"label":"Taurito Beach","value":"Taurito","selected":false,"tempId":"aco_482","gt_translate_keys":["label"]}],"dropdown_type":"basic","error":false,"gt_translate_keys":["label"],"price_dependency":false,"cl_dependency":false,"value":""}],[{"active":true,"col":6,"relations":[{"operator":false,"rules":[{"operator":"AND","rules":{"cl_field":"radio-group_667e15d3bd15b0","cl_relation":"is","cl_val":"3 Hour Trip"}}]}],"cl_rule":"show","enableCl":false,"price":"","enablePrice":false,"className":"","label_position":"default","desc_position":"default","type":"select","required":true,"elementId":"select_867e15d3bd1593","label":"\u23f0 Departure Time","name":"select_867e15d3bd1593","values":[{"label":"9:00","value":"9:00","selected":false,"tempId":"aco_1450","gt_translate_keys":["label"]},{"label":"10:00","value":"10:00","selected":false,"tempId":"aco_37","gt_translate_keys":["label"]},{"label":"11:00","value":"11:00","selected":false,"tempId":"aco_281","gt_translate_keys":["label"]},{"label":"12:00","value":"12:00","selected":false,"tempId":"aco_381","gt_translate_keys":["label"]},{"label":"15:00","value":"15:00","selected":false,"tempId":"aco_444","gt_translate_keys":["label"]},{"label":"16:15","value":"16:15","selected":false,"tempId":"aco_454","gt_translate_keys":["label"]}],"dropdown_type":"basic","error":false,"placeholder":"Select Departure Time","priceOptions":"different_for_all","pricingType":"custom","isTemplate":false,"is_show_price":true,"gt_translate_keys":["label","placeholder"],"price_dependency":false,"cl_dependency":false,"value":""}]]},"sec_367e15d3bd15b1":{"extra":{"key":"sec_367e15d3bd15b1","section_id":"sec_367e15d3bd15b1","name":"1H Tour Gran Canaria","status":1,"cl_rule":"show","enableCl":false,"relations":[{"operator":false,"rules":[{"operator":"AND","rules":{"cl_field":"radio-group_667e15d3bd15b0","cl_relation":"is","cl_val":"1 Hour Trip"}}]}],"toggle":true,"title_tag":"h4","show_title":false,"showPrice":"default","form_id":14059,"form_rules":{"exclude_from_discount":true,"fee_label":"Fee","disp_hide_options_price":true,"disp_show_section_price":false,"disp_show_field_price":true,"layout_option":"standard","pric_use_as_fee":false,"process_fee_as":"woo_fee"},"layout_option":"standard"},"fields":[[{"contentType":"rich","active":true,"label":"","elementId":"content_967e15d3bd15e4","value":"<p>\ud83c\udf9f\ufe0f <strong>Reservation<\/strong>: Pay only a deposit now to reserve; the rest is due on the day of the activity upon arrival.<\/p>","inline":true,"name":"content_967e15d3bd15e4","enablePrice":false,"className":"","subtype":"div","enableCl":false,"relations":false,"price":"","cl_rule":"show","col":6,"type":"content","error":false,"show_in_checkout":true,"enableDesign":true,"LabelSize":"14px","DescSize":"14px","gt_translate_keys":["label","value"],"price_dependency":false,"cl_dependency":false}],[{"active":true,"col":6,"relations":false,"cl_rule":"show","enableCl":false,"price":"","enablePrice":false,"className":"","label_position":"default","desc_position":"default","type":"content","required":false,"elementId":"content_167e15d3bd15fc","label":"Number of Jet Skis for 1 Hour","name":"content_167e15d3bd15fc","contentType":"plain","value":"","error":false,"show_in_checkout":true,"inline":false,"gt_translate_keys":["label","value"],"price_dependency":false,"cl_dependency":false}],[{"active":true,"col":6,"relations":[{"operator":false,"rules":[{"operator":"AND","rules":{"cl_field":"","cl_relation":"","cl_val":""}}]}],"cl_rule":"show","enableCl":false,"price":"130","enablePrice":true,"className":"","label_position":"default","desc_position":"default","type":"radio-group","required":false,"elementId":"radio-group_967e15d3bd1618","label":"","name":"radio-group_967e15d3bd1618","values":[{"label":"\ud83d\udc64 Single JetSki (130\u20ac)","value":"Single JetSki","selected":true,"tempId":"aco_32","tooltip":"1 Person on the JetSki.","description":"","gt_translate_keys":["label","tooltip","description"]}],"layOut":"","error":false,"checkUi":"button","priceOptions":"fixed_for_all","pricingType":"fixed","enable_quantity":true,"quantity_label":"","min_quantity":"0","options_tooltip":true,"options_description":true,"is_show_price":true,"gt_translate_keys":["label","quantity_label"],"price_dependency":["content_167e15d3bd1666","content_267e15d3bd167e","content_667e15d3bd1696"],"cl_dependency":false,"value":""}],[{"label":"","active":true,"required":false,"elementId":"radio-group_067e15d3bd1635","name":"radio-group_067e15d3bd1635","label_position":"default","desc_position":"default","enablePrice":true,"className":"","enableCl":false,"relations":false,"enable_quantity":true,"quantity_label":"","min_quantity":"0","checkUi":"button","layOut":"","values":[{"label":"\ud83d\udc65 Double JetSki (150\u20ac)","value":"Double JetSki","selected":true,"tempId":"aco_32","tooltip":"2 People on the same JetSki.","description":"","gt_translate_keys":["label","tooltip","description"]}],"priceOptions":"fixed_for_all","pricingType":"fixed","price":"150","cl_rule":"show","col":6,"type":"radio-group","error":false,"options_tooltip":true,"options_description":true,"is_show_price":true,"quantity_decimal":false,"quantity_step":"1","gt_translate_keys":["label","quantity_label"],"price_dependency":["content_167e15d3bd1666","content_267e15d3bd167e","content_667e15d3bd1696"],"cl_dependency":false,"value":""}],[{"elementId":"separator_767e15d3bd164f","separatorType":"fill","separatorColor":"#66a6b6","className":"","height":"3","enableCl":false,"relations":false,"cl_rule":"show","col":6,"type":"separator","gt_translate_keys":[],"price_dependency":false,"cl_dependency":false,"value":""}],[{"active":true,"col":6,"relations":false,"cl_rule":"show","enableCl":false,"price":"({field.radio-group_967e15d3bd1618.price}*0.30) + ({field.radio-group_067e15d3bd1635.price}*0.30)","enablePrice":true,"className":"","label_position":"default","desc_position":"default","type":"content","required":false,"elementId":"content_167e15d3bd1666","label":"Deposit Now","name":"content_167e15d3bd1666","contentType":"plain","value":"","error":false,"pricingType":"custom","isTemplate":false,"is_show_price":false,"enableDesign":true,"scrollBar":false,"use_as_fee":false,"fee_label":"","inline":true,"show_in_checkout":true,"subtype":"div","LabelSize":"14px","LabelColor":"","gt_translate_keys":["label","value"],"price_dependency":false,"cl_dependency":false}],[{"contentType":"plain","active":true,"label":"Payment at Arrival","elementId":"content_267e15d3bd167e","value":"","inline":true,"show_in_checkout":true,"name":"content_267e15d3bd167e","enablePrice":true,"className":"","fee_label":"","subtype":"div","enableCl":false,"relations":[{"operator":false,"rules":[{"operator":"AND","rules":{"cl_field":"content_167e15d3bd1666","cl_relation":"is_not_empty","cl_val":""}}]}],"scrollBar":false,"enableDesign":true,"pricingType":"custom","isTemplate":false,"price":"({field.radio-group_967e15d3bd1618.price}*0.70) + ({field.radio-group_067e15d3bd1635.price}*0.70)","use_as_fee":false,"is_show_price":true,"cl_rule":"disable","col":6,"type":"content","error":false,"LabelSize":"14px","LabelColor":"","gt_translate_keys":["label","value"],"price_dependency":false,"cl_dependency":false}],[{"contentType":"plain","active":true,"label":"Total Amount","elementId":"content_667e15d3bd1696","value":"","inline":true,"show_in_checkout":true,"name":"content_667e15d3bd1696","enablePrice":true,"className":"","fee_label":"","subtype":"div","enableCl":false,"relations":[{"operator":false,"rules":[{"operator":"AND","rules":{"cl_field":"content_167e15d3bd1666","cl_relation":"is_not_empty","cl_val":""}}]}],"scrollBar":false,"enableDesign":true,"LabelColor":"","LabelSize":"14px","pricingType":"custom","isTemplate":false,"price":"({field.radio-group_967e15d3bd1618.price}) + ({field.radio-group_067e15d3bd1635.price})","use_as_fee":false,"is_show_price":true,"cl_rule":"disable","col":6,"type":"content","error":false,"gt_translate_keys":["label","value"],"price_dependency":false,"cl_dependency":false}]]},"sec_567e15d3bd1860":{"extra":{"key":"sec_567e15d3bd1860","section_id":"sec_567e15d3bd1860","name":"Pickup Location","status":1,"cl_rule":"show","enableCl":true,"relations":[{"operator":false,"rules":[{"operator":"AND","rules":{"cl_field":"radio-group_667e15d3bd15b0","cl_relation":"is_not","cl_val":"2.5 Hour Trip"}}]}],"toggle":true,"title_tag":"h4","show_title":false,"showPrice":"default","form_id":14059,"form_rules":{"exclude_from_discount":true,"fee_label":"Fee","disp_hide_options_price":true,"disp_show_section_price":false,"disp_show_field_price":true,"layout_option":"standard","pric_use_as_fee":false,"process_fee_as":"woo_fee"},"layout_option":"standard"},"fields":[[{"active":true,"col":6,"relations":false,"cl_rule":"show","enableCl":false,"price":"","enablePrice":false,"className":"","label_position":"default","desc_position":"default","type":"separator","required":false,"elementId":"separator_267e15d3bd187a","label":"Separator Field","height":"1","separatorType":"blank","error":false,"gt_translate_keys":["label"],"price_dependency":false,"cl_dependency":false,"value":""}],[{"active":true,"col":6,"relations":[{"operator":false,"rules":[{"operator":false,"rules":{"cl_field":"radio-group_667e15d3bd15b0","cl_relation":"is_not","cl_val":"4.5 Hour Trip from North Tenerife"}}]}],"cl_rule":"show","enableCl":false,"price":"","enablePrice":false,"className":"","label_position":"default","desc_position":"default","type":"text","subtype":"text","required":false,"elementId":"text_967e15d3bd188f","label":"\ud83d\ude8c Pickup Location","name":"text_967e15d3bd188f","value":"","error":false,"description":"Pick-up service in some locations. Simply provide your address or hotel name. (+2\u20ac\/person paid at pickup to the driver)","repeater":false,"repeater_field_label":"{field_label}","repeater_bind":"","gt_translate_keys":["label","description","value","repeater_field_label"],"price_dependency":false,"cl_dependency":false}]]}},"config":{"price_override":"always","enable_recaptcha":false,"bind_quantity":false,"quantity_bind_formula":false,"disp_summ_show_option_price":true,"disp_summ_show_product_price":false,"disp_summ_show_total_price":false,"disp_summ_show_fee":true,"disp_summ_show_discount":true,"summary_title":"","options_total_label":"Options Price","total_label":"Deposit Amount","options_product_label":"Product Price","fee_label":"Fee","discount_label":"Discount","has_price":true,"has_quantity_formula":false},"mc_unit":1,"tax_rate":1,"tax_rate_real":1,"discount":{"percentage":0,"fixed":0},"design":{"conf":{"LabelPosition":"above","DescPosition":"above","UploadField":"custom_1","QuantityFieldStyle":"custom_1"},"css":{"LeftLabelWidth":"120px"}},"formulas":[],"lookuptables":[],"clones":false,"cartKey":false}},"_links":{"self":[{"href":"https:\/\/canaryvip.com\/lt\/wp-json\/wp\/v2\/product\/14051","targetHints":{"allow":["GET"]}}],"collection":[{"href":"https:\/\/canaryvip.com\/lt\/wp-json\/wp\/v2\/product"}],"about":[{"href":"https:\/\/canaryvip.com\/lt\/wp-json\/wp\/v2\/types\/product"}],"replies":[{"embeddable":true,"href":"https:\/\/canaryvip.com\/lt\/wp-json\/wp\/v2\/comments?post=14051"}],"wp:featuredmedia":[{"embeddable":true,"href":"https:\/\/canaryvip.com\/lt\/wp-json\/wp\/v2\/media\/14054"}],"wp:attachment":[{"href":"https:\/\/canaryvip.com\/lt\/wp-json\/wp\/v2\/media?parent=14051"}],"wp:term":[{"taxonomy":"product_brand","embeddable":true,"href":"https:\/\/canaryvip.com\/lt\/wp-json\/wp\/v2\/product_brand?post=14051"},{"taxonomy":"product_cat","embeddable":true,"href":"https:\/\/canaryvip.com\/lt\/wp-json\/wp\/v2\/product_cat?post=14051"},{"taxonomy":"product_tag","embeddable":true,"href":"https:\/\/canaryvip.com\/lt\/wp-json\/wp\/v2\/product_tag?post=14051"}],"curies":[{"name":"wp","href":"https:\/\/api.w.org\/{rel}","templated":true}]}}