{"id":13644,"date":"2025-01-31T12:49:52","date_gmt":"2025-01-31T12:49:52","guid":{"rendered":"https:\/\/canaryvip.com\/?post_type=product&#038;p=13644"},"modified":"2025-06-28T20:14:03","modified_gmt":"2025-06-28T19:14:03","slug":"white-shark-fishing-boat-tenerife","status":"publish","type":"product","link":"https:\/\/canaryvip.com\/lt\/shop\/white-shark-fishing-boat-tenerife\/","title":{"rendered":"Balt\u0173j\u0173 rykli\u0173 \u017evejybos valtis Tenerif\u0117je"},"content":{"rendered":"<h2><strong>\ud83e\udd88 Balt\u0173j\u0173 rykli\u0173 \u017evejybos valtis Tenerif\u0117je su CanaryVIP<\/strong><\/h2>\n<p>Patirkite giliavanden\u0117s \u017evejybos Tenerif\u0117je jaudul\u012f su <a href=\"https:\/\/canaryvip.com\/lt\/\">CanaryVIP<\/a>! Nesvarbu, ar esate patyr\u0119s \u017evejys, ar pradedantysis, \u0161i i\u0161skirtin\u0117 kelion\u0117 balt\u0173j\u0173 rykli\u0173 \u017evejybos laivu si\u016blo nepamir\u0161tam\u0105 nuotyk\u012f turtinguose Atlanto vandenyse. I\u0161plaukite i\u0161 nuostabaus Marina del Sur ir pasiruo\u0161kite jaudinan\u010diai dienai ant vandens.<\/p>\n<h3>\u2b50\ufe0f <strong>J\u016bs\u0173 laukia balt\u0173j\u0173 rykli\u0173 \u017evejybos nuotykiai<\/strong><\/h3>\n<ul>\n<li><strong>4 arba 8 valand\u0173 trukm\u0117s \u017e\u016bkl\u0117s turai<\/strong>: Rinkit\u0117s pus\u0117s dienos (4 val.) arba visos dienos (8 val.) \u017evejybos tur\u0105 Tenerif\u0117je. \u012e abu variantus \u012fskai\u010diuota visa reikalinga \u017evejybos \u012franga, ekspert\u0173 konsultacijos ir gaivieji g\u0117rimai, kad nepritr\u016bktum\u0117te energijos.<\/li>\n<li><strong>Priva\u010dios arba bendros valties parinktys<\/strong>: Pasirinkite priva\u010di\u0105 \u017evejyb\u0105 Tenerif\u0117je laivu, kurioje gali \u017evejoti iki 4 \u017evej\u0173, arba keliaukite su bendra grupe ir patirkite daugiau socialini\u0173 nuotyki\u0173. \u017di\u016brovai taip pat laukiami!<\/li>\n<li><strong>Lankstus i\u0161vykimo laikas<\/strong>: Galima rinktis rytinius ir popietinius u\u017esi\u0117mimus pagal j\u016bs\u0173 tvarkara\u0161t\u012f. Rytin\u0117s ekskursijos vyksta nuo 8:00 iki 12:00, o popietin\u0117s - nuo 13:00 iki 17:00. \u012e visos dienos ekskursijas i\u0161vykstama 8:00 val. ryto, o gr\u012f\u017etama 14:00 val.<\/li>\n<li><strong>\"Viskas \u012fskai\u010diuota\" patirtis<\/strong>: \u012e ekskursij\u0105 \u012fskai\u010diuoti \u017evejybos \u012frankiai, masalai, licencijos ir g\u0117rimai. Tiesiog pasiimkite savo entuziazm\u0105 ir pasiruo\u0161kite pagauti ne\u012ftik\u0117tin\u0173 \u017euv\u0173!<\/li>\n<\/ul>\n<h4>\ud83c\udf0a <strong>Ko tik\u0117tis i\u0161 \u017e\u016bkl\u0117s turo Tenerif\u0117je<\/strong><\/h4>\n<p>\u0160is <strong>Balt\u0173j\u0173 rykli\u0173 \u017evejyba ekskursija laivu<\/strong> nuve\u0161 jus \u012f kai kurias geriausias Tenerif\u0117s \u017evejybos vietas, kur vandenyse knib\u017ed\u0117te knib\u017eda j\u016bros gyvi\u0173. \u017dvejokite geltonpelekius tunus, dorado, vahu ir barakudas. Patyrusi vietin\u0117 \u012fgula puikiai i\u0161mano \u0161iuos vandenis ir pad\u0117s jums pasirinkti geriausius \u017evejybos b\u016bdus, kad maksimaliai padidintum\u0117te savo \u0161ansus sugauti didel\u012f laimik\u012f.<\/p>\n<p>Komanda u\u017etikrina, kad tur\u0117tum\u0117te tinkam\u0173 \u012franki\u0173 ir \u017eini\u0173, kad gal\u0117tum\u0117te kuo geriau i\u0161naudoti savo <strong>\u017evejybos laivas Tenerif\u0117<\/strong> nuotykiai. Ir nesijaudinkite - \u012fgula jums pad\u0117s kiekviename \u017eingsnyje, nuo masalo u\u017emetimo ant kabliuko iki tobulos nuotraukos su laimikiu.<\/p>\n<h4>\ud83d\udc1f <strong>Komfortas ir patogumas laive<\/strong><\/h4>\n<p>\u017dvejybos laive \u012frengtos pav\u0117syje esan\u010dios s\u0117dimos vietos, laive yra tualetas, \u0161aldytuvas su \u0161altais g\u0117rimais ir u\u017ekand\u017eiais. Nesvarbu, ar gaudysite didel\u012f laimik\u012f, ar tiesiog m\u0117gausit\u0117s nuostabiais vandenyno vaizdais, tur\u0117site visk\u0105, ko reikia puikiai praleisti dien\u0105 j\u016broje.<\/p>\n<h3>\u2705 <strong>Viskas, ko reikia nepamir\u0161tamai \u017evejybai<\/strong><\/h3>\n<ul>\n<li><strong>Auk\u0161\u010diausios kokyb\u0117s \u017evejybos \u012frankiai:<\/strong>\u00a0Ekskursijos metu galima \u012fsigyti me\u0161keri\u0173, ri\u010di\u0173, masal\u0173 ir reikmen\u0173, skirt\u0173 vis\u0173 r\u016b\u0161i\u0173 \u017evejybai.<\/li>\n<li><strong>Patyrusi daugiakalb\u0117 \u012fgula:<\/strong>\u00a0\u012egulos nariai turi ilgamet\u0119 vietin\u0117s \u017evejybos patirt\u012f ir pad\u0117s jums su\u017evejoti svajoni\u0173 laimik\u012f.<\/li>\n<li><strong>U\u017ekand\u017eiai ir g\u0117rimai:<\/strong>\u00a0Visos kelion\u0117s metu gal\u0117site atsigaivinti nemokamais u\u017ekand\u017eiais ir g\u0117rimais.<\/li>\n<\/ul>\n<h3>\ud83d\udccd <strong>Patogus i\u0161vykimas i\u0161 Marina del Sur<\/strong><\/h3>\n<p>\u017dvejybos nuotykiai prasideda Marina del Sur - vienoje populiariausi\u0173 Tenerif\u0117s prieplauk\u0173. Rekomenduojame atvykti likus bent 10 minu\u010di\u0173 iki numatyto i\u0161plaukimo, kad u\u017etikrintum\u0117te skland\u017ei\u0105 dienos prad\u017ei\u0105. J\u016bs\u0173 patogumui netoliese yra automobili\u0173 stov\u0117jimo aik\u0161tel\u0117.<\/p>\n<h3>\ud83d\udcdc <strong>Lengvas u\u017esakymas ir lanks\u010dios at\u0161aukimo taisykl\u0117s<\/strong><\/h3>\n<p>U\u017esisakyti ekskursij\u0105 balt\u0173j\u0173 rykli\u0173 \u017evejybos laivu su CanaryVIP yra paprasta ir nesud\u0117tinga:<\/p>\n<ul>\n<li><strong>Or\u0173 garantija:<\/strong>\u00a0J\u016bs\u0173 saugumas ir komfortas yra m\u016bs\u0173 svarbiausi prioritetai. Jei oras nesaugus, galite pakeisti tvarkara\u0161t\u012f arba atgauti vis\u0105 sumok\u0117t\u0105 sum\u0105.<\/li>\n<li><strong>Lankstus at\u0161aukimas:<\/strong>\u00a0At\u0161aukite kelion\u0119 likus ne daugiau kaip 5 dienoms iki kelion\u0117s ir atgausite vis\u0105 sumok\u0117t\u0105 sum\u0105.<\/li>\n<li><strong>Skaitmenini\u0173 biliet\u0173 pardavimas:<\/strong> Gaukite u\u017esakymo patvirtinim\u0105 el. pa\u0161tu ir pateikite j\u012f savo mobiliajame \u012frenginyje.<\/li>\n<\/ul>\n<h3>\ud83d\udc20 <strong>Kod\u0117l verta rinktis CanaryVIP \u017evejybin\u0119 valt\u012f Tenerif\u0117je?<\/strong><\/h3>\n<p>\"CanaryVIP\" aistringai siekia suteikti nepamir\u0161tam\u0173 \u012fsp\u016bd\u017ei\u0173 Tenerif\u0117je. \u0160i Balt\u0173j\u0173 rykli\u0173 \u017evejybos valtimi kelion\u0117 skirta vis\u0173 \u012fg\u016bd\u017ei\u0173 lygi\u0173 \u017evejams - nuo pradedan\u010di\u0173j\u0173 iki patyrusi\u0173 \u017evej\u0173. Naudodami auk\u0161\u010diausio lygio \u012frang\u0105, ekspert\u0173 patarimus ir daug d\u0117mesio skirdami komfortui, u\u017etikriname, kad j\u016bs\u0173 diena ant vandens b\u016bt\u0173 tiesiog nuostabi.<\/p>\n<h3>\ud83c\udf1f <strong>Kurkite nei\u0161dildomus prisiminimus prie vandens<\/strong><\/h3>\n<p>Nesvarbu, ar \u017evejojate su draugais, \u0161eima, ar su bendra grupe, \u0161i kelion\u0117 balt\u0173j\u0173 rykli\u0173 \u017evejybos laivu \u017eada \u012fsp\u016bd\u017ei\u0173, atsipalaidavimo ir galimyb\u0119 pagauti \u012fsp\u016bdingiausi\u0173 vandenyno \u017euv\u0173. U\u017esisakykite \u017evejybos ekskursij\u0105 Tenerif\u0117je su CanaryVIP jau \u0161iandien ir pasiruo\u0161kite nuotykiui, kurio niekada nepamir\u0161ite!<\/p>\n<p>\ud83d\udcc5 <strong>Ar esate pasiruo\u0161\u0119 pasinerti \u012f linksmybes?<\/strong><\/p>\n<p>Apsilankykite <a href=\"https:\/\/canaryvip.com\/lt\/\">CanaryVIP<\/a> u\u017esisakyti ekskursij\u0105 su balt\u0173j\u0173 rykli\u0173 \u017evejybos laivu Tenerif\u0117je. Viet\u0173 skai\u010dius ribotas, tad nelaukite - u\u017esitikrinkite viet\u0105 \u0161iandien ir pasiruo\u0161kite nepamir\u0161tamai dienai ant vandens! \ud83c\udfa3<\/p>","protected":false},"excerpt":{"rendered":"<p>\ud83d\udd0d\u00a0<strong>\u017dvejybos turo informacija:<\/strong><br \/>\n\u2705 Saugus mok\u0117jimas.<br \/>\n\ud83d\udc65 Galimos bendros ekskursijos.<br \/>\n\ud83d\udd10 Galimos priva\u010dios ekskursijos.<br \/>\n\u23f3 Kasdien\u0117s 4, 6 ir 8 val. trukm\u0117s ekskursijos.<br \/>\n\ud83d\udd59 I\u0161vykimas 8:00 ir 13:00 val.<br \/>\n\ud83d\udc65 Iki 6 sve\u010di\u0173.<br \/>\n\ud83c\udf7a \u012eskai\u010diuotas vanduo ir g\u0117rimai.<br \/>\n\ud83c\udfa3 \u017dvejybos me\u0161ker\u0117s.<br \/>\n\u2705 Leid\u017eiama pasiimti \u017euv\u012f namo.<br \/>\n\ud83e\udd11 Garantuojama geriausia kaina.<br \/>\n\ud83d\udc6a Suaktyvintos nuolaidos.<br \/>\n\ud83d\udd01 Iki 72h At\u0161aukimas.<br \/>\n\ud83c\udf0d Daugiakalb\u0117 \u012fgula.<br \/>\n\ud83c\udf1f U\u017esisakykite anks\u010diau ir sutaupykite!<br \/>\n\ud83d\udccd I\u0161vykimas i\u0161 <a href=\"https:\/\/maps.app.goo.gl\/XNDB4g2quXSxyw6RA\">Las Galletas<\/a>.<\/p>","protected":false},"featured_media":13645,"comment_status":"open","ping_status":"closed","template":"","meta":{"_acf_changed":false},"product_brand":[],"product_cat":[46,47],"product_tag":[],"class_list":{"0":"post-13644","1":"product","2":"type-product","3":"status-publish","4":"has-post-thumbnail","6":"product_cat-boat-excursions","7":"product_cat-boat-hire-tenerife","8":"wcpa_has_options","10":"first","11":"instock","12":"virtual","13":"purchasable","14":"product-type-simple"},"acf":[],"wcpa_form_fields":{"wcpaData":{"product":{"product_price":85,"price_html":"From&nbsp;<span class=\"woocommerce-Price-amount amount\"><bdi>85,00&nbsp;<span class=\"woocommerce-Price-currencySymbol\">&euro;<\/span><\/bdi><\/span>","original_product_price":85,"price_including_tax":85,"price_excluding_tax":85,"product_id":{"parent":13644,"variation":false},"is_variable":false,"stock_status":"instock","stock_quantity":null,"parent_sku":"CV13644","product_attributes":[],"custom_fields":[],"is_taxable":false,"product_name":"White Shark Fishing Boat Tenerife","hasImage":false},"fields":{"sec_5679cd96a9fdb1":{"extra":{"key":"sec_5679cd96a9fdb1","section_id":"sec_5679cd96a9fdb1","name":"Default","status":1,"cl_rule":"show","enableCl":false,"relations":[],"toggle":true,"title_tag":"h3","show_title":false,"showPrice":"default","form_id":13647,"form_rules":{"exclude_from_discount":true,"fee_label":"Fee","disp_hide_options_price":true,"disp_show_section_price":false,"disp_show_field_price":true,"layout_option":"standard","pric_use_as_fee":false,"process_fee_as":"woo_fee"},"layout_option":"standard"},"fields":[[{"active":true,"col":6,"relations":[{"operator":false,"rules":[{"operator":"AND","rules":{"cl_field":"","cl_relation":"","cl_val":""}}]}],"cl_rule":"show","enableCl":false,"price":"","enablePrice":false,"className":"","label_position":"default","desc_position":"default","type":"radio-group","required":true,"elementId":"radio-group_5679cd96a9fdd2","label":"\u231b\ufe0f Trip Duration","name":"radio-group_5679cd96a9fdd2","values":[{"label":"4 Hour Shared Trip (85\u20ac)","value":"4 Hour Trip","selected":false,"tempId":"aco_32","description":"Shared Tour up to 6 Guests. Departure at 8:00.","gt_translate_keys":["label","description"]},{"label":"Private Charter (From 440\u20ac)","value":"Private Charter 6 People","selected":false,"tempId":"aco_33","description":"Up to 6 people. Departure at 8:00 & 13:00.","gt_translate_keys":["label","description"]}],"layOut":"","error":false,"checkUi":"toggle","enableDesign":false,"scrollBar":false,"description":"","other":false,"options_description":true,"show_selected_option":false,"gt_translate_keys":["label","description"],"price_dependency":false,"cl_dependency":["date_0679cd96a9fe5e","select_1679cd96a9fe54",false,false],"value":""}],[{"label":"\ud83d\udcc5 Date","active":true,"required":true,"elementId":"date_0679cd96a9fe5e","picker_type":"custom","picker_mode":"single","placeholder":"","description":"","tooltip":"","name":"date_0679cd96a9fe5e","label_position":"default","desc_position":"default","enablePrice":false,"className":"","enableCl":true,"relations":[{"operator":"and","rules":[{"operator":"AND","rules":{"cl_field":"radio-group_5679cd96a9fdd2","cl_relation":"is_not_empty","cl_val":"3 Hour Trip"}}]}],"enableDesign":false,"LabelColor":"","date_pic_inline":true,"date_pic_inline_hide":true,"min_date":{"type":"days","val":"1"},"max_date":{"type":"days","val":"365"},"date_pic_conf":{"disabledWeeks":[],"disabledDates":["2025-02-03"]},"price":"","cl_rule":"show","col":6,"type":"date","error":false,"gt_translate_keys":["label","placeholder","description","tooltip"],"price_dependency":false,"cl_dependency":false,"value":""}],[{"active":true,"col":6,"relations":[{"operator":false,"rules":[{"operator":"AND","rules":{"cl_field":"radio-group_5679cd96a9fdd2","cl_relation":"is_not_empty","cl_val":"3 Hour Trip"}}]}],"cl_rule":"show","enableCl":true,"price":"","enablePrice":false,"className":"","label_position":"default","desc_position":"default","type":"select","required":true,"elementId":"select_1679cd96a9fe54","label":"\u23f0 Departure","name":"select_1679cd96a9fe54","values":[{"label":"8:00","value":"8:00","selected":false,"tempId":"aco_2904","gt_translate_keys":["label"]},{"label":"13:00","value":"13:00","selected":false,"tempId":"aco_2905","gt_translate_keys":["label"]}],"dropdown_type":"basic","error":false,"placeholder":"Select Departure Time","gt_translate_keys":["label","placeholder"],"price_dependency":false,"cl_dependency":false,"value":""}]]},"sec_0679cd96a9fdd4":{"extra":{"key":"sec_0679cd96a9fdd4","section_id":"sec_0679cd96a9fdd4","name":"4H Trip","status":1,"cl_rule":"show","enableCl":true,"relations":[{"operator":false,"rules":[{"operator":"AND","rules":{"cl_field":"radio-group_5679cd96a9fdd2","cl_relation":"is","cl_val":"4 Hour Trip"}}]}],"toggle":true,"title_tag":"h4","show_title":false,"showPrice":"default","form_id":13647,"form_rules":{"exclude_from_discount":true,"fee_label":"Fee","disp_hide_options_price":true,"disp_show_section_price":false,"disp_show_field_price":true,"layout_option":"standard","pric_use_as_fee":false,"process_fee_as":"woo_fee"},"layout_option":"standard"},"fields":[[{"active":true,"col":6,"relations":false,"cl_rule":"show","enableCl":false,"price":"","enablePrice":false,"className":"","label_position":"default","desc_position":"default","type":"separator","required":false,"elementId":"separator_9679cd96a9fded","label":"Separator Field","height":"10","separatorType":"blank","error":false,"gt_translate_keys":["label"],"price_dependency":false,"cl_dependency":false,"value":""}],[{"contentType":"rich","active":true,"label":"","elementId":"content_9679cd96a9fdf8","value":"<p>\ud83c\udf9f\ufe0f <strong>Reservation<\/strong>: Pay only a deposit now to reserve; the rest is due on the day of the activity upon arrival.<\/p>","inline":true,"name":"content_9679cd96a9fdf8","enablePrice":false,"className":"","subtype":"div","enableCl":false,"relations":false,"price":"","cl_rule":"show","col":6,"type":"content","error":false,"show_in_checkout":true,"gt_translate_keys":["label","value"],"price_dependency":false,"cl_dependency":false}],[{"active":true,"col":6,"relations":false,"cl_rule":"show","enableCl":false,"price":"","enablePrice":false,"className":"","label_position":"default","desc_position":"default","type":"content","required":false,"elementId":"content_0679cd96a9fe02","label":"People","name":"content_0679cd96a9fe02","contentType":"plain","value":"","error":false,"show_in_checkout":true,"inline":false,"gt_translate_keys":["label","value"],"price_dependency":false,"cl_dependency":false}],[{"active":true,"col":6,"relations":[{"operator":false,"rules":[{"operator":"AND","rules":{"cl_field":"","cl_relation":"","cl_val":""}}]}],"cl_rule":"show","enableCl":true,"price":"85","enablePrice":true,"className":"","label_position":"default","desc_position":"default","type":"radio-group","required":false,"elementId":"radio-group_10679cd96a9fe0d","label":"","name":"radio-group_10679cd96a9fe0d","values":[{"label":"\ud83d\udc64 People (85\u20ac)","value":"People","selected":true,"tempId":"aco_32","tooltip":"+4 Years","description":"","gt_translate_keys":["label","tooltip","description"]}],"layOut":"","error":false,"checkUi":"button","priceOptions":"fixed_for_all","pricingType":"fixed","enable_quantity":true,"quantity_label":"","min_quantity":"0","options_tooltip":true,"options_description":true,"is_show_price":true,"max_quantity":"6","gt_translate_keys":["label","quantity_label"],"price_dependency":false,"cl_dependency":false,"value":""}],[{"elementId":"separator_7679cd96a9fe2d","separatorType":"fill","separatorColor":"#66a6b6","className":"","height":"6","enableCl":false,"relations":false,"cl_rule":"show","col":6,"type":"separator","error":false,"gt_translate_keys":[],"price_dependency":false,"cl_dependency":false,"value":""}],[{"active":true,"col":6,"relations":false,"cl_rule":"show","enableCl":false,"price":"({field.radio-group_10679cd96a9fe0d.quantity}*20)","enablePrice":true,"className":"","label_position":"default","desc_position":"default","type":"content","required":false,"elementId":"content_2679cd96a9fe37","label":"Deposit Now","name":"content_2679cd96a9fe37","contentType":"plain","value":"","error":false,"pricingType":"custom","isTemplate":false,"is_show_price":false,"enableDesign":true,"scrollBar":false,"use_as_fee":false,"fee_label":"","inline":true,"show_in_checkout":true,"subtype":"div","LabelSize":"14px","LabelColor":"","gt_translate_keys":["label","value"],"price_dependency":["content_9679cd96a9fe4a"],"cl_dependency":false}],[{"contentType":"plain","active":true,"label":"Payment at Arrival","elementId":"content_8679cd96a9fe40","value":"","inline":true,"show_in_checkout":true,"name":"content_8679cd96a9fe40","enablePrice":true,"className":"","fee_label":"","subtype":"div","enableCl":false,"relations":[{"operator":false,"rules":[{"operator":"AND","rules":{"cl_field":"content_2679cd96a9fe37","cl_relation":"is_not_empty","cl_val":""}}]}],"scrollBar":false,"enableDesign":true,"pricingType":"custom","isTemplate":false,"price":"({field.radio-group_10679cd96a9fe0d.quantity}*65)","use_as_fee":false,"is_show_price":true,"cl_rule":"disable","col":6,"type":"content","error":false,"LabelSize":"14px","LabelColor":"","gt_translate_keys":["label","value"],"price_dependency":["content_9679cd96a9fe4a"],"cl_dependency":false}],[{"contentType":"plain","active":true,"label":"Total Amount","elementId":"content_9679cd96a9fe4a","value":"","inline":true,"show_in_checkout":true,"name":"content_9679cd96a9fe4a","enablePrice":true,"className":"","fee_label":"","subtype":"div","enableCl":false,"relations":[{"operator":false,"rules":[{"operator":"AND","rules":{"cl_field":"content_2679cd96a9fe37","cl_relation":"is_not_empty","cl_val":""}}]}],"scrollBar":false,"enableDesign":true,"LabelColor":"","LabelSize":"14px","pricingType":"custom","isTemplate":false,"price":"({field.content_2679cd96a9fe37.price}) + ({field.content_8679cd96a9fe40.price})","use_as_fee":false,"is_show_price":true,"cl_rule":"disable","col":6,"type":"content","error":false,"gt_translate_keys":["label","value"],"price_dependency":false,"cl_dependency":false}]]},"sec_3679cd96a9fe55":{"extra":{"key":"sec_3679cd96a9fe55","section_id":"sec_3679cd96a9fe55","name":"Private Charter","status":1,"cl_rule":"show","enableCl":true,"relations":[{"operator":false,"rules":[{"operator":"AND","rules":{"cl_field":"radio-group_5679cd96a9fdd2","cl_relation":"is","cl_val":"Private Charter 6 People"}}]}],"toggle":true,"title_tag":"h4","show_title":false,"showPrice":"default","form_id":13647,"form_rules":{"exclude_from_discount":true,"fee_label":"Fee","disp_hide_options_price":true,"disp_show_section_price":false,"disp_show_field_price":true,"layout_option":"standard","pric_use_as_fee":false,"process_fee_as":"woo_fee"},"layout_option":"standard"},"fields":[[{"elementId":"separator_6679cd96a9fe71","separatorType":"blank","className":"","height":"10","enableCl":false,"relations":false,"cl_rule":"show","col":6,"type":"separator","gt_translate_keys":[],"price_dependency":false,"cl_dependency":false,"value":""}],[{"contentType":"rich","active":true,"label":"","elementId":"content_7679cd96a9fe7d","value":"<p>\ud83c\udf9f\ufe0f <strong>Reservation<\/strong>: Pay only a deposit now to reserve; the rest is due on the day of the activity upon arrival.<\/p>","inline":true,"name":"content_7679cd96a9fe7d","enablePrice":false,"className":"","subtype":"div","enableCl":false,"relations":false,"price":"","cl_rule":"show","col":6,"type":"content","error":false,"pricingType":"custom","isTemplate":false,"is_show_price":true,"show_in_checkout":true,"gt_translate_keys":["label","value"],"price_dependency":false,"cl_dependency":false}],[{"active":true,"col":6,"relations":false,"cl_rule":"show","enableCl":false,"price":"","enablePrice":true,"className":"","label_position":"default","desc_position":"default","type":"select","required":false,"elementId":"select_10679cd96a9fe87","label":"\u231b\ufe0f Charter Duration (From 440\u20ac)","name":"select_10679cd96a9fe87","values":[{"label":"4 Hours (440\u20ac)","value":"1","selected":false,"tempId":"aco_3241","price":"440","gt_translate_keys":["label"]},{"label":"6 Hours (660\u20ac)","value":"2","selected":false,"tempId":"aco_3650","price":"660","gt_translate_keys":["label"]},{"label":"8 Hours (800\u20ac)","value":"3","selected":false,"tempId":"aco_242","price":"800","gt_translate_keys":["label"]}],"dropdown_type":"basic","error":false,"placeholder":"Select Duration Time","priceOptions":"different_for_all","pricingType":"fixed","is_show_price":true,"gt_translate_keys":["label","placeholder"],"price_dependency":["content_2679cd96a9fe9b","content_2679cd96a9fea4"],"cl_dependency":false,"value":""}],[{"elementId":"separator_0679cd96a9fe91","separatorType":"fill","separatorColor":"#66a6b6","className":"","height":"6","enableCl":false,"relations":false,"cl_rule":"show","col":6,"type":"separator","error":false,"gt_translate_keys":[],"price_dependency":false,"cl_dependency":false,"value":""}],[{"contentType":"plain","active":true,"label":"Deposit Now","elementId":"content_2679cd96a9fe9b","value":"","inline":true,"show_in_checkout":true,"name":"content_2679cd96a9fe9b","enablePrice":true,"className":"","fee_label":"","subtype":"div","enableCl":false,"relations":false,"scrollBar":false,"enableDesign":true,"LabelColor":"","LabelSize":"14px","pricingType":"custom","isTemplate":true,"price":"{field.select_10679cd96a9fe87.price}","use_as_fee":false,"is_show_price":false,"cl_rule":"show","col":6,"type":"content","error":false,"formulaId":"fmla_1738332716177274093","gt_translate_keys":["label","value"],"price_dependency":["content_0679cd96a9feae"],"cl_dependency":false}],[{"contentType":"plain","active":true,"label":"Payment at Arrival","elementId":"content_2679cd96a9fea4","value":"","inline":true,"show_in_checkout":true,"name":"content_2679cd96a9fea4","enablePrice":true,"className":"","fee_label":"","subtype":"div","enableCl":false,"relations":[{"operator":false,"rules":[{"operator":"AND","rules":{"cl_field":"content_2679cd96a9fe37","cl_relation":"is_not_empty","cl_val":""}}]}],"scrollBar":false,"enableDesign":true,"LabelColor":"","LabelSize":"14px","pricingType":"custom","isTemplate":true,"price":"{field.select_10679cd96a9fe87.value}*90","use_as_fee":false,"is_show_price":true,"cl_rule":"disable","col":6,"type":"content","error":false,"formulaId":"fmla_1708360988969136756","gt_translate_keys":["label","value"],"price_dependency":["content_0679cd96a9feae"],"cl_dependency":false}],[{"contentType":"plain","active":true,"label":"Total Amount","elementId":"content_0679cd96a9feae","value":"","inline":true,"show_in_checkout":true,"name":"content_0679cd96a9feae","enablePrice":true,"className":"","fee_label":"","subtype":"div","enableCl":false,"relations":[{"operator":false,"rules":[{"operator":"AND","rules":{"cl_field":"content_2679cd96a9fe37","cl_relation":"is_not_empty","cl_val":""}}]}],"scrollBar":false,"enableDesign":true,"LabelColor":"","LabelSize":"14px","pricingType":"custom","isTemplate":false,"price":"({field.content_2679cd96a9fe9b.price})+({field.content_2679cd96a9fea4.price})","use_as_fee":false,"is_show_price":true,"cl_rule":"disable","col":6,"type":"content","error":false,"gt_translate_keys":["label","value"],"price_dependency":false,"cl_dependency":false}]]}},"config":{"price_override":"always","enable_recaptcha":false,"bind_quantity":false,"quantity_bind_formula":false,"disp_summ_show_option_price":true,"disp_summ_show_product_price":false,"disp_summ_show_total_price":false,"disp_summ_show_fee":true,"disp_summ_show_discount":true,"summary_title":"","options_total_label":"Options Price","total_label":"Deposit Amount","options_product_label":"Product Price","fee_label":"Fee","discount_label":"Discount","has_price":true,"has_quantity_formula":false},"mc_unit":1,"tax_rate":1,"tax_rate_real":1,"discount":{"percentage":0,"fixed":0},"design":{"conf":{"LabelPosition":"above","DescPosition":"above","UploadField":"custom_1","QuantityFieldStyle":"custom_1"},"css":{"LeftLabelWidth":"120px"}},"formulas":{"fmla_1708360988969136756":"(({field.select_10679cd96a9fe87.value}>=3)?(730):(({field.select_10679cd96a9fe87.value}>=2)?(550):(({field.select_10679cd96a9fe87.value}>=1)?(370):(0))))","fmla_1738332716177274093":"(({field.select_10679cd96a9fe87.value}>=3)?(70):(({field.select_10679cd96a9fe87.value}>=2)?(110):(({field.select_10679cd96a9fe87.value}>=1)?(70):(0))))"},"lookuptables":[],"clones":false,"cartKey":false}},"_links":{"self":[{"href":"https:\/\/canaryvip.com\/lt\/wp-json\/wp\/v2\/product\/13644","targetHints":{"allow":["GET"]}}],"collection":[{"href":"https:\/\/canaryvip.com\/lt\/wp-json\/wp\/v2\/product"}],"about":[{"href":"https:\/\/canaryvip.com\/lt\/wp-json\/wp\/v2\/types\/product"}],"replies":[{"embeddable":true,"href":"https:\/\/canaryvip.com\/lt\/wp-json\/wp\/v2\/comments?post=13644"}],"wp:featuredmedia":[{"embeddable":true,"href":"https:\/\/canaryvip.com\/lt\/wp-json\/wp\/v2\/media\/13645"}],"wp:attachment":[{"href":"https:\/\/canaryvip.com\/lt\/wp-json\/wp\/v2\/media?parent=13644"}],"wp:term":[{"taxonomy":"product_brand","embeddable":true,"href":"https:\/\/canaryvip.com\/lt\/wp-json\/wp\/v2\/product_brand?post=13644"},{"taxonomy":"product_cat","embeddable":true,"href":"https:\/\/canaryvip.com\/lt\/wp-json\/wp\/v2\/product_cat?post=13644"},{"taxonomy":"product_tag","embeddable":true,"href":"https:\/\/canaryvip.com\/lt\/wp-json\/wp\/v2\/product_tag?post=13644"}],"curies":[{"name":"wp","href":"https:\/\/api.w.org\/{rel}","templated":true}]}}