{"id":13568,"date":"2025-01-14T17:37:29","date_gmt":"2025-01-14T17:37:29","guid":{"rendered":"https:\/\/canaryvip.com\/?post_type=product&#038;p=13568"},"modified":"2026-02-06T11:13:54","modified_gmt":"2026-02-06T11:13:54","slug":"peter-pan-pirate-ship-tenerife","status":"publish","type":"product","link":"https:\/\/canaryvip.com\/lt\/shop\/peter-pan-pirate-ship-tenerife\/","title":{"rendered":"Pirat\u0173 laivas \"Peter Pan\" Tenerif\u0117"},"content":{"rendered":"<section class=\"l-section wpb_row height_medium\"><div class=\"l-section-h i-cf\"><div class=\"g-cols vc_row via_flex valign_top type_default stacking_default\"><div class=\"vc_col-sm-12 wpb_column vc_column_container\"><div class=\"vc_column-inner\"><div class=\"wpb_wrapper\"><div class=\"wpb_text_column\"><div class=\"wpb_wrapper\"><h2>\ud83d\udea2 Atraskite Piterio Peno pirat\u0173 laiv\u0105<\/h2>\n<p class=\"translation-block\">Ie\u0161kote kitokios <strong>i\u0161vykos laivu Tenerif\u0117je<\/strong>? \u012elipkite \u012f <strong>Peter Pan pirat\u0173 laiv\u0105<\/strong> - autenti\u0161k\u0105 portugali\u0161k\u0105 \u0161kuni\u0105, kupin\u0105 \u017eavesio ir nuotyki\u0173. Nesvarbu, ar keliaujate su \u0161eima, draugais, ar su partneriu, \u0161i patirtis si\u016blo puik\u0173 \u012fsp\u016bd\u017ei\u0173, atsipalaidavimo ir nuostabi\u0173 pietin\u0117s Tenerif\u0117s pakrant\u0117s vaizd\u0173 derin\u012f.<\/p>\n<p>Laive \u012frengti du vonios kambariai, pav\u0117syje esanti poilsio zona, didelis centrinis stalas ir vir\u0161utinis denis, puikiai tinkantis saul\u0117s vonioms plaukiant palei Atlanto vandenyn\u0105.<\/p>\n<h3>\ud83d\udc2c Pamatykite banginius ir delfinus laukin\u0117je gamtoje<\/h3>\n<p class=\"translation-block\">I\u0161plaukdami i\u0161 <strong>Los Cristianos uosto<\/strong>, \u0161ia <strong>Tenerif\u0117s kelione laivu<\/strong> pateksite \u012f vien\u0105 geriausi\u0173 Kanar\u0173 sal\u0173 viet\u0173, kur i\u0161 arti pamatysite laukinius delfinus ir bandomuosius banginius. Po j\u016brinio safario laivas prisi\u0161vartuos netoli nuostabi\u0173 Palmmaro arba La Kaletos j\u016brini\u0173 draustini\u0173, kur gal\u0117site paplaukioti kri\u0161tolo skaidrumo vandenyje.<\/p>\n<h3>\ud83d\udd52 Ekskursij\u0173 parinktys ir prieinamumas<\/h3>\n<ul>\n<li><strong>2 valand\u0173 ekskursija:<\/strong> Greitas ir smagus j\u016brinis nuotykis, kurio tikslas - pamatyti bandomuosius banginius ir delfinus. <em>Maistas ir g\u0117rimai \u012f kain\u0105 ne\u012fskai\u010diuoti, bet j\u0173 galite \u012fsigyti laive.<\/em><\/li>\n<li class=\"translation-block\"><strong>3 valand\u0173 ekskursija:<\/strong> \u012eskai\u010diuota maudyn\u0117s ir piet\u016bs su g\u0117rimais. I\u0161vykimas 10:00 val. <strong>\u0160i versija galima tik ribot\u0105 laik\u0105.<\/strong> D\u0117l laisv\u0173 dat\u0173 patikrinkite u\u017esakym\u0173 kalendori\u0173.<\/li>\n<\/ul>\n<h3>\ud83c\udf7d\ufe0f Piet\u016bs ir g\u0117rimai (\u012ftraukti tik \u012f 3 valand\u0173 ekskursij\u0105)<\/h3>\n<ul>\n<li><strong>Piet\u0173 meniu:<\/strong> Ry\u017eiai su dar\u017eov\u0117mis, m\u0117sos kukuliai, salotos, duona ir \u0161vie\u017ei vaisiai.<\/li>\n<li><strong>G\u0117rimai:<\/strong> Vanduo ir gaivieji g\u0117rimai. Per pietus patiekiamas alus ir vynas.<\/li>\n<\/ul>\n<h3>\ud83c\udf1f Kod\u0117l verta rinktis ekskursij\u0105 laivu \"Peter Pan\"?<\/h3>\n<ul>\n<li>\u0160eimoms skirtas pirat\u0173 laivas su daug erdv\u0117s ir pav\u0117syje esan\u010diomis s\u0117dimomis vietomis.<\/li>\n<li>Vir\u0161utinis denis saul\u0117s m\u0117g\u0117jams ir nepakartojamas vaizdas \u012f pakrant\u0119.<\/li>\n<li>I\u0161vykstama i\u0161 Los Kristianoso, patogios ir centrin\u0117s vietos Tenerif\u0117s pietuose.<\/li>\n<\/ul>\n<h3>\ud83d\udcac U\u017esakymo ir at\u0161aukimo taisykl\u0117s<\/h3>\n<ul>\n<li><strong>Daugiau nei prie\u0161 48 valandas:<\/strong> 90% gr\u0105\u017einama suma (10% paliekama apdorojimui).<\/li>\n<li><strong>Ma\u017eiau nei 48 valandos arba neatvykimas:<\/strong> Gr\u0105\u017einamos l\u0117\u0161os negr\u0105\u017einamos.<\/li>\n<li>Jei kelion\u0117 at\u0161aukiama d\u0117l oro s\u0105lyg\u0173 ar kit\u0173 prie\u017eas\u010di\u0173, jums bus gr\u0105\u017einti visi sumok\u0117ti pinigai arba suteikta galimyb\u0117 pakeisti kelion\u0117s dat\u0105.<\/li>\n<\/ul>\n<h3>\ud83d\udccd I\u0161vykimo vieta<\/h3>\n<p class=\"translation-block\">Pirat\u0173 laivas <strong>Peter Pan<\/strong> i\u0161plaukia i\u0161 <a href=\"https:\/\/maps.app.goo.gl\/zqPYNAARb6LiE5tZ7\" target=\"_blank\" rel=\"noopener\">Los Cristianos uosto<\/a>. Pra\u0161ome atvykti likus bent 30 minu\u010di\u0173 iki i\u0161plaukimo laiko, kad b\u016bt\u0173 u\u017etikrintas sklandus \u012flaipinimas.<\/p>\n<h3>\ud83c\udf34 U\u017esisakykite kelion\u0119 laivu po Tenerif\u0119 su CanaryVIP<\/h3>\n<p class=\"translation-block\">CanaryVIP specializuojasi <strong>nepamir\u0161tam\u0173 ekskursij\u0173 laivu Tenerif\u0117je srityje<\/strong>. Pirat\u0173 laivas \"Piteris Penas\" yra vienas populiariausi\u0173 m\u016bs\u0173 pasirinkim\u0173 - tai nuotyki\u0173, gamtos ir poilsio atviroje j\u016broje derinys.<\/p>\n<p>Nesvarbu, ar keliaujate su vaikais, draugais, ar dviese, tai puikus b\u016bdas pasigro\u017e\u0117ti Tenerif\u0117s pakrante ir j\u016bros gyv\u016bnija.<\/p>\n<p class=\"translation-block\">\ud83d\udc49 <strong>Nepraleiskite progos - rezervuokite savo viet\u0105 jau dabar!<\/strong> 3 valand\u0173 ekskursija su pietumis ir g\u0117rimais galima tik ribot\u0105 laik\u0105.<\/p>\n<\/div><\/div><\/div><\/div><\/div><\/div><\/div><\/section>","protected":false},"excerpt":{"rendered":"<p><strong>\ud83d\udd0d Peter Pan Boat Tenerif\u0117:<\/strong><br \/>\n<span>\u2705 Saugus mok\u0117jimas.<\/span><br \/>\n<span>\ud83d\udc0b Bangini\u0173 ir delfin\u0173 steb\u0117jimas.<br \/>\n<\/span><span>\ud83d\ude80 2H ekskursijos.<br \/>\n\ud83d\udd59 Kasdien 10:00, 12:00 ir 14:00 val.<br \/>\n<\/span><span>\ud83d\udc65 Iki 60 \u017emoni\u0173.<\/span><span><br \/>\n\ud83d\ude8c Pasi\u0117mimas i\u0161 piet\u0173 Tenerif\u0117s.<br \/>\n<\/span>\ud83d\udebd Tualetas laive.<br \/>\n<span>\ud83e\udd11 Garantuojama geriausia kaina.<\/span><br \/>\n<span>\ud83d\udc6a Suaktyvintos nuolaidos.<\/span><br \/>\n<span>\ud83d\udd01 Iki 48 val.<\/span><br \/>\n<span>\ud83c\udf0d Daugiakalbiai gidai.<\/span><br \/>\n<span>\ud83c\udf1f Rezervuokite dabar ir sutaupykite!<\/span><br \/>\n<span>\ud83d\udccd I\u0161vykimas i\u0161 <a href=\"https:\/\/maps.app.goo.gl\/US7ie1SCwfu1Mhxm7\">Los Cristianos<\/a>.<\/span><\/p>","protected":false},"featured_media":13574,"comment_status":"open","ping_status":"closed","template":"","meta":{"_acf_changed":false},"product_brand":[],"product_cat":[46],"product_tag":[],"class_list":{"0":"post-13568","1":"product","2":"type-product","3":"status-publish","4":"has-post-thumbnail","6":"product_cat-boat-excursions","7":"wcpa_has_options","9":"first","10":"instock","11":"virtual","12":"purchasable","13":"product-type-simple"},"acf":[],"wcpa_form_fields":{"wcpaData":{"product":{"product_price":27,"price_html":"From&nbsp;<span class=\"woocommerce-Price-amount amount\"><bdi>27,00&nbsp;<span class=\"woocommerce-Price-currencySymbol\">&euro;<\/span><\/bdi><\/span>","original_product_price":27,"price_including_tax":27,"price_excluding_tax":27,"product_id":{"parent":13568,"variation":false},"is_variable":false,"stock_status":"instock","stock_quantity":null,"parent_sku":"CV13568","product_attributes":[],"custom_fields":[],"is_taxable":false,"product_name":"Peter Pan Pirate Ship Tenerife","hasImage":false},"fields":{"sec_h1a2har211":{"extra":{"key":"sec_h1a2har211","section_id":"sec_h1a2har211","name":"Tour Duration","status":1,"cl_rule":"show","enableCl":false,"relations":[],"toggle":true,"title_tag":"h4","show_title":false,"showPrice":"default","form_id":13569,"form_rules":{"exclude_from_discount":true,"fee_label":"Fee","disp_hide_options_price":true,"disp_show_section_price":false,"disp_show_field_price":true,"layout_option":"standard","pric_use_as_fee":false,"process_fee_as":"woo_fee"},"layout_option":"standard"},"fields":[[{"active":true,"col":6,"relations":false,"cl_rule":"show","enableCl":false,"price":"","enablePrice":false,"className":"","label_position":"default","desc_position":"default","type":"content","required":false,"elementId":"content_7231531275","label":"","name":"content_7231531275","contentType":"rich","value":"<p><strong>Free Pick-up available only at 12:00.<\/strong><\/p>","error":false,"gt_translate_keys":["label","value"],"price_dependency":false,"cl_dependency":false}],[{"active":true,"col":6,"relations":false,"cl_rule":"show","enableCl":false,"price":"","enablePrice":false,"className":"","label_position":"default","desc_position":"default","type":"radio-group","required":false,"elementId":"radio_0409611974","label":"\u2693\ufe0f Select Tour","name":"radio_0409611974","values":[{"label":"2 Hour Tour (27\u20ac)","value":"2H Tour","selected":true,"tempId":"aco_2005","gt_translate_keys":["label"]}],"layOut":"","error":false,"checkUi":"toggle","gt_translate_keys":["label"],"price_dependency":false,"cl_dependency":[false],"value":""}]]},"sec_06786a3ea7a85a":{"extra":{"key":"sec_06786a3ea7a85a","section_id":"sec_06786a3ea7a85a","name":"2H Tour","status":1,"cl_rule":"show","enableCl":true,"relations":[{"operator":false,"rules":[{"operator":"AND","rules":{"cl_field":"radio_0409611974","cl_relation":"is","cl_val":"2H Tour"}}]}],"toggle":true,"title_tag":"h4","show_title":false,"showPrice":"default","form_id":13569,"form_rules":{"exclude_from_discount":true,"fee_label":"Fee","disp_hide_options_price":true,"disp_show_section_price":false,"disp_show_field_price":true,"layout_option":"standard","pric_use_as_fee":false,"process_fee_as":"woo_fee"},"layout_option":"standard"},"fields":[[{"active":true,"col":6,"relations":false,"cl_rule":"show","enableCl":false,"price":"","enablePrice":false,"className":"","label_position":"default","desc_position":"default","type":"select","required":true,"elementId":"select_7343277180","label":"\u23f0 Departure","name":"select_7343277180","values":[{"label":"10:00","value":"10:00","selected":false,"tempId":"aco_842","gt_translate_keys":["label"]},{"label":"12:00","value":"12:00","selected":false,"tempId":"aco_843","gt_translate_keys":["label"]},{"label":"14:00","value":"14:00","selected":false,"tempId":"aco_844","gt_translate_keys":["label"]}],"dropdown_type":"basic","error":false,"tooltip":"","placeholder":"Select Departure Time","isWeightTemplate":false,"isTemplate":false,"min_quantity":"1","quantity_decimal":false,"quantity_step":"1","quantity_label":"Quantity","repeater_field_label":"{field_label}","repeater_bind":"","gt_translate_keys":["label","placeholder","tooltip","repeater_field_label","quantity_label"],"price_dependency":false,"cl_dependency":["date_86786a3ea7a859","date-4560181145","date-0582083876","text_16786a3ea7a89a"],"value":""}],[{"label":"\ud83d\udcc5 Date","active":true,"required":true,"elementId":"date_86786a3ea7a859","picker_type":"custom","picker_mode":"single","placeholder":"","description":"","tooltip":"","name":"date_86786a3ea7a859","label_position":"default","desc_position":"default","enablePrice":false,"className":"","enableCl":true,"relations":[{"operator":"and","rules":[{"operator":"AND","rules":{"cl_field":"select_7343277180","cl_relation":"is","cl_val":"10:00"}}]}],"enableDesign":false,"LabelColor":"","date_pic_inline":true,"date_pic_inline_hide":true,"min_date":{"type":"days","val":"0"},"max_date":{"type":"days","val":"180"},"date_pic_conf":{"disabledWeeks":[],"disabledDates":["2025-03-12 to 2025-03-30","2025-04-17 to 2025-04-24","2025-05-10","2025-05-15","2025-05-20","2025-05-29","2026-02-18"]},"price":"","cl_rule":"show","col":6,"type":"date","error":false,"isWeightTemplate":false,"isTemplate":false,"min_quantity":"1","quantity_decimal":false,"quantity_step":"1","quantity_label":"Quantity","repeater_field_label":"{field_label}","repeater_bind":"","gt_translate_keys":["label","placeholder","description","tooltip","repeater_field_label","quantity_label"],"price_dependency":false,"cl_dependency":false,"value":""}],[{"label":"\ud83d\udcc5 Date","active":true,"required":true,"elementId":"date-4560181145","picker_type":"custom","picker_mode":"single","placeholder":"","description":"","tooltip":"","name":"date-4560181145","label_position":"default","desc_position":"default","enablePrice":false,"className":"","enableCl":true,"relations":[{"operator":"and","rules":[{"operator":"AND","rules":{"cl_field":"select_7343277180","cl_relation":"is","cl_val":"12:00"}}]}],"enableDesign":false,"LabelColor":"","date_pic_inline":true,"date_pic_inline_hide":true,"min_date":{"type":"days","val":"0"},"max_date":{"type":"days","val":"180"},"date_pic_conf":{"disabledWeeks":[],"disabledDates":["2025-01-18","2025-01-30","2025-02-09","2025-03-12 to 2025-03-30","2025-04-17 to 2025-04-24","2025-05-10","2025-05-15","2025-05-20","2026-02-18"]},"price":"","cl_rule":"show","col":6,"type":"date","error":false,"isWeightTemplate":false,"isTemplate":false,"min_quantity":"1","quantity_decimal":false,"quantity_step":"1","quantity_label":"Quantity","repeater_field_label":"{field_label}","repeater_bind":"","gt_translate_keys":["label","placeholder","description","tooltip","repeater_field_label","quantity_label"],"price_dependency":false,"cl_dependency":false,"value":""}],[{"label":"\ud83d\udcc5 Date","active":true,"required":true,"elementId":"date-0582083876","picker_type":"custom","picker_mode":"single","placeholder":"","description":"","tooltip":"","name":"date-0582083876","label_position":"default","desc_position":"default","enablePrice":false,"className":"","enableCl":true,"relations":[{"operator":"and","rules":[{"operator":"AND","rules":{"cl_field":"select_7343277180","cl_relation":"is","cl_val":"14:00"}}]}],"enableDesign":false,"LabelColor":"","date_pic_inline":true,"date_pic_inline_hide":true,"min_date":{"type":"days","val":"0"},"max_date":{"type":"days","val":"180"},"date_pic_conf":{"disabledWeeks":[],"disabledDates":["2025-01-18","2025-01-30","2025-02-09","2025-03-12 to 2025-03-30","2025-04-17 to 2025-04-24","2025-05-08","2025-05-10","2025-05-15","2025-05-20","2026-02-18"]},"price":"","cl_rule":"show","col":6,"type":"date","error":false,"isWeightTemplate":false,"isTemplate":false,"min_quantity":"1","quantity_decimal":false,"quantity_step":"1","quantity_label":"Quantity","repeater_field_label":"{field_label}","repeater_bind":"","gt_translate_keys":["label","placeholder","description","tooltip","repeater_field_label","quantity_label"],"price_dependency":false,"cl_dependency":false,"value":""}],[{"contentType":"plain","active":true,"label":"People","elementId":"content_16786a3ea7a866","value":"","inline":false,"show_in_checkout":true,"name":"content_16786a3ea7a866","enablePrice":false,"className":"","enableCl":false,"relations":false,"price":"","cl_rule":"show","col":6,"type":"content","gt_translate_keys":["label","value"],"price_dependency":false,"cl_dependency":false}],[{"label":"","active":true,"required":false,"elementId":"radio-group_66786a3ea7a871","name":"radio-group_66786a3ea7a871","label_position":"default","desc_position":"default","enablePrice":true,"className":"","enableCl":false,"relations":[{"operator":false,"rules":[{"operator":"AND","rules":{"cl_field":"","cl_relation":"","cl_val":""}}]}],"enable_quantity":true,"quantity_label":"","min_quantity":"0","checkUi":"button","layOut":"","options_tooltip":true,"options_description":true,"values":[{"label":"\ud83d\udc64 Adult (27\u20ac)","value":"Adult","selected":true,"tempId":"aco_32","tooltip":"+12 Years","description":"","gt_translate_keys":["label","tooltip","description"]}],"priceOptions":"fixed_for_all","pricingType":"fixed","price":"27","cl_rule":"show","col":6,"type":"radio-group","error":false,"gt_translate_keys":["label","quantity_label"],"price_dependency":false,"cl_dependency":false,"value":""}],[{"label":"","active":true,"required":false,"elementId":"radio-group_06786a3ea7a87c","name":"radio-group_06786a3ea7a87c","label_position":"default","desc_position":"default","enablePrice":true,"className":"","enableCl":false,"relations":false,"enable_quantity":true,"quantity_label":"","min_quantity":"0","checkUi":"button","layOut":"","options_tooltip":true,"options_description":true,"values":[{"label":"\ud83d\udc66 Child (13\u20ac)","value":"Child","selected":true,"tempId":"aco_32","tooltip":"3-11 Years","description":"","gt_translate_keys":["label","tooltip","description"]}],"priceOptions":"fixed_for_all","pricingType":"fixed","price":"13","cl_rule":"show","col":6,"type":"radio-group","error":false,"gt_translate_keys":["label","quantity_label"],"price_dependency":false,"cl_dependency":false,"value":""}],[{"label":"","active":true,"required":false,"elementId":"radio-group_86786a3ea7a887","name":"radio-group_86786a3ea7a887","label_position":"default","desc_position":"default","enablePrice":true,"className":"","enableCl":false,"relations":false,"enable_quantity":true,"quantity_label":"","min_quantity":"0","checkUi":"button","layOut":"","options_tooltip":true,"options_description":true,"values":[{"label":"\ud83d\udc76 Infant (Free)","value":"Infant","selected":true,"tempId":"aco_32","tooltip":"0-2 Years","description":"","gt_translate_keys":["label","tooltip","description"]}],"priceOptions":"fixed_for_all","pricingType":"fixed","price":"0","cl_rule":"show","col":6,"type":"radio-group","error":false,"gt_translate_keys":["label","quantity_label"],"price_dependency":false,"cl_dependency":false,"value":""}],[{"elementId":"separator_96786a3ea7a891","separatorType":"blank","className":"","height":"7","enableCl":false,"relations":false,"cl_rule":"show","col":6,"type":"separator","gt_translate_keys":[],"price_dependency":false,"cl_dependency":false,"value":""}],[{"label":"\ud83d\ude8c Pickup Location","active":true,"required":false,"elementId":"text_16786a3ea7a89a","value":"","description":"Free pick-up service in South Tenerife. Simply provide your address or hotel name.","name":"text_16786a3ea7a89a","label_position":"default","desc_position":"default","enablePrice":false,"className":"","enableCl":true,"relations":[{"operator":false,"rules":[{"operator":"AND","rules":{"cl_field":"select_7343277180","cl_relation":"is","cl_val":"12:00"}}]}],"subtype":"text","price":"{field.radio-group_66786a3ea7a871.quantity}*4.5","cl_rule":"show","col":6,"type":"text","error":false,"pricingType":"custom","isTemplate":false,"gt_translate_keys":["label","description","value"],"price_dependency":false,"cl_dependency":false}]]}},"config":{"price_override":"always","enable_recaptcha":false,"bind_quantity":false,"quantity_bind_formula":false,"disp_summ_show_option_price":true,"disp_summ_show_product_price":false,"disp_summ_show_total_price":true,"disp_summ_show_fee":true,"disp_summ_show_discount":true,"summary_title":"","options_total_label":"Options Price","total_label":"Total Amount","options_product_label":"Product Price","fee_label":"Fee","discount_label":"Discount","has_price":true,"has_quantity_formula":false},"mc_unit":1,"tax_rate":1,"tax_rate_real":1,"discount":{"percentage":0,"fixed":0},"design":{"conf":{"LabelPosition":"above","DescPosition":"above","UploadField":"custom_1","QuantityFieldStyle":"custom_1"},"css":{"LeftLabelWidth":"120px"}},"formulas":[],"lookuptables":[],"clones":false,"cartKey":false}},"_links":{"self":[{"href":"https:\/\/canaryvip.com\/lt\/wp-json\/wp\/v2\/product\/13568","targetHints":{"allow":["GET"]}}],"collection":[{"href":"https:\/\/canaryvip.com\/lt\/wp-json\/wp\/v2\/product"}],"about":[{"href":"https:\/\/canaryvip.com\/lt\/wp-json\/wp\/v2\/types\/product"}],"replies":[{"embeddable":true,"href":"https:\/\/canaryvip.com\/lt\/wp-json\/wp\/v2\/comments?post=13568"}],"wp:featuredmedia":[{"embeddable":true,"href":"https:\/\/canaryvip.com\/lt\/wp-json\/wp\/v2\/media\/13574"}],"wp:attachment":[{"href":"https:\/\/canaryvip.com\/lt\/wp-json\/wp\/v2\/media?parent=13568"}],"wp:term":[{"taxonomy":"product_brand","embeddable":true,"href":"https:\/\/canaryvip.com\/lt\/wp-json\/wp\/v2\/product_brand?post=13568"},{"taxonomy":"product_cat","embeddable":true,"href":"https:\/\/canaryvip.com\/lt\/wp-json\/wp\/v2\/product_cat?post=13568"},{"taxonomy":"product_tag","embeddable":true,"href":"https:\/\/canaryvip.com\/lt\/wp-json\/wp\/v2\/product_tag?post=13568"}],"curies":[{"name":"wp","href":"https:\/\/api.w.org\/{rel}","templated":true}]}}