{"id":12949,"date":"2024-08-19T12:56:56","date_gmt":"2024-08-19T11:56:56","guid":{"rendered":"https:\/\/canaryvip.com\/?post_type=product&#038;p=12949"},"modified":"2025-08-09T13:58:46","modified_gmt":"2025-08-09T12:58:46","slug":"sunkiss-boat-charter-gran-canaria","status":"publish","type":"product","link":"https:\/\/canaryvip.com\/lt\/shop\/sunkiss-boat-charter-gran-canaria\/","title":{"rendered":"Sunkiss val\u010di\u0173 chartija<br\/>Gran Kanarija"},"content":{"rendered":"<h2>\ud83d\udee5\ufe0f \"Sunkiss\" val\u010di\u0173 chartija Gran Kanarijoje<\/h2>\n<p>Pajuskite Gran Kanarijos gro\u017e\u012f patogiai \u012fsitais\u0119 <strong>Sunkiss val\u010di\u0173 chartija<\/strong>, privatus ir prabangus b\u016bdas ap\u017ei\u016br\u0117ti nuostabi\u0105 pietin\u0119 salos pakrant\u0119. \u0160iame i\u0161skirtiniame vie\u0161butyje, kuriame telpa iki 8 keleivi\u0173. <strong>val\u010di\u0173 nuoma Gran Kanarijoje<\/strong> puikiai tinka poroms, \u0161eimoms ar nedidel\u0117ms grup\u0117ms, ie\u0161kan\u010dioms unikali\u0173 ir atpalaiduojan\u010di\u0173 nuotyki\u0173.<\/p>\n<p>\"CanaryVIP\" u\u017etikrina, kad u\u017esakymas <a href=\"https:\/\/canaryvip.com\/lt\/gran-canaria\/\"><strong>val\u010di\u0173 nuoma Puerto Moganas<\/strong><\/a> patirtis lengva ir maloni, u\u017etikrinant, kad b\u016bt\u0173 pasir\u016bpinta kiekviena detale, kad j\u016bs\u0173 diena ant vandens b\u016bt\u0173 tobula.<\/p>\n<h3>\u2b50\ufe0f Kod\u0117l verta rinktis \"Sunkiss\" val\u010di\u0173 chartij\u0105 Gran Kanarijoje<\/h3>\n<p>\u0160tai kod\u0117l <strong>Sunkiss val\u010di\u0173 chartija<\/strong> yra vienas geriausi\u0173 variant\u0173 priva\u010diai ir nepamir\u0161tamai dienai j\u016broje:<\/p>\n<h4><strong>Privati ir intymi patirtis<\/strong><\/h4>\n<p>M\u0117gaukit\u0117s i\u0161skirtine kelione tik su savo grupe. \u0160ioje priva\u010dioje jachtoje, kurioje telpa ne daugiau kaip 8 \u017emon\u0117s, galima m\u0117gautis asmenine ir ramia aplinka, idealiai tinkan\u010dia ypatingoms progoms ar atpalaiduojan\u010diam poilsiui.<\/p>\n<h4><strong>Eleganti\u0161kas komfortas<\/strong><\/h4>\n<p>Plaukite gra\u017eiai pri\u017ei\u016brima 12 metr\u0173 ilgio jachta, kurioje yra patogios s\u0117dimos vietos, pav\u0117syje esan\u010dios vietos ir erdvus denis saul\u0117s vonioms. Stilingai ils\u0117damiesi gro\u017e\u0117kit\u0117s nuostabiais Gran Kanarijos pakrant\u0117s panoraminiais vaizdais.<\/p>\n<h4><strong>Nardymo nuotykis<\/strong><\/h4>\n<p>\u012esikurkite nuo\u0161alioje \u012flankoje ir maudykit\u0117s kri\u0161tolo skaidrumo vandenyje bei nardykite su suteiktais \u012frankiais. Atraskite gyvybing\u0105 Gran Kanarijos j\u016bros gyvenim\u0105 arba tiesiog atsipalaiduokite ant denio ir m\u0117gaukit\u0117s ramia atmosfera.<\/p>\n<h3>\ud83d\udea4 Sunkiss Kelion\u0117s laivu parinktys<\/h3>\n<p>Pasirinkite kelion\u0117s trukm\u0119, atitinkan\u010di\u0105 j\u016bs\u0173 tvarkara\u0161t\u012f ir norus:<\/p>\n<ul>\n<li><strong>3 valand\u0173 trukm\u0117s privati chartija:<\/strong> Tai puiki trumpa i\u0161vyka tyrin\u0117ti Gran Kanarijos pakrant\u0119 ir pasim\u0117gauti gaiviu maudymusi ar nardymu.<\/li>\n<li><strong>6 valand\u0173 trukm\u0117s privati chartija:<\/strong> Pasinerkite \u012f salos gamtos gro\u017e\u012f, tur\u0117dami daugiau laiko atsipalaiduoti ir tyrin\u0117ti pasl\u0117ptas vietas.<\/li>\n<li><strong>8 valand\u0173 trukm\u0117s privati chartija:<\/strong> Tai visos dienos nuotykis, kurio metu gal\u0117site atsipalaiduoti ir susipa\u017einti su Gran Kanarijos salomis, nes tur\u0117site daugiau laiko aplankyti kelias \u012flankas ir pasim\u0117gauti geriausiais Gran Kanarijos vaizdais.<\/li>\n<\/ul>\n<h3>\ud83e\udd42 Kas \u012fskai\u010diuota \u012f j\u016bs\u0173 \"Sunkiss\" chartij\u0105<\/h3>\n<p>J\u016bs\u0173 <strong>val\u010di\u0173 nuoma Gran Kanarijoje<\/strong> apima:<\/p>\n<ul>\n<li>U\u017ekand\u017eiai, \u012fskaitant tra\u0161ku\u010dius ir rie\u0161utus.<\/li>\n<li>G\u0117rimai, tokie kaip alus, gaivieji g\u0117rimai ir vanduo.<\/li>\n<li>Nardymo \u012franga (kauk\u0117s ir pelekai), skirta povandeniniam pasauliui tyrin\u0117ti.<\/li>\n<li>Draudimas, kad gal\u0117tum\u0117te nesijaudinti.<\/li>\n<li>Neprivalomas transportas \u012f pietin\u0117s Gran Kanarijos dalies vie\u0161bu\u010dius ir atgal.<\/li>\n<li>Papildomi piet\u016bs (10 EUR asmeniui, pra\u0161ome u\u017esakymo metu).<\/li>\n<\/ul>\n<h3>\ud83d\udccd I\u0161sami informacija apie i\u0161vykim\u0105<\/h3>\n<ul>\n<li><strong>Vieta:<\/strong> <a href=\"https:\/\/maps.app.goo.gl\/Xhe545W98um3rx6W8\" target=\"_new\" rel=\"noopener\"><span>Puerto<\/span><span> Mog\u00e1n<\/span><span>, Gran<\/span><span> Canaria<\/span><\/a>.<\/li>\n<li><strong>I\u0161vykimo laikas:<\/strong> 09:00, 12:00 ir 15:00 val.<\/li>\n<li><strong>Transportas:<\/strong> Papildomam patogumui galima pasinaudoti pa\u0117mimo paslauga.<\/li>\n<\/ul>\n<p>Rekomenduojame atvykti likus bent 15 minu\u010di\u0173 iki i\u0161vykimo, kad nuotykio prad\u017eia b\u016bt\u0173 sklandi.<\/p>\n<h3>\u2705 Skaidri at\u0161aukimo politika<\/h3>\n<p>Teikiame pirmenyb\u0119 j\u016bs\u0173 ramybei ir si\u016blome ai\u0161kias bei lanks\u010dias at\u0161aukimo galimybes:<\/p>\n<ul>\n<li><strong>Or\u0173 garantija:<\/strong> Nesaugi\u0173 oro s\u0105lyg\u0173 atveju perkelkite skryd\u012f \u012f kit\u0105 dat\u0105 arba atgaukite vis\u0105 sumok\u0117t\u0105 sum\u0105.<\/li>\n<li><strong>Lankstus at\u0161aukimas:<\/strong> Likus 8 dienoms iki kelion\u0117s nemokamai at\u0161aukite arba pakeiskite jos tvarkara\u0161t\u012f. U\u017estatas negr\u0105\u017einamas, jei kelion\u0117 at\u0161aukiama likus 8 dienoms iki numatytos i\u0161vykimo dienos.<\/li>\n<\/ul>\n<h3>\ud83d\udc68\u200d\u2708\ufe0f Patarimai j\u016bs\u0173 \"Sunkiss\" nuotyki\u0173 valtimi<\/h3>\n<p>Pasinaudokite \u0161iais paprastais patarimais, kad diena b\u016bt\u0173 kuo naudingesn\u0117:<\/p>\n<ul>\n<li>Su savimi tur\u0117kite maudymosi kostium\u0117lius, krem\u0105 nuo saul\u0117s ir rank\u0161luost\u012f.<\/li>\n<li>D\u0117v\u0117kite patogius, oro s\u0105lygoms tinkamus drabu\u017eius.<\/li>\n<li>Pasiruo\u0161kite CanaryVIP biliet\u0105 telefone arba atsispausdinkite j\u012f.<\/li>\n<li>Kad i\u0161vengtum\u0117te j\u016bros ligos, prie\u0161 tai lengvai pavalgykite.<\/li>\n<\/ul>\n<h3>\ud83c\udf1f Kod\u0117l verta u\u017esisakyti su CanaryVIP<\/h3>\n<p>\"CanaryVIP\" specializuojam\u0117s si\u016blydami geriausius <strong>val\u010di\u0173 nuoma Puerto Moganas<\/strong> ir <strong>prabangi\u0173 jacht\u0173 nuoma Gran Kanarijoje<\/strong>. U\u017etikriname, kad kiekviena akimirka ant vandens b\u016bt\u0173 nepamir\u0161tama - nuo priva\u010di\u0173 u\u017esakom\u0173j\u0173 reis\u0173, toki\u0173 kaip \"Sunkiss\", iki specialiai pritaikyt\u0173 patir\u010di\u0173.<\/p>\n<p>U\u017esisakykite <strong>Sunkiss val\u010di\u0173 chartija<\/strong> \u0161iandien ir m\u0117gaukit\u0117s poilsio, nuotyki\u0173 ir kvap\u0105 gniau\u017eian\u010di\u0173 Gran Kanarijos vaizd\u0173 kupina kelione.<\/p>\n<p>\ud83d\udc49 <a href=\"https:\/\/canaryvip.com\/lt\/\" target=\"_new\" rel=\"noopener\"><span>Rezervuoti<\/span><span> Dabar<\/span><\/a> ir sukurkite prisiminimus, kurie i\u0161liks visam gyvenimui!<\/p>","protected":false},"excerpt":{"rendered":"<p><strong>\ud83d\udd0d Magic Island Gran Kanarija:<\/strong><br \/>\n\u2705 Saugus mok\u0117jimas.<br \/>\n\ud83d\udd10 Priva\u010dios ekskursijos.<br \/>\n\ud83d\udee5\ufe0f 12m Yacht Comfort.<br \/>\n\u23f3 3H, 6H ir 8H kasdien\u0117s ekskursijos.<br \/>\n\ud83d\udd59 Skirtingas i\u0161vykimo laikas.<br \/>\n\ud83d\udc65 Iki 8 sve\u010di\u0173.<br \/>\n\ud83e\udd3f Snorkeliavimo \u012franga suteikiama.<br \/>\n\ud83d\ude8c Pasi\u0117mimas ir i\u0161ve\u017eimas.<br \/>\n\ud83e\udd11 Garantuojama geriausia kaina.<br \/>\n\ud83d\udc6a Suaktyvintos nuolaidos.<br \/>\n\ud83d\udd01 At\u0161aukimas iki 8 dien\u0173.<br \/>\n\ud83c\udf0d Daugiakalb\u0117 \u012fgula.<br \/>\n\ud83c\udf1f U\u017esisakykite anks\u010diau ir sutaupykite!<br \/>\n\ud83d\udccd I\u0161vykimas i\u0161 <a href=\"https:\/\/maps.app.goo.gl\/4TJkgAg6UBpnsyhm9\">Puerto de Moganas<\/a>.<\/p>","protected":false},"featured_media":12950,"comment_status":"open","ping_status":"closed","template":"","meta":{"_acf_changed":false},"product_brand":[],"product_cat":[132],"product_tag":[],"class_list":{"0":"post-12949","1":"product","2":"type-product","3":"status-publish","4":"has-post-thumbnail","6":"product_cat-boat-hire-gran-canaria","7":"wcpa_has_options","9":"first","10":"instock","11":"virtual","12":"purchasable","13":"product-type-simple"},"acf":[],"wcpa_form_fields":{"wcpaData":{"product":{"product_price":399,"price_html":"From&nbsp;<span class=\"woocommerce-Price-amount amount\"><bdi>399,00&nbsp;<span class=\"woocommerce-Price-currencySymbol\">&euro;<\/span><\/bdi><\/span>","original_product_price":399,"price_including_tax":399,"price_excluding_tax":399,"product_id":{"parent":12949,"variation":false},"is_variable":false,"stock_status":"instock","stock_quantity":null,"parent_sku":"CV12949","product_attributes":[],"custom_fields":[],"is_taxable":false,"product_name":"Sunkiss Boat Charter<br\/>Gran Canaria","hasImage":false},"fields":{"sec_667811df8760f9":{"extra":{"key":"sec_667811df8760f9","section_id":"sec_667811df8760f9","name":"Default","status":1,"cl_rule":"show","enableCl":false,"relations":[],"toggle":true,"title_tag":"h3","show_title":false,"showPrice":"default","form_id":13536,"form_rules":{"exclude_from_discount":true,"fee_label":"Fee","disp_hide_options_price":true,"disp_show_section_price":false,"disp_show_field_price":true,"layout_option":"standard","pric_use_as_fee":false,"process_fee_as":"woo_fee"},"layout_option":"standard"},"fields":[[{"label":"\ud83d\udcc5 Date","active":true,"required":true,"elementId":"date_567811df876119","picker_type":"custom","picker_mode":"single","placeholder":"","description":"","tooltip":"","name":"date_567811df876119","label_position":"default","desc_position":"default","enablePrice":false,"className":"","enableCl":false,"relations":[{"operator":"and","rules":[{"operator":"AND","rules":{"cl_field":"radio-group_565c78ffa81208","cl_relation":"is","cl_val":"3 Hour Trip"}}]}],"date_pic_inline":true,"date_pic_inline_hide":true,"min_date":{"type":"days","val":"2"},"max_date":{"type":"days","val":"365"},"date_pic_conf":{"disabledWeeks":[]},"price":"","cl_rule":"show","col":6,"type":"date","error":false,"enableDesign":false,"LabelColor":"","gt_translate_keys":["label","placeholder","description","tooltip"],"price_dependency":false,"cl_dependency":false,"value":""}],[{"elementId":"separator_267811df876128","separatorType":"blank","className":"","height":"3","enableCl":false,"relations":false,"cl_rule":"show","col":6,"type":"separator","error":false,"gt_translate_keys":[],"price_dependency":false,"cl_dependency":false,"value":""}],[{"active":true,"col":6,"relations":false,"cl_rule":"show","enableCl":false,"price":"","enablePrice":true,"className":"","label_position":"default","desc_position":"default","type":"select","required":true,"elementId":"select_267811df876133","label":"\u23f3 Trip Duration","name":"select_267811df876133","values":[{"label":"3 Hours (399\u20ac)","value":"3","selected":false,"tempId":"aco_556","price":"399","gt_translate_keys":["label"]},{"label":"6 Hours (700\u20ac)","value":"6","selected":false,"tempId":"aco_122","price":"700","gt_translate_keys":["label"]},{"label":"8 Hours (900\u20ac)","value":"8","selected":false,"tempId":"aco_41","price":"900","gt_translate_keys":["label"]}],"dropdown_type":"basic","error":false,"placeholder":"Select Trip Duration","priceOptions":"different_for_all","pricingType":"fixed","is_show_price":false,"gt_translate_keys":["label","placeholder"],"price_dependency":false,"cl_dependency":false,"value":""}],[{"label":"\u2705 Number of People","active":true,"required":true,"elementId":"select_667811df87613d","dropdown_type":"basic","placeholder":"Select Number of People","name":"select_667811df87613d","label_position":"default","desc_position":"default","enablePrice":false,"className":"","enableCl":false,"relations":[{"operator":false,"rules":[{"operator":"AND","rules":{"cl_field":"radio-group_565c78ffa81208","cl_relation":"is","cl_val":"3 Hour Trip"}}]}],"values":[{"label":"1 person","value":"1","selected":false,"tempId":"aco_1471","price":"0","gt_translate_keys":["label"]},{"label":"2 people","value":"2","selected":false,"tempId":"aco_1472","price":"0","gt_translate_keys":["label"]},{"label":"3 people","value":"3","selected":false,"tempId":"aco_1500","price":"0","gt_translate_keys":["label"]},{"label":"4 people","value":"4","selected":false,"tempId":"aco_1510","price":"0","gt_translate_keys":["label"]},{"label":"5 people","value":"5","selected":false,"tempId":"aco_1520","price":"0","gt_translate_keys":["label"]},{"label":"6 people","value":"6","selected":false,"tempId":"aco_1728","price":"0","gt_translate_keys":["label"]},{"label":"7 people","value":"7","selected":false,"tempId":"aco_1738","price":"0","gt_translate_keys":["label"]},{"label":"8 people","value":"8","selected":false,"tempId":"aco_1748","price":"0","gt_translate_keys":["label"]}],"price":"","cl_rule":"show","col":6,"type":"select","error":false,"priceOptions":"different_for_all","pricingType":"fixed","is_show_price":false,"gt_translate_keys":["label","placeholder"],"price_dependency":["select_067811df876146"],"cl_dependency":false,"value":""}],[{"active":true,"col":6,"relations":false,"cl_rule":"show","enableCl":false,"price":"","enablePrice":true,"className":"","label_position":"default","desc_position":"default","type":"select","required":false,"elementId":"select_067811df876146","label":"\ud83c\udf57 Meal (+10\u20ac\/person)","name":"select_067811df876146","values":[{"label":"No","value":"No","selected":false,"tempId":"aco_2562","price":"","gt_translate_keys":["label"]},{"label":"Yes (+10\u20ac\/person)","value":"Yes","selected":false,"tempId":"aco_2563","price":"{field.select_667811df87613d.value}*10","gt_translate_keys":["label"]}],"dropdown_type":"basic","error":false,"description":"Snacks and drinks are included. If you want an extra meal, please select this option. The meal is marinated chicken with mojo potatoes and coleslaw. Payment due at arrival the day of the tour.","priceOptions":"different_for_all","pricingType":"custom","isTemplate":false,"is_show_price":true,"gt_translate_keys":["label","description"],"price_dependency":false,"cl_dependency":false,"value":""}]]},"sec_167811df876147":{"extra":{"key":"sec_167811df876147","section_id":"sec_167811df876147","name":"Pickup Location","status":1,"cl_rule":"show","enableCl":false,"relations":[],"toggle":true,"title_tag":"h4","show_title":false,"showPrice":"default","form_id":13536,"form_rules":{"exclude_from_discount":true,"fee_label":"Fee","disp_hide_options_price":true,"disp_show_section_price":false,"disp_show_field_price":true,"layout_option":"standard","pric_use_as_fee":false,"process_fee_as":"woo_fee"},"layout_option":"standard"},"fields":[[{"elementId":"separator_1067811df876152","separatorType":"blank","className":"","height":"3","enableCl":false,"relations":false,"cl_rule":"show","col":6,"type":"separator","error":false,"gt_translate_keys":[],"price_dependency":false,"cl_dependency":false,"value":""}],[{"active":true,"col":6,"relations":[{"operator":false,"rules":[{"operator":"AND","rules":{"cl_field":"radio-group_565c78ffa81208","cl_relation":"is","cl_val":"3 Hour Trip"}}]}],"cl_rule":"show","enableCl":false,"price":"","enablePrice":false,"className":"","label_position":"default","desc_position":"default","type":"select","required":false,"elementId":"select_667811df87615b","label":"\u23f0 Departure","name":"select_667811df87615b","values":[{"label":"09:00","value":"09:00","selected":false,"tempId":"aco_1471","gt_translate_keys":["label"]},{"label":"12:00","value":"12:00","selected":false,"tempId":"aco_1510","gt_translate_keys":["label"]},{"label":"15:00","value":"15:00","selected":false,"tempId":"aco_1738","gt_translate_keys":["label"]}],"dropdown_type":"basic","error":false,"placeholder":"Whichever Time is Best","gt_translate_keys":["label","placeholder"],"price_dependency":false,"cl_dependency":false,"value":""}],[{"elementId":"separator_767811df876165","separatorType":"blank","className":"","height":"1","enableCl":false,"relations":false,"cl_rule":"show","col":6,"type":"separator","gt_translate_keys":[],"price_dependency":false,"cl_dependency":false,"value":""}],[{"elementId":"separator_967811df876170","separatorType":"blank","className":"","height":"1","enableCl":false,"relations":false,"cl_rule":"show","col":6,"type":"separator","error":false,"gt_translate_keys":[],"price_dependency":false,"cl_dependency":false,"value":""}],[{"active":true,"col":6,"relations":false,"cl_rule":"show","enableCl":false,"price":"","enablePrice":false,"className":"","label_position":"default","desc_position":"default","type":"text","subtype":"text","required":false,"elementId":"text_967811df876178","label":"\ud83d\ude8c Pickup Location","name":"text_967811df876178","value":"","error":false,"description":"Pick-up service in some locations. Simply provide your address or hotel name. (+2\u20ac\/person paid at pickup to the driver)","gt_translate_keys":["label","description","value"],"price_dependency":false,"cl_dependency":false}]]}},"config":{"price_override":"always","enable_recaptcha":false,"bind_quantity":false,"quantity_bind_formula":false,"disp_summ_show_option_price":true,"disp_summ_show_product_price":false,"disp_summ_show_total_price":true,"disp_summ_show_fee":true,"disp_summ_show_discount":true,"summary_title":"","options_total_label":"Options Price","total_label":"Total Amount","options_product_label":"Product Price","fee_label":"Fee","discount_label":"Discount","has_price":true,"has_quantity_formula":false},"mc_unit":1,"tax_rate":1,"tax_rate_real":1,"discount":{"percentage":0,"fixed":0},"design":{"conf":{"LabelPosition":"above","DescPosition":"above","UploadField":"custom_1","QuantityFieldStyle":"custom_1"},"css":{"LeftLabelWidth":"120px"}},"formulas":{"fmla_1708364241278155361":"(({field.select_3666b1eb2b11fe.value}>=8)?(1400):(({field.select_3666b1eb2b11fe.value}>=7)?(1225):(({field.select_3666b1eb2b11fe.value}>=6)?(1050):(({field.select_3666b1eb2b11fe.value}>=5)?(875):(({field.select_3666b1eb2b11fe.value}>=4)?(700):(({field.select_3666b1eb2b11fe.value}>=3)?(500):(0)))))))","fmla_1718295979528641619":"(({field.select_3666b1eb2b11fe.value}>=8)?(280):(({field.select_3666b1eb2b11fe.value}>=7)?(205):(({field.select_3666b1eb2b11fe.value}>=6)?(150):(({field.select_3666b1eb2b11fe.value}>=5)?(175):(({field.select_3666b1eb2b11fe.value}>=4)?(200):(({field.select_3666b1eb2b11fe.value}>=3)?(150):(0)))))))"},"lookuptables":[],"clones":false,"cartKey":false}},"_links":{"self":[{"href":"https:\/\/canaryvip.com\/lt\/wp-json\/wp\/v2\/product\/12949","targetHints":{"allow":["GET"]}}],"collection":[{"href":"https:\/\/canaryvip.com\/lt\/wp-json\/wp\/v2\/product"}],"about":[{"href":"https:\/\/canaryvip.com\/lt\/wp-json\/wp\/v2\/types\/product"}],"replies":[{"embeddable":true,"href":"https:\/\/canaryvip.com\/lt\/wp-json\/wp\/v2\/comments?post=12949"}],"wp:featuredmedia":[{"embeddable":true,"href":"https:\/\/canaryvip.com\/lt\/wp-json\/wp\/v2\/media\/12950"}],"wp:attachment":[{"href":"https:\/\/canaryvip.com\/lt\/wp-json\/wp\/v2\/media?parent=12949"}],"wp:term":[{"taxonomy":"product_brand","embeddable":true,"href":"https:\/\/canaryvip.com\/lt\/wp-json\/wp\/v2\/product_brand?post=12949"},{"taxonomy":"product_cat","embeddable":true,"href":"https:\/\/canaryvip.com\/lt\/wp-json\/wp\/v2\/product_cat?post=12949"},{"taxonomy":"product_tag","embeddable":true,"href":"https:\/\/canaryvip.com\/lt\/wp-json\/wp\/v2\/product_tag?post=12949"}],"curies":[{"name":"wp","href":"https:\/\/api.w.org\/{rel}","templated":true}]}}