{"id":12784,"date":"2024-08-05T16:50:08","date_gmt":"2024-08-05T15:50:08","guid":{"rendered":"https:\/\/canaryvip.com\/?post_type=product&#038;p=12784"},"modified":"2025-08-09T14:08:37","modified_gmt":"2025-08-09T13:08:37","slug":"self-drive-boat-hire-tenerife","status":"publish","type":"product","link":"https:\/\/canaryvip.com\/lt\/shop\/self-drive-boat-hire-tenerife\/","title":{"rendered":"Savaranki\u0161ko vairavimo val\u010di\u0173 nuoma Tenerif\u0117je"},"content":{"rendered":"<h2>\ud83d\udea4 Savavald\u0117s valties nuoma be licencijos Tenerif\u0117je<\/h2>\n<p>Leiskit\u0117s \u012f vandens nuotykius i\u0161sinuomoj\u0119 savaranki\u0161kai vairuojam\u0105 valt\u012f <a href=\"https:\/\/canaryvip.com\/lt\/tenerife\/\">Tenerif\u0117<\/a>, puikiai tinka tiems, kurie trok\u0161ta savaranki\u0161kos navigacijos laisv\u0117s.<\/p>\n<p>I\u0161vykite i\u0161 vaizdingo <a href=\"https:\/\/www.google.com\/maps\/place\/Puerto+Col%C3%B3n\/@28.078002,-16.7394902,1078m\/data=!3m2!1e3!4b1!4m6!3m5!1s0xc6a9743509c9ebf:0xd62345524f768247!8m2!3d28.078002!4d-16.7369153!16s%2Fg%2F11c6cqryw_?authuser=0&amp;entry=tts&amp;g_ep=EgoyMDI0MDgwNC4wKgBIAVAD\" target=\"_blank\" rel=\"noopener\">Puerto Col\u00f3n<\/a>, kur gal\u0117site atrasti nuo\u0161alias vietas, kaitintis saul\u0117je arba surengti piknik\u0105 ant vandens, apsupti kri\u0161tolo skaidrumo Atlanto bang\u0173.<\/p>\n<p>\u012esivaizduokite, kad galite patys imtis vairo ir plaukioti nuostabiais Tenerif\u0117s vandenimis. Pajuskite v\u0117j\u0105 plaukuose ir saul\u0119 ant veido, kai patys nustatysite savo kurs\u0105. M\u016bs\u0173 valtyse gali plaukti iki 5 keleivi\u0173, tod\u0117l jos puikiai tinka pus\u0117s dienos nuomai arba visos dienos nuotykiams.<\/p>\n<h3>\ud83d\udea4 Tavo kelion\u0117, tavo \u012fsakymas<\/h3>\n<ul>\n<li><strong>Kompakti\u0161kas dizainas:<\/strong> M\u0117gaukit\u0117s eleganti\u0161ka ir patogia navigacija su m\u016bs\u0173 gerai pri\u017ei\u016brimomis valtimis.<\/li>\n<li><strong>Stulbinantys peiza\u017eai:<\/strong> Plaukite netoli gra\u017eaus Tenerif\u0117s La Caleta arba Diego Hernandezo papl\u016bdimio ir m\u0117gaukit\u0117s gyvybingu j\u016bros pasauliu.<\/li>\n<li><strong style=\"letter-spacing: 0em;\">Privat\u016bs panardinimai:<\/strong><span style=\"letter-spacing: 0em;\"> I\u0161meskite inkar\u0105 pasl\u0117ptose \u012flank\u0117l\u0117se, kuriose puikiai tinka maudytis, nardyti ar degintis.<\/span><\/li>\n<li><strong>U\u017ekand\u017eiai prie j\u016bros:<\/strong> Laisv\u0117 atsive\u017eti ir m\u0117gautis savo maistu laive sustiprina \u0161i\u0105 asmenin\u0119 savaranki\u0161ko vairavimo val\u010di\u0173 nuomos Tenerif\u0117je patirt\u012f.<\/li>\n<li><strong>Lengvas valdymas:<\/strong> D\u0117l patogaus dizaino ir stabili\u0173 plaukiojimo galimybi\u0173 m\u016bs\u0173 valtys tampa prieinamos visiems.<\/li>\n<\/ul>\n<h3>\u2728 Pagrindin\u0117 informacija apie j\u016bs\u0173 savaranki\u0161kai vairuojam\u0105 val\u010di\u0173 nuom\u0105<\/h3>\n<p><strong>Pritaikyta pagal j\u016bs\u0173 pageidavimus:<\/strong> Puikiai tinka poros poilsiui ar grup\u0117s i\u0161vykai - m\u016bs\u0173 valtys, kuriose telpa iki 5 \u017emoni\u0173, yra paruo\u0161tos bet kokiam renginiui. Pateikiamos i\u0161samios instrukcijos, u\u017etikrinan\u010dios saugi\u0105 ir maloni\u0105 patirt\u012f vandenyje.<\/p>\n<p><strong>Universalus pasirinkimas visiems:<\/strong> Idealiai tinka \u0161eimoms, draugams ar pavieniams keliautojams, nes m\u016bs\u0173 savaranki\u0161kai vairuojamos valtys be licencijos leid\u017eia patirti savaranki\u0161kumo ir vaizdingos prabangos derin\u012f Tenerif\u0117s pakrant\u0117s fone.<\/p>\n<h3>\ud83d\udea4 Pasiruo\u0161imas ekskursijai<\/h3>\n<p>Pasiruo\u0161kite nepamir\u0161tamai dienai j\u016broje su b\u016btiniausiais daiktais, pavyzd\u017eiui, maudymosi kostium\u0117liais ir kremu nuo saul\u0117s. Mes suteikiame visas b\u016btinas navigacines priemones, kad gal\u0117tum\u0117te susitelkti tik \u012f atradimo malonum\u0105.<\/p>\n<p>Nepamir\u0161kite fotoaparato, kad gal\u0117tum\u0117te \u012fam\u017einti kvap\u0105 gniau\u017eian\u010dius Tenerif\u0117s pakran\u010di\u0173 vaizdus ir apa\u010dioje klestin\u010di\u0105 vandens gyv\u016bnij\u0105.<\/p>\n<h3>\ud83d\udcdc At\u0161aukimo ir laive taikomos taisykl\u0117s<\/h3>\n<p><strong>Privati valtis chartija:<\/strong> Likus ne daugiau kaip 96 valandoms iki i\u0161vykimo at\u0161aukite kelion\u0119 nemokamai. Jei at\u0161auksite kelion\u0119 likus ma\u017eiau nei 72 valandoms, u\u017estatas nebus gr\u0105\u017einamas.<\/p>\n<p><strong>Bendra kelion\u0117:<\/strong> Nemokamas at\u0161aukimas likus ne daugiau kaip 48 valandoms iki planuoto i\u0161vykimo. Jei at\u0161auksite v\u0117liau arba nepasirodysite, u\u017estatas bus prarastas.<\/p>\n<p><strong>\ud83c\udf26\ufe0f Orai ir ma\u017eiausias dalyvi\u0173 skai\u010dius:<\/strong> Esant blogoms oro s\u0105lygoms arba nesusirinkus pakankamai dalyvi\u0173, galite susigr\u0105\u017einti vis\u0105 sumok\u0117t\u0105 sum\u0105 arba perkelti kelion\u0119 \u012f kit\u0105 dat\u0105.<\/p>\n<p><strong>\ud83d\udea2 Taisykl\u0117s laive:<\/strong> Pra\u0161ome atvykti laiku! Pinigai negr\u0105\u017einami u\u017e pav\u0117luot\u0105 atvykim\u0105 arba mar\u0161ruto pakeitim\u0105 d\u0117l j\u016bros ligos.<\/p>\n<h3>\ud83d\ude99 Prad\u017eios vieta ir automobili\u0173 stov\u0117jimo aik\u0161tel\u0117<\/h3>\n<p><strong>Prad\u0117kite nuo <a href=\"https:\/\/www.google.com\/maps\/place\/Puerto+Col%C3%B3n\/@28.078002,-16.7394902,1078m\/data=!3m2!1e3!4b1!4m6!3m5!1s0xc6a9743509c9ebf:0xd62345524f768247!8m2!3d28.078002!4d-16.7369153!16s%2Fg%2F11c6cqryw_?authuser=0&amp;entry=tts&amp;g_ep=EgoyMDI0MDgwNC4wKgBIAVAD\" target=\"_blank\" rel=\"noopener\">Puerto Col\u00f3n<\/a>:<\/strong> J\u016bs\u0173 j\u016brinis nuotykis prasideda <strong>Puerto Col\u00f3n<\/strong>Uoste yra daug automobili\u0173 stov\u0117jimo aik\u0161teli\u0173, tod\u0117l lengvai prad\u0117site dien\u0105. Atvykite \u0161iek tiek anks\u010diau, kad kelion\u0119 prad\u0117tum\u0117te neskub\u0117dami.<\/p>\n<h3>\ud83c\udf1f CanaryVIP pasi\u017ead\u0117jimas jums<\/h3>\n<p>\"CanaryVIP\" teikiame pirmenyb\u0119 j\u016bs\u0173 pasitenkinimui. U\u017esisakydami savaranki\u0161kai valdomos valties nuom\u0105, m\u0117gaukit\u0117s pritaikomomis at\u0161aukimo taisykl\u0117mis, u\u017etikrinan\u010diomis saugum\u0105. Esame pasiry\u017e\u0119 teikti i\u0161skirtines paslaugas, daugiausia d\u0117mesio skirdami saugumui ir norui pagerinti j\u016bs\u0173 \u012fsp\u016bd\u017eius apie didingus Tenerif\u0117s vandenis.<\/p>\n<p>Leiskit\u0117s \u012f nuotykius su savaranki\u0161kai be licencijos vairuojamu laivu, plaukiokite nuostabioje Tenerif\u0117s j\u016broje ir atraskite pasl\u0117ptas Tenerif\u0117s pakrant\u0117s brangenybes. <strong>Puerto Col\u00f3n.<\/strong><\/p>\n<p>U\u017esisakykite dar \u0161iandien ir leiskit\u0117s \u012f i\u0161skirtin\u012f j\u016brin\u012f nuotyk\u012f, kuriame dera nepriklausomyb\u0117, komfortas ir nepaliestas Kanar\u0173 sal\u0173 gro\u017eis. Rezervuokite dabar ir kurkite nei\u0161dildomus prisiminimus j\u016broje!<\/p>","protected":false},"excerpt":{"rendered":"<p><strong>\ud83d\udd0d Savaranki\u0161kai vairuojama valtis:<\/strong><br \/>\n<span>\u2705 Saugus mok\u0117jimas.<\/span><br \/>\n<span>\ud83e\udeaa Be laivo licencijos.<\/span><br \/>\n<span>\ud83d\udee5\ufe0f 5 metr\u0173 ilgio.<\/span><br \/>\n<span>\u23f3 Dienos nuoma 2-8 val.<br \/>\n\u26fd \u012etrauktas benzinas<\/span><br \/>\n<span>\ud83d\udd59 Pritaikomas i\u0161vykimo laikas.<\/span><br \/>\n<span>\ud83d\udc65 Iki 5 sve\u010di\u0173.<\/span><br \/>\n<span>\ud83e\udd3f Nardymo \u012franga.<\/span><br \/>\n<span>\ud83e\udd11 Garantuojama geriausia kaina.<\/span><br \/>\n<span>\ud83d\udc6a Suaktyvintos nuolaidos.<\/span><br \/>\n<span>\ud83d\udd01 At\u0161aukimas iki 4 dien\u0173.<\/span><br \/>\n<span>\ud83c\udf0d Daugiakalbis palaikymas.<\/span><br \/>\n<span>\ud83c\udf1f U\u017esisakykite anks\u010diau ir sutaupykite!<br \/>\n\ud83d\udccd I\u0161vykimas i\u0161 <a href=\"https:\/\/maps.app.goo.gl\/3EAT9KE3yNKvnqsz7\" target=\"_blank\" rel=\"noopener\">Puerto Col\u00f3n<\/a>.<br \/>\n<\/span><\/p>","protected":false},"featured_media":14654,"comment_status":"open","ping_status":"closed","template":"","meta":{"_acf_changed":false},"product_brand":[],"product_cat":[130],"product_tag":[],"class_list":{"0":"post-12784","1":"product","2":"type-product","3":"status-publish","4":"has-post-thumbnail","6":"product_cat-self-drive-boat-hire","7":"wcpa_has_options","9":"first","10":"instock","11":"sale","12":"virtual","13":"purchasable","14":"product-type-simple"},"acf":[],"wcpa_form_fields":{"wcpaData":{"product":{"product_price":180,"price_html":"From&nbsp;<del aria-hidden=\"true\"><span class=\"woocommerce-Price-amount amount\"><bdi>200,00&nbsp;<span class=\"woocommerce-Price-currencySymbol\">&euro;<\/span><\/bdi><\/span><\/del> <span class=\"screen-reader-text\">Pradin\u0117 kaina buvo: 200,00&nbsp;&euro;.<\/span><ins aria-hidden=\"true\"><span class=\"woocommerce-Price-amount amount\"><bdi>180,00&nbsp;<span class=\"woocommerce-Price-currencySymbol\">&euro;<\/span><\/bdi><\/span><\/ins><span class=\"screen-reader-text\">Dabartin\u0117 kaina yra: 180,00&nbsp;&euro;.<\/span>","original_product_price":200,"price_including_tax":180,"price_excluding_tax":180,"product_id":{"parent":12784,"variation":false},"is_variable":false,"stock_status":"instock","stock_quantity":null,"parent_sku":"CV12784","product_attributes":[],"custom_fields":[],"is_taxable":false,"product_name":"Self Drive Boat Hire Tenerife","hasImage":false},"fields":{"sec_666b2beb820739":{"extra":{"key":"sec_666b2beb820739","section_id":"sec_666b2beb820739","name":"Default","status":1,"cl_rule":"show","enableCl":false,"relations":[],"toggle":true,"title_tag":"h3","show_title":false,"showPrice":"default","form_id":12811,"form_rules":{"exclude_from_discount":true,"fee_label":"Fee","disp_hide_options_price":true,"disp_show_section_price":false,"disp_show_field_price":true,"layout_option":"standard","pric_use_as_fee":false,"process_fee_as":"woo_fee"},"layout_option":"standard"},"fields":[[{"label":"\ud83d\udcc5 Date","active":true,"required":true,"elementId":"date_466b2beb820758","picker_type":"custom","picker_mode":"single","placeholder":"","description":"","tooltip":"","name":"date_466b2beb820758","label_position":"default","desc_position":"default","enablePrice":false,"className":"","enableCl":false,"relations":[{"operator":"and","rules":[{"operator":"AND","rules":{"cl_field":"radio-group_565c78ffa81208","cl_relation":"is","cl_val":"3 Hour Trip"}}]}],"date_pic_inline":true,"date_pic_inline_hide":true,"min_date":{"type":"days","val":"0"},"max_date":{"type":"days","val":"365"},"date_pic_conf":{"disabledWeeks":[],"disabledDates":[]},"price":"","cl_rule":"show","col":6,"type":"date","error":false,"enableDesign":false,"LabelColor":"","gt_translate_keys":["label","placeholder","description","tooltip"],"price_dependency":false,"cl_dependency":false,"value":""}],[{"contentType":"rich","active":true,"label":"","elementId":"content_466b2beb820766","value":"<p>\ud83c\udf9f\ufe0f <strong>Reservation<\/strong>: Pay only a deposit now to reserve; the rest is due on the day of the activity upon arrival.<\/p>","inline":false,"name":"content_466b2beb820766","enablePrice":false,"className":"","subtype":"p","enableCl":false,"relations":false,"price":"","cl_rule":"show","col":6,"type":"content","error":false,"pricingType":"custom","isTemplate":false,"is_show_price":true,"show_in_checkout":true,"gt_translate_keys":["label","value"],"price_dependency":false,"cl_dependency":false}],[{"active":true,"col":6,"relations":false,"cl_rule":"show","enableCl":false,"price":"","enablePrice":true,"className":"","label_position":"default","desc_position":"default","type":"select","required":true,"elementId":"select_366b2beb82077c","label":"\u23f3 Trip Duration","name":"select_366b2beb82077c","values":[{"label":"2 Hours (180\u20ac)","value":"2","selected":false,"tempId":"aco_85","price":"180","gt_translate_keys":["label"]},{"label":"3 Hours (250\u20ac)","value":"3","selected":false,"tempId":"aco_556","price":"250","gt_translate_keys":["label"]},{"label":"4 Hours (320\u20ac)","value":"4","selected":false,"tempId":"aco_605","price":"320","gt_translate_keys":["label"]},{"label":"5 Hours (390\u20ac)","value":"5","selected":false,"tempId":"aco_724","price":"390","gt_translate_keys":["label"]},{"label":"6 Hours (460\u20ac)","value":"6","selected":false,"tempId":"aco_401","price":"460","gt_translate_keys":["label"]}],"dropdown_type":"basic","error":false,"placeholder":"Select Trip Duration","priceOptions":"different_for_all","pricingType":"fixed","is_show_price":true,"gt_translate_keys":["label","placeholder"],"price_dependency":["content_266b2beb82078f","content_266b2beb820799"],"cl_dependency":false,"value":""}],[{"active":true,"col":6,"relations":false,"cl_rule":"show","enableCl":false,"price":"","enablePrice":false,"className":"","label_position":"default","desc_position":"default","type":"separator","required":false,"elementId":"separator_8240912106","label":"Separator Field","height":"3","separatorType":"fill","error":false,"separatorColor":"#66a5b6","gt_translate_keys":["label"],"price_dependency":false,"cl_dependency":false,"value":""}],[{"active":true,"col":6,"relations":false,"cl_rule":"show","enableCl":false,"price":"({field.select_366b2beb82077c.price}*0.2)+({field.select_166b2beb820786.price}*0.1)","enablePrice":true,"className":"","label_position":"default","desc_position":"default","type":"content","required":false,"elementId":"content_266b2beb82078f","label":"Deposit Payment","name":"content_266b2beb82078f","contentType":"plain","value":"","error":false,"pricingType":"custom","isTemplate":true,"is_show_price":false,"enableDesign":true,"scrollBar":false,"use_as_fee":false,"fee_label":"Payment Now","inline":true,"show_in_checkout":true,"subtype":"div","formulaId":"fmla_1708364241278155361","LabelSize":"14px","gt_translate_keys":["label","value"],"price_dependency":["content_466b2beb8207a2"],"cl_dependency":false}],[{"contentType":"plain","active":true,"label":"Payment at Arrival","elementId":"content_266b2beb820799","value":"","inline":true,"show_in_checkout":true,"name":"content_266b2beb820799","enablePrice":true,"className":"","fee_label":"Payment at Arrival","subtype":"div","enableCl":false,"relations":false,"scrollBar":false,"enableDesign":true,"pricingType":"custom","isTemplate":true,"price":"({field.select_366b2beb82077c.price}*0.8)+({field.select_166b2beb820786.price}*0.9)","use_as_fee":false,"is_show_price":true,"cl_rule":"show","col":6,"type":"content","error":false,"formulaId":"fmla_172299064258378161","LabelSize":"14px","gt_translate_keys":["label","value"],"price_dependency":["content_466b2beb8207a2"],"cl_dependency":false}],[{"contentType":"plain","active":true,"label":"Total Price","elementId":"content_466b2beb8207a2","value":"","inline":true,"show_in_checkout":true,"name":"content_466b2beb8207a2","enablePrice":true,"className":"","fee_label":"Payment at Arrival","subtype":"div","enableCl":false,"relations":false,"scrollBar":false,"enableDesign":true,"LabelSize":"14px","pricingType":"custom","isTemplate":false,"price":"({field.content_266b2beb82078f.price})+({field.content_266b2beb820799.price})","formulaId":"fmla_1708360988969136756","use_as_fee":false,"is_show_price":true,"cl_rule":"show","col":6,"type":"content","error":false,"gt_translate_keys":["label","value"],"price_dependency":false,"cl_dependency":false}],[{"elementId":"separator-8320172123","separatorType":"fill","separatorColor":"#66a5b6","className":"","height":"3","enableCl":false,"relations":false,"cl_rule":"show","col":6,"type":"separator","gt_translate_keys":[],"price_dependency":false,"cl_dependency":false,"value":""}],[{"active":true,"col":6,"relations":[{"operator":false,"rules":[{"operator":"AND","rules":{"cl_field":"radio-group_565c78ffa81208","cl_relation":"is","cl_val":"3 Hour Trip"}}]}],"cl_rule":"show","enableCl":false,"price":"","enablePrice":false,"className":"","label_position":"default","desc_position":"default","type":"select","required":false,"elementId":"select_866b2beb8207ab","label":"\u23f0 Departure Time","name":"select_866b2beb8207ab","values":[{"label":"9:30","value":"9:30","selected":false,"tempId":"aco_1471","gt_translate_keys":["label"]},{"label":"10:30","value":"10:30","selected":false,"tempId":"aco_1472","gt_translate_keys":["label"]},{"label":"11:30","value":"11:30","selected":false,"tempId":"aco_1500","gt_translate_keys":["label"]},{"label":"12:30","value":"12:30","selected":false,"tempId":"aco_1510","gt_translate_keys":["label"]},{"label":"13:30","value":"13:30","selected":false,"tempId":"aco_1520","gt_translate_keys":["label"]},{"label":"14:30","value":"14:30","selected":false,"tempId":"aco_1728","gt_translate_keys":["label"]},{"label":"15:30","value":"15:30","selected":false,"tempId":"aco_1738","gt_translate_keys":["label"]}],"dropdown_type":"basic","error":false,"placeholder":"Whichever Time is Best","gt_translate_keys":["label","placeholder"],"price_dependency":false,"cl_dependency":false,"value":""}],[{"elementId":"separator_266b2beb8207b5","separatorType":"blank","className":"","height":"1","enableCl":false,"relations":false,"cl_rule":"show","col":6,"type":"separator","gt_translate_keys":[],"price_dependency":false,"cl_dependency":false,"value":""}],[{"label":"\u2705 Number of People","active":true,"required":true,"elementId":"select_466b2beb8207be","dropdown_type":"basic","placeholder":"Select Number of People","name":"select_466b2beb8207be","label_position":"default","desc_position":"default","enablePrice":false,"className":"","enableCl":false,"relations":[{"operator":false,"rules":[{"operator":"AND","rules":{"cl_field":"radio-group_565c78ffa81208","cl_relation":"is","cl_val":"3 Hour Trip"}}]}],"values":[{"label":"1 person","value":"1","selected":false,"tempId":"aco_1471","gt_translate_keys":["label"]},{"label":"2 people","value":"2","selected":false,"tempId":"aco_1472","gt_translate_keys":["label"]},{"label":"3 people","value":"3","selected":false,"tempId":"aco_1500","gt_translate_keys":["label"]},{"label":"4 people","value":"4","selected":false,"tempId":"aco_1510","gt_translate_keys":["label"]},{"label":"5 people","value":"5","selected":false,"tempId":"aco_1520","gt_translate_keys":["label"]},{"label":"6 people","value":"6","selected":false,"tempId":"aco_2006","gt_translate_keys":["label"]}],"price":"","cl_rule":"show","col":6,"type":"select","error":false,"gt_translate_keys":["label","placeholder"],"price_dependency":false,"cl_dependency":false,"value":""}]]}},"config":{"price_override":"always","enable_recaptcha":false,"bind_quantity":false,"quantity_bind_formula":false,"disp_summ_show_option_price":true,"disp_summ_show_product_price":false,"disp_summ_show_total_price":false,"disp_summ_show_fee":true,"disp_summ_show_discount":true,"summary_title":"","options_total_label":"Options Price","total_label":"Total Amount","options_product_label":"Product Price","fee_label":"Fee","discount_label":"Discount","has_price":true,"has_quantity_formula":false},"mc_unit":1,"tax_rate":1,"tax_rate_real":1,"discount":{"percentage":0,"fixed":0},"design":{"conf":{"LabelPosition":"above","DescPosition":"above","UploadField":"custom_1","QuantityFieldStyle":"custom_1"},"css":{"LeftLabelWidth":"120px"}},"formulas":{"fmla_1708364241278155361":"(({field.select_366b2beb82077c.value}>=6)?(130):(({field.select_366b2beb82077c.value}>=5)?(110):(({field.select_366b2beb82077c.value}>=4)?(90):(({field.select_366b2beb82077c.value}>=3)?(70):(({field.select_366b2beb82077c.value}>=2)?(60):(0))))))","fmla_172299064258378161":"(({field.select_366b2beb82077c.value}>=6)?(330):(({field.select_366b2beb82077c.value}>=5)?(280):(({field.select_366b2beb82077c.value}>=4)?(230):(({field.select_366b2beb82077c.value}>=3)?(180):(({field.select_366b2beb82077c.value}>=2)?(120):(0))))))"},"lookuptables":[],"clones":false,"cartKey":false}},"_links":{"self":[{"href":"https:\/\/canaryvip.com\/lt\/wp-json\/wp\/v2\/product\/12784","targetHints":{"allow":["GET"]}}],"collection":[{"href":"https:\/\/canaryvip.com\/lt\/wp-json\/wp\/v2\/product"}],"about":[{"href":"https:\/\/canaryvip.com\/lt\/wp-json\/wp\/v2\/types\/product"}],"replies":[{"embeddable":true,"href":"https:\/\/canaryvip.com\/lt\/wp-json\/wp\/v2\/comments?post=12784"}],"wp:featuredmedia":[{"embeddable":true,"href":"https:\/\/canaryvip.com\/lt\/wp-json\/wp\/v2\/media\/14654"}],"wp:attachment":[{"href":"https:\/\/canaryvip.com\/lt\/wp-json\/wp\/v2\/media?parent=12784"}],"wp:term":[{"taxonomy":"product_brand","embeddable":true,"href":"https:\/\/canaryvip.com\/lt\/wp-json\/wp\/v2\/product_brand?post=12784"},{"taxonomy":"product_cat","embeddable":true,"href":"https:\/\/canaryvip.com\/lt\/wp-json\/wp\/v2\/product_cat?post=12784"},{"taxonomy":"product_tag","embeddable":true,"href":"https:\/\/canaryvip.com\/lt\/wp-json\/wp\/v2\/product_tag?post=12784"}],"curies":[{"name":"wp","href":"https:\/\/api.w.org\/{rel}","templated":true}]}}