{"id":12210,"date":"2024-07-03T15:52:34","date_gmt":"2024-07-03T14:52:34","guid":{"rendered":"https:\/\/canaryvip.com\/?post_type=product&#038;p=12210"},"modified":"2025-08-09T14:02:34","modified_gmt":"2025-08-09T13:02:34","slug":"magic-island-yacht-charter-gran-canaria","status":"publish","type":"product","link":"https:\/\/canaryvip.com\/lt\/shop\/magic-island-yacht-charter-gran-canaria\/","title":{"rendered":"Magic Island: Jacht\u0173 nuoma<br\/> Gran Kanarija"},"content":{"rendered":"<h2>\ud83d\udee5\ufe0f Magic Island Jacht\u0173 nuoma Gran Kanarijoje su CanaryVIP<\/h2>\n<p>Pa\u017einkite Kanar\u0173 sal\u0173 gro\u017e\u012f patogiai \u012fsitais\u0119 <strong>prabangi jachta<\/strong> su m\u016bs\u0173 Magic Island jacht\u0173 nuoma Gran Kanarijoje. \u0160is <strong>privati kelion\u0117 laivu<\/strong> palei kvap\u0105 gniau\u017eian\u010di\u0105 pietvakarin\u0119 Gran Kanarijos pakrant\u0119 puikiai tinka \u0161eimoms, draugams ir visiems, ie\u0161kantiems VIP nuotyki\u0173. CanaryVIP u\u017etikrina skland\u0173 u\u017esakym\u0105 j\u016bs\u0173 svajoni\u0173 dienai j\u016broje.<\/p>\n<h3>\u2b50\ufe0f Kod\u0117l verta rinktis Magic Island jacht\u0173 nuom\u0105 Gran Kanarijoje<\/h3>\n<p>\u0160tai kas lemia, kad Magic Island jachta yra i\u0161skirtinis pasirinkimas j\u016bs\u0173 kitai <strong>val\u010di\u0173 nuoma Gran Kanarijoje<\/strong>:<\/p>\n<h4><strong>I\u0161skirtin\u0117 privati patirtis<\/strong><\/h4>\n<p>M\u0117gaukit\u0117s kri\u0161tolo skaidrumo Atlanto vandenyno vandenimis visi\u0161kame privatume. Jachtoje Magic Island telpa iki 12 sve\u010di\u0173, tod\u0117l ji puikiai tinka \u0161vent\u0117ms, \u0161eimos i\u0161vykoms ar net verslo renginiams.<\/p>\n<h4><strong>Komfortas ir stilius<\/strong><\/h4>\n<p>Atsipalaiduokite jaukiame ir eleganti\u0161kame interjere, kuriame yra nedidelis miegamasis, tualetas, patog\u016bs s\u0117dimieji baldai ir valgomojo zona. Skanaukite Kanar\u0173 saul\u0119 vir\u0161utin\u0117je saul\u0117s terasoje arba ils\u0117kit\u0117s pav\u0117syje plaukdami palei vulkanin\u0119 pakrant\u0119.<\/p>\n<h4><strong>\u012esp\u016bdingos vandens pramogos<\/strong><\/h4>\n<p>Pagerinkite savo patirt\u012f, naudodamiesi \u012f u\u017esakym\u0105 \u012ftraukta smagia veikla:<\/p>\n<ul>\n<li><strong>\ud83e\udd3f Nardymo \u012franga:<\/strong> Tyrin\u0117kite povandenin\u012f pasaul\u012f su laive esan\u010dia \u012franga.<\/li>\n<li><strong>\ud83c\udf4c Pasiplaukiojimas banan\u0173 valtimi:<\/strong> \u012etraukite \u012f kelion\u0119 \u0161iek tiek adrenalino ir u\u017esiimkite \u0161ia jaudinan\u010dia veikla, kuri \u012ftraukta be joki\u0173 papildom\u0173 i\u0161laid\u0173.<\/li>\n<\/ul>\n<h3>\ud83d\udea4 Magic Island Kelion\u0117s jachta parinktys<\/h3>\n<p>Pasirinkite vien\u0105 i\u0161 dviej\u0173 kelioni\u0173 trukm\u0117s variant\u0173, atitinkan\u010di\u0173 j\u016bs\u0173 tvarkara\u0161t\u012f ir pageidavimus:<\/p>\n<ul>\n<li><strong>3 valand\u0173 ekskursija:<\/strong> Puikiai tinka trumpai, bet maloniai susipa\u017einti su Gran Kanarijos pakrant\u0117s gro\u017eiu. Plaukiokite, nardykite ir m\u0117gaukit\u0117s saule.<\/li>\n<li><strong>5 valand\u0173 kelion\u0117:<\/strong> Jei norite patirti daugiau \u012fsp\u016bd\u017ei\u0173, neskub\u0117kite tyrin\u0117ti pakrant\u0117s, m\u0117gaukit\u0117s vandens pramogomis ir atsipalaiduokite laive su u\u017ekand\u017eiais ir g\u0117rimais.<\/li>\n<\/ul>\n<h3>\ud83e\udd42 Kas \u012fskai\u010diuota \u012f j\u016bs\u0173 jachtos nuom\u0105<\/h3>\n<p>J\u016bs\u0173 <strong>jacht\u0173 nuoma Gran Kanarijoje<\/strong> apima:<\/p>\n<ul>\n<li>U\u017ekand\u017eiai, pavyzd\u017eiui, tra\u0161ku\u010diai ir rie\u0161utai.<\/li>\n<li>G\u0117rimai i\u0161 atviro baro, \u012fskaitant al\u0173, gaiviuosius g\u0117rimus, vanden\u012f ir sultis.<\/li>\n<li>Nardymo \u012franga ir smagus pasiplaukiojimas banan\u0173 valtimi.<\/li>\n<li>Pageidaujant galima u\u017esisakyti pietus (10 EUR asmeniui, nurodykite u\u017esakymo metu).<\/li>\n<li>Profesionali \u012fgula, laisvai kalbanti angli\u0161kai ir ispani\u0161kai, u\u017etikrinanti j\u016bs\u0173 komfort\u0105 ir saugum\u0105 visos kelion\u0117s metu.<\/li>\n<\/ul>\n<h3>\ud83d\udccd I\u0161sami informacija apie i\u0161vykim\u0105<\/h3>\n<ul>\n<li><strong>Vieta:<\/strong> <a href=\"https:\/\/maps.app.goo.gl\/iZBybc3i384tdR816\" target=\"_blank\" rel=\"noopener\">Puerto Baz\u0117 Puerto Rike<\/a>, Gran Kanarija.<\/li>\n<li><strong>Laikas:<\/strong> Pasirinkite i\u0161vykim\u0105 9:00 arba 14:00 val.<\/li>\n<li><strong>Transportas:<\/strong> Pasirinktin\u0117 pa\u0117mimo paslauga teikiama tik u\u017e 2 eurus asmeniui.<\/li>\n<\/ul>\n<p>Rekomenduojame atvykti likus bent 15 minu\u010di\u0173 iki i\u0161vykimo, kad nuotykio prad\u017eia b\u016bt\u0173 sklandi.<\/p>\n<h3>\u2705 Skaidri at\u0161aukimo politika<\/h3>\n<p>Suprantame, kad planai gali pasikeisti, tod\u0117l m\u016bs\u0173 at\u0161aukimo politika sukurta taip, kad gal\u0117tum\u0117te b\u016bti ram\u016bs:<\/p>\n<ul>\n<li><strong>Or\u0173 garantija:<\/strong> Jei oro s\u0105lygos bus nesaugios, gal\u0117site pakeisti kelion\u0117s dat\u0105 arba atgauti vis\u0105 sumok\u0117t\u0105 sum\u0105.<\/li>\n<li><strong>Lankstus at\u0161aukimas:<\/strong> Likus 8 dienoms iki kelion\u0117s nemokamai at\u0161aukite arba pakeiskite jos tvarkara\u0161t\u012f. U\u017estatas negr\u0105\u017einamas, jei kelion\u0117 at\u0161aukiama likus 8 dienoms iki numatytos i\u0161vykimo dienos.<\/li>\n<\/ul>\n<h3>\ud83d\udc68\u200d\u2708\ufe0f Patarimai j\u016bs\u0173 Magic Island nuotykiui<\/h3>\n<p>Pasinaudokite \u0161iais paprastais patarimais, kad diena b\u016bt\u0173 kuo naudingesn\u0117:<\/p>\n<ul>\n<li>Su savimi tur\u0117kite maudymosi kostiumus, rank\u0161luost\u012f ir krem\u0105 nuo saul\u0117s.<\/li>\n<li>D\u0117v\u0117kite patogius, oro s\u0105lygoms tinkamus drabu\u017eius.<\/li>\n<li>Pasiruo\u0161kite CanaryVIP biliet\u0105 telefone arba j\u012f atsispausdinkite.<\/li>\n<li>Kad i\u0161vengtum\u0117te j\u016bros ligos, prie\u0161 tai lengvai pavalgykite.<\/li>\n<\/ul>\n<h3>\ud83c\udf1f Kod\u0117l verta u\u017esisakyti su CanaryVIP<\/h3>\n<p>\"CanaryVIP\" specializuojam\u0117s teikdami geriausias galimybes <a href=\"https:\/\/canaryvip.com\/lt\/gran-canaria\/\"><strong>val\u010di\u0173 nuoma Gran Kanarijoje<\/strong><\/a>. Nuo prabangi\u0173 jacht\u0173, toki\u0173 kaip Magic Island, iki kit\u0173 specialiai jums pritaikyt\u0173 ekskursij\u0173, mes jums pad\u0117sime lengvai sukurti nepamir\u0161tamus prisiminimus ant vandens.<\/p>\n<p>U\u017esisakykite <strong>Magic Island jacht\u0173 nuoma<\/strong> \u0161iandien ir leiskit\u0117s \u012f dien\u0105, kupin\u0105 pramog\u0173, atsipalaidavimo ir kvap\u0105 gniau\u017eian\u010di\u0173 Gran Kanarijos pakrant\u0117s vaizd\u0173.<\/p>\n<p>\ud83d\udc49 <span>Rezervuoti<\/span><span> Dabar<\/span> ir pagerinkite savo atostog\u0173 patirt\u012f!<\/p>","protected":false},"excerpt":{"rendered":"<p><strong>\ud83d\udd0d Magic Island Gran Kanarija:<\/strong><br \/>\n\u2705 Saugus mok\u0117jimas.<br \/>\n\ud83d\udd10 Priva\u010dios ekskursijos.<br \/>\n\ud83d\udee5\ufe0f 18m Yacht Comfort.<br \/>\n\u23f3 Kasdien\u0117s ekskursijos po 3H ir 5H.<br \/>\n\ud83d\udd59 Pritaikomas i\u0161vykimo laikas.<br \/>\n\ud83d\udc65 Iki 12 sve\u010di\u0173.<br \/>\n\ud83c\udfc4\u200d\u2640\ufe0f \u012etrauktos irklent\u0117s.<br \/>\n\ud83e\udd3f Snorkeliavimo \u012franga suteikiama.<br \/>\n\ud83d\udd0a Groti muzik\u0105.<br \/>\n\ud83d\ude8c Pasi\u0117mimas ir i\u0161ve\u017eimas.<br \/>\n\ud83e\udd11 Garantuojama geriausia kaina.<br \/>\n\ud83d\udc6a Suaktyvintos nuolaidos.<br \/>\n\ud83d\udd01 At\u0161aukimas iki 8 dien\u0173.<br \/>\n\ud83c\udf0d Daugiakalb\u0117 \u012fgula.<br \/>\n\ud83c\udf1f U\u017esisakykite anks\u010diau ir sutaupykite!<br \/>\n\ud83d\udccd I\u0161vykimas i\u0161 <a href=\"https:\/\/maps.app.goo.gl\/836RSsqAzbptb2Qy5\">Puerto baz\u0117<\/a>.<\/p>","protected":false},"featured_media":12212,"comment_status":"open","ping_status":"closed","template":"","meta":{"_acf_changed":false},"product_brand":[],"product_cat":[132],"product_tag":[],"class_list":{"0":"post-12210","1":"product","2":"type-product","3":"status-publish","4":"has-post-thumbnail","6":"product_cat-boat-hire-gran-canaria","7":"wcpa_has_options","9":"first","10":"instock","11":"virtual","12":"purchasable","13":"product-type-simple"},"acf":[],"wcpa_form_fields":{"wcpaData":{"product":{"product_price":550,"price_html":"From&nbsp;<span class=\"woocommerce-Price-amount amount\"><bdi>550,00&nbsp;<span class=\"woocommerce-Price-currencySymbol\">&euro;<\/span><\/bdi><\/span>","original_product_price":550,"price_including_tax":550,"price_excluding_tax":550,"product_id":{"parent":12210,"variation":false},"is_variable":false,"stock_status":"instock","stock_quantity":null,"parent_sku":"CV12210","product_attributes":[],"custom_fields":[],"is_taxable":false,"product_name":"Magic Island: Yacht Hire<br\/> Gran Canaria","hasImage":false},"fields":{"sec_26686cb82841ff":{"extra":{"key":"sec_26686cb82841ff","section_id":"sec_26686cb82841ff","name":"Default","status":1,"cl_rule":"show","enableCl":false,"relations":[],"toggle":true,"title_tag":"h3","show_title":false,"showPrice":"default","form_id":12242,"form_rules":{"exclude_from_discount":true,"fee_label":"Fee","disp_hide_options_price":true,"disp_show_section_price":false,"disp_show_field_price":true,"layout_option":"standard","pric_use_as_fee":false,"process_fee_as":"woo_fee"},"layout_option":"standard"},"fields":[[{"label":"\ud83d\udcc5 Date","active":true,"required":true,"elementId":"date_56686cb8284220","picker_type":"custom","picker_mode":"single","placeholder":"","description":"","tooltip":"","name":"date_56686cb8284220","label_position":"default","desc_position":"default","enablePrice":false,"className":"","enableCl":false,"relations":[{"operator":"and","rules":[{"operator":"AND","rules":{"cl_field":"radio-group_565c78ffa81208","cl_relation":"is","cl_val":"3 Hour Trip"}}]}],"date_pic_inline":true,"date_pic_inline_hide":true,"min_date":{"type":"days","val":"2"},"max_date":{"type":"days","val":"365"},"date_pic_conf":{"disabledWeeks":[]},"price":"","cl_rule":"show","col":6,"type":"date","error":false,"enableDesign":false,"LabelColor":"","gt_translate_keys":["label","placeholder","description","tooltip"],"price_dependency":false,"cl_dependency":false,"value":""}],[{"elementId":"separator_26686cb828423c","separatorType":"blank","className":"","height":"3","enableCl":false,"relations":false,"cl_rule":"show","col":6,"type":"separator","error":false,"gt_translate_keys":[],"price_dependency":false,"cl_dependency":false,"value":""}],[{"active":true,"col":6,"relations":false,"cl_rule":"show","enableCl":false,"price":"","enablePrice":true,"className":"","label_position":"default","desc_position":"default","type":"select","required":true,"elementId":"select_36686cb8284247","label":"\u23f3 Trip Duration","name":"select_36686cb8284247","values":[{"label":"3 Hours (550\u20ac)","value":"3","selected":false,"tempId":"aco_556","price":"550","gt_translate_keys":["label"]},{"label":"5 Hours (995\u20ac)","value":"5","selected":false,"tempId":"aco_122","price":"995","gt_translate_keys":["label"]}],"dropdown_type":"basic","error":false,"placeholder":"Select Trip Duration","priceOptions":"different_for_all","pricingType":"fixed","is_show_price":false,"gt_translate_keys":["label","placeholder"],"price_dependency":false,"cl_dependency":false,"value":""}],[{"label":"\u2705 Number of People","active":true,"required":true,"elementId":"select_76686cb828429b","dropdown_type":"basic","placeholder":"Select Number of People","name":"select_76686cb828429b","label_position":"default","desc_position":"default","enablePrice":true,"className":"","enableCl":false,"relations":[{"operator":false,"rules":[{"operator":"AND","rules":{"cl_field":"radio-group_565c78ffa81208","cl_relation":"is","cl_val":"3 Hour Trip"}}]}],"values":[{"label":"1 person","value":"1","selected":false,"tempId":"aco_1471","price":"0","gt_translate_keys":["label"]},{"label":"2 people","value":"2","selected":false,"tempId":"aco_1472","price":"0","gt_translate_keys":["label"]},{"label":"3 people","value":"3","selected":false,"tempId":"aco_1500","price":"0","gt_translate_keys":["label"]},{"label":"4 people","value":"4","selected":false,"tempId":"aco_1510","price":"0","gt_translate_keys":["label"]},{"label":"5 people","value":"5","selected":false,"tempId":"aco_1520","price":"0","gt_translate_keys":["label"]},{"label":"6 people","value":"6","selected":false,"tempId":"aco_1728","price":"0","gt_translate_keys":["label"]},{"label":"7 people","value":"7","selected":false,"tempId":"aco_1738","price":"0","gt_translate_keys":["label"]},{"label":"8 people","value":"8","selected":false,"tempId":"aco_1748","price":"0","gt_translate_keys":["label"]},{"label":"9 people (+50\u20ac)","value":"9","selected":false,"tempId":"aco_1912","price":"50","gt_translate_keys":["label"]},{"label":"10 people (+100\u20ac)","value":"10","selected":false,"tempId":"aco_1922","price":"100","gt_translate_keys":["label"]},{"label":"11 people (+150\u20ac)","value":"11","selected":false,"tempId":"aco_84","price":"150","gt_translate_keys":["label"]},{"label":"12 people (+200\u20ac)","value":"12","selected":false,"tempId":"aco_94","price":"200","gt_translate_keys":["label"]}],"price":"","cl_rule":"show","col":6,"type":"select","error":false,"priceOptions":"different_for_all","pricingType":"fixed","is_show_price":false,"gt_translate_keys":["label","placeholder"],"price_dependency":["select_5959492541"],"cl_dependency":false,"value":""}],[{"active":true,"col":6,"relations":false,"cl_rule":"show","enableCl":false,"price":"","enablePrice":true,"className":"","label_position":"default","desc_position":"default","type":"select","required":false,"elementId":"select_5959492541","label":"\ud83c\udf57 Meal (+10\u20ac\/person)","name":"select_5959492541","values":[{"label":"No","value":"No","selected":false,"tempId":"aco_2562","price":"","gt_translate_keys":["label"]},{"label":"Yes (+10\u20ac\/person)","value":"Yes","selected":false,"tempId":"aco_2563","price":"{field.select_76686cb828429b.value}*10","gt_translate_keys":["label"]}],"dropdown_type":"basic","error":false,"description":"Snacks and drinks are included. For an extra meal, please select marinated chicken with mojo potatoes and coleslaw. Paella is available at a different price upon request. Meals are paid for on the day of the tour on the boat.","priceOptions":"different_for_all","pricingType":"custom","isTemplate":false,"is_show_price":true,"gt_translate_keys":["label","description"],"price_dependency":false,"cl_dependency":false,"value":""}]]},"sec_36686cb8284272":{"extra":{"key":"sec_36686cb8284272","section_id":"sec_36686cb8284272","name":"Pickup Location","status":1,"cl_rule":"show","enableCl":false,"relations":[],"toggle":true,"title_tag":"h4","show_title":false,"showPrice":"default","form_id":12242,"form_rules":{"exclude_from_discount":true,"fee_label":"Fee","disp_hide_options_price":true,"disp_show_section_price":false,"disp_show_field_price":true,"layout_option":"standard","pric_use_as_fee":false,"process_fee_as":"woo_fee"},"layout_option":"standard"},"fields":[[{"elementId":"separator_16686cb828427d","separatorType":"blank","className":"","height":"3","enableCl":false,"relations":false,"cl_rule":"show","col":6,"type":"separator","error":false,"gt_translate_keys":[],"price_dependency":false,"cl_dependency":false,"value":""}],[{"active":true,"col":6,"relations":[{"operator":false,"rules":[{"operator":"AND","rules":{"cl_field":"radio-group_565c78ffa81208","cl_relation":"is","cl_val":"3 Hour Trip"}}]}],"cl_rule":"show","enableCl":false,"price":"","enablePrice":false,"className":"","label_position":"default","desc_position":"default","type":"select","required":false,"elementId":"select_86686cb8284287","label":"\u23f0 Departure","name":"select_86686cb8284287","values":[{"label":"09:00","value":"09:00","selected":false,"tempId":"aco_1471","gt_translate_keys":["label"]},{"label":"12:00","value":"12:00","selected":false,"tempId":"aco_1510","gt_translate_keys":["label"]},{"label":"15:00","value":"15:00","selected":false,"tempId":"aco_1738","gt_translate_keys":["label"]}],"dropdown_type":"basic","error":false,"placeholder":"Whichever Time is Best","gt_translate_keys":["label","placeholder"],"price_dependency":false,"cl_dependency":false,"value":""}],[{"elementId":"separator_56686cb8284291","separatorType":"blank","className":"","height":"1","enableCl":false,"relations":false,"cl_rule":"show","col":6,"type":"separator","gt_translate_keys":[],"price_dependency":false,"cl_dependency":false,"value":""}],[{"elementId":"separator_76686cb82842a6","separatorType":"blank","className":"","height":"1","enableCl":false,"relations":false,"cl_rule":"show","col":6,"type":"separator","error":false,"gt_translate_keys":[],"price_dependency":false,"cl_dependency":false,"value":""}],[{"active":true,"col":6,"relations":false,"cl_rule":"show","enableCl":false,"price":"","enablePrice":false,"className":"","label_position":"default","desc_position":"default","type":"text","subtype":"text","required":false,"elementId":"text_06686cb82842af","label":"\ud83d\ude8c Pickup Location","name":"text_06686cb82842af","value":"","error":false,"description":"Pick-up service in some locations. Simply provide your address or hotel name. (+2\u20ac\/person paid at pickup to the driver)","gt_translate_keys":["label","description","value"],"price_dependency":false,"cl_dependency":false}]]}},"config":{"price_override":"always","enable_recaptcha":false,"bind_quantity":false,"quantity_bind_formula":false,"disp_summ_show_option_price":true,"disp_summ_show_product_price":false,"disp_summ_show_total_price":true,"disp_summ_show_fee":true,"disp_summ_show_discount":true,"summary_title":"","options_total_label":"Options Price","total_label":"Total Amount","options_product_label":"Product Price","fee_label":"Fee","discount_label":"Discount","has_price":true,"has_quantity_formula":false},"mc_unit":1,"tax_rate":1,"tax_rate_real":1,"discount":{"percentage":0,"fixed":0},"design":{"conf":{"LabelPosition":"above","DescPosition":"above","UploadField":"custom_1","QuantityFieldStyle":"custom_1"},"css":{"LeftLabelWidth":"120px"}},"formulas":{"fmla_1708364241278155361":"(({field.select_3666b1eb2b11fe.value}>=8)?(1400):(({field.select_3666b1eb2b11fe.value}>=7)?(1225):(({field.select_3666b1eb2b11fe.value}>=6)?(1050):(({field.select_3666b1eb2b11fe.value}>=5)?(875):(({field.select_3666b1eb2b11fe.value}>=4)?(700):(({field.select_3666b1eb2b11fe.value}>=3)?(500):(0)))))))","fmla_1718295979528641619":"(({field.select_3666b1eb2b11fe.value}>=8)?(280):(({field.select_3666b1eb2b11fe.value}>=7)?(205):(({field.select_3666b1eb2b11fe.value}>=6)?(150):(({field.select_3666b1eb2b11fe.value}>=5)?(175):(({field.select_3666b1eb2b11fe.value}>=4)?(200):(({field.select_3666b1eb2b11fe.value}>=3)?(150):(0)))))))"},"lookuptables":[],"clones":false,"cartKey":false}},"_links":{"self":[{"href":"https:\/\/canaryvip.com\/lt\/wp-json\/wp\/v2\/product\/12210","targetHints":{"allow":["GET"]}}],"collection":[{"href":"https:\/\/canaryvip.com\/lt\/wp-json\/wp\/v2\/product"}],"about":[{"href":"https:\/\/canaryvip.com\/lt\/wp-json\/wp\/v2\/types\/product"}],"replies":[{"embeddable":true,"href":"https:\/\/canaryvip.com\/lt\/wp-json\/wp\/v2\/comments?post=12210"}],"wp:featuredmedia":[{"embeddable":true,"href":"https:\/\/canaryvip.com\/lt\/wp-json\/wp\/v2\/media\/12212"}],"wp:attachment":[{"href":"https:\/\/canaryvip.com\/lt\/wp-json\/wp\/v2\/media?parent=12210"}],"wp:term":[{"taxonomy":"product_brand","embeddable":true,"href":"https:\/\/canaryvip.com\/lt\/wp-json\/wp\/v2\/product_brand?post=12210"},{"taxonomy":"product_cat","embeddable":true,"href":"https:\/\/canaryvip.com\/lt\/wp-json\/wp\/v2\/product_cat?post=12210"},{"taxonomy":"product_tag","embeddable":true,"href":"https:\/\/canaryvip.com\/lt\/wp-json\/wp\/v2\/product_tag?post=12210"}],"curies":[{"name":"wp","href":"https:\/\/api.w.org\/{rel}","templated":true}]}}