{"id":12147,"date":"2024-07-01T09:53:41","date_gmt":"2024-07-01T08:53:41","guid":{"rendered":"https:\/\/canaryvip.com\/?post_type=product&#038;p=12147"},"modified":"2025-08-09T14:07:45","modified_gmt":"2025-08-09T13:07:45","slug":"siam-night","status":"publish","type":"product","link":"https:\/\/canaryvip.com\/lt\/shop\/siam-night\/","title":{"rendered":"Pirkti \"Siam Night\" bilietus"},"content":{"rendered":"<h2>\ud83c\udf0c <strong>Siamo naktis: Pasinerkite \u012f did\u017eiausi\u0105 naktin\u012f vandens nuotyk\u012f!<\/strong><\/h2>\n<ul>\n<li><strong>Vasaros naktys (liepos 2 d. - rugpj\u016b\u010dio 31 d.):<\/strong> Nuo 20:00 iki 00:00 val. Nuo antradienio iki \u0161e\u0161tadienio.<\/li>\n<li><strong>Nepamir\u0161tami vakarai:<\/strong> Patirkite Siam Park kaip niekada anks\u010diau - \u012fsp\u016bdingi atrakcionai ir stebuklinga atmosfera.<\/li>\n<\/ul>\n<p>\ud83d\udccd <strong>Vieta:<\/strong> \u012esik\u016br\u0119s pa\u010dioje Kosta Adech\u0117s \u0161irdyje, Tenerif\u0117s pietuose. Mus lengvai rasite <a href=\"https:\/\/maps.app.goo.gl\/UfftQG3CrqW5R81r9\" target=\"_blank\" rel=\"noopener\">\"Google\" \u017eem\u0117lapiai<\/a>.<\/p>\n<p>\ud83c\udf92 <strong>Susipakuokite daiktus smagiam vakarui:<\/strong> Pasiimkite maudymosi kostium\u0117l\u012f, rank\u0161luost\u012f ir lengv\u0105 striuk\u0119, kad gal\u0117tum\u0117te atv\u0117sti po kelion\u0117s. Persirengimo spintel\u0119 galima i\u0161sinuomoti vos u\u017e 10 \u20ac.<\/p>\n<p>\ud83d\udca7 <strong>I\u0161likite patogiai:<\/strong> Vanduo pa\u0161ildomas iki 24\u00baC, tod\u0117l puikiai tinka pliu\u0161kentis nakt\u012f.<\/p>\n<p>\ud83c\udfab <strong>Lankst\u016bs bilietai:<\/strong> Bilietas \u012f \"Siamo nakt\u012f\" galioja bet kuri\u0105 renginio dien\u0105. U\u017esisakykite biliet\u0105 per CanaryVIP, kad gautum\u0117te geriausi\u0105 kain\u0105 ir lengvai patekti \u012f biliet\u0105.<\/p>\n<p>\ud83c\udf1f <strong>U\u017esisakykite su CanaryVIP:<\/strong> U\u017etikrinkite bilietus u\u017e neprilygstam\u0105 kain\u0105. Suaugusiems - 45 \u20ac, vaikams (3-11 m.) - 32 \u20ac. K\u016bdikiai \u012fleid\u017eiami nemokamai!<\/p>\n<ul>\n<li><strong>Geriausios kainos garantija:<\/strong> Gaukite geriausi\u0105 pasi\u016blym\u0105 u\u017esisakydami per CanaryVIP.<\/li>\n<li><strong>Ankstyv\u0173j\u0173 pauk\u0161\u010di\u0173 prana\u0161umas:<\/strong> U\u017esisakydami bilietus dabar, i\u0161venkite kain\u0173 \u0161uoli\u0173.<\/li>\n<li><strong>Lankstus at\u0161aukimas:<\/strong> At\u0161aukite apsilankym\u0105 likus ne daugiau kaip 48 valandoms iki apsilankymo ir atgausite vis\u0105 sumok\u0117t\u0105 sum\u0105.<\/li>\n<\/ul>\n<p>\ud83d\udd25 <strong>Nepraleiskite progos: U\u017esisakykite dabar d\u0117l speciali\u0173 pasi\u016blym\u0173 CanaryVIP.com!<\/strong> Pasiruo\u0161kite nepamir\u0161tamai nak\u010diai Siam Park su CanaryVIP. Pasinerkite \u012f \u0161vies\u0173, muzikos ir vandens atrakcion\u0173 pasaul\u012f!<\/p>\n<h3>\ud83d\udc6f <strong>Dvigubo bilieto specialusis pasi\u016blymas: Loro parkas + Siamo parkas<\/strong><\/h3>\n<p>Derinkite savo nuotykius su m\u016bs\u0173 i\u0161skirtiniu <a href=\"https:\/\/canaryvip.com\/lt\/shop\/twin-ticket-siam-park-and-loro-parque\/\">Dvigubo bilieto pasi\u016blymas<\/a>!<\/p>\n<p>I\u0161bandykite ir jaudinant\u012f Siam Park, ir kerint\u012f Loro Parque su nuolaida.<\/p>\n<ul>\n<li><strong>Dvigubas malonumas:<\/strong> Vienas bilietas - du nuostab\u016bs parkai.<\/li>\n<li><strong>Sutaupykite daugiau:<\/strong> M\u0117gaukit\u0117s abiem atrakcionais u\u017e ma\u017eesn\u0119 bendr\u0105 kain\u0105.<\/li>\n<li><strong>Sklandi patirtis:<\/strong> Vienas pirkinys - dvi nepamir\u0161tamos patirtys.<\/li>\n<\/ul>\n<p><a href=\"https:\/\/canaryvip.com\/lt\/shop\/twin-ticket-siam-park-and-loro-parque\/\" target=\"_new\" rel=\"noopener\">Spauskite \u010dia, nor\u0117dami su\u017einoti daugiau ir sutaupyti su m\u016bs\u0173 pasi\u016blymu \"Twin Ticket\"!<\/a><\/p>\n<h3>\ud83c\udf9f\ufe0f <strong>Kod\u0117l verta rinktis CanaryVIP Siamo parko bilietams?<\/strong><\/h3>\n<ul>\n<li><strong>Lengvas u\u017esakymas:<\/strong> U\u017etikrinkite bilietus ir transport\u0105 vienu ypu.<\/li>\n<li><strong>I\u0161skirtiniai pasi\u016blymai:<\/strong> Pasinaudokite kitur neprieinamais pasi\u016blymais.<\/li>\n<li><strong>Specialusis palaikymas:<\/strong> M\u016bs\u0173 komanda pasirengusi pad\u0117ti i\u0161spr\u0119sti bet kokias u\u017eklausas ar atlikti pakeitimus.<\/li>\n<\/ul>\n<p><strong>\ud83d\udd17 Tyrin\u0117kite Siam Park patogiai ir lengvai!<\/strong><br \/>\nCanaryVIP siekia, kad j\u016bs\u0173 apsilankymas Siam Park b\u016bt\u0173 kuo malonesnis ir nesud\u0117tingesnis. Mes pasir\u016bpinsime jumis - nuo patogi\u0173 perve\u017eim\u0173 iki i\u0161skirtini\u0173 biliet\u0173 pasi\u016blym\u0173. Pasiruo\u0161kite nepakartojamai nak\u010diai Siam Park su CanaryVIP!<\/p>\n<h3>\ud83c\udf1f <strong>Patirtis Siamo nakt\u012f - DUK<\/strong><\/h3>\n<ul>\n<li><strong>Darbo valandos:<\/strong> Nuo 20:00 iki 00:00 val. Nuo antradienio iki \u0161e\u0161tadienio (liepos 2 d. - rugpj\u016b\u010dio 31 d.).<\/li>\n<li><strong>Biliet\u0173 kainos:<\/strong> 45 \u20ac suaugusiems, 32 \u20ac vaikams (3-11 m.).<\/li>\n<li><strong>Vaik\u0173 pri\u0117mimas:<\/strong> Taip, ta\u010diau jaunesnius nei 16 met\u0173 vaikus turi lyd\u0117ti suaugusieji.<\/li>\n<li><strong>Atidaryti visi lankytini objektai:<\/strong> Visi pagrindiniai atrakcionai, i\u0161skyrus skirtus ma\u017eesniems vaikams.<\/li>\n<li><strong>Temperat\u016bra:<\/strong> Vanduo pa\u0161ildomas iki 24\u00baC, ta\u010diau po pasiva\u017ein\u0117jim\u0173 tur\u0117kite striuk\u0119.<\/li>\n<li><strong>Atmosfera:<\/strong> Gyvybinga gyva DJ muzika, puikiai tinkanti draug\u0173 grup\u0117ms.<\/li>\n<li><strong>At\u0161aukimo politika:<\/strong> Nemokamas at\u0161aukimas likus ne daugiau kaip 72 valandoms iki apsilankymo.<\/li>\n<\/ul>\n<p>Pasiruo\u0161kite jaudinan\u010diai nak\u010diai po \u017evaig\u017ed\u0117mis Siam Park su CanaryVIP!<\/p>","protected":false},"excerpt":{"rendered":"<p><strong>\ud83d\udd0d Siamo parko \u012fva\u017eiavimo bilietai:<\/strong><br \/>\n\u2705 Saugus mok\u0117jimas.<br \/>\n\ud83d\udd59 Dirbame nuo 20:00 iki 00:00 val.<br \/>\n\ud83c\udf05 Tik vasar\u0105.<br \/>\n\ud83d\udca6 Vanduo, pa\u0161ildytas iki 24\u00baC.<br \/>\n\ud83c\udf0a Galimyb\u0117 naudotis visomis \u012fdomiomis atrakcijomis.<br \/>\n\ud83d\udcaf Geriausias vandens parkas Europoje.<br \/>\n\ud83e\udd11 Garantuojama geriausia kaina.<br \/>\n\ud83d\udc6a Nuolaidos grupiniams u\u017esakymams.<br \/>\n\ud83d\udd01 Iki 72h At\u0161aukimas.<br \/>\n\ud83c\udf0d Parama keliomis kalbomis.<br \/>\n\ud83c\udf1f Rezervuokite dabar ir sutaupykite!<br \/>\n2\ufe0f\u20e3 Patikrinkite pasi\u016blym\u0105 <a href=\"https:\/\/canaryvip.com\/lt\/shop\/twin-ticket-siam-park-and-loro-parque\/\">\"Siam\" + \"Loro Parque<\/a>.<br \/>\n\ud83d\udc32 Atrask <a href=\"https:\/\/canaryvip.com\/lt\/tenerife\/theme-parks\/siam-park-tickets\/\">visi Siam Park bilietai \u010dia<\/a>!<br \/>\n\ud83d\udccd Rasti <a href=\"https:\/\/maps.app.goo.gl\/UfftQG3CrqW5R81r9\">Siamo parkas \"Google\" \u017eem\u0117lapiuose<\/a>!<\/p>","protected":false},"featured_media":12151,"comment_status":"open","ping_status":"closed","template":"","meta":{"_acf_changed":false},"product_brand":[],"product_cat":[54,55],"product_tag":[],"class_list":{"0":"post-12147","1":"product","2":"type-product","3":"status-publish","4":"has-post-thumbnail","6":"product_cat-theme-parks","7":"product_cat-siam-park-tickets","8":"wcpa_has_options","10":"first","11":"instock","12":"virtual","13":"purchasable","14":"product-type-simple"},"acf":[],"wcpa_form_fields":{"wcpaData":{"product":{"product_price":48,"price_html":"From&nbsp;<span class=\"woocommerce-Price-amount amount\"><bdi>48,00&nbsp;<span class=\"woocommerce-Price-currencySymbol\">&euro;<\/span><\/bdi><\/span>","original_product_price":48,"price_including_tax":48,"price_excluding_tax":48,"product_id":{"parent":12147,"variation":false},"is_variable":false,"stock_status":"instock","stock_quantity":null,"parent_sku":"CV12147","product_attributes":[],"custom_fields":[],"is_taxable":false,"product_name":"Buy Siam Night Tickets","hasImage":false},"fields":{"sec_1066827b72b689a":{"extra":{"key":"sec_1066827b72b689a","section_id":"sec_1066827b72b689a","name":"Default","status":1,"cl_rule":"show","enableCl":false,"relations":[],"toggle":true,"title_tag":"h3","show_title":false,"showPrice":"default","form_id":12152,"form_rules":{"exclude_from_discount":true,"fee_label":"Fee","disp_hide_options_price":true,"disp_show_section_price":false,"disp_show_field_price":true,"layout_option":"standard","pric_use_as_fee":false,"process_fee_as":"woo_fee"},"layout_option":"standard"},"fields":[[{"label":"\ud83d\udcc5 Date","active":true,"required":true,"elementId":"date_066827b72b68b9","picker_type":"custom","picker_mode":"single","placeholder":"","description":"","tooltip":"","name":"date_066827b72b68b9","label_position":"default","desc_position":"default","enablePrice":false,"className":"","enableCl":false,"relations":[{"operator":"and","rules":[{"operator":"AND","rules":{"cl_field":"radio-group_666827b72b68c8","cl_relation":"is","cl_val":"3 Hour Trip"}}]}],"date_pic_inline":true,"date_pic_inline_hide":true,"min_date":{"type":"date","val":"2025-07-01"},"max_date":{"type":"date","val":"2025-08-31"},"date_pic_conf":{"disabledWeeks":[1,0],"enabledDates":[]},"price":"","cl_rule":"show","col":6,"type":"date","error":false,"enableDesign":false,"LabelColor":"","gt_translate_keys":["label","placeholder","description","tooltip"],"price_dependency":false,"cl_dependency":false,"value":""}]]},"sec_166827b72b68c9":{"extra":{"key":"sec_166827b72b68c9","section_id":"sec_166827b72b68c9","name":"Siam Park Regular Tickets","status":1,"cl_rule":"show","enableCl":false,"relations":[{"operator":false,"rules":[{"operator":"AND","rules":{"cl_field":"radio-group_666827b72b68c8","cl_relation":"is","cl_val":"Siam Park Regular Tickets"}}]}],"toggle":true,"title_tag":"h4","show_title":false,"showPrice":"default","layout_option":"standard","form_id":12152,"form_rules":{"exclude_from_discount":true,"fee_label":"Fee","disp_hide_options_price":true,"disp_show_section_price":false,"disp_show_field_price":true,"layout_option":"standard","pric_use_as_fee":false,"process_fee_as":"woo_fee"}},"fields":[[{"elementId":"separator_266827b72b68d5","separatorType":"blank","className":"","height":"10","enableCl":false,"relations":false,"cl_rule":"show","col":6,"type":"separator","gt_translate_keys":[],"price_dependency":false,"cl_dependency":false,"value":""}],[{"active":true,"col":6,"relations":false,"cl_rule":"show","enableCl":false,"price":"","enablePrice":false,"className":"","label_position":"default","desc_position":"default","type":"content","required":false,"elementId":"content_166827b72b68e0","label":"People","name":"content_166827b72b68e0","contentType":"plain","value":"","error":false,"show_in_checkout":true,"inline":false,"gt_translate_keys":["label","value"],"price_dependency":false,"cl_dependency":false}],[{"label":"","active":true,"required":false,"elementId":"radio-group_366827b72b68f5","name":"radio-group_366827b72b68f5","label_position":"default","desc_position":"default","enablePrice":true,"className":"","enableCl":false,"relations":[{"operator":false,"rules":[{"operator":"or","rules":{"cl_field":"date_066827b72b68b9","cl_relation":"month_is","cl_val":[1,2,3,4,5,6,10,11,12,9]}},{"operator":"AND","rules":{"cl_field":"date_066827b72b68b9","cl_relation":"is_empty","cl_val":""}}]}],"enable_quantity":true,"quantity_label":"","min_quantity":"0","checkUi":"button","layOut":"","options_tooltip":true,"options_description":true,"values":[{"label":"\ud83d\udc64 Adult (48\u20ac)","value":"Adult","selected":true,"tempId":"aco_32","tooltip":"+12 Years","description":"","gt_translate_keys":["label","tooltip","description"]}],"priceOptions":"fixed_for_all","pricingType":"fixed","price":"48","cl_rule":"hide","col":6,"type":"radio-group","error":false,"gt_translate_keys":["label","quantity_label"],"price_dependency":false,"cl_dependency":false,"value":""}],[{"label":"","active":true,"required":false,"elementId":"radio-group_166827b72b690a","name":"radio-group_166827b72b690a","label_position":"default","desc_position":"default","enablePrice":true,"className":"","enableCl":false,"relations":[{"operator":false,"rules":[{"operator":"or","rules":{"cl_field":"date_066827b72b68b9","cl_relation":"month_is","cl_val":[1,2,3,4,5,6,9,10,11,12]}},{"operator":"AND","rules":{"cl_field":"date_066827b72b68b9","cl_relation":"is_empty","cl_val":""}}]}],"enable_quantity":true,"quantity_label":"","min_quantity":"0","checkUi":"button","layOut":"","options_tooltip":true,"options_description":true,"values":[{"label":"\ud83d\udc66 Child (36\u20ac)","value":"Child","selected":true,"tempId":"aco_32","tooltip":"2-11 Years","description":"","gt_translate_keys":["label","tooltip","description"]}],"priceOptions":"fixed_for_all","pricingType":"fixed","price":"36","cl_rule":"hide","col":6,"type":"radio-group","error":false,"gt_translate_keys":["label","quantity_label"],"price_dependency":false,"cl_dependency":false,"value":""}],[{"label":"","active":true,"required":false,"elementId":"radio-group_866827b72b6914","name":"radio-group_866827b72b6914","label_position":"default","desc_position":"default","enablePrice":true,"className":"","enableCl":false,"relations":false,"enable_quantity":true,"quantity_label":"","min_quantity":"0","checkUi":"button","layOut":"","values":[{"label":"\ud83d\udc76 Infant (Free)","value":"Infant (Free)","selected":true,"tempId":"aco_32","tooltip":"0-1 Years","gt_translate_keys":["label","tooltip"]}],"priceOptions":"fixed_for_all","pricingType":"fixed","price":"0","cl_rule":"show","col":6,"type":"radio-group","error":false,"options_tooltip":true,"gt_translate_keys":["label","quantity_label"],"price_dependency":false,"cl_dependency":false,"value":""}]]}},"config":{"price_override":"always","enable_recaptcha":false,"bind_quantity":false,"quantity_bind_formula":false,"disp_summ_show_option_price":true,"disp_summ_show_product_price":false,"disp_summ_show_total_price":true,"disp_summ_show_fee":true,"disp_summ_show_discount":true,"summary_title":"","options_total_label":"Options Price","total_label":"Total Amount","options_product_label":"Product Price","fee_label":"Fee","discount_label":"Discount","has_price":true,"has_quantity_formula":false},"mc_unit":1,"tax_rate":1,"tax_rate_real":1,"discount":{"percentage":0,"fixed":0},"design":{"conf":{"LabelPosition":"above","DescPosition":"above","UploadField":"custom_1","QuantityFieldStyle":"custom_1"},"css":{"LeftLabelWidth":"120px"}},"formulas":[],"lookuptables":[],"clones":false,"cartKey":false}},"_links":{"self":[{"href":"https:\/\/canaryvip.com\/lt\/wp-json\/wp\/v2\/product\/12147","targetHints":{"allow":["GET"]}}],"collection":[{"href":"https:\/\/canaryvip.com\/lt\/wp-json\/wp\/v2\/product"}],"about":[{"href":"https:\/\/canaryvip.com\/lt\/wp-json\/wp\/v2\/types\/product"}],"replies":[{"embeddable":true,"href":"https:\/\/canaryvip.com\/lt\/wp-json\/wp\/v2\/comments?post=12147"}],"wp:featuredmedia":[{"embeddable":true,"href":"https:\/\/canaryvip.com\/lt\/wp-json\/wp\/v2\/media\/12151"}],"wp:attachment":[{"href":"https:\/\/canaryvip.com\/lt\/wp-json\/wp\/v2\/media?parent=12147"}],"wp:term":[{"taxonomy":"product_brand","embeddable":true,"href":"https:\/\/canaryvip.com\/lt\/wp-json\/wp\/v2\/product_brand?post=12147"},{"taxonomy":"product_cat","embeddable":true,"href":"https:\/\/canaryvip.com\/lt\/wp-json\/wp\/v2\/product_cat?post=12147"},{"taxonomy":"product_tag","embeddable":true,"href":"https:\/\/canaryvip.com\/lt\/wp-json\/wp\/v2\/product_tag?post=12147"}],"curies":[{"name":"wp","href":"https:\/\/api.w.org\/{rel}","templated":true}]}}