{"id":11971,"date":"2024-06-22T22:45:14","date_gmt":"2024-06-22T21:45:14","guid":{"rendered":"https:\/\/canaryvip.com\/?post_type=product&#038;p=11971"},"modified":"2025-08-09T14:04:29","modified_gmt":"2025-08-09T13:04:29","slug":"silvia-yacht-charter-gran-canaria","status":"publish","type":"product","link":"https:\/\/canaryvip.com\/lt\/shop\/silvia-yacht-charter-gran-canaria\/","title":{"rendered":"Silvia: Jacht\u0173 chartija<br\/>Gran Kanarija"},"content":{"rendered":"<h2>\ud83d\udee5\ufe0f Silvia Yacht Charter Gran Kanarija su CanaryVIP<\/h2>\n<p>Atraskite Kanar\u0173 sal\u0173 magij\u0105 laive <strong>Silvia Yacht Charter<\/strong>, i\u0161skirtinis ir prabangus b\u016bdas tyrin\u0117ti nuostabi\u0105 Gran Kanarijos pakrant\u0119. \u0160iame eleganti\u0161kame vie\u0161butyje, kuriame telpa iki 8 sve\u010di\u0173. <strong>privataus laivo nuoma Gran Kanarijoje<\/strong> si\u016blo puiki\u0105 viet\u0105 ma\u017eoms grup\u0117ms, ie\u0161kan\u010dioms poilsio, nuotyki\u0173 ir nepamir\u0161tam\u0173 \u012fsp\u016bd\u017ei\u0173.<\/p>\n<p>\"CanaryVIP\" leid\u017eia jums lengvai m\u0117gautis \u0161ia <strong>i\u0161sinuomoti jacht\u0105 Gran Kanarija<\/strong> patirtis, sklandus u\u017esakymo procesas ir i\u0161skirtinis aptarnavimas.<\/p>\n<h3>\u2b50\ufe0f Kod\u0117l verta rinktis Silvijos jacht\u0173 nuom\u0105 Gran Kanarijoje<\/h3>\n<p>\u0160tai kod\u0117l <strong>Silvia Yacht Charter<\/strong> yra vienas geriausi\u0173 pasirinkim\u0173 kitam j\u016bs\u0173 nuotykiui:<\/p>\n<h4><strong>Privati ir i\u0161skirtin\u0117 patirtis<\/strong><\/h4>\n<p>\u0160ioje priva\u010dioje jachtoje, kurioje i\u0161 viso telpa 8 \u017emon\u0117s, puikiai tinka intymiems susitikimams, nesvarbu, ar tai b\u016bt\u0173 \u0161eimos i\u0161vyka, romanti\u0161kas pab\u0117gimas, ar ypatinga \u0161vent\u0117.<\/p>\n<h4><strong>Komfortas ir rafinuotumas<\/strong><\/h4>\n<p>Atsipalaiduokite erdvioje 13 metr\u0173 ilgio jachtoje, pasi\u017eymin\u010dioje gerai pri\u017ei\u016br\u0117tu ir eleganti\u0161ku interjeru. M\u0117gaukit\u0117s panoraminiais vaizdais i\u0161 salono, atsipalaiduokite ant denio arba kaitinkit\u0117s saul\u0117je, apsupti kvap\u0105 gniau\u017eian\u010dio gro\u017eio Gran Kanarijos pakrant\u0117s.<\/p>\n<h4><strong>\u012esp\u016bdingos vandens pramogos<\/strong><\/h4>\n<p>J\u016bs\u0173 <strong>val\u010di\u0173 nuoma Gran Kanarijoje<\/strong> yra daugyb\u0117 galimybi\u0173, kad gal\u0117tum\u0117te pramogauti:<\/p>\n<ul>\n<li><strong>\ud83e\udd3f Nardymo \u012franga:<\/strong> Su komplekte esan\u010dia kauke ir pelekais atraskite povandenin\u012f pasaul\u012f.<\/li>\n<li><strong>\ud83c\udf4c Pasiplaukiojimas banan\u0173 valtimi:<\/strong> Papildykite savo dien\u0105 \u012fsp\u016bd\u017eiais ir dalyvaukite nemokamoje ekskursijoje banan\u0173 valtimi.<\/li>\n<li><strong>\ud83c\udfc4\u200d\u2640\ufe0f Irklent\u0117s naudojimas:<\/strong> I\u0161bandykite plaukim\u0105 irklent\u0117mis stovint ir atsipalaiduodami m\u0117gaukit\u0117s ramiais vandenimis.<\/li>\n<li>Taip pat taikomos nuolaidos papildomoms vandens sporto \u0161akoms, kad patirtum\u0117te visapusi\u0161k\u0105 nuotyk\u012f.<\/li>\n<\/ul>\n<h3>\ud83d\udea4 Silvia Yacht Kelion\u0117s parinktys<\/h3>\n<p>Pasirinkite vien\u0105 i\u0161 dviej\u0173 kelioni\u0173 trukm\u0117s variant\u0173, atitinkan\u010di\u0173 j\u016bs\u0173 tvarkara\u0161t\u012f ir pageidavimus:<\/p>\n<ul>\n<li><strong>3 valand\u0173 trukm\u0117s privati chartija:<\/strong> Trumpa, bet prabangi i\u0161vyka, kurios metu gal\u0117site plaukioti, nardyti ir atsipalaiduoti.\n<ul>\n<li>I\u0161vykimo laikas: 09:00-12:00, 12:00-15:00 arba 15:00-18:00.<\/li>\n<\/ul>\n<\/li>\n<li><strong>6 valand\u0173 trukm\u0117s privati chartija:<\/strong> Ilgesn\u0117 kelion\u0117, kurios metu gal\u0117site visi\u0161kai pasinerti \u012f Gran Kanarijos gamtos gro\u017e\u012f.\n<ul>\n<li>I\u0161vykimo laikas: 09:00-15:00, 12:00-18:00 arba 15:00-21:00 (tik vasaros sezono metu).<\/li>\n<\/ul>\n<\/li>\n<\/ul>\n<h3>\ud83e\udd42 Kas \u012fskai\u010diuota \u012f j\u016bs\u0173 jachtos nuom\u0105<\/h3>\n<p>J\u016bs\u0173 <strong>i\u0161sinuomoti jacht\u0105 Gran Kanarija<\/strong> patirtis apima visk\u0105, ko reikia \u012fsimintinai dienai j\u016broje:<\/p>\n<ul>\n<li>U\u017ekand\u017eiai, pavyzd\u017eiui, tra\u0161ku\u010diai ir rie\u0161utai.<\/li>\n<li>G\u0117rimai i\u0161 atviro baro, \u012fskaitant al\u0173, gaiviuosius g\u0117rimus ir vanden\u012f.<\/li>\n<li>Nardymo \u012franga, galimyb\u0117 naudotis irklent\u0117mis ir nemokamas pasiplaukiojimas banan\u0173 valtimi.<\/li>\n<li>Transportas \u012f vie\u0161bu\u010dius Gran Kanarijos pietuose ir atgal (jei pageidaujama).<\/li>\n<li>Draudimas j\u016bs\u0173 ramybei.<\/li>\n<li>Papildomi piet\u016bs (10 EUR asmeniui, pra\u0161ome u\u017esakymo metu).<\/li>\n<\/ul>\n<h3>\ud83d\udccd I\u0161sami informacija apie i\u0161vykim\u0105<\/h3>\n<ul>\n<li><strong>Vieta:<\/strong> <a href=\"https:\/\/maps.app.goo.gl\/Xhe545W98um3rx6W8\" target=\"_blank\" rel=\"noopener\">Puerto de Moganas<\/a>, Gran Kanarija.<\/li>\n<li><strong>Transportas:<\/strong> Papildomam patogumui galima pasirinkti pasi\u0117mimo paslaug\u0105.<\/li>\n<li><strong>Laikas:<\/strong> Keletas i\u0161vykim\u0173 per dien\u0105, kad atitikt\u0173 j\u016bs\u0173 tvarkara\u0161t\u012f.<\/li>\n<\/ul>\n<h3>\u2705 Skaidri at\u0161aukimo politika<\/h3>\n<p>Teikiame pirmenyb\u0119 j\u016bs\u0173 ramybei, taikydami ai\u0161ki\u0105 ir lanks\u010di\u0105 at\u0161aukimo politik\u0105:<\/p>\n<ul>\n<li><strong>Or\u0173 garantija:<\/strong> Jei oras nesaugus, galite pakeisti tvarkara\u0161t\u012f arba atgauti vis\u0105 sumok\u0117t\u0105 sum\u0105.<\/li>\n<li><strong>Lankstus at\u0161aukimas:<\/strong> Likus 8 dienoms iki kelion\u0117s nemokamai at\u0161aukite arba pakeiskite jos tvarkara\u0161t\u012f. U\u017estatas negr\u0105\u017einamas, jei kelion\u0117 at\u0161aukiama likus 8 dienoms iki numatytos i\u0161vykimo dienos.<\/li>\n<\/ul>\n<h3>\ud83d\udc68\u200d\u2708\ufe0f Patarimai j\u016bs\u0173 Silvia Yacht Adventure<\/h3>\n<p>Pasinaudokite \u0161iais patarimais, kad diena j\u016broje b\u016bt\u0173 kuo ilgesn\u0117:<\/p>\n<ul>\n<li>Su savimi tur\u0117kite maudymosi kostiumus, rank\u0161luost\u012f ir krem\u0105 nuo saul\u0117s.<\/li>\n<li>D\u0117v\u0117kite patogius, oro s\u0105lygoms tinkamus drabu\u017eius.<\/li>\n<li>Pasiruo\u0161kite CanaryVIP biliet\u0105 telefone arba atsispausdinkite j\u012f.<\/li>\n<li>Kad i\u0161vengtum\u0117te j\u016bros ligos, prie\u0161 tai lengvai pavalgykite.<\/li>\n<\/ul>\n<h3>\ud83c\udf1f Kod\u0117l verta u\u017esisakyti su CanaryVIP<\/h3>\n<p>\"CanaryVIP\" aistringai siekia sukurti nepamir\u0161tam\u0105 patirt\u012f vandenyje. Nesvarbu, ar ie\u0161kote <strong>prabangios jachtos Gran Kanarijoje<\/strong> arba smag\u0173 nuotyk\u012f, si\u016blome geriausi\u0105 <a href=\"https:\/\/canaryvip.com\/lt\/shop\/magic-island-yacht-charter-gran-canaria\/\"><strong>val\u010di\u0173 nuoma Gran Kanarijoje<\/strong><\/a> pagal j\u016bs\u0173 poreikius pritaikytas parinktis.<\/p>\n<p>U\u017esisakykite <strong>Silvia Yacht Charter<\/strong> \u0161iandien ir leiskit\u0117s \u012f poilsio, nuotyki\u0173 ir kvap\u0105 gniau\u017eian\u010di\u0173 vaizd\u0173 kelion\u0119.<\/p>\n<p>\ud83d\udc49 <a href=\"https:\/\/canaryvip.com\/lt\/\" target=\"_new\" rel=\"noopener\"><span>Rezervuoti<\/span><span> Dabar<\/span><\/a> ir pagerinkite savo atostog\u0173 patirt\u012f!<\/p>","protected":false},"excerpt":{"rendered":"<p><strong>\ud83d\udd0d Magic Island Gran Kanarija:<\/strong><br \/>\n\u2705 Saugus mok\u0117jimas.<br \/>\n\ud83d\udd10 Priva\u010dios ekskursijos.<br \/>\n\ud83d\udee5\ufe0f 13m Yacht Comfort.<br \/>\n\u23f3 Kasdien\u0117s ekskursijos po 3H ir 6H.<br \/>\n\ud83d\udd59 Skirtingas i\u0161vykimo laikas.<br \/>\n\ud83d\udc65 Iki 12 sve\u010di\u0173.<br \/>\n\ud83e\udd3f Snorkeliavimo \u012franga suteikiama.<br \/>\n\ud83d\ude8c Pasi\u0117mimas ir i\u0161ve\u017eimas.<br \/>\n\ud83e\udd11 Garantuojama geriausia kaina.<br \/>\n\ud83d\udc6a Suaktyvintos nuolaidos.<br \/>\n\ud83d\udd01 At\u0161aukimas iki 8 dien\u0173.<br \/>\n\ud83c\udf0d Daugiakalb\u0117 \u012fgula.<br \/>\n\ud83c\udf1f U\u017esisakykite anks\u010diau ir sutaupykite!<br \/>\n\ud83d\udccd I\u0161vykimas i\u0161 <a href=\"https:\/\/maps.app.goo.gl\/4TJkgAg6UBpnsyhm9\">Puerto de Moganas<\/a>.<\/p>","protected":false},"featured_media":12219,"comment_status":"open","ping_status":"closed","template":"","meta":{"_acf_changed":false},"product_brand":[],"product_cat":[132],"product_tag":[],"class_list":{"0":"post-11971","1":"product","2":"type-product","3":"status-publish","4":"has-post-thumbnail","6":"product_cat-boat-hire-gran-canaria","7":"wcpa_has_options","9":"first","10":"instock","11":"virtual","12":"purchasable","13":"product-type-simple"},"acf":[],"wcpa_form_fields":{"wcpaData":{"product":{"product_price":450,"price_html":"From&nbsp;<span class=\"woocommerce-Price-amount amount\"><bdi>450,00&nbsp;<span class=\"woocommerce-Price-currencySymbol\">&euro;<\/span><\/bdi><\/span>","original_product_price":450,"price_including_tax":450,"price_excluding_tax":450,"product_id":{"parent":11971,"variation":false},"is_variable":false,"stock_status":"instock","stock_quantity":null,"parent_sku":"CV11971","product_attributes":[],"custom_fields":[],"is_taxable":false,"product_name":"Silvia: Yacht Charter<br\/>Gran Canaria","hasImage":false},"fields":{"sec_26687d4f04b1a4":{"extra":{"key":"sec_26687d4f04b1a4","section_id":"sec_26687d4f04b1a4","name":"Default","status":1,"cl_rule":"show","enableCl":false,"relations":[],"toggle":true,"title_tag":"h3","show_title":false,"showPrice":"default","form_id":12255,"form_rules":{"exclude_from_discount":true,"fee_label":"Fee","disp_hide_options_price":true,"disp_show_section_price":false,"disp_show_field_price":true,"layout_option":"standard","pric_use_as_fee":false,"process_fee_as":"woo_fee"},"layout_option":"standard"},"fields":[[{"label":"\ud83d\udcc5 Date","active":true,"required":true,"elementId":"date_106687d4f04b1c4","picker_type":"custom","picker_mode":"single","placeholder":"","description":"","tooltip":"","name":"date_106687d4f04b1c4","label_position":"default","desc_position":"default","enablePrice":false,"className":"","enableCl":false,"relations":[{"operator":"and","rules":[{"operator":"AND","rules":{"cl_field":"radio-group_565c78ffa81208","cl_relation":"is","cl_val":"3 Hour Trip"}}]}],"date_pic_inline":true,"date_pic_inline_hide":true,"min_date":{"type":"days","val":"2"},"max_date":{"type":"days","val":"365"},"date_pic_conf":{"disabledWeeks":[]},"price":"","cl_rule":"show","col":6,"type":"date","error":false,"enableDesign":false,"LabelColor":"","gt_translate_keys":["label","placeholder","description","tooltip"],"price_dependency":false,"cl_dependency":false,"value":""}],[{"elementId":"separator_76687d4f04b1e0","separatorType":"blank","className":"","height":"3","enableCl":false,"relations":false,"cl_rule":"show","col":6,"type":"separator","error":false,"gt_translate_keys":[],"price_dependency":false,"cl_dependency":false,"value":""}],[{"active":true,"col":6,"relations":false,"cl_rule":"show","enableCl":false,"price":"","enablePrice":true,"className":"","label_position":"default","desc_position":"default","type":"select","required":true,"elementId":"select_96687d4f04b1ea","label":"\u23f3 Trip Duration","name":"select_96687d4f04b1ea","values":[{"label":"3 Hours (450\u20ac)","value":"3","selected":false,"tempId":"aco_556","price":"450","gt_translate_keys":["label"]},{"label":"6 Hours (800\u20ac)","value":"6","selected":false,"tempId":"aco_122","price":"800","gt_translate_keys":["label"]}],"dropdown_type":"basic","error":false,"placeholder":"Select Trip Duration","priceOptions":"different_for_all","pricingType":"fixed","is_show_price":false,"gt_translate_keys":["label","placeholder"],"price_dependency":false,"cl_dependency":false,"value":""}],[{"label":"\u2705 Number of People","active":true,"required":true,"elementId":"select_86687d4f04b1f4","dropdown_type":"basic","placeholder":"Select Number of People","name":"select_86687d4f04b1f4","label_position":"default","desc_position":"default","enablePrice":false,"className":"","enableCl":false,"relations":[{"operator":false,"rules":[{"operator":"AND","rules":{"cl_field":"radio-group_565c78ffa81208","cl_relation":"is","cl_val":"3 Hour Trip"}}]}],"values":[{"label":"1 person","value":"1","selected":false,"tempId":"aco_1471","price":"0","gt_translate_keys":["label"]},{"label":"2 people","value":"2","selected":false,"tempId":"aco_1472","price":"0","gt_translate_keys":["label"]},{"label":"3 people","value":"3","selected":false,"tempId":"aco_1500","price":"0","gt_translate_keys":["label"]},{"label":"4 people","value":"4","selected":false,"tempId":"aco_1510","price":"0","gt_translate_keys":["label"]},{"label":"5 people","value":"5","selected":false,"tempId":"aco_1520","price":"0","gt_translate_keys":["label"]},{"label":"6 people","value":"6","selected":false,"tempId":"aco_1728","price":"0","gt_translate_keys":["label"]},{"label":"7 people","value":"7","selected":false,"tempId":"aco_1738","price":"0","gt_translate_keys":["label"]},{"label":"8 people","value":"8","selected":false,"tempId":"aco_1748","price":"0","gt_translate_keys":["label"]}],"price":"","cl_rule":"show","col":6,"type":"select","error":false,"priceOptions":"different_for_all","pricingType":"fixed","is_show_price":false,"gt_translate_keys":["label","placeholder"],"price_dependency":["select_86687d4f04b1fe"],"cl_dependency":false,"value":""}],[{"active":true,"col":6,"relations":false,"cl_rule":"show","enableCl":false,"price":"","enablePrice":true,"className":"","label_position":"default","desc_position":"default","type":"select","required":false,"elementId":"select_86687d4f04b1fe","label":"\ud83c\udf57 Meal (+10\u20ac\/person)","name":"select_86687d4f04b1fe","values":[{"label":"No","value":"No","selected":false,"tempId":"aco_2562","price":"","gt_translate_keys":["label"]},{"label":"Yes (+10\u20ac\/person)","value":"Yes","selected":false,"tempId":"aco_2563","price":"{field.select_86687d4f04b1f4.value}*10","gt_translate_keys":["label"]}],"dropdown_type":"basic","error":false,"description":"Snacks and drinks are included. If you want an extra meal, please select this option. The meal is marinated chicken with mojo potatoes and coleslaw.","priceOptions":"different_for_all","pricingType":"custom","isTemplate":false,"is_show_price":true,"gt_translate_keys":["label","description"],"price_dependency":false,"cl_dependency":false,"value":""}]]},"sec_106687d4f04b227":{"extra":{"key":"sec_106687d4f04b227","section_id":"sec_106687d4f04b227","name":"Pickup Location","status":1,"cl_rule":"show","enableCl":false,"relations":[],"toggle":true,"title_tag":"h4","show_title":false,"showPrice":"default","form_id":12255,"form_rules":{"exclude_from_discount":true,"fee_label":"Fee","disp_hide_options_price":true,"disp_show_section_price":false,"disp_show_field_price":true,"layout_option":"standard","pric_use_as_fee":false,"process_fee_as":"woo_fee"},"layout_option":"standard"},"fields":[[{"elementId":"separator_16687d4f04b232","separatorType":"blank","className":"","height":"3","enableCl":false,"relations":false,"cl_rule":"show","col":6,"type":"separator","error":false,"gt_translate_keys":[],"price_dependency":false,"cl_dependency":false,"value":""}],[{"active":true,"col":6,"relations":[{"operator":false,"rules":[{"operator":"AND","rules":{"cl_field":"radio-group_565c78ffa81208","cl_relation":"is","cl_val":"3 Hour Trip"}}]}],"cl_rule":"show","enableCl":false,"price":"","enablePrice":false,"className":"","label_position":"default","desc_position":"default","type":"select","required":false,"elementId":"select_66687d4f04b23c","label":"\u23f0 Departure","name":"select_66687d4f04b23c","values":[{"label":"09:00","value":"09:00","selected":false,"tempId":"aco_1471","gt_translate_keys":["label"]},{"label":"12:00","value":"12:00","selected":false,"tempId":"aco_1510","gt_translate_keys":["label"]},{"label":"15:00","value":"15:00","selected":false,"tempId":"aco_1738","gt_translate_keys":["label"]}],"dropdown_type":"basic","error":false,"placeholder":"Whichever Time is Best","gt_translate_keys":["label","placeholder"],"price_dependency":false,"cl_dependency":false,"value":""}],[{"elementId":"separator_86687d4f04b246","separatorType":"blank","className":"","height":"1","enableCl":false,"relations":false,"cl_rule":"show","col":6,"type":"separator","gt_translate_keys":[],"price_dependency":false,"cl_dependency":false,"value":""}],[{"elementId":"separator_86687d4f04b250","separatorType":"blank","className":"","height":"1","enableCl":false,"relations":false,"cl_rule":"show","col":6,"type":"separator","error":false,"gt_translate_keys":[],"price_dependency":false,"cl_dependency":false,"value":""}],[{"active":true,"col":6,"relations":false,"cl_rule":"show","enableCl":false,"price":"","enablePrice":false,"className":"","label_position":"default","desc_position":"default","type":"text","subtype":"text","required":false,"elementId":"text_66687d4f04b259","label":"\ud83d\ude8c Pickup Location","name":"text_66687d4f04b259","value":"","error":false,"description":"Pick-up service in some locations. Simply provide your address or hotel name. (+2\u20ac\/person paid at pickup to the driver)","gt_translate_keys":["label","description","value"],"price_dependency":false,"cl_dependency":false}]]}},"config":{"price_override":"always","enable_recaptcha":false,"bind_quantity":false,"quantity_bind_formula":false,"disp_summ_show_option_price":true,"disp_summ_show_product_price":false,"disp_summ_show_total_price":true,"disp_summ_show_fee":true,"disp_summ_show_discount":true,"summary_title":"","options_total_label":"Options Price","total_label":"Total Amount","options_product_label":"Product Price","fee_label":"Fee","discount_label":"Discount","has_price":true,"has_quantity_formula":false},"mc_unit":1,"tax_rate":1,"tax_rate_real":1,"discount":{"percentage":0,"fixed":0},"design":{"conf":{"LabelPosition":"above","DescPosition":"above","UploadField":"custom_1","QuantityFieldStyle":"custom_1"},"css":{"LeftLabelWidth":"120px"}},"formulas":{"fmla_1708364241278155361":"(({field.select_3666b1eb2b11fe.value}>=8)?(1400):(({field.select_3666b1eb2b11fe.value}>=7)?(1225):(({field.select_3666b1eb2b11fe.value}>=6)?(1050):(({field.select_3666b1eb2b11fe.value}>=5)?(875):(({field.select_3666b1eb2b11fe.value}>=4)?(700):(({field.select_3666b1eb2b11fe.value}>=3)?(500):(0)))))))","fmla_1718295979528641619":"(({field.select_3666b1eb2b11fe.value}>=8)?(280):(({field.select_3666b1eb2b11fe.value}>=7)?(205):(({field.select_3666b1eb2b11fe.value}>=6)?(150):(({field.select_3666b1eb2b11fe.value}>=5)?(175):(({field.select_3666b1eb2b11fe.value}>=4)?(200):(({field.select_3666b1eb2b11fe.value}>=3)?(150):(0)))))))"},"lookuptables":[],"clones":false,"cartKey":false}},"_links":{"self":[{"href":"https:\/\/canaryvip.com\/lt\/wp-json\/wp\/v2\/product\/11971","targetHints":{"allow":["GET"]}}],"collection":[{"href":"https:\/\/canaryvip.com\/lt\/wp-json\/wp\/v2\/product"}],"about":[{"href":"https:\/\/canaryvip.com\/lt\/wp-json\/wp\/v2\/types\/product"}],"replies":[{"embeddable":true,"href":"https:\/\/canaryvip.com\/lt\/wp-json\/wp\/v2\/comments?post=11971"}],"wp:featuredmedia":[{"embeddable":true,"href":"https:\/\/canaryvip.com\/lt\/wp-json\/wp\/v2\/media\/12219"}],"wp:attachment":[{"href":"https:\/\/canaryvip.com\/lt\/wp-json\/wp\/v2\/media?parent=11971"}],"wp:term":[{"taxonomy":"product_brand","embeddable":true,"href":"https:\/\/canaryvip.com\/lt\/wp-json\/wp\/v2\/product_brand?post=11971"},{"taxonomy":"product_cat","embeddable":true,"href":"https:\/\/canaryvip.com\/lt\/wp-json\/wp\/v2\/product_cat?post=11971"},{"taxonomy":"product_tag","embeddable":true,"href":"https:\/\/canaryvip.com\/lt\/wp-json\/wp\/v2\/product_tag?post=11971"}],"curies":[{"name":"wp","href":"https:\/\/api.w.org\/{rel}","templated":true}]}}