{"id":11626,"date":"2024-06-06T11:14:41","date_gmt":"2024-06-06T10:14:41","guid":{"rendered":"https:\/\/canaryvip.com\/?post_type=product&#038;p=11626"},"modified":"2026-04-10T14:33:12","modified_gmt":"2026-04-10T13:33:12","slug":"natural-pools-masca-los-gigantes-tour","status":"publish","type":"product","link":"https:\/\/canaryvip.com\/lt\/shop\/natural-pools-masca-los-gigantes-tour\/","title":{"rendered":"Ekskursija po nat\u016bralius baseinus, Masca ir Los Gigantes + piknikas"},"content":{"rendered":"<h2>\ud83c\udf0a Apie ekskursij\u0105 po Mask\u0105, nat\u016bralius baseinus ir Los Gigantes<\/h2>\n<p>Atraskite vien\u0105 i\u0161samiausi\u0173 <strong>Ekskursijos su gidu po Tenerif\u0119<\/strong> su \u0161ia nepamir\u0161tama patirtimi, kurioje dera gamta, vietos kult\u016bra ir kvap\u0105 gniau\u017eiantys vaizdai. CanaryVIP si\u016blome jums galimyb\u0119 i\u0161tirti pasl\u0117ptus salos brangakmenius per \u0161i\u0105 kelion\u0119. <strong>ekskursija su gidu Masca<\/strong>, \u012fskaitant \u012fsp\u016bdingas uolas, tradicinius kaimelius ir garsi\u0105j\u0105 <strong>nat\u016bral\u016bs baseinai Tenerif\u0117<\/strong> yra \u017einomas d\u0117l.<\/p>\n<p>\u0160i kelion\u0117 skirta keliautojams, norintiems pamatyti kitoki\u0105 Tenerif\u0117s pus\u0119 nedidel\u0117je grup\u0117je, kurioje vyrauja asmeni\u0161kesn\u0117 ir laisvesn\u0117 atmosfera.<\/p>\n<h3>Svarbiausi kelion\u0117s akcentai: Masca, nat\u016bral\u016bs baseinai ir Los Gigantes<\/h3>\n<ul>\n<li>\ud83c\udf04 <strong>Panoraminis vaizdas:<\/strong> M\u0117gaukit\u0117s nuostabiais vaizdais \u012f Maskos sl\u0117n\u012f - vien\u0105 \u012fsp\u016bdingiausi\u0173 Tenerif\u0117s kra\u0161tovaizd\u017ei\u0173.<\/li>\n<li>\ud83c\udfd8\ufe0f <strong>Masca kaimas:<\/strong> Praleiskite ma\u017edaug 1 valand\u0105 tyrin\u0117dami \u0161\u012f \u017eav\u0173 kaln\u0173 kaimel\u012f. Pasivaik\u0161\u010diokite siauromis gatvel\u0117mis, susipa\u017einkite su vietiniais produktais ir pasim\u0117gaukite nepakartojama atmosfera.<\/li>\n<li>\ud83c\udfd4\ufe0f <strong>Los Gigantes uolos:<\/strong> Aplankykite garsi\u0105sias uolas, i\u0161kilusias iki 600 metr\u0173 vir\u0161 vandenyno - vien\u0105 i\u0161 \u017eymiausi\u0173 salos gamtos paminkl\u0173.<\/li>\n<li>\ud83c\udfca <strong>Nat\u016bral\u016bs vulkanin\u0117s kilm\u0117s baseinai ir piknikas:<\/strong> Atsigaivinkite nat\u016braliuose vulkanin\u0117s kilm\u0117s baseinuose prie j\u016bros ir pasim\u0117gaukite atpalaiduojan\u010diu pikniku nuostabioje pakrant\u0117s aplinkoje.<\/li>\n<\/ul>\n<h3>Kas \u012ftraukta \u012f j\u016bs\u0173 patirt\u012f<\/h3>\n<ul>\n<li>\ud83e\uddd1\u200d\ud83c\udfeb Vietinis gidas-ekspertas, turintis i\u0161sami\u0173 \u017eini\u0173 apie vietov\u0119.<\/li>\n<li>\ud83d\udee0\ufe0f Visa veiklai reikalinga \u012franga.<\/li>\n<li>\ud83d\udee1\ufe0f Veiklos draudimas j\u016bs\u0173 ramybei.<\/li>\n<li>\ud83d\ude90 Ve\u017eimas i\u0161 susitikimo vietos ir \u012f j\u0105 patogiu 9 viet\u0173 mikroautobusu.<\/li>\n<li>\ud83d\udcf8 Nuotraukos ir vaizdo \u012fra\u0161ai, kad namo parsive\u017etum\u0117te nepamir\u0161tamus prisiminimus.<\/li>\n<\/ul>\n<h3>Svarbiausia informacija apie tur\u0105<\/h3>\n<ul>\n<li>\ud83d\udd52 <strong>Prad\u017eios laikas:<\/strong> \u017diem\u0105 15:00 val. | Vasar\u0105 16:00 val.<\/li>\n<li>\u23f3 <strong>Trukm\u0117:<\/strong> Ma\u017edaug 5 valandos.<\/li>\n<li>\ud83d\udc65 <strong>Ma\u017eos grup\u0117s patirtis:<\/strong> Ribotas viet\u0173 skai\u010dius asmeni\u0161kesnei ekskursijai.<\/li>\n<li>\ud83d\udccd <strong>Transportas:<\/strong> Keliaukite patogiu 9 viet\u0173 furgonu.<\/li>\n<li>\ud83e\udde5 <strong>K\u0105 pasiimti su savimi:<\/strong> Patog\u016bs drabu\u017eiai, maudymosi kostium\u0117liai ir rank\u0161luostis \u012f nat\u016bralius baseinus.<\/li>\n<\/ul>\n<h3>Svarbi informacija ir taisykl\u0117s<\/h3>\n<ul>\n<li>\ud83d\udd04 <strong>At\u0161aukimo politika:<\/strong> Nemokamas at\u0161aukimas galimas, jei pra\u0161ymas pateikiamas likus ne ma\u017eiau kaip 72 valandoms iki 2 asmen\u0173 u\u017esakymo. Jei u\u017esakoma nuo 3 iki 7 asmen\u0173, apie u\u017esakym\u0105 reikia prane\u0161ti ne v\u0117liau kaip prie\u0161 5 dienas. Daugiau nei 7 asmen\u0173 grup\u0117ms u\u017esakymas turi b\u016bti at\u0161auktas ne v\u0117liau kaip prie\u0161 10 dien\u0173. D\u0117l riboto viet\u0173 skai\u010diaus ir ma\u017eos grup\u0117s dyd\u017eio u\u017e v\u0117lai at\u0161aukt\u0105 u\u017esakym\u0105 arba neatvykim\u0105 gali b\u016bti imamas visas mokestis. Visada rekomenduojame i\u0161 anksto patvirtinti savo planus.<\/li>\n<li>\ud83d\udd52 <strong>Punktualumas:<\/strong> Pra\u0161ome \u012f susitikimo viet\u0105 atvykti laiku, kad grup\u0117 gal\u0117t\u0173 skland\u017eiai prad\u0117ti kelion\u0119.<\/li>\n<li>\u26a0\ufe0f <strong>Ribotas prieinamumas:<\/strong> \u0160i patirtis taikoma ma\u017eoms grup\u0117ms, tod\u0117l viet\u0173 skai\u010dius yra labai ribotas ir paprastai greitai i\u0161parduodamas.<\/li>\n<\/ul>\n<h4>Pagalba kelioni\u0173 metu<\/h4>\n<ul>\n<li>\u2714\ufe0f CanaryVIP atid\u017eiai atrenkame patirt\u012f, kad u\u017etikrintume kokyb\u0119 ir saugum\u0105.<\/li>\n<li>\ud83d\udde3\ufe0f Ekskursijos metu visada galite tiesiogiai kreiptis \u012f gid\u0105 ir papra\u0161yti pagalbos.<\/li>\n<li>\ud83d\udcde M\u016bs\u0173 komanda prie\u0161 ir po u\u017esakymo yra pasirengusi jums pad\u0117ti ar u\u017eduoti klausim\u0173.<\/li>\n<\/ul>\n<h3>\ud83c\udf0a\ud83c\udfd4\ufe0f U\u017esisakykite ekskursij\u0105 po Mask\u0105 ir nat\u016bralius baseinus \u0161iandien<\/h3>\n<p>Jei ie\u0161kote vieno geriausi\u0173 <strong>Ekskursijos su gidu po Tenerif\u0119<\/strong>, \u0161i patirtis sujungia visk\u0105: kalnus, vandenyn\u0105, kult\u016br\u0105 ir poils\u012f. Nuo nepakartojamo Maskos kaimelio \u017eavesio iki gaivinan\u010di\u0173 <strong>nat\u016bral\u016bs baseinai Tenerif\u0117<\/strong> si\u016blo, kad kiekviena akimirka b\u016bt\u0173 \u012fsimintina.<\/p>\n<p>\"CanaryVIP\" u\u017etikrina, kad u\u017esakymas b\u016bt\u0173 paprastas ir patikimas, tod\u0117l galite susitelkti \u012f maloni\u0105 kelion\u0119. Nesvarbu, ar Tenerif\u0117je lankot\u0117s pirm\u0105 kart\u0105, ar gr\u012f\u017etate daugiau pa\u017einti. <strong>ekskursija su gidu Masca<\/strong> tai privaloma patirtis.<\/p>\n<p>U\u017esisakykite viet\u0105 dabar ir atraskite Tenerif\u0119 kitaip.<\/p>","protected":false},"excerpt":{"rendered":"<p><strong>\ud83d\udd0d I\u0161sami informacija apie ekskursij\u0105:<\/strong><br \/>\n\u2705 Saugus mok\u0117jimas.<br \/>\n\ud83c\udf04 Pa\u017einkite Maskos kaim\u0105.<br \/>\n\ud83d\udca6 Atraskite nat\u016bralius baseinus.<br \/>\n\ud83c\udfd4\ufe0f Aplankykite Los Gigantes uol\u0105.<br \/>\n\ud83e\udd6a \u012eskai\u010diuotas piknikas.<br \/>\n\ud83d\udcc5 Kiekvien\u0105 dien\u0105.<br \/>\n\u23f0 Trukm\u0117 Apie 5 val.<br \/>\n\ud83d\ude8c Furgonas iki 9 \u017emoni\u0173.<br \/>\n\ud83d\ude90 Pasitikimas vie\u0161butyje ir i\u0161laipinimas.<br \/>\n\ud83d\udd04 72 val. nemokamas at\u0161aukimas.<br \/>\n\ud83e\udd11 Garantuojama geriausia kaina.<br \/>\n\ud83c\udf81 Galimos grupin\u0117s nuolaidos.<br \/>\n\ud83c\udf1f Rezervuokite dabar ir sutaupykite!<\/p>","protected":false},"featured_media":16977,"comment_status":"open","ping_status":"closed","template":"","meta":{"_acf_changed":false},"product_brand":[],"product_cat":[52],"product_tag":[],"class_list":{"0":"post-11626","1":"product","2":"type-product","3":"status-publish","4":"has-post-thumbnail","6":"product_cat-bus-tours","7":"wcpa_has_options","9":"first","10":"instock","11":"sale","12":"virtual","13":"purchasable","14":"product-type-simple"},"acf":[],"wcpa_form_fields":{"wcpaData":{"product":{"product_price":85,"price_html":"From&nbsp;<del aria-hidden=\"true\"><span class=\"woocommerce-Price-amount amount\"><bdi>90,00&nbsp;<span class=\"woocommerce-Price-currencySymbol\">&euro;<\/span><\/bdi><\/span><\/del> <span class=\"screen-reader-text\">Pradin\u0117 kaina buvo: 90,00&nbsp;&euro;.<\/span><ins aria-hidden=\"true\"><span class=\"woocommerce-Price-amount amount\"><bdi>85,00&nbsp;<span class=\"woocommerce-Price-currencySymbol\">&euro;<\/span><\/bdi><\/span><\/ins><span class=\"screen-reader-text\">Dabartin\u0117 kaina yra: 85,00&nbsp;&euro;.<\/span>","original_product_price":90,"price_including_tax":85,"price_excluding_tax":85,"product_id":{"parent":11626,"variation":false},"is_variable":false,"stock_status":"instock","stock_quantity":null,"parent_sku":"CV11626","product_attributes":[],"custom_fields":[],"is_taxable":false,"product_name":"Natural Pools, Masca & Los Gigantes Tour + Picnic","hasImage":false},"fields":{"sec_169cd3c7b1d53f":{"extra":{"key":"sec_169cd3c7b1d53f","section_id":"sec_169cd3c7b1d53f","name":"South Tenerife","status":1,"cl_rule":"show","enableCl":false,"relations":[{"operator":false,"rules":[{"operator":"AND","rules":{"cl_field":"radio-group_665df45fcbc30b","cl_relation":"is","cl_val":"Siam Park Regular Tickets"}}]}],"toggle":true,"title_tag":"h4","show_title":false,"showPrice":"default","form_id":16980,"form_rules":{"exclude_from_discount":true,"fee_label":"Fee","disp_hide_options_price":true,"disp_show_section_price":false,"disp_show_field_price":true,"layout_option":"standard","pric_use_as_fee":false,"process_fee_as":"woo_fee"},"layout_option":"standard"},"fields":[[{"label":"\ud83d\udcc5 Date","active":true,"required":true,"elementId":"date_869cd3c7b1d560","picker_type":"custom","picker_mode":"single","placeholder":"","description":"","tooltip":"","name":"date_869cd3c7b1d560","label_position":"default","desc_position":"default","enablePrice":false,"className":"","enableCl":false,"relations":[{"operator":"and","rules":[{"operator":"AND","rules":{"cl_field":"radio-group_665df45fcbc30b","cl_relation":"is","cl_val":"3 Hour Trip"}}]}],"date_pic_inline":true,"date_pic_inline_hide":true,"min_date":{"type":"days","val":"2"},"max_date":{"type":"days","val":"180"},"date_pic_conf":{"disabledWeeks":[],"enabledDates":[]},"price":"","cl_rule":"show","col":6,"type":"date","error":false,"enableDesign":false,"LabelColor":"","value":"2024-07-04","isWeightTemplate":false,"isTemplate":false,"min_quantity":"1","quantity_decimal":false,"quantity_step":"1","quantity_label":"Quantity","repeater_field_label":"{field_label}","repeater_bind":"","gt_translate_keys":["label","placeholder","description","value","tooltip","repeater_field_label","quantity_label"],"price_dependency":false,"cl_dependency":false}],[{"elementId":"separator_569cd3c7b1d57a","separatorType":"blank","className":"","height":"10","enableCl":false,"relations":false,"cl_rule":"show","col":6,"type":"separator","gt_translate_keys":[],"price_dependency":false,"cl_dependency":false,"value":""}],[{"active":true,"col":6,"relations":false,"cl_rule":"show","enableCl":false,"price":"","enablePrice":false,"className":"","label_position":"default","desc_position":"default","type":"content","required":false,"elementId":"content_369cd3c7b1d585","label":"People","name":"content_369cd3c7b1d585","contentType":"plain","value":"","error":false,"show_in_checkout":true,"inline":false,"gt_translate_keys":["label","value"],"price_dependency":false,"cl_dependency":false}],[{"active":true,"col":6,"relations":[{"operator":false,"rules":[{"operator":"AND","rules":{"cl_field":"","cl_relation":"","cl_val":""}}]}],"cl_rule":"show","enableCl":true,"price":"85","enablePrice":true,"className":"","label_position":"default","desc_position":"default","type":"radio-group","required":false,"elementId":"radio-group_969cd3c7b1d590","label":"","name":"radio-group_969cd3c7b1d590","values":[{"label":"\ud83d\udc64 People (85\u20ac)","value":"Adult","selected":true,"tempId":"aco_32","tooltip":"+12 Years","description":"","gt_translate_keys":["label","tooltip","description"]}],"layOut":"","error":false,"checkUi":"button","priceOptions":"fixed_for_all","pricingType":"fixed","enable_quantity":true,"quantity_label":"","min_quantity":"0","options_tooltip":true,"options_description":true,"isWeightTemplate":false,"isTemplate":false,"quantity_decimal":false,"quantity_step":"1","repeater_field_label":"{field_label}","repeater_bind":"","gt_translate_keys":["label","repeater_field_label","quantity_label"],"price_dependency":false,"cl_dependency":false,"value":""}],[{"active":true,"col":6,"relations":false,"cl_rule":"show","enableCl":false,"price":"","enablePrice":false,"className":"","label_position":"default","desc_position":"default","type":"separator","required":false,"elementId":"separator_269cd3c7b1d5af","label":"Separator Field","height":"7","separatorType":"blank","error":false,"gt_translate_keys":["label"],"price_dependency":false,"cl_dependency":false,"value":""}],[{"active":true,"col":6,"relations":false,"cl_rule":"show","enableCl":false,"price":"","enablePrice":false,"className":"","label_position":"default","desc_position":"default","type":"text","subtype":"text","required":false,"elementId":"text_369cd3c7b1d5b8","label":"\ud83d\ude8c Pickup Location","name":"text_369cd3c7b1d5b8","value":"","description":"Pick-up service in South Tenerife. Simply provide your address or hotel name.","error":false,"isWeightTemplate":false,"isTemplate":false,"min_quantity":"1","quantity_decimal":false,"quantity_step":"1","quantity_label":"Quantity","repeater_field_label":"{field_label}","repeater_bind":"","gt_translate_keys":["label","description","value","repeater_field_label","quantity_label"],"price_dependency":false,"cl_dependency":false}]]}},"config":{"price_override":"always","enable_recaptcha":false,"bind_quantity":false,"quantity_bind_formula":false,"disp_summ_show_option_price":true,"disp_summ_show_product_price":false,"disp_summ_show_total_price":true,"disp_summ_show_fee":true,"disp_summ_show_discount":true,"summary_title":"","options_total_label":"Options Price","total_label":"Total Amount","options_product_label":"Product Price","fee_label":"Fee","discount_label":"Discount","has_price":true,"has_quantity_formula":false},"mc_unit":1,"tax_rate":1,"tax_rate_real":1,"discount":{"percentage":0,"fixed":0},"design":{"conf":{"LabelPosition":"above","DescPosition":"above","UploadField":"custom_1","QuantityFieldStyle":"custom_1"},"css":{"LeftLabelWidth":"120px"}},"formulas":[],"lookuptables":[],"clones":false,"cartKey":false}},"_links":{"self":[{"href":"https:\/\/canaryvip.com\/lt\/wp-json\/wp\/v2\/product\/11626","targetHints":{"allow":["GET"]}}],"collection":[{"href":"https:\/\/canaryvip.com\/lt\/wp-json\/wp\/v2\/product"}],"about":[{"href":"https:\/\/canaryvip.com\/lt\/wp-json\/wp\/v2\/types\/product"}],"replies":[{"embeddable":true,"href":"https:\/\/canaryvip.com\/lt\/wp-json\/wp\/v2\/comments?post=11626"}],"wp:featuredmedia":[{"embeddable":true,"href":"https:\/\/canaryvip.com\/lt\/wp-json\/wp\/v2\/media\/16977"}],"wp:attachment":[{"href":"https:\/\/canaryvip.com\/lt\/wp-json\/wp\/v2\/media?parent=11626"}],"wp:term":[{"taxonomy":"product_brand","embeddable":true,"href":"https:\/\/canaryvip.com\/lt\/wp-json\/wp\/v2\/product_brand?post=11626"},{"taxonomy":"product_cat","embeddable":true,"href":"https:\/\/canaryvip.com\/lt\/wp-json\/wp\/v2\/product_cat?post=11626"},{"taxonomy":"product_tag","embeddable":true,"href":"https:\/\/canaryvip.com\/lt\/wp-json\/wp\/v2\/product_tag?post=11626"}],"curies":[{"name":"wp","href":"https:\/\/api.w.org\/{rel}","templated":true}]}}