{"id":11582,"date":"2024-06-03T16:40:35","date_gmt":"2024-06-03T15:40:35","guid":{"rendered":"https:\/\/canaryvip.com\/?post_type=product&#038;p=11582"},"modified":"2025-12-11T18:13:25","modified_gmt":"2025-12-11T18:13:25","slug":"stargazing-tenerife-teide-by-night","status":"publish","type":"product","link":"https:\/\/canaryvip.com\/lt\/shop\/stargazing-tenerife-teide-by-night\/","title":{"rendered":"\u017dvaig\u017ed\u017ei\u0173 turas Tenerif\u0117je:<br\/>Teid\u0117 nakt\u012f + vakarien\u0117"},"content":{"rendered":"<h2>\ud83d\ude8c Apie \"Stargazing Tenerife\": Teid\u0117 nakt\u012f<\/h2>\n<p>Svetain\u0117 <strong>Teid\u0117 nakt\u012f<\/strong> Ekskursija, kuri\u0105 organizuoja CanaryVIP, yra vienas i\u0161 ypatingiausi\u0173 b\u016bd\u0173 patirti Teid\u0117s kaln\u0105 po saul\u0117lyd\u017eio. \u0160i\u0105 ekskursij\u0105 organizuoja vietos operatorius, ji apima sustojim\u0105 gro\u017e\u0117tis saul\u0117lyd\u017eiu, vulkaninius peiza\u017eus ir atsipalaidavusi\u0105 \u017evaig\u017ed\u017ei\u0173 steb\u0117jimo sesij\u0105 viename i\u0161 skaidriausi\u0173 dang\u0173 Europoje. Teid\u0117s nacionalinis parkas yra sertifikuotas kaip \u201eStarlight Destination\u201c (\u017evaig\u017ed\u017ei\u0173 \u0161viesos vieta), o tai rei\u0161kia, kad jo dangus yra ypa\u010d \u0161varus ir be \u0161viesos tar\u0161os.<\/p>\n<h3>Svarbiausi kelion\u0117s akcentai: Teid\u0117 nakt\u012f<\/h3>\n<ul>\n<li>\ud83c\udf04 <strong>Saul\u0117lyd\u017eio stotel\u0117<\/strong>: Patirtis prasideda sustojimu, kad gal\u0117tum\u0117te pasigro\u017e\u0117ti saul\u0117lyd\u017eiu i\u0161 vieno i\u0161 nacionalinio parko ap\u017evalgos ta\u0161k\u0173. Kintan\u010dios dangaus spalvos sukuria rami\u0105 ir \u012fsimintin\u0105 akimirk\u0105, ideali\u0105 fotografavimui prie\u0161 vakaro \u017evaig\u017ed\u017ei\u0173 steb\u0117jimo dal\u012f.<\/li>\n<li>\ud83d\udd2d <strong>\u017dvaig\u017ed\u017ei\u0173 steb\u0117jimo Tenerif\u0117je patirtis<\/strong>: Sutemus gidas ai\u0161kiai ir draugi\u0161kai paai\u0161kina \u017evaig\u017edynus, naudodamas lazerin\u012f \u017eymekl\u012f. Sve\u010diai gali naudotis teleskopu, kad gal\u0117t\u0173 steb\u0117ti \u017evaig\u017edes, planetas ir tolimus dangaus objektus, tuo pa\u010diu su\u017einodami \u012fdomi\u0173 istorij\u0173, susijusi\u0173 su naktiniu dangumi.<\/li>\n<li>\ud83c\udfd4\ufe0f <strong>Teid\u0117s kalnas<\/strong>: 3715 metr\u0173 auk\u0161\u010dio Teid\u0117s kalnas yra auk\u0161\u010diausias kalnas Ispanijoje ir <a href=\"https:\/\/whc.unesco.org\/en\/list\/1258\/\" target=\"_blank\" rel=\"noopener\">UNESCO pasaulio paveldas<\/a> svetain\u0117. Jos vulkaniniai kra\u0161tovaizd\u017eiai atrodo beveik ne\u017eemi\u0161ki ir buvo naudojami kaip filmavimo vietos keliose tarptautin\u0117se produkcijose.<\/li>\n<li>\ud83c\udf7d\ufe0f <strong>Vakarien\u0117<\/strong>: Vakarien\u0117 yra \u012fskai\u010diuota \u012f kain\u0105 ir paprastai patiekiama Kanar\u0173 sal\u0173 restorane, pavyzd\u017eiui, \u201eCasa Sira\u201c, ta\u010diau konkretus restoranas gali keistis priklausomai nuo laisv\u0173 viet\u0173. Maistas yra paprastas ir vietinis, tinkamas prie\u0161 t\u0119siant nakties \u017evaig\u017ed\u017ei\u0173 steb\u0117jim\u0105. Paprastai yra galimyb\u0117 pasirinkti maist\u0105 pagal mitybos reikalavimus.<\/li>\n<\/ul>\n<h3>J\u016bs\u0173 Tenerif\u0117s \u017evaig\u017ed\u017ei\u0173 steb\u0117jimas apima<\/h3>\n<ul>\n<li>\ud83d\ude8c Pa\u0117mimas ir nuve\u017eimas i\u0161 j\u016bs\u0173 vie\u0161bu\u010dio.<\/li>\n<li>\ud83d\udde3\ufe0f Angl\u0173 kalba kalbantys gidai, kurie vis\u0105 kelion\u0117s metu teikia paai\u0161kinimus.<\/li>\n<li>\ud83d\udcf8 Keletas sustojim\u0173 fotografuoti, ypa\u010d saul\u0117lyd\u017eio metu.<\/li>\n<li>\ud83d\udcdc Vakar\u0105 praleiskite tyrin\u0117dami Teid\u0117s kra\u0161tovaizd\u017eius ir naktin\u012f dang\u0173.<\/li>\n<li>\ud83d\udcb0 Geriausios kainos garantija ir lanksti at\u0161aukimo politika.<\/li>\n<\/ul>\n<h3>Pagrindin\u0117 ekskursija \"\u017dvaig\u017ed\u017ei\u0173 steb\u0117jimas Tenerif\u0117je\" I\u0161samiau<\/h3>\n<ul>\n<li>\ud83c\udf9f\ufe0f Atsine\u0161kite savo skaitmenin\u012f CanaryVIP biliet\u0105.<\/li>\n<li>\ud83d\udeab Autobuse n\u0117ra tualeto ir jis n\u0117ra pritaikytas ve\u017eti ne\u012fgali\u0173j\u0173 ve\u017eim\u0117lius.<\/li>\n<li>\ud83c\udf7d\ufe0f Vakarien\u0117 \u012fskai\u010diuota.<\/li>\n<li>\u23f3 Ekskursija trunka apie 6 valandas.<\/li>\n<li>\ud83e\udde5 \u0160iltas aprangos yra b\u016btinas, nes nakt\u012f temperat\u016bra smarkiai nukrinta.<\/li>\n<li>\ud83d\udccc Kad gal\u0117tume tinkamai pasir\u016bpinti j\u016bs\u0173 pa\u0117mimu, pra\u0161ome pateikti tikslius vie\u0161bu\u010dio duomenis.<\/li>\n<li>\ud83c\udf25\ufe0f <strong>Orai<\/strong>: \u017dvaig\u017ed\u017ei\u0173 steb\u0117jimas priklauso nuo oro s\u0105lyg\u0173 ir negali b\u016bti visi\u0161kai garantuotas. Operatorius visada d\u0117s visas pastangas, kad u\u017etikrint\u0173 \u0161i\u0105 patirt\u012f.<\/li>\n<\/ul>\n<h3>Ekskursij\u0173 etiketas ir taisykl\u0117s<\/h3>\n<ul>\n<li>\ud83d\udd04 <strong>Lankstus at\u0161aukimas<\/strong>: Nemokamas at\u0161aukimas iki 48 valand\u0173 prie\u0161 patirt\u012f. Grup\u0117ms taikomos specialios s\u0105lygos: 5\u20137 asmen\u0173 grup\u0117s gali at\u0161aukti iki 72 valand\u0173 prie\u0161 patirt\u012f. 8\u201314 asmen\u0173 grup\u0117s turi prane\u0161ti prie\u0161 4 dienas. 15 ir daugiau asmen\u0173 grup\u0117s turi at\u0161aukti bent prie\u0161 6 dienas.<\/li>\n<li>\ud83d\udd52 <strong>Savalaiki\u0161kumas<\/strong>: Pra\u0161ome b\u016bti pasireng\u0119 nurodytame pa\u0117mimo punkte, kad i\u0161vengtum\u0117te v\u0117lavimo likusiai grupei.<\/li>\n<li>\ud83d\udce2 <strong>Laikykit\u0117s tvarkara\u0161\u010dio<\/strong>: Sve\u010diai tur\u0117t\u0173 laikytis gido nurodym\u0173, kad visi gal\u0117t\u0173 m\u0117gautis skland\u017eia ir malonia patirtimi.<\/li>\n<\/ul>\n<h4>Pagalba ir atsakomyb\u0117 kelion\u0117s metu<\/h4>\n<ul>\n<li>\u2714\ufe0f <strong>Paslaug\u0173 \u012fsipareigojimas<\/strong>: CanaryVIP u\u017etikrina skland\u0173 u\u017esakymo proces\u0105 ir ai\u0161ki\u0105 komunikacij\u0105 prie\u0161 ekskursij\u0105. Pati veikla vykdoma licencijuoto vietos operatoriaus.<\/li>\n<li>\ud83d\udde3\ufe0f <strong>Pagalba kelion\u0117s metu<\/strong>: Jei per ekskursij\u0105 kils klausim\u0173 ar i\u0161kils problem\u0173, galite kreiptis tiesiai \u012f gid\u0105, kuris yra vietoje ir pasireng\u0119s pad\u0117ti.<\/li>\n<li>\ud83d\udcb0 <strong>Gr\u0105\u017einimo politika d\u0117l kelioni\u0173 problem\u0173<\/strong>: Jei veiklos metu \u012fvyks ka\u017ekas netik\u0117to, gr\u0105\u017einimas bus atliekamas pagal nustatyt\u0105 politik\u0105, visada teikiant pirmenyb\u0119 skaidrumui ir sve\u010di\u0173 pasitenkinimui.<\/li>\n<\/ul>\n<h3>\ud83c\udf0b\ud83d\ude8c\ud83c\udfde\ufe0f U\u017esisakykite ekskursij\u0105 \u012f Teid\u0117s kaln\u0105 dabar<\/h3>\n<p>\u201eTeide by Night\u201c \u2013 tai ramus ir \u012fsimintinas b\u016bdas atrasti vien\u0105 i\u0161 \u017einomiausi\u0173 Tenerif\u0117s viet\u0173. Saul\u0117lyd\u017eio steb\u0117jimas i\u0161 nacionalinio parko ir naktinio dangaus steb\u0117jimas daro \u0161i\u0105 ekskursij\u0105 m\u0117gstamiausia poroms, \u0161eimoms ir visiems, norintiems patirti Teid\u0119 kitokiu po\u017ei\u016briu.<\/p>\n<p>Jei norite parko ap\u017ei\u016br\u0117ti ir dien\u0105, galite pasitikrinti m\u016bs\u0173 <a href=\"https:\/\/canaryvip.com\/lt\/shop\/teide-guided-bus-tour\/\">Pus\u0117s dienos ekskursija autobusu po Teid\u0119<\/a>. \u0160i dienos ekskursija apima vulkaninius kra\u0161tovaizd\u017eius, ap\u017evalgos vietas, Vilaflor kaim\u0105 ir Roques de Garc\u00eda, o jei leid\u017eia oro s\u0105lygos, galima pasiva\u017ein\u0117ti funikulieriumi.<\/p>\n<p>U\u017esisakydami abi ekskursijas per CanaryVIP, gal\u0117site m\u0117gautis visais Teid\u0117s kontrastais \u2013 nuo ry\u0161ki\u0173 dienos spalv\u0173 iki rami\u0173 \u017evaig\u017ed\u0117t\u0173 nakt\u0173.<\/p>\n<p>J\u016bs\u0173 nuotykis Teide kalne laukia, kai tik b\u016bsite pasiruo\u0161\u0119.<\/p>","protected":false},"excerpt":{"rendered":"<p><strong>\ud83d\udd0d Teid\u0117 nakt\u012f:<\/strong><br \/>\n\u2705 Saugus mok\u0117jimas.<br \/>\n\ud83d\uddfb Aplankykite Teid\u0117s nacionalin\u012f park\u0105.<br \/>\n\ud83d\udd2d Profesional\u016bs teleskopai.<br \/>\n\ud83c\udf20 \u017di\u016br\u0117ti \u017dvaig\u017ed\u0117s ir \u017evaig\u017edynai.<br \/>\n\ud83c\udf7d\ufe0f \u012eskai\u010diuotas kanarieti\u0161kas maistas.<br \/>\n\ud83e\uddc3 \u012eskai\u010diuoti g\u0117rimai.<br \/>\n\ud83d\udcc5 antradien\u012f, tre\u010diadien\u012f, ketvirtadien\u012f, penktadien\u012f, sekmadien\u012f.<br \/>\n\u23f0 Trukm\u0117 Apie 6 val.<br \/>\n\ud83d\ude8c Pasitikimas vie\u0161butyje ir i\u0161laipinimas.<br \/>\n\ud83d\udd04 48 val. nemokamas at\u0161aukimas.<br \/>\n\ud83e\udd11 Garantuojama geriausia kaina.<br \/>\n\ud83c\udf81 Galimos grupin\u0117s nuolaidos.<br \/>\n\ud83c\udf0d Vadovai j\u016bs\u0173 kalbomis.<br \/>\n\ud83c\udf1f Rezervuokite dabar ir sutaupykite!<\/p>","protected":false},"featured_media":11584,"comment_status":"open","ping_status":"closed","template":"","meta":{"_acf_changed":false},"product_brand":[],"product_cat":[52],"product_tag":[],"class_list":{"0":"post-11582","1":"product","2":"type-product","3":"status-publish","4":"has-post-thumbnail","6":"product_cat-bus-tours","7":"wcpa_has_options","9":"first","10":"instock","11":"sale","12":"virtual","13":"purchasable","14":"product-type-simple"},"acf":[],"wcpa_form_fields":{"wcpaData":{"product":{"product_price":79,"price_html":"From&nbsp;<del aria-hidden=\"true\"><span class=\"woocommerce-Price-amount amount\"><bdi>89,00&nbsp;<span class=\"woocommerce-Price-currencySymbol\">&euro;<\/span><\/bdi><\/span><\/del> <span class=\"screen-reader-text\">Pradin\u0117 kaina buvo: 89,00&nbsp;&euro;.<\/span><ins aria-hidden=\"true\"><span class=\"woocommerce-Price-amount amount\"><bdi>79,00&nbsp;<span class=\"woocommerce-Price-currencySymbol\">&euro;<\/span><\/bdi><\/span><\/ins><span class=\"screen-reader-text\">Dabartin\u0117 kaina yra: 79,00&nbsp;&euro;.<\/span>","original_product_price":89,"price_including_tax":79,"price_excluding_tax":79,"product_id":{"parent":11582,"variation":false},"is_variable":false,"stock_status":"instock","stock_quantity":null,"parent_sku":"CV11582","product_attributes":[],"custom_fields":[],"is_taxable":false,"product_name":"Star Tour Tenerife:<br\/>Teide by Night + Dinner","hasImage":false},"fields":{"sec_2665e36bde09f4":{"extra":{"key":"sec_2665e36bde09f4","section_id":"sec_2665e36bde09f4","name":"South Tenerife","status":1,"cl_rule":"show","enableCl":false,"relations":[{"operator":false,"rules":[{"operator":"AND","rules":{"cl_field":"radio-group_665df45fcbc30b","cl_relation":"is","cl_val":"Siam Park Regular Tickets"}}]}],"toggle":true,"title_tag":"h4","show_title":false,"showPrice":"default","form_id":11592,"form_rules":{"exclude_from_discount":true,"fee_label":"Fee","disp_hide_options_price":true,"disp_show_section_price":false,"disp_show_field_price":true,"layout_option":"standard","pric_use_as_fee":false,"process_fee_as":"woo_fee"},"layout_option":"standard"},"fields":[[{"label":"\ud83d\udcc5 Date","active":true,"required":true,"elementId":"date_10665e36bde0a12","picker_type":"custom","picker_mode":"single","placeholder":"","description":"","tooltip":"","name":"date_10665e36bde0a12","label_position":"default","desc_position":"default","enablePrice":false,"className":"","enableCl":false,"relations":[{"operator":"and","rules":[{"operator":"AND","rules":{"cl_field":"radio-group_665df45fcbc30b","cl_relation":"is","cl_val":"3 Hour Trip"}}]}],"date_pic_inline":true,"date_pic_inline_hide":true,"min_date":{"type":"days","val":"1"},"max_date":{"type":"days","val":"365"},"date_pic_conf":{"disabledWeeks":[1]},"price":"","cl_rule":"show","col":6,"type":"date","error":false,"enableDesign":false,"LabelColor":"","isWeightTemplate":false,"isTemplate":false,"min_quantity":"1","quantity_decimal":false,"quantity_step":"1","quantity_label":"Quantity","repeater_field_label":"{field_label}","repeater_bind":"","gt_translate_keys":["label","placeholder","description","tooltip","repeater_field_label","quantity_label"],"price_dependency":false,"cl_dependency":false,"value":""}],[{"elementId":"separator_8665e36bde0a21","separatorType":"blank","className":"","height":"10","enableCl":false,"relations":false,"cl_rule":"show","col":6,"type":"separator","gt_translate_keys":[],"price_dependency":false,"cl_dependency":false,"value":""}],[{"active":true,"col":6,"relations":false,"cl_rule":"show","enableCl":false,"price":"","enablePrice":false,"className":"","label_position":"default","desc_position":"default","type":"content","required":false,"elementId":"content_9665e36bde0a2d","label":"People","name":"content_9665e36bde0a2d","contentType":"plain","value":"","error":false,"show_in_checkout":true,"inline":false,"gt_translate_keys":["label","value"],"price_dependency":false,"cl_dependency":false}],[{"active":true,"col":6,"relations":[{"operator":false,"rules":[{"operator":"AND","rules":{"cl_field":"","cl_relation":"","cl_val":""}}]}],"cl_rule":"show","enableCl":true,"price":"79","enablePrice":true,"className":"","label_position":"default","desc_position":"default","type":"radio-group","required":false,"elementId":"radio-group_10665e36bde0a38","label":"","name":"radio-group_10665e36bde0a38","values":[{"label":"\ud83d\udc64 Adult (79\u20ac)","value":"Adult","selected":true,"tempId":"aco_32","tooltip":"+14 Years","description":"","gt_translate_keys":["label","tooltip","description"]}],"layOut":"","error":false,"checkUi":"button","priceOptions":"fixed_for_all","pricingType":"fixed","enable_quantity":true,"quantity_label":"","min_quantity":"0","options_tooltip":true,"options_description":true,"gt_translate_keys":["label","quantity_label"],"price_dependency":false,"cl_dependency":false,"value":""}],[{"label":"","active":true,"required":false,"elementId":"radio-group_10665e36bde0a43","name":"radio-group_10665e36bde0a43","label_position":"default","desc_position":"default","enablePrice":true,"className":"","enableCl":false,"relations":false,"enable_quantity":true,"quantity_label":"","min_quantity":"0","checkUi":"button","layOut":"","values":[{"label":"\ud83d\udc66 Child (49\u20ac)","value":"Child","selected":true,"tempId":"aco_32","tooltip":"4-13 Years","description":"","gt_translate_keys":["label","tooltip","description"]}],"priceOptions":"fixed_for_all","pricingType":"fixed","price":"49","cl_rule":"show","col":6,"type":"radio-group","error":false,"options_tooltip":true,"options_description":true,"gt_translate_keys":["label","quantity_label"],"price_dependency":false,"cl_dependency":false,"value":""}],[{"label":"","active":true,"required":false,"elementId":"radio-group-0497504259","name":"radio-group-0497504259","label_position":"default","desc_position":"default","enablePrice":true,"className":"","enableCl":false,"relations":false,"enable_quantity":true,"quantity_label":"","min_quantity":"0","checkUi":"button","layOut":"","options_tooltip":true,"options_description":true,"values":[{"label":"\ud83d\udc76 Infant (Free)","value":"Infant","selected":true,"tempId":"aco_32","tooltip":"0-3 Years","description":"","gt_translate_keys":["label","tooltip","description"]}],"priceOptions":"fixed_for_all","pricingType":"fixed","price":"0","cl_rule":"show","col":6,"type":"radio-group","error":false,"gt_translate_keys":["label","quantity_label"],"price_dependency":false,"cl_dependency":false,"value":""}],[{"active":true,"col":6,"relations":false,"cl_rule":"show","enableCl":false,"price":"","enablePrice":false,"className":"","label_position":"default","desc_position":"default","type":"select","required":false,"elementId":"select_5665e36bde0a4d","label":"\ud83c\udf0e Language","name":"select_5665e36bde0a4d","values":[{"label":"English","value":"English","selected":false,"tempId":"aco_389","gt_translate_keys":["label"]},{"label":"Spanish","value":"Spanish","selected":false,"tempId":"aco_390","gt_translate_keys":["label"]},{"label":"Deutsch","value":"Deutsch","selected":false,"tempId":"aco_409","gt_translate_keys":["label"]},{"label":"French","value":"French","selected":false,"tempId":"aco_581","gt_translate_keys":["label"]},{"label":"Dutch","value":"Dutch","selected":false,"tempId":"aco_672","gt_translate_keys":["label"]},{"label":"Italian","value":"Italian","selected":false,"tempId":"aco_700","gt_translate_keys":["label"]}],"dropdown_type":"basic","error":false,"isWeightTemplate":false,"isTemplate":false,"min_quantity":"1","quantity_decimal":false,"quantity_step":"1","quantity_label":"Quantity","repeater_field_label":"{field_label}","repeater_bind":"","placeholder":"Select Language","gt_translate_keys":["label","placeholder","repeater_field_label","quantity_label"],"price_dependency":false,"cl_dependency":false,"value":""}],[{"active":true,"col":6,"relations":false,"cl_rule":"show","enableCl":false,"price":"","enablePrice":false,"className":"","label_position":"default","desc_position":"default","type":"separator","required":false,"elementId":"separator_4665e36bde0a57","label":"Separator Field","height":"7","separatorType":"blank","error":false,"gt_translate_keys":["label"],"price_dependency":false,"cl_dependency":false,"value":""}],[{"active":true,"col":6,"relations":false,"cl_rule":"show","enableCl":false,"price":"","enablePrice":false,"className":"","label_position":"default","desc_position":"default","type":"text","subtype":"text","required":false,"elementId":"text_10665e36bde0a60","label":"\ud83d\ude8c Pickup Location","name":"text_10665e36bde0a60","value":"","description":"Included Pick-up service in South Tenerife. Simply provide your address or hotel name.","error":false,"gt_translate_keys":["label","description","value"],"price_dependency":false,"cl_dependency":false}]]}},"config":{"price_override":"always","enable_recaptcha":false,"bind_quantity":false,"quantity_bind_formula":false,"disp_summ_show_option_price":true,"disp_summ_show_product_price":false,"disp_summ_show_total_price":true,"disp_summ_show_fee":true,"disp_summ_show_discount":true,"summary_title":"","options_total_label":"Options Price","total_label":"Total Amount","options_product_label":"Product Price","fee_label":"Fee","discount_label":"Discount","has_price":true,"has_quantity_formula":false},"mc_unit":1,"tax_rate":1,"tax_rate_real":1,"discount":{"percentage":0,"fixed":0},"design":{"conf":{"LabelPosition":"above","DescPosition":"above","UploadField":"custom_1","QuantityFieldStyle":"custom_1"},"css":{"LeftLabelWidth":"120px"}},"formulas":[],"lookuptables":[],"clones":false,"cartKey":false}},"_links":{"self":[{"href":"https:\/\/canaryvip.com\/lt\/wp-json\/wp\/v2\/product\/11582","targetHints":{"allow":["GET"]}}],"collection":[{"href":"https:\/\/canaryvip.com\/lt\/wp-json\/wp\/v2\/product"}],"about":[{"href":"https:\/\/canaryvip.com\/lt\/wp-json\/wp\/v2\/types\/product"}],"replies":[{"embeddable":true,"href":"https:\/\/canaryvip.com\/lt\/wp-json\/wp\/v2\/comments?post=11582"}],"wp:featuredmedia":[{"embeddable":true,"href":"https:\/\/canaryvip.com\/lt\/wp-json\/wp\/v2\/media\/11584"}],"wp:attachment":[{"href":"https:\/\/canaryvip.com\/lt\/wp-json\/wp\/v2\/media?parent=11582"}],"wp:term":[{"taxonomy":"product_brand","embeddable":true,"href":"https:\/\/canaryvip.com\/lt\/wp-json\/wp\/v2\/product_brand?post=11582"},{"taxonomy":"product_cat","embeddable":true,"href":"https:\/\/canaryvip.com\/lt\/wp-json\/wp\/v2\/product_cat?post=11582"},{"taxonomy":"product_tag","embeddable":true,"href":"https:\/\/canaryvip.com\/lt\/wp-json\/wp\/v2\/product_tag?post=11582"}],"curies":[{"name":"wp","href":"https:\/\/api.w.org\/{rel}","templated":true}]}}