{"id":11553,"date":"2024-05-22T11:32:13","date_gmt":"2024-05-22T10:32:13","guid":{"rendered":"https:\/\/canaryvip.com\/?post_type=product&#038;p=11553"},"modified":"2025-08-15T16:26:48","modified_gmt":"2025-08-15T15:26:48","slug":"lala-yacht-charter-tenerife","status":"publish","type":"product","link":"https:\/\/canaryvip.com\/lt\/shop\/lala-yacht-charter-tenerife\/","title":{"rendered":"LaLa Privati jachta Tenerif\u0117"},"content":{"rendered":"<h2><strong>\ud83d\udee5\ufe0f LaLa Yacht Charter: Atraskite prabang\u0105 Tenerif\u0117je<\/strong><\/h2>\n<p>\"LaLa Yacht\" - geriausias pasirinkimas ie\u0161kantiems nepamir\u0161tam\u0173 \u012fsp\u016bd\u017ei\u0173 Tenerif\u0117je - kvie\u010dia \u012f prabangos ir nuotyki\u0173 pasaul\u012f. Sukurta taip, kad suteikt\u0173 did\u017eiausi\u0105 komfort\u0105 ir stili\u0173, \u0161i jachta si\u016blo puik\u0173 elegancijos ir moderni\u0173 patogum\u0173 derin\u012f.<\/p>\n<p>Nesvarbu, ar norite kaitintis saul\u0117je erdviame denyje, m\u0117gautis gurmani\u0161kais patiekalais, ar pasinerti \u012f kri\u0161tolo skaidrumo salos vandenis, \"LaLa Yacht\" u\u017etikrina nepamir\u0161tam\u0173 akimirk\u0173 kupin\u0105 kelion\u0119. \u0160is prabangus laivas, idealiai tinkantis \u0161eimoms, poroms ar grup\u0117ms, \u017eada skland\u0173 ir jaudinant\u012f b\u016bd\u0105 tyrin\u0117ti stulbinan\u010di\u0105 Tenerif\u0117s pakrant\u0119 ir gyvybing\u0105 j\u016bros gyvenim\u0105.<\/p>\n<h3>\u2b50\ufe0f <strong>Neprilygstamas komfortas ir pramogos laive<\/strong><\/h3>\n<p><span style=\"text-decoration: underline;\"><strong>Susipa\u017einkite su i\u0161skirtin\u0117mis \"LaLa Yacht\" savyb\u0117mis:<\/strong><\/span><\/p>\n<ul>\n<li>Erdvus denis, kuriame gal\u0117site atsipalaiduoti ir m\u0117gautis.<\/li>\n<li>Laivo priekyje \u012frengta saul\u0117s voni\u0173 zona, kurioje galima m\u0117gautis saul\u0117s spinduliais.<\/li>\n<li>Vandens nuotykiams skirta irklen\u010di\u0173 ir nardymo \u012franga.<\/li>\n<li>Neribotas g\u0117rim\u0173 kiekis, \u012fskaitant putojant\u012f vyn\u0105, balt\u0105j\u012f ir ro\u017ein\u012f vyn\u0105, al\u0173, gaiviuosius g\u0117rimus ir vanden\u012f.<\/li>\n<li>Skanus maistas, pavyzd\u017eiui, nachos su gvakamole ir vi\u0161tienos paelja.<\/li>\n<li>Dvikalb\u0117 \u012fgula, \u012fskaitant patyrus\u012f kapiton\u0105, patenkins j\u016bs\u0173 poreikius.<\/li>\n<\/ul>\n<h4>\ud83d\udea4 <strong>Leiskit\u0117s \u012f atradim\u0173 kelion\u0119<\/strong><\/h4>\n<p>J\u016bs\u0173 nuotykis prasideda <a href=\"https:\/\/www.google.com\/maps\/place\/Puerto+Col%C3%B3n\/@28.078002,-16.7394902,17z\/data=!3m2!4b1!5s0xc6a97433884bdf9:0x76d293b7b99db23a!4m6!3m5!1s0xc6a9743509c9ebf:0xd62345524f768247!8m2!3d28.078002!4d-16.7369153!16s%2Fg%2F11c6cqryw_?entry=ttu\" target=\"_blank\" rel=\"noopener\">Puerto Col\u00f3n<\/a>, esantis pa\u010dioje Kosta Adech\u0117s \u0161irdyje. \"LaLa Yacht\" gali apgyvendinti iki 12 sve\u010di\u0173, tod\u0117l u\u017etikrinama asmenin\u0117 ir i\u0161skirtin\u0117 patirtis. Rinkit\u0117s i\u0161 \u012fvairi\u0173 nuomos variant\u0173, atitinkan\u010di\u0173 j\u016bs\u0173 nuotyki\u0173 poreikius.<\/p>\n<h4>\ud83c\udf0a <strong>Dalyvaukite nepamir\u0161tamoje j\u016breivi\u0161koje veikloje<\/strong><\/h4>\n<p>\u012elip\u0119 \u012f \"LaLa Yacht\" laiv\u0105 gal\u0117site tyrin\u0117ti nuostabius Tenerif\u0117s vandenis. Nesvarbu, ar jums labiau patinka nardyti su vietos j\u016bros gyv\u016bnija, plaukioti irklent\u0117mis, ar tiesiog atsipalaiduoti ir m\u0117gautis ne\u012ftik\u0117tinais vaizdais - \u010dia kiekvienas ras k\u0105 pasirinkti. M\u016bs\u0173 \u012fgula u\u017etikrina \u012fsimintin\u0105 kelion\u0119, kupin\u0105 pramog\u0173 ir atradim\u0173.<\/p>\n<h4>\ud83d\udc2c <strong>Prabanga atitinka vert\u0119<\/strong><\/h4>\n<p>CanaryVIP pakelia j\u016bs\u0173 jacht\u0173 frachtavimo patirt\u012f su LaLa Yacht, derinant prabangi\u0105 prabang\u0105 ir neprilygstam\u0105 vert\u0119. \u012e m\u016bs\u0173 konkurencingas kainas \u012fskai\u010diuoti visi patogumai ir paslaugos, reikalingi nepaprastam j\u016br\u0173 nuotykiui.<\/p>\n<h3>\ud83d\udd52 <strong>Pasirinkite savo nuotyk\u012f: Nuo trump\u0173 kelioni\u0173 iki ilgesn\u0117s vie\u0161nag\u0117s<\/strong><\/h3>\n<ul>\n<li><strong>3 valand\u0173 atradimas<\/strong>: Puikiai tinka \u0161eimoms, norin\u010dioms pa\u017einti Tenerif\u0117s pakrant\u0117s gro\u017e\u012f ir vandens pramogas.<\/li>\n<li><strong>6 valand\u0173 tyrin\u0117jimas<\/strong>: Giliau pasinerkite \u012f Tenerif\u0117s stebuklus ir skirkite pakankamai laiko nardymui ir poilsiui.<\/li>\n<li><strong>I\u0161pl\u0117stin\u0117 chartija<\/strong>: Prat\u0119skite savo nuotyk\u012f ilgiau nei \u0161e\u0161ias valandas, sumok\u0117j\u0119 tik 150 \u20ac u\u017e papildom\u0105 valand\u0105, kad gal\u0117tum\u0117te visapusi\u0161kai susipa\u017einti su Kanar\u0173 salomis.<\/li>\n<\/ul>\n<h3>\u2705 <strong>Viskas, ko reikia puikiai dienai j\u016broje<\/strong><\/h3>\n<ul>\n<li>Nemokami gurmani\u0161ki u\u017ekand\u017eiai ir neriboti g\u0117rimai visoms am\u017eiaus grup\u0117ms.<\/li>\n<li>Patyrusi, daugiakalb\u0117 \u012fgula patenkins visus j\u016bs\u0173 poreikius.<\/li>\n<li>Visa nardymo \u012franga povandeniniams nuotykiams.<\/li>\n<li>VIP s\u0105lygos, patogios s\u0117dyn\u0117s ir didel\u0117 erdv\u0117.<\/li>\n<\/ul>\n<h3>\ud83c\udf7d\ufe0f <strong>Maistas laive<\/strong><\/h3>\n<p>\"LaLa Yacht\" metu gal\u0117site m\u0117gautis kruop\u0161\u010diai atrinktais \u0161vie\u017eiais ir skaniais patiekalais, kurie idealiai tinka dalytis poilsiaujant j\u016broje. Viskas \u012fskai\u010diuota ir patiekiama su neribotais g\u0117rimais.<\/p>\n<p>\u0160tai ko galite tik\u0117tis:<\/p>\n<ul>\n<li><strong>Iberijos m\u0117sos lenta:<\/strong>\u00a0Kokybi\u0161kos vytintos m\u0117sos, pasi\u017eymin\u010dios autenti\u0161ku ispani\u0161ku skoniu, pasirinkimas.<\/li>\n<li><strong>Kanar\u0173 s\u016bri\u0173 pasirinkimas:<\/strong>\u00a0Turtingo ir unikalaus skonio vietiniai s\u016briai.<\/li>\n<li><strong>Gran Kanarijos Almogrote su kaimi\u0161komis duonos lazdel\u0117mis:<\/strong>\u00a0Kreminis vytintas s\u016bris su trupu\u010diu mojo, patiekiamas su tra\u0161kia duona.<\/li>\n<li><strong>Nachos su gvakamole:<\/strong>\u00a0Tai \u0161vie\u017eias ir tra\u0161kus u\u017ekandis, puikiai tinkantis u\u017ekand\u017eiavimui.<\/li>\n<li><strong>Kanar\u0173 rauk\u0161l\u0117tos bulv\u0117s su raudonuoju mojo:<\/strong>\u00a0M\u0117gstamiausias vietinis patiekalas, paprastas ir kupinas skonio.<\/li>\n<li><strong>Kepta vi\u0161tiena su tra\u0161kiomis salotomis:<\/strong>\u00a0Lengvas ir sotus, idealiai tinka po plaukimo ar irklen\u010di\u0173 sesijos.<\/li>\n<li><strong>Sezoniniai vaisiai ir pyragai\u010diai:<\/strong>\u00a0Ka\u017ekas malonaus, kad u\u017ebaigtum\u0117te laive praleist\u0105 laik\u0105.<\/li>\n<\/ul>\n<p>M\u0117gaukit\u0117s puikiu maistu, gerais g\u0117rimais ir dar geresniais vaizdais - visa tai per vien\u0105 nepamir\u0161tam\u0105 kelion\u0119.<\/p>\n<h3>\ud83d\udccd <strong>I\u0161vykimas i\u0161 Puerto Kolono: J\u016bs\u0173 vartai \u012f nuotykius<\/strong><\/h3>\n<p>Kosta Adech\u0117je, prie 0 vart\u0173, \u012fsik\u016br\u0119s Puerto Col\u00f3n yra ideali prad\u017eia j\u016bs\u0173 LaLa <a href=\"https:\/\/canaryvip.com\/lt\/tenerife\/boat-hire-tenerife\/\">Jacht\u0173 nuotykiai.<\/a> Kad kelion\u0117 prasid\u0117t\u0173 skland\u017eiai, atvykite likus bent 10 minu\u010di\u0173 iki i\u0161vykimo. Patogi automobili\u0173 stov\u0117jimo aik\u0161tel\u0117 yra uoste.<\/p>\n<h4>\ud83d\udcdc <strong>Nesud\u0117tingas u\u017esakymas ir ai\u0161kios taisykl\u0117s - ramyb\u0117<\/strong><\/h4>\n<p>U\u017esisakyti \"LaLa Yacht\" nuotykius su CanaryVIP yra sklandu ir saugu. M\u016bs\u0173 politika sukurta taip, kad u\u017etikrint\u0173 j\u016bs\u0173 komfort\u0105 ir ramyb\u0119.<\/p>\n<ul>\n<li><strong>Or\u0173 garantija<\/strong>: Esant blogoms oro s\u0105lygoms, d\u0117l savo saugumo galite rinktis i\u0161 kito tvarkara\u0161\u010dio arba susigr\u0105\u017einti visus pinigus.<\/li>\n<li><strong>Lankstus at\u0161aukimas<\/strong>: At\u0161aukite arba pakeiskite tvarkara\u0161t\u012f ne v\u0117liau kaip prie\u0161 5 dienas ir atgaukite vis\u0105 sumok\u0117t\u0105 sum\u0105. V\u0117liau pinigai negr\u0105\u017einami.<\/li>\n<li><strong>Lengvai prieinami bilietai<\/strong>: Kad b\u016bt\u0173 patogiau, tur\u0117kite \u012flaipinimo kortel\u0119 telefone arba atsispausdint\u0105.<\/li>\n<li><strong>Visapusi\u0161ka prie\u017ei\u016bra<\/strong>: Jei pasijutote blogai arba kelion\u0119 baig\u0117te anks\u010diau, m\u016bs\u0173 komanda pad\u0117s, ta\u010diau tokiais atvejais pinigai negr\u0105\u017einami.<\/li>\n<li><strong>Mok\u0117jimo lankstumas<\/strong>: Pasirinkite jums tinkamiausi\u0105 mok\u0117jimo b\u016bd\u0105.<\/li>\n<\/ul>\n<p><strong>\ud83c\udf0a\ud83c\udf1f\ud83d\udee5\ufe0f U\u017esisakykite \"LaLa Yacht\" patirt\u012f su CanaryVIP dar \u0161iandien ir patirkite nepamir\u0161tam\u0173 akimirk\u0173 j\u016broje.<\/strong><\/p>","protected":false},"excerpt":{"rendered":"<p><strong>\ud83d\udd0d LaLa Yacht:<\/strong><br \/>\n\u2705 Saugus mok\u0117jimas.<br \/>\n\ud83d\udd10 Priva\u010dios ekskursijos.<br \/>\n\ud83d\udee5\ufe0f 14m Yacht Comfort.<br \/>\n\u23f3 Kasdien\u0117s 2-12 val. trukm\u0117s ekskursijos.<br \/>\n\ud83d\udd59 Pritaikomas i\u0161vykimo laikas.<br \/>\n\ud83c\udf74 Maitinimas ir g\u0117rimai \u012fskai\u010diuoti.<br \/>\n\ud83d\udc65 Iki 12 sve\u010di\u0173.<br \/>\n\ud83c\udfc4\u200d\u2640\ufe0f \u012etrauktos irklent\u0117s.<br \/>\n\ud83e\udd3f Snorkeliavimo \u012franga suteikiama.<br \/>\n\ud83d\udd0a Groti muzik\u0105.<br \/>\n\ud83e\udd11 Garantuojama geriausia kaina.<br \/>\n\ud83d\udc6a Suaktyvintos nuolaidos.<br \/>\n\ud83d\udd01 At\u0161aukimas iki 5 dien\u0173.<br \/>\n\ud83c\udf0d Daugiakalb\u0117 \u012fgula.<br \/>\n\ud83c\udf1f U\u017esisakykite anks\u010diau ir sutaupykite!<br \/>\n\ud83d\udccd I\u0161vykimas i\u0161\u00a0<a href=\"https:\/\/www.google.com\/maps\/place\/Puerto+Col%C3%B3n\/@28.0783432,-16.7368735,18.52z\/data=!4m6!3m5!1s0xc6a9743509c9ebf:0xd62345524f768247!8m2!3d28.0789928!4d-16.7359737!16s%2Fg%2F11c6cqryw_?entry=tts\">Puerto Kolonas<\/a>.<\/p>","protected":false},"featured_media":11556,"comment_status":"open","ping_status":"closed","template":"","meta":{"_acf_changed":false},"product_brand":[],"product_cat":[47],"product_tag":[],"class_list":{"0":"post-11553","1":"product","2":"type-product","3":"status-publish","4":"has-post-thumbnail","6":"product_cat-boat-hire-tenerife","7":"wcpa_has_options","9":"first","10":"instock","11":"virtual","12":"purchasable","13":"product-type-simple"},"acf":[],"wcpa_form_fields":{"wcpaData":{"product":{"product_price":815,"price_html":"From&nbsp;<span class=\"woocommerce-Price-amount amount\"><bdi>815,00&nbsp;<span class=\"woocommerce-Price-currencySymbol\">&euro;<\/span><\/bdi><\/span>","original_product_price":815,"price_including_tax":815,"price_excluding_tax":815,"product_id":{"parent":11553,"variation":false},"is_variable":false,"stock_status":"instock","stock_quantity":null,"parent_sku":"CV11553","product_attributes":[],"custom_fields":[],"is_taxable":false,"product_name":"LaLa Private Yacht Tenerife","hasImage":false},"fields":{"sec_4664dde58b0cc7":{"extra":{"key":"sec_4664dde58b0cc7","section_id":"sec_4664dde58b0cc7","name":"Default","status":1,"cl_rule":"show","enableCl":false,"relations":[],"toggle":true,"title_tag":"h3","show_title":false,"showPrice":"default","form_id":11559,"form_rules":{"exclude_from_discount":true,"fee_label":"Fee","disp_hide_options_price":true,"disp_show_section_price":false,"disp_show_field_price":true,"layout_option":"standard","pric_use_as_fee":false,"process_fee_as":"woo_fee"},"layout_option":"standard"},"fields":[[{"label":"\ud83d\udcc5 Date","active":true,"required":true,"elementId":"date_9664dde58b0ce8","picker_type":"custom","picker_mode":"single","placeholder":"","description":"","tooltip":"","name":"date_9664dde58b0ce8","label_position":"default","desc_position":"default","enablePrice":false,"className":"","enableCl":false,"relations":[{"operator":"and","rules":[{"operator":"AND","rules":{"cl_field":"radio-group_565c78ffa81208","cl_relation":"is","cl_val":"3 Hour Trip"}}]}],"date_pic_inline":true,"date_pic_inline_hide":true,"min_date":{"type":"days","val":"0"},"max_date":{"type":"days","val":"365"},"date_pic_conf":{"disabledWeeks":[]},"price":"","cl_rule":"show","col":6,"type":"date","error":false,"enableDesign":false,"LabelColor":"","date_conf_custom":{"minDate":"let d = new Date();\nif (d.getHours() >= 18) {\n  d.setDate(d.getDate() + 1);\n} else {\n  d.setDate(d.getDate() + 0);\n}\nreturn d;"},"gt_translate_keys":["label","placeholder","description","tooltip"],"price_dependency":false,"cl_dependency":false,"value":""}],[{"elementId":"separator_2664dde58b0d4d","separatorType":"blank","className":"","height":"1","enableCl":false,"relations":false,"cl_rule":"show","col":6,"type":"separator","error":false,"gt_translate_keys":[],"price_dependency":false,"cl_dependency":false,"value":""}],[{"active":true,"col":6,"relations":[{"operator":false,"rules":[{"operator":"AND","rules":{"cl_field":"radio-group_565c78ffa81208","cl_relation":"is","cl_val":"3 Hour Trip"}}]}],"cl_rule":"show","enableCl":false,"price":"","enablePrice":false,"className":"","label_position":"default","desc_position":"default","type":"select","required":false,"elementId":"select_3664dde58b0d57","label":"\u23f0 Departure","name":"select_3664dde58b0d57","values":[{"label":"09:00","value":"09:00","selected":false,"tempId":"aco_1471","gt_translate_keys":["label"]},{"label":"10:00","value":"10:00","selected":false,"tempId":"aco_1472","gt_translate_keys":["label"]},{"label":"11:00","value":"11:00","selected":false,"tempId":"aco_1500","gt_translate_keys":["label"]},{"label":"12:00","value":"12:00","selected":false,"tempId":"aco_1510","gt_translate_keys":["label"]},{"label":"13:30 (1:30 PM)","value":"13:30","selected":false,"tempId":"aco_1520","gt_translate_keys":["label"]},{"label":"14:00 (2:00 PM)","value":"14:00","selected":false,"tempId":"aco_1728","gt_translate_keys":["label"]},{"label":"15:00 (3:00 PM)","value":"15:00","selected":false,"tempId":"aco_1738","gt_translate_keys":["label"]}],"dropdown_type":"basic","error":false,"placeholder":"Whichever Time is Best","isWeightTemplate":false,"isTemplate":false,"min_quantity":"1","quantity_decimal":false,"quantity_step":"1","quantity_label":"Quantity","repeater_field_label":"{field_label}","repeater_bind":"","gt_translate_keys":["label","placeholder","repeater_field_label","quantity_label"],"price_dependency":false,"cl_dependency":false,"value":""}],[{"label":"\u2705 Number of People","active":true,"required":true,"elementId":"select_3664dde58b0d19","dropdown_type":"basic","placeholder":"Select Number of People","name":"select_3664dde58b0d19","label_position":"default","desc_position":"default","enablePrice":false,"className":"","enableCl":false,"relations":[{"operator":false,"rules":[{"operator":"AND","rules":{"cl_field":"radio-group_565c78ffa81208","cl_relation":"is","cl_val":"3 Hour Trip"}}]}],"values":[{"label":"1 person","value":"1","selected":false,"tempId":"aco_1471","price":"0","gt_translate_keys":["label"]},{"label":"2 people","value":"2","selected":false,"tempId":"aco_1472","price":"0","gt_translate_keys":["label"]},{"label":"3 people","value":"3","selected":false,"tempId":"aco_1500","price":"0","gt_translate_keys":["label"]},{"label":"4 people","value":"4","selected":false,"tempId":"aco_1510","price":"0","gt_translate_keys":["label"]},{"label":"5 people","value":"5","selected":false,"tempId":"aco_1520","price":"0","gt_translate_keys":["label"]},{"label":"6 people","value":"6","selected":false,"tempId":"aco_1728","price":"0","gt_translate_keys":["label"]},{"label":"7 people","value":"7","selected":false,"tempId":"aco_1738","price":"20","gt_translate_keys":["label"]},{"label":"8 people","value":"8","selected":false,"tempId":"aco_1748","price":"40","gt_translate_keys":["label"]},{"label":"9 people","value":"9","selected":false,"tempId":"aco_1912","price":"60","gt_translate_keys":["label"]},{"label":"10 people","value":"10","selected":false,"tempId":"aco_1922","price":"80","gt_translate_keys":["label"]},{"label":"11 people","value":"11","selected":false,"tempId":"aco_705","price":"100","gt_translate_keys":["label"]},{"label":"12 People","value":"12","selected":false,"tempId":"aco_85","gt_translate_keys":["label"]}],"price":"","cl_rule":"show","col":6,"type":"select","error":false,"priceOptions":"different_for_all","pricingType":"fixed","is_show_price":true,"gt_translate_keys":["label","placeholder"],"price_dependency":false,"cl_dependency":false,"value":""}],[{"elementId":"separator_1664dde58b0d62","separatorType":"blank","className":"","height":"1","enableCl":false,"relations":false,"cl_rule":"show","col":6,"type":"separator","error":false,"gt_translate_keys":[],"price_dependency":false,"cl_dependency":false,"value":""}],[{"contentType":"rich","active":true,"label":"","elementId":"content_8664dde58b0cf7","value":"<p>\ud83c\udf9f\ufe0f <strong>Reservation<\/strong>: Pay only a deposit now to reserve; the rest is due on the day of the activity upon arrival.<\/p>","inline":false,"name":"content_8664dde58b0cf7","enablePrice":false,"className":"","subtype":"p","enableCl":false,"relations":false,"price":"","cl_rule":"show","col":6,"type":"content","error":false,"pricingType":"custom","isTemplate":false,"is_show_price":true,"show_in_checkout":true,"gt_translate_keys":["label","value"],"price_dependency":false,"cl_dependency":false}],[{"elementId":"separator_3664dde58b0d04","separatorType":"blank","className":"","height":"3","enableCl":false,"relations":false,"cl_rule":"show","col":6,"type":"separator","error":false,"gt_translate_keys":[],"price_dependency":false,"cl_dependency":false,"value":""}],[{"active":true,"col":6,"relations":false,"cl_rule":"show","enableCl":false,"price":"","enablePrice":true,"className":"","label_position":"default","desc_position":"default","type":"select","required":true,"elementId":"select_7664dde58b0d0f","label":"\u23f3 Trip Duration","name":"select_7664dde58b0d0f","values":[{"label":"3 Hours (815\u20ac)","value":"3","selected":false,"tempId":"aco_556","price":"815","gt_translate_keys":["label"]},{"label":"4 Hours (960\u20ac)","value":"4","selected":false,"tempId":"aco_640","price":"960","gt_translate_keys":["label"]},{"label":"5 Hours (1.100\u20ac)","value":"5","selected":false,"tempId":"aco_660","price":"1100","gt_translate_keys":["label"]},{"label":"6 Hours (1.245\u20ac)","value":"6","selected":false,"tempId":"aco_566","price":"1245","gt_translate_keys":["label"]},{"label":"7 Hours (1.390\u20ac)","value":"7","selected":false,"tempId":"aco_19","price":"1390","gt_translate_keys":["label"]},{"label":"8 Hours (1.500\u20ac)","value":"8","selected":false,"tempId":"aco_792","price":"1500","gt_translate_keys":["label"]}],"dropdown_type":"basic","error":false,"placeholder":"Select Trip Duration","priceOptions":"different_for_all","pricingType":"fixed","is_show_price":true,"isTemplate":false,"isWeightTemplate":false,"min_quantity":"1","quantity_decimal":false,"quantity_step":"1","quantity_label":"Quantity","repeater_field_label":"{field_label}","repeater_bind":"","gt_translate_keys":["label","placeholder","repeater_field_label","quantity_label"],"price_dependency":["content_7664dde58b0d2e","content_5664dde58b0d38"],"cl_dependency":false,"value":""}],[{"active":true,"col":6,"relations":false,"cl_rule":"show","enableCl":false,"price":"","enablePrice":true,"className":"","label_position":"default","desc_position":"default","type":"select","required":false,"elementId":"select_6738878861","label":"\ud83d\udca6 Add jet-skis?","name":"select_6738878861","values":[{"label":"1 JetSki for 1 Hour (250\u20ac)","value":"1 JetSki","selected":false,"tempId":"aco_167","price":"250","gt_translate_keys":["label"]},{"label":"2 JetSkis for 1 Hour (500\u20ac)","value":"2 JetSkis","selected":false,"tempId":"aco_168","price":"500","gt_translate_keys":["label"]}],"isWeightTemplate":false,"error":false,"isTemplate":false,"min_quantity":"1","quantity_decimal":false,"quantity_step":"1","quantity_label":"Quantity","repeater_field_label":"{field_label}","repeater_bind":"","dropdown_type":"basic","description":"Private JetSki tour from the boat with a JetSki instructor.","priceOptions":"different_for_all","pricingType":"fixed","is_show_price":true,"placeholder":"None","gt_translate_keys":["label","placeholder","description","repeater_field_label","quantity_label"],"price_dependency":false,"cl_dependency":false,"value":""}],[{"elementId":"separator_4664dde58b0d24","separatorType":"fill","className":"","height":"6","enableCl":false,"relations":false,"cl_rule":"show","col":6,"type":"separator","error":false,"separatorColor":"#66a6b6","gt_translate_keys":[],"price_dependency":false,"cl_dependency":false,"value":""}],[{"active":true,"col":6,"relations":false,"cl_rule":"show","enableCl":false,"price":"({field.select_7664dde58b0d0f.price})*0.20","enablePrice":true,"className":"","label_position":"default","desc_position":"default","type":"content","required":false,"elementId":"content_7664dde58b0d2e","label":"Deposit Payment","name":"content_7664dde58b0d2e","contentType":"plain","value":"","error":false,"pricingType":"custom","isTemplate":true,"is_show_price":false,"enableDesign":true,"scrollBar":false,"use_as_fee":false,"fee_label":"Payment Now","inline":true,"show_in_checkout":true,"subtype":"div","formulaId":"fmla_1716380912562544169","LabelSize":"14px","gt_translate_keys":["label","value"],"price_dependency":["content_8664dde58b0d42"],"cl_dependency":false}],[{"contentType":"plain","active":true,"label":"Payment at Arrival","elementId":"content_5664dde58b0d38","value":"","inline":true,"show_in_checkout":true,"name":"content_5664dde58b0d38","enablePrice":true,"className":"","fee_label":"Payment at Arrival","subtype":"div","enableCl":false,"relations":false,"scrollBar":false,"enableDesign":true,"pricingType":"custom","isTemplate":true,"price":"({field.select_7664dde58b0d0f.price})*0.80","use_as_fee":false,"is_show_price":true,"cl_rule":"show","col":6,"type":"content","error":false,"formulaId":"fmla_1708364241278155361","LabelSize":"14px","gt_translate_keys":["label","value"],"price_dependency":["content_8664dde58b0d42"],"cl_dependency":false}],[{"contentType":"plain","active":true,"label":"Total Price","elementId":"content_8664dde58b0d42","value":"","inline":true,"show_in_checkout":true,"name":"content_8664dde58b0d42","enablePrice":true,"className":"","fee_label":"Payment at Arrival","subtype":"div","enableCl":false,"relations":false,"scrollBar":false,"enableDesign":true,"LabelSize":"14px","pricingType":"custom","isTemplate":false,"price":"({field.content_7664dde58b0d2e.price}) + ({field.content_5664dde58b0d38.price})","formulaId":"fmla_1708360988969136756","use_as_fee":false,"is_show_price":true,"cl_rule":"show","col":6,"type":"content","error":false,"gt_translate_keys":["label","value"],"price_dependency":false,"cl_dependency":false}]]}},"config":{"price_override":"always","enable_recaptcha":false,"bind_quantity":false,"quantity_bind_formula":false,"disp_summ_show_option_price":true,"disp_summ_show_product_price":false,"disp_summ_show_total_price":false,"disp_summ_show_fee":true,"disp_summ_show_discount":true,"summary_title":"","options_total_label":"Options Price","total_label":"Deposit Amount","options_product_label":"Product Price","fee_label":"Fee","discount_label":"Discount","has_price":true,"has_quantity_formula":false},"mc_unit":1,"tax_rate":1,"tax_rate_real":1,"discount":{"percentage":0,"fixed":0},"design":{"conf":{"LabelPosition":"above","DescPosition":"above","UploadField":"custom_1","QuantityFieldStyle":"custom_1"},"css":{"LeftLabelWidth":"120px"}},"formulas":{"fmla_1708364241278155361":"(({field.select_7664dde58b0d0f.value}>=8)?(1170):(({field.select_7664dde58b0d0f.value}>=7)?(1057.50):(({field.select_7664dde58b0d0f.value}>=6)?(945):(({field.select_7664dde58b0d0f.value}>=5)?(840):(({field.select_7664dde58b0d0f.value}>=4)?(727.50):(({field.select_7664dde58b0d0f.value}>=3)?(615):(0)))))))","fmla_1716380912562544169":"(({field.select_7664dde58b0d0f.value}>=8)?(330+{field.select_6738878861.price}):(({field.select_7664dde58b0d0f.value}>=7)?(332.50+{field.select_6738878861.price}):(({field.select_7664dde58b0d0f.value}>=6)?(300+{field.select_6738878861.price}):(({field.select_7664dde58b0d0f.value}>=5)?(260+{field.select_6738878861.price}):(({field.select_7664dde58b0d0f.value}>=4)?(232.50+{field.select_6738878861.price}):(({field.select_7664dde58b0d0f.value}>=3)?(200+{field.select_6738878861.price}):(0)))))))"},"lookuptables":[],"clones":false,"cartKey":false}},"_links":{"self":[{"href":"https:\/\/canaryvip.com\/lt\/wp-json\/wp\/v2\/product\/11553","targetHints":{"allow":["GET"]}}],"collection":[{"href":"https:\/\/canaryvip.com\/lt\/wp-json\/wp\/v2\/product"}],"about":[{"href":"https:\/\/canaryvip.com\/lt\/wp-json\/wp\/v2\/types\/product"}],"replies":[{"embeddable":true,"href":"https:\/\/canaryvip.com\/lt\/wp-json\/wp\/v2\/comments?post=11553"}],"wp:featuredmedia":[{"embeddable":true,"href":"https:\/\/canaryvip.com\/lt\/wp-json\/wp\/v2\/media\/11556"}],"wp:attachment":[{"href":"https:\/\/canaryvip.com\/lt\/wp-json\/wp\/v2\/media?parent=11553"}],"wp:term":[{"taxonomy":"product_brand","embeddable":true,"href":"https:\/\/canaryvip.com\/lt\/wp-json\/wp\/v2\/product_brand?post=11553"},{"taxonomy":"product_cat","embeddable":true,"href":"https:\/\/canaryvip.com\/lt\/wp-json\/wp\/v2\/product_cat?post=11553"},{"taxonomy":"product_tag","embeddable":true,"href":"https:\/\/canaryvip.com\/lt\/wp-json\/wp\/v2\/product_tag?post=11553"}],"curies":[{"name":"wp","href":"https:\/\/api.w.org\/{rel}","templated":true}]}}