{"id":11531,"date":"2024-05-21T11:43:07","date_gmt":"2024-05-21T10:43:07","guid":{"rendered":"https:\/\/canaryvip.com\/?post_type=product&#038;p=11531"},"modified":"2025-06-29T00:06:38","modified_gmt":"2025-06-28T23:06:38","slug":"history-music-tenerife","status":"publish","type":"product","link":"https:\/\/canaryvip.com\/lt\/shop\/history-music-tenerife\/","title":{"rendered":"Istorija, Muzikos raida:<br\/>Tenerif\u0117s naktinis \u0161ou"},"content":{"rendered":"<h2>\ud83c\udfb6 Atraskite istorij\u0105, muzikos raid\u0105 Tenerif\u0117je<\/h2>\n<p>Pasinerkite \u012f nepamir\u0161tam\u0105 muzikin\u0119 kelion\u0119 \"History: Muzikos evoliucija\" Tenerif\u0117je, kuri\u0105 pristato Auditorio Pir\u00e1mide de Arona. \u0160iame \u012fsp\u016bdingame renginyje, kur\u012f galima pamatyti per CanaryVIP, pristatomos \u017eymiausios muzikos istorijos akimirkos, o jame dalyvauja \u012fvairialypis 30 talenting\u0173 atlik\u0117j\u0173 i\u0161 15 skirting\u0173 \u0161ali\u0173 ansamblis.<\/p>\n<p>I\u0161gyvenkite u\u017eburiant\u012f gyvos muzikos, energing\u0173 \u0161oki\u0173 ir stulbinan\u010di\u0173 choreografij\u0173 vakar\u0105, kuriame atiduodama duokl\u0117 muzikos legendoms nuo Mozarto iki Michaelo Jacksono. \u0160is 2 valand\u0173 trukm\u0117s spektaklis su 15 minu\u010di\u0173 pertrauka \u017eada vakar\u0105, pripildyt\u0105 ritm\u0173 ir gars\u0173, kurie suformavo m\u016bs\u0173 pasaul\u012f.<\/p>\n<h3>\ud83c\udf1f Kelion\u0117 per muzikos epochas<\/h3>\n<p><strong>Muzikos evoliucija:<\/strong> \u0160is spektaklis nukels jus \u012f u\u017eburian\u010di\u0105 kelion\u0119 laiku, kurioje skamb\u0117s Beethoveno, Caruso, Elvio, \"The Beatles\", \"Queen\", ABBA, \"Pink Floyd\" ir daugelio kit\u0173 atlik\u0117j\u0173 k\u016briniai. Nuo viduram\u017ei\u0173 iki \u0161iandienos hit\u0173 - kiekviena epocha atgimsta kvap\u0105 gniau\u017eian\u010diomis audiovizualin\u0117mis priemon\u0117mis ir priblo\u0161kian\u010diais kostiumais.<\/p>\n<p><strong>Dinaminis veikimas:<\/strong> Gyvos muzikos, \u0161okio, teatro ir akrobatikos derinys sukuria dinami\u0161k\u0105 ir \u012ftraukiant\u012f regin\u012f, tinkant\u012f \u012fvairaus am\u017eiaus \u017emon\u0117ms. Stulbinantys pasirodymai ir gyvai atliekami gars\u016bs garso takeliai bei Brodv\u0117jaus hitai u\u017etikrina \u012fsimintin\u0105 vakar\u0105 kiekvienam lankytojui.<\/p>\n<h3>\ud83d\udccd Vieta ir tvarkara\u0161tis<\/h3>\n<p><strong>Vieta:<\/strong> Paroda vyksta eleganti\u0161kame <a href=\"https:\/\/www.google.com\/maps\/place\/Pir%C3%A1mide+de+Arona\/@28.05472,-16.7337319,17z\/data=!3m1!4b1!4m6!3m5!1s0xc6a977926d44d3d:0x16c097dc6a370b29!8m2!3d28.05472!4d-16.731157!16s%2Fg%2F1vyxknvw?entry=tts&amp;g_ep=EgoyMDI0MDUxOC4wKgBIAVAD\" target=\"_blank\" rel=\"noopener\">Auditorio Pir\u00e1mide de Arona<\/a>, esantis Playa de las Am\u00e9ricas, Tenerif\u0117je. Didel\u0117 po\u017eemin\u0117 automobili\u0173 stov\u0117jimo aik\u0161tel\u0117 yra prekybos centre \"Oasis\", esan\u010diame tiesiai prie\u0161ais vie\u0161nag\u0117s viet\u0105.<\/p>\n<p><strong>Tvarkara\u0161tis:<\/strong> Spektaklis rodomas kiekvien\u0105 \u0161e\u0161tadien\u012f, durys atidaromos 20:00, o spektaklis prasideda 21:00. Vietos neskirstomos, tod\u0117l s\u0117dima eil\u0117s tvarka.<\/p>\n<h3>\ud83c\udf9f\ufe0f Biliet\u0173 parinktys ir kainos<\/h3>\n<p>CanaryVIP si\u016blo bilietus \u012f \"Istorija: Muzikos evoliucija\" su geriausios kainos garantija. Biliet\u0173 kaina - 49 \u20ac asmeniui. M\u0117gaukit\u0117s grup\u0117ms taikomomis nuolaidomis, kad patirtis b\u016bt\u0173 prieinamesn\u0117, tod\u0117l \u0161is spektaklis puikiai tinka \u0161eimoms, draugams ir ypatingoms progoms. U\u017esisakykite bilietus dabar, kad u\u017esitikrintum\u0117te viet\u0105 nepamir\u0161tamam vakarui.<\/p>\n<h3>\ud83d\udcc5 Lanksti rezervavimo ir at\u0161aukimo tvarka<\/h3>\n<p><strong>Nemokamas at\u0161aukimas:<\/strong> At\u0161aukite u\u017esakym\u0105 likus ne daugiau kaip 24 valandoms iki pasirodymo ir atgaukite vis\u0105 sumok\u0117t\u0105 sum\u0105. Jei neat\u0161auksite arba nepasirodysite, pinigai nebus gr\u0105\u017einami.<\/p>\n<p><strong>Priva\u010dios parodos:<\/strong> Taip pat si\u016blome galimyb\u0119 u\u017esakyti priva\u010dius pasirodymus \u012fmoni\u0173 i\u0161vykoms ir specialiems renginiams. <a href=\"https:\/\/canaryvip.com\/lt\/contact\/\">Susisiekite su mumis<\/a> daugiau informacijos apie asmeninio renginio organizavim\u0105.<\/p>\n<h3>\ud83d\udc57 Aprangos kodas ir papildoma informacija<\/h3>\n<p><strong>Aprangos kodas:<\/strong> Rekomenduojama eleganti\u0161ka laisvalaikio apranga, kuri papildo eleganti\u0161k\u0105 aplink\u0105. D\u017einsai ir gra\u017e\u016bs mar\u0161kin\u0117liai yra priimtini, ta\u010diau sportin\u0117 apranga ir \u0161ortai nerekomenduojami, kad b\u016bt\u0173 i\u0161laikytas rafinuotas parodos stilius.<\/p>\n<p><strong>Parodos \u012f\u0117jimas:<\/strong> Kad b\u016bt\u0173 patogu naudotis \"Istorija: Muzikos evoliucija\", pra\u0161ome naudotis nurodytu \u012f\u0117jimu, esan\u010diu vie\u0161bu\u010dio pagrindinio \u012f\u0117jimo kair\u0117je pus\u0117je. \u0160is \u012f\u0117jimas yra specialiai rezervuotas parodos dalyviams, tod\u0117l \u012f renginio viet\u0105 pateksite skland\u017eiai ir be r\u016bpes\u010di\u0173.<\/p>\n<h3>\ud83c\udfad Prisijunkite prie m\u016bs\u0173 ir praleiskite nepamir\u0161tam\u0105 vakar\u0105<\/h3>\n<p>Patirkite \"Istorijos magij\u0105: Muzikos evoliucijos \u0161ou\" su CanaryVIP. Leiskite mums pakeliauti po turting\u0105 muzikos istorij\u0105 su gyvais pasirodymais, kurie su\u017eav\u0117s ir \u012fkv\u0117ps.<\/p>\n<p>U\u017esisakykite bilietus jau dabar, kad gal\u0117tum\u0117te m\u0117gautis elegancija, pramogomis ir kult\u016briniais \u012fsp\u016bd\u017eiais Tenerif\u0117s \u0161irdyje.<\/p>\n<p>U\u017esisakykite bilietus \u012f \u0161\u012f privalom\u0105 vakarin\u012f \u0161ou Tenerif\u0117je jau \u0161iandien! \ud83c\udf1f\ud83c\udfb6<\/p>","protected":false},"excerpt":{"rendered":"<p><strong>\ud83d\udd0d \"Istorijos\" muzikos \u0161ou:<\/strong><br \/>\n\u2705 Saugus mok\u0117jimas.<br \/>\n\ud83c\udfa4 Muzikinis \u0161ou.<br \/>\n\ud83c\udfb6 +30 talenting\u0173 meninink\u0173.<br \/>\n\ud83d\udcc6 kiekvien\u0105 \u0161e\u0161tadien\u012f.<br \/>\n\u23f0 Durys atidaromos 20:00 val.<br \/>\n\ud83d\udd58 \u0160ou prasideda 21:00 val.<br \/>\n\u23f3 Trukm\u0117 \u2248 2:15 val.<br \/>\n\ud83c\udf0d Angl\u0173 kalbos \u0161eimininkas.<br \/>\n\ud83d\ude80 Naujas \u0161ou Tenerif\u0117je!<br \/>\n\ud83e\udd11 Garantuojama geriausia kaina.<br \/>\n\ud83d\udc6a Nuolaidos grup\u0117ms.<br \/>\n\ud83d\udd01 Nemokamas at\u0161aukimas iki 24 val.<br \/>\n\ud83d\udccd Vieta <a href=\"https:\/\/www.google.com\/maps\/place\/Pir%C3%A1mide+de+Arona\/@28.05472,-16.7337319,17z\/data=!3m1!4b1!4m6!3m5!1s0xc6a977926d44d3d:0x16c097dc6a370b29!8m2!3d28.05472!4d-16.731157!16s%2Fg%2F1vyxknvw?entry=tts&amp;g_ep=EgoyMDI0MDUxOC4wKgBIAVAD\">Pir\u00e1mide de Arona.<\/a><\/p>","protected":false},"featured_media":11532,"comment_status":"open","ping_status":"closed","template":"","meta":{"_acf_changed":false},"product_brand":[],"product_cat":[59],"product_tag":[],"class_list":{"0":"post-11531","1":"product","2":"type-product","3":"status-publish","4":"has-post-thumbnail","6":"product_cat-evening-shows","7":"wcpa_has_options","9":"first","10":"instock","11":"virtual","12":"purchasable","13":"product-type-simple"},"acf":[],"wcpa_form_fields":{"wcpaData":{"product":{"product_price":49,"price_html":"From&nbsp;<span class=\"woocommerce-Price-amount amount\"><bdi>49,00&nbsp;<span class=\"woocommerce-Price-currencySymbol\">&euro;<\/span><\/bdi><\/span>","original_product_price":49,"price_including_tax":49,"price_excluding_tax":49,"product_id":{"parent":11531,"variation":false},"is_variable":false,"stock_status":"instock","stock_quantity":null,"parent_sku":"CV11531","product_attributes":[],"custom_fields":[],"is_taxable":false,"product_name":"History, The Evolution of Music:<br\/>Tenerife Night Show","hasImage":false},"fields":{"sec_10664c7e1fdf7bf":{"extra":{"key":"sec_10664c7e1fdf7bf","section_id":"sec_10664c7e1fdf7bf","name":"Tickets","status":1,"cl_rule":"show","enableCl":false,"relations":[{"operator":false,"rules":[{"operator":"AND","rules":{"cl_field":"radio-group_5664c7e1fdf7be","cl_relation":"is","cl_val":"Gold Entrance"}}]}],"toggle":true,"title_tag":"h4","show_title":false,"showPrice":"default","form_id":11537,"form_rules":{"exclude_from_discount":true,"fee_label":"Fee","disp_hide_options_price":true,"disp_show_section_price":false,"disp_show_field_price":true,"layout_option":"standard","pric_use_as_fee":false,"process_fee_as":"woo_fee"},"layout_option":"standard"},"fields":[[{"label":"\ud83d\udcc5 Date","active":true,"required":true,"elementId":"date_7664c7e1fdf7ad","picker_type":"custom","picker_mode":"single","placeholder":"","description":"","tooltip":"","name":"date_7664c7e1fdf7ad","label_position":"default","desc_position":"default","enablePrice":false,"className":"","enableCl":false,"relations":[{"operator":"and","rules":[{"operator":"AND","rules":{"cl_field":"radio-group_5664c7e1fdf7be","cl_relation":"is_not_empty","cl_val":"3 Hour Trip"}}]}],"date_pic_inline":true,"date_pic_inline_hide":true,"min_date":{"type":"days","val":"0"},"max_date":{"type":"days","val":"365"},"date_pic_conf":{"disabledWeeks":[0,1,2,3,4,5],"disabledDates":["2025-09-20","2025-09-29","2025-10-04","2025-11-13 to 2025-12-13","2026-09-26","2026-10-10","2026-10-17"]},"price":"","cl_rule":"show","col":6,"type":"date","error":false,"enableDesign":false,"LabelColor":"","date_conf_custom":{"minDate":"let d = new Date();\nif (d.getHours() >= 21) {\n  d.setDate(d.getDate() + 1);\n} else {\n  d.setDate(d.getDate() + 0);\n}\nreturn d;"},"isWeightTemplate":false,"isTemplate":false,"min_quantity":"1","quantity_decimal":false,"quantity_step":"1","quantity_label":"Quantity","repeater_field_label":"{field_label}","repeater_bind":"","gt_translate_keys":["label","placeholder","description","tooltip","repeater_field_label","quantity_label"],"price_dependency":false,"cl_dependency":false,"value":""}],[{"active":true,"col":6,"relations":false,"cl_rule":"show","enableCl":false,"price":"","enablePrice":false,"className":"","label_position":"default","desc_position":"default","type":"separator","required":false,"elementId":"separator_7664c7e1fdf7cc","label":"Separator Field","height":"8","separatorType":"blank","error":false,"gt_translate_keys":["label"],"price_dependency":false,"cl_dependency":false,"value":""}],[{"active":true,"col":6,"relations":false,"cl_rule":"show","enableCl":false,"price":"","enablePrice":false,"className":"","label_position":"default","desc_position":"default","type":"content","required":false,"elementId":"content_1664c7e1fdf7d8","label":"People","name":"content_1664c7e1fdf7d8","contentType":"plain","value":"","error":false,"show_in_checkout":true,"inline":false,"gt_translate_keys":["label","value"],"price_dependency":false,"cl_dependency":false}],[{"active":true,"col":6,"relations":[{"operator":false,"rules":[{"operator":"AND","rules":{"cl_field":"","cl_relation":"","cl_val":""}}]}],"cl_rule":"show","enableCl":true,"price":"49","enablePrice":true,"className":"","label_position":"default","desc_position":"default","type":"radio-group","required":false,"elementId":"radio-group_9664c7e1fdf7e3","label":"","name":"radio-group_9664c7e1fdf7e3","values":[{"label":"\ud83d\udc64 Adult (49\u20ac)","value":"Adult (49\u20ac)","selected":true,"tempId":"aco_32","tooltip":"+16 Years","description":"","gt_translate_keys":["label","tooltip","description"]}],"layOut":"","error":false,"checkUi":"button","priceOptions":"fixed_for_all","pricingType":"fixed","enable_quantity":true,"quantity_label":"","min_quantity":"0","options_tooltip":true,"options_description":true,"gt_translate_keys":["label","quantity_label"],"price_dependency":false,"cl_dependency":false,"value":""}],[{"label":"","active":true,"required":false,"elementId":"radio-group_3664c7e1fdf7ef","name":"radio-group_3664c7e1fdf7ef","label_position":"default","desc_position":"default","enablePrice":true,"className":"","enableCl":true,"relations":[{"operator":false,"rules":[{"operator":"AND","rules":{"cl_field":"","cl_relation":"","cl_val":""}}]}],"enable_quantity":true,"quantity_label":"","min_quantity":"0","checkUi":"button","layOut":"","options_tooltip":true,"options_description":true,"values":[{"label":"\ud83d\udc66 Child (25\u20ac)","value":"Child","selected":true,"tempId":"aco_32","tooltip":"5-15 Years","description":"","gt_translate_keys":["label","tooltip","description"]}],"priceOptions":"fixed_for_all","pricingType":"fixed","price":"25","cl_rule":"show","col":6,"type":"radio-group","error":false,"gt_translate_keys":["label","quantity_label"],"price_dependency":false,"cl_dependency":false,"value":""}],[{"label":"","active":true,"required":false,"elementId":"radio-group-9164063374","name":"radio-group-9164063374","label_position":"default","desc_position":"default","enablePrice":true,"className":"","enableCl":true,"relations":[{"operator":false,"rules":[{"operator":"AND","rules":{"cl_field":"","cl_relation":"","cl_val":""}}]}],"enable_quantity":true,"quantity_label":"","min_quantity":"0","checkUi":"button","layOut":"","options_tooltip":true,"options_description":true,"values":[{"label":"\ud83d\udc76 Toddler (Free)","value":"Toddler","selected":true,"tempId":"aco_32","tooltip":"0-4 Years","description":"","gt_translate_keys":["label","tooltip","description"]}],"priceOptions":"fixed_for_all","pricingType":"fixed","price":"0","cl_rule":"show","col":6,"type":"radio-group","error":false,"gt_translate_keys":["label","quantity_label"],"price_dependency":false,"cl_dependency":false,"value":""}]]}},"config":{"price_override":"always","enable_recaptcha":false,"bind_quantity":false,"quantity_bind_formula":false,"disp_summ_show_option_price":true,"disp_summ_show_product_price":false,"disp_summ_show_total_price":true,"disp_summ_show_fee":true,"disp_summ_show_discount":true,"summary_title":"","options_total_label":"Options Price","total_label":"Total Amount","options_product_label":"Product Price","fee_label":"Fee","discount_label":"Discount","has_price":true,"has_quantity_formula":false},"mc_unit":1,"tax_rate":1,"tax_rate_real":1,"discount":{"percentage":0,"fixed":0},"design":{"conf":{"LabelPosition":"above","DescPosition":"above","UploadField":"custom_1","QuantityFieldStyle":"custom_1"},"css":{"LeftLabelWidth":"120px"}},"formulas":[],"lookuptables":[],"clones":false,"cartKey":false}},"_links":{"self":[{"href":"https:\/\/canaryvip.com\/lt\/wp-json\/wp\/v2\/product\/11531","targetHints":{"allow":["GET"]}}],"collection":[{"href":"https:\/\/canaryvip.com\/lt\/wp-json\/wp\/v2\/product"}],"about":[{"href":"https:\/\/canaryvip.com\/lt\/wp-json\/wp\/v2\/types\/product"}],"replies":[{"embeddable":true,"href":"https:\/\/canaryvip.com\/lt\/wp-json\/wp\/v2\/comments?post=11531"}],"wp:featuredmedia":[{"embeddable":true,"href":"https:\/\/canaryvip.com\/lt\/wp-json\/wp\/v2\/media\/11532"}],"wp:attachment":[{"href":"https:\/\/canaryvip.com\/lt\/wp-json\/wp\/v2\/media?parent=11531"}],"wp:term":[{"taxonomy":"product_brand","embeddable":true,"href":"https:\/\/canaryvip.com\/lt\/wp-json\/wp\/v2\/product_brand?post=11531"},{"taxonomy":"product_cat","embeddable":true,"href":"https:\/\/canaryvip.com\/lt\/wp-json\/wp\/v2\/product_cat?post=11531"},{"taxonomy":"product_tag","embeddable":true,"href":"https:\/\/canaryvip.com\/lt\/wp-json\/wp\/v2\/product_tag?post=11531"}],"curies":[{"name":"wp","href":"https:\/\/api.w.org\/{rel}","templated":true}]}}