{"id":11493,"date":"2024-05-14T14:46:09","date_gmt":"2024-05-14T13:46:09","guid":{"rendered":"https:\/\/canaryvip.com\/?post_type=product&#038;p=11493"},"modified":"2025-08-09T14:10:34","modified_gmt":"2025-08-09T13:10:34","slug":"scuba-diving-open-water-course-tenerife","status":"publish","type":"product","link":"https:\/\/canaryvip.com\/lt\/shop\/scuba-diving-open-water-course-tenerife\/","title":{"rendered":"PADI nardymas su akvalangu: Atviro vandens kursai Tenerif\u0117je"},"content":{"rendered":"<h2><strong>\ud83e\udd3f PADI atviro vandens nardymo kursai Tenerif\u0117je<\/strong><\/h2>\n<p>Atraskite geriausi\u0105 nardymo patirt\u012f su akvalangu per m\u016bs\u0173 PADI nardymo atviru vandeniu kursus Tenerif\u0117je. \u012egykite nardymo licencij\u0105 ir tyrin\u0117kite Tenerif\u0117s povandeninio pasaulio stebuklus. M\u016bs\u0173 kursai sukurti taip, kad paruo\u0161t\u0173 jus nardyti bet kokiomis s\u0105lygomis, tod\u0117l Tenerif\u0117 yra puiki vieta prad\u0117ti savo nardymo kelion\u0119.<\/p>\n<h3><strong>\u23f1\ufe0f PADI atviro vandens nardymo kursai: Patirties nereikia!<\/strong><\/h3>\n<ul>\n<li><strong>Sertifikavimas:<\/strong> Tenerif\u0117je \u012fgykite PADI atviro vandens sertifikat\u0105, leid\u017eiant\u012f nardyti bet kurioje pasaulio vietoje, \u012fskaitant kitas \u0161alis.<\/li>\n<li><strong>Vieta:<\/strong> M\u016bs\u0173 kursai vyksta profesionalioje nardymo mokykloje Los Kristianose.<\/li>\n<li><strong>Trukm\u0117:<\/strong> Kursas trunka 2-3 dienas, \u012f j\u012f \u012feina 4 nardymai ir i\u0161samios teorijos pamokos.<\/li>\n<\/ul>\n<h3><strong>\ud83c\udf0a I\u0161samios nardymo pamokos Tenerif\u0117je<\/strong><\/h3>\n<ul>\n<li><strong>Mokymas:<\/strong> Mokykit\u0117s nardyti su auk\u0161tos kvalifikacijos PADI instruktoriumi, nardydami iki did\u017eiausio 18 metr\u0173 gylio. Patirkite povandenin\u012f pasaul\u012f kaip niekada anks\u010diau, susipa\u017einkite su vandenyno srov\u0117mis, j\u016br\u0173 gyv\u016bnija ir povandeniniais d\u0117sniais.<\/li>\n<li><strong>Vaik\u0173 kursai:<\/strong> Jaunieji 10-14 met\u0173 am\u017eiaus narai taip pat gali \u012fgyti jaunesniojo PADI atviro vandens nardytojo sertifikat\u0105 ir nardyti iki 12 metr\u0173 gylyje.<\/li>\n<li>\u012e komplekt\u0105 \u012feina visa \u012franga.<\/li>\n<\/ul>\n<h3><strong>\ud83d\udc22 Nardymo s\u0105lygos Tenerif\u0117je<\/strong><\/h3>\n<ul>\n<li><strong>Vandens temperat\u016bra:<\/strong> Visus metus m\u0117gaukit\u0117s komforti\u0161komis nardymo s\u0105lygomis, kai temperat\u016bra svyruoja nuo 18 iki 25 \u00b0C.<\/li>\n<li><strong>Matomumas:<\/strong> Patirkite ai\u0161k\u0173 povandenin\u012f matomum\u0105 15-30 metr\u0173 gylyje, kuris idealiai tinka \u012fvairiems j\u016bros gyv\u016bnams, pavyzd\u017eiui, rajom, v\u0117\u017eliams, a\u0161tuonkojams ir kt., steb\u0117ti.<\/li>\n<li><strong>Patogi vieta:<\/strong> Nardymo mokykla \u012fsik\u016brusi Los Kristianose, i\u0161 kurios lengva pasiekti geriausias nardymo vietas ir i\u0161 kurios galima pasirinktinai nuvykti \u012f pietin\u0119 Tenerif\u0117s dal\u012f.<\/li>\n<\/ul>\n<h3><strong>\u2705 Kas \u012fskai\u010diuota \u012f PADI kursus Tenerif\u0117je?<\/strong><\/h3>\n<ul>\n<li>Neprivaloma \u012flaipinimo ir i\u0161laipinimo paslauga.<\/li>\n<li>Patyrusi\u0173 instruktori\u0173 vedamos nardymo pamokos.<\/li>\n<li>Spintel\u0117s asmeniniams daiktams laikyti.<\/li>\n<li>20-45 minu\u010di\u0173 nardymo laiko per u\u017esi\u0117mim\u0105.<\/li>\n<li>Daugiakalbiai vadovai, kuriuose ai\u0161kiai i\u0161d\u0117stytos instrukcijos.<\/li>\n<\/ul>\n<h3><strong>\u2696\ufe0f Nardymo su akvalangu Tenerif\u0117je u\u017esakymo ir at\u0161aukimo taisykl\u0117s<\/strong><\/h3>\n<ul>\n<li><strong>Lankstus at\u0161aukimas:<\/strong> At\u0161aukite kelion\u0119 likus ne daugiau kaip 48 valandoms iki nardymo ir atgausite vis\u0105 sumok\u0117t\u0105 sum\u0105. Suprantame, kad planai gali pasikeisti.<\/li>\n<li><strong>Priklauso nuo oro s\u0105lyg\u0173:<\/strong> Esant blogoms oro s\u0105lygoms, galite pakeisti tvarkara\u0161t\u012f arba atgauti vis\u0105 sumok\u0117t\u0105 sum\u0105. Apie tai informuosime bent prie\u0161 valand\u0105.<\/li>\n<li><strong>Medicininiai reikalavimai:<\/strong> Prie\u0161 nardym\u0105 b\u016btina u\u017epildyti medicinin\u0119 form\u0105, kad \u012fsitikintum\u0117te, jog esate tinkamas nardyti.<\/li>\n<\/ul>\n<h3><strong>\ud83c\udf92 Pasiruo\u0161imas nardymo nuotykiui<\/strong><\/h3>\n<ul>\n<li><strong>K\u0105 pasiimti su savimi:<\/strong> Maudymosi kostium\u0117lis, \u0161lepet\u0117s, rank\u0161luostis ir CanaryVIP bilietas (atspausdintas arba telefone).<\/li>\n<li><strong>Sveikata ir sauga:<\/strong> Nerekomenduojama nardyti vyresn\u0117ms nei 5 m\u0117nesi\u0173 n\u0117\u0161\u010diosioms. Dalyviai turi gerai jaustis vandenyje ir mok\u0117ti plaukti.<\/li>\n<li><strong>\u012eranga:<\/strong> Suteikiama visa reikalinga nardymo \u012franga. Asmenin\u0117s \u012frangos pasi\u0117mimas gali padidinti j\u016bs\u0173 komfort\u0105.<\/li>\n<\/ul>\n<h3>\u2753 <strong>DUK: Atsakymai \u012f j\u016bs\u0173 nardymo klausimus<\/strong><\/h3>\n<ul>\n<li><strong>Ar reikia tur\u0117ti nardymo patirties?<\/strong> Ne, m\u016bs\u0173 kursai skirti pradedantiesiems. Tiesiog b\u016bkite pasiruo\u0161\u0119 jaudinan\u010diam povandeniniam nuotykiui.<\/li>\n<li><strong>K\u0105 tur\u0117\u010diau d\u0117v\u0117ti?<\/strong> Suteikiame vis\u0105 reikiam\u0105 saugos ir nardymo \u012frang\u0105.<\/li>\n<li><strong>Ar yra am\u017eiaus apribojim\u0173?<\/strong> Tinka nuo 10 met\u0173 am\u017eiaus. 10-14 met\u0173 vaikai gali u\u017esira\u0161yti \u012f jaunesni\u0173j\u0173 atviro vandens kursus.<\/li>\n<li><strong>K\u0105 daryti, jei nepamatysiu v\u0117\u017eli\u0173 ar raj\u0173?<\/strong> Nors steb\u0117jimai da\u017eni, j\u0173 negalima garantuoti, nes tai priklauso nuo gamtos s\u0105lyg\u0173.<\/li>\n<\/ul>\n<h3><strong>\ud83d\udcc5 I\u0161sami informacija apie kurs\u0105<\/strong><\/h3>\n<ul>\n<li><strong>Trukm\u0117:<\/strong> Kursas trunka 2-3 dienas, jo metu vyksta 4 nardymai ir teorijos pamokos.<\/li>\n<li><strong>Minimalus am\u017eius:<\/strong> 10 met\u0173. Jaunieji narai (10-14 met\u0173 am\u017eiaus) sertifikuojami nardyti iki 12 metr\u0173 gylyje.<\/li>\n<li><strong>Sertifikavimas:<\/strong> Baig\u0119 kurs\u0105 gausite PADI atviro vandens nar\u0173 sertifikat\u0105, suteikiant\u012f teis\u0119 nardyti iki 18 metr\u0173 gylyje bet kurioje pasaulio vietoje, visada su partneriu.<\/li>\n<li><strong>Kurso strukt\u016bra:<\/strong>\n<ul>\n<li><strong>Teorija:<\/strong> Su\u017einokite apie \u012frang\u0105, saugum\u0105 ir povandenin\u0119 navigacij\u0105, kuri\u0105 prie\u0161 prasidedant kursui galite baigti internetu.<\/li>\n<li><strong>Praktiniai pratimai:<\/strong> \u012egykite pasitik\u0117jimo savo \u012franga atlikdami pratimus po vandeniu ir ant vandens.<\/li>\n<li><strong>Nardymai:<\/strong> Atlikite 4 nardymus - 2 iki 12 metr\u0173 ir 2 iki 18 metr\u0173, praktikuodami teorijos ir praktini\u0173 u\u017esi\u0117mim\u0173 metu \u012fgytus \u012fg\u016bd\u017eius.<\/li>\n<\/ul>\n<\/li>\n<li><strong>\u012eranga:<\/strong> Visa reikalinga \u012franga \u012fskai\u010diuota \u012f kurs\u0173 kain\u0105.<\/li>\n<li><strong>Sertifikavimas jaunesniems moksleiviams:<\/strong> 10-14 met\u0173 vaikams suteikiamas jaunesniojo atviro vandens naro sertifikatas, leid\u017eiantis nardyti iki 12 metr\u0173 gylyje.<\/li>\n<\/ul>\n<h4><strong>\ud83c\udf1e Pasiruo\u0161\u0119 pasinerti?<\/strong><\/h4>\n<p>Prad\u0117kite nepamir\u0161tam\u0105 PADI <a href=\"https:\/\/canaryvip.com\/lt\/shop\/scuba-diving-tenerife\/\">Nardymas su akvalangu<\/a> Atviro vandens kursai Tenerif\u0117je. Nesvarbu, ar nardysite Los Kristianose, ar steb\u0117site v\u0117\u017elius, ar tyrin\u0117site gyv\u0105 j\u016bros gyvenim\u0105, j\u016bs\u0173 nuotykis su CanaryVIP \u017eada \u012fsp\u016bd\u017ei\u0173 ir nei\u0161dildom\u0173 prisiminim\u0173.<\/p>\n<p>U\u017esisakykite viet\u0105 \u0161iandien ir pasinerkite \u012f vandenyno stebuklus su CanaryVIP! \ud83e\udd3f\ud83d\udc22\ud83c\udf0a<\/p>","protected":false},"excerpt":{"rendered":"<p><strong>\ud83d\udd0d PADI kursai Tenerif\u0117je:<\/strong><br \/>\n\u2705 Saugus mok\u0117jimas.<br \/>\n\ud83c\udfab Gaukite PADI sertifikat\u0105.<br \/>\n\ud83d\udc20 J\u016br\u0173 gyvyb\u0117s steb\u0117jimai.<br \/>\n\ud83d\ude80 2-3 dien\u0173 kurs\u0173 trukm\u0117.<br \/>\n\ud83e\udd3f Pateikiama \u012franga.<br \/>\n\ud83d\udd59 Rytinis i\u0161vykimas.<br \/>\n\ud83d\udcc5 Galima \u012fsigyti kasdien.<br \/>\n\ud83d\ude0e Nardymo patirties nereikia.<br \/>\n\ud83c\udfca\ud83c\udffc Reikalingi plaukimo pagrindai.<br \/>\n\ud83e\udd11 Garantuojama geriausia kaina.<br \/>\n\ud83d\ude8d Neprivaloma perve\u017eimo paslauga.<br \/>\n\ud83d\udc6a Grup\u0117s nuolaidos.<br \/>\n\ud83d\udd01 48 At\u0161aukimo politika.<br \/>\n\ud83c\udf0d Angl\u0173 ir ispan\u0173 kalb\u0173 vadovai.<br \/>\n\ud83c\udf1f U\u017esisakykite anks\u010diau ir sutaupykite.<br \/>\n\ud83d\udccd I\u0161vykimas i\u0161\u00a0<a href=\"https:\/\/maps.app.goo.gl\/g9c9rZaJv7igjr3t8\">Los Cristianos<\/a>.<\/p>","protected":false},"featured_media":11503,"comment_status":"open","ping_status":"closed","template":"","meta":{"_acf_changed":false},"product_brand":[],"product_cat":[53],"product_tag":[],"class_list":{"0":"post-11493","1":"product","2":"type-product","3":"status-publish","4":"has-post-thumbnail","6":"product_cat-water-sports","7":"wcpa_has_options","9":"first","10":"instock","11":"virtual","12":"purchasable","13":"product-type-simple"},"acf":[],"wcpa_form_fields":{"wcpaData":{"product":{"product_price":370,"price_html":"From&nbsp;<span class=\"woocommerce-Price-amount amount\"><bdi>370,00&nbsp;<span class=\"woocommerce-Price-currencySymbol\">&euro;<\/span><\/bdi><\/span>","original_product_price":370,"price_including_tax":370,"price_excluding_tax":370,"product_id":{"parent":11493,"variation":false},"is_variable":false,"stock_status":"instock","stock_quantity":null,"parent_sku":"CV11493","product_attributes":[],"custom_fields":[],"is_taxable":false,"product_name":"PADI Scuba Diving: Open Water Course Tenerife","hasImage":false},"fields":{"sec_46644afc54864b":{"extra":{"key":"sec_46644afc54864b","section_id":"sec_46644afc54864b","name":"Default","status":1,"cl_rule":"show","enableCl":false,"relations":[],"toggle":true,"title_tag":"h3","show_title":false,"showPrice":"default","form_id":11507,"form_rules":{"exclude_from_discount":true,"fee_label":"Fee","disp_hide_options_price":true,"disp_show_section_price":false,"disp_show_field_price":true,"layout_option":"standard","pric_use_as_fee":false,"process_fee_as":"woo_fee"},"layout_option":"standard"},"fields":[[{"label":"\ud83d\udcc5 Date","active":true,"required":true,"elementId":"date_96644afc54866b","picker_type":"custom","picker_mode":"single","placeholder":"","description":"","tooltip":"","name":"date_96644afc54866b","label_position":"default","desc_position":"default","enablePrice":false,"className":"","enableCl":false,"relations":[{"operator":"and","rules":[{"operator":"AND","rules":{"cl_field":"radio-group_4664295c2b9c39","cl_relation":"is","cl_val":"3 Hour Trip"}}]}],"date_pic_inline":true,"date_pic_inline_hide":true,"min_date":{"type":"days","val":"1"},"max_date":{"type":"days","val":"365"},"date_pic_conf":{"disabledWeeks":[]},"price":"","cl_rule":"show","col":6,"type":"date","error":false,"enableDesign":false,"LabelColor":"","gt_translate_keys":["label","placeholder","description","tooltip"],"price_dependency":false,"cl_dependency":false,"value":""}],[{"active":true,"col":6,"relations":false,"cl_rule":"show","enableCl":false,"price":"","enablePrice":false,"className":"","label_position":"default","desc_position":"default","type":"separator","required":false,"elementId":"separator_76644afc54867a","label":"Separator Field","height":"2","separatorType":"blank","error":false,"gt_translate_keys":["label"],"price_dependency":false,"cl_dependency":false,"value":""}]]},"sec_06644afc54875a":{"extra":{"key":"sec_06644afc54875a","section_id":"sec_06644afc54875a","name":"Dive with a License","status":1,"cl_rule":"show","enableCl":false,"relations":[{"operator":false,"rules":[{"operator":"AND","rules":{"cl_field":"radio-group_26644afc548687","cl_relation":"is","cl_val":"Dive with a License"}}]}],"toggle":true,"title_tag":"h4","show_title":false,"showPrice":"default","form_id":11507,"form_rules":{"exclude_from_discount":true,"fee_label":"Fee","disp_hide_options_price":true,"disp_show_section_price":false,"disp_show_field_price":true,"layout_option":"standard","pric_use_as_fee":false,"process_fee_as":"woo_fee"},"layout_option":"standard"},"fields":[[{"contentType":"rich","active":true,"label":"","elementId":"content_46644afc54876d","value":"<p>\ud83c\udf9f\ufe0f <strong>Reservation<\/strong>: Pay only a deposit now to reserve; the rest is due on the day of the activity upon arrival.<\/p>","inline":true,"show_in_checkout":true,"name":"content_46644afc54876d","enablePrice":false,"className":"","subtype":"div","enableCl":false,"relations":false,"price":"","cl_rule":"show","col":6,"type":"content","gt_translate_keys":["label","value"],"price_dependency":false,"cl_dependency":false}],[{"active":true,"col":6,"relations":false,"cl_rule":"show","enableCl":false,"price":"","enablePrice":true,"className":"","label_position":"default","desc_position":"default","type":"select","required":false,"elementId":"select_96644afc548776","label":"\ud83e\udeaa PADI Open Water Course","name":"select_96644afc548776","values":[{"label":"1 Person (370\u20ac)","value":"1","selected":false,"tempId":"aco_6352","price":"370","gt_translate_keys":["label"]},{"label":"2 People (740\u20ac)","value":"2","selected":false,"tempId":"aco_6353","price":"740","gt_translate_keys":["label"]},{"label":"3 People (1.110\u20ac)","value":"3","selected":false,"tempId":"aco_6354","price":"1110","gt_translate_keys":["label"]},{"label":"4 People (1.480\u20ac)","value":"4","selected":false,"tempId":"aco_922","price":"1480","gt_translate_keys":["label"]}],"dropdown_type":"basic","error":false,"priceOptions":"different_for_all","pricingType":"fixed","placeholder":"Select Amount of People","is_show_price":true,"gt_translate_keys":["label","placeholder"],"price_dependency":["content_106644afc548789","content_46644afc548793","content_76644afc54879c"],"cl_dependency":false,"value":""}],[{"elementId":"separator_106644afc548780","separatorType":"fill","separatorColor":"#66a6b6","className":"","height":"6","enableCl":false,"relations":false,"cl_rule":"show","col":6,"type":"separator","gt_translate_keys":[],"price_dependency":false,"cl_dependency":false,"value":""}],[{"contentType":"plain","active":true,"label":"Deposit Now","elementId":"content_106644afc548789","value":"","inline":true,"show_in_checkout":true,"name":"content_106644afc548789","enablePrice":true,"className":"","fee_label":"","subtype":"div","enableCl":false,"relations":false,"scrollBar":false,"enableDesign":true,"LabelColor":"","LabelSize":"14px","pricingType":"custom","isTemplate":false,"price":"{field.select_96644afc548776.price}*0.1581081","use_as_fee":false,"is_show_price":false,"cl_rule":"show","col":6,"type":"content","error":false,"formulaId":"fmla_1715641843927697789","gt_translate_keys":["label","value"],"price_dependency":false,"cl_dependency":false}],[{"contentType":"plain","active":true,"label":"Payment at Arrival","elementId":"content_46644afc548793","value":"","inline":true,"show_in_checkout":true,"name":"content_46644afc548793","enablePrice":true,"className":"","fee_label":"","subtype":"div","enableCl":false,"relations":[{"operator":false,"rules":[{"operator":"AND","rules":{"cl_field":"content_86644afc5486bd","cl_relation":"is_not_empty","cl_val":""}}]}],"scrollBar":false,"enableDesign":true,"LabelColor":"","LabelSize":"14px","pricingType":"custom","isTemplate":false,"price":"{field.select_96644afc548776.price}*0.8418919","use_as_fee":false,"is_show_price":true,"cl_rule":"disable","col":6,"type":"content","error":false,"formulaId":"fmla_1715642020961697970","gt_translate_keys":["label","value"],"price_dependency":false,"cl_dependency":false}],[{"contentType":"plain","active":true,"label":"Total Amount","elementId":"content_76644afc54879c","value":"","inline":true,"show_in_checkout":true,"name":"content_76644afc54879c","enablePrice":true,"className":"","fee_label":"","subtype":"div","enableCl":false,"relations":[{"operator":false,"rules":[{"operator":"AND","rules":{"cl_field":"content_86644afc5486bd","cl_relation":"is_not_empty","cl_val":""}}]}],"scrollBar":false,"enableDesign":true,"LabelColor":"","LabelSize":"14px","pricingType":"custom","isTemplate":false,"price":"{field.select_96644afc548776.price}","use_as_fee":false,"is_show_price":true,"cl_rule":"disable","col":6,"type":"content","error":false,"gt_translate_keys":["label","value"],"price_dependency":false,"cl_dependency":false}]]},"sec_16644afc54879d":{"extra":{"key":"sec_16644afc54879d","section_id":"sec_16644afc54879d","name":"Pickup Location","status":1,"cl_rule":"show","enableCl":false,"relations":[],"toggle":true,"title_tag":"h4","show_title":false,"showPrice":"default","form_id":11507,"form_rules":{"exclude_from_discount":true,"fee_label":"Fee","disp_hide_options_price":true,"disp_show_section_price":false,"disp_show_field_price":true,"layout_option":"standard","pric_use_as_fee":false,"process_fee_as":"woo_fee"},"layout_option":"standard"},"fields":[[{"active":true,"col":6,"relations":[{"operator":false,"rules":[{"operator":"AND","rules":{"cl_field":"radio-group_4664295c2b9c39","cl_relation":"is","cl_val":"3 Hour Trip"}}]}],"cl_rule":"show","enableCl":false,"price":"","enablePrice":false,"className":"","label_position":"default","desc_position":"default","type":"select","required":true,"elementId":"select_106644afc5487a6","label":"\u23f0 Departure Time","name":"select_106644afc5487a6","values":[{"label":"9:00 AM","value":"9:00","selected":true,"tempId":"aco_1450","gt_translate_keys":["label"]}],"dropdown_type":"basic","error":false,"placeholder":"","gt_translate_keys":["label","placeholder"],"price_dependency":false,"cl_dependency":false,"value":""}],[{"active":true,"col":6,"relations":false,"cl_rule":"show","enableCl":false,"price":"","enablePrice":false,"className":"","label_position":"default","desc_position":"default","type":"separator","required":false,"elementId":"separator_46644afc5487b0","label":"Separator Field","height":"1","separatorType":"blank","error":false,"gt_translate_keys":["label"],"price_dependency":false,"cl_dependency":false,"value":""}],[{"active":true,"col":6,"relations":[{"operator":false,"rules":[{"operator":false,"rules":{"cl_field":"radio-group_4664295c2b9c39","cl_relation":"is_not","cl_val":"4.5 Hour Trip from North Tenerife"}}]}],"cl_rule":"show","enableCl":false,"price":"","enablePrice":false,"className":"","label_position":"default","desc_position":"default","type":"text","subtype":"text","required":false,"elementId":"text_66644afc5487b9","label":"\ud83d\ude8c Pickup Location","name":"text_66644afc5487b9","value":"","error":false,"description":"Pick-up service in Tenerife South available for an extra 2\u20ac per person, to be paid on arrival. Please provide your address or hotel name to book the shuttle service; if not needed, leave it blank. | For Callao Salvaje and Palm-Mar, the extra cost is 4\u20ac per person | El M\u00e9dano: 15\u20ac per car | Golf del Sur: 10\u20ac per car.","repeater":false,"repeater_field_label":"{field_label}","repeater_bind":"","gt_translate_keys":["label","description","value","repeater_field_label"],"price_dependency":false,"cl_dependency":false}]]}},"config":{"price_override":"always","enable_recaptcha":false,"bind_quantity":false,"quantity_bind_formula":false,"disp_summ_show_option_price":true,"disp_summ_show_product_price":false,"disp_summ_show_total_price":false,"disp_summ_show_fee":true,"disp_summ_show_discount":true,"summary_title":"","options_total_label":"Options Price","total_label":"Deposit Amount","options_product_label":"Product Price","fee_label":"Fee","discount_label":"Discount","has_price":true,"has_quantity_formula":false},"mc_unit":1,"tax_rate":1,"tax_rate_real":1,"discount":{"percentage":0,"fixed":0},"design":{"conf":{"LabelPosition":"above","DescPosition":"above","UploadField":"custom_1","QuantityFieldStyle":"custom_1"},"css":{"LeftLabelWidth":"120px"}},"formulas":{"fmla_1715641843927697789":"(({field.select_5483136313.value}>=3)?(24):(({field.select_5483136313.value}>=2)?(38):(({field.select_5483136313.value}>=1)?(52):(0))))","fmla_1715642020961697970":"(({field.select_5483136313.value}>=3)?(56):(({field.select_5483136313.value}>=2)?(112):(({field.select_5483136313.value}>=1)?(168):(0))))"},"lookuptables":[],"clones":false,"cartKey":false}},"_links":{"self":[{"href":"https:\/\/canaryvip.com\/lt\/wp-json\/wp\/v2\/product\/11493","targetHints":{"allow":["GET"]}}],"collection":[{"href":"https:\/\/canaryvip.com\/lt\/wp-json\/wp\/v2\/product"}],"about":[{"href":"https:\/\/canaryvip.com\/lt\/wp-json\/wp\/v2\/types\/product"}],"replies":[{"embeddable":true,"href":"https:\/\/canaryvip.com\/lt\/wp-json\/wp\/v2\/comments?post=11493"}],"wp:featuredmedia":[{"embeddable":true,"href":"https:\/\/canaryvip.com\/lt\/wp-json\/wp\/v2\/media\/11503"}],"wp:attachment":[{"href":"https:\/\/canaryvip.com\/lt\/wp-json\/wp\/v2\/media?parent=11493"}],"wp:term":[{"taxonomy":"product_brand","embeddable":true,"href":"https:\/\/canaryvip.com\/lt\/wp-json\/wp\/v2\/product_brand?post=11493"},{"taxonomy":"product_cat","embeddable":true,"href":"https:\/\/canaryvip.com\/lt\/wp-json\/wp\/v2\/product_cat?post=11493"},{"taxonomy":"product_tag","embeddable":true,"href":"https:\/\/canaryvip.com\/lt\/wp-json\/wp\/v2\/product_tag?post=11493"}],"curies":[{"name":"wp","href":"https:\/\/api.w.org\/{rel}","templated":true}]}}