{"id":11456,"date":"2024-05-12T23:05:18","date_gmt":"2024-05-12T22:05:18","guid":{"rendered":"https:\/\/canaryvip.com\/?post_type=product&#038;p=11456"},"modified":"2026-03-05T17:06:36","modified_gmt":"2026-03-05T17:06:36","slug":"party-boat-tenerife","status":"publish","type":"product","link":"https:\/\/canaryvip.com\/lt\/shop\/party-boat-tenerife\/","title":{"rendered":"Utopia Boat Party Tenerif\u0117"},"content":{"rendered":"<h2>\ud83c\udf89 Vakar\u0117li\u0173 laivas Tenerif\u0117 su CanaryVIP<\/h2>\n<p><strong>Patirkite nepamir\u0161tam\u0173 pramog\u0173 su CanaryVIP:<\/strong> Pasinerkite \u012f nepaprast\u0105 nuotyk\u012f su m\u016bs\u0173 \"Party Boat Tenerife\" bilietais. \u0160i jaudinanti kelion\u0117 prasideda Puerto Col\u00f3n, o jos metu skamba energinga muzika, \u0161vie\u010dia nuostab\u016bs saul\u0117s spinduliai ir plaukioja kosmopoliti\u0161ka publika.<\/p>\n<p><strong>CanaryVIP<\/strong> CanaryVIP si\u016blo bilietus \u012f \u012fdomiausius Tenerif\u0117s val\u010di\u0173 vakar\u0117lius, \u017ead\u0117dama unikali\u0105 ir nepamir\u0161tam\u0105 patirt\u012f, kurioje susipina jaudinantis i\u0161ankstinis vakar\u0117lis, energinga kelion\u0117 valtimi ir jaudinantis vakar\u0117lis po vakar\u0117lio.<\/p>\n<p><strong>Did\u017eiausia vakar\u0117lio patirtis:<\/strong>\u00a0: Prisijunkite prie m\u016bs\u0173 ir dalyvaukite \u0161ioje \u0161vent\u0117je, kokios dar n\u0117ra buv\u0119. Nuostabus House, RnB, Hip Hop, DnB, EDM ir Reggaeton mi\u0161inys, kur\u012f u\u017etikrina auk\u0161\u010diausio lygio garso sistema. Profesional\u016bs did\u017e\u0117jai ir ved\u0117jai u\u017etikrina nenutr\u016bkstamas pramogas, tod\u0117l tai yra geriausias vakar\u0117li\u0173 laivas Tenerif\u0117je.<\/p>\n<h3>\ud83c\udf9f\ufe0f Biliet\u0173 parinktys<\/h3>\n<p>\u012e visus bilietus \u012feinama \u012f legendin\u012f 3 valand\u0173 trukm\u0117s vakar\u0117l\u012f laive, kuriame skamb\u0117s House, RnB, Hip Hop, DnB, EDM ir Reggaeton muzika, kuri\u0105 atliks geriausi rezidentai did\u017e\u0117jai ir MC, did\u017eiul\u0117 15 000 vat\u0173 \"Utopia\" garso sistema ir nemokamos profesionalios nuotraukos internete. Rinkit\u0117s i\u0161 \u0161i\u0173 biliet\u0173 variant\u0173:<\/p>\n<ul>\n<li><strong>Pagrindinis bilietas:<\/strong> \u012e kain\u0105 \u012fskai\u010diuoti 4 g\u0117rimai i\u0161 vietini\u0173 stipri\u0173j\u0173 g\u0117rim\u0173 (romas, viskis, d\u017einas, degtin\u0117, kokos\u0173 likeris, amaretas), \"Victoria M\u00e1laga\" alus arba nealkoholiniai g\u0117rimai (kola, apelsinas, citrina, sprite).<\/li>\n<li><strong>Standartinis atviro baro bilietas:<\/strong> \u012eskai\u010diuotas neribotas 3 valand\u0173 trukm\u0117s atviras baras su vietiniu alumi, spiritiniais g\u0117rimais ir mai\u0161ytuvais.<\/li>\n<li><strong>\"Premium\" g\u0117rim\u0173 bilietas:<\/strong> \u012e kain\u0105 \u012feina neribotas kiekis auk\u0161\u010diausios kokyb\u0117s firmini\u0173 alkoholini\u0173 g\u0117rim\u0173, toki\u0173 kaip Absolut Vodka, Bacardi, Havana, Beefeater Gin (paprastas ir ro\u017einis), Disaronno, Malibu, Jim Beam, Ballantine's viskis, taip pat Red Bull ir auk\u0161\u010diausios kokyb\u0117s mai\u0161ytuvai.<\/li>\n<li><strong>VIP bilietas:<\/strong> \u012eskai\u010diuoti visi \"Premium\" privalumai, taip pat pirmenyb\u0117 \u012flaipinti ir i\u0161skirtin\u0117 galimyb\u0117 naudotis priva\u010dia VIP zona ir specialiu baru laive.<\/li>\n<\/ul>\n<h3>\u2728 Vakar\u0117li\u0173 laivas Tenerif\u0117 I\u0161sami informacija<\/h3>\n<p><strong>I\u0161samus vakar\u0117lio paketas:<\/strong> J\u016bs\u0173 kelion\u0117 prasideda nuotaikingu i\u0161ankstiniu vakar\u0117liu <a href=\"https:\/\/maps.app.goo.gl\/Vt7HqjMeKHLczpy69\" target=\"_blank\" rel=\"noopener\">Juodo perlo baras,<\/a> kur gal\u0117site m\u0117gautis nemokamais g\u0117rimais ir susitikti su kitais vakar\u0117lio dalyviais. Pagrindinis renginys yra <strong>3 valand\u0173 kruizas<\/strong> laive <strong>\"Utopia\" vakar\u0117li\u0173 laivas,<\/strong>\u00a0su atviru baru ir dinami\u0161ka muzikos scena, o po to vyks vakar\u0117lis po renginio bare \"Black Pearl\" su i\u0161skirtiniais pasi\u016blymais.<\/p>\n<p><strong>\u012etraukimas visiems:<\/strong> \u0160i veikla skirta visiems vakar\u0117li\u0173 entuziastams, u\u017etikrinant subalansuot\u0105 linksmybi\u0173, muzikos ir bendravimo derin\u012f. Tai geriausias pasirinkimas tiems, kurie ie\u0161ko energing\u0173 ir \u012fsimintin\u0173 <a href=\"https:\/\/canaryvip.com\/lt\/tenerife\/boat-excursions\/\">ekskursija laivu patirtis.<\/a><\/p>\n<h3>\ud83c\udf0a Ko tik\u0117tis i\u0161 laivo vakar\u0117lio Tenerif\u0117je<\/h3>\n<ul>\n<li><strong>\u012esp\u016bdinga muzika ir pramogos:<\/strong>\u00a0: \u0160okite pagal House, RnB, Hip Hop, DnB, EDM ir Reggaeton ritmus \u0161iame visi\u0161kai \u012frengtame Tenerif\u0117s vakar\u0117li\u0173 laive.<\/li>\n<li><strong>Atviras baras:<\/strong>\u00a0: M\u0117gaukit\u0117s 3 valand\u0173 trukm\u0117s atviru baru su alaus, vietini\u0173 stipri\u0173j\u0173 g\u0117rim\u0173 ir mai\u0161ytuv\u0173 pasirinkimu per savo kelion\u0119 vakar\u0117li\u0173 laivu Tenerif\u0117je.<\/li>\n<li><strong>Komfortas ir patogumai:<\/strong>\u00a0: Atsipalaiduokite patogiai \u012fsitais\u0119, naudodamiesi \u0161variais \u012frenginiais ir gyva atmosfera.<\/li>\n<li><strong>Vaizdingas gro\u017eis: <\/strong>: Pramogaudami ant bang\u0173 u\u017efiksuokite nuostabius Tenerif\u0117s pakrant\u0117s vaizdus.<\/li>\n<li><strong>Pirmiausia saugumas: <\/strong>: \u012egulos nariai teikia pirmenyb\u0119 j\u016bs\u0173 saugumui, ai\u0161kiai nurodo gaires ir teikia pagalb\u0105 keliomis kalbomis.<\/li>\n<\/ul>\n<h3>\ud83d\udee5\ufe0f Pasiruo\u0161imas vakar\u0117li\u0173 valties Tenerif\u0117s nuotykiui<\/h3>\n<p>Pasir\u016bpinkite skland\u017eia patirtimi - pasiimkite maudymosi kostium\u0117lius, krem\u0105 nuo saul\u0117s ir <strong>CanaryVIP<\/strong> skaitmenin\u012f arba spausdint\u0105 biliet\u0105. Kad suma\u017eintum\u0117te j\u016bros ligos rizik\u0105, rekomenduojame prie\u0161 kelion\u0119 pavalgyti ir nevartoti alkoholio. Apsvarstykite galimyb\u0119 prie\u0161 i\u0161vykstant i\u0161gerti tablet\u0119 nuo kelion\u0117s ligos, kad kelion\u0117 b\u016bt\u0173 patogesn\u0117.<\/p>\n<h3>\ud83d\udea4 Vakar\u0117li\u0173 valtis Tenerif\u0117je: J\u016bs\u0173 did\u017eiausia \u0161vent\u0117<\/h3>\n<p>Pasirinkite CanaryVIP <strong>Vakar\u0117li\u0173 valtis Tenerif\u0117<\/strong> biliet\u0173, si\u016blan\u010di\u0173 neprilygstam\u0105 vert\u0119 ir i\u0161skirtin\u012f aptarnavim\u0105.<br \/>\nPrisijunkite prie m\u016bs\u0173 u\u017e geriausi\u0105 valtis \u0161alis patirt\u012f:<\/p>\n<ul>\n<li><strong>Garantuojamos geriausios kainos:<\/strong> M\u0117gaukit\u0117s konkurencingomis kainomis u\u017e nepamir\u0161tam\u0105 vakar\u0117lio laivu Tenerif\u0117je patirt\u012f.<\/li>\n<li><strong>Grup\u0117s nuolaidos:<\/strong> Sutaupykite dar daugiau, naudodamiesi specialiais tarifais grup\u0117ms m\u016bs\u0173 Tenerif\u0117s vakar\u0117li\u0173 laive.<\/li>\n<li><strong>I\u0161ankstin\u0117 rezervacija:<\/strong> U\u017etikrinkite savo viet\u0105 anksti, kad nepraleistum\u0117te \u0161io i\u0161skirtinio vakar\u0117li\u0173 laivo Tenerif\u0117je!<\/li>\n<li><strong>Lanksti at\u0161aukimo politika:<\/strong> Pasinaudokite klientams palankiomis at\u0161aukimo s\u0105lygomis.<\/li>\n<li><strong>Patikimas operatorius:<\/strong> Esame pirmaujanti biliet\u0173 tiek\u0117ja Kanar\u0173 salose, <strong>CanaryVIP<\/strong> Tenerif\u0117s vakar\u0117li\u0173 val\u010di\u0173 entuziastai renkasi b\u016btent j\u0105.<\/li>\n<\/ul>\n<h3>\ud83d\ude99 Susitikimo vieta ir automobili\u0173 stov\u0117jimo aik\u0161tel\u0117<\/h3>\n<p><strong>Prisijunkite prie m\u016bs\u0173 Puerto Col\u00f3n:<\/strong> Susitikite su mumis bare \"Black Pearl\" ir leiskit\u0117s \u012f Tenerif\u0117s vakar\u0117li\u0173 laivo nuotyk\u012f. Atvykite likus bent 15 minu\u010di\u0173 iki i\u0161plaukimo, kad \u012flaipinimas vykt\u0173 skland\u017eiai. Uoste yra daug automobili\u0173 stov\u0117jimo aik\u0161teli\u0173, tod\u0117l patogu prisijungti prie m\u016bs\u0173 vakar\u0117li\u0173 laivo Tenerif\u0117je.<\/p>\n<h3>\ud83c\udf1f CanaryVIP taisykl\u0117s ir s\u0105lygos<\/h3>\n<p>M\u0117gaukit\u0117s ramybe su m\u016bs\u0173 i\u0161samiomis nuotyki\u0173 draudimo taisykl\u0117mis. \u0160tai k\u0105 reikia \u017einoti:<\/p>\n<ul>\n<li><strong>Nenumatyt\u0173 atvej\u0173 planai:<\/strong> Esant pavojingoms oro s\u0105lygoms, bus suteikta galimyb\u0117 pakeisti tvarkara\u0161t\u012f arba gr\u0105\u017einti vis\u0105 sumok\u0117t\u0105 sum\u0105.<\/li>\n<li><strong>Lanksti at\u0161aukimo politika:<\/strong>\n<ul>\n<li>Nemokamas individuali\u0173 u\u017esakym\u0173 at\u0161aukimas arba tvarkara\u0161\u010dio keitimas iki 7 dien\u0173 i\u0161 anksto.<\/li>\n<li>Daugiau nei 10 asmen\u0173 grup\u0117ms - nemokamas at\u0161aukimas likus ne daugiau kaip 12 dien\u0173 iki renginio.<\/li>\n<li>Didesn\u0117ms nei 20 \u017emoni\u0173 grup\u0117ms nemokamas at\u0161aukimas likus ne daugiau kaip 16 dien\u0173 iki renginio.<\/li>\n<li>Tur\u0117tum\u0117te <a href=\"https:\/\/canaryvip.com\/lt\/contact\/\">susisiekite su mumis<\/a> at\u0161aukimo pra\u0161ymams.<\/li>\n<\/ul>\n<\/li>\n<li><strong>Neatvykimas ir v\u0117lyvas atvykimas:<\/strong> U\u017e neatvykim\u0105 ar v\u0117lyv\u0105 atvykim\u0105 pinigai negr\u0105\u017einami. U\u017etikrinkite, kad atvyksite laiku, nes laivo vakar\u0117lis paprastai b\u016bna visi\u0161kai u\u017eimtas.<\/li>\n<li><strong>Elgesys laive:<\/strong> Tikimasi, kad sve\u010diai palaikys linksm\u0105 ir saugi\u0105 aplink\u0105. U\u017e netinkam\u0105 elges\u012f gali b\u016bti pa\u0161alintas i\u0161 valties ir pinigai negr\u0105\u017einami.<\/li>\n<li><strong>J\u016bros liga ir mar\u0161ruto pakeitimai:<\/strong> Jei d\u0117l j\u016bros ligos tenka keisti kelion\u0117s mar\u0161rut\u0105, pinigai negr\u0105\u017einami.<\/li>\n<li><strong>Skundai:<\/strong> Bet kokius klausimus reikia spr\u0119sti su laivo personalu renginio dien\u0105, nes CanaryVIP darbuotoj\u0173 laive n\u0117ra.<\/li>\n<\/ul>\n<p>U\u017esisakykite dabar ir prisijunkite prie m\u016bs\u0173 nepamir\u0161tamam vakar\u0117liui ant Tenerif\u0117s bang\u0173!<\/p>","protected":false},"excerpt":{"rendered":"<p><strong>\ud83d\udd0d Val\u010di\u0173 vakar\u0117lis Tenerif\u0117je:<\/strong><br \/>\n\u2705 Saugus mok\u0117jimas.<br \/>\n\ud83d\ude80 3 val. vakar\u0117lio kelion\u0117 laivu.<br \/>\n\ud83c\udf7b 3h ATVIRAS BARAS \u012etraukta.<br \/>\n\ud83d\udcc6 \u0161e\u0161tadieniais 12.30 val.<br \/>\n\ud83c\udfb6 did\u017e\u0117jai ir muzika.<br \/>\n\ud83d\udeab TIK +18 met\u0173.<br \/>\n\ud83e\udd11 Garantuojama geriausia kaina.<br \/>\n\ud83c\udf1f Rezervuokite dabar ir sutaupykite!<br \/>\n\ud83d\udccd I\u0161vykimas i\u0161\u00a0<a href=\"https:\/\/www.google.com\/maps\/place\/Puerto+Col%C3%B3n\/@28.0783432,-16.7368735,18.52z\/data=!4m6!3m5!1s0xc6a9743509c9ebf:0xd62345524f768247!8m2!3d28.0789928!4d-16.7359737!16s%2Fg%2F11c6cqryw_?entry=tts\">Puerto Kolonas<\/a>.<\/p>","protected":false},"featured_media":11461,"comment_status":"open","ping_status":"closed","template":"","meta":{"_acf_changed":false},"product_brand":[],"product_cat":[46],"product_tag":[],"class_list":{"0":"post-11456","1":"product","2":"type-product","3":"status-publish","4":"has-post-thumbnail","6":"product_cat-boat-excursions","7":"wcpa_has_options","9":"first","10":"instock","11":"sale","12":"virtual","13":"purchasable","14":"product-type-simple"},"acf":[],"wcpa_form_fields":{"wcpaData":{"product":{"product_price":70,"price_html":"From&nbsp;<del aria-hidden=\"true\"><span class=\"woocommerce-Price-amount amount\"><bdi>75,00&nbsp;<span class=\"woocommerce-Price-currencySymbol\">&euro;<\/span><\/bdi><\/span><\/del> <span class=\"screen-reader-text\">Pradin\u0117 kaina buvo: 75,00&nbsp;&euro;.<\/span><ins aria-hidden=\"true\"><span class=\"woocommerce-Price-amount amount\"><bdi>70,00&nbsp;<span class=\"woocommerce-Price-currencySymbol\">&euro;<\/span><\/bdi><\/span><\/ins><span class=\"screen-reader-text\">Dabartin\u0117 kaina yra: 70,00&nbsp;&euro;.<\/span>","original_product_price":75,"price_including_tax":70,"price_excluding_tax":70,"product_id":{"parent":11456,"variation":false},"is_variable":false,"stock_status":"instock","stock_quantity":null,"parent_sku":"CV11456","product_attributes":[],"custom_fields":[],"is_taxable":false,"product_name":"Utopia Boat Party Tenerife","hasImage":false},"fields":{"sec_06641441f5ff23":{"extra":{"key":"sec_06641441f5ff23","section_id":"sec_06641441f5ff23","name":"Default","status":1,"cl_rule":"show","enableCl":false,"relations":[],"toggle":true,"title_tag":"h3","show_title":false,"showPrice":"default","form_id":11462,"form_rules":{"exclude_from_discount":true,"fee_label":"Fee","disp_hide_options_price":true,"disp_show_section_price":false,"disp_show_field_price":true,"layout_option":"standard","pric_use_as_fee":false,"process_fee_as":"woo_fee"},"layout_option":"standard"},"fields":[[{"active":true,"col":6,"relations":false,"cl_rule":"show","enableCl":false,"price":"","enablePrice":false,"className":"oferta-especial","label_position":"default","desc_position":"default","type":"content","required":false,"elementId":"content_1421636141","label":"","name":"content_1421636141","contentType":"rich","value":"<p><strong>\ud83d\udd25 Utopia Boat Party Limited Time Offer!<br>\n<\/strong>Exclusive 5% discount automatically applied at checkout.<\/p>","error":false,"isTemplate":false,"gt_translate_keys":["label","value"],"price_dependency":false,"cl_dependency":false}],[{"label":"\ud83d\udcc5 Date","active":true,"required":true,"elementId":"date_66641441f5ff41","picker_type":"custom","picker_mode":"single","placeholder":"","description":"","tooltip":"","name":"date_66641441f5ff41","label_position":"default","desc_position":"default","enablePrice":false,"className":"","enableCl":false,"relations":[{"operator":"and","rules":[{"operator":"AND","rules":{"cl_field":"radio-group_56641441f5ff51","cl_relation":"is_not_empty","cl_val":"3 Hour Trip"}}]}],"date_pic_inline":true,"date_pic_inline_hide":true,"min_date":{"type":"days","val":"1"},"max_date":"","date_pic_conf":{"disabledWeeks":[1,2,3,4,5,0],"disabledDates":["2024-05-19","2024-05-26","2025-04-06","2025-04-13","2025-04-16","2025-04-20","2025-04-27","2025-09-01 to 2025-09-30"]},"price":"","cl_rule":"show","col":6,"type":"date","error":false,"enableDesign":false,"LabelColor":"","isWeightTemplate":false,"isTemplate":false,"min_quantity":"1","quantity_decimal":false,"quantity_step":"1","quantity_label":"Quantity","repeater_field_label":"{field_label}","repeater_bind":"","gt_translate_keys":["label","placeholder","description","tooltip","repeater_field_label","quantity_label"],"price_dependency":false,"cl_dependency":false,"value":""}],[{"active":true,"col":6,"relations":[{"operator":false,"rules":[{"operator":"AND","rules":{"cl_field":"","cl_relation":"","cl_val":""}}]}],"cl_rule":"show","enableCl":true,"price":"70","enablePrice":true,"className":"","label_position":"default","desc_position":"below","type":"radio-group","required":false,"elementId":"radio-group_86641441f5ff75","label":"","name":"radio-group_86641441f5ff75","values":[{"label":"\ud83d\udfe2 Basic Ticket (70\u20ac)","value":"Basic Ticket","selected":true,"tempId":"aco_32","tooltip":"","description":"","gt_translate_keys":["label","tooltip","description"]}],"layOut":"","error":false,"checkUi":"button","priceOptions":"fixed_for_all","pricingType":"fixed","enable_quantity":true,"quantity_label":"","min_quantity":"0","options_tooltip":true,"options_description":true,"description":"Ideal for budget-friendly fun. Includes a drinks package with 4 beverages at a discounted price.","enableDesign":false,"gt_translate_keys":["label","description","quantity_label"],"price_dependency":false,"cl_dependency":false,"value":""}],[{"active":true,"col":6,"relations":false,"cl_rule":"show","enableCl":false,"price":"","enablePrice":false,"className":"","label_position":"default","desc_position":"default","type":"separator","required":false,"elementId":"separator_1097273251","label":"Separator Field","height":"3","separatorType":"fill","error":false,"separatorColor":"#4a90e2","gt_translate_keys":["label"],"price_dependency":false,"cl_dependency":false,"value":""}],[{"label":"","active":true,"required":false,"elementId":"radio-group-0169646210","description":"Open bar with unlimited beer, local spirits, and mixers. Perfect for music and drink lovers.","name":"radio-group-0169646210","label_position":"default","desc_position":"below","enablePrice":true,"className":"","enableCl":true,"relations":[{"operator":false,"rules":[{"operator":"AND","rules":{"cl_field":"","cl_relation":"","cl_val":""}}]}],"enableDesign":false,"enable_quantity":true,"quantity_label":"","min_quantity":"0","checkUi":"button","layOut":"","options_tooltip":true,"options_description":true,"values":[{"label":"\ud83c\udf9f\ufe0f Standard Ticket (90\u20ac)","value":"Standard Ticket","selected":true,"tempId":"aco_32","tooltip":"","description":"","gt_translate_keys":["label","tooltip","description"]}],"priceOptions":"fixed_for_all","pricingType":"fixed","price":"90","cl_rule":"show","col":6,"type":"radio-group","error":false,"gt_translate_keys":["label","description","quantity_label"],"price_dependency":false,"cl_dependency":false,"value":""}],[{"elementId":"separator-0973524418","separatorType":"fill","separatorColor":"#4a90e2","className":"","height":"3","enableCl":false,"relations":false,"cl_rule":"show","col":6,"type":"separator","gt_translate_keys":[],"price_dependency":false,"cl_dependency":false,"value":""}],[{"label":"","active":true,"required":false,"elementId":"radio-group_56641441f5ffa1","name":"radio-group_56641441f5ffa1","label_position":"default","desc_position":"below","enablePrice":true,"className":"","enableCl":false,"relations":[{"operator":false,"rules":[{"operator":"AND","rules":{"cl_field":"","cl_relation":"","cl_val":""}}]}],"enable_quantity":true,"quantity_label":"","min_quantity":"0","checkUi":"button","layOut":"","options_tooltip":true,"values":[{"label":"\u2b50\ufe0f Premium Ticket (110\u20ac)","value":"Premium Ticket (95\u20ac)","selected":true,"tempId":"aco_32","tooltip":"","description":"","gt_translate_keys":["label","tooltip","description"]}],"priceOptions":"fixed_for_all","pricingType":"fixed","price":"110","cl_rule":"show","col":6,"type":"radio-group","error":false,"description":"Upgrade your experience with premium spirits like Absolut, Bacardi, Havana, and more, plus Red Bull and premium mixers.","options_description":true,"gt_translate_keys":["label","description","quantity_label"],"price_dependency":false,"cl_dependency":false,"value":""}],[{"elementId":"separator-0973774727","separatorType":"fill","separatorColor":"#4a90e2","className":"","height":"3","enableCl":false,"relations":false,"cl_rule":"show","col":6,"type":"separator","gt_translate_keys":[],"price_dependency":false,"cl_dependency":false,"value":""}],[{"label":"","active":true,"required":false,"elementId":"radio-group-1821003227","description":"The ultimate luxury experience. Access the VIP area with open bar featuring premium spirits, Red Bull, and exclusive vibes.","name":"radio-group-1821003227","label_position":"default","desc_position":"below","enablePrice":true,"className":"","enableCl":false,"relations":[{"operator":false,"rules":[{"operator":"AND","rules":{"cl_field":"","cl_relation":"","cl_val":""}}]}],"enable_quantity":true,"quantity_label":"","min_quantity":"0","checkUi":"button","layOut":"","options_tooltip":true,"options_description":true,"values":[{"label":"\ud83d\udc8e VIP Ticket (130\u20ac)","value":"VIP Ticket","selected":true,"tempId":"aco_32","tooltip":"","description":"","gt_translate_keys":["label","tooltip","description"]}],"priceOptions":"fixed_for_all","pricingType":"fixed","price":"130","cl_rule":"show","col":6,"type":"radio-group","error":false,"gt_translate_keys":["label","description","quantity_label"],"price_dependency":false,"cl_dependency":false,"value":""}],[{"elementId":"separator-0974175336","separatorType":"fill","separatorColor":"#4a90e2","className":"","height":"3","enableCl":false,"relations":false,"cl_rule":"show","col":6,"type":"separator","gt_translate_keys":[],"price_dependency":false,"cl_dependency":false,"value":""}]]}},"config":{"price_override":"always","enable_recaptcha":false,"bind_quantity":false,"quantity_bind_formula":false,"disp_summ_show_option_price":true,"disp_summ_show_product_price":false,"disp_summ_show_total_price":true,"disp_summ_show_fee":true,"disp_summ_show_discount":true,"summary_title":"","options_total_label":"Options Price","total_label":"Total Amount","options_product_label":"Product Price","fee_label":"Fee","discount_label":"Discount","has_price":true,"has_quantity_formula":false},"mc_unit":1,"tax_rate":1,"tax_rate_real":1,"discount":{"percentage":0,"fixed":0},"design":{"conf":{"LabelPosition":"above","DescPosition":"above","UploadField":"custom_1","QuantityFieldStyle":"custom_1"},"css":{"LeftLabelWidth":"120px"}},"formulas":[],"lookuptables":[],"clones":false,"cartKey":false}},"_links":{"self":[{"href":"https:\/\/canaryvip.com\/lt\/wp-json\/wp\/v2\/product\/11456","targetHints":{"allow":["GET"]}}],"collection":[{"href":"https:\/\/canaryvip.com\/lt\/wp-json\/wp\/v2\/product"}],"about":[{"href":"https:\/\/canaryvip.com\/lt\/wp-json\/wp\/v2\/types\/product"}],"replies":[{"embeddable":true,"href":"https:\/\/canaryvip.com\/lt\/wp-json\/wp\/v2\/comments?post=11456"}],"wp:featuredmedia":[{"embeddable":true,"href":"https:\/\/canaryvip.com\/lt\/wp-json\/wp\/v2\/media\/11461"}],"wp:attachment":[{"href":"https:\/\/canaryvip.com\/lt\/wp-json\/wp\/v2\/media?parent=11456"}],"wp:term":[{"taxonomy":"product_brand","embeddable":true,"href":"https:\/\/canaryvip.com\/lt\/wp-json\/wp\/v2\/product_brand?post=11456"},{"taxonomy":"product_cat","embeddable":true,"href":"https:\/\/canaryvip.com\/lt\/wp-json\/wp\/v2\/product_cat?post=11456"},{"taxonomy":"product_tag","embeddable":true,"href":"https:\/\/canaryvip.com\/lt\/wp-json\/wp\/v2\/product_tag?post=11456"}],"curies":[{"name":"wp","href":"https:\/\/api.w.org\/{rel}","templated":true}]}}