{"id":11308,"date":"2024-04-16T23:45:59","date_gmt":"2024-04-16T22:45:59","guid":{"rendered":"https:\/\/canaryvip.com\/?post_type=product&#038;p=11308"},"modified":"2025-08-09T12:39:52","modified_gmt":"2025-08-09T11:39:52","slug":"banana-boat-tenerife","status":"publish","type":"product","link":"https:\/\/canaryvip.com\/lt\/shop\/banana-boat-tenerife\/","title":{"rendered":"Banana Boat Tenerif\u0117"},"content":{"rendered":"<h2><strong>\ud83c\udf4c Banana Boat Tenerif\u0117 - laukin\u0117s bangos ir juokas<\/strong><\/h2>\n<p>Pasiruo\u0161kite linksmyb\u0117ms su m\u016bs\u0173 <strong>Banana Boat Tenerif\u0117<\/strong> va\u017eiuoja! Idealiai tinka \u0161eimoms ir grup\u0117ms, \u0161ie pasiva\u017ein\u0117jimai sujungia greit\u012f, purslus ir juok\u0105, kad praleistum\u0117te \u012fsimintin\u0105 dien\u0105 ant vandens. M\u016bs\u0173 <strong>Ekskursijos banan\u0173 valtimis<\/strong> tai nepavaldus laikui b\u016bdas patirti j\u016bros teikiamus \u012fsp\u016bd\u017eius Kosta Adech\u0117je.<\/p>\n<h3><strong>\ud83c\udf0a Nuotykius prad\u0117kite Puerto Col\u00f3n<\/strong><\/h3>\n<ul>\n<li><strong>\u012esp\u016bdingas paleidimas:<\/strong> J\u016bs\u0173 kelion\u0117 banan\u0173 valtimi prasideda <a href=\"https:\/\/maps.app.goo.gl\/bkqEhAxsobcjz9wG9\" target=\"_blank\" rel=\"noopener\">Puerto Col\u00f3n,<\/a> kur jus pasitiks entuziastingi gidai ir trumpai supa\u017eindins su sauga prie\u0161 jums lipant \u012f kultin\u012f gelton\u0105j\u012f plaust\u0105.<\/li>\n<li><strong>\u012esp\u016bdingas pasiva\u017ein\u0117jimas:<\/strong> \u012elipkite \u012f pripu\u010diam\u0105 banan\u0105 ir tvirtai laikykit\u0117s, kol greitaeigis kateris jus plukdys po bangas. Pasiruo\u0161kite kritimams ir sm\u016bgiams, kai kartu su draugais ir \u0161eima juoksit\u0117s ir \u0161auksite i\u0161 susi\u017eav\u0117jimo!<\/li>\n<\/ul>\n<h3><strong>\u2728 Kuo ypatingi m\u016bs\u0173 pasiplaukiojimai banan\u0173 valtimis?<\/strong><\/h3>\n<ul>\n<li><strong>Prieinamos pramogos:<\/strong> Vos 15 eur\u0173 asmeniui u\u017etikrina viet\u0105 \u0161iame populiariame vandens sporte, puikiai tinkan\u010diame ir grup\u0117ms. Tai nebrangi ir jaudinanti i\u0161vyka visiems!<\/li>\n<li><strong>Nuoseklus pagyrimas:<\/strong> Did\u017eiuojam\u0117s d\u017eiaugsmu ir juoku, kur\u012f teikia m\u016bs\u0173 va\u017eiavimai, ir tai atsispindi puikiuose m\u016bs\u0173 keleivi\u0173 atsiliepimuose. J\u016bs\u0173 malonumas yra m\u016bs\u0173 prioritetas!<\/li>\n<li><strong>Lankstus rezervavimas:<\/strong> Kei\u010diasi planai? Galite at\u0161aukti u\u017esakym\u0105 likus ne daugiau kaip 24 valandoms iki jo prad\u017eios ir atgauti vis\u0105 sumok\u0117t\u0105 sum\u0105 - tai m\u016bs\u0173 \u012fsipareigojimas patenkinti j\u016bs\u0173 atostog\u0173 poreikius.<\/li>\n<\/ul>\n<h3><strong>\ud83d\ude80 Plaukimas banan\u0173 valtimi Tenerif\u0117je<\/strong><\/h3>\n<ul>\n<li><strong>Grup\u0117s dinamika:<\/strong> Patirkite \u012fsp\u016bd\u017ei\u0173 su 12 raiteli\u0173. Bendras jaudulys ir bendra reakcija - nepamir\u0161tamas nuotykis.<\/li>\n<li><strong>Saugus ir patikimas:<\/strong> M\u016bs\u0173 apmokyta \u012fgula u\u017etikrina saugi\u0105 kelion\u0119 nuo prad\u017eios iki galo, valt\u012f valdo kvalifikuotai ir r\u016bpestingai, kad jaustum\u0117t\u0117s kuo geriau ir saugiau.<\/li>\n<\/ul>\n<h3><strong>\ud83c\udf1f Daugiau nei tik banan\u0173 valtys<\/strong><\/h3>\n<ul>\n<li>I\u0161pl\u0117skite savo vandens sporto nuotykius, naudodamiesi tokiomis galimyb\u0117mis kaip <a href=\"https:\/\/canaryvip.com\/lt\/shop\/jetski-tenerife\/\">vandens motociklas Tenerif\u0117<\/a>, <a href=\"https:\/\/canaryvip.com\/lt\/shop\/parasailing-tenerife\/\">skraidymas parasparniu Tenerif\u0117je<\/a>ir net <a href=\"https:\/\/canaryvip.com\/lt\/tenerife\/boat-excursions\/\">bangini\u0173 steb\u0117jimo ekskursijos<\/a>, visi i\u0161 tos pa\u010dios energingos Puerto Col\u00f3n vietos.<\/li>\n<\/ul>\n<h3>\ud83d\udcc5 <strong>U\u017esisakykite pasiplaukiojim\u0105 banan\u0173 valtimi Tenerif\u0117je jau \u0161iandien<\/strong><\/h3>\n<p>Nesvarbu, ar ie\u0161kote \u012fsp\u016bd\u017ei\u0173, ar smagios grupin\u0117s pramogos, m\u016bs\u0173 pasiplaukiojimai banan\u0173 valtimis - puikus abiej\u0173 \u0161i\u0173 dalyk\u0173 derinys. U\u017esisakykite savo viet\u0105 \u0161iandien ir pasiruo\u0161kite jaudinan\u010diai patir\u010diai ant vandens.<\/p>\n<h3>\u2705 <strong>Kas \u012fskai\u010diuota \u012f kelion\u0119 banan\u0173 valtimi?<\/strong><\/h3>\n<ul>\n<li>Visiems \u017eygeiviams suteikiamas i\u0161samus saugos instrukta\u017eas ir gelb\u0117jimosi liemen\u0117s.<\/li>\n<li>\u012esp\u016bdinga 10 minu\u010di\u0173 kelion\u0117.<\/li>\n<li>Galima \u012fsigyti nuotyki\u0173 nuotrauk\u0173, kuriose \u012fam\u017eintos smagios akimirkos.<\/li>\n<\/ul>\n<h3><strong>\u2696\ufe0f Patikimas u\u017esakymas ir lengvas at\u0161aukimas<\/strong><\/h3>\n<ul>\n<li><strong>Lengvas u\u017esakymas:<\/strong> U\u017esisakykite lengvai ir \u017einokite, kad pasikeitus planams gal\u0117site at\u0161aukti u\u017esakym\u0105 likus ne daugiau kaip 24 valandoms iki jo prad\u017eios ir atgausite vis\u0105 sumok\u0117t\u0105 sum\u0105.<\/li>\n<li><strong>Kvie\u010diame visus:<\/strong> Tinka a\u0161tri\u0173 poj\u016b\u010di\u0173 m\u0117g\u0117jams nuo 10 iki 65 met\u0173. M\u016bs\u0173 atrakcionai sukurti taip, kad b\u016bt\u0173 pritaikyti visiems ir teikt\u0173 malonum\u0105.<\/li>\n<\/ul>\n<h3><strong>\ud83c\udf92 Pasiruo\u0161imas va\u017eiavimui<\/strong><\/h3>\n<ul>\n<li><strong>D\u0117v\u0117kite tinkam\u0105 aprang\u0105:<\/strong> Ateikite apsireng\u0119 maudymosi kostium\u0117liais ir pasiruo\u0161\u0119 su\u0161lapti! Nepamir\u0161kite pasiimti rank\u0161luos\u010dio ir apsauginio kremo nuo saul\u0117s.<\/li>\n<li><strong>Saugokite vertingus daiktus:<\/strong> Batus ir neslid\u017eius daiktus palikite m\u016bs\u0173 saugiose saugojimo d\u0117\u017e\u0117se, esan\u010diose prieplaukoje. Jei norite daryti asmenines nuotraukas, pasiimkite vandeniui atspar\u0173 fotoaparat\u0105.<\/li>\n<li><strong>Sveikata ir sauga:<\/strong> M\u016bs\u0173 u\u017esi\u0117mimas netinka n\u0117\u0161\u010diosioms, bet yra fantasti\u0161kas beveik visiems kitiems! \u012esitikinkite, kad esate pasiruo\u0161\u0119 fiziniam pasiva\u017ein\u0117jimui.<\/li>\n<\/ul>\n<h3>\u2753 <strong>Da\u017enai u\u017eduodami klausimai<\/strong><\/h3>\n<ul>\n<li><strong>Ar kas nors gali dalyvauti plaukime banan\u0173 valtimi?<\/strong> Taip! M\u016bs\u0173 pasiplaukiojimai banan\u0173 valtimis puikiai tinka visiems nuo 10 iki 65 met\u0173 am\u017eiaus. Nereikia tur\u0117ti joki\u0173 plaukimo \u012fg\u016bd\u017ei\u0173, nes visi dalyviai bus apr\u016bpinti gelb\u0117jimosi liemen\u0117mis.<\/li>\n<li><strong>Ko tur\u0117\u010diau tik\u0117tis kelion\u0117s metu?<\/strong> Tik\u0117kit\u0117s, kad b\u016bsite apipurk\u0161ti, ap\u0161lakstyti ir i\u0161juokti (gera nuotaika)! Visa tai skirta linksmyb\u0117ms ir vandenyno \u012fsp\u016bd\u017eiams patirti.<\/li>\n<\/ul>\n<h4><strong>\ud83c\udf1e Pasiruo\u0161\u0119 va\u017eiuoti?<\/strong><\/h4>\n<p>Pasinerkite \u012f linksmybes su m\u016bs\u0173 banan\u0173 valtimis <strong>CanaryVIP.<\/strong> U\u017esisakykite dabar ir pasiruo\u0161kite kelti bangas nuostabioje Tenerif\u0117s j\u016broje!<\/p>","protected":false},"excerpt":{"rendered":"<p>\ud83d\udd0d <strong>Banana Boat Tenerif\u0117:<br \/>\n<\/strong>\u2705 Saugus mok\u0117jimas.<br \/>\n\ud83d\udc65 Vieno va\u017eiavimo metu gali va\u017eiuoti iki 12 keleivi\u0173.<br \/>\n\ud83d\ude80 Kelion\u0117s trunka 10 minu\u010di\u0173.<br \/>\n\ud83c\udfde\ufe0f Greitaeigiai pasiva\u017ein\u0117jimai.<br \/>\n\ud83d\udd59 Vis\u0105 dien\u0105.<br \/>\n\ud83d\udcc5 Galima \u012fsigyti kasdien.<br \/>\n\ud83e\udd11 Garantuojama geriausia kaina.<br \/>\n\ud83d\udc6a Nuolaidos grup\u0117ms.<br \/>\n\ud83d\udd01 24 val. at\u0161aukimo politika.<br \/>\n\ud83c\udf0d Daugiakalbis palaikymas.<br \/>\n\ud83c\udf1f Rezervuokite i\u0161 anksto, kad sutaupytum\u0117te.<br \/>\n\ud83d\udccd I\u0161vykimas i\u0161 <a href=\"https:\/\/maps.app.goo.gl\/bkqEhAxsobcjz9wG9\">Puerto Col\u00f3n<\/a>.<\/p>","protected":false},"featured_media":11311,"comment_status":"open","ping_status":"closed","template":"","meta":{"_acf_changed":false},"product_brand":[],"product_cat":[53],"product_tag":[],"class_list":{"0":"post-11308","1":"product","2":"type-product","3":"status-publish","4":"has-post-thumbnail","6":"product_cat-water-sports","7":"wcpa_has_options","9":"first","10":"instock","11":"virtual","12":"purchasable","13":"product-type-simple"},"acf":[],"wcpa_form_fields":{"wcpaData":{"product":{"product_price":18,"price_html":"From&nbsp;<span class=\"woocommerce-Price-amount amount\"><bdi>18,00&nbsp;<span class=\"woocommerce-Price-currencySymbol\">&euro;<\/span><\/bdi><\/span>","original_product_price":18,"price_including_tax":18,"price_excluding_tax":18,"product_id":{"parent":11308,"variation":false},"is_variable":false,"stock_status":"instock","stock_quantity":null,"parent_sku":"CV11308","product_attributes":[],"custom_fields":[],"is_taxable":false,"product_name":"Banana Boat Tenerife","hasImage":false},"fields":{"sec_7661f1665d94fb":{"extra":{"key":"sec_7661f1665d94fb","section_id":"sec_7661f1665d94fb","name":"Default","status":1,"cl_rule":"show","enableCl":false,"relations":[],"toggle":true,"title_tag":"h3","show_title":false,"showPrice":"default","form_id":11314,"form_rules":{"exclude_from_discount":true,"fee_label":"Fee","disp_hide_options_price":true,"disp_show_section_price":false,"disp_show_field_price":true,"layout_option":"standard","pric_use_as_fee":false,"process_fee_as":"woo_fee"},"layout_option":"standard"},"fields":[[{"label":"\ud83d\udcc5 Date","active":true,"required":true,"elementId":"date_3661f1665d951b","picker_type":"custom","picker_mode":"single","placeholder":"","description":"","tooltip":"","name":"date_3661f1665d951b","label_position":"default","desc_position":"default","enablePrice":false,"className":"","enableCl":false,"relations":[{"operator":"and","rules":[{"operator":"AND","rules":{"cl_field":"radio-group_5661bc90f5e8f5","cl_relation":"is_not_empty","cl_val":"3 Hour Trip"}}]}],"date_pic_inline":true,"date_pic_inline_hide":true,"min_date":{"type":"days","val":"1"},"max_date":{"type":"days","val":"365"},"date_pic_conf":{"disabledWeeks":[]},"price":"","cl_rule":"show","col":6,"type":"date","error":false,"enableDesign":false,"LabelColor":"","gt_translate_keys":["label","placeholder","description","tooltip"],"price_dependency":false,"cl_dependency":false,"value":""}],[{"active":true,"col":6,"relations":false,"cl_rule":"show","enableCl":false,"price":"","enablePrice":false,"className":"","label_position":"default","desc_position":"default","type":"select","required":true,"elementId":"select_3477053266","label":"\u23f0 Departure Time","name":"select_3477053266","values":[{"label":"Whichever Time is Best","value":"Whichever Time is Best","selected":false,"tempId":"aco_312","gt_translate_keys":["label"]},{"label":"10:30","value":"10:30","selected":false,"tempId":"aco_313","gt_translate_keys":["label"]},{"label":"11:30","value":"11:30","selected":false,"tempId":"aco_314","gt_translate_keys":["label"]},{"label":"12:30 ","value":"12:30","selected":false,"tempId":"aco_711","gt_translate_keys":["label"]},{"label":"13:30","value":"13:30","selected":false,"tempId":"aco_721","gt_translate_keys":["label"]},{"label":"14:30","value":"14:30","selected":false,"tempId":"aco_983","gt_translate_keys":["label"]},{"label":"15:30","value":"15:30","selected":false,"tempId":"aco_993","gt_translate_keys":["label"]},{"label":"16:30","value":"16:30","selected":false,"tempId":"aco_1183","gt_translate_keys":["label"]}],"dropdown_type":"basic","error":false,"multiple":false,"placeholder":"None","gt_translate_keys":["label","placeholder"],"price_dependency":false,"cl_dependency":false,"value":""}],[{"active":true,"col":6,"relations":[{"operator":false,"rules":[{"operator":"AND","rules":{"cl_field":"","cl_relation":"","cl_val":""}}]}],"cl_rule":"show","enableCl":true,"price":"18","enablePrice":true,"className":"","label_position":"default","desc_position":"default","type":"radio-group","required":false,"elementId":"radio-group_0661f1665d9537","label":"","name":"radio-group_0661f1665d9537","values":[{"label":"\ud83d\udc64 People (18\u20ac)","value":"People","selected":true,"tempId":"aco_32","tooltip":"","description":"","gt_translate_keys":["label","tooltip","description"]}],"layOut":"","error":false,"checkUi":"button","priceOptions":"fixed_for_all","pricingType":"fixed","enable_quantity":true,"quantity_label":"","min_quantity":"0","options_tooltip":true,"options_description":true,"is_show_price":true,"gt_translate_keys":["label","quantity_label"],"price_dependency":["content_2802764779","content-8155931385","content-8167489432"],"cl_dependency":false,"value":""}],[{"active":true,"col":6,"relations":false,"cl_rule":"show","enableCl":false,"price":"","enablePrice":false,"className":"","label_position":"default","desc_position":"default","type":"separator","required":false,"elementId":"separator_2804989181","label":"Separator Field","height":"6","separatorType":"fill","error":false,"separatorColor":"#66a5b6","gt_translate_keys":["label"],"price_dependency":false,"cl_dependency":false,"value":""}],[{"active":true,"col":6,"relations":false,"cl_rule":"show","enableCl":false,"price":"{field.radio-group_0661f1665d9537.price}*0.30","enablePrice":true,"className":"","label_position":"default","desc_position":"default","type":"content","required":false,"elementId":"content_2802764779","label":"Deposit Now","name":"content_2802764779","contentType":"plain","value":"","error":false,"subtype":"div","inline":true,"show_in_checkout":true,"pricingType":"custom","isTemplate":false,"gt_translate_keys":["label","value"],"price_dependency":false,"cl_dependency":false}],[{"contentType":"plain","active":true,"label":"Payment at Arrival","elementId":"content-8155931385","value":"","inline":true,"show_in_checkout":true,"name":"content-8155931385","enablePrice":true,"className":"","subtype":"div","enableCl":false,"relations":false,"pricingType":"custom","isTemplate":false,"price":"{field.radio-group_0661f1665d9537.price}*0.70","is_show_price":true,"cl_rule":"show","col":6,"type":"content","error":false,"gt_translate_keys":["label","value"],"price_dependency":false,"cl_dependency":false}],[{"contentType":"plain","active":true,"label":"Total Price","elementId":"content-8167489432","value":"","inline":true,"show_in_checkout":true,"name":"content-8167489432","enablePrice":true,"className":"","subtype":"div","enableCl":false,"relations":false,"pricingType":"custom","isTemplate":false,"price":"{field.radio-group_0661f1665d9537.price}","is_show_price":true,"cl_rule":"show","col":6,"type":"content","error":false,"gt_translate_keys":["label","value"],"price_dependency":false,"cl_dependency":false}]]}},"config":{"price_override":"always","enable_recaptcha":false,"bind_quantity":false,"quantity_bind_formula":false,"disp_summ_show_option_price":true,"disp_summ_show_product_price":false,"disp_summ_show_total_price":true,"disp_summ_show_fee":true,"disp_summ_show_discount":true,"summary_title":"","options_total_label":"Options Price","total_label":"Total Amount","options_product_label":"Product Price","fee_label":"Fee","discount_label":"Discount","has_price":true,"has_quantity_formula":false},"mc_unit":1,"tax_rate":1,"tax_rate_real":1,"discount":{"percentage":0,"fixed":0},"design":{"conf":{"LabelPosition":"above","DescPosition":"above","UploadField":"custom_1","QuantityFieldStyle":"custom_1"},"css":{"LeftLabelWidth":"120px"}},"formulas":[],"lookuptables":[],"clones":false,"cartKey":false}},"_links":{"self":[{"href":"https:\/\/canaryvip.com\/lt\/wp-json\/wp\/v2\/product\/11308","targetHints":{"allow":["GET"]}}],"collection":[{"href":"https:\/\/canaryvip.com\/lt\/wp-json\/wp\/v2\/product"}],"about":[{"href":"https:\/\/canaryvip.com\/lt\/wp-json\/wp\/v2\/types\/product"}],"replies":[{"embeddable":true,"href":"https:\/\/canaryvip.com\/lt\/wp-json\/wp\/v2\/comments?post=11308"}],"wp:featuredmedia":[{"embeddable":true,"href":"https:\/\/canaryvip.com\/lt\/wp-json\/wp\/v2\/media\/11311"}],"wp:attachment":[{"href":"https:\/\/canaryvip.com\/lt\/wp-json\/wp\/v2\/media?parent=11308"}],"wp:term":[{"taxonomy":"product_brand","embeddable":true,"href":"https:\/\/canaryvip.com\/lt\/wp-json\/wp\/v2\/product_brand?post=11308"},{"taxonomy":"product_cat","embeddable":true,"href":"https:\/\/canaryvip.com\/lt\/wp-json\/wp\/v2\/product_cat?post=11308"},{"taxonomy":"product_tag","embeddable":true,"href":"https:\/\/canaryvip.com\/lt\/wp-json\/wp\/v2\/product_tag?post=11308"}],"curies":[{"name":"wp","href":"https:\/\/api.w.org\/{rel}","templated":true}]}}