{"id":11303,"date":"2024-04-16T23:11:21","date_gmt":"2024-04-16T22:11:21","guid":{"rendered":"https:\/\/canaryvip.com\/?post_type=product&#038;p=11303"},"modified":"2025-08-09T12:40:39","modified_gmt":"2025-08-09T11:40:39","slug":"flyfish-tenerife","status":"publish","type":"product","link":"https:\/\/canaryvip.com\/lt\/shop\/flyfish-tenerife\/","title":{"rendered":"FlyFish Tenerif\u0117"},"content":{"rendered":"<h2><strong>\ud83c\udf0a FlyFish Tenerif\u0117 - plaukimas vandenyno bangomis<\/strong><\/h2>\n<p>Pasiruo\u0161kite adrenalino kupinai patir\u010diai su m\u016bs\u0173 <strong>FlyFish Tenerif\u0117<\/strong> nuotyki\u0173! Pajuskite skryd\u017eio vir\u0161 j\u016bros \u012fsp\u016bd\u012f, kai u\u017elipsite ant m\u016bs\u0173 specialiai sukurto pripu\u010diamo plausto. M\u016bs\u0173 <strong>FlyFish ekskursijos<\/strong> pa\u017ead\u0117kite nepamir\u0161tam\u0105 dien\u0105, skirt\u0105 greitam vandens sportui nuostabioje Kosta Adech\u0117s vietov\u0117je.<\/p>\n<h3><strong>\ud83d\udea4 Pradedate savo nuotykius su musel\u0117mis<\/strong><\/h3>\n<ul>\n<li><strong>Nuotyki\u0173 prad\u017eia:<\/strong> J\u016bs\u0173 kelion\u0117 prasideda tiesiai <a href=\"https:\/\/maps.app.goo.gl\/bkqEhAxsobcjz9wG9\" target=\"_blank\" rel=\"noopener\">Puerto Col\u00f3n,<\/a>\u00a0oficialus i\u0161vykimo ta\u0161kas, i\u0161 kurio prasideda j\u016bs\u0173 \"FlyFish\" nuotykiai. Atvyk\u0119 b\u016bsite supa\u017eindinti su jaudinan\u010diu \"FlyFish\" pasauliu, i\u0161klausysite i\u0161sam\u0173 saugos instrukta\u017e\u0105 ir pasiruo\u0161ite jaudinan\u010diai kelionei, kuri j\u016bs\u0173 laukia.<\/li>\n<li><strong>The FlyFish Experience:<\/strong> Prisisekite dir\u017eus ir tvirtai laikykit\u0117s, kol motorin\u0117 valtis plauks per bangas. M\u0117gaukit\u0117s j\u016bros vandens purslais ir v\u0117jo g\u016bsiais \u0161iame jaudinan\u010diame pasiva\u017ein\u0117jime.<\/li>\n<\/ul>\n<p>&nbsp;<\/p>\n<h3><strong>\u2728 Kod\u0117l verta rinktis CanaryVIP, kad gal\u0117tum\u0117te \u017evejoti musel\u0117mis?<\/strong><\/h3>\n<ul>\n<li><strong>Konkurencingos kainos:<\/strong> \u012elipkite \u012f laiv\u0105 vos u\u017e 45 \u20ac vienam asmeniui, o grup\u0117ms ir \u017ei\u016brovams taikomos fantasti\u0161kos kainos. Kokyb\u0117 ir \u012fsp\u016bd\u017eiai u\u017e ne\u012ftik\u0117tin\u0105 kain\u0105!<\/li>\n<li><strong>Klient\u0173 pagyrimai:<\/strong> Gars\u0117jame i\u0161skirtiniu aptarnavimu ir did\u017eiuojam\u0117s puikiais sve\u010di\u0173 atsiliepimais. J\u016bs\u0173 puiki patirtis - m\u016bs\u0173 tikslas!<\/li>\n<li><strong>U\u017esakymo lankstumas:<\/strong> Planai pasikeit\u0117? Nesijaudinkite - at\u0161aukite kelion\u0119 likus ne daugiau kaip 24 valandoms iki kelion\u0117s ir atgaukite vis\u0105 sumok\u0117t\u0105 sum\u0105 pagal m\u016bs\u0173 lanks\u010di\u0105 at\u0161aukimo politik\u0105.<\/li>\n<\/ul>\n<h3><strong>\ud83d\ude80 Skriskite auk\u0161tai su FlyFish Tenerif\u0117<\/strong><\/h3>\n<ul>\n<li><strong>\u012esp\u016bdingi pasiva\u017ein\u0117jimai:<\/strong> Su \"FlyFish\" gal\u0117site paskraidyti vir\u0161 Playa de Las Am\u00e9ricas vanden\u0173, skraidydami ir nardydami su bangomis apie 10 jaudinan\u010di\u0173 minu\u010di\u0173.<\/li>\n<li><strong>Ekspert\u0173 rekomendacijos:<\/strong> M\u016bs\u0173 kvalifikuoti instruktoriai u\u017etikrina saugi\u0105 ir \u012fsimintin\u0105 patirt\u012f, skland\u017eiai vesdami jus nuo prad\u017eios iki pabaigos.<\/li>\n<\/ul>\n<h3><strong>\ud83c\udf1f Daugiau nei tik FlyFish<\/strong><\/h3>\n<ul>\n<li>Ie\u0161kote daugiau? Si\u016blome plat\u0173 asortiment\u0105 <a href=\"https:\/\/canaryvip.com\/lt\/tenerife\/water-sports\/\">vandens pramogos Tenerif\u0117je,<\/a>\u00a0i\u0161 <a href=\"https:\/\/canaryvip.com\/lt\/shop\/jetski-tenerife\/\">slidin\u0117jimas vandens motociklais<\/a> iki plaukiojimo parasparniu, tod\u0117l visada yra k\u0105 i\u0161bandyti.<\/li>\n<li>M\u016bs\u0173 nuotykiai neapsiriboja Tenerife - susipa\u017einkite su m\u016bs\u0173 pasi\u016blymais Gran Kanarijoje, kur rasite dar daugiau vandens pramog\u0173!<\/li>\n<\/ul>\n<h3>\ud83d\udcc5 <strong>U\u017esisakykite savo FlyFish patirt\u012f \u0161iandien<\/strong><\/h3>\n<p>Nepraleiskite \u0161io unikalaus nuotykio. Puikiai tinka adrenalino ie\u0161kotojams ir \u012fsp\u016bd\u017ei\u0173 entuziastams, norintiems pasiplaukioti. U\u017esisakykite pasiplaukiojim\u0105 \"FlyFish\" dabar ir pa\u012fvairinkite savo atostogas Tenerif\u0117je \u012fsp\u016bd\u017eiais.<\/p>\n<h3>\u2705 <strong>Kas \u012fskai\u010diuota \u012f \"FlyFish Ride\" kelion\u0119?<\/strong><\/h3>\n<ul>\n<li>Visa saugos \u012franga ir i\u0161samus instrukta\u017eas prie\u0161 i\u0161vykstant.<\/li>\n<li>10 minu\u010di\u0173 trukm\u0117s \"FlyFish\" pasiva\u017ein\u0117jimas, \u017eadantis pakelti adrenalino lyg\u012f.<\/li>\n<li>Profesionali prie\u017ei\u016bra ir galimyb\u0117 fotografuotis, kad \u012fam\u017eintum\u0117te savo dr\u0105sius \u017eygdarbius (nuotraukas galima \u012fsigyti).<\/li>\n<\/ul>\n<h3><strong>\u2696\ufe0f Patikimos u\u017esakymo ir at\u0161aukimo parinktys<\/strong><\/h3>\n<ul>\n<li><strong>Lengvas u\u017esakymas:<\/strong> Rezervuokite savo viet\u0105 lengvai ir u\u017etikrintai, \u017einodami, kad galite at\u0161aukti savo dalyvavim\u0105 ne v\u0117liau kaip prie\u0161 24 valandas ir atgauti vis\u0105 sumok\u0117t\u0105 sum\u0105.<\/li>\n<li><strong>\u012etrauki patirtis:<\/strong> Laukiame vis\u0173 - nuo \u012fsp\u016bd\u017ei\u0173 ie\u0161kan\u010di\u0173 pavieni\u0173 keliautoj\u0173 iki grupi\u0173, ie\u0161kan\u010di\u0173 \u012fdomios i\u0161vykos. Prane\u0161kite mums apie savo pageidavimus ir mes pritaikysime jums kelion\u0119.<\/li>\n<\/ul>\n<h3><strong>\ud83c\udf92 Pasiruo\u0161imas muselin\u0117s \u017evejybos nuotykiui<\/strong><\/h3>\n<ul>\n<li><strong>Pasiruo\u0161kite su\u0161lapti:<\/strong> D\u0117v\u0117kite maudymosi kostium\u0117l\u012f, pasiimkite rank\u0161luost\u012f ir naudokite apsaugin\u012f krem\u0105 nuo saul\u0117s. Tai bus \u012fsp\u016bdingas pasiva\u017ein\u0117jimas!<\/li>\n<li><strong>Fotoaparato pagrindai:<\/strong> Su savimi tur\u0117kite vandeniui atspar\u0173 fotoaparat\u0105 arba telefon\u0105 su apsauginiu d\u0117klu, kad gal\u0117tum\u0117te \u012fam\u017einti \"FlyFish\" akimirkas. Tur\u0117kite laisvas rankas, kad gal\u0117tum\u0117te pamojuoti ir tvirtai laikytis!<\/li>\n<li><strong>Prieinamumas:<\/strong> \u0160is u\u017esi\u0117mimas puikiai tinka visiems nuo 10 iki 65 met\u0173 am\u017eiaus. Atkreipkite d\u0117mes\u012f, kad \u0161is u\u017esi\u0117mimas netinka n\u0117\u0161\u010dioms moterims ir tiems, kurie nesijau\u010dia gerai vandenyje.<\/li>\n<\/ul>\n<h3>\u2753 <strong>Da\u017enai u\u017eduodami klausimai<\/strong><\/h3>\n<ul>\n<li><strong>Kas gali dalyvauti \"FlyFish Tenerife\"?<\/strong> Kvie\u010diame nuotyki\u0173 ie\u0161kotojus nuo 10 iki 65 met\u0173! Saugumo sumetimais b\u016btina tur\u0117ti pagrindinius plaukimo \u012fg\u016bd\u017eius.<\/li>\n<li><strong>Kaip saugu naudoti \"FlyFish\"?<\/strong> Saugumas yra m\u016bs\u0173 prioritetas. Visi dalyviai apr\u016bpinami gelb\u0117jimosi liemen\u0117mis, o m\u016bs\u0173 patyrusi komanda pasir\u016bpins, kad plaukimas b\u016bt\u0173 saugus ir malonus.<\/li>\n<\/ul>\n<h4><strong>\ud83c\udf1e Pasiruo\u0161\u0119 pasipuikuoti?<\/strong><\/h4>\n<p>Patirkite jaudinan\u010di\u0105 FlyFish patirt\u012f Tenerif\u0117je su <strong>CanaryVIP.<\/strong> U\u017esisakykite savo nuotyk\u012f \u0161iandien ir pasiruo\u0161kite nepamir\u0161tamam pasiva\u017ein\u0117jimui dideliu grei\u010diu vir\u0161 vandenyno pavir\u0161iaus!<\/p>","protected":false},"excerpt":{"rendered":"<p>\ud83d\udd0d <strong>FlyFish Tenerif\u0117:<\/strong><br \/>\n\u2705 Saugus mok\u0117jimas.<br \/>\n\ud83d\udc65 Vieno va\u017eiavimo metu gali va\u017eiuoti iki 3 keleivi\u0173.<br \/>\n\ud83d\ude80 Kelion\u0117s trunka apie 10 minu\u010di\u0173.<br \/>\n\ud83c\udfde\ufe0f Greitas vandens veiksmas.<br \/>\n\ud83d\udd59 Galimyb\u0117 naudotis vis\u0105 dien\u0105.<br \/>\n\ud83d\udcc5 Pasiva\u017ein\u0117jimai galimi kasdien.<br \/>\n\ud83e\udd11 Garantuojama geriausia kaina.<br \/>\n\ud83d\udc6a Nuolaidos grup\u0117ms.<br \/>\n\ud83d\udd01 24 val. at\u0161aukimo politika.<br \/>\n\ud83c\udf0d Daugiakalbis palaikymas.<br \/>\n\ud83c\udf1f Rezervuokite i\u0161 anksto, kad sutaupytum\u0117te.<br \/>\n\ud83d\udccd I\u0161vykimas i\u0161 <a href=\"https:\/\/maps.app.goo.gl\/bkqEhAxsobcjz9wG9\">Puerto Col\u00f3n.<\/a><\/p>","protected":false},"featured_media":11317,"comment_status":"open","ping_status":"closed","template":"","meta":{"_acf_changed":false},"product_brand":[],"product_cat":[53],"product_tag":[],"class_list":{"0":"post-11303","1":"product","2":"type-product","3":"status-publish","4":"has-post-thumbnail","6":"product_cat-water-sports","7":"wcpa_has_options","9":"first","10":"instock","11":"virtual","12":"purchasable","13":"product-type-simple"},"acf":[],"wcpa_form_fields":{"wcpaData":{"product":{"product_price":18,"price_html":"From&nbsp;<span class=\"woocommerce-Price-amount amount\"><bdi>18,00&nbsp;<span class=\"woocommerce-Price-currencySymbol\">&euro;<\/span><\/bdi><\/span>","original_product_price":18,"price_including_tax":18,"price_excluding_tax":18,"product_id":{"parent":11303,"variation":false},"is_variable":false,"stock_status":"instock","stock_quantity":null,"parent_sku":"CV11303","product_attributes":[],"custom_fields":[],"is_taxable":false,"product_name":"FlyFish Tenerife","hasImage":false},"fields":{"sec_7661f1665d94fb":{"extra":{"key":"sec_7661f1665d94fb","section_id":"sec_7661f1665d94fb","name":"Default","status":1,"cl_rule":"show","enableCl":false,"relations":[],"toggle":true,"title_tag":"h3","show_title":false,"showPrice":"default","form_id":11314,"form_rules":{"exclude_from_discount":true,"fee_label":"Fee","disp_hide_options_price":true,"disp_show_section_price":false,"disp_show_field_price":true,"layout_option":"standard","pric_use_as_fee":false,"process_fee_as":"woo_fee"},"layout_option":"standard"},"fields":[[{"label":"\ud83d\udcc5 Date","active":true,"required":true,"elementId":"date_3661f1665d951b","picker_type":"custom","picker_mode":"single","placeholder":"","description":"","tooltip":"","name":"date_3661f1665d951b","label_position":"default","desc_position":"default","enablePrice":false,"className":"","enableCl":false,"relations":[{"operator":"and","rules":[{"operator":"AND","rules":{"cl_field":"radio-group_5661bc90f5e8f5","cl_relation":"is_not_empty","cl_val":"3 Hour Trip"}}]}],"date_pic_inline":true,"date_pic_inline_hide":true,"min_date":{"type":"days","val":"1"},"max_date":{"type":"days","val":"365"},"date_pic_conf":{"disabledWeeks":[]},"price":"","cl_rule":"show","col":6,"type":"date","error":false,"enableDesign":false,"LabelColor":"","gt_translate_keys":["label","placeholder","description","tooltip"],"price_dependency":false,"cl_dependency":false,"value":""}],[{"active":true,"col":6,"relations":false,"cl_rule":"show","enableCl":false,"price":"","enablePrice":false,"className":"","label_position":"default","desc_position":"default","type":"select","required":true,"elementId":"select_3477053266","label":"\u23f0 Departure Time","name":"select_3477053266","values":[{"label":"Whichever Time is Best","value":"Whichever Time is Best","selected":false,"tempId":"aco_312","gt_translate_keys":["label"]},{"label":"10:30","value":"10:30","selected":false,"tempId":"aco_313","gt_translate_keys":["label"]},{"label":"11:30","value":"11:30","selected":false,"tempId":"aco_314","gt_translate_keys":["label"]},{"label":"12:30 ","value":"12:30","selected":false,"tempId":"aco_711","gt_translate_keys":["label"]},{"label":"13:30","value":"13:30","selected":false,"tempId":"aco_721","gt_translate_keys":["label"]},{"label":"14:30","value":"14:30","selected":false,"tempId":"aco_983","gt_translate_keys":["label"]},{"label":"15:30","value":"15:30","selected":false,"tempId":"aco_993","gt_translate_keys":["label"]},{"label":"16:30","value":"16:30","selected":false,"tempId":"aco_1183","gt_translate_keys":["label"]}],"dropdown_type":"basic","error":false,"multiple":false,"placeholder":"None","gt_translate_keys":["label","placeholder"],"price_dependency":false,"cl_dependency":false,"value":""}],[{"active":true,"col":6,"relations":[{"operator":false,"rules":[{"operator":"AND","rules":{"cl_field":"","cl_relation":"","cl_val":""}}]}],"cl_rule":"show","enableCl":true,"price":"18","enablePrice":true,"className":"","label_position":"default","desc_position":"default","type":"radio-group","required":false,"elementId":"radio-group_0661f1665d9537","label":"","name":"radio-group_0661f1665d9537","values":[{"label":"\ud83d\udc64 People (18\u20ac)","value":"People","selected":true,"tempId":"aco_32","tooltip":"","description":"","gt_translate_keys":["label","tooltip","description"]}],"layOut":"","error":false,"checkUi":"button","priceOptions":"fixed_for_all","pricingType":"fixed","enable_quantity":true,"quantity_label":"","min_quantity":"0","options_tooltip":true,"options_description":true,"is_show_price":true,"gt_translate_keys":["label","quantity_label"],"price_dependency":["content_2802764779","content-8155931385","content-8167489432"],"cl_dependency":false,"value":""}],[{"active":true,"col":6,"relations":false,"cl_rule":"show","enableCl":false,"price":"","enablePrice":false,"className":"","label_position":"default","desc_position":"default","type":"separator","required":false,"elementId":"separator_2804989181","label":"Separator Field","height":"6","separatorType":"fill","error":false,"separatorColor":"#66a5b6","gt_translate_keys":["label"],"price_dependency":false,"cl_dependency":false,"value":""}],[{"active":true,"col":6,"relations":false,"cl_rule":"show","enableCl":false,"price":"{field.radio-group_0661f1665d9537.price}*0.30","enablePrice":true,"className":"","label_position":"default","desc_position":"default","type":"content","required":false,"elementId":"content_2802764779","label":"Deposit Now","name":"content_2802764779","contentType":"plain","value":"","error":false,"subtype":"div","inline":true,"show_in_checkout":true,"pricingType":"custom","isTemplate":false,"gt_translate_keys":["label","value"],"price_dependency":false,"cl_dependency":false}],[{"contentType":"plain","active":true,"label":"Payment at Arrival","elementId":"content-8155931385","value":"","inline":true,"show_in_checkout":true,"name":"content-8155931385","enablePrice":true,"className":"","subtype":"div","enableCl":false,"relations":false,"pricingType":"custom","isTemplate":false,"price":"{field.radio-group_0661f1665d9537.price}*0.70","is_show_price":true,"cl_rule":"show","col":6,"type":"content","error":false,"gt_translate_keys":["label","value"],"price_dependency":false,"cl_dependency":false}],[{"contentType":"plain","active":true,"label":"Total Price","elementId":"content-8167489432","value":"","inline":true,"show_in_checkout":true,"name":"content-8167489432","enablePrice":true,"className":"","subtype":"div","enableCl":false,"relations":false,"pricingType":"custom","isTemplate":false,"price":"{field.radio-group_0661f1665d9537.price}","is_show_price":true,"cl_rule":"show","col":6,"type":"content","error":false,"gt_translate_keys":["label","value"],"price_dependency":false,"cl_dependency":false}]]}},"config":{"price_override":"always","enable_recaptcha":false,"bind_quantity":false,"quantity_bind_formula":false,"disp_summ_show_option_price":true,"disp_summ_show_product_price":false,"disp_summ_show_total_price":true,"disp_summ_show_fee":true,"disp_summ_show_discount":true,"summary_title":"","options_total_label":"Options Price","total_label":"Total Amount","options_product_label":"Product Price","fee_label":"Fee","discount_label":"Discount","has_price":true,"has_quantity_formula":false},"mc_unit":1,"tax_rate":1,"tax_rate_real":1,"discount":{"percentage":0,"fixed":0},"design":{"conf":{"LabelPosition":"above","DescPosition":"above","UploadField":"custom_1","QuantityFieldStyle":"custom_1"},"css":{"LeftLabelWidth":"120px"}},"formulas":[],"lookuptables":[],"clones":false,"cartKey":false}},"_links":{"self":[{"href":"https:\/\/canaryvip.com\/lt\/wp-json\/wp\/v2\/product\/11303","targetHints":{"allow":["GET"]}}],"collection":[{"href":"https:\/\/canaryvip.com\/lt\/wp-json\/wp\/v2\/product"}],"about":[{"href":"https:\/\/canaryvip.com\/lt\/wp-json\/wp\/v2\/types\/product"}],"replies":[{"embeddable":true,"href":"https:\/\/canaryvip.com\/lt\/wp-json\/wp\/v2\/comments?post=11303"}],"wp:featuredmedia":[{"embeddable":true,"href":"https:\/\/canaryvip.com\/lt\/wp-json\/wp\/v2\/media\/11317"}],"wp:attachment":[{"href":"https:\/\/canaryvip.com\/lt\/wp-json\/wp\/v2\/media?parent=11303"}],"wp:term":[{"taxonomy":"product_brand","embeddable":true,"href":"https:\/\/canaryvip.com\/lt\/wp-json\/wp\/v2\/product_brand?post=11303"},{"taxonomy":"product_cat","embeddable":true,"href":"https:\/\/canaryvip.com\/lt\/wp-json\/wp\/v2\/product_cat?post=11303"},{"taxonomy":"product_tag","embeddable":true,"href":"https:\/\/canaryvip.com\/lt\/wp-json\/wp\/v2\/product_tag?post=11303"}],"curies":[{"name":"wp","href":"https:\/\/api.w.org\/{rel}","templated":true}]}}